{"id":12911,"date":"2025-07-14T13:50:19","date_gmt":"2025-07-14T11:50:19","guid":{"rendered":"https:\/\/strangercam.com\/?page_id=12911"},"modified":"2025-07-14T13:50:34","modified_gmt":"2025-07-14T11:50:34","slug":"onlinefreechat","status":"publish","type":"page","link":"https:\/\/strangercam.com\/es\/onlinefreechat\/","title":{"rendered":"En l\u00edneaFreeChat"},"content":{"rendered":"<p>En una era digital dominada por las redes sociales y las aplicaciones de mensajer\u00eda instant\u00e1nea, los <a href=\"https:\/\/strangercam.com\/es\/chatroulette\/\">chat<\/a> han vuelto con fuerza. A la cabeza de este renacimiento se encuentra OnlineFreeChat, una moderna plataforma de chat dedicada a salas de chat en directo gratuitas y de f\u00e1cil acceso para cualquiera que busque <a href=\"https:\/\/strangercam.com\/es\/coomeet\/\">conozca<\/a> conocer gente nueva, hacer amigos o disfrutar de conversaciones espont\u00e1neas en l\u00ednea, sin necesidad de registrarse ni descargar nada.<\/p>\n<p>Pero, \u00bfen qu\u00e9 se diferencia OnlineFreeChat de la competencia? \u00bfEs realmente gratis, es seguro y para qui\u00e9n es mejor? En este an\u00e1lisis detallado, exploramos las caracter\u00edsticas, la experiencia de usuario y la comunidad de OnlineFreeChat, para que puedas decidir si es el lugar adecuado para iniciar tu pr\u00f3xima conversaci\u00f3n en l\u00ednea.<\/p>\n<h2>\u00bfQu\u00e9 es OnlineFreeChat?<\/h2>\n<p>OnlineFreeChat es una plataforma de chat basada en navegador que ofrece una amplia selecci\u00f3n de salas de chat en directo tem\u00e1ticas y opciones de chat personalizadas. A diferencia de muchas aplicaciones modernas que requieren registrarse o instalar una aplicaci\u00f3n, OnlineFreeChat ofrece acceso instant\u00e1neo: basta con visitar el sitio, elegir una sala y empezar a chatear con gente de todo el mundo.<\/p>\n<p>La plataforma se remonta a la \u00e9poca dorada de las salas de chat cl\u00e1sicas, pero actualiza la experiencia para 2025 con una interfaz moderna y limpia y un enfoque en la seguridad y la facilidad de uso. Tanto si quieres unirte a una concurrida sala p\u00fablica como iniciar un chat privado, OnlineFreeChat te lo pone f\u00e1cil y accesible.<\/p>\n<h2>\u00bfPara qu\u00e9 sirve OnlineFreeChat?<\/h2>\n<p>OnlineFreeChat pretende revivir y modernizar la experiencia de las salas de chat abiertas, creando un espacio en el que cualquiera pueda participar en conversaciones sobre diversos temas, hacer amigos y disfrutar de la interacci\u00f3n en directo sin barreras.<\/p>\n<p>Los principales objetivos son:<\/p>\n<ul>\n<li>Conecte a personas de todo el mundo en salas de chat de grupo en tiempo real<\/li>\n<li>Ofrecer espacios seguros y moderados para conversar y socializar<\/li>\n<li>Permitir experiencias de chat instant\u00e1neas y sin registro para todos los usuarios<\/li>\n<li>Proporcionar una alternativa flexible a las redes sociales y la mensajer\u00eda instant\u00e1nea<\/li>\n<\/ul>\n<p>Tanto si buscas chatear sobre aficiones, la vida, relaciones, viajes o simplemente quieres divertirte y conocer gente nueva, OnlineFreeChat te ofrece una forma sencilla y acogedora de hacerlo.<\/p>\n<h2>Caracter\u00edsticas principales<\/h2>\n<p>1. Salas de chat p\u00fablicas en directo<br \/>\nLa caracter\u00edstica principal de OnlineFreeChat es su gama de salas de chat en grupo en directo. Estas salas est\u00e1n organizadas por temas o intereses, como chat general, amistad, juegos, chat local, m\u00fasica y mucho m\u00e1s. Los usuarios pueden unirse a cualquier sala, participar en conversaciones en curso o simplemente observar hasta que est\u00e9n listos para unirse.<\/p>\n<p>2. Chats privados uno a uno<br \/>\nAdem\u00e1s de las salas p\u00fablicas, los usuarios pueden iniciar conversaciones privadas con otros miembros. Esta funci\u00f3n permite una interacci\u00f3n m\u00e1s personal y pasar de las conversaciones en grupo a los chats directos sin problemas.<\/p>\n<p>3. No es necesario registrarse<br \/>\nUno de los aspectos m\u00e1s atractivos de OnlineFreeChat es que puedes empezar a chatear sin crear una cuenta. Elige un apodo, selecciona una sala y ya formas parte de la conversaci\u00f3n.<\/p>\n<p>4. Compatibilidad multidispositivo<br \/>\nLa plataforma funciona sin problemas tanto en navegadores de escritorio como m\u00f3viles. El dise\u00f1o responsivo garantiza que puedas participar en las salas de chat desde tu tel\u00e9fono, tableta o port\u00e1til sin necesidad de instalar nada.<\/p>\n<p>5. Interfaz moderna y f\u00e1cil de usar<br \/>\nOnlineFreeChat cuenta con una interfaz sencilla y f\u00e1cil de usar. Los mensajes son claros, las salas de chat son f\u00e1ciles de navegar y los controles para silenciar, bloquear o denunciar usuarios est\u00e1n siempre accesibles.<\/p>\n<p>6. Herramientas de moderaci\u00f3n y seguridad de los usuarios<br \/>\nEl sitio emplea moderadores y funciones de denuncia para ayudar a mantener un entorno positivo. Los usuarios pueden bloquear o denunciar r\u00e1pidamente a cualquiera que infrinja las normas del chat, lo que ayuda a mantener conversaciones respetuosas y agradables.<\/p>\n<p>7. Amplia gama de temas de chat<br \/>\nCon docenas de salas tem\u00e1ticas y actualizaciones peri\u00f3dicas, encontrar\u00e1s espacios dedicados a casi todos los temas, lo que facilita encontrar compa\u00f1eros de chat afines o descubrir nuevos intereses.<\/p>\n<h2>\u00bfEs gratis OnlineFreeChat?<\/h2>\n<p>S\u00ed, OnlineFreeChat es 100% de uso gratuito. Todas las funciones principales, como entrar en salas p\u00fablicas, enviar mensajes privados y utilizar herramientas de seguridad, son accesibles sin pagar. Las hay:<\/p>\n<ul>\n<li>Sin cuotas de suscripci\u00f3n<\/li>\n<li>Sin cuentas premium<\/li>\n<li>Sin costes ocultos<\/li>\n<\/ul>\n<p>Puede haber algo de publicidad ligera para apoyar la plataforma, pero no es intrusiva y no afecta a la experiencia de chat.<\/p>\n<h2>\u00bfQui\u00e9n utiliza OnlineFreeChat?<\/h2>\n<p>OnlineFreeChat atrae a un p\u00fablico internacional muy diverso. Entre los usuarios figuran:<\/p>\n<ul>\n<li>Adultos de todas las edades, normalmente entre 18 y 40 a\u00f1os<\/li>\n<li>Personas de Am\u00e9rica del Norte, Europa, India, Sudeste Asi\u00e1tico y Am\u00e9rica Latina<\/li>\n<li>Estudiantes, profesionales, viajeros y cualquiera que busque una conversaci\u00f3n casual en l\u00ednea.<\/li>\n<\/ul>\n<p>Las razones m\u00e1s comunes por las que la gente utiliza OnlineFreeChat incluyen:<\/p>\n<ul>\n<li>Hacer nuevos amigos o ampliar su c\u00edrculo social<\/li>\n<li>Pasar el tiempo y escapar del aburrimiento<\/li>\n<li>Hablar de aficiones, m\u00fasica, pel\u00edculas y vida cotidiana<\/li>\n<li>Buscar consejo amistoso o compartir experiencias en un grupo de apoyo<\/li>\n<\/ul>\n<p>La variedad de salas de chat de la plataforma garantiza que todo el mundo -desde los t\u00edmidos reci\u00e9n llegados hasta los chateadores experimentados- pueda encontrar un espacio en el que se sienta c\u00f3modo.<\/p>\n<h2>Seguridad, privacidad y moderaci\u00f3n<\/h2>\n<p>OnlineFreeChat se compromete a proporcionar un entorno seguro y respetuoso para todos los usuarios. A continuaci\u00f3n te explicamos c\u00f3mo protege tu privacidad y apoya la seguridad de los usuarios:<\/p>\n<h3>Privacidad<\/h3>\n<ul>\n<li>No es necesario registrarse ni facilitar datos personales<\/li>\n<li>Los usuarios eligen apodos; los nombres reales no son necesarios<\/li>\n<li>Los chats no se archivan p\u00fablicamente ni permiten b\u00fasquedas<\/li>\n<\/ul>\n<h3>Moderaci\u00f3n<\/h3>\n<ul>\n<li>Moderadores humanos activos supervisan las salas m\u00e1s concurridas<\/li>\n<li>Las funciones de notificaci\u00f3n y bloqueo en la habitaci\u00f3n est\u00e1n disponibles 24 horas al d\u00eda, 7 d\u00edas a la semana<\/li>\n<li>Las directrices proh\u00edben el acoso, el spam y las conductas inapropiadas<\/li>\n<li>Los reincidentes son expulsados de la plataforma<\/li>\n<\/ul>\n<h3>Control de usuarios<\/h3>\n<ul>\n<li>Bloquea o silencia instant\u00e1neamente a los usuarios que interrumpan el chat<\/li>\n<li>Elija permanecer en salas p\u00fablicas o pasar a conversaciones privadas<\/li>\n<li>Cambia de apodo o de sala en cualquier momento<\/li>\n<\/ul>\n<p>Aunque ninguna sala de chat abierta puede garantizar una experiencia perfecta, la combinaci\u00f3n de moderaci\u00f3n y herramientas de usuario de OnlineFreeChat la hace m\u00e1s segura que la mayor\u00eda de las plataformas de chat cl\u00e1sicas.<\/p>\n<h2>Experiencia de usuario y dise\u00f1o<\/h2>\n<p>OnlineFreeChat est\u00e1 dise\u00f1ado para chatear de forma r\u00e1pida y sin fricciones:<\/p>\n<ul>\n<li>La p\u00e1gina de inicio se carga r\u00e1pidamente con categor\u00edas claras<\/li>\n<li>\u00danete a una sala con un solo clic y salta directamente a la conversaci\u00f3n<\/li>\n<li>Los mensajes aparecen al instante, sin retrasos, incluso en salas muy concurridas.<\/li>\n<li>El dise\u00f1o para m\u00f3viles se adapta a las pantallas m\u00e1s peque\u00f1as para chatear sobre la marcha<\/li>\n<li>Los controles de notificaciones, bloqueos e informes son intuitivos.<\/li>\n<\/ul>\n<p>El dise\u00f1o del sitio hace hincapi\u00e9 en la comunidad y la accesibilidad, facilitando la participaci\u00f3n de cualquiera, independientemente de su experiencia tecnol\u00f3gica.<\/p>\n<h2>OnlineFreeChat vs Otras Plataformas de Salas de Chat<\/h2>\n<p>\u00bfC\u00f3mo se compara OnlineFreeChat con otros sitios web l\u00edderes de salas de chat en directo?<\/p>\n<table>\n<thead>\n<tr>\n<th>Caracter\u00edstica<\/th>\n<th>En l\u00edneaFreeChat<\/th>\n<th><a href=\"https:\/\/strangercam.com\/es\/chat-avenue\/\">Chat Avenue<\/a><\/th>\n<th>Chatib<\/th>\n<th><a href=\"https:\/\/strangercam.com\/es\/chatzy\/\">Chatzy<\/a><\/th>\n<th>Wireclub<\/th>\n<\/tr>\n<\/thead>\n<tbody>\n<tr>\n<td>Acceso gratuito<\/td>\n<td>S\u00ed<\/td>\n<td>S\u00ed<\/td>\n<td>S\u00ed<\/td>\n<td>S\u00ed<\/td>\n<td>S\u00ed<\/td>\n<\/tr>\n<tr>\n<td>No es necesario registrarse<\/td>\n<td>S\u00ed<\/td>\n<td>No<\/td>\n<td>S\u00ed<\/td>\n<td>S\u00ed<\/td>\n<td>No<\/td>\n<\/tr>\n<tr>\n<td>Salas de chat tem\u00e1ticas<\/td>\n<td>S\u00ed<\/td>\n<td>S\u00ed<\/td>\n<td>S\u00ed<\/td>\n<td>No<\/td>\n<td>S\u00ed<\/td>\n<\/tr>\n<tr>\n<td>Mensajer\u00eda privada<\/td>\n<td>S\u00ed<\/td>\n<td>S\u00ed<\/td>\n<td>S\u00ed<\/td>\n<td>S\u00ed<\/td>\n<td>S\u00ed<\/td>\n<\/tr>\n<tr>\n<td>Asistencia m\u00f3vil<\/td>\n<td>Excelente<\/td>\n<td>Bien<\/td>\n<td>Bien<\/td>\n<td>Bien<\/td>\n<td>Bien<\/td>\n<\/tr>\n<tr>\n<td>Herramientas de moderaci\u00f3n<\/td>\n<td>Fuerte<\/td>\n<td>Moderado<\/td>\n<td>Moderado<\/td>\n<td>Moderado<\/td>\n<td>Fuerte<\/td>\n<\/tr>\n<tr>\n<td>Anuncios<\/td>\n<td>M\u00ednimo<\/td>\n<td>S\u00ed<\/td>\n<td>S\u00ed<\/td>\n<td>M\u00ednimo<\/td>\n<td>S\u00ed<\/td>\n<\/tr>\n<\/tbody>\n<\/table>\n<p>Resumen: OnlineFreeChat destaca por su interfaz limpia, acceso instant\u00e1neo y gran variedad de salas de chat tem\u00e1ticas. Iguala o supera a sus competidores en seguridad para el usuario y compatibilidad m\u00f3vil, con la ventaja a\u00f1adida de que no es necesario registrarse.<\/p>\n<h2>Ventajas e inconvenientes<\/h2>\n<p>Pros:<\/p>\n<ul>\n<li>100% gratis con acceso instant\u00e1neo<\/li>\n<li>No es necesario registrarse ni descargar nada<\/li>\n<li>Gran variedad de salas de chat tem\u00e1ticas en directo<\/li>\n<li>F\u00e1cil de usar tanto en ordenadores como en m\u00f3viles<\/li>\n<li>Moderaci\u00f3n activa y herramientas de elaboraci\u00f3n de informes f\u00e1ciles de usar<\/li>\n<li>Opciones de chat privado para conversaciones individuales<\/li>\n<\/ul>\n<p>Contras:<\/p>\n<ul>\n<li>No hay videochat ni <a href=\"https:\/\/strangercam.com\/es\/bazoocam\/\">leva<\/a> funciones (s\u00f3lo texto)<\/li>\n<li>Algunos usuarios pueden desconectarse o abandonar las salas r\u00e1pidamente<\/li>\n<li>Usuarios disruptivos ocasionales, a pesar de la moderaci\u00f3n<\/li>\n<li>Sin perfiles de larga duraci\u00f3n ni listas de amigos<\/li>\n<\/ul>\n<h2>Casos de uso ideales<\/h2>\n<p>OnlineFreeChat es perfecto para:<\/p>\n<ul>\n<li>Cualquiera que busque una forma segura, gratuita y sencilla de chatear en l\u00ednea<\/li>\n<li>Usuarios a los que les gustan los debates tem\u00e1ticos en grupo o conocer gente nueva<\/li>\n<li>Personas que buscan alternativas a las redes sociales y las aplicaciones de mensajer\u00eda instant\u00e1nea<\/li>\n<li>Viajeros, expatriados y estudiantes de idiomas que desean interactuar en tiempo real<\/li>\n<li>Personas que prefieren el anonimato y la privacidad en las conversaciones en l\u00ednea<\/li>\n<\/ul>\n<p>Puede ser menos ideal para:<\/p>\n<ul>\n<li>Los que buscan espec\u00edficamente experiencias de videochat<\/li>\n<li>Usuarios menores de 18 a\u00f1os (la plataforma es para adultos)<\/li>\n<li>Personas que buscan funciones avanzadas de citas o emparejamiento<\/li>\n<\/ul>\n<h2>Veredicto final<\/h2>\n<p>OnlineFreeChat es una de las mejores plataformas de salas de chat en vivo disponibles en 2025, que combina la accesibilidad de las salas de chat cl\u00e1sicas con modernas caracter\u00edsticas de seguridad y facilidad de uso. Su acceso instant\u00e1neo, su amplia gama de temas y su entorno amigable y moderado la convierten en la mejor opci\u00f3n para cualquiera que busque chatear, hacer amigos o simplemente divertirse en l\u00ednea.<\/p>\n<p>Si buscas una forma sencilla, segura y realmente gratuita de conectar con otras personas de todo el mundo, merece la pena probar OnlineFreeChat, tanto si quieres un animado chat de grupo como una tranquila conversaci\u00f3n privada.<\/p>","protected":false},"excerpt":{"rendered":"<p>In a digital age dominated by social networks and instant messaging apps, traditional chat rooms have made a surprising comeback. Leading this renaissance is OnlineFreeChat, a modern chat platform dedicated to free, easy-to-access live chat rooms for anyone looking to meet new people, make friends, or enjoy spontaneous online conversations\u2014without registration or downloads. But how [&hellip;]<\/p>\n","protected":false},"author":6,"featured_media":0,"parent":0,"menu_order":0,"comment_status":"closed","ping_status":"closed","template":"","meta":{"footnotes":""},"class_list":["post-12911","page","type-page","status-publish","hentry"],"yoast_head":"<!-- This site is optimized with the Yoast SEO plugin v27.4 - https:\/\/yoast.com\/product\/yoast-seo-wordpress\/ -->\n<title>OnlineFreeChat - Live Online Chat Rooms on StrangerCam.com<\/title>\n<meta name=\"description\" content=\"Like OnlineFreeChat? Come chat with more than 5.000.000 strangers on Stranger Cam for Free! Turn on your cam and find new friends &amp; maby a match!\" \/>\n<meta name=\"robots\" content=\"index, follow, max-snippet:-1, max-image-preview:large, max-video-preview:-1\" \/>\n<link rel=\"canonical\" href=\"https:\/\/strangercam.com\/es\/onlinefreechat\/\" \/>\n<meta property=\"og:locale\" content=\"es_ES\" \/>\n<meta property=\"og:type\" content=\"article\" \/>\n<meta property=\"og:title\" content=\"OnlineFreeChat - Live Online Chat Rooms on StrangerCam.com\" \/>\n<meta property=\"og:description\" content=\"Like OnlineFreeChat? Come chat with more than 5.000.000 strangers on Stranger Cam for Free! Turn on your cam and find new friends &amp; maby a match!\" \/>\n<meta property=\"og:url\" content=\"https:\/\/strangercam.com\/es\/onlinefreechat\/\" \/>\n<meta property=\"og:site_name\" content=\"Strangercam\" \/>\n<meta property=\"article:publisher\" content=\"https:\/\/www.facebook.com\/strangercam\" \/>\n<meta property=\"article:modified_time\" content=\"2025-07-14T11:50:34+00:00\" \/>\n<meta property=\"og:image\" content=\"https:\/\/strangercam.com\/wp-content\/uploads\/2021\/10\/Untitled-2.png\" \/>\n\t<meta property=\"og:image:width\" content=\"800\" \/>\n\t<meta property=\"og:image:height\" content=\"532\" \/>\n\t<meta property=\"og:image:type\" content=\"image\/png\" \/>\n<meta name=\"twitter:card\" content=\"summary_large_image\" \/>\n<meta name=\"twitter:site\" content=\"@strangercamapp\" \/>\n<meta name=\"twitter:label1\" content=\"Tiempo de lectura\" \/>\n\t<meta name=\"twitter:data1\" content=\"6 minutos\" \/>\n<script type=\"application\/ld+json\" class=\"yoast-schema-graph\">{\"@context\":\"https:\\\/\\\/schema.org\",\"@graph\":[{\"@type\":\"WebPage\",\"@id\":\"https:\\\/\\\/strangercam.com\\\/onlinefreechat\\\/\",\"url\":\"https:\\\/\\\/strangercam.com\\\/onlinefreechat\\\/\",\"name\":\"OnlineFreeChat - Live Online Chat Rooms on StrangerCam.com\",\"isPartOf\":{\"@id\":\"https:\\\/\\\/strangercam.com\\\/#website\"},\"datePublished\":\"2025-07-14T11:50:19+00:00\",\"dateModified\":\"2025-07-14T11:50:34+00:00\",\"description\":\"Like OnlineFreeChat? Come chat with more than 5.000.000 strangers on Stranger Cam for Free! Turn on your cam and find new friends & maby a match!\",\"breadcrumb\":{\"@id\":\"https:\\\/\\\/strangercam.com\\\/onlinefreechat\\\/#breadcrumb\"},\"inLanguage\":\"es\",\"potentialAction\":[{\"@type\":\"ReadAction\",\"target\":[\"https:\\\/\\\/strangercam.com\\\/onlinefreechat\\\/\"]}]},{\"@type\":\"BreadcrumbList\",\"@id\":\"https:\\\/\\\/strangercam.com\\\/onlinefreechat\\\/#breadcrumb\",\"itemListElement\":[{\"@type\":\"ListItem\",\"position\":1,\"name\":\"Home\",\"item\":\"https:\\\/\\\/strangercam.com\\\/\"},{\"@type\":\"ListItem\",\"position\":2,\"name\":\"OnlineFreeChat\"}]},{\"@type\":\"WebSite\",\"@id\":\"https:\\\/\\\/strangercam.com\\\/#website\",\"url\":\"https:\\\/\\\/strangercam.com\\\/\",\"name\":\"Strangercam\",\"description\":\"Random Video Chat with Strangers\",\"publisher\":{\"@id\":\"https:\\\/\\\/strangercam.com\\\/#organization\"},\"alternateName\":\"Strangercam.com\",\"potentialAction\":[{\"@type\":\"SearchAction\",\"target\":{\"@type\":\"EntryPoint\",\"urlTemplate\":\"https:\\\/\\\/strangercam.com\\\/?s={search_term_string}\"},\"query-input\":{\"@type\":\"PropertyValueSpecification\",\"valueRequired\":true,\"valueName\":\"search_term_string\"}}],\"inLanguage\":\"es\"},{\"@type\":\"Organization\",\"@id\":\"https:\\\/\\\/strangercam.com\\\/#organization\",\"name\":\"Strangercam\",\"alternateName\":\"Strangercam.com\",\"url\":\"https:\\\/\\\/strangercam.com\\\/\",\"logo\":{\"@type\":\"ImageObject\",\"inLanguage\":\"es\",\"@id\":\"https:\\\/\\\/strangercam.com\\\/#\\\/schema\\\/logo\\\/image\\\/\",\"url\":\"https:\\\/\\\/strangercam.com\\\/wp-content\\\/uploads\\\/2020\\\/11\\\/cropped-new-favicon-black.png\",\"contentUrl\":\"https:\\\/\\\/strangercam.com\\\/wp-content\\\/uploads\\\/2020\\\/11\\\/cropped-new-favicon-black.png\",\"width\":512,\"height\":512,\"caption\":\"Strangercam\"},\"image\":{\"@id\":\"https:\\\/\\\/strangercam.com\\\/#\\\/schema\\\/logo\\\/image\\\/\"},\"sameAs\":[\"https:\\\/\\\/www.facebook.com\\\/strangercam\",\"https:\\\/\\\/x.com\\\/strangercamapp\"]}]}<\/script>\n<!-- \/ Yoast SEO plugin. -->","yoast_head_json":{"title":"OnlineFreeChat - Salas de chat en vivo por Internet en StrangerCam.com","description":"\u00bfTe gusta OnlineFreeChat? \u00a1Ven a chatear gratis con m\u00e1s de 5.000.000 de desconocidos en Stranger Cam! \u00a1Enciende tu c\u00e1mara y encuentra nuevos amigos y tal vez una pareja!","robots":{"index":"index","follow":"follow","max-snippet":"max-snippet:-1","max-image-preview":"max-image-preview:large","max-video-preview":"max-video-preview:-1"},"canonical":"https:\/\/strangercam.com\/es\/onlinefreechat\/","og_locale":"es_ES","og_type":"article","og_title":"OnlineFreeChat - Live Online Chat Rooms on StrangerCam.com","og_description":"Like OnlineFreeChat? Come chat with more than 5.000.000 strangers on Stranger Cam for Free! Turn on your cam and find new friends & maby a match!","og_url":"https:\/\/strangercam.com\/es\/onlinefreechat\/","og_site_name":"Strangercam","article_publisher":"https:\/\/www.facebook.com\/strangercam","article_modified_time":"2025-07-14T11:50:34+00:00","og_image":[{"width":800,"height":532,"url":"https:\/\/strangercam.com\/wp-content\/uploads\/2021\/10\/Untitled-2.png","type":"image\/png"}],"twitter_card":"summary_large_image","twitter_site":"@strangercamapp","twitter_misc":{"Tiempo de lectura":"6 minutos"},"schema":{"@context":"https:\/\/schema.org","@graph":[{"@type":"WebPage","@id":"https:\/\/strangercam.com\/onlinefreechat\/","url":"https:\/\/strangercam.com\/onlinefreechat\/","name":"OnlineFreeChat - Salas de chat en vivo por Internet en StrangerCam.com","isPartOf":{"@id":"https:\/\/strangercam.com\/#website"},"datePublished":"2025-07-14T11:50:19+00:00","dateModified":"2025-07-14T11:50:34+00:00","description":"\u00bfTe gusta OnlineFreeChat? \u00a1Ven a chatear gratis con m\u00e1s de 5.000.000 de desconocidos en Stranger Cam! \u00a1Enciende tu c\u00e1mara y encuentra nuevos amigos y tal vez una pareja!","breadcrumb":{"@id":"https:\/\/strangercam.com\/onlinefreechat\/#breadcrumb"},"inLanguage":"es","potentialAction":[{"@type":"ReadAction","target":["https:\/\/strangercam.com\/onlinefreechat\/"]}]},{"@type":"BreadcrumbList","@id":"https:\/\/strangercam.com\/onlinefreechat\/#breadcrumb","itemListElement":[{"@type":"ListItem","position":1,"name":"Home","item":"https:\/\/strangercam.com\/"},{"@type":"ListItem","position":2,"name":"OnlineFreeChat"}]},{"@type":"WebSite","@id":"https:\/\/strangercam.com\/#website","url":"https:\/\/strangercam.com\/","name":"Strangercam","description":"Videochat aleatorio con desconocidos","publisher":{"@id":"https:\/\/strangercam.com\/#organization"},"alternateName":"Strangercam.com","potentialAction":[{"@type":"SearchAction","target":{"@type":"EntryPoint","urlTemplate":"https:\/\/strangercam.com\/?s={search_term_string}"},"query-input":{"@type":"PropertyValueSpecification","valueRequired":true,"valueName":"search_term_string"}}],"inLanguage":"es"},{"@type":"Organization","@id":"https:\/\/strangercam.com\/#organization","name":"Strangercam","alternateName":"Strangercam.com","url":"https:\/\/strangercam.com\/","logo":{"@type":"ImageObject","inLanguage":"es","@id":"https:\/\/strangercam.com\/#\/schema\/logo\/image\/","url":"https:\/\/strangercam.com\/wp-content\/uploads\/2020\/11\/cropped-new-favicon-black.png","contentUrl":"https:\/\/strangercam.com\/wp-content\/uploads\/2020\/11\/cropped-new-favicon-black.png","width":512,"height":512,"caption":"Strangercam"},"image":{"@id":"https:\/\/strangercam.com\/#\/schema\/logo\/image\/"},"sameAs":["https:\/\/www.facebook.com\/strangercam","https:\/\/x.com\/strangercamapp"]}]}},"_links":{"self":[{"href":"https:\/\/strangercam.com\/es\/wp-json\/wp\/v2\/pages\/12911","targetHints":{"allow":["GET"]}}],"collection":[{"href":"https:\/\/strangercam.com\/es\/wp-json\/wp\/v2\/pages"}],"about":[{"href":"https:\/\/strangercam.com\/es\/wp-json\/wp\/v2\/types\/page"}],"author":[{"embeddable":true,"href":"https:\/\/strangercam.com\/es\/wp-json\/wp\/v2\/users\/6"}],"replies":[{"embeddable":true,"href":"https:\/\/strangercam.com\/es\/wp-json\/wp\/v2\/comments?post=12911"}],"version-history":[{"count":1,"href":"https:\/\/strangercam.com\/es\/wp-json\/wp\/v2\/pages\/12911\/revisions"}],"predecessor-version":[{"id":12912,"href":"https:\/\/strangercam.com\/es\/wp-json\/wp\/v2\/pages\/12911\/revisions\/12912"}],"wp:attachment":[{"href":"https:\/\/strangercam.com\/es\/wp-json\/wp\/v2\/media?parent=12911"}],"curies":[{"name":"wp","href":"https:\/\/api.w.org\/{rel}","templated":true}]}}