{"id":12909,"date":"2025-07-14T13:45:54","date_gmt":"2025-07-14T11:45:54","guid":{"rendered":"https:\/\/strangercam.com\/?page_id=12909"},"modified":"2025-07-14T13:46:15","modified_gmt":"2025-07-14T11:46:15","slug":"fox-video-chat","status":"publish","type":"page","link":"https:\/\/strangercam.com\/es\/fox-video-chat\/","title":{"rendered":"Videochat de Fox"},"content":{"rendered":"<p>La b\u00fasqueda del v\u00eddeo aleatorio perfecto <a href=\"https:\/\/strangercam.com\/es\/chathub\/\">chat<\/a> ya que los usuarios buscan alternativas seguras, an\u00f3nimas y divertidas a cl\u00e1sicos como <a href=\"https:\/\/strangercam.com\/es\/omegle\/\">Omegle<\/a> y <a href=\"https:\/\/strangercam.com\/es\/chatroulette\/\">Chatroulette<\/a>. Fox Video Chat es una de las \u00faltimas plataformas en llamar la atenci\u00f3n de la comunidad mundial de chateadores, ya que promete conexiones r\u00e1pidas, facilidad de uso y un entorno agradable para conocer a desconocidos en l\u00ednea.<\/p>\n<p>Pero, \u00bfcumple Fox Video Chat sus promesas? \u00bfC\u00f3mo se compara con otras plataformas en 2025? En esta revisi\u00f3n detallada, exploraremos todo lo que necesitas saber sobre Fox Video Chat: sus caracter\u00edsticas, base de usuarios, herramientas de seguridad y por qu\u00e9 podr\u00eda ser tu nuevo lugar favorito para conversaciones espont\u00e1neas en l\u00ednea.<\/p>\n<h2>\u00bfQu\u00e9 es Fox Video Chat?<\/h2>\n<p>Fox Video Chat es un sitio web de videochat aleatorio uno a uno basado en navegador, dise\u00f1ado para usuarios que desean conectarse instant\u00e1neamente con desconocidos de todo el mundo. Sin necesidad de registrarse ni descargar nada, Fox Video Chat pone la sencillez y la rapidez en el centro de su experiencia de usuario.<\/p>\n<p>Al igual que sus predecesores espirituales, Fox Video Chat te empareja al azar con otro usuario para mantener una conversaci\u00f3n privada a trav\u00e9s de la webcam y el micr\u00f3fono. Tanto si quieres hacer amigos, ligar, practicar un nuevo idioma o simplemente pasar el rato, Fox Video Chat te ofrece una forma sencilla y sin fricciones de participar en videoconferencias en tiempo real.<\/p>\n<h2>\u00bfPara qu\u00e9 sirve el videochat de Fox?<\/h2>\n<p>La misi\u00f3n de Fox Video Chat es hacer que conocer gente nueva online sea sencillo, divertido y seguro. La plataforma atrae a aquellos que:<\/p>\n<ul>\n<li>Desea una interacci\u00f3n cara a cara, an\u00f3nima y sin guiones<\/li>\n<li>Echa de menos la experiencia cl\u00e1sica del Omegle pero desea funciones modernas y un entorno m\u00e1s limpio<\/li>\n<li>Buscan relaciones sociales, entretenimiento o intercambio cultural<\/li>\n<li>Valora la privacidad y no quiere registrarse ni crear un perfil p\u00fablico<\/li>\n<\/ul>\n<p>Fox Video Chat elimina las redes sociales, los perfiles curados y los algoritmos de b\u00fasqueda de pareja para centrarse en la emoci\u00f3n pura y dura de los encuentros aleatorios en tiempo real.<\/p>\n<h2>Caracter\u00edsticas principales<\/h2>\n<p>1. Videochat aleatorio uno a uno<br \/>\nEl coraz\u00f3n de Fox Video Chat son sus conversaciones r\u00e1pidas y an\u00f3nimas entre c\u00e1maras. Los usuarios son emparejados al instante para chatear en v\u00eddeo privado, con la libertad de saltar o continuar en cualquier momento.<\/p>\n<p>2. Bot\u00f3n Saltar\/Siguiente<br \/>\nSi el chat no encaja, puedes pasar r\u00e1pidamente a otro con el bot\u00f3n Siguiente. Las transiciones entre usuarios son fluidas, lo que mantiene las interacciones din\u00e1micas y emocionantes.<\/p>\n<p>3. Opci\u00f3n de chat de texto<br \/>\nFox Video Chat tambi\u00e9n ofrece un modo de s\u00f3lo texto. Es ideal para los usuarios que no se atreven con las c\u00e1maras, tienen un ancho de banda limitado o simplemente prefieren escribir a hablar.<\/p>\n<p>4. No es necesario registrarse<br \/>\nUno de los mayores atractivos es el anonimato total: no se necesitan cuentas, nombres de usuario ni direcciones de correo electr\u00f3nico. Solo tienes que permitir el acceso a la c\u00e1mara y al micr\u00f3fono, y ya puedes empezar.<\/p>\n<p>5. Compatibilidad con m\u00f3viles y ordenadores de sobremesa<br \/>\nLa plataforma est\u00e1 totalmente optimizada para navegadores de escritorio y m\u00f3viles. Tanto si utilizas un tel\u00e9fono como una tableta o un port\u00e1til, la interfaz de Fox Video Chat se adapta para que disfrutes de una experiencia fluida.<\/p>\n<p>6. Interfaz limpia y moderna<br \/>\nFox Video Chat ofrece una interfaz de usuario m\u00ednima e intuitiva. Se centra en grandes ventanas de v\u00eddeo, controles sencillos y un dise\u00f1o sin distracciones. Todo es f\u00e1cil de encontrar y utilizar.<\/p>\n<p>7. Herramientas de informaci\u00f3n y moderaci\u00f3n<br \/>\nLa seguridad de los usuarios est\u00e1 respaldada por un destacado bot\u00f3n de denuncia. Los usuarios inapropiados pueden ser marcados, y Fox Video Chat emplea tanto moderadores humanos como IA b\u00e1sica para ayudar a mantener el ambiente amigable y seguro.<\/p>\n<h2>\u00bfEs gratis el videochat de Fox?<\/h2>\n<p>S\u00ed, su uso es completamente gratuito. Todas las funciones, incluido el chat de v\u00eddeo y texto, los saltos y los informes, est\u00e1n disponibles para todos los usuarios sin muros de pago, suscripciones ni compras dentro de la aplicaci\u00f3n.<\/p>\n<p>Fox Video Chat puede mostrar anuncios ocasionales y no intrusivos para apoyar sus operaciones, pero no hay costes ocultos ni funciones bloqueadas.<\/p>\n<h2>\u00bfQui\u00e9n utiliza Fox Video Chat?<\/h2>\n<p>Fox Video Chat se ha hecho r\u00e1pidamente con una base de usuarios diversa e internacional, atrayendo:<\/p>\n<ul>\n<li>Edades: Principalmente 18-35, aunque abierto a todos los adultos (18+)<\/li>\n<li>Ubicaciones: Usuarios de Estados Unidos, Reino Unido, India, Alemania, Brasil, Filipinas, etc.<\/li>\n<li>Intereses: Socializar, ligar, practicar idiomas, hacer amigos o entretenimiento casual<\/li>\n<\/ul>\n<p>Tanto hombres como mujeres son usuarios activos, aunque -como suele ocurrir con las plataformas de chat aleatorias- hay una mayor presencia masculina. El atractivo reside en la espontaneidad: nunca se sabe con qui\u00e9n se va a chatear. <a href=\"https:\/\/strangercam.com\/es\/coomeet\/\">conozca<\/a> siguiente.<\/p>\n<h2>Seguridad, privacidad y moderaci\u00f3n<\/h2>\n<p>Fox Video Chat reconoce la necesidad de privacidad y seguridad del usuario en el videochat aleatorio, por lo que aplica varias medidas de protecci\u00f3n:<\/p>\n<h3>Privacidad<\/h3>\n<ul>\n<li>No es necesario registrarse ni crear una cuenta: Los usuarios permanecen an\u00f3nimos en todo momento.<\/li>\n<li>No se recogen datos: No se requieren nombres, correos electr\u00f3nicos ni n\u00fameros de tel\u00e9fono.<\/li>\n<li>No hay grabaciones: Los chats no se guardan ni almacenan.<\/li>\n<\/ul>\n<h3>Moderaci\u00f3n<\/h3>\n<ul>\n<li>Denuncias en el chat: Los usuarios pueden denunciar r\u00e1pidamente comportamientos ofensivos o abusivos.<\/li>\n<li>Detecci\u00f3n de IA: Los filtros b\u00e1sicos ayudan a detectar desnudos o contenido expl\u00edcito.<\/li>\n<li>Moderaci\u00f3n humana: Las denuncias se revisan y los reincidentes son expulsados.<\/li>\n<\/ul>\n<h3>Buenas pr\u00e1cticas<\/h3>\n<ul>\n<li>Nunca compartas datos personales en el chat.<\/li>\n<li>Utiliza los botones \"Siguiente\" y \"Denunciar\" generosamente si te resulta inc\u00f3modo.<\/li>\n<li>Evita relacionarte con usuarios sospechosos y mant\u00e9n conversaciones ligeras y respetuosas.<\/li>\n<\/ul>\n<h2>Experiencia de usuario y dise\u00f1o<\/h2>\n<p>La moderna y ligera interfaz de Fox Video Chat est\u00e1 pensada para chatear de forma r\u00e1pida y agradable:<\/p>\n<ul>\n<li>La p\u00e1gina de inicio incluye un gran bot\u00f3n \"Inicio\", informaci\u00f3n sobre privacidad y normas.<\/li>\n<li>Las secuencias de v\u00eddeo son grandes y claras, con f\u00e1cil acceso a los controles de silencio, salto e informe.<\/li>\n<li>Las transiciones de chat son r\u00e1pidas, con un tiempo de inactividad m\u00ednimo entre partidos.<\/li>\n<li>El sitio est\u00e1 optimizado para tiempos de carga r\u00e1pidos y un funcionamiento fluido incluso en dispositivos de gama media.<\/li>\n<\/ul>\n<p>La experiencia m\u00f3vil es particularmente buena, lo que convierte a Fox Video Chat en una gran opci\u00f3n para chatear sobre la marcha.<\/p>\n<h2>Fox Video Chat vs Otras Plataformas de Chat Aleatorio<\/h2>\n<p>\u00bfC\u00f3mo se compara Fox Video Chat con otros sitios de videochat en 2025?<\/p>\n<table>\n<thead>\n<tr>\n<th>Caracter\u00edstica<\/th>\n<th>Videochat de Fox<\/th>\n<th>Omegle (cerrado)<\/th>\n<th>Chatroulette<\/th>\n<th>Chatrandom<\/th>\n<th>Ohmegle<\/th>\n<\/tr>\n<\/thead>\n<tbody>\n<tr>\n<td>Random Video Chat con Desconocidos<\/td>\n<td>S\u00ed<\/td>\n<td>S\u00ed<\/td>\n<td>S\u00ed<\/td>\n<td>S\u00ed<\/td>\n<td>S\u00ed<\/td>\n<\/tr>\n<tr>\n<td>Opci\u00f3n de chat de texto<\/td>\n<td>S\u00ed<\/td>\n<td>S\u00ed<\/td>\n<td>No<\/td>\n<td>S\u00ed<\/td>\n<td>S\u00ed<\/td>\n<\/tr>\n<tr>\n<td>Inscripci\u00f3n necesaria<\/td>\n<td>No<\/td>\n<td>No<\/td>\n<td>No<\/td>\n<td>Opcional<\/td>\n<td>No<\/td>\n<\/tr>\n<tr>\n<td>Asistencia m\u00f3vil<\/td>\n<td>Excelente<\/td>\n<td>Pobre<\/td>\n<td>Bien<\/td>\n<td>Bien<\/td>\n<td>Excelente<\/td>\n<\/tr>\n<tr>\n<td>Herramientas de moderaci\u00f3n<\/td>\n<td>Moderado<\/td>\n<td>M\u00ednimo<\/td>\n<td>D\u00e9bil<\/td>\n<td>Moderado<\/td>\n<td>Moderado<\/td>\n<\/tr>\n<tr>\n<td>Uso gratuito<\/td>\n<td>S\u00ed<\/td>\n<td>S\u00ed<\/td>\n<td>S\u00ed<\/td>\n<td>S\u00ed\/Pagado<\/td>\n<td>S\u00ed<\/td>\n<\/tr>\n<tr>\n<td>Filtros de g\u00e9nero\/regi\u00f3n<\/td>\n<td>No<\/td>\n<td>No<\/td>\n<td>No<\/td>\n<td>Pagado<\/td>\n<td>No<\/td>\n<\/tr>\n<\/tbody>\n<\/table>\n<p>Resumen: ofrece una experiencia lo m\u00e1s parecida al Omegle original, con una interfaz m\u00e1s limpia y mejor soporte m\u00f3vil que muchos competidores. Sus herramientas de moderaci\u00f3n est\u00e1n mejorando, pero el verdadero atractivo es la sencillez y rapidez del sitio.<\/p>\n<h2>Ventajas e inconvenientes<\/h2>\n<p>Pros:<\/p>\n<ul>\n<li>100% libre y an\u00f3nimo<\/li>\n<li>No es necesario registrarse ni descargar nada<\/li>\n<li>Transiciones r\u00e1pidas y fluidas entre partidos y chats<\/li>\n<li>Interfaz limpia e intuitiva para ordenador y m\u00f3vil<\/li>\n<li>Modos de chat de v\u00eddeo y texto disponibles<\/li>\n<li>Base mundial de usuarios<\/li>\n<\/ul>\n<p>Contras:<\/p>\n<ul>\n<li>Sin filtro de g\u00e9nero ni de ubicaci\u00f3n<\/li>\n<li>Exposici\u00f3n ocasional a comportamientos inadecuados (com\u00fan a todos los sitios de chat aleatorios)<\/li>\n<li>M\u00e1s usuarios masculinos que femeninos<\/li>\n<li>No hay perfiles ni posibilidad de volver a conectar con antiguos usuarios<\/li>\n<\/ul>\n<h2>Casos de uso ideales<\/h2>\n<p>Video Chat es perfecto para:<\/p>\n<ul>\n<li>Usuarios nost\u00e1lgicos de las plataformas cl\u00e1sicas de chat aleatorio<\/li>\n<li>Personas que buscan una conversaci\u00f3n espont\u00e1nea con desconocidos<\/li>\n<li>Estudiantes de idiomas que quieren practicar en tiempo real<\/li>\n<li>Viajeros y expatriados en busca de conexiones internacionales<\/li>\n<li>Cualquiera que busque un pasatiempo sin compromiso ni inscripci\u00f3n<\/li>\n<\/ul>\n<p>Es menos ideal para:<\/p>\n<ul>\n<li>Los que buscan funciones espec\u00edficas para citas o coincidencias seleccionadas<\/li>\n<li>Usuarios menores de 18 a\u00f1os (la plataforma es s\u00f3lo para adultos)<\/li>\n<li>Personas que desean volver a contactar o seguir a antiguos compa\u00f1eros de chat<\/li>\n<\/ul>\n<h2>Veredicto final<\/h2>\n<p>Fox Video Chat es una opci\u00f3n destacada para cualquiera que busque recuperar la diversi\u00f3n y la emoci\u00f3n del videochat aleatorio en l\u00ednea en 2025. Su enfoque an\u00f3nimo y sin necesidad de registrarse, junto con una interfaz r\u00e1pida y moderna, la convierten en una de las plataformas de chat con ruleta m\u00e1s accesibles y divertidas de la actualidad.<\/p>\n<p>Tanto si buscas nuevos amigos, un flirteo casual o simplemente una forma divertida de pasar el rato, te ofrece un entorno seguro, ligero y completamente gratuito para conexiones globales espont\u00e1neas. No est\u00e1 repleto de perfiles, ventas adicionales o anuncios intrusivos, solo chat puro, r\u00e1pido y an\u00f3nimo.<\/p>\n<p>Si quieres darle un toque moderno a la experiencia Omegle, merece la pena probarlo.<\/p>","protected":false},"excerpt":{"rendered":"<p>The search for the perfect random video chat site continues as users seek safe, anonymous, and fun alternatives to classics like Omegle and Chatroulette. Fox Video Chat is one of the latest platforms to catch the eye of the global chat community, promising fast connections, easy use, and a friendly environment for meeting strangers online. [&hellip;]<\/p>\n","protected":false},"author":6,"featured_media":0,"parent":0,"menu_order":0,"comment_status":"closed","ping_status":"closed","template":"","meta":{"footnotes":""},"class_list":["post-12909","page","type-page","status-publish","hentry"],"yoast_head":"<!-- This site is optimized with the Yoast SEO plugin v26.9 - https:\/\/yoast.com\/product\/yoast-seo-wordpress\/ -->\n<title>Fox Video Chat - Video Chat with Strangers on StrangerCam.com<\/title>\n<meta name=\"description\" content=\"Like Fox Video Chat? Come chat with more than 5.000.000 strangers on Stranger Cam for Free! Turn on your cam and find new friends &amp; maby a match!\" \/>\n<meta name=\"robots\" content=\"index, follow, max-snippet:-1, max-image-preview:large, max-video-preview:-1\" \/>\n<link rel=\"canonical\" href=\"https:\/\/strangercam.com\/es\/fox-video-chat\/\" \/>\n<meta property=\"og:locale\" content=\"es_ES\" \/>\n<meta property=\"og:type\" content=\"article\" \/>\n<meta property=\"og:title\" content=\"Fox Video Chat - Video Chat with Strangers on StrangerCam.com\" \/>\n<meta property=\"og:description\" content=\"Like Fox Video Chat? Come chat with more than 5.000.000 strangers on Stranger Cam for Free! Turn on your cam and find new friends &amp; maby a match!\" \/>\n<meta property=\"og:url\" content=\"https:\/\/strangercam.com\/es\/fox-video-chat\/\" \/>\n<meta property=\"og:site_name\" content=\"Strangercam\" \/>\n<meta property=\"article:publisher\" content=\"https:\/\/www.facebook.com\/strangercam\" \/>\n<meta property=\"article:modified_time\" content=\"2025-07-14T11:46:15+00:00\" \/>\n<meta property=\"og:image\" content=\"https:\/\/strangercam.com\/wp-content\/uploads\/2021\/10\/Untitled-2.png\" \/>\n\t<meta property=\"og:image:width\" content=\"800\" \/>\n\t<meta property=\"og:image:height\" content=\"532\" \/>\n\t<meta property=\"og:image:type\" content=\"image\/png\" \/>\n<meta name=\"twitter:card\" content=\"summary_large_image\" \/>\n<meta name=\"twitter:site\" content=\"@strangercamapp\" \/>\n<meta name=\"twitter:label1\" content=\"Tiempo de lectura\" \/>\n\t<meta name=\"twitter:data1\" content=\"6 minutos\" \/>\n<script type=\"application\/ld+json\" class=\"yoast-schema-graph\">{\"@context\":\"https:\/\/schema.org\",\"@graph\":[{\"@type\":\"WebPage\",\"@id\":\"https:\/\/strangercam.com\/fox-video-chat\/\",\"url\":\"https:\/\/strangercam.com\/fox-video-chat\/\",\"name\":\"Fox Video Chat - Video Chat with Strangers on StrangerCam.com\",\"isPartOf\":{\"@id\":\"https:\/\/strangercam.com\/#website\"},\"datePublished\":\"2025-07-14T11:45:54+00:00\",\"dateModified\":\"2025-07-14T11:46:15+00:00\",\"description\":\"Like Fox Video Chat? Come chat with more than 5.000.000 strangers on Stranger Cam for Free! Turn on your cam and find new friends & maby a match!\",\"breadcrumb\":{\"@id\":\"https:\/\/strangercam.com\/fox-video-chat\/#breadcrumb\"},\"inLanguage\":\"es\",\"potentialAction\":[{\"@type\":\"ReadAction\",\"target\":[\"https:\/\/strangercam.com\/fox-video-chat\/\"]}]},{\"@type\":\"BreadcrumbList\",\"@id\":\"https:\/\/strangercam.com\/fox-video-chat\/#breadcrumb\",\"itemListElement\":[{\"@type\":\"ListItem\",\"position\":1,\"name\":\"Home\",\"item\":\"https:\/\/strangercam.com\/\"},{\"@type\":\"ListItem\",\"position\":2,\"name\":\"Fox Video Chat\"}]},{\"@type\":\"WebSite\",\"@id\":\"https:\/\/strangercam.com\/#website\",\"url\":\"https:\/\/strangercam.com\/\",\"name\":\"Strangercam\",\"description\":\"Random Video Chat with Strangers\",\"publisher\":{\"@id\":\"https:\/\/strangercam.com\/#organization\"},\"alternateName\":\"Strangercam.com\",\"potentialAction\":[{\"@type\":\"SearchAction\",\"target\":{\"@type\":\"EntryPoint\",\"urlTemplate\":\"https:\/\/strangercam.com\/?s={search_term_string}\"},\"query-input\":{\"@type\":\"PropertyValueSpecification\",\"valueRequired\":true,\"valueName\":\"search_term_string\"}}],\"inLanguage\":\"es\"},{\"@type\":\"Organization\",\"@id\":\"https:\/\/strangercam.com\/#organization\",\"name\":\"Strangercam\",\"alternateName\":\"Strangercam.com\",\"url\":\"https:\/\/strangercam.com\/\",\"logo\":{\"@type\":\"ImageObject\",\"inLanguage\":\"es\",\"@id\":\"https:\/\/strangercam.com\/#\/schema\/logo\/image\/\",\"url\":\"https:\/\/strangercam.com\/wp-content\/uploads\/2020\/11\/cropped-new-favicon-black.png\",\"contentUrl\":\"https:\/\/strangercam.com\/wp-content\/uploads\/2020\/11\/cropped-new-favicon-black.png\",\"width\":512,\"height\":512,\"caption\":\"Strangercam\"},\"image\":{\"@id\":\"https:\/\/strangercam.com\/#\/schema\/logo\/image\/\"},\"sameAs\":[\"https:\/\/www.facebook.com\/strangercam\",\"https:\/\/x.com\/strangercamapp\"]}]}<\/script>\n<!-- \/ Yoast SEO plugin. -->","yoast_head_json":{"title":"Fox Video Chat - Video Chat con desconocidos en StrangerCam.com","description":"\u00bfTe gusta Fox Video Chat? \u00a1Ven a chatear gratis con m\u00e1s de 5.000.000 de desconocidos en Stranger Cam! \u00a1Enciende tu c\u00e1mara y encuentra nuevos amigos y tal vez pareja!","robots":{"index":"index","follow":"follow","max-snippet":"max-snippet:-1","max-image-preview":"max-image-preview:large","max-video-preview":"max-video-preview:-1"},"canonical":"https:\/\/strangercam.com\/es\/fox-video-chat\/","og_locale":"es_ES","og_type":"article","og_title":"Fox Video Chat - Video Chat with Strangers on StrangerCam.com","og_description":"Like Fox Video Chat? Come chat with more than 5.000.000 strangers on Stranger Cam for Free! Turn on your cam and find new friends & maby a match!","og_url":"https:\/\/strangercam.com\/es\/fox-video-chat\/","og_site_name":"Strangercam","article_publisher":"https:\/\/www.facebook.com\/strangercam","article_modified_time":"2025-07-14T11:46:15+00:00","og_image":[{"width":800,"height":532,"url":"https:\/\/strangercam.com\/wp-content\/uploads\/2021\/10\/Untitled-2.png","type":"image\/png"}],"twitter_card":"summary_large_image","twitter_site":"@strangercamapp","twitter_misc":{"Tiempo de lectura":"6 minutos"},"schema":{"@context":"https:\/\/schema.org","@graph":[{"@type":"WebPage","@id":"https:\/\/strangercam.com\/fox-video-chat\/","url":"https:\/\/strangercam.com\/fox-video-chat\/","name":"Fox Video Chat - Video Chat con desconocidos en StrangerCam.com","isPartOf":{"@id":"https:\/\/strangercam.com\/#website"},"datePublished":"2025-07-14T11:45:54+00:00","dateModified":"2025-07-14T11:46:15+00:00","description":"\u00bfTe gusta Fox Video Chat? \u00a1Ven a chatear gratis con m\u00e1s de 5.000.000 de desconocidos en Stranger Cam! \u00a1Enciende tu c\u00e1mara y encuentra nuevos amigos y tal vez pareja!","breadcrumb":{"@id":"https:\/\/strangercam.com\/fox-video-chat\/#breadcrumb"},"inLanguage":"es","potentialAction":[{"@type":"ReadAction","target":["https:\/\/strangercam.com\/fox-video-chat\/"]}]},{"@type":"BreadcrumbList","@id":"https:\/\/strangercam.com\/fox-video-chat\/#breadcrumb","itemListElement":[{"@type":"ListItem","position":1,"name":"Home","item":"https:\/\/strangercam.com\/"},{"@type":"ListItem","position":2,"name":"Fox Video Chat"}]},{"@type":"WebSite","@id":"https:\/\/strangercam.com\/#website","url":"https:\/\/strangercam.com\/","name":"Strangercam","description":"Videochat aleatorio con desconocidos","publisher":{"@id":"https:\/\/strangercam.com\/#organization"},"alternateName":"Strangercam.com","potentialAction":[{"@type":"SearchAction","target":{"@type":"EntryPoint","urlTemplate":"https:\/\/strangercam.com\/?s={search_term_string}"},"query-input":{"@type":"PropertyValueSpecification","valueRequired":true,"valueName":"search_term_string"}}],"inLanguage":"es"},{"@type":"Organization","@id":"https:\/\/strangercam.com\/#organization","name":"Strangercam","alternateName":"Strangercam.com","url":"https:\/\/strangercam.com\/","logo":{"@type":"ImageObject","inLanguage":"es","@id":"https:\/\/strangercam.com\/#\/schema\/logo\/image\/","url":"https:\/\/strangercam.com\/wp-content\/uploads\/2020\/11\/cropped-new-favicon-black.png","contentUrl":"https:\/\/strangercam.com\/wp-content\/uploads\/2020\/11\/cropped-new-favicon-black.png","width":512,"height":512,"caption":"Strangercam"},"image":{"@id":"https:\/\/strangercam.com\/#\/schema\/logo\/image\/"},"sameAs":["https:\/\/www.facebook.com\/strangercam","https:\/\/x.com\/strangercamapp"]}]}},"_links":{"self":[{"href":"https:\/\/strangercam.com\/es\/wp-json\/wp\/v2\/pages\/12909","targetHints":{"allow":["GET"]}}],"collection":[{"href":"https:\/\/strangercam.com\/es\/wp-json\/wp\/v2\/pages"}],"about":[{"href":"https:\/\/strangercam.com\/es\/wp-json\/wp\/v2\/types\/page"}],"author":[{"embeddable":true,"href":"https:\/\/strangercam.com\/es\/wp-json\/wp\/v2\/users\/6"}],"replies":[{"embeddable":true,"href":"https:\/\/strangercam.com\/es\/wp-json\/wp\/v2\/comments?post=12909"}],"version-history":[{"count":1,"href":"https:\/\/strangercam.com\/es\/wp-json\/wp\/v2\/pages\/12909\/revisions"}],"predecessor-version":[{"id":12910,"href":"https:\/\/strangercam.com\/es\/wp-json\/wp\/v2\/pages\/12909\/revisions\/12910"}],"wp:attachment":[{"href":"https:\/\/strangercam.com\/es\/wp-json\/wp\/v2\/media?parent=12909"}],"curies":[{"name":"wp","href":"https:\/\/api.w.org\/{rel}","templated":true}]}}