{"id":12907,"date":"2025-07-14T13:41:45","date_gmt":"2025-07-14T11:41:45","guid":{"rendered":"https:\/\/strangercam.com\/?page_id=12907"},"modified":"2025-07-14T13:41:45","modified_gmt":"2025-07-14T11:41:45","slug":"topface","status":"publish","type":"page","link":"https:\/\/strangercam.com\/es\/topface\/","title":{"rendered":"Topface"},"content":{"rendered":"<p>En un panorama repleto de aplicaciones y sitios web de citas, s\u00f3lo unas pocas plataformas consiguen destacar a escala mundial. Topface es una de ellas: combina elementos de descubrimiento social, citas en l\u00ednea tradicionales y encuentros casuales. <a href=\"https:\/\/strangercam.com\/es\/chatroulette\/\">chat<\/a> en una \u00fanica experiencia multiling\u00fce. Con millones de usuarios en todo el mundo y una reputaci\u00f3n de conexiones transculturales, Topface se ha ganado un p\u00fablico fiel desde su lanzamiento hace m\u00e1s de una d\u00e9cada.<\/p>\n<p>Pero, \u00bfqu\u00e9 es exactamente lo que hace \u00fanica a Topface? \u00bfA qui\u00e9n va dirigido, cu\u00e1les son sus caracter\u00edsticas, y c\u00f3mo se compara con otras grandes plataformas de citas y chat en 2025? En esta revisi\u00f3n en profundidad, cubrimos todo lo que necesitas saber sobre Topface, para que puedas decidir si es adecuado para ti.<\/p>\n<h2>\u00bfQu\u00e9 es Topface?<\/h2>\n<p>Topface es una plataforma global de descubrimiento social y citas disponible a trav\u00e9s de web y aplicaci\u00f3n m\u00f3vil. Permite a los usuarios <a href=\"https:\/\/strangercam.com\/es\/coomeet\/\">conozca<\/a> nuevas personas para chatear, quedar o hacer amigos, mediante una combinaci\u00f3n de navegaci\u00f3n por perfiles, b\u00fasqueda de intereses mutuos y funciones de mensajer\u00eda interactiva.<\/p>\n<p>A diferencia de las aplicaciones de citas tradicionales, centradas exclusivamente en las conexiones rom\u00e1nticas, el ecosistema de Topface se asemeja m\u00e1s a una red social, que permite desde flirtear y tener citas hasta entablar amistades internacionales y chats casuales. El sitio est\u00e1 disponible en docenas de idiomas y cuenta con una amplia base de usuarios internacionales, por lo que es especialmente popular en Europa del Este, Am\u00e9rica Latina, el Sudeste Asi\u00e1tico y m\u00e1s all\u00e1.<\/p>\n<h2>\u00bfPara qu\u00e9 sirve Topface?<\/h2>\n<p>Topface se cre\u00f3 para ayudar a la gente a conectarse globalmente, romper el hielo y entablar relaciones -rom\u00e1nticas o de otro tipo- a trav\u00e9s de herramientas divertidas e interactivas. Es una plataforma que se encuentra en la intersecci\u00f3n de:<\/p>\n<ul>\n<li>Descubrimiento social (conocer gente nueva m\u00e1s all\u00e1 de tu grupo de amigos)<\/li>\n<li>Citas en l\u00ednea (b\u00fasqueda de pareja a nivel local o mundial)<\/li>\n<li>Chat informal (hacer amigos, amigos por correspondencia o compa\u00f1eros de intercambio ling\u00fc\u00edstico)<\/li>\n<\/ul>\n<p>Su misi\u00f3n principal es hacer que conocer a desconocidos en l\u00ednea sea f\u00e1cil, atractivo y sin presiones, sin la exclusividad ni la intensidad de las aplicaciones de citas que s\u00f3lo permiten deslizar el dedo.<\/p>\n<h2>Caracter\u00edsticas principales<\/h2>\n<p>1. Descubrimiento y b\u00fasqueda de perfiles<br \/>\nTopface permite a los usuarios buscar perfiles por edad, sexo, ubicaci\u00f3n e intereses. A diferencia de las aplicaciones puramente de swipe, puedes explorar una amplia gama de usuarios, ver perfiles detallados y decidir con qui\u00e9n interactuar.<\/p>\n<p>2. Sistema Like and Match<br \/>\nEl inter\u00e9s mutuo se manifiesta a trav\u00e9s de la conocida mec\u00e1nica \"me gusta\/pareja\". Si dos usuarios se gustan, desbloquean la mensajer\u00eda y otras funciones, fomentando las conexiones basadas en la atracci\u00f3n o la curiosidad compartidas.<\/p>\n<p>3. Mensajer\u00eda y chat<br \/>\nUna vez emparejados, los usuarios pueden intercambiar mensajes privados, fotos y v\u00eddeos. Tambi\u00e9n hay funciones para enviar regalos virtuales, pegatinas y notas de voz, lo que hace que las conversaciones sean m\u00e1s interactivas.<\/p>\n<p>4. <a href=\"https:\/\/strangercam.com\/es\/rabbit-video-chat\/\">Videochat<\/a> y Livestreams<br \/>\nTopface ofrece herramientas integradas de videochat y streaming en directo, que permiten a los usuarios interactuar cara a cara en tiempo real. El v\u00eddeo en directo ayuda a reducir los perfiles falsos y genera confianza antes de conocerse offline.<\/p>\n<p>5. Sistema de regalos y monedas virtuales<br \/>\nMuchas funciones, como enviar regalos, aumentar la visibilidad del perfil o desbloquear filtros premium, utilizan el sistema de monedas virtuales de la plataforma. Las monedas pueden ganarse con la actividad o comprarse con dinero real.<\/p>\n<p>6. Filtros de b\u00fasqueda avanzada<br \/>\nLos usuarios Premium pueden acceder a herramientas de b\u00fasqueda avanzada para filtrar por intereses, h\u00e1bitos, educaci\u00f3n o incluso intenci\u00f3n (citas, amistad, chat, etc.), lo que ayuda a refinar el proceso de descubrimiento.<\/p>\n<p>7. Soporte multiplataforma<br \/>\nTopface funciona en navegadores de escritorio y aplicaciones para Android e iOS, para que puedas conectarte en cualquier momento y lugar.<\/p>\n<p>8. Soporte multiling\u00fce<br \/>\nLa plataforma admite docenas de idiomas, desde ingl\u00e9s y espa\u00f1ol hasta ruso, turco y vietnamita, entre otros, lo que la hace accesible y f\u00e1cil de usar para usuarios internacionales.<\/p>\n<h2>\u00bfEs gratis Topface?<\/h2>\n<p>Topface es gratis para unirse y utilizar las funciones b\u00e1sicas. Puedes crear un perfil, buscar usuarios, enviar likes e incluso intercambiar algunos mensajes sin coste alguno. Sin embargo, la plataforma utiliza un modelo freemium, en el que las funciones premium requieren monedas o una suscripci\u00f3n.<\/p>\n<h3>Funciones gratuitas:<\/h3>\n<ul>\n<li>Registro y creaci\u00f3n de perfiles<\/li>\n<li>Navegar y buscar perfiles<\/li>\n<li>Enviar y recibir \"Me gusta<\/li>\n<li>Mensajer\u00eda limitada (a menudo con restricciones)<\/li>\n<\/ul>\n<h3>Caracter\u00edsticas de pago:<\/h3>\n<ul>\n<li>Chat y videollamadas ilimitadas<\/li>\n<li>Enviar y recibir regalos virtuales<\/li>\n<li>Aumentar la visibilidad del perfil<\/li>\n<li>Acceso a filtros avanzados y opciones de b\u00fasqueda<\/li>\n<li>Ver qui\u00e9n ha visitado o le ha gustado tu perfil<\/li>\n<\/ul>\n<p>Las monedas y las suscripciones tienen un precio razonable en comparaci\u00f3n con muchas aplicaciones de citas occidentales, pero los usuarios deben esperar algunos l\u00edmites a la interacci\u00f3n libre.<\/p>\n<h2>\u00bfQui\u00e9n utiliza Topface?<\/h2>\n<p>Topface es verdaderamente global, con una base de usuarios diversa y activa:<\/p>\n<ul>\n<li>Rango de edades: 18-40 es el m\u00e1s activo, pero participan usuarios de todas las edades<\/li>\n<li>Equilibrio de g\u00e9nero: M\u00e1s equilibrada que las t\u00edpicas aplicaciones de citas, con una fuerte participaci\u00f3n femenina, especialmente fuera de Norteam\u00e9rica.<\/li>\n<li>Geograf\u00eda: Especialmente popular en Rusia, Ucrania, Turqu\u00eda, Brasil, India, Tailandia, Vietnam y Am\u00e9rica Latina, aunque encontrar\u00e1s usuarios de casi todos los pa\u00edses.<\/li>\n<\/ul>\n<p>A muchos usuarios les interesa:<\/p>\n<ul>\n<li>Chatear y hacer nuevos amigos en todo el mundo<\/li>\n<li><a href=\"https:\/\/strangercam.com\/es\/flirtbees\/\">Ligar<\/a> o encontrar pareja internacional<\/li>\n<li>Relaciones interculturales e intercambio de idiomas<\/li>\n<li>Socializaci\u00f3n en l\u00ednea segura y moderada<\/li>\n<\/ul>\n<p>A diferencia de las aplicaciones de citas especializadas, Topface se adapta a una gran variedad de intenciones, por lo que encontrar\u00e1s de todo, desde citas serias y encuentros casuales hasta amigos por correspondencia y chats de grupo.<\/p>\n<h2>Seguridad, privacidad y moderaci\u00f3n<\/h2>\n<p>Topface adopta un enfoque s\u00f3lido en materia de seguridad y moderaci\u00f3n de los usuarios:<\/p>\n<h3>Privacidad:<\/h3>\n<ul>\n<li>El registro s\u00f3lo requiere informaci\u00f3n b\u00e1sica<\/li>\n<li>Opciones de verificaci\u00f3n por tel\u00e9fono o correo electr\u00f3nico para mayor seguridad.<\/li>\n<li>Los chats son privados y no accesibles a otros usuarios<\/li>\n<\/ul>\n<h3>Moderaci\u00f3n:<\/h3>\n<ul>\n<li>Revisi\u00f3n manual y automatizada de perfiles para limitar las cuentas falsas y las estafas<\/li>\n<li>Denuncia y bloqueo en el chat para eliminar usuarios abusivos o sospechosos<\/li>\n<li>Detecci\u00f3n activa antispam y antifraude<\/li>\n<\/ul>\n<h3>Control del usuario:<\/h3>\n<ul>\n<li>Controla qui\u00e9n puede ver tu perfil o enviarte mensajes<\/li>\n<li>Configuraci\u00f3n de la privacidad del perfil y gesti\u00f3n de notificaciones<\/li>\n<\/ul>\n<p>Aunque, en general, la plataforma es segura, los usuarios deben actuar con cautela, sobre todo a la hora de compartir datos personales o trasladar conversaciones fuera de la plataforma.<\/p>\n<h2>Experiencia de usuario y dise\u00f1o<\/h2>\n<p>Topface presenta una interfaz brillante y f\u00e1cil de usar que funciona bien en todos los dispositivos. Lo m\u00e1s destacado:<\/p>\n<ul>\n<li>Navegaci\u00f3n clara y tarjetas de perfil<\/li>\n<li>Iconos de colores para regalos, chat y emparejamientos<\/li>\n<li>Tiempos de carga r\u00e1pidos y transmisi\u00f3n de v\u00eddeo fiable<\/li>\n<li>Dise\u00f1o adaptable para m\u00f3viles y tabletas<\/li>\n<li>Men\u00fas y secciones de ayuda multiling\u00fces<\/li>\n<\/ul>\n<p>La plataforma evita el exceso de publicidad de algunos sitios de citas globales, centr\u00e1ndose en una experiencia limpia con s\u00f3lo ocasionales banners promocionales de funciones premium.<\/p>\n<h2>Topface frente a otras plataformas sociales de citas<\/h2>\n<p>\u00bfC\u00f3mo se compara Topface con otras plataformas de chat y citas?<\/p>\n<table>\n<thead>\n<tr>\n<th>Caracter\u00edstica<\/th>\n<th>Topface<\/th>\n<th>Badoo<\/th>\n<th>Tinder<\/th>\n<th>Mamba<\/th>\n<th><a href=\"https:\/\/strangercam.com\/es\/azar-app\/\">Azar<\/a><\/th>\n<\/tr>\n<\/thead>\n<tbody>\n<tr>\n<td>Base mundial de usuarios<\/td>\n<td>S\u00ed<\/td>\n<td>S\u00ed<\/td>\n<td>S\u00ed<\/td>\n<td>S\u00ed<\/td>\n<td>S\u00ed<\/td>\n<\/tr>\n<tr>\n<td>Mensajer\u00eda gratuita<\/td>\n<td>Limitado<\/td>\n<td>Limitado<\/td>\n<td>No<\/td>\n<td>Limitado<\/td>\n<td>Limitado<\/td>\n<\/tr>\n<tr>\n<td>Videochat<\/td>\n<td>S\u00ed<\/td>\n<td>No<\/td>\n<td>No<\/td>\n<td>S\u00ed<\/td>\n<td>S\u00ed<\/td>\n<\/tr>\n<tr>\n<td>Regalos virtuales\/Monedas<\/td>\n<td>S\u00ed<\/td>\n<td>S\u00ed<\/td>\n<td>No<\/td>\n<td>S\u00ed<\/td>\n<td>S\u00ed<\/td>\n<\/tr>\n<tr>\n<td>Descubrimiento de perfiles<\/td>\n<td>S\u00ed<\/td>\n<td>S\u00ed<\/td>\n<td>Pase<\/td>\n<td>S\u00ed<\/td>\n<td>Al azar<\/td>\n<\/tr>\n<tr>\n<td>Retransmisi\u00f3n en directo<\/td>\n<td>S\u00ed<\/td>\n<td>No<\/td>\n<td>No<\/td>\n<td>No<\/td>\n<td>No<\/td>\n<\/tr>\n<tr>\n<td>Multiling\u00fce<\/td>\n<td>S\u00ed<\/td>\n<td>S\u00ed<\/td>\n<td>Limitado<\/td>\n<td>S\u00ed<\/td>\n<td>S\u00ed<\/td>\n<\/tr>\n<\/tbody>\n<\/table>\n<p>Resumen: Topface tiene m\u00e1s funciones que las aplicaciones cl\u00e1sicas de citas, como Tinder, y ofrece un alcance internacional m\u00e1s amplio que muchas aplicaciones occidentales. Su mezcla de v\u00eddeo, chat y juegos hace que resulte animada y acogedora tanto para usuarios locales como internacionales.<\/p>\n<h2>Ventajas e inconvenientes<\/h2>\n<p>Pros:<\/p>\n<ul>\n<li>Amplia base de usuarios internacionales<\/li>\n<li>Afiliaci\u00f3n gratuita con funciones b\u00e1sicas<\/li>\n<li>Videochat y retransmisiones en directo<\/li>\n<li>Elementos de descubrimiento social y divertido<\/li>\n<li>Compatibilidad con m\u00f3viles y ordenadores de sobremesa<\/li>\n<li>Moderaci\u00f3n y privacidad estrictas<\/li>\n<\/ul>\n<p>Contras:<\/p>\n<ul>\n<li>El acceso completo requiere monedas o suscripci\u00f3n<\/li>\n<li>Algunos perfiles falsos o inactivos (com\u00fan en todas las grandes plataformas)<\/li>\n<li>La mensajer\u00eda gratuita limitada puede ser frustrante<\/li>\n<li>Menos popular en Norteam\u00e9rica que en Europa del Este, Asia o Sudam\u00e9rica.<\/li>\n<\/ul>\n<h2>Casos de uso ideales<\/h2>\n<p>Topface es ideal para:<\/p>\n<ul>\n<li>Solteros en busca de citas o amistades internacionales<\/li>\n<li>Viajeros o expatriados en busca de contactos locales<\/li>\n<li>Personas que disfrutan de una mezcla de redes sociales y funciones de citas<\/li>\n<li>Cualquiera que desee una comunidad de chat animada y apta para v\u00eddeo<\/li>\n<li>Usuarios interesados en el intercambio de idiomas o el descubrimiento cultural<\/li>\n<\/ul>\n<p>Es menos ideal para:<\/p>\n<ul>\n<li>Los que quieran 100% mensajer\u00eda ilimitada gratuita<\/li>\n<li>Personas que s\u00f3lo buscan citas hiperlocales<\/li>\n<li>Usuarios inc\u00f3modos con las interacciones globales o interculturales<\/li>\n<\/ul>\n<h2>Veredicto final<\/h2>\n<p>Topface es una de las plataformas de chat y citas m\u00e1s vers\u00e1tiles e internacionales del mundo. Con su animada base de usuarios, sus divertidas funciones sociales y su \u00e9nfasis en el v\u00eddeo y el chat interactivo, es mucho m\u00e1s que una aplicaci\u00f3n de citas: es una puerta a nuevas culturas, idiomas y amistades, adem\u00e1s de al romance.<\/p>\n<p>Si quieres ampliar tus horizontes sociales, conocer gente de todo el mundo o simplemente disfrutar de una experiencia de chat divertida y atractiva, merece la pena probar Topface en 2025.<\/p>","protected":false},"excerpt":{"rendered":"<p>In a dating landscape crowded with apps and websites, only a few platforms manage to stand out on a global scale. Topface is one such platform\u2014blending elements of social discovery, traditional online dating, and casual chat into a single, multilingual experience. With millions of users worldwide and a reputation for cross-cultural connections, Topface has built [&hellip;]<\/p>\n","protected":false},"author":6,"featured_media":0,"parent":0,"menu_order":0,"comment_status":"closed","ping_status":"closed","template":"","meta":{"footnotes":""},"class_list":["post-12907","page","type-page","status-publish","hentry"],"yoast_head":"<!-- This site is optimized with the Yoast SEO plugin v27.4 - https:\/\/yoast.com\/product\/yoast-seo-wordpress\/ -->\n<title>Topface - Meet girls and guys, chat on StrangerCam.com<\/title>\n<meta name=\"description\" content=\"Like Topface? Come chat with more than 5.000.000 strangers on Stranger Cam for Free! Turn on your cam and find new friends &amp; maby a match!\" \/>\n<meta name=\"robots\" content=\"index, follow, max-snippet:-1, max-image-preview:large, max-video-preview:-1\" \/>\n<link rel=\"canonical\" href=\"https:\/\/strangercam.com\/es\/topface\/\" \/>\n<meta property=\"og:locale\" content=\"es_ES\" \/>\n<meta property=\"og:type\" content=\"article\" \/>\n<meta property=\"og:title\" content=\"Topface - Meet girls and guys, chat on StrangerCam.com\" \/>\n<meta property=\"og:description\" content=\"Like Topface? Come chat with more than 5.000.000 strangers on Stranger Cam for Free! Turn on your cam and find new friends &amp; maby a match!\" \/>\n<meta property=\"og:url\" content=\"https:\/\/strangercam.com\/es\/topface\/\" \/>\n<meta property=\"og:site_name\" content=\"Strangercam\" \/>\n<meta property=\"article:publisher\" content=\"https:\/\/www.facebook.com\/strangercam\" \/>\n<meta property=\"og:image\" content=\"https:\/\/strangercam.com\/wp-content\/uploads\/2021\/10\/Untitled-2.png\" \/>\n\t<meta property=\"og:image:width\" content=\"800\" \/>\n\t<meta property=\"og:image:height\" content=\"532\" \/>\n\t<meta property=\"og:image:type\" content=\"image\/png\" \/>\n<meta name=\"twitter:card\" content=\"summary_large_image\" \/>\n<meta name=\"twitter:site\" content=\"@strangercamapp\" \/>\n<meta name=\"twitter:label1\" content=\"Tiempo de lectura\" \/>\n\t<meta name=\"twitter:data1\" content=\"6 minutos\" \/>\n<script type=\"application\/ld+json\" class=\"yoast-schema-graph\">{\"@context\":\"https:\\\/\\\/schema.org\",\"@graph\":[{\"@type\":\"WebPage\",\"@id\":\"https:\\\/\\\/strangercam.com\\\/topface\\\/\",\"url\":\"https:\\\/\\\/strangercam.com\\\/topface\\\/\",\"name\":\"Topface - Meet girls and guys, chat on StrangerCam.com\",\"isPartOf\":{\"@id\":\"https:\\\/\\\/strangercam.com\\\/#website\"},\"datePublished\":\"2025-07-14T11:41:45+00:00\",\"description\":\"Like Topface? Come chat with more than 5.000.000 strangers on Stranger Cam for Free! Turn on your cam and find new friends & maby a match!\",\"breadcrumb\":{\"@id\":\"https:\\\/\\\/strangercam.com\\\/topface\\\/#breadcrumb\"},\"inLanguage\":\"es\",\"potentialAction\":[{\"@type\":\"ReadAction\",\"target\":[\"https:\\\/\\\/strangercam.com\\\/topface\\\/\"]}]},{\"@type\":\"BreadcrumbList\",\"@id\":\"https:\\\/\\\/strangercam.com\\\/topface\\\/#breadcrumb\",\"itemListElement\":[{\"@type\":\"ListItem\",\"position\":1,\"name\":\"Home\",\"item\":\"https:\\\/\\\/strangercam.com\\\/\"},{\"@type\":\"ListItem\",\"position\":2,\"name\":\"Topface\"}]},{\"@type\":\"WebSite\",\"@id\":\"https:\\\/\\\/strangercam.com\\\/#website\",\"url\":\"https:\\\/\\\/strangercam.com\\\/\",\"name\":\"Strangercam\",\"description\":\"Random Video Chat with Strangers\",\"publisher\":{\"@id\":\"https:\\\/\\\/strangercam.com\\\/#organization\"},\"alternateName\":\"Strangercam.com\",\"potentialAction\":[{\"@type\":\"SearchAction\",\"target\":{\"@type\":\"EntryPoint\",\"urlTemplate\":\"https:\\\/\\\/strangercam.com\\\/?s={search_term_string}\"},\"query-input\":{\"@type\":\"PropertyValueSpecification\",\"valueRequired\":true,\"valueName\":\"search_term_string\"}}],\"inLanguage\":\"es\"},{\"@type\":\"Organization\",\"@id\":\"https:\\\/\\\/strangercam.com\\\/#organization\",\"name\":\"Strangercam\",\"alternateName\":\"Strangercam.com\",\"url\":\"https:\\\/\\\/strangercam.com\\\/\",\"logo\":{\"@type\":\"ImageObject\",\"inLanguage\":\"es\",\"@id\":\"https:\\\/\\\/strangercam.com\\\/#\\\/schema\\\/logo\\\/image\\\/\",\"url\":\"https:\\\/\\\/strangercam.com\\\/wp-content\\\/uploads\\\/2020\\\/11\\\/cropped-new-favicon-black.png\",\"contentUrl\":\"https:\\\/\\\/strangercam.com\\\/wp-content\\\/uploads\\\/2020\\\/11\\\/cropped-new-favicon-black.png\",\"width\":512,\"height\":512,\"caption\":\"Strangercam\"},\"image\":{\"@id\":\"https:\\\/\\\/strangercam.com\\\/#\\\/schema\\\/logo\\\/image\\\/\"},\"sameAs\":[\"https:\\\/\\\/www.facebook.com\\\/strangercam\",\"https:\\\/\\\/x.com\\\/strangercamapp\"]}]}<\/script>\n<!-- \/ Yoast SEO plugin. -->","yoast_head_json":{"title":"Topface - Conoce chicas y chicos, chatea en StrangerCam.com","description":"\u00bfTe gusta Topface? \u00a1Ven a chatear gratis con m\u00e1s de 5.000.000 de desconocidos en Stranger Cam! \u00a1Enciende tu c\u00e1mara y encuentra nuevos amigos y tal vez una pareja!","robots":{"index":"index","follow":"follow","max-snippet":"max-snippet:-1","max-image-preview":"max-image-preview:large","max-video-preview":"max-video-preview:-1"},"canonical":"https:\/\/strangercam.com\/es\/topface\/","og_locale":"es_ES","og_type":"article","og_title":"Topface - Meet girls and guys, chat on StrangerCam.com","og_description":"Like Topface? Come chat with more than 5.000.000 strangers on Stranger Cam for Free! Turn on your cam and find new friends & maby a match!","og_url":"https:\/\/strangercam.com\/es\/topface\/","og_site_name":"Strangercam","article_publisher":"https:\/\/www.facebook.com\/strangercam","og_image":[{"width":800,"height":532,"url":"https:\/\/strangercam.com\/wp-content\/uploads\/2021\/10\/Untitled-2.png","type":"image\/png"}],"twitter_card":"summary_large_image","twitter_site":"@strangercamapp","twitter_misc":{"Tiempo de lectura":"6 minutos"},"schema":{"@context":"https:\/\/schema.org","@graph":[{"@type":"WebPage","@id":"https:\/\/strangercam.com\/topface\/","url":"https:\/\/strangercam.com\/topface\/","name":"Topface - Conoce chicas y chicos, chatea en StrangerCam.com","isPartOf":{"@id":"https:\/\/strangercam.com\/#website"},"datePublished":"2025-07-14T11:41:45+00:00","description":"\u00bfTe gusta Topface? \u00a1Ven a chatear gratis con m\u00e1s de 5.000.000 de desconocidos en Stranger Cam! \u00a1Enciende tu c\u00e1mara y encuentra nuevos amigos y tal vez una pareja!","breadcrumb":{"@id":"https:\/\/strangercam.com\/topface\/#breadcrumb"},"inLanguage":"es","potentialAction":[{"@type":"ReadAction","target":["https:\/\/strangercam.com\/topface\/"]}]},{"@type":"BreadcrumbList","@id":"https:\/\/strangercam.com\/topface\/#breadcrumb","itemListElement":[{"@type":"ListItem","position":1,"name":"Home","item":"https:\/\/strangercam.com\/"},{"@type":"ListItem","position":2,"name":"Topface"}]},{"@type":"WebSite","@id":"https:\/\/strangercam.com\/#website","url":"https:\/\/strangercam.com\/","name":"Strangercam","description":"Videochat aleatorio con desconocidos","publisher":{"@id":"https:\/\/strangercam.com\/#organization"},"alternateName":"Strangercam.com","potentialAction":[{"@type":"SearchAction","target":{"@type":"EntryPoint","urlTemplate":"https:\/\/strangercam.com\/?s={search_term_string}"},"query-input":{"@type":"PropertyValueSpecification","valueRequired":true,"valueName":"search_term_string"}}],"inLanguage":"es"},{"@type":"Organization","@id":"https:\/\/strangercam.com\/#organization","name":"Strangercam","alternateName":"Strangercam.com","url":"https:\/\/strangercam.com\/","logo":{"@type":"ImageObject","inLanguage":"es","@id":"https:\/\/strangercam.com\/#\/schema\/logo\/image\/","url":"https:\/\/strangercam.com\/wp-content\/uploads\/2020\/11\/cropped-new-favicon-black.png","contentUrl":"https:\/\/strangercam.com\/wp-content\/uploads\/2020\/11\/cropped-new-favicon-black.png","width":512,"height":512,"caption":"Strangercam"},"image":{"@id":"https:\/\/strangercam.com\/#\/schema\/logo\/image\/"},"sameAs":["https:\/\/www.facebook.com\/strangercam","https:\/\/x.com\/strangercamapp"]}]}},"_links":{"self":[{"href":"https:\/\/strangercam.com\/es\/wp-json\/wp\/v2\/pages\/12907","targetHints":{"allow":["GET"]}}],"collection":[{"href":"https:\/\/strangercam.com\/es\/wp-json\/wp\/v2\/pages"}],"about":[{"href":"https:\/\/strangercam.com\/es\/wp-json\/wp\/v2\/types\/page"}],"author":[{"embeddable":true,"href":"https:\/\/strangercam.com\/es\/wp-json\/wp\/v2\/users\/6"}],"replies":[{"embeddable":true,"href":"https:\/\/strangercam.com\/es\/wp-json\/wp\/v2\/comments?post=12907"}],"version-history":[{"count":1,"href":"https:\/\/strangercam.com\/es\/wp-json\/wp\/v2\/pages\/12907\/revisions"}],"predecessor-version":[{"id":12908,"href":"https:\/\/strangercam.com\/es\/wp-json\/wp\/v2\/pages\/12907\/revisions\/12908"}],"wp:attachment":[{"href":"https:\/\/strangercam.com\/es\/wp-json\/wp\/v2\/media?parent=12907"}],"curies":[{"name":"wp","href":"https:\/\/api.w.org\/{rel}","templated":true}]}}