{"id":12903,"date":"2025-07-14T13:33:31","date_gmt":"2025-07-14T11:33:31","guid":{"rendered":"https:\/\/strangercam.com\/?page_id=12903"},"modified":"2025-07-14T13:33:31","modified_gmt":"2025-07-14T11:33:31","slug":"chaty","status":"publish","type":"page","link":"https:\/\/strangercam.com\/es\/chaty\/","title":{"rendered":"Chaty"},"content":{"rendered":"<p>A medida que aumenta el apetito por el v\u00eddeo espont\u00e1neo, cara a cara <a href=\"https:\/\/strangercam.com\/es\/chathub\/\">chat<\/a> sigue creciendo, ha surgido una nueva generaci\u00f3n de plataformas para llenar el vac\u00edo dejado por <a href=\"https:\/\/strangercam.com\/es\/omegle\/\">Omegle<\/a> y <a href=\"https:\/\/strangercam.com\/es\/chatroulette\/\">Chatroulette<\/a>. Chaty es uno de ellos, dise\u00f1ado para los usuarios que buscan videoconferencias instant\u00e1neas y an\u00f3nimas sin tener que registrarse, crear perfiles o descargar aplicaciones.<\/p>\n<p>Con la promesa de \"conocer a desconocidos de todo el mundo en cuesti\u00f3n de segundos\", Chaty se posiciona como una alternativa moderna y f\u00e1cil de usar al cl\u00e1sico formato de chat aleatorio. Pero, \u00bfcu\u00e1l es su posici\u00f3n frente a la competencia en 2025? \u00bfEs seguro, f\u00e1cil de usar y merece la pena?<\/p>\n<p>En esta completa rese\u00f1a, exploraremos qu\u00e9 es Chaty exactamente, c\u00f3mo funciona, qu\u00e9 caracter\u00edsticas ofrece, qui\u00e9n lo usa y c\u00f3mo se compara con otros sitios de videochat de primera l\u00ednea.<\/p>\n<h2>\u00bfQu\u00e9 es Chaty?<\/h2>\n<p>Chaty es un sitio web gratuito de videochat aleatorio basado en navegador que conecta a usuarios de todo el mundo para mantener conversaciones uno a uno en tiempo real. La experiencia es sencilla y an\u00f3nima: basta con hacer clic para empezar, activar la c\u00e1mara y el micr\u00f3fono, y al instante se te emparejar\u00e1 con un desconocido.<\/p>\n<p>No hay necesidad de crear una cuenta, proporcionar un correo electr\u00f3nico o descargar una aplicaci\u00f3n. Chaty se centra en lo esencial: acceso r\u00e1pido, calidad de v\u00eddeo fluida y una interfaz sencilla que te permite chatear en segundos.<\/p>\n<p>El sitio es atractivo para cualquiera que busque:<\/p>\n<ul>\n<li>Interacci\u00f3n informal y en tiempo real<\/li>\n<li>Videochat coqueto o amistoso con desconocidos<\/li>\n<li>Pr\u00e1cticas ling\u00fc\u00edsticas o intercambio cultural<\/li>\n<li>Una forma de pasar el tiempo o <a href=\"https:\/\/strangercam.com\/es\/coomeet\/\">conozca<\/a> nuevas personas de forma an\u00f3nima<\/li>\n<\/ul>\n<h2>\u00bfPara qu\u00e9 sirve Chaty?<\/h2>\n<p>El objetivo principal de Chaty es recuperar la cl\u00e1sica experiencia del chat aleatorio, pero con mejor tecnolog\u00eda y una interfaz m\u00e1s segura y f\u00e1cil de usar. En la era de las aplicaciones de citas, las redes sociales y las plataformas de streaming, Chaty destaca por centrarse en la conexi\u00f3n humana pura y dura, sin necesidad de biograf\u00edas, swipes o integraciones en redes sociales.<\/p>\n<p>Est\u00e1 hecho para:<\/p>\n<ul>\n<li>Los usuarios est\u00e1n cansados de hacer scroll y buscar pareja en las aplicaciones de citas<\/li>\n<li>Cualquiera que busque una forma instant\u00e1nea y sin presiones de conocer gente nueva<\/li>\n<li>Personas que valoran la privacidad y el anonimato en los chats en l\u00ednea<\/li>\n<li>Usuarios de todo el mundo que buscan una alternativa moderna al Omegle o Chatroulette<\/li>\n<\/ul>\n<h2>Caracter\u00edsticas principales<\/h2>\n<p>1. Videochat aleatorio uno a uno<br \/>\nLa caracter\u00edstica principal de Chaty es la conexi\u00f3n de v\u00eddeo instant\u00e1nea y an\u00f3nima. Se te empareja al azar con otro usuario en l\u00ednea para una conversaci\u00f3n privada cara a cara. Si no est\u00e1s disfrutando del chat, simplemente haz clic en \"Siguiente\" para seguir adelante.<\/p>\n<p>2. Sin registro ni descarga de aplicaciones<br \/>\nToda la experiencia tiene lugar en tu navegador. No es necesario registrarse, crear un perfil ni instalar ning\u00fan software. Esto mantiene la privacidad de tus datos personales y agiliza al m\u00e1ximo el proceso de incorporaci\u00f3n.<\/p>\n<p>3. Emparejamiento y salto r\u00e1pidos<br \/>\nEl backend de Chaty est\u00e1 dise\u00f1ado para ser r\u00e1pido. Las nuevas partidas se cargan r\u00e1pidamente y la transici\u00f3n entre chats es fluida, incluso en navegadores m\u00f3viles.<\/p>\n<p>4. Opci\u00f3n de chat de texto<br \/>\nPara los que prefieren teclear, tienen un ancho de banda limitado o son t\u00edmidos ante las c\u00e1maras, Chaty ofrece tambi\u00e9n un modo de chat de s\u00f3lo texto. Puedes cambiar de modo en cualquier momento.<\/p>\n<p>5. Dise\u00f1o compatible con dispositivos m\u00f3viles<br \/>\nChaty funciona a la perfecci\u00f3n tanto en navegadores de escritorio como m\u00f3viles. La interfaz es receptiva y est\u00e1 optimizada para el uso t\u00e1ctil, lo que garantiza un funcionamiento fluido tanto en port\u00e1tiles como en tabletas o smartphones.<\/p>\n<p>6. Controles sencillos<br \/>\nLas grandes ventanas de v\u00eddeo, los claros botones \"Siguiente\" y \"Denunciar\" y un dise\u00f1o intuitivo hacen que la experiencia del usuario sea fluida. Puedes silenciar el micr\u00f3fono, omitir a un usuario o denunciar un comportamiento inadecuado con un solo toque.<\/p>\n<p>7. Herramientas de informaci\u00f3n y moderaci\u00f3n<br \/>\nLa seguridad de los usuarios est\u00e1 respaldada por las denuncias en el chat. Los usuarios ofensivos o inapropiados pueden ser marcados para su revisi\u00f3n, y Chaty utiliza una combinaci\u00f3n de moderaci\u00f3n humana e IA b\u00e1sica para ayudar a mantener un entorno seguro.<\/p>\n<h2>\u00bfChaty es gratis?<\/h2>\n<p>S\u00ed, Chaty es totalmente gratuito. No hay:<\/p>\n<ul>\n<li>Paywalls<\/li>\n<li>Suscripciones<\/li>\n<li>Compras dentro de la aplicaci\u00f3n<\/li>\n<li>Sistemas de cr\u00e9ditos o fichas<\/li>\n<\/ul>\n<p>Todos los usuarios tienen el mismo acceso a todas las funciones de la plataforma. Chaty puede mostrar anuncios ligeros para cubrir costes operativos, pero estos no interfieren con la experiencia de chat ni requieren interacci\u00f3n.<\/p>\n<h2>\u00bfQui\u00e9n utiliza Chaty?<\/h2>\n<p>Chaty atrae a una amplia base de usuarios internacionales. La mayor\u00eda de los usuarios tienen entre 18 y 35 a\u00f1os, y la proporci\u00f3n de sexos es similar a la de otros sitios de chat aleatorios (m\u00e1s hombres, pero usuarias activas, sobre todo en horas punta).<\/p>\n<p>Los perfiles de usuario m\u00e1s comunes son:<\/p>\n<ul>\n<li>Universitarios y j\u00f3venes profesionales<\/li>\n<li>Viajeros y n\u00f3madas digitales<\/li>\n<li>Estudiantes de idiomas que buscan verdaderos compa\u00f1eros de conversaci\u00f3n<\/li>\n<li>Personas que buscan diversi\u00f3n, coqueteo o interacci\u00f3n amistosa<\/li>\n<li>Cualquiera que eche de menos las conexiones crudas y espont\u00e1neas del cl\u00e1sico Omegle<\/li>\n<\/ul>\n<p>Como no hay que registrarse, la base de usuarios de Chaty es fluida y siempre est\u00e1 cambiando. Encontrar\u00e1s usuarios de Estados Unidos, Reino Unido, India, Alemania, Brasil, etc., lo que la convierte en una comunidad verdaderamente global.<\/p>\n<h2>Seguridad, privacidad y moderaci\u00f3n<\/h2>\n<p>Aunque Chaty hace hincapi\u00e9 en la privacidad y el anonimato, tambi\u00e9n aplica medidas para proteger a los usuarios:<\/p>\n<h3>Privacidad<\/h3>\n<ul>\n<li>No es necesario registrarse, enviar un correo electr\u00f3nico ni introducir datos personales<\/li>\n<li>Los chats no se graban ni se guardan<\/li>\n<li>S\u00f3lo se le identifica por su webcam\/micr\u00f3fono (sin nombres de usuario ni fotos de perfil)<\/li>\n<li>Las direcciones IP no est\u00e1n expuestas a otros usuarios<\/li>\n<\/ul>\n<h3>Moderaci\u00f3n<\/h3>\n<ul>\n<li>Denuncias en el chat: Se\u00f1ala r\u00e1pidamente a cualquier usuario ofensivo o inapropiado<\/li>\n<li>Moderaci\u00f3n AI b\u00e1sica: Detecci\u00f3n autom\u00e1tica de desnudos o contenido expl\u00edcito, aunque no infalible.<\/li>\n<li>Revisi\u00f3n manual: Las denuncias son revisadas por moderadores humanos y los reincidentes son expulsados.<\/li>\n<\/ul>\n<h3>Limitaciones<\/h3>\n<p>Como todas las plataformas de chat an\u00f3nimo, Chaty no es inmune a los malos actores. Los usuarios deber\u00edan:<\/p>\n<ul>\n<li>Nunca compartas informaci\u00f3n personal (nombre real, datos de contacto, redes sociales)<\/li>\n<li>Utiliza las funciones \"Informar\" y \"Siguiente\" siempre que te resulte inc\u00f3modo<\/li>\n<li>Tenga en cuenta que algunos chats pueden terminar bruscamente o presentar un comportamiento inapropiado<\/li>\n<\/ul>\n<h2>Experiencia de usuario y dise\u00f1o<\/h2>\n<p>El dise\u00f1o de Chaty se centra en la claridad, la rapidez y la facilidad de uso. La p\u00e1gina de inicio es m\u00ednima, por lo general con s\u00f3lo un prominente bot\u00f3n \"Empezar\" e informaci\u00f3n clara sobre la privacidad y las normas. En dos clics, est\u00e1s cara a cara con un desconocido.<\/p>\n<h3>Lo m\u00e1s destacado:<\/h3>\n<ul>\n<li>Carga r\u00e1pida y cotejo casi instant\u00e1neo<\/li>\n<li>V\u00eddeo de gran tama\u00f1o y alta calidad<\/li>\n<li>Dise\u00f1o limpio sin ventanas emergentes ni distracciones<\/li>\n<li>Controles sencillos para silenciar, saltar o informar<\/li>\n<li>Rendimiento uniforme en navegadores de escritorio y m\u00f3viles<\/li>\n<\/ul>\n<p>En comparaci\u00f3n con otros sitios de chat aleatorio, Chaty se siente m\u00e1s moderno y estable, especialmente en los smartphones.<\/p>\n<h2>Chaty frente a otras plataformas de videoconferencia<\/h2>\n<p>\u00bfC\u00f3mo se compara Chaty con otras plataformas l\u00edderes de videochat aleatorio en 2025?<\/p>\n<table>\n<thead>\n<tr>\n<th>Caracter\u00edstica<\/th>\n<th>Chaty<\/th>\n<th>Ohmegle<\/th>\n<th>Chatroulette<\/th>\n<th>Chatrandom<\/th>\n<th><a href=\"https:\/\/strangercam.com\/es\/ometv\/\">OmeTV<\/a><\/th>\n<\/tr>\n<\/thead>\n<tbody>\n<tr>\n<td>Random Video Chat con Desconocidos<\/td>\n<td>S\u00ed<\/td>\n<td>S\u00ed<\/td>\n<td>S\u00ed<\/td>\n<td>S\u00ed<\/td>\n<td>S\u00ed<\/td>\n<\/tr>\n<tr>\n<td>Opci\u00f3n de chat de texto<\/td>\n<td>S\u00ed<\/td>\n<td>S\u00ed<\/td>\n<td>No<\/td>\n<td>S\u00ed<\/td>\n<td>S\u00ed<\/td>\n<\/tr>\n<tr>\n<td>Inscripci\u00f3n necesaria<\/td>\n<td>No<\/td>\n<td>No<\/td>\n<td>No<\/td>\n<td>Opcional<\/td>\n<td>No<\/td>\n<\/tr>\n<tr>\n<td>Asistencia m\u00f3vil<\/td>\n<td>Excelente<\/td>\n<td>Excelente<\/td>\n<td>Bien<\/td>\n<td>Bien<\/td>\n<td>Bien<\/td>\n<\/tr>\n<tr>\n<td>Filtro sexo\/pa\u00eds<\/td>\n<td>No<\/td>\n<td>No<\/td>\n<td>Pagado<\/td>\n<td>Pagado<\/td>\n<td>Pagado<\/td>\n<\/tr>\n<tr>\n<td>Herramientas de moderaci\u00f3n<\/td>\n<td>Moderado<\/td>\n<td>Moderado<\/td>\n<td>D\u00e9bil<\/td>\n<td>Moderado<\/td>\n<td>Fuerte<\/td>\n<\/tr>\n<tr>\n<td>Uso gratuito<\/td>\n<td>S\u00ed<\/td>\n<td>S\u00ed<\/td>\n<td>S\u00ed<\/td>\n<td>S\u00ed\/Pagado<\/td>\n<td>S\u00ed<\/td>\n<\/tr>\n<\/tbody>\n<\/table>\n<p>Resumen: Chaty es lo m\u00e1s parecido en esp\u00edritu y simplicidad a Ohmegle, pero con una interfaz m\u00e1s moderna y mejor soporte para navegadores m\u00f3viles. Es ideal para los usuarios que quieren un chat puro y sin filtros, sin filtros, perfiles ni ventas adicionales.<\/p>\n<h2>Ventajas e inconvenientes<\/h2>\n<p>Pros:<\/p>\n<ul>\n<li>100% libre y an\u00f3nimo<\/li>\n<li>No es necesario registrarse ni descargar nada<\/li>\n<li>Emparejamiento y salto r\u00e1pidos y sencillos<\/li>\n<li>Modos de chat de v\u00eddeo y texto<\/li>\n<li>Gran compatibilidad m\u00f3vil<\/li>\n<li>Interfaz de usuario limpia e intuitiva<\/li>\n<\/ul>\n<p>Contras:<\/p>\n<ul>\n<li>Sin filtrado por sexo o regi\u00f3n<\/li>\n<li>Contenido inapropiado ocasional (a pesar de la moderaci\u00f3n)<\/li>\n<li>Sin perfiles, historial de usuario ni funciones de seguimiento<\/li>\n<li>M\u00e1s usuarios masculinos que femeninos<\/li>\n<li>Los chats son ef\u00edmeros: no hay forma de volver a conectar.<\/li>\n<\/ul>\n<h2>Casos de uso ideales<\/h2>\n<p>Chaty es perfecto para:<\/p>\n<ul>\n<li>Cualquiera que eche de menos Omegle y quiera una experiencia similar<\/li>\n<li>Personas que buscan nuevos amigos o una interacci\u00f3n espont\u00e1nea en tiempo real<\/li>\n<li>Estudiantes de idiomas practican sus habilidades de conversaci\u00f3n<\/li>\n<li>Quienes valoran la privacidad y el anonimato en Internet<\/li>\n<li>Usuarios que quieren pasar el rato o conocer a alguien fuera de su c\u00edrculo social<\/li>\n<\/ul>\n<p>Es menos adecuado para:<\/p>\n<ul>\n<li>Usuarios menores de 18 a\u00f1os (la plataforma es s\u00f3lo para adultos)<\/li>\n<li>Aquellos que buscan filtros de citas\/encuentros o experiencias curadas<\/li>\n<li>Personas inc\u00f3modas con encuentros de chat impredecibles o crudos<\/li>\n<\/ul>\n<h2>Veredicto final<\/h2>\n<p>Chaty es una destacada plataforma de videochat aleatorio en 2025, que ofrece exactamente lo que los usuarios adoraban de los cl\u00e1sicos Omegle y Chatroulette: conexi\u00f3n humana r\u00e1pida, gratuita y an\u00f3nima, sin barreras ni distracciones. Su interfaz limpia, su rendimiento fiable y su enfoque en la privacidad la convierten en una de las mejores opciones para mantener conversaciones espont\u00e1neas cara a cara en l\u00ednea.<\/p>\n<p>Aunque la moderaci\u00f3n y el filtrado podr\u00edan mejorarse, los puntos fuertes de la plataforma residen en su sencillez y facilidad de uso. Si lo que buscas es charlar con desconocidos de todo el mundo, ya sea para divertirte, aprender o simplemente para escapar del aburrimiento, merece la pena echar un vistazo a Chaty.<\/p>","protected":false},"excerpt":{"rendered":"<p>As the appetite for spontaneous, face-to-face video chat continues to grow, a new generation of platforms has emerged to fill the gap left by Omegle and Chatroulette. Chaty is one such contender, designed for users who crave instant, anonymous video chats without the hassle of sign-up, profile-building, or downloading apps. With a promise of \u201cmeeting [&hellip;]<\/p>\n","protected":false},"author":6,"featured_media":0,"parent":0,"menu_order":0,"comment_status":"closed","ping_status":"closed","template":"","meta":{"footnotes":""},"class_list":["post-12903","page","type-page","status-publish","hentry"],"yoast_head":"<!-- This site is optimized with the Yoast SEO plugin v27.4 - https:\/\/yoast.com\/product\/yoast-seo-wordpress\/ -->\n<title>Chaty - Chat with People Nearby on StrangerCam.com<\/title>\n<meta name=\"description\" content=\"Like Chaty? Come chat with more than 5.000.000 strangers on Stranger Cam for Free! Turn on your cam and find new friends &amp; maby a match!\" \/>\n<meta name=\"robots\" content=\"index, follow, max-snippet:-1, max-image-preview:large, max-video-preview:-1\" \/>\n<link rel=\"canonical\" href=\"https:\/\/strangercam.com\/es\/chaty\/\" \/>\n<meta property=\"og:locale\" content=\"es_ES\" \/>\n<meta property=\"og:type\" content=\"article\" \/>\n<meta property=\"og:title\" content=\"Chaty - Chat with People Nearby on StrangerCam.com\" \/>\n<meta property=\"og:description\" content=\"Like Chaty? Come chat with more than 5.000.000 strangers on Stranger Cam for Free! Turn on your cam and find new friends &amp; maby a match!\" \/>\n<meta property=\"og:url\" content=\"https:\/\/strangercam.com\/es\/chaty\/\" \/>\n<meta property=\"og:site_name\" content=\"Strangercam\" \/>\n<meta property=\"article:publisher\" content=\"https:\/\/www.facebook.com\/strangercam\" \/>\n<meta property=\"og:image\" content=\"https:\/\/strangercam.com\/wp-content\/uploads\/2021\/10\/Untitled-2.png\" \/>\n\t<meta property=\"og:image:width\" content=\"800\" \/>\n\t<meta property=\"og:image:height\" content=\"532\" \/>\n\t<meta property=\"og:image:type\" content=\"image\/png\" \/>\n<meta name=\"twitter:card\" content=\"summary_large_image\" \/>\n<meta name=\"twitter:site\" content=\"@strangercamapp\" \/>\n<meta name=\"twitter:label1\" content=\"Tiempo de lectura\" \/>\n\t<meta name=\"twitter:data1\" content=\"6 minutos\" \/>\n<script type=\"application\/ld+json\" class=\"yoast-schema-graph\">{\"@context\":\"https:\\\/\\\/schema.org\",\"@graph\":[{\"@type\":\"WebPage\",\"@id\":\"https:\\\/\\\/strangercam.com\\\/chaty\\\/\",\"url\":\"https:\\\/\\\/strangercam.com\\\/chaty\\\/\",\"name\":\"Chaty - Chat with People Nearby on StrangerCam.com\",\"isPartOf\":{\"@id\":\"https:\\\/\\\/strangercam.com\\\/#website\"},\"datePublished\":\"2025-07-14T11:33:31+00:00\",\"description\":\"Like Chaty? Come chat with more than 5.000.000 strangers on Stranger Cam for Free! Turn on your cam and find new friends & maby a match!\",\"breadcrumb\":{\"@id\":\"https:\\\/\\\/strangercam.com\\\/chaty\\\/#breadcrumb\"},\"inLanguage\":\"es\",\"potentialAction\":[{\"@type\":\"ReadAction\",\"target\":[\"https:\\\/\\\/strangercam.com\\\/chaty\\\/\"]}]},{\"@type\":\"BreadcrumbList\",\"@id\":\"https:\\\/\\\/strangercam.com\\\/chaty\\\/#breadcrumb\",\"itemListElement\":[{\"@type\":\"ListItem\",\"position\":1,\"name\":\"Home\",\"item\":\"https:\\\/\\\/strangercam.com\\\/\"},{\"@type\":\"ListItem\",\"position\":2,\"name\":\"Chaty\"}]},{\"@type\":\"WebSite\",\"@id\":\"https:\\\/\\\/strangercam.com\\\/#website\",\"url\":\"https:\\\/\\\/strangercam.com\\\/\",\"name\":\"Strangercam\",\"description\":\"Random Video Chat with Strangers\",\"publisher\":{\"@id\":\"https:\\\/\\\/strangercam.com\\\/#organization\"},\"alternateName\":\"Strangercam.com\",\"potentialAction\":[{\"@type\":\"SearchAction\",\"target\":{\"@type\":\"EntryPoint\",\"urlTemplate\":\"https:\\\/\\\/strangercam.com\\\/?s={search_term_string}\"},\"query-input\":{\"@type\":\"PropertyValueSpecification\",\"valueRequired\":true,\"valueName\":\"search_term_string\"}}],\"inLanguage\":\"es\"},{\"@type\":\"Organization\",\"@id\":\"https:\\\/\\\/strangercam.com\\\/#organization\",\"name\":\"Strangercam\",\"alternateName\":\"Strangercam.com\",\"url\":\"https:\\\/\\\/strangercam.com\\\/\",\"logo\":{\"@type\":\"ImageObject\",\"inLanguage\":\"es\",\"@id\":\"https:\\\/\\\/strangercam.com\\\/#\\\/schema\\\/logo\\\/image\\\/\",\"url\":\"https:\\\/\\\/strangercam.com\\\/wp-content\\\/uploads\\\/2020\\\/11\\\/cropped-new-favicon-black.png\",\"contentUrl\":\"https:\\\/\\\/strangercam.com\\\/wp-content\\\/uploads\\\/2020\\\/11\\\/cropped-new-favicon-black.png\",\"width\":512,\"height\":512,\"caption\":\"Strangercam\"},\"image\":{\"@id\":\"https:\\\/\\\/strangercam.com\\\/#\\\/schema\\\/logo\\\/image\\\/\"},\"sameAs\":[\"https:\\\/\\\/www.facebook.com\\\/strangercam\",\"https:\\\/\\\/x.com\\\/strangercamapp\"]}]}<\/script>\n<!-- \/ Yoast SEO plugin. -->","yoast_head_json":{"title":"Chaty - Chatea con gente cercana en StrangerCam.com","description":"\u00bfTe gusta Chaty? \u00a1Ven a chatear gratis con m\u00e1s de 5.000.000 de desconocidos en Stranger Cam! \u00a1Enciende tu c\u00e1mara y encuentra nuevos amigos y tal vez una pareja!","robots":{"index":"index","follow":"follow","max-snippet":"max-snippet:-1","max-image-preview":"max-image-preview:large","max-video-preview":"max-video-preview:-1"},"canonical":"https:\/\/strangercam.com\/es\/chaty\/","og_locale":"es_ES","og_type":"article","og_title":"Chaty - Chat with People Nearby on StrangerCam.com","og_description":"Like Chaty? Come chat with more than 5.000.000 strangers on Stranger Cam for Free! Turn on your cam and find new friends & maby a match!","og_url":"https:\/\/strangercam.com\/es\/chaty\/","og_site_name":"Strangercam","article_publisher":"https:\/\/www.facebook.com\/strangercam","og_image":[{"width":800,"height":532,"url":"https:\/\/strangercam.com\/wp-content\/uploads\/2021\/10\/Untitled-2.png","type":"image\/png"}],"twitter_card":"summary_large_image","twitter_site":"@strangercamapp","twitter_misc":{"Tiempo de lectura":"6 minutos"},"schema":{"@context":"https:\/\/schema.org","@graph":[{"@type":"WebPage","@id":"https:\/\/strangercam.com\/chaty\/","url":"https:\/\/strangercam.com\/chaty\/","name":"Chaty - Chatea con gente cercana en StrangerCam.com","isPartOf":{"@id":"https:\/\/strangercam.com\/#website"},"datePublished":"2025-07-14T11:33:31+00:00","description":"\u00bfTe gusta Chaty? \u00a1Ven a chatear gratis con m\u00e1s de 5.000.000 de desconocidos en Stranger Cam! \u00a1Enciende tu c\u00e1mara y encuentra nuevos amigos y tal vez una pareja!","breadcrumb":{"@id":"https:\/\/strangercam.com\/chaty\/#breadcrumb"},"inLanguage":"es","potentialAction":[{"@type":"ReadAction","target":["https:\/\/strangercam.com\/chaty\/"]}]},{"@type":"BreadcrumbList","@id":"https:\/\/strangercam.com\/chaty\/#breadcrumb","itemListElement":[{"@type":"ListItem","position":1,"name":"Home","item":"https:\/\/strangercam.com\/"},{"@type":"ListItem","position":2,"name":"Chaty"}]},{"@type":"WebSite","@id":"https:\/\/strangercam.com\/#website","url":"https:\/\/strangercam.com\/","name":"Strangercam","description":"Videochat aleatorio con desconocidos","publisher":{"@id":"https:\/\/strangercam.com\/#organization"},"alternateName":"Strangercam.com","potentialAction":[{"@type":"SearchAction","target":{"@type":"EntryPoint","urlTemplate":"https:\/\/strangercam.com\/?s={search_term_string}"},"query-input":{"@type":"PropertyValueSpecification","valueRequired":true,"valueName":"search_term_string"}}],"inLanguage":"es"},{"@type":"Organization","@id":"https:\/\/strangercam.com\/#organization","name":"Strangercam","alternateName":"Strangercam.com","url":"https:\/\/strangercam.com\/","logo":{"@type":"ImageObject","inLanguage":"es","@id":"https:\/\/strangercam.com\/#\/schema\/logo\/image\/","url":"https:\/\/strangercam.com\/wp-content\/uploads\/2020\/11\/cropped-new-favicon-black.png","contentUrl":"https:\/\/strangercam.com\/wp-content\/uploads\/2020\/11\/cropped-new-favicon-black.png","width":512,"height":512,"caption":"Strangercam"},"image":{"@id":"https:\/\/strangercam.com\/#\/schema\/logo\/image\/"},"sameAs":["https:\/\/www.facebook.com\/strangercam","https:\/\/x.com\/strangercamapp"]}]}},"_links":{"self":[{"href":"https:\/\/strangercam.com\/es\/wp-json\/wp\/v2\/pages\/12903","targetHints":{"allow":["GET"]}}],"collection":[{"href":"https:\/\/strangercam.com\/es\/wp-json\/wp\/v2\/pages"}],"about":[{"href":"https:\/\/strangercam.com\/es\/wp-json\/wp\/v2\/types\/page"}],"author":[{"embeddable":true,"href":"https:\/\/strangercam.com\/es\/wp-json\/wp\/v2\/users\/6"}],"replies":[{"embeddable":true,"href":"https:\/\/strangercam.com\/es\/wp-json\/wp\/v2\/comments?post=12903"}],"version-history":[{"count":1,"href":"https:\/\/strangercam.com\/es\/wp-json\/wp\/v2\/pages\/12903\/revisions"}],"predecessor-version":[{"id":12904,"href":"https:\/\/strangercam.com\/es\/wp-json\/wp\/v2\/pages\/12903\/revisions\/12904"}],"wp:attachment":[{"href":"https:\/\/strangercam.com\/es\/wp-json\/wp\/v2\/media?parent=12903"}],"curies":[{"name":"wp","href":"https:\/\/api.w.org\/{rel}","templated":true}]}}