{"id":12892,"date":"2025-06-16T15:00:37","date_gmt":"2025-06-16T13:00:37","guid":{"rendered":"https:\/\/strangercam.com\/?page_id=12892"},"modified":"2025-06-16T15:00:37","modified_gmt":"2025-06-16T13:00:37","slug":"ohmegle","status":"publish","type":"page","link":"https:\/\/strangercam.com\/es\/ohmegle\/","title":{"rendered":"Ohmegle"},"content":{"rendered":"<p>En <a href=\"https:\/\/strangercam.com\/es\/omegle\/\">Omegle<\/a> cerr\u00f3 en 2023, millones de usuarios se quedaron sin un lugar al que acudir para realizar videoconferencias espont\u00e1neas y an\u00f3nimas con desconocidos. Tras su desaparici\u00f3n, han surgido varias alternativas, pero pocas han tenido tanto \u00e9xito como Ohmegle. Dise\u00f1ado para llenar exactamente el vac\u00edo dejado, Ohmegle ofrece una experiencia casi id\u00e9ntica con mejoras modernas, mayor rendimiento y una base de usuarios fiel y creciente.<\/p>\n<p>En esta revisi\u00f3n, vamos a explorar todo lo que necesita saber acerca de Ohmegle-c\u00f3mo funciona, lo que hace que sea el mejor reemplazo Omegle, sus caracter\u00edsticas, normas de seguridad, y c\u00f3mo se apila en contra de v\u00eddeo al azar similares <a href=\"https:\/\/strangercam.com\/es\/chatroulette\/\">chat<\/a> sitios.<\/p>\n<h2>\u00bfQu\u00e9 es Ohmegle?<\/h2>\n<p>Ohmegle es un servicio gratuito y an\u00f3nimo. <a href=\"https:\/\/strangercam.com\/es\/chathub\/\">chat de v\u00eddeo aleatorio<\/a> que te conecta con desconocidos para mantener conversaciones cara a cara en directo. Es el sucesor espiritual de Omegle, imitando su formato e interfaz casi exactamente, pero con mejor tiempo de actividad, soporte m\u00f3vil y una comunidad creada espec\u00edficamente para los usuarios que echan de menos el original.<\/p>\n<p>No es necesario crear una cuenta, ni introducir datos personales, ni utilizar complicados algoritmos de emparejamiento. Solo tienes que cargar el sitio, permitir los permisos de c\u00e1mara\/micr\u00f3fono y empezar a chatear con alguien nuevo de forma aleatoria, instant\u00e1nea y an\u00f3nima.<\/p>\n<h2>\u00bfPara qu\u00e9 sirve Ohmegle?<\/h2>\n<p>La misi\u00f3n de Ohmegle es sencilla: recuperar la aut\u00e9ntica experiencia Omegle en un formato seguro y accesible para 2025 y m\u00e1s all\u00e1. Est\u00e1 pensado para:<\/p>\n<ul>\n<li>Gente que echa de menos el ambiente espont\u00e1neo del chat de Omegle<\/li>\n<li>Usuarios que prefieren el v\u00eddeo a las aplicaciones sociales o de citas basadas en texto<\/li>\n<li>Cualquiera que busque una conexi\u00f3n humana an\u00f3nima y sin ataduras<\/li>\n<\/ul>\n<p>Tanto si lo que buscas es una conversaci\u00f3n casual, encuentros coquetos o simplemente alguien que te escuche, Ohmegle est\u00e1 dise\u00f1ado para reproducir el encanto de la cultura del chat en Internet de los primeros tiempos, de forma totalmente an\u00f3nima y en tiempo real.<\/p>\n<h2>Caracter\u00edsticas principales<\/h2>\n<p>1. Videochat individual aleatorio<br \/>\nAl igual que Omegle, Ohmegle te conecta instant\u00e1neamente con un desconocido a trav\u00e9s de la webcam y el micr\u00f3fono. Sin perfiles ni deslizamientos, solo interacci\u00f3n directa.<\/p>\n<p>2. Funci\u00f3n Saltar\/Siguiente<br \/>\n\u00bfNo te gusta nadie? Haz clic en \u201cSiguiente\u201d para emparejarte al instante con otro usuario. Es r\u00e1pido y sin fricciones, y te permite <a href=\"https:\/\/strangercam.com\/es\/coomeet\/\">conozca<\/a> docenas de personas en una sola sesi\u00f3n.<\/p>\n<p>3. No es necesario inscribirse<br \/>\nOhmegle permanece completamente an\u00f3nimo. No es necesario introducir nombre, correo electr\u00f3nico ni n\u00famero de tel\u00e9fono. Respeta el principio b\u00e1sico de Omegle: hablar con desconocidos, no con seguidores.<\/p>\n<p>4. Modo de chat de texto opcional<br \/>\nSi no te sientes c\u00f3modo con la c\u00e1mara, puedes optar por una versi\u00f3n de chat s\u00f3lo de texto. La interfaz de usuario sigue siendo elegante y sencilla.<\/p>\n<p>5. Compatibilidad m\u00f3vil<br \/>\nOhmegle est\u00e1 optimizado para navegadores de escritorio y m\u00f3viles. Puedes chatear desde tu tel\u00e9fono sin descargar una aplicaci\u00f3n, y el sitio se adapta bien a diferentes tama\u00f1os de pantalla y niveles de ancho de banda.<\/p>\n<p>6. Dise\u00f1o racionalizado<br \/>\nEl dise\u00f1o es intencionadamente minimalista, como el cl\u00e1sico Omegle, pero con prestaciones actualizadas. Las ventanas de v\u00eddeo son grandes, los controles son f\u00e1ciles de usar y no hay nada innecesario en pantalla.<\/p>\n<p>7. Herramientas de informaci\u00f3n y moderaci\u00f3n<br \/>\nLos usuarios pueden denunciar comportamientos inapropiados directamente desde la ventana de chat. Ohmegle ha implementado herramientas b\u00e1sicas de moderaci\u00f3n y detecci\u00f3n de desnudos basada en IA para frenar los abusos y mantener la seguridad de la experiencia.<\/p>\n<h2>\u00bfEs gratis Ohmegle?<\/h2>\n<p>S\u00ed, Ohmegle es 100% de uso gratuito. No hay muros de pago, suscripciones o niveles freemium. Todos los usuarios tienen el mismo acceso al chat de v\u00eddeo, al chat de texto y a toda la plataforma.<\/p>\n<p>Tampoco hay anuncios en la pantalla, algo poco habitual en los chats de v\u00eddeo. La monetizaci\u00f3n parece ser m\u00ednima para preservar la experiencia r\u00e1pida y fluida que esperan los usuarios.<\/p>\n<h2>\u00bfQui\u00e9n utiliza Ohmegle?<\/h2>\n<p>Ohmegle atrae a un amplio abanico de usuarios, pero en general refleja la demograf\u00eda del Omegle original:<\/p>\n<ul>\n<li>Edades: Principalmente 18-35, aunque la plataforma es estrictamente para adultos (18+)<\/li>\n<li>Audiencia mundial: Usuarios de EE.UU., Canad\u00e1, Europa, India, Brasil y el Sudeste Asi\u00e1tico.<\/li>\n<li>Intenci\u00f3n del usuario: Se divide entre charlar, hacer amigos, ligar y pasar el rato.<\/li>\n<\/ul>\n<p>No existe una estructura formal para la interacci\u00f3n entre los usuarios: t\u00fa y tu pareja sois quienes deb\u00e9is guiar la conversaci\u00f3n. Algunos buscan divertirse, otros compa\u00f1\u00eda y otros simplemente novedad.<\/p>\n<h2>Seguridad y moderaci\u00f3n<\/h2>\n<p>Como en cualquier plataforma de videochat an\u00f3nimo, la seguridad de los usuarios es una preocupaci\u00f3n, pero Ohmegle se esfuerza por ofrecer un entorno seguro sin arruinar la naturaleza espont\u00e1nea del chat.<\/p>\n<h3>Privacidad<\/h3>\n<ul>\n<li>Sin registro, cuentas ni seguimiento<\/li>\n<li>Los chats no se graban ni se almacenan<\/li>\n<li>Tu direcci\u00f3n IP nunca se muestra al otro usuario<\/li>\n<\/ul>\n<h3>Moderaci\u00f3n<\/h3>\n<ul>\n<li>Bot\u00f3n de denuncia disponible durante el chat en directo<\/li>\n<li>La detecci\u00f3n de desnudos basada en inteligencia artificial filtra algunos contenidos inapropiados<\/li>\n<li>Los usuarios denunciados varias veces pueden ser expulsados de la plataforma<\/li>\n<\/ul>\n<p>Dicho esto, Ohmegle no censura ni modera en exceso, por lo que sigue existiendo la posibilidad de encontrar comportamientos inapropiados. Utiliza la plataforma con prudencia:<\/p>\n<ul>\n<li>Salte inmediatamente si alguien le incomoda<\/li>\n<li>Nunca compartas datos personales como tu nombre, ubicaci\u00f3n o redes sociales.<\/li>\n<li>No dude en denunciar a los infractores<\/li>\n<\/ul>\n<h2>Experiencia de usuario y rendimiento<\/h2>\n<p>Ohmegle es impresionantemente ligero y sensible. La p\u00e1gina de inicio se carga r\u00e1pidamente y las coincidencias se producen en segundos. Tanto en el escritorio como en el m\u00f3vil, la plataforma ofrece:<\/p>\n<ul>\n<li>V\u00eddeo n\u00edtido y de gran tama\u00f1o<\/li>\n<li>Botones de control sencillos (Siguiente, Detener, Informe)<\/li>\n<li>Acceso fiable a c\u00e1mara y micr\u00f3fono<\/li>\n<li>Retraso o buffering m\u00ednimos, incluso en conexiones lentas<\/li>\n<\/ul>\n<p>Es una de las experiencias de videochat aleatorio m\u00e1s fluidas que existen actualmente en l\u00ednea, especialmente en comparaci\u00f3n con competidores sobrecargados que adolecen de lentitud de carga o de interfaces con errores.<\/p>\n<h2>Ohmegle vs Otros Sitios de Video Chat Aleatorios<\/h2>\n<p>Con tantas alternativas al Omegle, \u00bfqu\u00e9 tal est\u00e1 Ohmegle?<\/p>\n<table>\n<thead>\n<tr>\n<th>Plataforma<\/th>\n<th>Inscripci\u00f3n<\/th>\n<th>Videochat<\/th>\n<th>Chat de texto<\/th>\n<th>Filtro de g\u00e9nero<\/th>\n<th>Asistencia m\u00f3vil<\/th>\n<th>Moderaci\u00f3n<\/th>\n<\/tr>\n<\/thead>\n<tbody>\n<tr>\n<td>Ohmegle<\/td>\n<td>No<\/td>\n<td>S\u00ed<\/td>\n<td>S\u00ed<\/td>\n<td>No<\/td>\n<td>Excelente<\/td>\n<td>Moderado<\/td>\n<\/tr>\n<tr>\n<td><a href=\"https:\/\/strangercam.com\/es\/ometv\/\">OmeTV<\/a><\/td>\n<td>No<\/td>\n<td>S\u00ed<\/td>\n<td>S\u00ed<\/td>\n<td>S\u00ed (de pago)<\/td>\n<td>Bien<\/td>\n<td>Fuerte<\/td>\n<\/tr>\n<tr>\n<td>Chatrandom<\/td>\n<td>Opcional<\/td>\n<td>S\u00ed<\/td>\n<td>S\u00ed<\/td>\n<td>S\u00ed (de pago)<\/td>\n<td>Bien<\/td>\n<td>Moderado<\/td>\n<\/tr>\n<tr>\n<td>Chatspin<\/td>\n<td>Opcional<\/td>\n<td>S\u00ed<\/td>\n<td>S\u00ed<\/td>\n<td>S\u00ed (gratuito\/pagado)<\/td>\n<td>Excelente<\/td>\n<td>Moderado<\/td>\n<\/tr>\n<tr>\n<td>Camgo<\/td>\n<td>No<\/td>\n<td>S\u00ed<\/td>\n<td>S\u00ed<\/td>\n<td>S\u00ed (de pago)<\/td>\n<td>Bien<\/td>\n<td>B\u00e1sico<\/td>\n<\/tr>\n<\/tbody>\n<\/table>\n<p>Resumen: El mayor argumento de venta de Ohmegle es su autenticidad y sencillez. A diferencia de muchos competidores que empujan a los usuarios hacia suscripciones premium o fuerzan los inicios de sesi\u00f3n, Ohmegle lo mantiene crudo y libre. Para aquellos que buscan espec\u00edficamente replicar la sensaci\u00f3n de la antigua Omegle, esto es lo m\u00e1s cercano que obtendr\u00e1.<\/p>\n<h2>Ventajas e inconvenientes<\/h2>\n<h3>Pros<\/h3>\n<ul>\n<li>100% libre y an\u00f3nimo<\/li>\n<li>Sin registro ni descargas<\/li>\n<li>Emparejamiento r\u00e1pido y bajo retardo<\/li>\n<li>Compatible con los principales navegadores<\/li>\n<li>Interfaz limpia y minimalista<\/li>\n<li>Ideal para conversaciones espont\u00e1neas e interacciones informales<\/li>\n<\/ul>\n<h3>Contras<\/h3>\n<ul>\n<li>Sin filtros de g\u00e9nero o regi\u00f3n<\/li>\n<li>Posible exposici\u00f3n a contenidos inapropiados<\/li>\n<li>Sin historial de chat ni funci\u00f3n de reconexi\u00f3n<\/li>\n<li>Sin herramientas de descubrimiento social ni opciones de seguimiento<\/li>\n<\/ul>\n<h2>Casos de uso ideales<\/h2>\n<p>Ohmegle es m\u00e1s adecuado para:<\/p>\n<ul>\n<li>Los nost\u00e1lgicos de la experiencia Omegle original<\/li>\n<li>Usuarios que disfrutan de la interacci\u00f3n social an\u00f3nima<\/li>\n<li>Nocturnos, viajeros o cualquiera que busque conversaciones espont\u00e1neas<\/li>\n<li>Personas que desean conocer a desconocidos sin presiones ni expectativas de perfil<\/li>\n<\/ul>\n<p>No es ideal para:<\/p>\n<ul>\n<li>Usuarios que buscan citas serias o relaciones duraderas<\/li>\n<li>A los que no les gusta salir en c\u00e1mara<\/li>\n<li>Cualquier persona que se sienta inc\u00f3moda con contenidos no moderados<\/li>\n<li>Usuarios menores de 18 a\u00f1os (no permitidos en la plataforma)<\/li>\n<\/ul>\n<p>Ohmegle es lo m\u00e1s parecido al cl\u00e1sico Omegle de 2025, y eso es bueno. Elimina el ruido y el desorden de las aplicaciones sociales modernas, volviendo a un formato que es r\u00e1pido, an\u00f3nimo y crudo. Si te gustaba Omegle por lo que era -conexi\u00f3n humana sin guiones ni filtros-, Ohmegle te ofrece eso y mucho m\u00e1s.<\/p>\n<p>No hay trucos. Ni formularios de inscripci\u00f3n interminables. Sin presiones. S\u00f3lo t\u00fa, tu webcam y la persona con la que el algoritmo te conecte a continuaci\u00f3n.<\/p>\n<p>Si buscas la mejor alternativa gratuita y an\u00f3nima a Omegle, Ohmegle se merece el primer puesto. Tanto si te quedas cinco minutos como si te quedas cinco horas, la experiencia es \u00fanica y humana, y en el mundo curado de hoy en d\u00eda, eso es raro.<\/p>","protected":false},"excerpt":{"rendered":"<p>When Omegle shut down in 2023, millions of users were left without a go-to place for spontaneous, anonymous video chatting with strangers. In the wake of its disappearance, several alternatives have emerged\u2014but few have gained as much traction as Ohmegle. Designed to fill the exact void left behind, Ohmegle offers a nearly identical experience with [&hellip;]<\/p>\n","protected":false},"author":6,"featured_media":0,"parent":0,"menu_order":0,"comment_status":"closed","ping_status":"closed","template":"","meta":{"footnotes":""},"class_list":["post-12892","page","type-page","status-publish","hentry"],"yoast_head":"<!-- This site is optimized with the Yoast SEO plugin v27.4 - https:\/\/yoast.com\/product\/yoast-seo-wordpress\/ -->\n<title>Ohmegle - Talk to Strangers Omegle Alternative on StrangerCam.com<\/title>\n<meta name=\"description\" content=\"Like Ohmegle? Come chat with more than 5.000.000 strangers on Stranger Cam for Free! Turn on your cam and find new friends &amp; maby a match!\" \/>\n<meta name=\"robots\" content=\"index, follow, max-snippet:-1, max-image-preview:large, max-video-preview:-1\" \/>\n<link rel=\"canonical\" href=\"https:\/\/strangercam.com\/es\/ohmegle\/\" \/>\n<meta property=\"og:locale\" content=\"es_ES\" \/>\n<meta property=\"og:type\" content=\"article\" \/>\n<meta property=\"og:title\" content=\"Ohmegle - Talk to Strangers Omegle Alternative on StrangerCam.com\" \/>\n<meta property=\"og:description\" content=\"Like Ohmegle? Come chat with more than 5.000.000 strangers on Stranger Cam for Free! Turn on your cam and find new friends &amp; maby a match!\" \/>\n<meta property=\"og:url\" content=\"https:\/\/strangercam.com\/es\/ohmegle\/\" \/>\n<meta property=\"og:site_name\" content=\"Strangercam\" \/>\n<meta property=\"article:publisher\" content=\"https:\/\/www.facebook.com\/strangercam\" \/>\n<meta property=\"og:image\" content=\"https:\/\/strangercam.com\/wp-content\/uploads\/2021\/10\/Untitled-2.png\" \/>\n\t<meta property=\"og:image:width\" content=\"800\" \/>\n\t<meta property=\"og:image:height\" content=\"532\" \/>\n\t<meta property=\"og:image:type\" content=\"image\/png\" \/>\n<meta name=\"twitter:card\" content=\"summary_large_image\" \/>\n<meta name=\"twitter:site\" content=\"@strangercamapp\" \/>\n<meta name=\"twitter:label1\" content=\"Tiempo de lectura\" \/>\n\t<meta name=\"twitter:data1\" content=\"6 minutos\" \/>\n<script type=\"application\/ld+json\" class=\"yoast-schema-graph\">{\"@context\":\"https:\\\/\\\/schema.org\",\"@graph\":[{\"@type\":\"WebPage\",\"@id\":\"https:\\\/\\\/strangercam.com\\\/ohmegle\\\/\",\"url\":\"https:\\\/\\\/strangercam.com\\\/ohmegle\\\/\",\"name\":\"Ohmegle - Talk to Strangers Omegle Alternative on StrangerCam.com\",\"isPartOf\":{\"@id\":\"https:\\\/\\\/strangercam.com\\\/#website\"},\"datePublished\":\"2025-06-16T13:00:37+00:00\",\"description\":\"Like Ohmegle? Come chat with more than 5.000.000 strangers on Stranger Cam for Free! Turn on your cam and find new friends & maby a match!\",\"breadcrumb\":{\"@id\":\"https:\\\/\\\/strangercam.com\\\/ohmegle\\\/#breadcrumb\"},\"inLanguage\":\"es\",\"potentialAction\":[{\"@type\":\"ReadAction\",\"target\":[\"https:\\\/\\\/strangercam.com\\\/ohmegle\\\/\"]}]},{\"@type\":\"BreadcrumbList\",\"@id\":\"https:\\\/\\\/strangercam.com\\\/ohmegle\\\/#breadcrumb\",\"itemListElement\":[{\"@type\":\"ListItem\",\"position\":1,\"name\":\"Home\",\"item\":\"https:\\\/\\\/strangercam.com\\\/\"},{\"@type\":\"ListItem\",\"position\":2,\"name\":\"Ohmegle\"}]},{\"@type\":\"WebSite\",\"@id\":\"https:\\\/\\\/strangercam.com\\\/#website\",\"url\":\"https:\\\/\\\/strangercam.com\\\/\",\"name\":\"Strangercam\",\"description\":\"Random Video Chat with Strangers\",\"publisher\":{\"@id\":\"https:\\\/\\\/strangercam.com\\\/#organization\"},\"alternateName\":\"Strangercam.com\",\"potentialAction\":[{\"@type\":\"SearchAction\",\"target\":{\"@type\":\"EntryPoint\",\"urlTemplate\":\"https:\\\/\\\/strangercam.com\\\/?s={search_term_string}\"},\"query-input\":{\"@type\":\"PropertyValueSpecification\",\"valueRequired\":true,\"valueName\":\"search_term_string\"}}],\"inLanguage\":\"es\"},{\"@type\":\"Organization\",\"@id\":\"https:\\\/\\\/strangercam.com\\\/#organization\",\"name\":\"Strangercam\",\"alternateName\":\"Strangercam.com\",\"url\":\"https:\\\/\\\/strangercam.com\\\/\",\"logo\":{\"@type\":\"ImageObject\",\"inLanguage\":\"es\",\"@id\":\"https:\\\/\\\/strangercam.com\\\/#\\\/schema\\\/logo\\\/image\\\/\",\"url\":\"https:\\\/\\\/strangercam.com\\\/wp-content\\\/uploads\\\/2020\\\/11\\\/cropped-new-favicon-black.png\",\"contentUrl\":\"https:\\\/\\\/strangercam.com\\\/wp-content\\\/uploads\\\/2020\\\/11\\\/cropped-new-favicon-black.png\",\"width\":512,\"height\":512,\"caption\":\"Strangercam\"},\"image\":{\"@id\":\"https:\\\/\\\/strangercam.com\\\/#\\\/schema\\\/logo\\\/image\\\/\"},\"sameAs\":[\"https:\\\/\\\/www.facebook.com\\\/strangercam\",\"https:\\\/\\\/x.com\\\/strangercamapp\"]}]}<\/script>\n<!-- \/ Yoast SEO plugin. -->","yoast_head_json":{"title":"Ohmegle - Talk to Strangers Omegle Alternativa en StrangerCam.com","description":"Si te gusta Ohmegle, chatea gratis con m\u00e1s de 5.000.000 de desconocidos en Stranger Cam. Enciende tu c\u00e1mara y encuentra nuevos amigos y tal vez pareja.","robots":{"index":"index","follow":"follow","max-snippet":"max-snippet:-1","max-image-preview":"max-image-preview:large","max-video-preview":"max-video-preview:-1"},"canonical":"https:\/\/strangercam.com\/es\/ohmegle\/","og_locale":"es_ES","og_type":"article","og_title":"Ohmegle - Talk to Strangers Omegle Alternative on StrangerCam.com","og_description":"Like Ohmegle? Come chat with more than 5.000.000 strangers on Stranger Cam for Free! Turn on your cam and find new friends & maby a match!","og_url":"https:\/\/strangercam.com\/es\/ohmegle\/","og_site_name":"Strangercam","article_publisher":"https:\/\/www.facebook.com\/strangercam","og_image":[{"width":800,"height":532,"url":"https:\/\/strangercam.com\/wp-content\/uploads\/2021\/10\/Untitled-2.png","type":"image\/png"}],"twitter_card":"summary_large_image","twitter_site":"@strangercamapp","twitter_misc":{"Tiempo de lectura":"6 minutos"},"schema":{"@context":"https:\/\/schema.org","@graph":[{"@type":"WebPage","@id":"https:\/\/strangercam.com\/ohmegle\/","url":"https:\/\/strangercam.com\/ohmegle\/","name":"Ohmegle - Talk to Strangers Omegle Alternativa en StrangerCam.com","isPartOf":{"@id":"https:\/\/strangercam.com\/#website"},"datePublished":"2025-06-16T13:00:37+00:00","description":"Si te gusta Ohmegle, chatea gratis con m\u00e1s de 5.000.000 de desconocidos en Stranger Cam. Enciende tu c\u00e1mara y encuentra nuevos amigos y tal vez pareja.","breadcrumb":{"@id":"https:\/\/strangercam.com\/ohmegle\/#breadcrumb"},"inLanguage":"es","potentialAction":[{"@type":"ReadAction","target":["https:\/\/strangercam.com\/ohmegle\/"]}]},{"@type":"BreadcrumbList","@id":"https:\/\/strangercam.com\/ohmegle\/#breadcrumb","itemListElement":[{"@type":"ListItem","position":1,"name":"Home","item":"https:\/\/strangercam.com\/"},{"@type":"ListItem","position":2,"name":"Ohmegle"}]},{"@type":"WebSite","@id":"https:\/\/strangercam.com\/#website","url":"https:\/\/strangercam.com\/","name":"Strangercam","description":"Videochat aleatorio con desconocidos","publisher":{"@id":"https:\/\/strangercam.com\/#organization"},"alternateName":"Strangercam.com","potentialAction":[{"@type":"SearchAction","target":{"@type":"EntryPoint","urlTemplate":"https:\/\/strangercam.com\/?s={search_term_string}"},"query-input":{"@type":"PropertyValueSpecification","valueRequired":true,"valueName":"search_term_string"}}],"inLanguage":"es"},{"@type":"Organization","@id":"https:\/\/strangercam.com\/#organization","name":"Strangercam","alternateName":"Strangercam.com","url":"https:\/\/strangercam.com\/","logo":{"@type":"ImageObject","inLanguage":"es","@id":"https:\/\/strangercam.com\/#\/schema\/logo\/image\/","url":"https:\/\/strangercam.com\/wp-content\/uploads\/2020\/11\/cropped-new-favicon-black.png","contentUrl":"https:\/\/strangercam.com\/wp-content\/uploads\/2020\/11\/cropped-new-favicon-black.png","width":512,"height":512,"caption":"Strangercam"},"image":{"@id":"https:\/\/strangercam.com\/#\/schema\/logo\/image\/"},"sameAs":["https:\/\/www.facebook.com\/strangercam","https:\/\/x.com\/strangercamapp"]}]}},"_links":{"self":[{"href":"https:\/\/strangercam.com\/es\/wp-json\/wp\/v2\/pages\/12892","targetHints":{"allow":["GET"]}}],"collection":[{"href":"https:\/\/strangercam.com\/es\/wp-json\/wp\/v2\/pages"}],"about":[{"href":"https:\/\/strangercam.com\/es\/wp-json\/wp\/v2\/types\/page"}],"author":[{"embeddable":true,"href":"https:\/\/strangercam.com\/es\/wp-json\/wp\/v2\/users\/6"}],"replies":[{"embeddable":true,"href":"https:\/\/strangercam.com\/es\/wp-json\/wp\/v2\/comments?post=12892"}],"version-history":[{"count":2,"href":"https:\/\/strangercam.com\/es\/wp-json\/wp\/v2\/pages\/12892\/revisions"}],"predecessor-version":[{"id":12894,"href":"https:\/\/strangercam.com\/es\/wp-json\/wp\/v2\/pages\/12892\/revisions\/12894"}],"wp:attachment":[{"href":"https:\/\/strangercam.com\/es\/wp-json\/wp\/v2\/media?parent=12892"}],"curies":[{"name":"wp","href":"https:\/\/api.w.org\/{rel}","templated":true}]}}