{"id":12890,"date":"2025-06-16T14:55:58","date_gmt":"2025-06-16T12:55:58","guid":{"rendered":"https:\/\/strangercam.com\/?page_id=12890"},"modified":"2025-06-16T14:57:21","modified_gmt":"2025-06-16T12:57:21","slug":"anoncam","status":"publish","type":"page","link":"https:\/\/strangercam.com\/es\/anoncam\/","title":{"rendered":"AnonCam"},"content":{"rendered":"<p>Si echa de menos la sencillez del original <a href=\"https:\/\/strangercam.com\/es\/omegle\/\">Omegle<\/a>, Anoncam puede ser la alternativa moderna que est\u00e1s buscando. Creado para usuarios que valoran la privacidad, la espontaneidad y el compromiso cero, Anoncam reduce el chat de v\u00eddeo aleatorio a su forma m\u00e1s esencial: sin cuentas, sin biograf\u00edas, sin filtros, solo dos extra\u00f1os conectados a trav\u00e9s de una webcam.<\/p>\n<p>En esta revisi\u00f3n en profundidad, vamos a desglosar lo que es Anoncam, qu\u00e9 caracter\u00edsticas ofrece, c\u00f3mo se compara con otros sitios populares como Omegle, <a href=\"https:\/\/strangercam.com\/es\/chatroulette\/\">Chatroulette<\/a>, y Chatrandom, y si es la plataforma adecuada para usted en 2025.<\/p>\n<h2>\u00bfQu\u00e9 es Anoncam?<\/h2>\n<p>Anoncam es una plataforma de videochat 100% an\u00f3nimo y aleatorio que te conecta cara a cara con desconocidos de todo el mundo. Sigue el modelo tradicional de chat con webcam uno a uno popularizado por Omegle, pero lo mejora con una interfaz m\u00e1s r\u00e1pida, un mayor rendimiento en dispositivos m\u00f3viles y una mayor atenci\u00f3n a la seguridad del usuario.<\/p>\n<p>No hay que registrarse, ni nombres de usuario, ni perfiles, ni fotos. Cuando visitas Anoncam, est\u00e1s a un clic de chatear por v\u00eddeo en directo con alguien nuevo.<\/p>\n<h2>\u00bfPara qu\u00e9 sirve Anoncam?<\/h2>\n<p>Anoncam se basa en una idea sencilla: hablar con desconocidos sin revelar qui\u00e9n eres. En una era en la que la mayor\u00eda de las plataformas sociales se rigen por perfiles, seguidores e identidades digitales, Anoncam ofrece una rara v\u00eda de escape. Revive el esp\u00edritu de los primeros tiempos de Internet: conversaciones espont\u00e1neas y en tiempo real con completos desconocidos, sin ataduras a tu vida en las redes sociales.<\/p>\n<p>Sus principales objetivos son:<\/p>\n<ul>\n<li>Facilitar una interacci\u00f3n humana aut\u00e9ntica y an\u00f3nima<\/li>\n<li>Para ayudar a los usuarios <a href=\"https:\/\/strangercam.com\/es\/coomeet\/\">conozca<\/a> personas sin el bagaje de perfiles o historia<\/li>\n<li>Proporcionar un espacio seguro para la expresi\u00f3n, la conexi\u00f3n y la conversaci\u00f3n<\/li>\n<\/ul>\n<p>Si est\u00e1s aburrido, te sientes solo, tienes curiosidad o simplemente quieres hablar libremente sin ser juzgado, Anoncam te ofrece un entorno sin presiones para hacerlo.<\/p>\n<h2>Caracter\u00edsticas principales<\/h2>\n<p>1. Videochat an\u00f3nimo uno a uno<br \/>\nEn esencia, Anoncam consiste en conexiones de v\u00eddeo instant\u00e1neas. Entras en el sitio, haces clic en \"Empezar\" y se te empareja con otro desconocido utilizando su webcam. Sin nombres de usuario, sin proceso de emparejamiento: s\u00f3lo dos personas cara a cara.<\/p>\n<p>2. Funci\u00f3n r\u00e1pida de coincidencia y omisi\u00f3n<br \/>\nPuede pasar a la siguiente persona con un solo clic. El emparejamiento es casi instant\u00e1neo, con un buffering o tiempo de inactividad m\u00ednimo entre sesiones, especialmente en horas punta.<\/p>\n<p>3. No requiere cuenta ni inicio de sesi\u00f3n<br \/>\nUna de las caracter\u00edsticas que definen a Anoncam es su experiencia completamente an\u00f3nima. No necesitas registrarte ni proporcionar ninguna informaci\u00f3n para utilizar el sitio. Cada sesi\u00f3n de chat es temporal y no deja huella digital.<\/p>\n<p>4. Dise\u00f1o compatible con dispositivos m\u00f3viles<br \/>\nAnoncam funciona bien tanto en navegadores de escritorio como m\u00f3viles. Su dise\u00f1o est\u00e1 optimizado para el uso t\u00e1ctil, lo que permite acceder r\u00e1pidamente a la c\u00e1mara y emparejarla sin necesidad de descargar una aplicaci\u00f3n.<\/p>\n<p>5. Chat de texto opcional<br \/>\nAunque se centra en el v\u00eddeo, Anoncam tambi\u00e9n incluye una opci\u00f3n de chat de texto, ya sea junto al v\u00eddeo o como alternativa para los usuarios que no quieran hablar o tengan problemas t\u00e9cnicos.<\/p>\n<p>6. Herramientas de informe y moderaci\u00f3n<br \/>\nLos usuarios pueden denunciar r\u00e1pidamente comportamientos inapropiados, y un equipo de moderaci\u00f3n se encarga de revisar y expulsar a los usuarios que infringen las normas de la plataforma. Aunque ning\u00fan sitio de chat es perfecto, Anoncam se toma muy en serio la seguridad de los usuarios.<\/p>\n<h2>\u00bfEs gratis Anoncam?<\/h2>\n<p>S\u00ed, Anoncam es completamente gratis. No hay costes ocultos, muros de pago o funciones bloqueadas. Tienes acceso ilimitado a:<\/p>\n<ul>\n<li>Videochat<\/li>\n<li>Chat de texto<\/li>\n<li>Omisi\u00f3n de partidos<\/li>\n<li>Uso de m\u00f3viles y ordenadores de sobremesa<\/li>\n<\/ul>\n<p>No hay ning\u00fan nivel premium (a partir de 2025), lo que mantiene la experiencia accesible a todo el mundo y reduce el riesgo de que los estafadores abusen de las funciones premium.<\/p>\n<h2>\u00bfQui\u00e9n utiliza Anoncam?<\/h2>\n<p>Anoncam ha creado una base de usuarios global que abarca diferentes grupos demogr\u00e1ficos, pero que comparte algunos rasgos b\u00e1sicos:<\/p>\n<ul>\n<li>Rango de edad: Principalmente de 18 a 35<\/li>\n<li>Desglose por sexos: En su mayor\u00eda hombres, pero las mujeres son activas, especialmente durante las horas de mayor tr\u00e1fico.<\/li>\n<li>Intenci\u00f3n: Conversaciones casuales, flirteo, desahogo, pr\u00e1ctica de idiomas o simplemente pasar el rato.<\/li>\n<\/ul>\n<p>Es especialmente popular entre:<\/p>\n<ul>\n<li>Estudiantes universitarios<\/li>\n<li>Nocturnos en busca de compa\u00f1\u00eda<\/li>\n<li>N\u00f3madas digitales y viajeros<\/li>\n<li>Personas que buscan un descanso de las redes sociales<\/li>\n<\/ul>\n<p>Por su anonimato, Anoncam tambi\u00e9n atrae a usuarios que quieren hablar libremente, compartir pensamientos o explorar temas sin atarlos a una identidad personal.<\/p>\n<h2>Seguridad, privacidad y moderaci\u00f3n<\/h2>\n<p>El anonimato puede ser liberador, pero tambi\u00e9n suscita preocupaciones v\u00e1lidas en torno al comportamiento de los usuarios. Anoncam trata de resolver este problema con una estrategia de seguridad equilibrada:<\/p>\n<h3>Privacidad<\/h3>\n<ul>\n<li>Sin cuentas ni inicios de sesi\u00f3n<\/li>\n<li>No se graban ni guardan los chats de v\u00eddeo<\/li>\n<li>Su direcci\u00f3n IP no es visible p\u00fablicamente<\/li>\n<li>No se comparten datos con terceros<\/li>\n<\/ul>\n<h3>Moderaci\u00f3n<\/h3>\n<ul>\n<li>Bot\u00f3n de informe en la aplicaci\u00f3n durante las videoconferencias<\/li>\n<li>Detecci\u00f3n de desnudos o contenidos ofensivos basada en IA<\/li>\n<li>Baneos r\u00e1pidos para reincidentes o usuarios denunciados<\/li>\n<li>Moderaci\u00f3n en tiempo real de las sesiones de alto tr\u00e1fico<\/li>\n<\/ul>\n<p>Como siempre, los usuarios deben ser precavidos:<\/p>\n<ul>\n<li>No comparta nunca informaci\u00f3n personal<\/li>\n<li>Omitir a los usuarios sospechosos o agresivos<\/li>\n<li>Utilizar la funci\u00f3n de informe cuando sea necesario<\/li>\n<\/ul>\n<h2>Interfaz y experiencia de usuario<\/h2>\n<p>La interfaz de usuario de Anoncam es sencilla y eficaz. La p\u00e1gina de inicio contiene solo lo esencial:<\/p>\n<ul>\n<li>Bot\u00f3n \"Iniciar chat<\/li>\n<li>Normas b\u00e1sicas<\/li>\n<li>Indicaciones de permiso de c\u00e1mara y micr\u00f3fono<\/li>\n<\/ul>\n<p>Una vez que haces clic para empezar, se te emparejar\u00e1 con alguien en cuesti\u00f3n de segundos. Los controles en pantalla te permiten:<\/p>\n<ul>\n<li>Saltar<\/li>\n<li>Silenciar el micr\u00f3fono<\/li>\n<li>Finalizar el chat<\/li>\n<li>Informe<\/li>\n<\/ul>\n<p>No hay ventanas emergentes, avisos de registro ni distracciones. <a href=\"https:\/\/strangercam.com\/es\/bazoocam\/\">leva<\/a> plataformas de chat que impulsan las ventas adicionales o los anuncios de forma agresiva.<\/p>\n<p>En cuanto al rendimiento, el sitio funciona sin problemas incluso en dispositivos de gama media, y es compatible con Chrome, Firefox, Safari y Edge en todas las plataformas.<\/p>\n<h2>Anoncam frente a otras plataformas de chat an\u00f3nimo<\/h2>\n<p>Anoncam se sit\u00faa en un nicho espec\u00edfico de videochat aleatorio verdaderamente an\u00f3nimo. As\u00ed es como se compara con otros jugadores importantes:<\/p>\n<table>\n<thead>\n<tr>\n<th>Plataforma<\/th>\n<th>Inscripci\u00f3n<\/th>\n<th>Videochat<\/th>\n<th>Chat de texto<\/th>\n<th>Filtros<\/th>\n<th>Anonimato<\/th>\n<th>Moderaci\u00f3n<\/th>\n<\/tr>\n<\/thead>\n<tbody>\n<tr>\n<td>Anoncam<\/td>\n<td>No<\/td>\n<td>S\u00ed<\/td>\n<td>S\u00ed<\/td>\n<td>No<\/td>\n<td>Fuerte<\/td>\n<td>Moderado<\/td>\n<\/tr>\n<tr>\n<td>Omegle<\/td>\n<td>No<\/td>\n<td>S\u00ed<\/td>\n<td>S\u00ed<\/td>\n<td>No<\/td>\n<td>Fuerte<\/td>\n<td>D\u00e9bil<\/td>\n<\/tr>\n<tr>\n<td>Chatroulette<\/td>\n<td>No<\/td>\n<td>S\u00ed<\/td>\n<td>Limitado<\/td>\n<td>S\u00ed<\/td>\n<td>Moderado<\/td>\n<td>Moderado<\/td>\n<\/tr>\n<tr>\n<td>Chatrandom<\/td>\n<td>Opcional<\/td>\n<td>S\u00ed<\/td>\n<td>S\u00ed<\/td>\n<td>S\u00ed<\/td>\n<td>Moderado<\/td>\n<td>Fuerte<\/td>\n<\/tr>\n<tr>\n<td><a href=\"https:\/\/strangercam.com\/es\/ometv\/\">OmeTV<\/a><\/td>\n<td>No<\/td>\n<td>S\u00ed<\/td>\n<td>S\u00ed<\/td>\n<td>S\u00ed<\/td>\n<td>Moderado<\/td>\n<td>Fuerte<\/td>\n<\/tr>\n<\/tbody>\n<\/table>\n<p>Resumen: Anoncam prioriza el anonimato sobre los filtros o las funciones premium. Si buscas algo m\u00ednimo, crudo e instant\u00e1neo, supera a las plataformas que han virado hacia sistemas basados en cuentas o monetizados.<\/p>\n<h2>Ventajas e inconvenientes<\/h2>\n<h3>Pros<\/h3>\n<ul>\n<li>Videochat realmente an\u00f3nimo<\/li>\n<li>No se requiere registro ni datos personales<\/li>\n<li>Adaptaci\u00f3n r\u00e1pida y rendimiento estable<\/li>\n<li>Compatible con m\u00f3viles y ordenadores de sobremesa<\/li>\n<li>Gratis para siempre: sin gastos ocultos<\/li>\n<li>Ideal para conversaciones informales, desahogos o charlas espont\u00e1neas<\/li>\n<\/ul>\n<h3>Contras<\/h3>\n<ul>\n<li>Sin filtros de g\u00e9nero ni de pa\u00eds<\/li>\n<li>Exposici\u00f3n ocasional a usuarios inapropiados<\/li>\n<li>Base de usuarios limitada en comparaci\u00f3n con plataformas m\u00e1s antiguas<\/li>\n<li>No hay partidos guardados ni funciones sociales<\/li>\n<\/ul>\n<h2>Casos de uso ideales<\/h2>\n<p>Anoncam es ideal para personas que:<\/p>\n<ul>\n<li>Desean una interacci\u00f3n an\u00f3nima y cara a cara<\/li>\n<li>Echa de menos la sencillez original del Omegle<\/li>\n<li>Los introvertidos buscan conectar sin la presi\u00f3n de un perfil<\/li>\n<li>S\u00f3lo quieren hablar o desahogarse sin ser juzgados<\/li>\n<li>Exploran conversaciones y amistades internacionales<\/li>\n<\/ul>\n<p>No es ideal para:<\/p>\n<ul>\n<li>Usuarios que buscan experiencias centradas en las citas<\/li>\n<li>Personas inc\u00f3modas ante una webcam<\/li>\n<li>Los que esperan una b\u00fasqueda de pareja basada en perfiles<\/li>\n<li>Usuarios menores de edad (Anoncam es s\u00f3lo para mayores de 18 a\u00f1os)<\/li>\n<\/ul>\n<p>Anoncam revive con \u00e9xito la visi\u00f3n original del videochat aleatorio: r\u00e1pido, an\u00f3nimo y humano. En una \u00e9poca en la que la mayor\u00eda de las aplicaciones quieren tus datos, tu dinero y tu tiempo, Anoncam solo quiere una cosa: una conversaci\u00f3n en tiempo real entre dos desconocidos.<\/p>\n<p>No est\u00e1 repleta de funciones ni suscripciones. No pretende ser una aplicaci\u00f3n de citas. Y no requiere tu correo electr\u00f3nico, nombre o ubicaci\u00f3n. S\u00f3lo t\u00fa y la otra persona, cara a cara, durante unos segundos -o minutos- antes de pasar a otra cosa.<\/p>\n<p>Si buscas una forma privada y sin ataduras de conocer gente nueva en l\u00ednea en 2025, Anoncam es una de las mejores plataformas minimalistas disponibles. Sencilla, gratuita y an\u00f3nima, tal y como debe ser el chat aleatorio.<\/p>","protected":false},"excerpt":{"rendered":"<p>If you miss the simplicity of the original Omegle, where you could jump into a video chat with a stranger instantly and anonymously, Anoncam might just be the modern-day alternative you\u2019re looking for. Built for users who value privacy, spontaneity, and zero commitment, Anoncam strips random video chat down to its most essential form\u2014no accounts, [&hellip;]<\/p>\n","protected":false},"author":6,"featured_media":0,"parent":0,"menu_order":0,"comment_status":"closed","ping_status":"closed","template":"","meta":{"footnotes":""},"class_list":["post-12890","page","type-page","status-publish","hentry"],"yoast_head":"<!-- This site is optimized with the Yoast SEO plugin v27.4 - https:\/\/yoast.com\/product\/yoast-seo-wordpress\/ -->\n<title>AnonCam - Real Anon Random Video Chat on StrangerCam.com<\/title>\n<meta name=\"description\" content=\"Like AnonCam? Come chat with more than 5.000.000 strangers on Stranger Cam for Free! Turn on your cam and find new friends &amp; maby a match!\" \/>\n<meta name=\"robots\" content=\"index, follow, max-snippet:-1, max-image-preview:large, max-video-preview:-1\" \/>\n<link rel=\"canonical\" href=\"https:\/\/strangercam.com\/es\/anoncam\/\" \/>\n<meta property=\"og:locale\" content=\"es_ES\" \/>\n<meta property=\"og:type\" content=\"article\" \/>\n<meta property=\"og:title\" content=\"AnonCam - Real Anon Random Video Chat on StrangerCam.com\" \/>\n<meta property=\"og:description\" content=\"Like AnonCam? Come chat with more than 5.000.000 strangers on Stranger Cam for Free! Turn on your cam and find new friends &amp; maby a match!\" \/>\n<meta property=\"og:url\" content=\"https:\/\/strangercam.com\/es\/anoncam\/\" \/>\n<meta property=\"og:site_name\" content=\"Strangercam\" \/>\n<meta property=\"article:publisher\" content=\"https:\/\/www.facebook.com\/strangercam\" \/>\n<meta property=\"article:modified_time\" content=\"2025-06-16T12:57:21+00:00\" \/>\n<meta property=\"og:image\" content=\"https:\/\/strangercam.com\/wp-content\/uploads\/2021\/10\/Untitled-2.png\" \/>\n\t<meta property=\"og:image:width\" content=\"800\" \/>\n\t<meta property=\"og:image:height\" content=\"532\" \/>\n\t<meta property=\"og:image:type\" content=\"image\/png\" \/>\n<meta name=\"twitter:card\" content=\"summary_large_image\" \/>\n<meta name=\"twitter:site\" content=\"@strangercamapp\" \/>\n<meta name=\"twitter:label1\" content=\"Tiempo de lectura\" \/>\n\t<meta name=\"twitter:data1\" content=\"6 minutos\" \/>\n<script type=\"application\/ld+json\" class=\"yoast-schema-graph\">{\"@context\":\"https:\\\/\\\/schema.org\",\"@graph\":[{\"@type\":\"WebPage\",\"@id\":\"https:\\\/\\\/strangercam.com\\\/anoncam\\\/\",\"url\":\"https:\\\/\\\/strangercam.com\\\/anoncam\\\/\",\"name\":\"AnonCam - Real Anon Random Video Chat on StrangerCam.com\",\"isPartOf\":{\"@id\":\"https:\\\/\\\/strangercam.com\\\/#website\"},\"datePublished\":\"2025-06-16T12:55:58+00:00\",\"dateModified\":\"2025-06-16T12:57:21+00:00\",\"description\":\"Like AnonCam? Come chat with more than 5.000.000 strangers on Stranger Cam for Free! Turn on your cam and find new friends & maby a match!\",\"breadcrumb\":{\"@id\":\"https:\\\/\\\/strangercam.com\\\/anoncam\\\/#breadcrumb\"},\"inLanguage\":\"es\",\"potentialAction\":[{\"@type\":\"ReadAction\",\"target\":[\"https:\\\/\\\/strangercam.com\\\/anoncam\\\/\"]}]},{\"@type\":\"BreadcrumbList\",\"@id\":\"https:\\\/\\\/strangercam.com\\\/anoncam\\\/#breadcrumb\",\"itemListElement\":[{\"@type\":\"ListItem\",\"position\":1,\"name\":\"Home\",\"item\":\"https:\\\/\\\/strangercam.com\\\/\"},{\"@type\":\"ListItem\",\"position\":2,\"name\":\"AnonCam\"}]},{\"@type\":\"WebSite\",\"@id\":\"https:\\\/\\\/strangercam.com\\\/#website\",\"url\":\"https:\\\/\\\/strangercam.com\\\/\",\"name\":\"Strangercam\",\"description\":\"Random Video Chat with Strangers\",\"publisher\":{\"@id\":\"https:\\\/\\\/strangercam.com\\\/#organization\"},\"alternateName\":\"Strangercam.com\",\"potentialAction\":[{\"@type\":\"SearchAction\",\"target\":{\"@type\":\"EntryPoint\",\"urlTemplate\":\"https:\\\/\\\/strangercam.com\\\/?s={search_term_string}\"},\"query-input\":{\"@type\":\"PropertyValueSpecification\",\"valueRequired\":true,\"valueName\":\"search_term_string\"}}],\"inLanguage\":\"es\"},{\"@type\":\"Organization\",\"@id\":\"https:\\\/\\\/strangercam.com\\\/#organization\",\"name\":\"Strangercam\",\"alternateName\":\"Strangercam.com\",\"url\":\"https:\\\/\\\/strangercam.com\\\/\",\"logo\":{\"@type\":\"ImageObject\",\"inLanguage\":\"es\",\"@id\":\"https:\\\/\\\/strangercam.com\\\/#\\\/schema\\\/logo\\\/image\\\/\",\"url\":\"https:\\\/\\\/strangercam.com\\\/wp-content\\\/uploads\\\/2020\\\/11\\\/cropped-new-favicon-black.png\",\"contentUrl\":\"https:\\\/\\\/strangercam.com\\\/wp-content\\\/uploads\\\/2020\\\/11\\\/cropped-new-favicon-black.png\",\"width\":512,\"height\":512,\"caption\":\"Strangercam\"},\"image\":{\"@id\":\"https:\\\/\\\/strangercam.com\\\/#\\\/schema\\\/logo\\\/image\\\/\"},\"sameAs\":[\"https:\\\/\\\/www.facebook.com\\\/strangercam\",\"https:\\\/\\\/x.com\\\/strangercamapp\"]}]}<\/script>\n<!-- \/ Yoast SEO plugin. -->","yoast_head_json":{"title":"AnonCam - Videochat real an\u00f3nimo aleatorio en StrangerCam.com","description":"\u00bfTe gusta AnonCam? \u00a1Ven a chatear gratis con m\u00e1s de 5.000.000 de desconocidos en Stranger Cam! \u00a1Enciende tu c\u00e1mara y encuentra nuevos amigos y tal vez una pareja!","robots":{"index":"index","follow":"follow","max-snippet":"max-snippet:-1","max-image-preview":"max-image-preview:large","max-video-preview":"max-video-preview:-1"},"canonical":"https:\/\/strangercam.com\/es\/anoncam\/","og_locale":"es_ES","og_type":"article","og_title":"AnonCam - Real Anon Random Video Chat on StrangerCam.com","og_description":"Like AnonCam? Come chat with more than 5.000.000 strangers on Stranger Cam for Free! Turn on your cam and find new friends & maby a match!","og_url":"https:\/\/strangercam.com\/es\/anoncam\/","og_site_name":"Strangercam","article_publisher":"https:\/\/www.facebook.com\/strangercam","article_modified_time":"2025-06-16T12:57:21+00:00","og_image":[{"width":800,"height":532,"url":"https:\/\/strangercam.com\/wp-content\/uploads\/2021\/10\/Untitled-2.png","type":"image\/png"}],"twitter_card":"summary_large_image","twitter_site":"@strangercamapp","twitter_misc":{"Tiempo de lectura":"6 minutos"},"schema":{"@context":"https:\/\/schema.org","@graph":[{"@type":"WebPage","@id":"https:\/\/strangercam.com\/anoncam\/","url":"https:\/\/strangercam.com\/anoncam\/","name":"AnonCam - Videochat real an\u00f3nimo aleatorio en StrangerCam.com","isPartOf":{"@id":"https:\/\/strangercam.com\/#website"},"datePublished":"2025-06-16T12:55:58+00:00","dateModified":"2025-06-16T12:57:21+00:00","description":"\u00bfTe gusta AnonCam? \u00a1Ven a chatear gratis con m\u00e1s de 5.000.000 de desconocidos en Stranger Cam! \u00a1Enciende tu c\u00e1mara y encuentra nuevos amigos y tal vez una pareja!","breadcrumb":{"@id":"https:\/\/strangercam.com\/anoncam\/#breadcrumb"},"inLanguage":"es","potentialAction":[{"@type":"ReadAction","target":["https:\/\/strangercam.com\/anoncam\/"]}]},{"@type":"BreadcrumbList","@id":"https:\/\/strangercam.com\/anoncam\/#breadcrumb","itemListElement":[{"@type":"ListItem","position":1,"name":"Home","item":"https:\/\/strangercam.com\/"},{"@type":"ListItem","position":2,"name":"AnonCam"}]},{"@type":"WebSite","@id":"https:\/\/strangercam.com\/#website","url":"https:\/\/strangercam.com\/","name":"Strangercam","description":"Videochat aleatorio con desconocidos","publisher":{"@id":"https:\/\/strangercam.com\/#organization"},"alternateName":"Strangercam.com","potentialAction":[{"@type":"SearchAction","target":{"@type":"EntryPoint","urlTemplate":"https:\/\/strangercam.com\/?s={search_term_string}"},"query-input":{"@type":"PropertyValueSpecification","valueRequired":true,"valueName":"search_term_string"}}],"inLanguage":"es"},{"@type":"Organization","@id":"https:\/\/strangercam.com\/#organization","name":"Strangercam","alternateName":"Strangercam.com","url":"https:\/\/strangercam.com\/","logo":{"@type":"ImageObject","inLanguage":"es","@id":"https:\/\/strangercam.com\/#\/schema\/logo\/image\/","url":"https:\/\/strangercam.com\/wp-content\/uploads\/2020\/11\/cropped-new-favicon-black.png","contentUrl":"https:\/\/strangercam.com\/wp-content\/uploads\/2020\/11\/cropped-new-favicon-black.png","width":512,"height":512,"caption":"Strangercam"},"image":{"@id":"https:\/\/strangercam.com\/#\/schema\/logo\/image\/"},"sameAs":["https:\/\/www.facebook.com\/strangercam","https:\/\/x.com\/strangercamapp"]}]}},"_links":{"self":[{"href":"https:\/\/strangercam.com\/es\/wp-json\/wp\/v2\/pages\/12890","targetHints":{"allow":["GET"]}}],"collection":[{"href":"https:\/\/strangercam.com\/es\/wp-json\/wp\/v2\/pages"}],"about":[{"href":"https:\/\/strangercam.com\/es\/wp-json\/wp\/v2\/types\/page"}],"author":[{"embeddable":true,"href":"https:\/\/strangercam.com\/es\/wp-json\/wp\/v2\/users\/6"}],"replies":[{"embeddable":true,"href":"https:\/\/strangercam.com\/es\/wp-json\/wp\/v2\/comments?post=12890"}],"version-history":[{"count":1,"href":"https:\/\/strangercam.com\/es\/wp-json\/wp\/v2\/pages\/12890\/revisions"}],"predecessor-version":[{"id":12891,"href":"https:\/\/strangercam.com\/es\/wp-json\/wp\/v2\/pages\/12890\/revisions\/12891"}],"wp:attachment":[{"href":"https:\/\/strangercam.com\/es\/wp-json\/wp\/v2\/media?parent=12890"}],"curies":[{"name":"wp","href":"https:\/\/api.w.org\/{rel}","templated":true}]}}