{"id":12887,"date":"2025-06-16T14:52:18","date_gmt":"2025-06-16T12:52:18","guid":{"rendered":"https:\/\/strangercam.com\/?page_id=12887"},"modified":"2025-06-16T14:52:18","modified_gmt":"2025-06-16T12:52:18","slug":"lupulado","status":"publish","type":"page","link":"https:\/\/strangercam.com\/es\/hoppy\/","title":{"rendered":"L\u00fapulo"},"content":{"rendered":"<p>En un mundo de fatiga por deslizar el dedo y desplazamiento interminable por los perfiles de citas, Hoppy aporta algo diferente: v\u00eddeo en tiempo real. <a href=\"https:\/\/strangercam.com\/es\/chathub\/\">chat<\/a> como primer paso para conocer a alguien nuevo. Al combinar la diversi\u00f3n de los chats aleatorios c\u00e1mara a c\u00e1mara con la intenci\u00f3n de tener citas, Hoppy se sit\u00faa a medio camino entre una aplicaci\u00f3n de citas y una experiencia de b\u00fasqueda de pareja por v\u00eddeo.<\/p>\n<p>Si est\u00e1s cansado de los chats de s\u00f3lo texto que se esfuman antes de la primera cita, o de las aplicaciones de citas en las que la gente rara vez responde, Hoppy te ofrece una forma r\u00e1pida, interactiva y humana de establecer contactos genuinos.<\/p>\n<p>En esta revisi\u00f3n, exploraremos exactamente c\u00f3mo funciona Hoppy, para qui\u00e9n es mejor, qu\u00e9 caracter\u00edsticas incluye, c\u00f3mo se compara con otras plataformas, y si vale la pena su tiempo en 2025.<\/p>\n<h2>\u00bfQu\u00e9 es el l\u00fapulo?<\/h2>\n<p>Hoppy es una plataforma de citas por videochat en la que los usuarios conocen a otras personas a trav\u00e9s de videollamadas personalizadas y aleatorias. A diferencia de las aplicaciones de citas tradicionales, en las que te desplazas por los perfiles y esperas a conocer a tu pareja, Hoppy te introduce en una interacci\u00f3n en directo desde el principio. Puedes ver y hablar con tu pareja en tiempo real y decidir al instante si hay qu\u00edmica o si hay que seguir adelante.<\/p>\n<p>La idea es sencilla: breves videoconferencias cara a cara que act\u00faan como \"primeras citas\" virtuales, ayud\u00e1ndote a saltarte los interminables mensajes de texto y ver si existe una conexi\u00f3n real desde el principio.<\/p>\n<p>A menudo se describe como:<\/p>\n<ul>\n<li>Un sitio de citas en v\u00eddeo<\/li>\n<li>Una plataforma de citas r\u00e1pidas para la era digital<\/li>\n<li>Un h\u00edbrido entre <a href=\"https:\/\/strangercam.com\/es\/chatroulette\/\">Chatroulette<\/a> y Tinder<\/li>\n<\/ul>\n<h2>\u00bfPara qu\u00e9 sirve el l\u00fapulo?<\/h2>\n<p>La misi\u00f3n de Hoppy es ayudar a la gente a construir conexiones reales y rom\u00e1nticas a trav\u00e9s del v\u00eddeo en directo. La plataforma est\u00e1 dise\u00f1ada para:<\/p>\n<ul>\n<li>Solteros que buscan una primera impresi\u00f3n m\u00e1s aut\u00e9ntica<\/li>\n<li>Gente cansada de ghosting y perfiles falsos<\/li>\n<li>Usuarios que prefieren la qu\u00edmica visual y las interacciones en directo al texto<\/li>\n<\/ul>\n<p>Mientras que la mayor\u00eda de las aplicaciones de citas se basan en biograf\u00edas y fotos filtradas, Hoppy salta directamente a la realidad: dos desconocidos cara a cara a trav\u00e9s de una webcam, decidiendo si seguir hablando o pasar p\u00e1gina.<\/p>\n<p>La plataforma es lo suficientemente informal como para coquetear y divertirse, pero lo suficientemente estructurada como para atraer a personas realmente interesadas en tener citas, no s\u00f3lo en chatear sin rumbo.<\/p>\n<h2>Caracter\u00edsticas principales<\/h2>\n<p>1. Comparaci\u00f3n aleatoria de v\u00eddeos uno a uno<br \/>\nLa principal caracter\u00edstica de Hoppy son los chats de v\u00eddeo en directo, uno a uno, con usuarios emparejados al azar. Cada conversaci\u00f3n es cronometrada y suele durar uno o dos minutos, tras los cuales ambos usuarios pueden elegir seguir conectados o pasar a otra cosa.<\/p>\n<p>2. Sistema Double Opt-In Match<br \/>\nDespu\u00e9s de un videochat, ambos usuarios pueden darle a \"me gusta\" a la interacci\u00f3n. Si ambas personas quieren volver a hablar, se crea una coincidencia y se puede seguir chateando por texto o v\u00eddeo en la app.<\/p>\n<p>3. Cola de partidos y reconexiones<br \/>\nHoppy incluye un historial de coincidencias y una lista de chats recientes, lo que te permite retomar conversaciones o volver a conectar con alguien con quien disfrutaste hablando.<\/p>\n<p>4. Filtros por sexo e intereses <em>(Funci\u00f3n Premium)<\/em><br \/>\nAunque la experiencia b\u00e1sica es aleatoria, Hoppy ofrece filtros para que puedas emparejarte con personas de un sexo o regi\u00f3n espec\u00edficos. Esto aumenta las posibilidades de encontrar una pareja que se ajuste a tus preferencias.<\/p>\n<p>5. Personalizaci\u00f3n del perfil<br \/>\nCada usuario puede construir un perfil de luz con:<\/p>\n<ul>\n<li>Foto de perfil<\/li>\n<li>Biograf\u00eda b\u00e1sica<\/li>\n<li>Ubicaci\u00f3n<\/li>\n<li>G\u00e9nero y preferencias en las citas<\/li>\n<\/ul>\n<p>Sin embargo, estos perfiles s\u00f3lo se revelan despu\u00e9s de una coincidencia, manteniendo el anonimato del videochat inicial y centr\u00e1ndose en la qu\u00edmica natural.<\/p>\n<p>6. Herramientas Anti-Ghosting<br \/>\nHoppy utiliza empujones de conversaci\u00f3n e indicaciones de coincidencias para fomentar el seguimiento de las conversaciones, minimizando el efecto de \"ciudad fantasma\" que afecta a muchas aplicaciones de citas.<\/p>\n<p>7. Normas comunitarias de seguridad<br \/>\nLos usuarios pueden denunciar comportamientos inadecuados en tiempo real. Las infracciones reiteradas conllevan prohibiciones o restricciones de acceso, y existe un equipo de moderaci\u00f3n que revisa las denuncias.<\/p>\n<h2>\u00bfEs gratis el l\u00fapulo?<\/h2>\n<p>Hoppy se puede probar gratis, con todas las funciones esenciales de videochat disponibles sin coste alguno. Sin embargo, funciona con un modelo freemium que desbloquea funciones premium por una cuota mensual.<\/p>\n<h3>Los usuarios gratuitos pueden:<\/h3>\n<ul>\n<li>Entra en videochats ilimitados<\/li>\n<li>Emparejarse y chatear con cualquier persona que les guste mutuamente<\/li>\n<li>Crear un perfil b\u00e1sico<\/li>\n<li>Volver a conectar con los partidos recientes<\/li>\n<\/ul>\n<h3>Los usuarios Premium obtienen:<\/h3>\n<ul>\n<li>Filtros por sexo y regi\u00f3n<\/li>\n<li>Acceso a m\u00e1s informaci\u00f3n sobre el perfil antes del emparejamiento<\/li>\n<li>Reencuentro ilimitado y mayor tiempo de chat<\/li>\n<li>Aumento de la visibilidad y ajuste de prioridades<\/li>\n<\/ul>\n<p>Los precios var\u00edan seg\u00fan la regi\u00f3n, pero los planes premium t\u00edpicos oscilan entre $9,99 y $19,99 al mes, dependiendo de la duraci\u00f3n de la suscripci\u00f3n.<\/p>\n<h2>\u00bfPara qui\u00e9n es Hoppy?<\/h2>\n<p>Hoppy est\u00e1 dise\u00f1ada espec\u00edficamente para solteros de entre 18 y 35 a\u00f1os, aunque los usuarios de m\u00e1s edad tambi\u00e9n son bienvenidos. Se dirige sobre todo a:<\/p>\n<ul>\n<li>Personas que se toman en serio las citas, pero est\u00e1n frustradas con las aplicaciones t\u00edpicas<\/li>\n<li>Usuarios que prefieren la videocomunicaci\u00f3n a los mensajes de texto<\/li>\n<li>Los que quieren conocer a posibles parejas cara a cara, al instante<\/li>\n<li>Cualquiera que busque una interacci\u00f3n en l\u00ednea m\u00e1s humana y menos guionizada.<\/li>\n<\/ul>\n<h3>Demograf\u00eda com\u00fan:<\/h3>\n<ul>\n<li>Igualdad entre hombres y mujeres (m\u00e1s equilibrado que muchos <a href=\"https:\/\/strangercam.com\/es\/bazoocam\/\">leva<\/a> plataformas de chat)<\/li>\n<li>Usuarios de Norteam\u00e9rica, Europa, Sudeste Asi\u00e1tico y Sudam\u00e9rica<\/li>\n<li>Individuos en busca de amor, citas casuales o conversaciones coquetas<\/li>\n<\/ul>\n<p>A diferencia de las plataformas de chat puramente aleatorias como <a href=\"https:\/\/strangercam.com\/es\/omegle\/\">Omegle<\/a>, Hoppy filtra la intenci\u00f3n: la mayor\u00eda de los usuarios est\u00e1n all\u00ed para tener citas o al menos ligar, no s\u00f3lo para charlar o trolear.<\/p>\n<h2>Seguridad, privacidad y moderaci\u00f3n<\/h2>\n<p>Hoppy se toma muy en serio la seguridad, equilibrando el anonimato con la responsabilidad.<\/p>\n<p>Caracter\u00edsticas de privacidad:<\/p>\n<ul>\n<li>Los chats est\u00e1n encriptados y no se graban<\/li>\n<li>No se comparten partidos ni datos con terceros<\/li>\n<li>Tu perfil s\u00f3lo es visible tras una coincidencia mutua<\/li>\n<\/ul>\n<p>Herramientas de moderaci\u00f3n:<\/p>\n<ul>\n<li>Informes en tiempo real<\/li>\n<li>Detecci\u00f3n de comportamientos inadecuados mediante IA y revisi\u00f3n humana<\/li>\n<li>Prohibici\u00f3n de acceso a los usuarios que infrinjan las normas de la comunidad<\/li>\n<\/ul>\n<p>Control del usuario:<\/p>\n<ul>\n<li>Saltar o finalizar un chat en cualquier momento<\/li>\n<li>Impedir que los usuarios vuelvan a emparejarse<\/li>\n<li>Controla qui\u00e9n ve tu perfil<\/li>\n<\/ul>\n<p>Como siempre, los usuarios nunca deben compartir informaci\u00f3n personal, ni siquiera en el videochat, hasta que se establezca la confianza.<\/p>\n<h2>Experiencia de usuario y dise\u00f1o<\/h2>\n<p>El dise\u00f1o de Hoppy es elegante, moderno y est\u00e1 optimizado para m\u00f3viles, aunque tambi\u00e9n es compatible con ordenadores de sobremesa. Los elementos clave son:<\/p>\n<ul>\n<li>Una gran ventana de v\u00eddeo en directo durante los chats<\/li>\n<li>M\u00ednimas distracciones o superposiciones<\/li>\n<li>Botones para borrar coincidencias, omitir o informar<\/li>\n<li>Transiciones r\u00e1pidas entre usuarios<\/li>\n<\/ul>\n<p>El formato de chat cronometrado mantiene las cosas emocionantes y sin presiones. Cada conversaci\u00f3n es breve pero significativa, y nunca te quedas atrapado en una sesi\u00f3n que no disfrutas.<\/p>\n<h2>Hoppy vs Otras Plataformas de Video Chat para Citas<\/h2>\n<p>\u00bfC\u00f3mo se compara Hoppy con otras aplicaciones similares en el \u00e1mbito de las citas por webcam?<\/p>\n<table>\n<thead>\n<tr>\n<th>Caracter\u00edstica<\/th>\n<th>L\u00fapulo<\/th>\n<th>Mono<\/th>\n<th>Camgo<\/th>\n<th><a href=\"https:\/\/strangercam.com\/es\/coomeet\/\">CooMeet<\/a><\/th>\n<th>Azar<\/th>\n<\/tr>\n<\/thead>\n<tbody>\n<tr>\n<td>Videochat 1 a 1<\/td>\n<td>S\u00ed<\/td>\n<td>S\u00ed<\/td>\n<td>S\u00ed<\/td>\n<td>S\u00ed<\/td>\n<td>S\u00ed<\/td>\n<\/tr>\n<tr>\n<td>Centrarse en las citas<\/td>\n<td>Fuerte<\/td>\n<td>D\u00e9bil<\/td>\n<td>Moderado<\/td>\n<td>Fuerte<\/td>\n<td>D\u00e9bil<\/td>\n<\/tr>\n<tr>\n<td>Uso gratuito<\/td>\n<td>S\u00ed<\/td>\n<td>S\u00ed<\/td>\n<td>S\u00ed<\/td>\n<td>Limitado<\/td>\n<td>S\u00ed<\/td>\n<\/tr>\n<tr>\n<td>Filtros de g\u00e9nero<\/td>\n<td>Pagado<\/td>\n<td>No<\/td>\n<td>Pagado<\/td>\n<td>Pagado<\/td>\n<td>Pagado<\/td>\n<\/tr>\n<tr>\n<td>Inscripci\u00f3n obligatoria<\/td>\n<td>S\u00ed<\/td>\n<td>Opcional<\/td>\n<td>No<\/td>\n<td>S\u00ed<\/td>\n<td>S\u00ed<\/td>\n<\/tr>\n<tr>\n<td>Emparejamiento en tiempo real<\/td>\n<td>S\u00ed<\/td>\n<td>S\u00ed<\/td>\n<td>S\u00ed<\/td>\n<td>S\u00ed<\/td>\n<td>S\u00ed<\/td>\n<\/tr>\n<tr>\n<td>Seguridad de la Comunidad<\/td>\n<td>Moderado<\/td>\n<td>D\u00e9bil<\/td>\n<td>Moderado<\/td>\n<td>Fuerte<\/td>\n<td>Moderado<\/td>\n<\/tr>\n<\/tbody>\n<\/table>\n<p>Resumen: Hoppy ofrece un enfoque de citas m\u00e1s fuerte en comparaci\u00f3n con la mayor\u00eda de las aplicaciones de v\u00eddeo al azar, sin ir paywall completo como CooMeet. Mantiene las cosas espont\u00e1neas pero significativas, lo que es ideal para los usuarios que buscan conexiones reales a trav\u00e9s de v\u00eddeo.<\/p>\n<h2>Ventajas e inconvenientes<\/h2>\n<p>Pros:<\/p>\n<ul>\n<li>Interacci\u00f3n instant\u00e1nea cara a cara<\/li>\n<li>Enfoque fuerte de citas, no s\u00f3lo chat casual<\/li>\n<li>Uso gratuito con acceso generoso<\/li>\n<li>Experiencia optimizada para m\u00f3viles<\/li>\n<li>Alta calidad de las coincidencias gracias al doble opt-in<\/li>\n<li>Filtros y herramientas de seguridad disponibles<\/li>\n<\/ul>\n<p>Contras:<\/p>\n<ul>\n<li>Las prestaciones premium pueden salir caras<\/li>\n<li>Algunos usuarios pueden seguir abusando del sistema<\/li>\n<li>Base de usuarios limitada en determinadas zonas horarias<\/li>\n<li>Debe estar preparado para la c\u00e1mara para participar<\/li>\n<\/ul>\n<h2>Casos de uso ideales<\/h2>\n<p>Hoppy es ideal para:<\/p>\n<ul>\n<li>Usuarios de aplicaciones de citas que quieren saltarse los mensajes interminables<\/li>\n<li>Solteros que prefieren la qu\u00edmica a las fotos<\/li>\n<li>Extrovertidos que prosperan en una conversaci\u00f3n en directo<\/li>\n<li>Curiosidad por las citas r\u00e1pidas modernas por v\u00eddeo<\/li>\n<\/ul>\n<p>No es ideal para:<\/p>\n<ul>\n<li>Usuarios a los que no les gusta salir en c\u00e1mara<\/li>\n<li>Menores de 18 a\u00f1os (s\u00f3lo para adultos)<\/li>\n<li>Los que buscan un ritmo lento de b\u00fasqueda de pareja o perfiles de citas tradicionales<\/li>\n<\/ul>\n<p>Hoppy da un giro refrescante a la escena de las citas online al poner en primer plano la interacci\u00f3n cara a cara. En lugar de deslizar el dedo sin parar o enviar mensajes de texto durante d\u00edas, los usuarios obtienen una primera impresi\u00f3n real al instante y deciden en cuesti\u00f3n de segundos si hay potencial.<\/p>\n<p>Es r\u00e1pido, divertido y sorprendentemente aut\u00e9ntico. Tanto si buscas un flirteo casual, una cita seria o simplemente quieres conocer a alguien interesante esta noche, Hoppy te ofrece una forma sencilla y accesible de conseguirlo, sin descargas ni biograf\u00edas inc\u00f3modas.<\/p>\n<p>Si est\u00e1s listo para dejar atr\u00e1s el cansancio de las aplicaciones de citas y conocer gente real en tiempo real, Hoppy merece absolutamente la pena.<\/p>","protected":false},"excerpt":{"rendered":"<p>In a world of swiping fatigue and endless scrolling through dating profiles, Hoppy brings something different to the table: real-time video chat as the first step to meeting someone new. By blending the fun of random cam-to-cam chats with the intention of dating, Hoppy positions itself somewhere between a dating app and a video matchmaking [&hellip;]<\/p>\n","protected":false},"author":6,"featured_media":0,"parent":0,"menu_order":0,"comment_status":"closed","ping_status":"closed","template":"","meta":{"footnotes":""},"class_list":["post-12887","page","type-page","status-publish","hentry"],"yoast_head":"<!-- This site is optimized with the Yoast SEO plugin v27.4 - https:\/\/yoast.com\/product\/yoast-seo-wordpress\/ -->\n<title>Hoppy - It Takes One Video To Match on StrangerCam.com<\/title>\n<meta name=\"description\" content=\"Like Hoppy? Come chat with more than 5.000.000 strangers on Stranger Cam for Free! Turn on your cam and find new friends &amp; maby a match!\" \/>\n<meta name=\"robots\" content=\"index, follow, max-snippet:-1, max-image-preview:large, max-video-preview:-1\" \/>\n<link rel=\"canonical\" href=\"https:\/\/strangercam.com\/es\/lupulado\/\" \/>\n<meta property=\"og:locale\" content=\"es_ES\" \/>\n<meta property=\"og:type\" content=\"article\" \/>\n<meta property=\"og:title\" content=\"Hoppy - It Takes One Video To Match on StrangerCam.com\" \/>\n<meta property=\"og:description\" content=\"Like Hoppy? Come chat with more than 5.000.000 strangers on Stranger Cam for Free! Turn on your cam and find new friends &amp; maby a match!\" \/>\n<meta property=\"og:url\" content=\"https:\/\/strangercam.com\/es\/lupulado\/\" \/>\n<meta property=\"og:site_name\" content=\"Strangercam\" \/>\n<meta property=\"article:publisher\" content=\"https:\/\/www.facebook.com\/strangercam\" \/>\n<meta property=\"og:image\" content=\"https:\/\/strangercam.com\/wp-content\/uploads\/2021\/10\/Untitled-2.png\" \/>\n\t<meta property=\"og:image:width\" content=\"800\" \/>\n\t<meta property=\"og:image:height\" content=\"532\" \/>\n\t<meta property=\"og:image:type\" content=\"image\/png\" \/>\n<meta name=\"twitter:card\" content=\"summary_large_image\" \/>\n<meta name=\"twitter:site\" content=\"@strangercamapp\" \/>\n<meta name=\"twitter:label1\" content=\"Tiempo de lectura\" \/>\n\t<meta name=\"twitter:data1\" content=\"6 minutos\" \/>\n<script type=\"application\/ld+json\" class=\"yoast-schema-graph\">{\"@context\":\"https:\\\/\\\/schema.org\",\"@graph\":[{\"@type\":\"WebPage\",\"@id\":\"https:\\\/\\\/strangercam.com\\\/hoppy\\\/\",\"url\":\"https:\\\/\\\/strangercam.com\\\/hoppy\\\/\",\"name\":\"Hoppy - It Takes One Video To Match on StrangerCam.com\",\"isPartOf\":{\"@id\":\"https:\\\/\\\/strangercam.com\\\/#website\"},\"datePublished\":\"2025-06-16T12:52:18+00:00\",\"description\":\"Like Hoppy? Come chat with more than 5.000.000 strangers on Stranger Cam for Free! Turn on your cam and find new friends & maby a match!\",\"breadcrumb\":{\"@id\":\"https:\\\/\\\/strangercam.com\\\/hoppy\\\/#breadcrumb\"},\"inLanguage\":\"es\",\"potentialAction\":[{\"@type\":\"ReadAction\",\"target\":[\"https:\\\/\\\/strangercam.com\\\/hoppy\\\/\"]}]},{\"@type\":\"BreadcrumbList\",\"@id\":\"https:\\\/\\\/strangercam.com\\\/hoppy\\\/#breadcrumb\",\"itemListElement\":[{\"@type\":\"ListItem\",\"position\":1,\"name\":\"Home\",\"item\":\"https:\\\/\\\/strangercam.com\\\/\"},{\"@type\":\"ListItem\",\"position\":2,\"name\":\"Hoppy\"}]},{\"@type\":\"WebSite\",\"@id\":\"https:\\\/\\\/strangercam.com\\\/#website\",\"url\":\"https:\\\/\\\/strangercam.com\\\/\",\"name\":\"Strangercam\",\"description\":\"Random Video Chat with Strangers\",\"publisher\":{\"@id\":\"https:\\\/\\\/strangercam.com\\\/#organization\"},\"alternateName\":\"Strangercam.com\",\"potentialAction\":[{\"@type\":\"SearchAction\",\"target\":{\"@type\":\"EntryPoint\",\"urlTemplate\":\"https:\\\/\\\/strangercam.com\\\/?s={search_term_string}\"},\"query-input\":{\"@type\":\"PropertyValueSpecification\",\"valueRequired\":true,\"valueName\":\"search_term_string\"}}],\"inLanguage\":\"es\"},{\"@type\":\"Organization\",\"@id\":\"https:\\\/\\\/strangercam.com\\\/#organization\",\"name\":\"Strangercam\",\"alternateName\":\"Strangercam.com\",\"url\":\"https:\\\/\\\/strangercam.com\\\/\",\"logo\":{\"@type\":\"ImageObject\",\"inLanguage\":\"es\",\"@id\":\"https:\\\/\\\/strangercam.com\\\/#\\\/schema\\\/logo\\\/image\\\/\",\"url\":\"https:\\\/\\\/strangercam.com\\\/wp-content\\\/uploads\\\/2020\\\/11\\\/cropped-new-favicon-black.png\",\"contentUrl\":\"https:\\\/\\\/strangercam.com\\\/wp-content\\\/uploads\\\/2020\\\/11\\\/cropped-new-favicon-black.png\",\"width\":512,\"height\":512,\"caption\":\"Strangercam\"},\"image\":{\"@id\":\"https:\\\/\\\/strangercam.com\\\/#\\\/schema\\\/logo\\\/image\\\/\"},\"sameAs\":[\"https:\\\/\\\/www.facebook.com\\\/strangercam\",\"https:\\\/\\\/x.com\\\/strangercamapp\"]}]}<\/script>\n<!-- \/ Yoast SEO plugin. -->","yoast_head_json":{"title":"Hoppy - It Takes One Video To Match en StrangerCam.com","description":"\u00bfTe gusta Hoppy? \u00a1Ven a chatear gratis con m\u00e1s de 5.000.000 de desconocidos en Stranger Cam! \u00a1Enciende tu c\u00e1mara y encuentra nuevos amigos y tal vez una pareja!","robots":{"index":"index","follow":"follow","max-snippet":"max-snippet:-1","max-image-preview":"max-image-preview:large","max-video-preview":"max-video-preview:-1"},"canonical":"https:\/\/strangercam.com\/es\/lupulado\/","og_locale":"es_ES","og_type":"article","og_title":"Hoppy - It Takes One Video To Match on StrangerCam.com","og_description":"Like Hoppy? Come chat with more than 5.000.000 strangers on Stranger Cam for Free! Turn on your cam and find new friends & maby a match!","og_url":"https:\/\/strangercam.com\/es\/lupulado\/","og_site_name":"Strangercam","article_publisher":"https:\/\/www.facebook.com\/strangercam","og_image":[{"width":800,"height":532,"url":"https:\/\/strangercam.com\/wp-content\/uploads\/2021\/10\/Untitled-2.png","type":"image\/png"}],"twitter_card":"summary_large_image","twitter_site":"@strangercamapp","twitter_misc":{"Tiempo de lectura":"6 minutos"},"schema":{"@context":"https:\/\/schema.org","@graph":[{"@type":"WebPage","@id":"https:\/\/strangercam.com\/hoppy\/","url":"https:\/\/strangercam.com\/hoppy\/","name":"Hoppy - It Takes One Video To Match en StrangerCam.com","isPartOf":{"@id":"https:\/\/strangercam.com\/#website"},"datePublished":"2025-06-16T12:52:18+00:00","description":"\u00bfTe gusta Hoppy? \u00a1Ven a chatear gratis con m\u00e1s de 5.000.000 de desconocidos en Stranger Cam! \u00a1Enciende tu c\u00e1mara y encuentra nuevos amigos y tal vez una pareja!","breadcrumb":{"@id":"https:\/\/strangercam.com\/hoppy\/#breadcrumb"},"inLanguage":"es","potentialAction":[{"@type":"ReadAction","target":["https:\/\/strangercam.com\/hoppy\/"]}]},{"@type":"BreadcrumbList","@id":"https:\/\/strangercam.com\/hoppy\/#breadcrumb","itemListElement":[{"@type":"ListItem","position":1,"name":"Home","item":"https:\/\/strangercam.com\/"},{"@type":"ListItem","position":2,"name":"Hoppy"}]},{"@type":"WebSite","@id":"https:\/\/strangercam.com\/#website","url":"https:\/\/strangercam.com\/","name":"Strangercam","description":"Videochat aleatorio con desconocidos","publisher":{"@id":"https:\/\/strangercam.com\/#organization"},"alternateName":"Strangercam.com","potentialAction":[{"@type":"SearchAction","target":{"@type":"EntryPoint","urlTemplate":"https:\/\/strangercam.com\/?s={search_term_string}"},"query-input":{"@type":"PropertyValueSpecification","valueRequired":true,"valueName":"search_term_string"}}],"inLanguage":"es"},{"@type":"Organization","@id":"https:\/\/strangercam.com\/#organization","name":"Strangercam","alternateName":"Strangercam.com","url":"https:\/\/strangercam.com\/","logo":{"@type":"ImageObject","inLanguage":"es","@id":"https:\/\/strangercam.com\/#\/schema\/logo\/image\/","url":"https:\/\/strangercam.com\/wp-content\/uploads\/2020\/11\/cropped-new-favicon-black.png","contentUrl":"https:\/\/strangercam.com\/wp-content\/uploads\/2020\/11\/cropped-new-favicon-black.png","width":512,"height":512,"caption":"Strangercam"},"image":{"@id":"https:\/\/strangercam.com\/#\/schema\/logo\/image\/"},"sameAs":["https:\/\/www.facebook.com\/strangercam","https:\/\/x.com\/strangercamapp"]}]}},"_links":{"self":[{"href":"https:\/\/strangercam.com\/es\/wp-json\/wp\/v2\/pages\/12887","targetHints":{"allow":["GET"]}}],"collection":[{"href":"https:\/\/strangercam.com\/es\/wp-json\/wp\/v2\/pages"}],"about":[{"href":"https:\/\/strangercam.com\/es\/wp-json\/wp\/v2\/types\/page"}],"author":[{"embeddable":true,"href":"https:\/\/strangercam.com\/es\/wp-json\/wp\/v2\/users\/6"}],"replies":[{"embeddable":true,"href":"https:\/\/strangercam.com\/es\/wp-json\/wp\/v2\/comments?post=12887"}],"version-history":[{"count":2,"href":"https:\/\/strangercam.com\/es\/wp-json\/wp\/v2\/pages\/12887\/revisions"}],"predecessor-version":[{"id":12889,"href":"https:\/\/strangercam.com\/es\/wp-json\/wp\/v2\/pages\/12887\/revisions\/12889"}],"wp:attachment":[{"href":"https:\/\/strangercam.com\/es\/wp-json\/wp\/v2\/media?parent=12887"}],"curies":[{"name":"wp","href":"https:\/\/api.w.org\/{rel}","templated":true}]}}