{"id":12883,"date":"2025-06-16T14:46:37","date_gmt":"2025-06-16T12:46:37","guid":{"rendered":"https:\/\/strangercam.com\/?page_id=12883"},"modified":"2025-06-16T14:46:37","modified_gmt":"2025-06-16T12:46:37","slug":"aveola","status":"publish","type":"page","link":"https:\/\/strangercam.com\/es\/aveola\/","title":{"rendered":"Aveola"},"content":{"rendered":"<p>El v\u00eddeo aleatorio <a href=\"https:\/\/strangercam.com\/es\/chatroulette\/\">chat<\/a> es m\u00e1s competitivo que nunca. Con plataformas como <a href=\"https:\/\/strangercam.com\/es\/ometv\/\">OmeTV<\/a>, Monkey y Hay Fun marcan el ritmo, pero los nuevos contendientes est\u00e1n dando un paso al frente con interfaces elegantes y una mejor integraci\u00f3n m\u00f3vil. Uno de ellos es Aveola, una plataforma de videochat en alza dise\u00f1ada para interactuar de forma r\u00e1pida y an\u00f3nima con desconocidos de todo el mundo.<\/p>\n<p>Tanto si buscas ligar, hacer amigos internacionales o simplemente pasar el rato conociendo gente nueva, Aveola promete una experiencia mobile-first sin las complicaciones del registro, los perfiles sociales o la creaci\u00f3n de contenidos.<\/p>\n<p>En esta rese\u00f1a, analizaremos Aveola en profundidad: qu\u00e9 es, c\u00f3mo funciona, para qui\u00e9n est\u00e1 pensada y c\u00f3mo se compara con las mejores aplicaciones de 2025.<\/p>\n<h2>\u00bfQu\u00e9 es Aveola?<\/h2>\n<p>Aveola es una plataforma gratuita de videochat individual que conecta a los usuarios al instante a trav\u00e9s de una webcam y un micr\u00f3fono. Est\u00e1 disponible a trav\u00e9s de navegador y m\u00f3vil (con un fuerte \u00e9nfasis en la optimizaci\u00f3n m\u00f3vil), ofreciendo videochats r\u00e1pidos y an\u00f3nimos sin cuentas ni descargas.<\/p>\n<p>Al igual que sus competidores OmeTV y Monkey, Aveola proporciona:<\/p>\n<ul>\n<li>Conversaciones cara a cara en tiempo real<\/li>\n<li>Alcance mundial con usuarios internacionales<\/li>\n<li>Salto y emparejamiento r\u00e1pidos<\/li>\n<li>Una forma casual y espont\u00e1nea de <a href=\"https:\/\/strangercam.com\/es\/coomeet\/\">conozca<\/a> gente nueva<\/li>\n<\/ul>\n<p>Lo que la distingue es su interfaz de usuario limpia, sus s\u00f3lidas herramientas de moderaci\u00f3n y una experiencia de usuario pensada para smartphones, aunque tambi\u00e9n funciona bien en ordenadores de sobremesa.<\/p>\n<h2>\u00bfCu\u00e1l es la finalidad de Aveola?<\/h2>\n<p>Aveola se dise\u00f1\u00f3 para reunir a la gente a trav\u00e9s de videochats r\u00e1pidos y espont\u00e1neos, sin la presi\u00f3n de crear perfiles, publicar contenidos o conseguir seguidores. La plataforma se sit\u00faa en un punto intermedio:<\/p>\n<ul>\n<li>El anonimato de <a href=\"https:\/\/strangercam.com\/es\/omegle\/\">Omegle<\/a><\/li>\n<li>La pulida interfaz de usuario del OmeTV<\/li>\n<li>El atractivo de Monkey para la generaci\u00f3n Z<\/li>\n<\/ul>\n<p>Su objetivo es que conocer a alguien nuevo sea lo m\u00e1s sencillo y r\u00e1pido posible, sin necesidad de datos personales ni cuentas en redes sociales.<\/p>\n<p>Perfecto para:<\/p>\n<ul>\n<li>Chatear con desconocidos de todo el mundo<\/li>\n<li>Conversaciones informales, amistosas o coquetas de t\u00fa a t\u00fa<\/li>\n<li>Matar el tiempo o escapar del aburrimiento con la interacci\u00f3n humana en tiempo real<\/li>\n<li>Practicar un idioma o explorar culturas diferentes<\/li>\n<\/ul>\n<h2>Caracter\u00edsticas principales<\/h2>\n<p>1. Videochat individual<br \/>\nLa principal caracter\u00edstica de Aveola es el videochat directo y privado con usuarios aleatorios. Pulsas \"Empezar\" y en cuesti\u00f3n de segundos est\u00e1s cara a cara con alguien nuevo. En general, la calidad del v\u00eddeo es alta, con baja latencia y audio n\u00edtido en conexiones estables.<\/p>\n<p>2. Salto r\u00e1pido (Bot\u00f3n Siguiente)<br \/>\nComo la mayor\u00eda de las aplicaciones de este sector, puedes pasar al siguiente usuario si la pareja actual no funciona. Esto es perfecto, con reconexiones r\u00e1pidas y tiempos de espera m\u00ednimos.<\/p>\n<p>3. Opci\u00f3n de chat de texto<br \/>\nAveola admite mensajes de texto en el chat, lo que te permite enviar mensajes durante la conversaci\u00f3n de v\u00eddeo. Esto resulta \u00fatil para romper el hielo o comunicarse cuando existen barreras ling\u00fc\u00edsticas.<\/p>\n<p>4. Experiencia optimizada para m\u00f3viles<br \/>\nTanto si usas Android como iOS, Aveola est\u00e1 dise\u00f1ada para navegadores m\u00f3viles. Aunque de momento no hay una aplicaci\u00f3n independiente, la versi\u00f3n m\u00f3vil es sensible, fluida y optimizada para el uso t\u00e1ctil. Funciona bien en Chrome, Safari y otros navegadores m\u00f3viles modernos.<\/p>\n<p>5. No es necesario registrarse<br \/>\nUno de los mayores atractivos de Aveola es que es completamente an\u00f3nima. No necesitas registrarte, proporcionar un correo electr\u00f3nico o conectar una cuenta social. Todo sucede en el navegador con chats temporales basados en sesiones.<\/p>\n<p>6. Herramientas de moderaci\u00f3n en tiempo real<br \/>\nAveola incluye:<\/p>\n<ul>\n<li>Un bot\u00f3n \"Denunciar\" para se\u00f1alar conductas abusivas o inapropiadas<\/li>\n<li>Herramientas b\u00e1sicas de moderaci\u00f3n de la IA que controlan la presencia de desnudos o contenidos ofensivos.<\/li>\n<li>Prohibiciones r\u00e1pidas para reincidentes<\/li>\n<\/ul>\n<p>Aunque no tiene un sistema completo de confianza\/reputaci\u00f3n como Emerald Chat, la moderaci\u00f3n de Aveola es mejor que la de muchas plataformas nuevas.<\/p>\n<p>7. Filtro de sexo y pa\u00eds (funci\u00f3n Premium)<br \/>\nAveola incluye un filtro opcional por sexo y regi\u00f3n, pero esta funci\u00f3n puede estar bloqueada tras un modelo freemium (para reducir el spam y el abuso de bots). Los usuarios gratuitos obtienen coincidencias aleatorias, mientras que los de pago pueden afinar con qui\u00e9n conectan.<\/p>\n<h2>\u00bfAveola es gratis?<\/h2>\n<p>S\u00ed, Aveola es gratuita y no es necesario registrarse para acceder a funciones b\u00e1sicas como el chat de v\u00eddeo, el chat de texto y el emparejamiento r\u00e1pido. Sin embargo, como la mayor\u00eda de sus competidores, funciona con un modelo freemium, lo que significa que algunas funciones son de pago.<\/p>\n<p>Los usuarios gratuitos pueden:<\/p>\n<ul>\n<li>Chatea al instante con desconocidos por v\u00eddeo o texto<\/li>\n<li>Saltar usuarios sin l\u00edmite<\/li>\n<li>Utiliza las versiones para m\u00f3vil y escritorio sin descargar nada<\/li>\n<\/ul>\n<p>Las caracter\u00edsticas premium (sujetas a cambios) pueden incluir:<\/p>\n<ul>\n<li>Filtro de g\u00e9nero<\/li>\n<li>Filtro de pa\u00edses<\/li>\n<li>Experiencia sin anuncios<\/li>\n<li>Adecuaci\u00f3n prioritaria<\/li>\n<\/ul>\n<p>El acceso Premium est\u00e1 disponible a trav\u00e9s de sistemas de compra en el navegador y es totalmente opcional.<\/p>\n<h2>\u00bfQui\u00e9n utiliza Aveola?<\/h2>\n<p>Aveola atrae a un p\u00fablico global y conocedor del m\u00f3vil. Basado en las tendencias de uso:<\/p>\n<ul>\n<li>Rango de edad: Principalmente 18-30<\/li>\n<li>Desglose por sexos: Mayor\u00eda de hombres, aunque las mujeres son activas y muy solicitadas.<\/li>\n<li>Regiones populares: Estados Unidos, India, Brasil, Filipinas, Reino Unido, Alemania<\/li>\n<li>Intenci\u00f3n del usuario: Conversaci\u00f3n casual, flirteo, intercambio cultural, alivio del aburrimiento<\/li>\n<\/ul>\n<p>A diferencia de TikTok o Bigo Live, Aveola no est\u00e1 dise\u00f1ada para actuaciones o contenidos en directo. En su lugar, se centra en la interacci\u00f3n uno a uno en tiempo real. Su configuraci\u00f3n m\u00ednima la hace especialmente atractiva para:<\/p>\n<ul>\n<li>Usuarios de la Generaci\u00f3n Z<\/li>\n<li>Viajeros o expatriados<\/li>\n<li>Estudiantes<\/li>\n<li>Personas que buscan conocer a otras al instante sin moverse del sof\u00e1<\/li>\n<\/ul>\n<h2>Seguridad, privacidad y moderaci\u00f3n<\/h2>\n<p>La seguridad es un factor crucial en el videochat aleatorio, y Aveola funciona relativamente bien en este aspecto.<\/p>\n<h3>Privacidad<\/h3>\n<ul>\n<li>Sin inscripci\u00f3n ni datos personales<\/li>\n<li>Las sesiones de chat no se graban<\/li>\n<li>Micr\u00f3fono y <a href=\"https:\/\/strangercam.com\/es\/bazoocam\/\">leva<\/a> los permisos se basan en la sesi\u00f3n<\/li>\n<\/ul>\n<h3>Moderaci\u00f3n<\/h3>\n<ul>\n<li>Indicadores e informes en tiempo real<\/li>\n<li>Reconocimiento b\u00e1sico de im\u00e1genes mediante IA para reducir la desnudez y los contenidos ofensivos<\/li>\n<li>Herramientas de prohibici\u00f3n r\u00e1pida y bloqueo de usuarios<\/li>\n<\/ul>\n<h3>Limitaciones<\/h3>\n<ul>\n<li>Como en cualquier plataforma de c\u00e1maras an\u00f3nimas, es posible que te encuentres:\n<ul>\n<li>Comportamiento inadecuado<\/li>\n<li>Usuarios que buscan contenidos expl\u00edcitos<\/li>\n<li>Bots o estafadores en periodos de poco tr\u00e1fico<\/li>\n<\/ul>\n<\/li>\n<\/ul>\n<p>Para estar a salvo:<\/p>\n<ul>\n<li>No compartas tu nombre real, n\u00famero de tel\u00e9fono o perfiles sociales<\/li>\n<li>Utilizar la funci\u00f3n de informe cuando sea necesario<\/li>\n<li>Finalice cualquier sesi\u00f3n que le resulte inc\u00f3moda<\/li>\n<\/ul>\n<h2>Experiencia de usuario y dise\u00f1o<\/h2>\n<p>La interfaz de Aveola es limpia, moderna y mobile-first. Se carga r\u00e1pido, mantiene los controles intuitivos y te lleva a un chat con un m\u00ednimo de clics.<\/p>\n<p>Aspectos destacados de la experiencia del usuario:<\/p>\n<ul>\n<li>Ventanas de v\u00eddeo grandes y claras<\/li>\n<li>Botones visibles de omitir, silenciar e informar<\/li>\n<li>Transiciones fluidas entre chats<\/li>\n<li>Funciona en todos los navegadores modernos (escritorio + m\u00f3vil)<\/li>\n<\/ul>\n<p>No hay:<\/p>\n<ul>\n<li>Ventanas emergentes o superpuestas<\/li>\n<li>Men\u00fas desordenados<\/li>\n<li>Redireccionamientos forzados<\/li>\n<\/ul>\n<p>Toda la experiencia se percibe ligera y bien construida, algo especialmente refrescante si se compara con las interfaces excesivamente complicadas de algunos competidores.<\/p>\n<h2>Aveola frente a otras plataformas de videochat<\/h2>\n<p>Comparemos Aveola con algunos de sus principales competidores en 2025:<\/p>\n<table>\n<thead>\n<tr>\n<th>Caracter\u00edstica<\/th>\n<th>Aveola<\/th>\n<th>OmeTV<\/th>\n<th>Mono<\/th>\n<th>Diversi\u00f3n en el heno<\/th>\n<th>Chatspin<\/th>\n<\/tr>\n<\/thead>\n<tbody>\n<tr>\n<td>Videochat individual<\/td>\n<td>S\u00ed<\/td>\n<td>S\u00ed<\/td>\n<td>S\u00ed<\/td>\n<td>S\u00ed<\/td>\n<td>S\u00ed<\/td>\n<\/tr>\n<tr>\n<td>Opci\u00f3n de chat de texto<\/td>\n<td>S\u00ed<\/td>\n<td>S\u00ed<\/td>\n<td>Limitado<\/td>\n<td>S\u00ed<\/td>\n<td>S\u00ed<\/td>\n<\/tr>\n<tr>\n<td>Optimizaci\u00f3n m\u00f3vil<\/td>\n<td>Excelente<\/td>\n<td>Bien<\/td>\n<td>Excelente<\/td>\n<td>Bien<\/td>\n<td>Excelente<\/td>\n<\/tr>\n<tr>\n<td>Filtro de g\u00e9nero<\/td>\n<td>Pagado<\/td>\n<td>Pagado<\/td>\n<td>Limitado<\/td>\n<td>No<\/td>\n<td>Pagado<\/td>\n<\/tr>\n<tr>\n<td>Inscripci\u00f3n obligatoria<\/td>\n<td>No<\/td>\n<td>No<\/td>\n<td>S\u00ed<\/td>\n<td>Opcional<\/td>\n<td>Opcional<\/td>\n<\/tr>\n<tr>\n<td>Caracter\u00edsticas del grupo<\/td>\n<td>No<\/td>\n<td>No<\/td>\n<td>S\u00ed<\/td>\n<td>No<\/td>\n<td>No<\/td>\n<\/tr>\n<tr>\n<td>Calidad de la moderaci\u00f3n<\/td>\n<td>Moderado<\/td>\n<td>Moderado<\/td>\n<td>Moderado<\/td>\n<td>D\u00e9bil<\/td>\n<td>Bien<\/td>\n<\/tr>\n<\/tbody>\n<\/table>\n<p>Resumen: Aveola encaja perfectamente en el espacio entre la pulcritud de Chatspin y la vibraci\u00f3n Gen Z de Monkey. No intenta a\u00f1adir funciones de grupo ni complejas capas sociales, sino que se centra en la velocidad, el anonimato y la facilidad de uso.<\/p>\n<h2>Ventajas e inconvenientes<\/h2>\n<p>Pros:<\/p>\n<ul>\n<li>Videochat r\u00e1pido, gratuito y an\u00f3nimo<\/li>\n<li>Funciona al instante sin necesidad de registrarse<\/li>\n<li>Interfaz limpia y carga r\u00e1pida<\/li>\n<li>Excelente en navegadores m\u00f3viles<\/li>\n<li>Chat de texto y v\u00eddeo<\/li>\n<li>Base activa de usuarios internacionales<\/li>\n<\/ul>\n<p>Contras:<\/p>\n<ul>\n<li>Sin sistema de amigos a largo plazo ni historial de cuentas<\/li>\n<li>Moderaci\u00f3n b\u00e1sica: a\u00fan es posible encontrar contenidos para adultos<\/li>\n<li>Los filtros de sexo\/pa\u00eds pueden ser de pago<\/li>\n<li>No es ideal para usuarios que buscan conversaciones profundas o una comunidad<\/li>\n<\/ul>\n<h2>Casos de uso ideales<\/h2>\n<p>Aveola es perfecto para:<\/p>\n<ul>\n<li>Usuarios que echan de menos el Omegle pero quieren algo adaptado al m\u00f3vil<\/li>\n<li>Personas que buscan ligar, charlar o socializar casualmente con desconocidos<\/li>\n<li>Viajeros o estudiantes de idiomas interesados en conversaciones globales<\/li>\n<li>Cualquiera que est\u00e9 aburrido y busque interacciones en vivo y en directo<\/li>\n<\/ul>\n<p>No es ideal para:<\/p>\n<ul>\n<li>Usuarios menores de 18 a\u00f1os (s\u00f3lo adultos)<\/li>\n<li>Personas que buscan encontrar pareja o perfiles de citas<\/li>\n<li>Los que quieren filtros y control gratis<\/li>\n<li>Usuarios inc\u00f3modos con el comportamiento ocasional NSFW<\/li>\n<\/ul>\n<p>Aveola es una de las mejores nuevas plataformas de videochat aleatorio ligeras y orientadas al m\u00f3vil del mercado en 2025. Combina la sencillez de Omegle con la experiencia de usuario m\u00e1s fluida de OmeTV, manteniendo el anonimato y la velocidad que los usuarios esperan de una plataforma cam-to-cam.<\/p>\n<p>No es perfecta -la moderaci\u00f3n a\u00fan tiene margen para crecer y los filtros de g\u00e9nero son de pago-, pero para los usuarios que buscan chats espont\u00e1neos, globales y en tiempo real con desconocidos, Aveola ofrece una experiencia r\u00e1pida y sin frustraciones.<\/p>\n<p>Si est\u00e1s buscando una experiencia de chat moderna, limpia y fiable al estilo Omegle que funcione bien en todos los dispositivos, Aveola merece sin duda una oportunidad.<\/p>","protected":false},"excerpt":{"rendered":"<p>The random video chat space is more competitive than ever. With platforms like OmeTV, Monkey, and Hay Fun setting the pace, newer contenders are stepping up with sleek interfaces and better mobile integration. One of those is Aveola \u2014 a rising video chat platform designed for fast, anonymous one-on-one interactions with strangers across the world. [&hellip;]<\/p>\n","protected":false},"author":6,"featured_media":0,"parent":0,"menu_order":0,"comment_status":"closed","ping_status":"closed","template":"","meta":{"footnotes":""},"class_list":["post-12883","page","type-page","status-publish","hentry"],"yoast_head":"<!-- This site is optimized with the Yoast SEO plugin v27.4 - https:\/\/yoast.com\/product\/yoast-seo-wordpress\/ -->\n<title>Aveola - Live Video Chat on StrangerCam.com<\/title>\n<meta name=\"description\" content=\"Like Aveola? Come chat with more than 5.000.000 strangers on Stranger Cam for Free! Turn on your cam and find new friends &amp; maby a match!\" \/>\n<meta name=\"robots\" content=\"index, follow, max-snippet:-1, max-image-preview:large, max-video-preview:-1\" \/>\n<link rel=\"canonical\" href=\"https:\/\/strangercam.com\/es\/aveola\/\" \/>\n<meta property=\"og:locale\" content=\"es_ES\" \/>\n<meta property=\"og:type\" content=\"article\" \/>\n<meta property=\"og:title\" content=\"Aveola - Live Video Chat on StrangerCam.com\" \/>\n<meta property=\"og:description\" content=\"Like Aveola? Come chat with more than 5.000.000 strangers on Stranger Cam for Free! Turn on your cam and find new friends &amp; maby a match!\" \/>\n<meta property=\"og:url\" content=\"https:\/\/strangercam.com\/es\/aveola\/\" \/>\n<meta property=\"og:site_name\" content=\"Strangercam\" \/>\n<meta property=\"article:publisher\" content=\"https:\/\/www.facebook.com\/strangercam\" \/>\n<meta property=\"og:image\" content=\"https:\/\/strangercam.com\/wp-content\/uploads\/2021\/10\/Untitled-2.png\" \/>\n\t<meta property=\"og:image:width\" content=\"800\" \/>\n\t<meta property=\"og:image:height\" content=\"532\" \/>\n\t<meta property=\"og:image:type\" content=\"image\/png\" \/>\n<meta name=\"twitter:card\" content=\"summary_large_image\" \/>\n<meta name=\"twitter:site\" content=\"@strangercamapp\" \/>\n<meta name=\"twitter:label1\" content=\"Tiempo de lectura\" \/>\n\t<meta name=\"twitter:data1\" content=\"6 minutos\" \/>\n<script type=\"application\/ld+json\" class=\"yoast-schema-graph\">{\"@context\":\"https:\\\/\\\/schema.org\",\"@graph\":[{\"@type\":\"WebPage\",\"@id\":\"https:\\\/\\\/strangercam.com\\\/aveola\\\/\",\"url\":\"https:\\\/\\\/strangercam.com\\\/aveola\\\/\",\"name\":\"Aveola - Live Video Chat on StrangerCam.com\",\"isPartOf\":{\"@id\":\"https:\\\/\\\/strangercam.com\\\/#website\"},\"datePublished\":\"2025-06-16T12:46:37+00:00\",\"description\":\"Like Aveola? Come chat with more than 5.000.000 strangers on Stranger Cam for Free! Turn on your cam and find new friends & maby a match!\",\"breadcrumb\":{\"@id\":\"https:\\\/\\\/strangercam.com\\\/aveola\\\/#breadcrumb\"},\"inLanguage\":\"es\",\"potentialAction\":[{\"@type\":\"ReadAction\",\"target\":[\"https:\\\/\\\/strangercam.com\\\/aveola\\\/\"]}]},{\"@type\":\"BreadcrumbList\",\"@id\":\"https:\\\/\\\/strangercam.com\\\/aveola\\\/#breadcrumb\",\"itemListElement\":[{\"@type\":\"ListItem\",\"position\":1,\"name\":\"Home\",\"item\":\"https:\\\/\\\/strangercam.com\\\/\"},{\"@type\":\"ListItem\",\"position\":2,\"name\":\"Aveola\"}]},{\"@type\":\"WebSite\",\"@id\":\"https:\\\/\\\/strangercam.com\\\/#website\",\"url\":\"https:\\\/\\\/strangercam.com\\\/\",\"name\":\"Strangercam\",\"description\":\"Random Video Chat with Strangers\",\"publisher\":{\"@id\":\"https:\\\/\\\/strangercam.com\\\/#organization\"},\"alternateName\":\"Strangercam.com\",\"potentialAction\":[{\"@type\":\"SearchAction\",\"target\":{\"@type\":\"EntryPoint\",\"urlTemplate\":\"https:\\\/\\\/strangercam.com\\\/?s={search_term_string}\"},\"query-input\":{\"@type\":\"PropertyValueSpecification\",\"valueRequired\":true,\"valueName\":\"search_term_string\"}}],\"inLanguage\":\"es\"},{\"@type\":\"Organization\",\"@id\":\"https:\\\/\\\/strangercam.com\\\/#organization\",\"name\":\"Strangercam\",\"alternateName\":\"Strangercam.com\",\"url\":\"https:\\\/\\\/strangercam.com\\\/\",\"logo\":{\"@type\":\"ImageObject\",\"inLanguage\":\"es\",\"@id\":\"https:\\\/\\\/strangercam.com\\\/#\\\/schema\\\/logo\\\/image\\\/\",\"url\":\"https:\\\/\\\/strangercam.com\\\/wp-content\\\/uploads\\\/2020\\\/11\\\/cropped-new-favicon-black.png\",\"contentUrl\":\"https:\\\/\\\/strangercam.com\\\/wp-content\\\/uploads\\\/2020\\\/11\\\/cropped-new-favicon-black.png\",\"width\":512,\"height\":512,\"caption\":\"Strangercam\"},\"image\":{\"@id\":\"https:\\\/\\\/strangercam.com\\\/#\\\/schema\\\/logo\\\/image\\\/\"},\"sameAs\":[\"https:\\\/\\\/www.facebook.com\\\/strangercam\",\"https:\\\/\\\/x.com\\\/strangercamapp\"]}]}<\/script>\n<!-- \/ Yoast SEO plugin. -->","yoast_head_json":{"title":"Aveola - Video Chat en Vivo en StrangerCam.com","description":"\u00bfTe gusta Aveola? \u00a1Ven a chatear gratis con m\u00e1s de 5.000.000 de desconocidos en Stranger Cam! \u00a1Enciende tu c\u00e1mara y encuentra nuevos amigos y tal vez una pareja!","robots":{"index":"index","follow":"follow","max-snippet":"max-snippet:-1","max-image-preview":"max-image-preview:large","max-video-preview":"max-video-preview:-1"},"canonical":"https:\/\/strangercam.com\/es\/aveola\/","og_locale":"es_ES","og_type":"article","og_title":"Aveola - Live Video Chat on StrangerCam.com","og_description":"Like Aveola? Come chat with more than 5.000.000 strangers on Stranger Cam for Free! Turn on your cam and find new friends & maby a match!","og_url":"https:\/\/strangercam.com\/es\/aveola\/","og_site_name":"Strangercam","article_publisher":"https:\/\/www.facebook.com\/strangercam","og_image":[{"width":800,"height":532,"url":"https:\/\/strangercam.com\/wp-content\/uploads\/2021\/10\/Untitled-2.png","type":"image\/png"}],"twitter_card":"summary_large_image","twitter_site":"@strangercamapp","twitter_misc":{"Tiempo de lectura":"6 minutos"},"schema":{"@context":"https:\/\/schema.org","@graph":[{"@type":"WebPage","@id":"https:\/\/strangercam.com\/aveola\/","url":"https:\/\/strangercam.com\/aveola\/","name":"Aveola - Video Chat en Vivo en StrangerCam.com","isPartOf":{"@id":"https:\/\/strangercam.com\/#website"},"datePublished":"2025-06-16T12:46:37+00:00","description":"\u00bfTe gusta Aveola? \u00a1Ven a chatear gratis con m\u00e1s de 5.000.000 de desconocidos en Stranger Cam! \u00a1Enciende tu c\u00e1mara y encuentra nuevos amigos y tal vez una pareja!","breadcrumb":{"@id":"https:\/\/strangercam.com\/aveola\/#breadcrumb"},"inLanguage":"es","potentialAction":[{"@type":"ReadAction","target":["https:\/\/strangercam.com\/aveola\/"]}]},{"@type":"BreadcrumbList","@id":"https:\/\/strangercam.com\/aveola\/#breadcrumb","itemListElement":[{"@type":"ListItem","position":1,"name":"Home","item":"https:\/\/strangercam.com\/"},{"@type":"ListItem","position":2,"name":"Aveola"}]},{"@type":"WebSite","@id":"https:\/\/strangercam.com\/#website","url":"https:\/\/strangercam.com\/","name":"Strangercam","description":"Videochat aleatorio con desconocidos","publisher":{"@id":"https:\/\/strangercam.com\/#organization"},"alternateName":"Strangercam.com","potentialAction":[{"@type":"SearchAction","target":{"@type":"EntryPoint","urlTemplate":"https:\/\/strangercam.com\/?s={search_term_string}"},"query-input":{"@type":"PropertyValueSpecification","valueRequired":true,"valueName":"search_term_string"}}],"inLanguage":"es"},{"@type":"Organization","@id":"https:\/\/strangercam.com\/#organization","name":"Strangercam","alternateName":"Strangercam.com","url":"https:\/\/strangercam.com\/","logo":{"@type":"ImageObject","inLanguage":"es","@id":"https:\/\/strangercam.com\/#\/schema\/logo\/image\/","url":"https:\/\/strangercam.com\/wp-content\/uploads\/2020\/11\/cropped-new-favicon-black.png","contentUrl":"https:\/\/strangercam.com\/wp-content\/uploads\/2020\/11\/cropped-new-favicon-black.png","width":512,"height":512,"caption":"Strangercam"},"image":{"@id":"https:\/\/strangercam.com\/#\/schema\/logo\/image\/"},"sameAs":["https:\/\/www.facebook.com\/strangercam","https:\/\/x.com\/strangercamapp"]}]}},"_links":{"self":[{"href":"https:\/\/strangercam.com\/es\/wp-json\/wp\/v2\/pages\/12883","targetHints":{"allow":["GET"]}}],"collection":[{"href":"https:\/\/strangercam.com\/es\/wp-json\/wp\/v2\/pages"}],"about":[{"href":"https:\/\/strangercam.com\/es\/wp-json\/wp\/v2\/types\/page"}],"author":[{"embeddable":true,"href":"https:\/\/strangercam.com\/es\/wp-json\/wp\/v2\/users\/6"}],"replies":[{"embeddable":true,"href":"https:\/\/strangercam.com\/es\/wp-json\/wp\/v2\/comments?post=12883"}],"version-history":[{"count":3,"href":"https:\/\/strangercam.com\/es\/wp-json\/wp\/v2\/pages\/12883\/revisions"}],"predecessor-version":[{"id":12886,"href":"https:\/\/strangercam.com\/es\/wp-json\/wp\/v2\/pages\/12883\/revisions\/12886"}],"wp:attachment":[{"href":"https:\/\/strangercam.com\/es\/wp-json\/wp\/v2\/media?parent=12883"}],"curies":[{"name":"wp","href":"https:\/\/api.w.org\/{rel}","templated":true}]}}