{"id":12846,"date":"2025-05-14T09:44:05","date_gmt":"2025-05-14T07:44:05","guid":{"rendered":"https:\/\/strangercam.com\/?page_id=12846"},"modified":"2025-05-14T09:44:05","modified_gmt":"2025-05-14T07:44:05","slug":"meetskip","status":"publish","type":"page","link":"https:\/\/strangercam.com\/es\/meetskip\/","title":{"rendered":"ConoceSkip"},"content":{"rendered":"<p>A medida que aumenta el n\u00famero de personas que buscan interacciones espont\u00e1neas y cara a cara en Internet, las plataformas de videochat aleatorio siguen prosperando, especialmente en la era post-Omegle. Uno de los nombres m\u00e1s recientes es MeetSkip, un chat aleatorio basado en navegador. <a href=\"https:\/\/strangercam.com\/es\/bazoocam\/\">leva<\/a> de chat que ofrece conexiones r\u00e1pidas, una configuraci\u00f3n m\u00ednima y una experiencia que recuerda a los primeros <a href=\"https:\/\/strangercam.com\/es\/omegle\/\">Omegle<\/a> d\u00edas.<\/p>\n<p>Pero con docenas de sitios similares compitiendo por el tr\u00e1fico, \u00bfc\u00f3mo se compara MeetSkip? \u00bfEs s\u00f3lo otro clon, u ofrece algo que merezca la pena?<\/p>\n<p>En esta rese\u00f1a, analizamos en detalle MeetSkip: qu\u00e9 es, qu\u00e9 ofrece, a qui\u00e9n va dirigido y c\u00f3mo se compara con la competencia.<\/p>\n<h2>\u00bfQu\u00e9 es MeetSkip?<\/h2>\n<p>MeetSkip es un sitio web gratuito y an\u00f3nimo de videochat aleatorio que conecta a los usuarios uno a uno a trav\u00e9s de la webcam y el micr\u00f3fono. No requiere registro, descarga ni datos personales. S\u00f3lo tienes que hacer clic en \"Empezar\" y ya est\u00e1s cara a cara con alguien nuevo.<\/p>\n<p>El concepto es sencillo, como Omegle, <a href=\"https:\/\/strangercam.com\/es\/chatroulette\/\">Chatroulette<\/a>, o Chatrandom, hace hincapi\u00e9 en los encuentros aleatorios en tiempo real, dando a los usuarios la posibilidad de saltar o quedarse en funci\u00f3n de c\u00f3mo se sientan en la partida actual.<\/p>\n<p>Est\u00e1 dise\u00f1ada para usuarios que desean mantener conversaciones r\u00e1pidas y espont\u00e1neas sin necesidad de cuentas, aplicaciones o redes sociales.<\/p>\n<h2>\u00bfCu\u00e1l es el objetivo de MeetSkip?<\/h2>\n<p>El objetivo de MeetSkip es recrear la experiencia de videochat pura, aleatoria y an\u00f3nima que hizo popular a Omegle en primer lugar, pero con una interfaz ligeramente m\u00e1s fluida y un mejor soporte para los dispositivos modernos.<\/p>\n<p>Est\u00e1 hecho para:<\/p>\n<ul>\n<li>Personas a las que les gustan las conversaciones espont\u00e1neas por webcam<\/li>\n<li>Usuarios que no quieren registrarse ni crear perfiles<\/li>\n<li>Parlanchines, coquetos, viajeros y aprendices de idiomas<\/li>\n<li>Cualquiera que est\u00e9 cansado de las aplicaciones de citas y busque interacci\u00f3n en directo<\/li>\n<\/ul>\n<p>No hay biograf\u00edas, likes ni funciones de mensajer\u00eda. Usted <a href=\"https:\/\/strangercam.com\/es\/coomeet\/\">conozca<\/a> alguien, charlar, y luego seguir adelante o seguir hablando. Ya est\u00e1.<\/p>\n<h2>Caracter\u00edsticas principales<\/h2>\n<p>1. Videochat individual<br \/>\nLa funci\u00f3n principal de MeetSkip es el chat r\u00e1pido y an\u00f3nimo con webcam. Una vez que tu c\u00e1mara y tu micr\u00f3fono est\u00e1n permitidos, se te empareja con otro usuario autom\u00e1ticamente. Si la conversaci\u00f3n no va bien, pulsa \"Siguiente\" y volver\u00e1s a conectar al instante con alguien nuevo.<\/p>\n<p>2. Opci\u00f3n de chat de texto<br \/>\nPara los usuarios que no quieran utilizar una webcam o se encuentren en un entorno con poco ancho de banda, MeetSkip tambi\u00e9n ofrece un modo de chat de s\u00f3lo texto. Se puede cambiar a este modo f\u00e1cilmente, y funciona bien para conversaciones m\u00e1s informales o si est\u00e1s tanteando el terreno.<\/p>\n<p>3. No es necesario inscribirse<br \/>\nPuedes acceder a todas las funciones principales de MeetSkip sin crear una cuenta. Es completamente an\u00f3nimo: no necesitas dar tu nombre, correo electr\u00f3nico o perfil social. Esto hace que la barrera de entrada sea extremadamente baja.<\/p>\n<p>4. Filtros de g\u00e9nero y ubicaci\u00f3n (limitados)<br \/>\nDispone de algunos filtros, que te permiten intentar emparejarte con personas en funci\u00f3n de su sexo o pa\u00eds, aunque no siempre son fiables y pueden requerir la concesi\u00f3n de permisos adicionales.<\/p>\n<p>5. Salto instant\u00e1neo<br \/>\nFiel a su nombre, MeetSkip cuenta con un r\u00e1pido bot\u00f3n \"Siguiente\" que te permite saltar a un nuevo compa\u00f1ero de chat en menos de un segundo. Este es uno de los principales atractivos para los usuarios que buscan rapidez y variedad.<\/p>\n<p>6. Funciona en navegadores de escritorio y m\u00f3viles<br \/>\nMeetSkip se ejecuta completamente en tu navegador y es responsive para m\u00f3viles, lo que significa que puedes utilizarlo desde tu tel\u00e9fono o tableta sin necesidad de instalar una aplicaci\u00f3n. Si bien es mejor en el escritorio para el posicionamiento de la c\u00e1mara y el dise\u00f1o, la experiencia m\u00f3vil es suave y funcional.<\/p>\n<p>7. Interfaz m\u00ednima<br \/>\nLa interfaz de usuario es sencilla y directa: un v\u00eddeo de gran tama\u00f1o, un cuadro de chat b\u00e1sico, un bot\u00f3n de silencio, un bot\u00f3n de salto y una opci\u00f3n de denuncia. No hay funciones llamativas ni trucos sociales.<\/p>\n<h2>\u00bfEs gratis MeetSkip?<\/h2>\n<p>S\u00ed, MeetSkip es 100% de uso gratuito. No hay:<\/p>\n<ul>\n<li>Paywalls<\/li>\n<li>Cr\u00e9ditos o monedas<\/li>\n<li>Afiliaciones VIP<\/li>\n<li>Descargar instrucciones<\/li>\n<\/ul>\n<p>Aunque MeetSkip puede mostrar anuncios para apoyar el servicio, actualmente no son intrusivos, y todas las funciones de chat siguen siendo accesibles para todo el mundo.<\/p>\n<h2>\u00bfQui\u00e9n utiliza MeetSkip?<\/h2>\n<p>MeetSkip cuenta con una creciente base de usuarios en m\u00faltiples regiones, en particular:<\/p>\n<ul>\n<li>Estados Unidos<\/li>\n<li>India<\/li>\n<li>Alemania<\/li>\n<li>Brasil<\/li>\n<li>REINO UNIDO<\/li>\n<li>Canad\u00e1<\/li>\n<\/ul>\n<p>La mayor\u00eda de los usuarios tienen entre 18 y 35 a\u00f1os y, como en la mayor\u00eda de las plataformas de videochat, predominan los hombres. Las mujeres est\u00e1n presentes, pero suelen recibir un n\u00famero mucho mayor de solicitudes de chat.<\/p>\n<p>Los usuarios suelen buscar:<\/p>\n<ul>\n<li>Charlas informales<\/li>\n<li>Interacciones divertidas y coquetas<\/li>\n<li>Conocer a desconocidos en tiempo real<\/li>\n<li>Socializaci\u00f3n ligera en lugar de citas estructuradas<\/li>\n<\/ul>\n<p>MeetSkip no est\u00e1 pensado para la comunicaci\u00f3n a largo plazo. No hay forma de marcar usuarios como favoritos ni de a\u00f1adir amigos: se basa totalmente en la idea de la aleatoriedad y la impermanencia.<\/p>\n<h2>Seguridad, privacidad y moderaci\u00f3n<\/h2>\n<p>Dado que MeetSkip es an\u00f3nimo, la privacidad es intr\u00ednsecamente fuerte, pero esto tambi\u00e9n introduce retos de seguridad.<\/p>\n<h3>Lo que MeetSkip hace bien:<\/h3>\n<ul>\n<li>Sin cuentas: No es necesario facilitar datos personales para utilizarlo.<\/li>\n<li>S\u00f3lo chat individual: No hay salas ni perfiles p\u00fablicos.<\/li>\n<li>No hay chats almacenados: Las conversaciones no se guardan ni se revisan (aunque se puede monitorizar el comportamiento en tiempo real).<\/li>\n<li>Bot\u00f3n de denuncia: Los usuarios pueden marcar los contenidos inapropiados.<\/li>\n<\/ul>\n<h3>Limitaciones:<\/h3>\n<ul>\n<li>La moderaci\u00f3n es escasa: Al igual que muchas plataformas de chat an\u00f3nimo, la aplicaci\u00f3n de la ley es limitada hasta que se denuncia un abuso.<\/li>\n<li>Es posible que aparezcan contenidos inapropiados: Algunos usuarios hacen un mal uso de la plataforma, sobre todo a altas horas de la noche.<\/li>\n<li>No hay herramientas avanzadas de moderaci\u00f3n de IA (todav\u00eda): La desnudez y los gestos ofensivos pueden pasar desapercibidos durante breves periodos.<\/li>\n<\/ul>\n<p>Como con cualquier plataforma de videochat abierta, se recomienda a los usuarios:<\/p>\n<ul>\n<li>Evite compartir datos personales<\/li>\n<li>Utilice la plataforma en horas punta para disfrutar de una mejor experiencia<\/li>\n<li>Salir inmediatamente del chat si se sienten inc\u00f3modos<\/li>\n<\/ul>\n<h2>Experiencia de usuario y dise\u00f1o<\/h2>\n<p>MeetSkip se centra en la velocidad y la sencillez, y eso se nota. Desde el momento en que se carga el sitio, se est\u00e1 a dos clics de una pantalla en directo. <a href=\"https:\/\/strangercam.com\/es\/cam-to-cam-chat\/\">cam chat<\/a>. La interfaz es m\u00ednima: un fondo oscuro, cuadros de v\u00eddeo y un par de botones. Eso es todo.<\/p>\n<h3>Ventajas de la UX:<\/h3>\n<ul>\n<li>Se carga r\u00e1pidamente incluso en conexiones lentas<\/li>\n<li>Sin distracciones ni desorden<\/li>\n<li>Gran ventana de v\u00eddeo para la interacci\u00f3n cara a cara<\/li>\n<li>Los botones siguiente\/mudo\/informe son claramente visibles<\/li>\n<li>Funciona bien tanto en Chrome como en Safari<\/li>\n<\/ul>\n<h3>Espacio para la mejora:<\/h3>\n<ul>\n<li>Sin opciones de perfil, ni siquiera opcionales<\/li>\n<li>Los filtros son limitados o poco fiables<\/li>\n<li>No hay opci\u00f3n para volver a conectar con usuarios anteriores<\/li>\n<li>Sin herramientas integradas de traducci\u00f3n o idiomas<\/li>\n<\/ul>\n<p>Pero en general, para lo que intenta ser -una ruleta de chat r\u00e1pida, gratuita y sencilla- la experiencia de usuario es s\u00f3lida.<\/p>\n<h2>MeetSkip frente a otras plataformas de chat<\/h2>\n<p>\u00bfC\u00f3mo se compara MeetSkip con algunos de los grandes nombres del sector?<\/p>\n<table>\n<thead>\n<tr>\n<th>Caracter\u00edstica<\/th>\n<th>ConoceSkip<\/th>\n<th>Omegle (cerrado)<\/th>\n<th>Chatroulette<\/th>\n<th>Chatrandom<\/th>\n<th>Emerald Chat<\/th>\n<\/tr>\n<\/thead>\n<tbody>\n<tr>\n<td>Random Video Chat con Desconocidos<\/td>\n<td>S\u00ed<\/td>\n<td>S\u00ed<\/td>\n<td>S\u00ed<\/td>\n<td>S\u00ed<\/td>\n<td>S\u00ed<\/td>\n<\/tr>\n<tr>\n<td>Opci\u00f3n de chat de texto<\/td>\n<td>S\u00ed<\/td>\n<td>S\u00ed<\/td>\n<td>No<\/td>\n<td>S\u00ed<\/td>\n<td>S\u00ed<\/td>\n<\/tr>\n<tr>\n<td>Filtros de g\u00e9nero<\/td>\n<td>B\u00e1sico<\/td>\n<td>Pagado (anteriormente)<\/td>\n<td>No<\/td>\n<td>Pagado<\/td>\n<td>S\u00ed<\/td>\n<\/tr>\n<tr>\n<td>Compatibilidad m\u00f3vil<\/td>\n<td>Bien<\/td>\n<td>Pobre<\/td>\n<td>Pobre<\/td>\n<td>Excelente<\/td>\n<td>Bien<\/td>\n<\/tr>\n<tr>\n<td>Cuenta obligatoria<\/td>\n<td>No<\/td>\n<td>No<\/td>\n<td>No<\/td>\n<td>Opcional<\/td>\n<td>S\u00ed<\/td>\n<\/tr>\n<tr>\n<td>Mensajer\u00eda privada<\/td>\n<td>No<\/td>\n<td>No<\/td>\n<td>No<\/td>\n<td>S\u00ed<\/td>\n<td>S\u00ed<\/td>\n<\/tr>\n<tr>\n<td>Calidad de la moderaci\u00f3n<\/td>\n<td>Luz<\/td>\n<td>M\u00ednimo<\/td>\n<td>D\u00e9bil<\/td>\n<td>Moderado<\/td>\n<td>Fuerte<\/td>\n<\/tr>\n<\/tbody>\n<\/table>\n<p>Resumen: MeetSkip no reinventa la rueda, pero es una de las opciones m\u00e1s limpias y mejor optimizadas disponibles ahora mismo, especialmente si buscas una plataforma del estilo de Omegle con una interfaz de usuario m\u00e1s estable.<\/p>\n<h2>Ventajas e inconvenientes<\/h2>\n<p>Pros:<\/p>\n<ul>\n<li>Completamente gratis y sin necesidad de registrarse<\/li>\n<li>Videochat instant\u00e1neo con desconocidos<\/li>\n<li>Funciona bien tanto en ordenador como en m\u00f3vil<\/li>\n<li>Modos de chat de texto y v\u00eddeo disponibles<\/li>\n<li>Ligero, r\u00e1pido y f\u00e1cil de usar<\/li>\n<li>Mantenimiento del anonimato<\/li>\n<\/ul>\n<p>Contras:<\/p>\n<ul>\n<li>Opciones de filtrado b\u00e1sicas o poco fiables<\/li>\n<li>Puede aparecer alg\u00fan contenido inapropiado<\/li>\n<li>Sin funciones sociales ni de emparejamiento<\/li>\n<li>Sin historial de usuario ni posibilidad de volver a conectarse<\/li>\n<li>Base de usuarios masculina<\/li>\n<\/ul>\n<h2>Casos de uso ideales<\/h2>\n<p>MeetSkip es genial para:<\/p>\n<ul>\n<li>Personas que quieren chatear aleatoriamente con desconocidos, como el Omegle original<\/li>\n<li>Usuarios que buscan una distracci\u00f3n social r\u00e1pida o una forma divertida de pasar el tiempo<\/li>\n<li>Cualquiera que no quiera registrarse o descargar una aplicaci\u00f3n<\/li>\n<li>Usuarios internacionales que buscan conocer gente de otros pa\u00edses<\/li>\n<\/ul>\n<p>No es ideal para:<\/p>\n<ul>\n<li>Usuarios que buscan una experiencia de citas o emparejamientos personalizada<\/li>\n<li>Personas que prefieren salas de chat en grupo o temas de debate tem\u00e1ticos<\/li>\n<li>Usuarios m\u00e1s j\u00f3venes que pueden no sentirse c\u00f3modos navegando por contenidos para adultos.<\/li>\n<li>Usuarios que desean mantener conversaciones o a\u00f1adir amigos<\/li>\n<\/ul>\n<h2>Veredicto final<\/h2>\n<p>MeetSkip es una de las mejores plataformas de videochat aleatorio estilo Omegle que existen. Aunque no ofrece funciones avanzadas ni moderaci\u00f3n de vanguardia, consigue lo que se propone: ofrecer un chat cara a cara gratuito, an\u00f3nimo e instant\u00e1neo con desconocidos de todo el mundo.<\/p>\n<p>Si buscas un sitio de chat por webcam ligero, sin ataduras, con un m\u00ednimo de complicaciones y un emparejamiento r\u00e1pido, merece la pena echar un vistazo a MeetSkip. No es el m\u00e1s llamativo, pero es fiable - y a veces, eso es exactamente lo que los entusiastas del chat al azar est\u00e1n buscando.<\/p>","protected":false},"excerpt":{"rendered":"<p>As more people look for spontaneous, face-to-face interactions online, random video chat platforms continue to thrive \u2014 especially in the post-Omegle era. One of the newer names making the rounds is MeetSkip, a browser-based random cam chat site offering quick connections, minimal setup, and an experience reminiscent of the early Omegle days. But with dozens [&hellip;]<\/p>\n","protected":false},"author":6,"featured_media":0,"parent":0,"menu_order":0,"comment_status":"closed","ping_status":"closed","template":"","meta":{"footnotes":""},"class_list":["post-12846","page","type-page","status-publish","hentry"],"yoast_head":"<!-- This site is optimized with the Yoast SEO plugin v27.4 - https:\/\/yoast.com\/product\/yoast-seo-wordpress\/ -->\n<title>MeetSkip - Free Online Chat Rooms on StrangerCam.com<\/title>\n<meta name=\"description\" content=\"Like MeetSkip? Come chat with more than 5.000.000 strangers on Stranger Cam for Free! Turn on your cam and find new friends &amp; maby a match!\" \/>\n<meta name=\"robots\" content=\"index, follow, max-snippet:-1, max-image-preview:large, max-video-preview:-1\" \/>\n<link rel=\"canonical\" href=\"https:\/\/strangercam.com\/es\/meetskip\/\" \/>\n<meta property=\"og:locale\" content=\"es_ES\" \/>\n<meta property=\"og:type\" content=\"article\" \/>\n<meta property=\"og:title\" content=\"MeetSkip - Free Online Chat Rooms on StrangerCam.com\" \/>\n<meta property=\"og:description\" content=\"Like MeetSkip? Come chat with more than 5.000.000 strangers on Stranger Cam for Free! Turn on your cam and find new friends &amp; maby a match!\" \/>\n<meta property=\"og:url\" content=\"https:\/\/strangercam.com\/es\/meetskip\/\" \/>\n<meta property=\"og:site_name\" content=\"Strangercam\" \/>\n<meta property=\"article:publisher\" content=\"https:\/\/www.facebook.com\/strangercam\" \/>\n<meta property=\"og:image\" content=\"https:\/\/strangercam.com\/wp-content\/uploads\/2021\/10\/Untitled-2.png\" \/>\n\t<meta property=\"og:image:width\" content=\"800\" \/>\n\t<meta property=\"og:image:height\" content=\"532\" \/>\n\t<meta property=\"og:image:type\" content=\"image\/png\" \/>\n<meta name=\"twitter:card\" content=\"summary_large_image\" \/>\n<meta name=\"twitter:site\" content=\"@strangercamapp\" \/>\n<meta name=\"twitter:label1\" content=\"Tiempo de lectura\" \/>\n\t<meta name=\"twitter:data1\" content=\"6 minutos\" \/>\n<script type=\"application\/ld+json\" class=\"yoast-schema-graph\">{\"@context\":\"https:\\\/\\\/schema.org\",\"@graph\":[{\"@type\":\"WebPage\",\"@id\":\"https:\\\/\\\/strangercam.com\\\/meetskip\\\/\",\"url\":\"https:\\\/\\\/strangercam.com\\\/meetskip\\\/\",\"name\":\"MeetSkip - Free Online Chat Rooms on StrangerCam.com\",\"isPartOf\":{\"@id\":\"https:\\\/\\\/strangercam.com\\\/#website\"},\"datePublished\":\"2025-05-14T07:44:05+00:00\",\"description\":\"Like MeetSkip? Come chat with more than 5.000.000 strangers on Stranger Cam for Free! Turn on your cam and find new friends & maby a match!\",\"breadcrumb\":{\"@id\":\"https:\\\/\\\/strangercam.com\\\/meetskip\\\/#breadcrumb\"},\"inLanguage\":\"es\",\"potentialAction\":[{\"@type\":\"ReadAction\",\"target\":[\"https:\\\/\\\/strangercam.com\\\/meetskip\\\/\"]}]},{\"@type\":\"BreadcrumbList\",\"@id\":\"https:\\\/\\\/strangercam.com\\\/meetskip\\\/#breadcrumb\",\"itemListElement\":[{\"@type\":\"ListItem\",\"position\":1,\"name\":\"Home\",\"item\":\"https:\\\/\\\/strangercam.com\\\/\"},{\"@type\":\"ListItem\",\"position\":2,\"name\":\"MeetSkip\"}]},{\"@type\":\"WebSite\",\"@id\":\"https:\\\/\\\/strangercam.com\\\/#website\",\"url\":\"https:\\\/\\\/strangercam.com\\\/\",\"name\":\"Strangercam\",\"description\":\"Random Video Chat with Strangers\",\"publisher\":{\"@id\":\"https:\\\/\\\/strangercam.com\\\/#organization\"},\"alternateName\":\"Strangercam.com\",\"potentialAction\":[{\"@type\":\"SearchAction\",\"target\":{\"@type\":\"EntryPoint\",\"urlTemplate\":\"https:\\\/\\\/strangercam.com\\\/?s={search_term_string}\"},\"query-input\":{\"@type\":\"PropertyValueSpecification\",\"valueRequired\":true,\"valueName\":\"search_term_string\"}}],\"inLanguage\":\"es\"},{\"@type\":\"Organization\",\"@id\":\"https:\\\/\\\/strangercam.com\\\/#organization\",\"name\":\"Strangercam\",\"alternateName\":\"Strangercam.com\",\"url\":\"https:\\\/\\\/strangercam.com\\\/\",\"logo\":{\"@type\":\"ImageObject\",\"inLanguage\":\"es\",\"@id\":\"https:\\\/\\\/strangercam.com\\\/#\\\/schema\\\/logo\\\/image\\\/\",\"url\":\"https:\\\/\\\/strangercam.com\\\/wp-content\\\/uploads\\\/2020\\\/11\\\/cropped-new-favicon-black.png\",\"contentUrl\":\"https:\\\/\\\/strangercam.com\\\/wp-content\\\/uploads\\\/2020\\\/11\\\/cropped-new-favicon-black.png\",\"width\":512,\"height\":512,\"caption\":\"Strangercam\"},\"image\":{\"@id\":\"https:\\\/\\\/strangercam.com\\\/#\\\/schema\\\/logo\\\/image\\\/\"},\"sameAs\":[\"https:\\\/\\\/www.facebook.com\\\/strangercam\",\"https:\\\/\\\/x.com\\\/strangercamapp\"]}]}<\/script>\n<!-- \/ Yoast SEO plugin. -->","yoast_head_json":{"title":"MeetSkip - Salas de chat en l\u00ednea gratis en StrangerCam.com","description":"\u00bfTe gusta MeetSkip? \u00a1Ven a chatear gratis con m\u00e1s de 5.000.000 de desconocidos en Stranger Cam! \u00a1Enciende tu c\u00e1mara y encuentra nuevos amigos y tal vez una pareja!","robots":{"index":"index","follow":"follow","max-snippet":"max-snippet:-1","max-image-preview":"max-image-preview:large","max-video-preview":"max-video-preview:-1"},"canonical":"https:\/\/strangercam.com\/es\/meetskip\/","og_locale":"es_ES","og_type":"article","og_title":"MeetSkip - Free Online Chat Rooms on StrangerCam.com","og_description":"Like MeetSkip? Come chat with more than 5.000.000 strangers on Stranger Cam for Free! Turn on your cam and find new friends & maby a match!","og_url":"https:\/\/strangercam.com\/es\/meetskip\/","og_site_name":"Strangercam","article_publisher":"https:\/\/www.facebook.com\/strangercam","og_image":[{"width":800,"height":532,"url":"https:\/\/strangercam.com\/wp-content\/uploads\/2021\/10\/Untitled-2.png","type":"image\/png"}],"twitter_card":"summary_large_image","twitter_site":"@strangercamapp","twitter_misc":{"Tiempo de lectura":"6 minutos"},"schema":{"@context":"https:\/\/schema.org","@graph":[{"@type":"WebPage","@id":"https:\/\/strangercam.com\/meetskip\/","url":"https:\/\/strangercam.com\/meetskip\/","name":"MeetSkip - Salas de chat en l\u00ednea gratis en StrangerCam.com","isPartOf":{"@id":"https:\/\/strangercam.com\/#website"},"datePublished":"2025-05-14T07:44:05+00:00","description":"\u00bfTe gusta MeetSkip? \u00a1Ven a chatear gratis con m\u00e1s de 5.000.000 de desconocidos en Stranger Cam! \u00a1Enciende tu c\u00e1mara y encuentra nuevos amigos y tal vez una pareja!","breadcrumb":{"@id":"https:\/\/strangercam.com\/meetskip\/#breadcrumb"},"inLanguage":"es","potentialAction":[{"@type":"ReadAction","target":["https:\/\/strangercam.com\/meetskip\/"]}]},{"@type":"BreadcrumbList","@id":"https:\/\/strangercam.com\/meetskip\/#breadcrumb","itemListElement":[{"@type":"ListItem","position":1,"name":"Home","item":"https:\/\/strangercam.com\/"},{"@type":"ListItem","position":2,"name":"MeetSkip"}]},{"@type":"WebSite","@id":"https:\/\/strangercam.com\/#website","url":"https:\/\/strangercam.com\/","name":"Strangercam","description":"Videochat aleatorio con desconocidos","publisher":{"@id":"https:\/\/strangercam.com\/#organization"},"alternateName":"Strangercam.com","potentialAction":[{"@type":"SearchAction","target":{"@type":"EntryPoint","urlTemplate":"https:\/\/strangercam.com\/?s={search_term_string}"},"query-input":{"@type":"PropertyValueSpecification","valueRequired":true,"valueName":"search_term_string"}}],"inLanguage":"es"},{"@type":"Organization","@id":"https:\/\/strangercam.com\/#organization","name":"Strangercam","alternateName":"Strangercam.com","url":"https:\/\/strangercam.com\/","logo":{"@type":"ImageObject","inLanguage":"es","@id":"https:\/\/strangercam.com\/#\/schema\/logo\/image\/","url":"https:\/\/strangercam.com\/wp-content\/uploads\/2020\/11\/cropped-new-favicon-black.png","contentUrl":"https:\/\/strangercam.com\/wp-content\/uploads\/2020\/11\/cropped-new-favicon-black.png","width":512,"height":512,"caption":"Strangercam"},"image":{"@id":"https:\/\/strangercam.com\/#\/schema\/logo\/image\/"},"sameAs":["https:\/\/www.facebook.com\/strangercam","https:\/\/x.com\/strangercamapp"]}]}},"_links":{"self":[{"href":"https:\/\/strangercam.com\/es\/wp-json\/wp\/v2\/pages\/12846","targetHints":{"allow":["GET"]}}],"collection":[{"href":"https:\/\/strangercam.com\/es\/wp-json\/wp\/v2\/pages"}],"about":[{"href":"https:\/\/strangercam.com\/es\/wp-json\/wp\/v2\/types\/page"}],"author":[{"embeddable":true,"href":"https:\/\/strangercam.com\/es\/wp-json\/wp\/v2\/users\/6"}],"replies":[{"embeddable":true,"href":"https:\/\/strangercam.com\/es\/wp-json\/wp\/v2\/comments?post=12846"}],"version-history":[{"count":1,"href":"https:\/\/strangercam.com\/es\/wp-json\/wp\/v2\/pages\/12846\/revisions"}],"predecessor-version":[{"id":12847,"href":"https:\/\/strangercam.com\/es\/wp-json\/wp\/v2\/pages\/12846\/revisions\/12847"}],"wp:attachment":[{"href":"https:\/\/strangercam.com\/es\/wp-json\/wp\/v2\/media?parent=12846"}],"curies":[{"name":"wp","href":"https:\/\/api.w.org\/{rel}","templated":true}]}}