{"id":12842,"date":"2025-05-14T09:40:39","date_gmt":"2025-05-14T07:40:39","guid":{"rendered":"https:\/\/strangercam.com\/?page_id=12842"},"modified":"2025-05-14T09:42:02","modified_gmt":"2025-05-14T07:42:02","slug":"meetgle","status":"publish","type":"page","link":"https:\/\/strangercam.com\/es\/meetgle\/","title":{"rendered":"Meetgle"},"content":{"rendered":"<p>Con <a href=\"https:\/\/strangercam.com\/es\/omegle\/\">Omegle<\/a> ahora apagado y <a href=\"https:\/\/strangercam.com\/es\/chatroulette\/\">Chatroulette<\/a> una sombra de lo que fue, han surgido cada vez m\u00e1s plataformas para llenar el vac\u00edo existente en el sector del v\u00eddeo aleatorio. <a href=\"https:\/\/strangercam.com\/es\/chathub\/\">chat<\/a> espacio. Uno de ellos es Meetgle, un sitio gratuito de chat c\u00e1mara a c\u00e1mara basado en navegador y dise\u00f1ado para conectarte al instante con desconocidos de todo el mundo.<\/p>\n<p>Presentado como una alternativa moderna a Omegle, Meetgle promete emparejamientos r\u00e1pidos, conversaciones globales y cero registros. Pero en un mundo donde docenas de sitios de chat similares compiten por la atenci\u00f3n, \u00bfofrece Meetgle algo especial? \u00bfO no es m\u00e1s que otro clon gen\u00e9rico?<\/p>\n<p>En esta detallada rese\u00f1a, exploraremos qu\u00e9 es exactamente Meetgle, c\u00f3mo funciona, qu\u00e9 caracter\u00edsticas ofrece, qui\u00e9n lo utiliza y c\u00f3mo se compara con otras plataformas.<\/p>\n<h2>\u00bfQu\u00e9 es Meetgle?<\/h2>\n<p>Meetgle es un sitio web de videochat gratuito y an\u00f3nimo que conecta a usuarios al azar en conversaciones uno a uno a trav\u00e9s de la webcam. Al igual que el desaparecido Omegle, no necesitas registrarte ni instalar nada. Simplemente visita el sitio, haz clic en \"Iniciar chat\" y te conectar\u00e1s con un desconocido.<\/p>\n<p>La plataforma admite modos de chat de v\u00eddeo y de texto, y ofrece una forma r\u00e1pida y sin fricciones de relacionarse con personas de todo el mundo. Tanto si quieres ligar, hacer amigos, practicar un idioma o simplemente re\u00edrte un rato con alguien al azar, Meetgle te ofrece una puerta r\u00e1pida a la conexi\u00f3n humana espont\u00e1nea.<\/p>\n<h2>\u00bfCu\u00e1l es el objetivo de Meetgle?<\/h2>\n<p>El objetivo principal de Meetgle es recrear la experiencia original de Omegle: chats r\u00e1pidos y an\u00f3nimos con desconocidos a trav\u00e9s de la webcam o de texto. Elimina los perfiles, los inicios de sesi\u00f3n y las redes sociales para mantener las cosas simples y sin filtros.<\/p>\n<p>Est\u00e1 dise\u00f1ado para:<\/p>\n<ul>\n<li>Usuarios que buscan una conversaci\u00f3n informal y no estructurada<\/li>\n<li>Personas que disfrutan con experiencias aleatorias de videochat<\/li>\n<li>Cualquiera que eche de menos el antiguo formato Omegle<\/li>\n<li>Viajeros o estudiantes de idiomas que buscan <a href=\"https:\/\/strangercam.com\/es\/coomeet\/\">conozca<\/a> personas en todo el mundo<\/li>\n<\/ul>\n<p>No hay presi\u00f3n para mantenerse conectado, no hay retransmisiones p\u00fablicas ni necesidad de revelar detalles personales. El objetivo es la interacci\u00f3n cara a cara, en tiempo real, sin editar ni guionizar.<\/p>\n<h2>Caracter\u00edsticas principales<\/h2>\n<p>1. Videochat aleatorio<br \/>\nLa caracter\u00edstica principal de Meetgle es el videochat instant\u00e1neo c\u00e1mara a c\u00e1mara. Un clic te conecta con alguien nuevo. El emparejamiento es aleatorio y la experiencia es privada. No hay p\u00fablico ni algoritmos: s\u00f3lo una persona frente a otra, conectadas por webcam.<\/p>\n<p>2. Modo de chat de texto<br \/>\n\u00bfNo est\u00e1s preparado para el v\u00eddeo? Puedes cambiar al modo de s\u00f3lo texto en cualquier momento. Esta opci\u00f3n es ideal para los usuarios t\u00edmidos, los que tienen poco ancho de banda o los que prefieren escribir en las conversaciones.<\/p>\n<p>3. An\u00f3nimo y sin registro<br \/>\nMeetgle no requiere registro, inicio de sesi\u00f3n o correo electr\u00f3nico para su uso. No almacena el historial de chat ni pide datos personales. Los usuarios pueden unirse, chatear y marcharse de forma totalmente an\u00f3nima.<\/p>\n<p>4. Botones Saltar y Siguiente<br \/>\nSi no est\u00e1s disfrutando de una conversaci\u00f3n, s\u00f3lo tienes que hacer clic en \"Siguiente\" para conectarte al instante con otra persona. Esta funci\u00f3n es r\u00e1pida y \u00e1gil, lo que te permite ir pasando de un usuario a otro hasta que encuentres a alguien interesante.<\/p>\n<p>5. Acceso global<br \/>\nMeetgle conecta a usuarios de todo el mundo. No hay restricciones regionales y puedes chatear con personas de cualquier pa\u00eds, lo que lo hace ideal para el intercambio cultural o simplemente para ampliar tu perspectiva.<\/p>\n<p>6. Soporte m\u00f3vil<br \/>\nAunque Meetgle no tiene una aplicaci\u00f3n espec\u00edfica, el sitio web es apto para m\u00f3viles y funciona en la mayor\u00eda de los navegadores de smartphones modernos. La experiencia es mejor en ordenadores de sobremesa, pero los usuarios de m\u00f3viles pueden acceder a todas las funciones de chat de v\u00eddeo y texto.<\/p>\n<p>7. No requiere descarga<br \/>\nTodo se ejecuta en el navegador. No necesitas instalar ning\u00fan software ni extensi\u00f3n. Siempre que tengas una c\u00e1mara web, un micr\u00f3fono y un navegador, puedes empezar.<\/p>\n<h2>\u00bfEs Meetgle gratis?<\/h2>\n<p>S\u00ed, el uso de Meetgle es completamente gratuito. Los hay:<\/p>\n<ul>\n<li>Sin cuentas premium<\/li>\n<li>Sin fichas ni cr\u00e9ditos<\/li>\n<li>Sin muros de pago ni costes ocultos<\/li>\n<\/ul>\n<p>Todos los usuarios tienen el mismo acceso a las funciones de v\u00eddeo y chat de texto sin pagar un c\u00e9ntimo. Meetgle puede mostrar anuncios para cubrir costes operativos, pero en el momento de redactar este art\u00edculo, la plataforma sigue siendo gratuita y relativamente despejada.<\/p>\n<h2>\u00bfQui\u00e9n utiliza Meetgle?<\/h2>\n<p>La base de usuarios de Meetgle es global y diversa, pero tiende a seguir patrones observados en todo el espacio de chat aleatorio:<\/p>\n<ul>\n<li>Edades: Principalmente 18-35<\/li>\n<li>Sexo: La mayor\u00eda son hombres, pero las mujeres suelen recibir m\u00e1s solicitudes de chat.<\/li>\n<li>Emplazamientos: Fuerte actividad de Estados Unidos, India, Alemania, Brasil y Reino Unido.<\/li>\n<li>Intenci\u00f3n: Una mezcla de conversaci\u00f3n casual, flirteo y curiosidad social.<\/li>\n<\/ul>\n<p>La plataforma atrae a personas que:<\/p>\n<ul>\n<li>Se\u00f1orita Omegle o Chatroulette<\/li>\n<li>Disfruta de una videoconferencia espont\u00e1nea y sin filtros<\/li>\n<li>No quiere registrarse ni crear perfiles<\/li>\n<li>Como la emoci\u00f3n de la interacci\u00f3n social impredecible<\/li>\n<\/ul>\n<p>Como no hay inicio de sesi\u00f3n, es imposible crear seguidores, a\u00f1adir amigos o volver a partidas anteriores. Cada sesi\u00f3n es temporal, lo que aumenta el atractivo para los usuarios que buscan un escape temporal o una interacci\u00f3n ligera.<\/p>\n<h2>Seguridad, privacidad y moderaci\u00f3n<\/h2>\n<p>Como en cualquier plataforma de videochat an\u00f3nimo, la seguridad es una preocupaci\u00f3n, y Meetgle hace un esfuerzo, aunque no es perfecto.<\/p>\n<h3>Privacidad<\/h3>\n<ul>\n<li>No es necesario registrarse<\/li>\n<li>No se recogen datos personales<\/li>\n<li>Los chats no se guardan ni se graban<\/li>\n<li>Puede abandonar una sesi\u00f3n en cualquier momento<\/li>\n<\/ul>\n<h3>Moderaci\u00f3n<\/h3>\n<ul>\n<li>Bot\u00f3n de denuncia disponible para marcar contenido inapropiado<\/li>\n<li>La detecci\u00f3n de desnudos basada en inteligencia artificial ayuda a limitar los contenidos para adultos<\/li>\n<li>Pueden producirse prohibiciones aleatorias o prohibiciones en la sombra por infracciones de las normas.<\/li>\n<\/ul>\n<p>Dicho esto, la moderaci\u00f3n es principalmente reactiva. Aunque la plataforma realiza algunos escaneos autom\u00e1ticos y revisiones manuales, los usuarios pueden encontrarse con desnudos, acoso o trolling, especialmente fuera de las horas punta.<\/p>\n<p>Se recomienda encarecidamente a los usuarios que:<\/p>\n<ul>\n<li>Evite compartir informaci\u00f3n personal<\/li>\n<li>Utiliza generosamente las funciones \"Informe\" y \"Siguiente<\/li>\n<li>Chatear en entornos p\u00fablicos o vigilados<\/li>\n<li>Tenga cuidado al chatear a trav\u00e9s de datos m\u00f3viles o Wi-Fi p\u00fablico<\/li>\n<\/ul>\n<h2>Experiencia de usuario e interfaz<\/h2>\n<p>Meetgle ofrece un dise\u00f1o muy sencillo e intuitivo. No hay curva de aprendizaje. Cuando aterrizas en la p\u00e1gina de inicio, te saluda un gran bot\u00f3n \"Empezar\" y, en cuesti\u00f3n de segundos, est\u00e1s en un chat.<\/p>\n<p>Aspectos clave del dise\u00f1o:<\/p>\n<ul>\n<li>Grandes ventanas de v\u00eddeo<\/li>\n<li>Cuadro de chat sencillo para escribir<\/li>\n<li>Botones de inicio, siguiente, silencio e informe<\/li>\n<li>Sin anuncios que interrumpan la pantalla principal (por ahora)<\/li>\n<\/ul>\n<p>Los tiempos de carga son r\u00e1pidos, las transiciones fluidas y la calidad de v\u00eddeo decente, siempre que la conexi\u00f3n sea estable.<\/p>\n<p>Aunque la plataforma carece de una interfaz de usuario o una marca modernas, su estilo minimalista juega a su favor. No estorba y permite a los usuarios centrarse en la conversaci\u00f3n.<\/p>\n<h2>Meetgle vs Otros Sitios de Video Chat<\/h2>\n<p>Veamos c\u00f3mo se compara Meetgle con algunas alternativas populares:<\/p>\n<table>\n<thead>\n<tr>\n<th>Caracter\u00edstica<\/th>\n<th>Meetgle<\/th>\n<th>Omegle (ya cerrado)<\/th>\n<th>Chatroulette<\/th>\n<th>Chatrandom<\/th>\n<th>Emerald Chat<\/th>\n<\/tr>\n<\/thead>\n<tbody>\n<tr>\n<td>Random Video Chat con Desconocidos<\/td>\n<td>S\u00ed<\/td>\n<td>S\u00ed<\/td>\n<td>S\u00ed<\/td>\n<td>S\u00ed<\/td>\n<td>S\u00ed<\/td>\n<\/tr>\n<tr>\n<td>Opci\u00f3n de chat de texto<\/td>\n<td>S\u00ed<\/td>\n<td>S\u00ed<\/td>\n<td>No<\/td>\n<td>S\u00ed<\/td>\n<td>S\u00ed<\/td>\n<\/tr>\n<tr>\n<td>Inscripci\u00f3n obligatoria<\/td>\n<td>No<\/td>\n<td>No<\/td>\n<td>No<\/td>\n<td>Opcional<\/td>\n<td>S\u00ed<\/td>\n<\/tr>\n<tr>\n<td>Filtro de g\u00e9nero<\/td>\n<td>No<\/td>\n<td>No (pago posterior)<\/td>\n<td>No<\/td>\n<td>Pagado<\/td>\n<td>S\u00ed<\/td>\n<\/tr>\n<tr>\n<td>Optimizaci\u00f3n m\u00f3vil<\/td>\n<td>Moderado<\/td>\n<td>Pobre<\/td>\n<td>Pobre<\/td>\n<td>Excelente<\/td>\n<td>Bien<\/td>\n<\/tr>\n<tr>\n<td>Herramientas de moderaci\u00f3n<\/td>\n<td>B\u00e1sico<\/td>\n<td>M\u00ednimo<\/td>\n<td>D\u00e9bil<\/td>\n<td>Moderado<\/td>\n<td>Fuerte<\/td>\n<\/tr>\n<tr>\n<td>Uso gratuito<\/td>\n<td>S\u00ed<\/td>\n<td>S\u00ed<\/td>\n<td>S\u00ed<\/td>\n<td>S\u00ed\/Pagado<\/td>\n<td>S\u00ed<\/td>\n<\/tr>\n<\/tbody>\n<\/table>\n<p>Resumen: Meetgle ofrece la experiencia actual m\u00e1s parecida al Omegle original - videochat r\u00e1pido, gratuito y an\u00f3nimo - pero con un soporte m\u00f3vil ligeramente mejor y una moderaci\u00f3n m\u00e1s ligera.<\/p>\n<h2>Ventajas e inconvenientes<\/h2>\n<p>Pros:<\/p>\n<ul>\n<li>100% libre y an\u00f3nimo<\/li>\n<li>No es necesario registrarse ni descargar nada<\/li>\n<li>F\u00e1cil de usar, carga r\u00e1pida<\/li>\n<li>Modos de texto y v\u00eddeo disponibles<\/li>\n<li>Funciona en ordenadores de sobremesa y m\u00f3viles<\/li>\n<li>La alternativa m\u00e1s cercana a la experiencia Omegle cl\u00e1sica<\/li>\n<\/ul>\n<p>Contras:<\/p>\n<ul>\n<li>M\u00ednima moderaci\u00f3n - todav\u00eda algunos contenidos inapropiados<\/li>\n<li>Sin filtros de g\u00e9nero ni de intereses<\/li>\n<li>No hay forma de volver a conectar con usuarios anteriores<\/li>\n<li>Interfaz b\u00e1sica sin cuentas de usuario ni funciones sociales<\/li>\n<li>Bots ocasionales o comportamiento spam<\/li>\n<\/ul>\n<h2>Casos de uso ideales<\/h2>\n<p>Meetgle es ideal para:<\/p>\n<ul>\n<li>Usuarios que echan de menos el Omegle y quieren un sustituto similar<\/li>\n<li>Personas que buscan chatear aleatoriamente con desconocidos sin iniciar sesi\u00f3n<\/li>\n<li>Conversaci\u00f3n informal y an\u00f3nima y entretenimiento social<\/li>\n<li>Interacciones r\u00e1pidas y sin presiones a trav\u00e9s de webcam o texto<\/li>\n<\/ul>\n<p>No es ideal para:<\/p>\n<p>Usuarios que desean opciones de filtrado o conexiones a largo plazo<\/p>\n<p>Aquellos que buscan citas o experiencias de emparejamiento<\/p>\n<p>Personas inc\u00f3modas con contenidos potencialmente no moderados<\/p>\n<p>Usuarios que buscan aplicaciones m\u00f3viles o funciones premium<\/p>\n<h2>Veredicto final<\/h2>\n<p>Meetgle es una de las plataformas del estilo Omegle m\u00e1s sencillas y eficaces que siguen funcionando. No trata de ser una aplicaci\u00f3n de citas, una plataforma de streaming o una red social: es simplemente un videochat r\u00e1pido y an\u00f3nimo. Esa sencillez es su punto fuerte.<\/p>\n<p>Aunque la falta de moderaci\u00f3n y filtrado puede ser un inconveniente, la plataforma sigue siendo una de las cosas m\u00e1s parecidas a la experiencia Omegle original. Para los usuarios que valoran la velocidad, el anonimato y la espontaneidad, merece la pena echar un vistazo a Meetgle.<\/p>\n<p>Si buscas una alternativa a la ca\u00f3tica aleatoriedad de Chatroulette o a la excesiva monetizaci\u00f3n de Chatspin, Meetgle es un buen punto intermedio: ligero, gratuito y sorprendentemente divertido.<\/p>","protected":false},"excerpt":{"rendered":"<p>With Omegle now shut down and Chatroulette a shadow of its former self, a growing number of platforms have emerged to fill the gap in the random video chat space. One of those is Meetgle \u2014 a free, browser-based cam-to-cam chat site designed to connect you instantly with strangers from around the world. Touted as [&hellip;]<\/p>\n","protected":false},"author":6,"featured_media":0,"parent":0,"menu_order":0,"comment_status":"closed","ping_status":"closed","template":"","meta":{"footnotes":""},"class_list":["post-12842","page","type-page","status-publish","hentry"],"yoast_head":"<!-- This site is optimized with the Yoast SEO plugin v27.4 - https:\/\/yoast.com\/product\/yoast-seo-wordpress\/ -->\n<title>Meetgle - Alternative Random Video Chat on StrangerCam.com<\/title>\n<meta name=\"description\" content=\"Like Meetgle? Come chat with more than 5.000.000 strangers on Stranger Cam for Free! Turn on your cam and find new friends &amp; maby a match!\" \/>\n<meta name=\"robots\" content=\"index, follow, max-snippet:-1, max-image-preview:large, max-video-preview:-1\" \/>\n<link rel=\"canonical\" href=\"https:\/\/strangercam.com\/es\/meetgle\/\" \/>\n<meta property=\"og:locale\" content=\"es_ES\" \/>\n<meta property=\"og:type\" content=\"article\" \/>\n<meta property=\"og:title\" content=\"Meetgle - Alternative Random Video Chat on StrangerCam.com\" \/>\n<meta property=\"og:description\" content=\"Like Meetgle? Come chat with more than 5.000.000 strangers on Stranger Cam for Free! Turn on your cam and find new friends &amp; maby a match!\" \/>\n<meta property=\"og:url\" content=\"https:\/\/strangercam.com\/es\/meetgle\/\" \/>\n<meta property=\"og:site_name\" content=\"Strangercam\" \/>\n<meta property=\"article:publisher\" content=\"https:\/\/www.facebook.com\/strangercam\" \/>\n<meta property=\"article:modified_time\" content=\"2025-05-14T07:42:02+00:00\" \/>\n<meta property=\"og:image\" content=\"https:\/\/strangercam.com\/wp-content\/uploads\/2021\/10\/Untitled-2.png\" \/>\n\t<meta property=\"og:image:width\" content=\"800\" \/>\n\t<meta property=\"og:image:height\" content=\"532\" \/>\n\t<meta property=\"og:image:type\" content=\"image\/png\" \/>\n<meta name=\"twitter:card\" content=\"summary_large_image\" \/>\n<meta name=\"twitter:site\" content=\"@strangercamapp\" \/>\n<meta name=\"twitter:label1\" content=\"Tiempo de lectura\" \/>\n\t<meta name=\"twitter:data1\" content=\"6 minutos\" \/>\n<script type=\"application\/ld+json\" class=\"yoast-schema-graph\">{\"@context\":\"https:\\\/\\\/schema.org\",\"@graph\":[{\"@type\":\"WebPage\",\"@id\":\"https:\\\/\\\/strangercam.com\\\/meetgle\\\/\",\"url\":\"https:\\\/\\\/strangercam.com\\\/meetgle\\\/\",\"name\":\"Meetgle - Alternative Random Video Chat on StrangerCam.com\",\"isPartOf\":{\"@id\":\"https:\\\/\\\/strangercam.com\\\/#website\"},\"datePublished\":\"2025-05-14T07:40:39+00:00\",\"dateModified\":\"2025-05-14T07:42:02+00:00\",\"description\":\"Like Meetgle? Come chat with more than 5.000.000 strangers on Stranger Cam for Free! Turn on your cam and find new friends & maby a match!\",\"breadcrumb\":{\"@id\":\"https:\\\/\\\/strangercam.com\\\/meetgle\\\/#breadcrumb\"},\"inLanguage\":\"es\",\"potentialAction\":[{\"@type\":\"ReadAction\",\"target\":[\"https:\\\/\\\/strangercam.com\\\/meetgle\\\/\"]}]},{\"@type\":\"BreadcrumbList\",\"@id\":\"https:\\\/\\\/strangercam.com\\\/meetgle\\\/#breadcrumb\",\"itemListElement\":[{\"@type\":\"ListItem\",\"position\":1,\"name\":\"Home\",\"item\":\"https:\\\/\\\/strangercam.com\\\/\"},{\"@type\":\"ListItem\",\"position\":2,\"name\":\"Meetgle\"}]},{\"@type\":\"WebSite\",\"@id\":\"https:\\\/\\\/strangercam.com\\\/#website\",\"url\":\"https:\\\/\\\/strangercam.com\\\/\",\"name\":\"Strangercam\",\"description\":\"Random Video Chat with Strangers\",\"publisher\":{\"@id\":\"https:\\\/\\\/strangercam.com\\\/#organization\"},\"alternateName\":\"Strangercam.com\",\"potentialAction\":[{\"@type\":\"SearchAction\",\"target\":{\"@type\":\"EntryPoint\",\"urlTemplate\":\"https:\\\/\\\/strangercam.com\\\/?s={search_term_string}\"},\"query-input\":{\"@type\":\"PropertyValueSpecification\",\"valueRequired\":true,\"valueName\":\"search_term_string\"}}],\"inLanguage\":\"es\"},{\"@type\":\"Organization\",\"@id\":\"https:\\\/\\\/strangercam.com\\\/#organization\",\"name\":\"Strangercam\",\"alternateName\":\"Strangercam.com\",\"url\":\"https:\\\/\\\/strangercam.com\\\/\",\"logo\":{\"@type\":\"ImageObject\",\"inLanguage\":\"es\",\"@id\":\"https:\\\/\\\/strangercam.com\\\/#\\\/schema\\\/logo\\\/image\\\/\",\"url\":\"https:\\\/\\\/strangercam.com\\\/wp-content\\\/uploads\\\/2020\\\/11\\\/cropped-new-favicon-black.png\",\"contentUrl\":\"https:\\\/\\\/strangercam.com\\\/wp-content\\\/uploads\\\/2020\\\/11\\\/cropped-new-favicon-black.png\",\"width\":512,\"height\":512,\"caption\":\"Strangercam\"},\"image\":{\"@id\":\"https:\\\/\\\/strangercam.com\\\/#\\\/schema\\\/logo\\\/image\\\/\"},\"sameAs\":[\"https:\\\/\\\/www.facebook.com\\\/strangercam\",\"https:\\\/\\\/x.com\\\/strangercamapp\"]}]}<\/script>\n<!-- \/ Yoast SEO plugin. -->","yoast_head_json":{"title":"Meetgle - Videochat aleatorio alternativo en StrangerCam.com","description":"\u00bfTe gusta Meetgle? \u00a1Chatea gratis con m\u00e1s de 5.000.000 de desconocidos en Stranger Cam! \u00a1Enciende tu c\u00e1mara y encuentra nuevos amigos y tal vez una pareja!","robots":{"index":"index","follow":"follow","max-snippet":"max-snippet:-1","max-image-preview":"max-image-preview:large","max-video-preview":"max-video-preview:-1"},"canonical":"https:\/\/strangercam.com\/es\/meetgle\/","og_locale":"es_ES","og_type":"article","og_title":"Meetgle - Alternative Random Video Chat on StrangerCam.com","og_description":"Like Meetgle? Come chat with more than 5.000.000 strangers on Stranger Cam for Free! Turn on your cam and find new friends & maby a match!","og_url":"https:\/\/strangercam.com\/es\/meetgle\/","og_site_name":"Strangercam","article_publisher":"https:\/\/www.facebook.com\/strangercam","article_modified_time":"2025-05-14T07:42:02+00:00","og_image":[{"width":800,"height":532,"url":"https:\/\/strangercam.com\/wp-content\/uploads\/2021\/10\/Untitled-2.png","type":"image\/png"}],"twitter_card":"summary_large_image","twitter_site":"@strangercamapp","twitter_misc":{"Tiempo de lectura":"6 minutos"},"schema":{"@context":"https:\/\/schema.org","@graph":[{"@type":"WebPage","@id":"https:\/\/strangercam.com\/meetgle\/","url":"https:\/\/strangercam.com\/meetgle\/","name":"Meetgle - Videochat aleatorio alternativo en StrangerCam.com","isPartOf":{"@id":"https:\/\/strangercam.com\/#website"},"datePublished":"2025-05-14T07:40:39+00:00","dateModified":"2025-05-14T07:42:02+00:00","description":"\u00bfTe gusta Meetgle? \u00a1Chatea gratis con m\u00e1s de 5.000.000 de desconocidos en Stranger Cam! \u00a1Enciende tu c\u00e1mara y encuentra nuevos amigos y tal vez una pareja!","breadcrumb":{"@id":"https:\/\/strangercam.com\/meetgle\/#breadcrumb"},"inLanguage":"es","potentialAction":[{"@type":"ReadAction","target":["https:\/\/strangercam.com\/meetgle\/"]}]},{"@type":"BreadcrumbList","@id":"https:\/\/strangercam.com\/meetgle\/#breadcrumb","itemListElement":[{"@type":"ListItem","position":1,"name":"Home","item":"https:\/\/strangercam.com\/"},{"@type":"ListItem","position":2,"name":"Meetgle"}]},{"@type":"WebSite","@id":"https:\/\/strangercam.com\/#website","url":"https:\/\/strangercam.com\/","name":"Strangercam","description":"Videochat aleatorio con desconocidos","publisher":{"@id":"https:\/\/strangercam.com\/#organization"},"alternateName":"Strangercam.com","potentialAction":[{"@type":"SearchAction","target":{"@type":"EntryPoint","urlTemplate":"https:\/\/strangercam.com\/?s={search_term_string}"},"query-input":{"@type":"PropertyValueSpecification","valueRequired":true,"valueName":"search_term_string"}}],"inLanguage":"es"},{"@type":"Organization","@id":"https:\/\/strangercam.com\/#organization","name":"Strangercam","alternateName":"Strangercam.com","url":"https:\/\/strangercam.com\/","logo":{"@type":"ImageObject","inLanguage":"es","@id":"https:\/\/strangercam.com\/#\/schema\/logo\/image\/","url":"https:\/\/strangercam.com\/wp-content\/uploads\/2020\/11\/cropped-new-favicon-black.png","contentUrl":"https:\/\/strangercam.com\/wp-content\/uploads\/2020\/11\/cropped-new-favicon-black.png","width":512,"height":512,"caption":"Strangercam"},"image":{"@id":"https:\/\/strangercam.com\/#\/schema\/logo\/image\/"},"sameAs":["https:\/\/www.facebook.com\/strangercam","https:\/\/x.com\/strangercamapp"]}]}},"_links":{"self":[{"href":"https:\/\/strangercam.com\/es\/wp-json\/wp\/v2\/pages\/12842","targetHints":{"allow":["GET"]}}],"collection":[{"href":"https:\/\/strangercam.com\/es\/wp-json\/wp\/v2\/pages"}],"about":[{"href":"https:\/\/strangercam.com\/es\/wp-json\/wp\/v2\/types\/page"}],"author":[{"embeddable":true,"href":"https:\/\/strangercam.com\/es\/wp-json\/wp\/v2\/users\/6"}],"replies":[{"embeddable":true,"href":"https:\/\/strangercam.com\/es\/wp-json\/wp\/v2\/comments?post=12842"}],"version-history":[{"count":2,"href":"https:\/\/strangercam.com\/es\/wp-json\/wp\/v2\/pages\/12842\/revisions"}],"predecessor-version":[{"id":12844,"href":"https:\/\/strangercam.com\/es\/wp-json\/wp\/v2\/pages\/12842\/revisions\/12844"}],"wp:attachment":[{"href":"https:\/\/strangercam.com\/es\/wp-json\/wp\/v2\/media?parent=12842"}],"curies":[{"name":"wp","href":"https:\/\/api.w.org\/{rel}","templated":true}]}}