{"id":12832,"date":"2025-05-14T09:23:52","date_gmt":"2025-05-14T07:23:52","guid":{"rendered":"https:\/\/strangercam.com\/?page_id=12832"},"modified":"2025-05-14T09:28:47","modified_gmt":"2025-05-14T07:28:47","slug":"hiyak","status":"publish","type":"page","link":"https:\/\/strangercam.com\/es\/hiyak\/","title":{"rendered":"Hiyak"},"content":{"rendered":"<p>El mundo del v\u00eddeo aleatorio <a href=\"https:\/\/strangercam.com\/es\/chathub\/\">chat<\/a> Las plataformas est\u00e1n en constante evoluci\u00f3n. Desde los d\u00edas del salvaje oeste de <a href=\"https:\/\/strangercam.com\/es\/omegle\/\">Omegle<\/a> a las experiencias m\u00e1s pulidas que ofrecen aplicaciones como Chatspin y Emerald Chat, los usuarios siempre est\u00e1n a la caza de algo que logre el equilibrio adecuado entre espontaneidad, control del usuario y seguridad.<\/p>\n<p>Hiyak es un nombre relativamente nuevo que promete videoconferencias r\u00e1pidas, divertidas y an\u00f3nimas con desconocidos de todo el mundo. Pero, \u00bfest\u00e1 a la altura de su potencial? \u00bfY c\u00f3mo se compara con otras plataformas de videochat en 2025?<\/p>\n<p>En esta rese\u00f1a en profundidad, exploramos qu\u00e9 ofrece Hiyak, c\u00f3mo funciona, a qui\u00e9n va dirigido y si merece la pena si te gusta conocer gente nueva online a trav\u00e9s del v\u00eddeo en directo.<\/p>\n<h2>\u00bfQu\u00e9 es Hiyak?<\/h2>\n<p>Hiyak es una plataforma gratuita de videochat aleatorio basada en navegador que conecta a los usuarios instant\u00e1neamente con desconocidos para mantener conversaciones uno a uno c\u00e1mara a c\u00e1mara. Se basa en el mismo concepto fundamental que Omegle o <a href=\"https:\/\/strangercam.com\/es\/chatroulette\/\">Chatroulette<\/a> - pulse un bot\u00f3n y con\u00e9ctese con alguien nuevo, de forma an\u00f3nima e instant\u00e1nea.<\/p>\n<p>Lo que distingue a Hiyak es su interfaz limpia y minimalista, su s\u00f3lida compatibilidad m\u00f3vil y un notable esfuerzo por la moderaci\u00f3n y la seguridad de los usuarios. La plataforma no trata de ser una red social o una aplicaci\u00f3n de citas; se trata de encuentros fugaces y aleatorios, pura y simplemente.<\/p>\n<p>Ya sea para charlar, ligar, practicar un nuevo idioma, o simplemente <a href=\"https:\/\/strangercam.com\/es\/coomeet\/\">conozca<\/a> alguien nuevo, Hiyak pretende ofrecer esa conexi\u00f3n humana instant\u00e1nea con la menor fricci\u00f3n posible.<\/p>\n<h2>\u00bfCu\u00e1l es el objetivo de Hiyak?<\/h2>\n<p>El objetivo principal de Hiyak es crear interacciones de v\u00eddeo cara a cara, r\u00e1pidas y an\u00f3nimas, entre desconocidos, sin necesidad de registro, descargas o informaci\u00f3n personal. Est\u00e1 dise\u00f1ada para ser ligera, accesible y no filtrada, lo que atrae a quienes echan de menos la espontaneidad de las antiguas plataformas de chat aleatorio, pero quieren una versi\u00f3n algo m\u00e1s moderna y segura.<\/p>\n<p>Est\u00e1 hecho para:<\/p>\n<ul>\n<li>Usuarios ocasionales que buscan conversaciones breves con desconocidos<\/li>\n<li>Personas que quieren ligar o hacer amigos sin compartir su identidad<\/li>\n<li>Aficionados a la vida social espont\u00e1nea y no programada<\/li>\n<li>Cualquiera que est\u00e9 cansado de las redes sociales y desee interactuar en tiempo real.<\/li>\n<\/ul>\n<h2>Caracter\u00edsticas principales<\/h2>\n<p>1. Videochat aleatorio uno a uno<br \/>\nLa principal caracter\u00edstica de Hiyak es su sistema de emparejamiento instant\u00e1neo. Nada m\u00e1s entrar en la p\u00e1gina de inicio, un simple toque en \"Empezar\" te conecta con un desconocido al azar a trav\u00e9s de la webcam. Cada sesi\u00f3n es privada, y cualquiera de las partes puede desconectarse en cualquier momento para iniciar un nuevo chat.<\/p>\n<p>2. No es necesario registrarse<br \/>\nNo hay cuentas, nombres de usuario ni registros de correo electr\u00f3nico. Basta con visitar el sitio y empezar a chatear. Este anonimato es un gran atractivo para los usuarios que no quieren compartir datos personales ni crear un perfil.<\/p>\n<p>3. Integraci\u00f3n de chat de texto<br \/>\nAdem\u00e1s de v\u00eddeo, Hiyak tambi\u00e9n ofrece chat de texto durante cada sesi\u00f3n. Esto es especialmente \u00fatil para los usuarios que prefieren teclear inicialmente o para los que experimentan barreras ling\u00fc\u00edsticas o problemas t\u00e9cnicos con el micr\u00f3fono o la c\u00e1mara.<\/p>\n<p>4. Filtros de g\u00e9nero y ubicaci\u00f3n (limitados)<br \/>\nAunque Hiyak no ofrece filtros avanzados, s\u00ed proporciona opciones b\u00e1sicas para seleccionar el sexo y el pa\u00eds preferidos. Estos filtros est\u00e1n disponibles en la versi\u00f3n gratuita, pero no siempre son precisos o coherentes debido a la naturaleza an\u00f3nima de la plataforma.<\/p>\n<p>5. Compatibilidad con navegadores m\u00f3viles<br \/>\nHiyak funciona sin problemas en navegadores m\u00f3viles, ofreciendo una experiencia de videochat completa en smartphones y tabletas. No requiere aplicaci\u00f3n, lo que significa menos fricci\u00f3n y un acceso m\u00e1s r\u00e1pido, especialmente para los nuevos usuarios.<\/p>\n<p>6. Interfaz limpia y minimalista<br \/>\nLa interfaz se reduce a lo esencial. Una gran ventana de v\u00eddeo, controles b\u00e1sicos (inicio, parada, siguiente, silencio) y una peque\u00f1a zona de chat de texto. No hay anuncios en la pantalla, ni ventanas emergentes, ni men\u00fas confusos: s\u00f3lo la experiencia b\u00e1sica del chat.<\/p>\n<p>7. Herramientas de notificaci\u00f3n y bloqueo<br \/>\nLos usuarios pueden denunciar comportamientos inapropiados o bloquear a usuarios concretos con un solo clic. Aunque la moderaci\u00f3n sigue dependiendo en gran medida de la comunidad, la plataforma se toma en serio las denuncias y bloquea a los reincidentes para mantener el entorno m\u00e1s limpio que competidores como Omegle.<\/p>\n<p>8. Sin descargas, sin inicios de sesi\u00f3n, sin complicaciones<br \/>\nToda la plataforma se basa en el navegador y funciona sin necesidad de instalar nada ni crear un perfil. Esta sencillez es uno de sus principales argumentos de venta.<\/p>\n<h2>\u00bfEs libre Hiyak?<\/h2>\n<p>S\u00ed, Hiyak es 100% de uso gratuito. Los hay:<\/p>\n<ul>\n<li>Sin cuotas de inscripci\u00f3n<\/li>\n<li>Sin muros de pago ni modelo freemium<\/li>\n<li>Sin sistema de cr\u00e9ditos ni fichas premium<\/li>\n<\/ul>\n<p>Todas las funciones -incluidos el chat de v\u00eddeo, el chat de texto y los filtros b\u00e1sicos- est\u00e1n disponibles desde el momento en que se abre el sitio web. El modelo de monetizaci\u00f3n, si lo hay, es ligero y puede implicar anuncios no intrusivos en el futuro, pero en el momento de escribir este art\u00edculo, la experiencia sigue estando libre de anuncios.<\/p>\n<h2>\u00bfQui\u00e9n utiliza Hiyak?<\/h2>\n<p>Hiyak atrae a una amplia base de usuarios internacionales, pero es especialmente popular entre:<\/p>\n<ul>\n<li>Adultos j\u00f3venes (18-30) que disfrutan chateando por v\u00eddeo al azar<\/li>\n<li>Personas de EE.UU., Reino Unido, India, Brasil y Europa Occidental<\/li>\n<li>Usuarios que buscan flirteo casual, amistades en l\u00ednea o simplemente charlas divertidas con desconocidos.<\/li>\n<\/ul>\n<p>La plataforma tiene un p\u00fablico mayoritariamente masculino, lo que es t\u00edpico en el \u00e1mbito de los videochats aleatorios. Dicho esto, el desequilibrio de g\u00e9nero es menos notable durante las horas punta, cuando hay m\u00e1s usuarios conectados.<\/p>\n<p>Hiyak no tiene una capa social integrada ni un sistema de seguidores, as\u00ed que no hay influencers, streamers ni creadores de contenidos. Es totalmente entre iguales y an\u00f3nimo, lo que mantiene la experiencia espont\u00e1nea y sin distracciones.<\/p>\n<h2>Seguridad, privacidad y moderaci\u00f3n<\/h2>\n<p>Hiyak pone en marcha medidas b\u00e1sicas pero efectivas para proteger a los usuarios y minimizar los abusos:<\/p>\n<ul>\n<li>An\u00f3nimo por dise\u00f1o: Sin cuentas de usuario ni recopilaci\u00f3n de datos personales.<\/li>\n<li>Desconexi\u00f3n de extremo a extremo: Puedes abandonar un chat al instante y sin dar explicaciones.<\/li>\n<li>Herramientas de denuncia y bloqueo: F\u00e1ciles de usar y eficaces para reducir a los malos actores.<\/li>\n<li>Moderaci\u00f3n de contenidos: Se utilizan herramientas de inteligencia artificial para se\u00f1alar los desnudos y los comportamientos ofensivos en tiempo real, aunque su aplicaci\u00f3n no siempre es perfecta.<\/li>\n<li>No se almacenan las conversaciones: Los chats no son grabados ni almacenados por la plataforma.<\/li>\n<\/ul>\n<p>Sin embargo, como ocurre con cualquier plataforma de videochat abierta, existen riesgos de contenidos o comportamientos inapropiados, especialmente cuando no se requiere inicio de sesi\u00f3n. Los usuarios deben:<\/p>\n<ul>\n<li>Evite compartir datos personales<\/li>\n<li>Utilizar la plataforma en lugares p\u00fablicos o en horas seguras<\/li>\n<li>Abandona cualquier chat que te resulte inc\u00f3modo<\/li>\n<\/ul>\n<p>Hiyak es m\u00e1s adecuado para usuarios maduros que entienden los pros y los contras de las plataformas an\u00f3nimas.<\/p>\n<h2>Experiencia de usuario y dise\u00f1o<\/h2>\n<p>Uno de los mayores puntos fuertes de Hiyak es su enfoque en la simplicidad y la velocidad. La interfaz de usuario es moderna, sensible y est\u00e1 optimizada tanto para ordenadores de sobremesa como para dispositivos m\u00f3viles. Se carga r\u00e1pido y la calidad del v\u00eddeo suele ser estable, siempre que se disponga de una conexi\u00f3n decente.<\/p>\n<p>El dise\u00f1o minimalista permite a los usuarios entrar directamente en el chat sin distracciones. Las ventanas de v\u00eddeo son grandes, los controles intuitivos y la latencia baja. Se nota que la plataforma se ha construido pensando en la usabilidad.<\/p>\n<p>No hay:<\/p>\n<ul>\n<li>Men\u00fas desordenados<\/li>\n<li>Anuncios a pantalla completa<\/li>\n<li>Ventanas emergentes innecesarias<\/li>\n<li>Distracciones en las redes sociales<\/li>\n<\/ul>\n<p>En cambio, la experiencia es limpia, inmediata y est\u00e1 pensada para conversar.<\/p>\n<h2>Hiyak frente a otras plataformas de chat<\/h2>\n<p>\u00bfC\u00f3mo se compara Hiyak con su competencia? He aqu\u00ed un desglose:<\/p>\n<table>\n<thead>\n<tr>\n<th>Caracter\u00edstica<\/th>\n<th>Hiyak<\/th>\n<th>Omegle<\/th>\n<th>Chatroulette<\/th>\n<th>Chatspin<\/th>\n<th>Emerald Chat<\/th>\n<\/tr>\n<\/thead>\n<tbody>\n<tr>\n<td>Random Video Chat con Desconocidos<\/td>\n<td>S\u00ed<\/td>\n<td>S\u00ed<\/td>\n<td>S\u00ed<\/td>\n<td>S\u00ed<\/td>\n<td>S\u00ed<\/td>\n<\/tr>\n<tr>\n<td>Opci\u00f3n de chat de texto<\/td>\n<td>S\u00ed<\/td>\n<td>S\u00ed<\/td>\n<td>No<\/td>\n<td>S\u00ed<\/td>\n<td>S\u00ed<\/td>\n<\/tr>\n<tr>\n<td>Inscripci\u00f3n obligatoria<\/td>\n<td>No<\/td>\n<td>No<\/td>\n<td>No<\/td>\n<td>Opcional<\/td>\n<td>S\u00ed<\/td>\n<\/tr>\n<tr>\n<td>Compatible con m\u00f3viles<\/td>\n<td>S\u00ed<\/td>\n<td>Moderado<\/td>\n<td>Pobre<\/td>\n<td>Excelente<\/td>\n<td>Bien<\/td>\n<\/tr>\n<tr>\n<td>Filtros (sexo\/regi\u00f3n)<\/td>\n<td>B\u00e1sico<\/td>\n<td>Pagado<\/td>\n<td>No<\/td>\n<td>Pagado<\/td>\n<td>S\u00ed<\/td>\n<\/tr>\n<tr>\n<td>Herramientas de moderaci\u00f3n<\/td>\n<td>Bien<\/td>\n<td>M\u00ednimo<\/td>\n<td>M\u00ednimo<\/td>\n<td>Moderado<\/td>\n<td>Fuerte<\/td>\n<\/tr>\n<tr>\n<td>Anuncios o Premium Upsells<\/td>\n<td>Ninguno<\/td>\n<td>Ninguno<\/td>\n<td>Ninguno<\/td>\n<td>S\u00ed<\/td>\n<td>S\u00ed<\/td>\n<\/tr>\n<\/tbody>\n<\/table>\n<p>Resumen: Hiyak ofrece una experiencia m\u00e1s fluida, segura y limpia que Omegle o Chatroulette, manteniendo la facilidad de acceso que tanto gusta a los usuarios. Carece de las funciones sociales de Emerald Chat o del poder de filtrado de Chatspin Premium, pero ofrece lo que cuenta: un chat de v\u00eddeo r\u00e1pido y divertido.<\/p>\n<h2>Ventajas e inconvenientes<\/h2>\n<p>Pros:<\/p>\n<ul>\n<li>Totalmente gratuito y an\u00f3nimo<\/li>\n<li>R\u00e1pido y f\u00e1cil de usar sin necesidad de registrarse<\/li>\n<li>Interfaz limpia y m\u00f3vil<\/li>\n<li>Mejor moderaci\u00f3n que la mayor\u00eda de las plataformas an\u00f3nimas<\/li>\n<li>Funciona al instante en el navegador<\/li>\n<\/ul>\n<p>Contras:<\/p>\n<ul>\n<li>Contenido inapropiado ocasional<\/li>\n<li>Sin filtros profundos ni ajustes avanzados<\/li>\n<li>Sin chat de grupo ni funciones sociales<\/li>\n<li>Desequilibrio entre hombres y mujeres, especialmente fuera de las horas punta<\/li>\n<li>A\u00fan no hay versi\u00f3n de aplicaci\u00f3n (s\u00f3lo navegador)<\/li>\n<\/ul>\n<h2>Casos de uso ideales<\/h2>\n<p>Hiyak es genial para:<\/p>\n<ul>\n<li>Personas que buscan charlas espont\u00e1neas con desconocidos<\/li>\n<li>Usuarios que desean una alternativa ligera al Omegle<\/li>\n<li>Conversaciones informales, flirteo o pr\u00e1ctica de idiomas<\/li>\n<li>Usuarios de m\u00f3viles que quieren <a href=\"https:\/\/strangercam.com\/es\/bazoocam\/\">leva<\/a> chatear sin instalar aplicaciones<\/li>\n<\/ul>\n<p>No es ideal para:<\/p>\n<ul>\n<li>Usuarios que buscan relaciones duraderas o citas<\/li>\n<li>Aquellos que deseen seguir o hacer un seguimiento de usuarios espec\u00edficos<\/li>\n<li>Creadores que buscan audiencia o crear un perfil<\/li>\n<li>Personas inc\u00f3modas con contenido maduro ocasional<\/li>\n<\/ul>\n<h2>Veredicto final<\/h2>\n<p>Hiyak es una plataforma de videochat aleatorio sencilla, fiable y divertida que hace exactamente lo que promete, y nada m\u00e1s. No complica en exceso la experiencia con cuentas, perfiles o mecanismos sociales. En su lugar, se apoya en la idea central del chat c\u00e1mara a c\u00e1mara: conversaciones espont\u00e1neas, an\u00f3nimas y en tiempo real con gente de todo el mundo.<\/p>\n<p>En un espacio abarrotado de aplicaciones hinchadas e imitaciones mal moderadas, Hiyak destaca por su claridad, velocidad y ejecuci\u00f3n sin tonter\u00edas. Puede que no tenga todas las campanas y silbatos, pero consigue que la experiencia principal sea la correcta, y eso es lo que hace que merezca la pena usarla en 2025.<\/p>\n<p>Si buscas una alternativa f\u00e1cil, gratuita y moderna a Omegle, merece la pena probar Hiyak.<\/p>","protected":false},"excerpt":{"rendered":"<p>The world of random video chat platforms is constantly evolving. From the wild west days of early Omegle to the more polished experiences offered by apps like Chatspin and Emerald Chat, users are always on the hunt for something that strikes the right balance between spontaneity, user control, and safety. Enter Hiyak \u2014 a relatively [&hellip;]<\/p>\n","protected":false},"author":6,"featured_media":0,"parent":0,"menu_order":0,"comment_status":"closed","ping_status":"closed","template":"","meta":{"footnotes":""},"class_list":["post-12832","page","type-page","status-publish","hentry"],"yoast_head":"<!-- This site is optimized with the Yoast SEO plugin v27.4 - https:\/\/yoast.com\/product\/yoast-seo-wordpress\/ -->\n<title>Hiyak - Random Video Calls on StrangerCam.com<\/title>\n<meta name=\"description\" content=\"Like Hiyak? Come chat with more than 5.000.000 strangers on Stranger Cam for Free! Turn on your cam and find new friends &amp; maby a match!\" \/>\n<meta name=\"robots\" content=\"index, follow, max-snippet:-1, max-image-preview:large, max-video-preview:-1\" \/>\n<link rel=\"canonical\" href=\"https:\/\/strangercam.com\/es\/hiyak\/\" \/>\n<meta property=\"og:locale\" content=\"es_ES\" \/>\n<meta property=\"og:type\" content=\"article\" \/>\n<meta property=\"og:title\" content=\"Hiyak - Random Video Calls on StrangerCam.com\" \/>\n<meta property=\"og:description\" content=\"Like Hiyak? Come chat with more than 5.000.000 strangers on Stranger Cam for Free! Turn on your cam and find new friends &amp; maby a match!\" \/>\n<meta property=\"og:url\" content=\"https:\/\/strangercam.com\/es\/hiyak\/\" \/>\n<meta property=\"og:site_name\" content=\"Strangercam\" \/>\n<meta property=\"article:publisher\" content=\"https:\/\/www.facebook.com\/strangercam\" \/>\n<meta property=\"article:modified_time\" content=\"2025-05-14T07:28:47+00:00\" \/>\n<meta property=\"og:image\" content=\"https:\/\/strangercam.com\/wp-content\/uploads\/2021\/10\/Untitled-2.png\" \/>\n\t<meta property=\"og:image:width\" content=\"800\" \/>\n\t<meta property=\"og:image:height\" content=\"532\" \/>\n\t<meta property=\"og:image:type\" content=\"image\/png\" \/>\n<meta name=\"twitter:card\" content=\"summary_large_image\" \/>\n<meta name=\"twitter:site\" content=\"@strangercamapp\" \/>\n<meta name=\"twitter:label1\" content=\"Tiempo de lectura\" \/>\n\t<meta name=\"twitter:data1\" content=\"7 minutos\" \/>\n<script type=\"application\/ld+json\" class=\"yoast-schema-graph\">{\"@context\":\"https:\\\/\\\/schema.org\",\"@graph\":[{\"@type\":\"WebPage\",\"@id\":\"https:\\\/\\\/strangercam.com\\\/hiyak\\\/\",\"url\":\"https:\\\/\\\/strangercam.com\\\/hiyak\\\/\",\"name\":\"Hiyak - Random Video Calls on StrangerCam.com\",\"isPartOf\":{\"@id\":\"https:\\\/\\\/strangercam.com\\\/#website\"},\"datePublished\":\"2025-05-14T07:23:52+00:00\",\"dateModified\":\"2025-05-14T07:28:47+00:00\",\"description\":\"Like Hiyak? Come chat with more than 5.000.000 strangers on Stranger Cam for Free! Turn on your cam and find new friends & maby a match!\",\"breadcrumb\":{\"@id\":\"https:\\\/\\\/strangercam.com\\\/hiyak\\\/#breadcrumb\"},\"inLanguage\":\"es\",\"potentialAction\":[{\"@type\":\"ReadAction\",\"target\":[\"https:\\\/\\\/strangercam.com\\\/hiyak\\\/\"]}]},{\"@type\":\"BreadcrumbList\",\"@id\":\"https:\\\/\\\/strangercam.com\\\/hiyak\\\/#breadcrumb\",\"itemListElement\":[{\"@type\":\"ListItem\",\"position\":1,\"name\":\"Home\",\"item\":\"https:\\\/\\\/strangercam.com\\\/\"},{\"@type\":\"ListItem\",\"position\":2,\"name\":\"Hiyak\"}]},{\"@type\":\"WebSite\",\"@id\":\"https:\\\/\\\/strangercam.com\\\/#website\",\"url\":\"https:\\\/\\\/strangercam.com\\\/\",\"name\":\"Strangercam\",\"description\":\"Random Video Chat with Strangers\",\"publisher\":{\"@id\":\"https:\\\/\\\/strangercam.com\\\/#organization\"},\"alternateName\":\"Strangercam.com\",\"potentialAction\":[{\"@type\":\"SearchAction\",\"target\":{\"@type\":\"EntryPoint\",\"urlTemplate\":\"https:\\\/\\\/strangercam.com\\\/?s={search_term_string}\"},\"query-input\":{\"@type\":\"PropertyValueSpecification\",\"valueRequired\":true,\"valueName\":\"search_term_string\"}}],\"inLanguage\":\"es\"},{\"@type\":\"Organization\",\"@id\":\"https:\\\/\\\/strangercam.com\\\/#organization\",\"name\":\"Strangercam\",\"alternateName\":\"Strangercam.com\",\"url\":\"https:\\\/\\\/strangercam.com\\\/\",\"logo\":{\"@type\":\"ImageObject\",\"inLanguage\":\"es\",\"@id\":\"https:\\\/\\\/strangercam.com\\\/#\\\/schema\\\/logo\\\/image\\\/\",\"url\":\"https:\\\/\\\/strangercam.com\\\/wp-content\\\/uploads\\\/2020\\\/11\\\/cropped-new-favicon-black.png\",\"contentUrl\":\"https:\\\/\\\/strangercam.com\\\/wp-content\\\/uploads\\\/2020\\\/11\\\/cropped-new-favicon-black.png\",\"width\":512,\"height\":512,\"caption\":\"Strangercam\"},\"image\":{\"@id\":\"https:\\\/\\\/strangercam.com\\\/#\\\/schema\\\/logo\\\/image\\\/\"},\"sameAs\":[\"https:\\\/\\\/www.facebook.com\\\/strangercam\",\"https:\\\/\\\/x.com\\\/strangercamapp\"]}]}<\/script>\n<!-- \/ Yoast SEO plugin. -->","yoast_head_json":{"title":"Hiyak - Videollamadas aleatorias en StrangerCam.com","description":"\u00bfTe gusta Hiyak? \u00a1Ven a chatear gratis con m\u00e1s de 5.000.000 de desconocidos en Stranger Cam! \u00a1Enciende tu c\u00e1mara y encuentra nuevos amigos y tal vez pareja!","robots":{"index":"index","follow":"follow","max-snippet":"max-snippet:-1","max-image-preview":"max-image-preview:large","max-video-preview":"max-video-preview:-1"},"canonical":"https:\/\/strangercam.com\/es\/hiyak\/","og_locale":"es_ES","og_type":"article","og_title":"Hiyak - Random Video Calls on StrangerCam.com","og_description":"Like Hiyak? Come chat with more than 5.000.000 strangers on Stranger Cam for Free! Turn on your cam and find new friends & maby a match!","og_url":"https:\/\/strangercam.com\/es\/hiyak\/","og_site_name":"Strangercam","article_publisher":"https:\/\/www.facebook.com\/strangercam","article_modified_time":"2025-05-14T07:28:47+00:00","og_image":[{"width":800,"height":532,"url":"https:\/\/strangercam.com\/wp-content\/uploads\/2021\/10\/Untitled-2.png","type":"image\/png"}],"twitter_card":"summary_large_image","twitter_site":"@strangercamapp","twitter_misc":{"Tiempo de lectura":"7 minutos"},"schema":{"@context":"https:\/\/schema.org","@graph":[{"@type":"WebPage","@id":"https:\/\/strangercam.com\/hiyak\/","url":"https:\/\/strangercam.com\/hiyak\/","name":"Hiyak - Videollamadas aleatorias en StrangerCam.com","isPartOf":{"@id":"https:\/\/strangercam.com\/#website"},"datePublished":"2025-05-14T07:23:52+00:00","dateModified":"2025-05-14T07:28:47+00:00","description":"\u00bfTe gusta Hiyak? \u00a1Ven a chatear gratis con m\u00e1s de 5.000.000 de desconocidos en Stranger Cam! \u00a1Enciende tu c\u00e1mara y encuentra nuevos amigos y tal vez pareja!","breadcrumb":{"@id":"https:\/\/strangercam.com\/hiyak\/#breadcrumb"},"inLanguage":"es","potentialAction":[{"@type":"ReadAction","target":["https:\/\/strangercam.com\/hiyak\/"]}]},{"@type":"BreadcrumbList","@id":"https:\/\/strangercam.com\/hiyak\/#breadcrumb","itemListElement":[{"@type":"ListItem","position":1,"name":"Home","item":"https:\/\/strangercam.com\/"},{"@type":"ListItem","position":2,"name":"Hiyak"}]},{"@type":"WebSite","@id":"https:\/\/strangercam.com\/#website","url":"https:\/\/strangercam.com\/","name":"Strangercam","description":"Videochat aleatorio con desconocidos","publisher":{"@id":"https:\/\/strangercam.com\/#organization"},"alternateName":"Strangercam.com","potentialAction":[{"@type":"SearchAction","target":{"@type":"EntryPoint","urlTemplate":"https:\/\/strangercam.com\/?s={search_term_string}"},"query-input":{"@type":"PropertyValueSpecification","valueRequired":true,"valueName":"search_term_string"}}],"inLanguage":"es"},{"@type":"Organization","@id":"https:\/\/strangercam.com\/#organization","name":"Strangercam","alternateName":"Strangercam.com","url":"https:\/\/strangercam.com\/","logo":{"@type":"ImageObject","inLanguage":"es","@id":"https:\/\/strangercam.com\/#\/schema\/logo\/image\/","url":"https:\/\/strangercam.com\/wp-content\/uploads\/2020\/11\/cropped-new-favicon-black.png","contentUrl":"https:\/\/strangercam.com\/wp-content\/uploads\/2020\/11\/cropped-new-favicon-black.png","width":512,"height":512,"caption":"Strangercam"},"image":{"@id":"https:\/\/strangercam.com\/#\/schema\/logo\/image\/"},"sameAs":["https:\/\/www.facebook.com\/strangercam","https:\/\/x.com\/strangercamapp"]}]}},"_links":{"self":[{"href":"https:\/\/strangercam.com\/es\/wp-json\/wp\/v2\/pages\/12832","targetHints":{"allow":["GET"]}}],"collection":[{"href":"https:\/\/strangercam.com\/es\/wp-json\/wp\/v2\/pages"}],"about":[{"href":"https:\/\/strangercam.com\/es\/wp-json\/wp\/v2\/types\/page"}],"author":[{"embeddable":true,"href":"https:\/\/strangercam.com\/es\/wp-json\/wp\/v2\/users\/6"}],"replies":[{"embeddable":true,"href":"https:\/\/strangercam.com\/es\/wp-json\/wp\/v2\/comments?post=12832"}],"version-history":[{"count":1,"href":"https:\/\/strangercam.com\/es\/wp-json\/wp\/v2\/pages\/12832\/revisions"}],"predecessor-version":[{"id":12834,"href":"https:\/\/strangercam.com\/es\/wp-json\/wp\/v2\/pages\/12832\/revisions\/12834"}],"wp:attachment":[{"href":"https:\/\/strangercam.com\/es\/wp-json\/wp\/v2\/media?parent=12832"}],"curies":[{"name":"wp","href":"https:\/\/api.w.org\/{rel}","templated":true}]}}