{"id":12830,"date":"2025-05-14T09:17:21","date_gmt":"2025-05-14T07:17:21","guid":{"rendered":"https:\/\/strangercam.com\/?page_id=12830"},"modified":"2025-05-14T09:17:21","modified_gmt":"2025-05-14T07:17:21","slug":"yubo","status":"publish","type":"page","link":"https:\/\/strangercam.com\/es\/yubo\/","title":{"rendered":"Yubo"},"content":{"rendered":"<p>Yubo es descrito por muchos como \"Tinder se encuentra con Snapchat\", con una fuerte pizca de transmisi\u00f3n en directo. Yubo est\u00e1 dise\u00f1ado para los usuarios m\u00e1s j\u00f3venes -espec\u00edficamente la Generaci\u00f3n Z- que quieren conectarse, transmitir y socializar en tiempo real con personas de todo el mundo.<\/p>\n<p>Tanto si la conoces como Yubo, Yubo Live o yubo.live, la plataforma se ha convertido r\u00e1pidamente en una de las principales aplicaciones de descubrimiento social a nivel mundial. Pero, \u00bfes segura? \u00bfQui\u00e9n la utiliza realmente? \u00bfY c\u00f3mo se compara con otras plataformas de v\u00eddeo? <a href=\"https:\/\/strangercam.com\/es\/chathub\/\">chat<\/a> y retransmisi\u00f3n en directo <a href=\"https:\/\/strangercam.com\/es\/mocospace\/\">espacio<\/a>?<\/p>\n<p>En esta rese\u00f1a completa, analizaremos qu\u00e9 es Yubo, qu\u00e9 funciones ofrece, c\u00f3mo funciona, a qui\u00e9n va dirigido y si merece la pena dedicarle tiempo en 2025.<\/p>\n<h2>\u00bfQu\u00e9 es Yubo?<\/h2>\n<p>Yubo es una aplicaci\u00f3n de descubrimiento social y retransmisi\u00f3n en directo dise\u00f1ada para que los j\u00f3venes (principalmente de 13 a 25 a\u00f1os) <a href=\"https:\/\/strangercam.com\/es\/coomeet\/\">conozca<\/a> nuevos amigos, unirse a retransmisiones en grupo y chatear por texto o v\u00eddeo. Se lanz\u00f3 en 2015 en Francia y desde entonces se ha convertido en un \u00e9xito mundial, con m\u00e1s de 60 millones de usuarios en m\u00e1s de 140 pa\u00edses.<\/p>\n<p>Lo que hace \u00fanica a Yubo es que no es una aplicaci\u00f3n de citas, aunque pueda parecerlo. En su lugar, se posiciona como una plataforma para hacer amigos construida para la conexi\u00f3n en tiempo real y la participaci\u00f3n de la comunidad. Combina caracter\u00edsticas de las redes sociales, el v\u00eddeo en directo y los emparejamientos aleatorios de un modo que resulta aut\u00e9ntico y entretenido, especialmente para la generaci\u00f3n Z.<\/p>\n<h2>\u00bfPara qu\u00e9 sirve Yubo?<\/h2>\n<p>El objetivo de Yubo es hacer que conocer gente nueva en Internet resulte natural, seguro y divertido, sin la presi\u00f3n de los \"me gusta\", los \"follow\" o los perfiles curados. En lugar de perseguir el estatus de influencer, Yubo anima a los usuarios a relacionarse en tiempo real: chats de v\u00eddeo en grupo, quedadas informales y deslizamientos aleatorios para descubrir a otras personas.<\/p>\n<p>Su principal objetivo es la interacci\u00f3n basada en la amistad, no las citas ni la creaci\u00f3n de contenidos. Esta es una gran diferencia con respecto a plataformas como TikTok o Instagram, donde la atenci\u00f3n se centra en el rendimiento y la visibilidad. En Yubo, apareces en directo, hablas y conectas, sin filtros, seguidores ni presiones.<\/p>\n<p>Es el m\u00e1s adecuado para:<\/p>\n<ul>\n<li>Adolescentes y j\u00f3venes adultos que buscan ampliar su c\u00edrculo social<\/li>\n<li>Personas que disfrutan retransmitiendo en directo o participando en chats de v\u00eddeo en grupo<\/li>\n<li>Usuarios que desean una conversaci\u00f3n real en lugar de un desplazamiento pasivo<\/li>\n<\/ul>\n<h2>Caracter\u00edsticas principales<\/h2>\n<p>1. Retransmisi\u00f3n de grupos en directo<br \/>\nLa principal caracter\u00edstica de Yubo es la retransmisi\u00f3n en grupo. Los usuarios pueden retransmitir en directo con hasta 10 personas en pantalla, mientras que otros pueden ver, comentar y solicitar unirse. Estas retransmisiones son informales, a menudo solo gente charlando, tocando m\u00fasica o pasando el rato.<\/p>\n<p>2. Deslizar para hacer amigos<br \/>\nAl igual que las aplicaciones de citas, Yubo utiliza una funci\u00f3n de deslizamiento para ayudar a los usuarios a descubrir gente nueva. Desliza a la derecha para conectar, desliza a la izquierda para pasar. Pero a diferencia de Tinder, no hace hincapi\u00e9 en las citas. El objetivo es iniciar una conversaci\u00f3n, no crear un perfil rom\u00e1ntico.<\/p>\n<p>3. Chat y videollamadas en tiempo real<br \/>\nUna vez que hayas hecho match con alguien, puedes iniciar un chat de texto o una videollamada privada. Estas conversaciones son informales y suelen dar lugar a interacciones m\u00e1s largas o a invitaciones a retransmisiones en grupo.<\/p>\n<p>4. Coincidencia de intereses y etiquetas<br \/>\nYubo permite a los usuarios seleccionar intereses (por ejemplo, moda, juegos, anime, fitness, viajes) que ayudan a personalizar su feed de swipe y sus recomendaciones. Esta peque\u00f1a capa de emparejamiento mejora la calidad de las conexiones y ayuda a los usuarios a encontrar personas afines.<\/p>\n<p>5. Comunidades y flujos tem\u00e1ticos<br \/>\nLos usuarios pueden unirse a las retransmisiones en directo de la comunidad en funci\u00f3n de su ubicaci\u00f3n o intereses. Piensa en \"New York Teens Chat\", \"Anime Fans\" o \"Study Room\": estos espacios re\u00fanen a usuarios con aficiones o caracter\u00edsticas demogr\u00e1ficas comunes en quedadas tem\u00e1ticas.<\/p>\n<p>6. Yubo Power Pack (Caracter\u00edsticas Premium)<br \/>\nYubo ofrece un conjunto de funciones de pago que mejoran la visibilidad y el alcance. Entre ellas se incluyen:<\/p>\n<ul>\n<li>Boosts para promocionar tu perfil<\/li>\n<li>Rebobina para deshacer un barrido<\/li>\n<li>Spotlight aparecer\u00e1 en m\u00e1s feeds<\/li>\n<li>Modo fantasma para navegar de forma invisible<\/li>\n<\/ul>\n<p>7. Segmentaci\u00f3n por edad<br \/>\nYubo separa a los usuarios por grupos de edad -13-17 y 18+- para proteger a los menores y garantizar interacciones adecuadas a su edad. Los usuarios no pueden interactuar m\u00e1s all\u00e1 de esos l\u00edmites de edad, y la moderaci\u00f3n es m\u00e1s estricta en los grupos de menores.<\/p>\n<p>8. Herramientas de seguridad y moderaci\u00f3n<br \/>\nYubo utiliza moderaci\u00f3n basada en inteligencia artificial, escaneado de contenidos en tiempo real, reconocimiento facial para verificar la edad y herramientas de informaci\u00f3n a la comunidad para mantener un entorno seguro. Tambi\u00e9n hay moderaci\u00f3n humana para retransmisiones en directo y casos delicados.<\/p>\n<p>9. Personalizaci\u00f3n del perfil<br \/>\nLos usuarios pueden subir fotos, a\u00f1adir biograf\u00edas y mostrar sus intereses. Pero la atenci\u00f3n se centra m\u00e1s en la interacci\u00f3n que en la construcci\u00f3n de una personalidad online pulida.<\/p>\n<h2>\u00bfYubo es gratis?<\/h2>\n<p>S\u00ed, la descarga y el uso de Yubo son gratuitos, y la mayor\u00eda de las funciones b\u00e1sicas, como el deslizamiento, las retransmisiones en directo y el chat, est\u00e1n disponibles sin coste alguno. Sin embargo, la aplicaci\u00f3n se monetiza a trav\u00e9s de compras in-app, como:<\/p>\n<ul>\n<li>Yubo Power Pack (planes semanales, mensuales o anuales)<\/li>\n<li>Potenciadores y focos<\/li>\n<li>Paquetes de deslizamiento y ventajas de personalizaci\u00f3n del perfil<\/li>\n<\/ul>\n<p>Las funciones premium son opcionales, pero pueden ayudar a los usuarios a destacar en un entorno de aplicaciones muy concurrido. La mayor\u00eda de los usuarios ocasionales no necesitar\u00e1n gastar dinero, pero los m\u00e1s activos o ambiciosos pueden optar por las actualizaciones.<\/p>\n<h2>\u00bfQui\u00e9n utiliza Yubo?<\/h2>\n<p>El p\u00fablico objetivo de Yubo es la Generaci\u00f3n Z, en concreto adolescentes y adultos j\u00f3venes de entre 13 y 25 a\u00f1os. No est\u00e1 dise\u00f1ado para audiencias mayores y aplica una estricta segmentaci\u00f3n por edades para garantizar interacciones seguras dentro de los grupos de iguales.<\/p>\n<p>Datos demogr\u00e1ficos clave:<\/p>\n<ul>\n<li>Edad: 13-25 a\u00f1os<\/li>\n<li>Sexo: Bastante equilibrado, pero los swipers y los chateadores privados son ligeramente masculinos.<\/li>\n<li>Ubicaciones: EE.UU., Reino Unido, Canad\u00e1, Francia, Brasil, Australia, Alemania y Sudeste Asi\u00e1tico.<\/li>\n<\/ul>\n<p>Es especialmente popular entre:<\/p>\n<ul>\n<li>Adolescentes que buscan nuevas amistades fuera de la escuela o la comunidad local<\/li>\n<li>Los j\u00f3venes exploran el v\u00eddeo social como alternativa a las aplicaciones de citas<\/li>\n<li>Creadores que prefieren la interacci\u00f3n en directo a la publicaci\u00f3n de v\u00eddeos<\/li>\n<\/ul>\n<h2>Seguridad, privacidad y moderaci\u00f3n<\/h2>\n<p>Yubo se ha enfrentado a cr\u00edticas en el pasado en relaci\u00f3n con la seguridad de los menores y la moderaci\u00f3n de contenidos. En respuesta, ha invertido mucho en la seguridad de los usuarios:<\/p>\n<ul>\n<li>Moderaci\u00f3n IA en directo: Yubo escanea texto, v\u00eddeo e im\u00e1genes en tiempo real para detectar contenidos inapropiados.<\/li>\n<li>Reconocimiento facial: Necesario para verificar la edad y evitar que los adultos entren en zonas exclusivas para adolescentes.<\/li>\n<li>Denuncias de la comunidad: Los usuarios pueden denunciar f\u00e1cilmente comportamientos inapropiados, desnudos, acoso o cuentas falsas.<\/li>\n<li>Grupos de edad separados: los usuarios de 13 a 17 a\u00f1os no pueden ponerse en contacto con los mayores de 18.<\/li>\n<li>Cuentas verificadas: Los usuarios pueden verificar su identidad para generar confianza.<\/li>\n<\/ul>\n<p>Aunque ninguna plataforma es perfecta, Yubo se considera ahora una de las aplicaciones sociales m\u00e1s seguras para los usuarios m\u00e1s j\u00f3venes, gracias a su moderaci\u00f3n proactiva y a unas normas comunitarias transparentes. Los padres deben seguir vigilando a los adolescentes que utilizan la plataforma, pero para los usuarios mayores de 18 a\u00f1os, la experiencia es comparable a la de otras aplicaciones sociales convencionales.<\/p>\n<h2>Experiencia de usuario e interfaz<\/h2>\n<p>La interfaz de Yubo es limpia, minimalista y est\u00e1 claramente dise\u00f1ada para su uso m\u00f3vil. La navegaci\u00f3n es intuitiva, el deslizamiento es r\u00e1pido y la activaci\u00f3n requiere unos pocos toques. La aplicaci\u00f3n se centra en la conexi\u00f3n en tiempo real m\u00e1s que en la navegaci\u00f3n por perfiles, lo que encaja con la forma en que la Generaci\u00f3n Z prefiere comunicarse.<\/p>\n<p>El colorido de los elementos visuales, las transiciones suaves y los iconos divertidos hacen que la experiencia resulte atractiva sin ser abrumadora. No hay feeds, historias ni contenidos interminables por los que desplazarse: todo conduce a la interacci\u00f3n en vivo o en tiempo real.<\/p>\n<p>Incluso en dispositivos o redes lentos, el rendimiento es s\u00f3lido, aunque las transmisiones en grupo pueden exigir mucho ancho de banda. La aplicaci\u00f3n est\u00e1 disponible para iOS y Android, con funciones limitadas para ordenadores de sobremesa.<\/p>\n<h2>Yubo frente a otras plataformas<\/h2>\n<p>Veamos c\u00f3mo se compara Yubo con otras aplicaciones sociales y de chat de v\u00eddeo en directo:<\/p>\n<table>\n<thead>\n<tr>\n<th>Caracter\u00edstica<\/th>\n<th>Yubo<\/th>\n<th>Bigo en directo<\/th>\n<th>ChatMatch<\/th>\n<th><a href=\"https:\/\/strangercam.com\/es\/omegle\/\">Omegle<\/a><\/th>\n<th>Snapchat<\/th>\n<\/tr>\n<\/thead>\n<tbody>\n<tr>\n<td>Retransmisi\u00f3n en directo (Grupo)<\/td>\n<td>S\u00ed<\/td>\n<td>S\u00ed<\/td>\n<td>No<\/td>\n<td>No<\/td>\n<td>S\u00ed<\/td>\n<\/tr>\n<tr>\n<td>Segmentaci\u00f3n por edad<\/td>\n<td>S\u00ed<\/td>\n<td>No<\/td>\n<td>No<\/td>\n<td>No<\/td>\n<td>No<\/td>\n<\/tr>\n<tr>\n<td>Deslizar para emparejar<\/td>\n<td>S\u00ed<\/td>\n<td>No<\/td>\n<td>S\u00ed<\/td>\n<td>No<\/td>\n<td>No<\/td>\n<\/tr>\n<tr>\n<td>Videochat 1 a 1<\/td>\n<td>S\u00ed<\/td>\n<td>S\u00ed<\/td>\n<td>S\u00ed<\/td>\n<td>S\u00ed<\/td>\n<td>S\u00ed<\/td>\n<\/tr>\n<tr>\n<td>Comunidades e intereses<\/td>\n<td>S\u00ed<\/td>\n<td>No<\/td>\n<td>Parcial<\/td>\n<td>No<\/td>\n<td>S\u00ed<\/td>\n<\/tr>\n<tr>\n<td>Moderaci\u00f3n de la seguridad<\/td>\n<td>Fuerte<\/td>\n<td>Moderado<\/td>\n<td>Moderado<\/td>\n<td>D\u00e9bil<\/td>\n<td>Moderado<\/td>\n<\/tr>\n<tr>\n<td>Opciones de monetizaci\u00f3n<\/td>\n<td>S\u00ed<\/td>\n<td>S\u00ed<\/td>\n<td>S\u00ed<\/td>\n<td>No<\/td>\n<td>S\u00ed<\/td>\n<\/tr>\n<tr>\n<td>P\u00fablico destinatario<\/td>\n<td>Generaci\u00f3n Z<\/td>\n<td>General<\/td>\n<td>18+ Solteros<\/td>\n<td>General<\/td>\n<td>Adolescentes y generaci\u00f3n Z<\/td>\n<\/tr>\n<\/tbody>\n<\/table>\n<h2>Ventajas e inconvenientes<\/h2>\n<p>Pros:<\/p>\n<ul>\n<li>Dise\u00f1ado espec\u00edficamente para la Generaci\u00f3n Z y los adultos j\u00f3venes<\/li>\n<li>La retransmisi\u00f3n en directo es f\u00e1cil e interactiva<\/li>\n<li>Deslizar para emparejar hace que descubrir amigos sea divertido<\/li>\n<li>Controles estrictos de moderaci\u00f3n y seguridad por edades<\/li>\n<li>La concordancia de intereses ayuda a mejorar la calidad del chat<\/li>\n<li>Experiencia r\u00e1pida, limpia y orientada al m\u00f3vil<\/li>\n<\/ul>\n<p>Contras:<\/p>\n<ul>\n<li>No es ideal para usuarios mayores de 25 a\u00f1os<\/li>\n<li>Algunas compras in-app pueden resultar agresivas<\/li>\n<li>Requiere reconocimiento facial para el acceso completo<\/li>\n<li>No disponible en escritorio<\/li>\n<li>Comportamiento inmaduro ocasional en salas p\u00fablicas<\/li>\n<\/ul>\n<h2>Casos de uso ideales<\/h2>\n<p>Yubo es genial para:<\/p>\n<ul>\n<li>Adolescentes y adultos j\u00f3venes que buscan nuevas amistades en Internet<\/li>\n<li>Usuarios que desean chats de v\u00eddeo en grupo informales y retransmisiones en directo de baja presi\u00f3n<\/li>\n<li>Exploradores sociales que disfrutan descubriendo gente de todo el mundo<\/li>\n<li>Fans de la interacci\u00f3n en tiempo real por encima de la creaci\u00f3n de contenidos<\/li>\n<\/ul>\n<p>Yubo no es ideal para:<\/p>\n<ul>\n<li>Adultos no pertenecientes a la Generaci\u00f3n Z<\/li>\n<li>Usuarios que buscan experiencias de videochat privadas y an\u00f3nimas<\/li>\n<li>Personas que buscan contenidos de larga duraci\u00f3n o feeds sociales curados<\/li>\n<\/ul>\n<h2>Veredicto final<\/h2>\n<p>Yubo es una destacada aplicaci\u00f3n de v\u00eddeo social para la Generaci\u00f3n Z en 2025. Ofrece una nueva alternativa a las redes sociales tradicionales al centrarse en la interacci\u00f3n en tiempo real, las conexiones que dan prioridad a la amistad y la participaci\u00f3n de grupos en directo. Con una fuerte moderaci\u00f3n, segmentaci\u00f3n por edades y un sistema de deslizar para emparejar, parece una evoluci\u00f3n moderna y m\u00e1s segura de aplicaciones como Omegle o <a href=\"https:\/\/strangercam.com\/es\/chatroulette\/\">Chatroulette<\/a>.<\/p>\n<p>Para su p\u00fablico objetivo -joven, social y que da prioridad al m\u00f3vil- Yubo ofrece exactamente lo que promete: una plataforma divertida, en directo y basada en la comunidad para conocer gente nueva y pasar el rato en tiempo real.<\/p>\n<p>Si tienes entre 13 y 25 a\u00f1os y quieres socializar m\u00e1s all\u00e1 de tu c\u00edrculo actual, merece la pena echar un vistazo a Yubo.<\/p>","protected":false},"excerpt":{"rendered":"<p>Yubo is described by many as \u201cTinder meets Snapchat\u201d with a heavy dash of livestreaming, Yubo is tailored for younger users \u2014 specifically Gen Z \u2014 who want to connect, stream, and socialize in real time with people from around the world. Whether you know it as Yubo, Yubo Live, or yubo.live, the platform has [&hellip;]<\/p>\n","protected":false},"author":6,"featured_media":0,"parent":0,"menu_order":0,"comment_status":"closed","ping_status":"closed","template":"","meta":{"footnotes":""},"class_list":["post-12830","page","type-page","status-publish","hentry"],"yoast_head":"<!-- This site is optimized with the Yoast SEO plugin v27.4 - https:\/\/yoast.com\/product\/yoast-seo-wordpress\/ -->\n<title>Yubo - Make new friends with chat on StrangerCam.com<\/title>\n<meta name=\"description\" content=\"Like Yubo? Come chat with more than 5.000.000 strangers on Stranger Cam for Free! Turn on your cam and find new friends &amp; maby a match!\" \/>\n<meta name=\"robots\" content=\"index, follow, max-snippet:-1, max-image-preview:large, max-video-preview:-1\" \/>\n<link rel=\"canonical\" href=\"https:\/\/strangercam.com\/es\/yubo\/\" \/>\n<meta property=\"og:locale\" content=\"es_ES\" \/>\n<meta property=\"og:type\" content=\"article\" \/>\n<meta property=\"og:title\" content=\"Yubo - Make new friends with chat on StrangerCam.com\" \/>\n<meta property=\"og:description\" content=\"Like Yubo? Come chat with more than 5.000.000 strangers on Stranger Cam for Free! Turn on your cam and find new friends &amp; maby a match!\" \/>\n<meta property=\"og:url\" content=\"https:\/\/strangercam.com\/es\/yubo\/\" \/>\n<meta property=\"og:site_name\" content=\"Strangercam\" \/>\n<meta property=\"article:publisher\" content=\"https:\/\/www.facebook.com\/strangercam\" \/>\n<meta property=\"og:image\" content=\"https:\/\/strangercam.com\/wp-content\/uploads\/2021\/10\/Untitled-2.png\" \/>\n\t<meta property=\"og:image:width\" content=\"800\" \/>\n\t<meta property=\"og:image:height\" content=\"532\" \/>\n\t<meta property=\"og:image:type\" content=\"image\/png\" \/>\n<meta name=\"twitter:card\" content=\"summary_large_image\" \/>\n<meta name=\"twitter:site\" content=\"@strangercamapp\" \/>\n<meta name=\"twitter:label1\" content=\"Tiempo de lectura\" \/>\n\t<meta name=\"twitter:data1\" content=\"7 minutos\" \/>\n<script type=\"application\/ld+json\" class=\"yoast-schema-graph\">{\"@context\":\"https:\\\/\\\/schema.org\",\"@graph\":[{\"@type\":\"WebPage\",\"@id\":\"https:\\\/\\\/strangercam.com\\\/yubo\\\/\",\"url\":\"https:\\\/\\\/strangercam.com\\\/yubo\\\/\",\"name\":\"Yubo - Make new friends with chat on StrangerCam.com\",\"isPartOf\":{\"@id\":\"https:\\\/\\\/strangercam.com\\\/#website\"},\"datePublished\":\"2025-05-14T07:17:21+00:00\",\"description\":\"Like Yubo? Come chat with more than 5.000.000 strangers on Stranger Cam for Free! Turn on your cam and find new friends & maby a match!\",\"breadcrumb\":{\"@id\":\"https:\\\/\\\/strangercam.com\\\/yubo\\\/#breadcrumb\"},\"inLanguage\":\"es\",\"potentialAction\":[{\"@type\":\"ReadAction\",\"target\":[\"https:\\\/\\\/strangercam.com\\\/yubo\\\/\"]}]},{\"@type\":\"BreadcrumbList\",\"@id\":\"https:\\\/\\\/strangercam.com\\\/yubo\\\/#breadcrumb\",\"itemListElement\":[{\"@type\":\"ListItem\",\"position\":1,\"name\":\"Home\",\"item\":\"https:\\\/\\\/strangercam.com\\\/\"},{\"@type\":\"ListItem\",\"position\":2,\"name\":\"Yubo\"}]},{\"@type\":\"WebSite\",\"@id\":\"https:\\\/\\\/strangercam.com\\\/#website\",\"url\":\"https:\\\/\\\/strangercam.com\\\/\",\"name\":\"Strangercam\",\"description\":\"Random Video Chat with Strangers\",\"publisher\":{\"@id\":\"https:\\\/\\\/strangercam.com\\\/#organization\"},\"alternateName\":\"Strangercam.com\",\"potentialAction\":[{\"@type\":\"SearchAction\",\"target\":{\"@type\":\"EntryPoint\",\"urlTemplate\":\"https:\\\/\\\/strangercam.com\\\/?s={search_term_string}\"},\"query-input\":{\"@type\":\"PropertyValueSpecification\",\"valueRequired\":true,\"valueName\":\"search_term_string\"}}],\"inLanguage\":\"es\"},{\"@type\":\"Organization\",\"@id\":\"https:\\\/\\\/strangercam.com\\\/#organization\",\"name\":\"Strangercam\",\"alternateName\":\"Strangercam.com\",\"url\":\"https:\\\/\\\/strangercam.com\\\/\",\"logo\":{\"@type\":\"ImageObject\",\"inLanguage\":\"es\",\"@id\":\"https:\\\/\\\/strangercam.com\\\/#\\\/schema\\\/logo\\\/image\\\/\",\"url\":\"https:\\\/\\\/strangercam.com\\\/wp-content\\\/uploads\\\/2020\\\/11\\\/cropped-new-favicon-black.png\",\"contentUrl\":\"https:\\\/\\\/strangercam.com\\\/wp-content\\\/uploads\\\/2020\\\/11\\\/cropped-new-favicon-black.png\",\"width\":512,\"height\":512,\"caption\":\"Strangercam\"},\"image\":{\"@id\":\"https:\\\/\\\/strangercam.com\\\/#\\\/schema\\\/logo\\\/image\\\/\"},\"sameAs\":[\"https:\\\/\\\/www.facebook.com\\\/strangercam\",\"https:\\\/\\\/x.com\\\/strangercamapp\"]}]}<\/script>\n<!-- \/ Yoast SEO plugin. -->","yoast_head_json":{"title":"Yubo - Haz nuevos amigos con el chat en StrangerCam.com","description":"\u00bfTe gusta Yubo? \u00a1Ven a chatear gratis con m\u00e1s de 5.000.000 de desconocidos en Stranger Cam! \u00a1Enciende tu c\u00e1mara y encuentra nuevos amigos y tal vez pareja!","robots":{"index":"index","follow":"follow","max-snippet":"max-snippet:-1","max-image-preview":"max-image-preview:large","max-video-preview":"max-video-preview:-1"},"canonical":"https:\/\/strangercam.com\/es\/yubo\/","og_locale":"es_ES","og_type":"article","og_title":"Yubo - Make new friends with chat on StrangerCam.com","og_description":"Like Yubo? Come chat with more than 5.000.000 strangers on Stranger Cam for Free! Turn on your cam and find new friends & maby a match!","og_url":"https:\/\/strangercam.com\/es\/yubo\/","og_site_name":"Strangercam","article_publisher":"https:\/\/www.facebook.com\/strangercam","og_image":[{"width":800,"height":532,"url":"https:\/\/strangercam.com\/wp-content\/uploads\/2021\/10\/Untitled-2.png","type":"image\/png"}],"twitter_card":"summary_large_image","twitter_site":"@strangercamapp","twitter_misc":{"Tiempo de lectura":"7 minutos"},"schema":{"@context":"https:\/\/schema.org","@graph":[{"@type":"WebPage","@id":"https:\/\/strangercam.com\/yubo\/","url":"https:\/\/strangercam.com\/yubo\/","name":"Yubo - Haz nuevos amigos con el chat en StrangerCam.com","isPartOf":{"@id":"https:\/\/strangercam.com\/#website"},"datePublished":"2025-05-14T07:17:21+00:00","description":"\u00bfTe gusta Yubo? \u00a1Ven a chatear gratis con m\u00e1s de 5.000.000 de desconocidos en Stranger Cam! \u00a1Enciende tu c\u00e1mara y encuentra nuevos amigos y tal vez pareja!","breadcrumb":{"@id":"https:\/\/strangercam.com\/yubo\/#breadcrumb"},"inLanguage":"es","potentialAction":[{"@type":"ReadAction","target":["https:\/\/strangercam.com\/yubo\/"]}]},{"@type":"BreadcrumbList","@id":"https:\/\/strangercam.com\/yubo\/#breadcrumb","itemListElement":[{"@type":"ListItem","position":1,"name":"Home","item":"https:\/\/strangercam.com\/"},{"@type":"ListItem","position":2,"name":"Yubo"}]},{"@type":"WebSite","@id":"https:\/\/strangercam.com\/#website","url":"https:\/\/strangercam.com\/","name":"Strangercam","description":"Videochat aleatorio con desconocidos","publisher":{"@id":"https:\/\/strangercam.com\/#organization"},"alternateName":"Strangercam.com","potentialAction":[{"@type":"SearchAction","target":{"@type":"EntryPoint","urlTemplate":"https:\/\/strangercam.com\/?s={search_term_string}"},"query-input":{"@type":"PropertyValueSpecification","valueRequired":true,"valueName":"search_term_string"}}],"inLanguage":"es"},{"@type":"Organization","@id":"https:\/\/strangercam.com\/#organization","name":"Strangercam","alternateName":"Strangercam.com","url":"https:\/\/strangercam.com\/","logo":{"@type":"ImageObject","inLanguage":"es","@id":"https:\/\/strangercam.com\/#\/schema\/logo\/image\/","url":"https:\/\/strangercam.com\/wp-content\/uploads\/2020\/11\/cropped-new-favicon-black.png","contentUrl":"https:\/\/strangercam.com\/wp-content\/uploads\/2020\/11\/cropped-new-favicon-black.png","width":512,"height":512,"caption":"Strangercam"},"image":{"@id":"https:\/\/strangercam.com\/#\/schema\/logo\/image\/"},"sameAs":["https:\/\/www.facebook.com\/strangercam","https:\/\/x.com\/strangercamapp"]}]}},"_links":{"self":[{"href":"https:\/\/strangercam.com\/es\/wp-json\/wp\/v2\/pages\/12830","targetHints":{"allow":["GET"]}}],"collection":[{"href":"https:\/\/strangercam.com\/es\/wp-json\/wp\/v2\/pages"}],"about":[{"href":"https:\/\/strangercam.com\/es\/wp-json\/wp\/v2\/types\/page"}],"author":[{"embeddable":true,"href":"https:\/\/strangercam.com\/es\/wp-json\/wp\/v2\/users\/6"}],"replies":[{"embeddable":true,"href":"https:\/\/strangercam.com\/es\/wp-json\/wp\/v2\/comments?post=12830"}],"version-history":[{"count":1,"href":"https:\/\/strangercam.com\/es\/wp-json\/wp\/v2\/pages\/12830\/revisions"}],"predecessor-version":[{"id":12831,"href":"https:\/\/strangercam.com\/es\/wp-json\/wp\/v2\/pages\/12830\/revisions\/12831"}],"wp:attachment":[{"href":"https:\/\/strangercam.com\/es\/wp-json\/wp\/v2\/media?parent=12830"}],"curies":[{"name":"wp","href":"https:\/\/api.w.org\/{rel}","templated":true}]}}