{"id":12823,"date":"2025-05-01T22:41:55","date_gmt":"2025-05-01T20:41:55","guid":{"rendered":"https:\/\/strangercam.com\/?page_id=12823"},"modified":"2025-05-01T22:41:55","modified_gmt":"2025-05-01T20:41:55","slug":"bigo","status":"publish","type":"page","link":"https:\/\/strangercam.com\/es\/bigo\/","title":{"rendered":"Bigo"},"content":{"rendered":"<p>En la creciente popularidad de las plataformas de v\u00eddeo en l\u00ednea, hay un nombre que ha aumentado su popularidad mundial en los \u00faltimos a\u00f1os: Bigo Live. Tambi\u00e9n conocida simplemente como Bigo o Bigo TV, esta plataforma es mucho m\u00e1s que un servicio de chat cualquiera. Se trata de una completa aplicaci\u00f3n social de transmisi\u00f3n en directo que combina la emisi\u00f3n de v\u00eddeo, la interacci\u00f3n en tiempo real, la monetizaci\u00f3n de influencers y, s\u00ed, el chat de v\u00eddeo uno a uno.<\/p>\n<p>Con millones de usuarios activos diarios y un fuerte enfoque en el entretenimiento y la interacci\u00f3n social, Bigo Live se ha convertido en un actor importante no s\u00f3lo en el sudeste asi\u00e1tico, sino en todo el mundo. Pero, \u00bfse trata solo de otro clon de TikTok con funci\u00f3n de chat, o hay algo m\u00e1s bajo la superficie?<\/p>\n<p>En este an\u00e1lisis en profundidad, exploraremos todo lo que Bigo Live tiene que ofrecer: c\u00f3mo funciona, qu\u00e9 caracter\u00edsticas lo diferencian, a qui\u00e9n va dirigido, c\u00f3mo funciona el sistema de monetizaci\u00f3n y c\u00f3mo se compara con otras aplicaciones de videochat o streaming.<\/p>\n<h2>\u00bfQu\u00e9 es Bigo Live?<\/h2>\n<p>Bigo Live es una plataforma de retransmisi\u00f3n en directo y redes sociales en la que los usuarios pueden retransmitir en tiempo real, interactuar con el p\u00fablico a trav\u00e9s de chat en directo, organizar retransmisiones de v\u00eddeo multiusuario e incluso mantener conversaciones cara a cara. <a href=\"https:\/\/strangercam.com\/es\/bazoocam\/\">leva<\/a> llamadas con fans o desconocidos. Fue lanzada en 2016 por la empresa BIGO Technology, con sede en Singapur, que ahora es una filial de JOYY Inc, una empresa tecnol\u00f3gica china.<\/p>\n<p>Bigo Live est\u00e1 disponible como aplicaci\u00f3n m\u00f3vil para Android e iOS, y tambi\u00e9n tiene una versi\u00f3n basada en navegador. Es compatible con una amplia gama de actividades:<\/p>\n<ul>\n<li>Retransmisi\u00f3n en directo (entretenimiento, canto, juegos, vlogging)<\/li>\n<li>Salas de videoconferencia en grupo<\/li>\n<li>Videollamadas 1 a 1<\/li>\n<li>PK Battles (competiciones streamer vs streamer)<\/li>\n<li>Regalos virtuales y monetizaci\u00f3n de creadores<\/li>\n<\/ul>\n<p>Lo que hace \u00fanico al Bigo es que combina el atractivo de las redes sociales, la transmisi\u00f3n en directo y la interacci\u00f3n de v\u00eddeo c\u00e1mara a c\u00e1mara en una plataforma unificada.<\/p>\n<h2>\u00bfCu\u00e1l es el objetivo de Bigo Live?<\/h2>\n<p>El principal objetivo de Bigo Live es crear una experiencia social y de entretenimiento cara a cara en tiempo real. No es puramente una plataforma de videochat como <a href=\"https:\/\/strangercam.com\/es\/omegle\/\">Omegle<\/a> o <a href=\"https:\/\/strangercam.com\/es\/chatroulette\/\">Chatroulette<\/a> - se parece m\u00e1s a Twitch que a Instagram Live, pero con herramientas adicionales de interacci\u00f3n personal.<\/p>\n<p>Est\u00e1 dise\u00f1ado para:<\/p>\n<ul>\n<li>Creadores que quieren retransmitir en directo y aumentar su n\u00famero de seguidores<\/li>\n<li>Espectadores que disfrutan viendo streams casuales o basados en talentos<\/li>\n<li>Los usuarios que deseen <a href=\"https:\/\/strangercam.com\/es\/coomeet\/\">conozca<\/a> a la gente a trav\u00e9s de v\u00eddeo en directo en lugar de deslizar el perfil<\/li>\n<li>Personas que quieren ganar dinero con actuaciones en directo, charlas y compromiso<\/li>\n<\/ul>\n<p>Tanto si est\u00e1 aqu\u00ed para ver, retransmitir, chatear o monetizar su presencia, Bigo Live admite todos estos casos de uso dentro de una \u00fanica plataforma.<\/p>\n<h2>Caracter\u00edsticas principales<\/h2>\n<p>1. Retransmisi\u00f3n en directo<br \/>\nEl n\u00facleo de Bigo Live es la difusi\u00f3n p\u00fablica. Cualquier usuario puede iniciar una transmisi\u00f3n de v\u00eddeo en directo y entretener o interactuar con los espectadores en tiempo real. Las categor\u00edas m\u00e1s populares incluyen canto, baile, juegos, cocina, chat, consejos de belleza y vlogging casual.<\/p>\n<p>2. Interacci\u00f3n con el espectador en tiempo real<br \/>\nEl p\u00fablico puede comentar en directo, enviar regalos virtuales o solicitar unirse a la retransmisi\u00f3n. La participaci\u00f3n es personal y sin filtros, lo que crea un sentimiento de comunidad entre creadores y seguidores.<\/p>\n<p>3. Regalos virtuales y monetizaci\u00f3n<br \/>\nLos espectadores pueden comprar Bigo Diamonds (moneda de la aplicaci\u00f3n) para enviar regalos virtuales a los streamers. Los streamers ganan dinero real convirtiendo los regalos en Beans, que pueden retirarse como dinero en efectivo. Bigo se ha convertido en una fuente de ingresos leg\u00edtima para muchos creadores a tiempo completo.<\/p>\n<p>4. Videollamadas 1 a 1<br \/>\nLos usuarios pueden iniciar videollamadas privadas c\u00e1mara a c\u00e1mara. Suelen utilizarse para interactuar con los fans o para charlar, pero a veces es necesario gastar dinero de la aplicaci\u00f3n para acceder a ellas.<\/p>\n<p>5. Salas con varios invitados<br \/>\nLos streamers pueden alojar hasta 9 personas en una sala en directo, facilitando debates en grupo, concursos de talentos o incluso formatos de juegos de citas. Estas salas son p\u00fablicas, pero tambi\u00e9n pueden bloquearse o limitarse a los seguidores.<\/p>\n<p>6. Batallas PK<br \/>\nEsta funci\u00f3n, muy popular entre los streamers, permite a dos locutores enfrentarse en una competici\u00f3n de actuaciones en directo, en la que los espectadores votan o env\u00edan regalos para determinar el ganador.<\/p>\n<p>7. Sistema de niveles e insignias<br \/>\nTanto los usuarios como los espectadores ganan puntos y suben de categor\u00eda en funci\u00f3n de su actividad. Los usuarios de mayor nivel obtienen m\u00e1s visibilidad y ventajas, lo que a\u00f1ade una capa de gamificaci\u00f3n a la experiencia.<\/p>\n<p>8. Filtros, pegatinas y herramientas de embellecimiento<br \/>\nAl igual que TikTok o Instagram, Bigo ofrece filtros faciales, efectos AR y opciones de embellecimiento para mejorar la apariencia ante la c\u00e1mara durante las transmisiones o los chats.<\/p>\n<p>9. Descubrimiento basado en la ubicaci\u00f3n<br \/>\nPuedes explorar retransmisiones en directo de usuarios cercanos a ti o de pa\u00edses concretos, lo que facilita la b\u00fasqueda de contenidos locales o conocer a gente de determinadas regiones.<\/p>\n<p>10. Afiliaciones VIP<br \/>\nPara usuarios avanzados y superfans, Bigo ofrece paquetes VIP de suscripci\u00f3n con funciones adicionales como insignias exclusivas, m\u00e1s cr\u00e9ditos para videollamadas y mejoras de perfil.<\/p>\n<h2>\u00bfEs gratis Bigo Live?<\/h2>\n<p>Bigo Live se puede descargar y usar gratis. Ver retransmisiones en directo, chatear con los streamers y navegar por los perfiles no cuesta nada. Sin embargo, varias funciones est\u00e1n monetizadas:<\/p>\n<ul>\n<li>Regalos virtuales: Estos requieren la compra de Diamantes Bigo con dinero real.<\/li>\n<li>Videollamadas privadas: Algunos usuarios cobran por acceder a chats 1 a 1.<\/li>\n<li>Subidas de nivel y afiliaciones VIP: Los usuarios Premium obtienen m\u00e1s visibilidad y ventajas.<\/li>\n<\/ul>\n<p>Si eres un espectador ocasional, puedes disfrutar de la mayor parte de Bigo Live sin pagar. Pero para los streamers activos o los superfans, el gasto es habitual y, para algunos, necesario para acceder a determinados usuarios o funciones.<\/p>\n<h2>\u00bfQui\u00e9n utiliza Bigo Live?<\/h2>\n<p>Bigo Live tiene una enorme base de usuarios en todo el mundo, con una participaci\u00f3n especialmente alta en:<\/p>\n<ul>\n<li>Sudeste asi\u00e1tico (Indonesia, Tailandia, Vietnam, Filipinas)<\/li>\n<li>India<\/li>\n<li>Oriente Pr\u00f3ximo (Arabia Saud\u00ed, Egipto)<\/li>\n<li>Am\u00e9rica del Sur<\/li>\n<li>Partes de Europa y Estados Unidos<\/li>\n<\/ul>\n<p>El rango de edad de la plataforma suele oscilar entre los 18 y los 35 a\u00f1os, con una distribuci\u00f3n por sexos bastante equilibrada. Sin embargo, los espectadores tienden a ser hombres, especialmente en las retransmisiones centradas en chats u orientadas a adultos.<\/p>\n<p>Bigo apela a:<\/p>\n<ul>\n<li>Artistas y personas influyentes que buscan exposici\u00f3n en directo<\/li>\n<li>Aficionados al videochat social que quieren conexi\u00f3n en tiempo real<\/li>\n<li>Los espectadores buscan contenidos en directo entretenidos e interactivos<\/li>\n<li>Aficionados que disfrutan apoyando directamente a los creadores<\/li>\n<\/ul>\n<h2>Seguridad, privacidad y moderaci\u00f3n<\/h2>\n<p>Con una plataforma de la envergadura de Bigo, la moderaci\u00f3n es un reto importante, y se nota. Aunque Bigo ha implementado varias herramientas para promover la seguridad, sigue habiendo problemas ocasionales con contenidos inapropiados, estafas o usuarios menores de edad.<\/p>\n<p>Esto es lo que hace Bigo para mejorar la seguridad:<\/p>\n<ul>\n<li>Normas estrictas contra el contenido para adultos, la desnudez y la incitaci\u00f3n al odio<\/li>\n<li>Moderaci\u00f3n en directo y escaneado de IA durante las retransmisiones<\/li>\n<li>Programas de streamers verificados para garantizar la fiabilidad<\/li>\n<li>Herramientas de notificaci\u00f3n y bloqueo de usuarios<\/li>\n<li>Controles de privacidad para limitar qui\u00e9n puede ponerse en contacto contigo o seguirte<\/li>\n<\/ul>\n<p>Sin embargo, cabe se\u00f1alar:<\/p>\n<ul>\n<li>Contenido para adultos <em>todav\u00eda<\/em> existe, a menudo eludiendo las normas<\/li>\n<li>Las videollamadas de pago pueden dar lugar a interacciones transaccionales<\/li>\n<li>No todos los streamers son quienes dicen ser<\/li>\n<li>Nunca se deben compartir datos personales en chats privados<\/li>\n<\/ul>\n<p>Si se utiliza con responsabilidad, Bigo Live es razonablemente seguro, pero sigue siendo m\u00e1s adecuado para adultos que entienden los riesgos de interactuar con extra\u00f1os en Internet.<\/p>\n<h2>Experiencia de usuario y dise\u00f1o<\/h2>\n<p>Bigo Live tiene una interfaz colorida y moderna, dise\u00f1ada para un uso m\u00f3vil. La navegaci\u00f3n es intuitiva: la pantalla de inicio muestra los flujos de tendencias, pesta\u00f1as de descubrimiento e iconos claros para entrar en directo, chatear o explorar los perfiles de los usuarios.<\/p>\n<p>La aplicaci\u00f3n est\u00e1 bien optimizada para todos los dispositivos y rara vez se ralentiza, incluso durante transmisiones con mucho tr\u00e1fico. La calidad del v\u00eddeo es buena y los retrasos del chat son m\u00ednimos. Aunque visualmente recargada, el dise\u00f1o sigue siendo usable y atractivo.<\/p>\n<p>La experiencia de la aplicaci\u00f3n de Bigo es social, gamificada y orientada a la comunidad. Para los creadores, las herramientas est\u00e1n claramente etiquetadas y son f\u00e1ciles de manejar. Para los espectadores, la plataforma es envolvente sin resultar abrumadora.<\/p>\n<h2>Bigo Live frente a otras plataformas<\/h2>\n<p>Veamos c\u00f3mo se compara Bigo con otras aplicaciones similares:<\/p>\n<table>\n<thead>\n<tr>\n<th>Caracter\u00edstica<\/th>\n<th>Bigo en directo<\/th>\n<th>TikTok en directo<\/th>\n<th>Omegle<\/th>\n<th>Chatroulette<\/th>\n<th>YouNow<\/th>\n<\/tr>\n<\/thead>\n<tbody>\n<tr>\n<td>Retransmisi\u00f3n en directo<\/td>\n<td>S\u00ed<\/td>\n<td>S\u00ed<\/td>\n<td>No<\/td>\n<td>No<\/td>\n<td>S\u00ed<\/td>\n<\/tr>\n<tr>\n<td>Random Video Chat con Desconocidos<\/td>\n<td>S\u00ed (1 a 1)<\/td>\n<td>No<\/td>\n<td>S\u00ed<\/td>\n<td>S\u00ed<\/td>\n<td>No<\/td>\n<\/tr>\n<tr>\n<td>Monetizaci\u00f3n<\/td>\n<td>S\u00ed<\/td>\n<td>S\u00ed<\/td>\n<td>No<\/td>\n<td>No<\/td>\n<td>S\u00ed<\/td>\n<\/tr>\n<tr>\n<td>Moneda de la aplicaci\u00f3n<\/td>\n<td>S\u00ed<\/td>\n<td>S\u00ed<\/td>\n<td>No<\/td>\n<td>No<\/td>\n<td>S\u00ed<\/td>\n<\/tr>\n<tr>\n<td>Optimizado para m\u00f3viles<\/td>\n<td>S\u00ed<\/td>\n<td>S\u00ed<\/td>\n<td>Moderado<\/td>\n<td>Pobre<\/td>\n<td>S\u00ed<\/td>\n<\/tr>\n<tr>\n<td>Salas de v\u00eddeo para grupos<\/td>\n<td>S\u00ed<\/td>\n<td>No<\/td>\n<td>No<\/td>\n<td>No<\/td>\n<td>No<\/td>\n<\/tr>\n<tr>\n<td>Embellecimiento y filtros<\/td>\n<td>S\u00ed<\/td>\n<td>S\u00ed<\/td>\n<td>No<\/td>\n<td>No<\/td>\n<td>No<\/td>\n<\/tr>\n<tr>\n<td>Interacci\u00f3n con el p\u00fablico<\/td>\n<td>Alta<\/td>\n<td>Moderado<\/td>\n<td>Bajo<\/td>\n<td>Bajo<\/td>\n<td>Moderado<\/td>\n<\/tr>\n<tr>\n<td>Privado <a href=\"https:\/\/strangercam.com\/es\/chat-de-camara-a-camara\/\">Cam Chat<\/a><\/td>\n<td>S\u00ed<\/td>\n<td>No<\/td>\n<td>No<\/td>\n<td>No<\/td>\n<td>No<\/td>\n<\/tr>\n<\/tbody>\n<\/table>\n<h2>Ventajas e inconvenientes<\/h2>\n<p>Pros:<\/p>\n<ul>\n<li>Base de usuarios masiva y alcance mundial<\/li>\n<li>Diversos contenidos y categor\u00edas<\/li>\n<li>Monetizaci\u00f3n real para los creadores<\/li>\n<li>Gran experiencia m\u00f3vil<\/li>\n<li>Las funciones de interacci\u00f3n en directo son divertidas y personales<\/li>\n<li>Asistencia por v\u00eddeo en grupo y chat 1 a 1<\/li>\n<li>Numerosos actos y compromisos comunitarios<\/li>\n<\/ul>\n<p>Contras:<\/p>\n<ul>\n<li>Puede resultar abrumador o confuso al principio<\/li>\n<li>Riesgo de contenidos inapropiados o estafas<\/li>\n<li>Los impulsos de monetizaci\u00f3n pueden parecer agresivos<\/li>\n<li>Elevado consumo de datos durante la retransmisi\u00f3n en directo<\/li>\n<li>Funciones de pago necesarias para el acceso completo en algunas zonas<\/li>\n<\/ul>\n<h2>Casos de uso ideales<\/h2>\n<p>Bigo Live es perfecto para:<\/p>\n<ul>\n<li>Aspirantes a streamers que buscan crear una audiencia<\/li>\n<li>Aficionados a los contenidos interactivos y personalizados en directo<\/li>\n<li>Usuarios sociales que disfrutan de videoconferencias privadas con creadores<\/li>\n<li>Espectadores que quieren explorar el entretenimiento de diferentes culturas<\/li>\n<li>Los que buscan una interacci\u00f3n social gamificada en tiempo real<\/li>\n<\/ul>\n<p>No es ideal para:<\/p>\n<ul>\n<li>Personas que buscan un chat puramente aleatorio y an\u00f3nimo<\/li>\n<li>Usuarios sensibles a los mensajes de monetizaci\u00f3n o a la presi\u00f3n de los regalos<\/li>\n<li>Menores de 18 a\u00f1os (debido a la naturaleza social madura de la plataforma)<\/li>\n<\/ul>\n<h2>Veredicto final<\/h2>\n<p>Bigo Live es una plataforma muy popular en todo el mundo que combina la retransmisi\u00f3n social en directo con el chat de v\u00eddeo interactivo. No es lo mismo que Omegle o Chatroulette: est\u00e1 m\u00e1s pulida, m\u00e1s orientada al entretenimiento y mucho m\u00e1s monetizada. Para los creadores, ofrece una oportunidad real de ganar dinero a trav\u00e9s de los contenidos. Para los usuarios, ofrece un espacio animado y orientado a la comunidad para conectar con personas de todo el mundo.<\/p>\n<p>No es perfecta -la plataforma sigue teniendo problemas de moderaci\u00f3n y a menudo se necesita un acceso premium para disfrutar de la mejor experiencia-, pero en general, Bigo Live es una aplicaci\u00f3n destacada en la categor\u00eda de v\u00eddeo social.<\/p>\n<p>Tanto si est\u00e1 all\u00ed para retransmitir, conectarse o simplemente mirar, Bigo Live pone la carne en el asador.<\/p>","protected":false},"excerpt":{"rendered":"<p>In the growing popularity of online video platforms, one name has surged in global popularity over the last few years: Bigo Live. Also known simply as Bigo or Bigo TV, this platform is far more than just a random chat service. It&#8217;s a full-fledged live streaming social app that blends video broadcasting, real-time interaction, influencer [&hellip;]<\/p>\n","protected":false},"author":6,"featured_media":0,"parent":0,"menu_order":0,"comment_status":"closed","ping_status":"closed","template":"","meta":{"footnotes":""},"class_list":["post-12823","page","type-page","status-publish","hentry"],"yoast_head":"<!-- This site is optimized with the Yoast SEO plugin v26.9 - https:\/\/yoast.com\/product\/yoast-seo-wordpress\/ -->\n<title>Bigo - Live stream chat rooms on StrangerCam.com<\/title>\n<meta name=\"description\" content=\"Like Bigo? Come chat with more than 5.000.000 strangers on Stranger Cam for Free! Turn on your cam and find new friends &amp; maby a match!\" \/>\n<meta name=\"robots\" content=\"index, follow, max-snippet:-1, max-image-preview:large, max-video-preview:-1\" \/>\n<link rel=\"canonical\" href=\"https:\/\/strangercam.com\/es\/bigo\/\" \/>\n<meta property=\"og:locale\" content=\"es_ES\" \/>\n<meta property=\"og:type\" content=\"article\" \/>\n<meta property=\"og:title\" content=\"Bigo - Live stream chat rooms on StrangerCam.com\" \/>\n<meta property=\"og:description\" content=\"Like Bigo? Come chat with more than 5.000.000 strangers on Stranger Cam for Free! Turn on your cam and find new friends &amp; maby a match!\" \/>\n<meta property=\"og:url\" content=\"https:\/\/strangercam.com\/es\/bigo\/\" \/>\n<meta property=\"og:site_name\" content=\"Strangercam\" \/>\n<meta property=\"article:publisher\" content=\"https:\/\/www.facebook.com\/strangercam\" \/>\n<meta property=\"og:image\" content=\"https:\/\/strangercam.com\/wp-content\/uploads\/2021\/10\/Untitled-2.png\" \/>\n\t<meta property=\"og:image:width\" content=\"800\" \/>\n\t<meta property=\"og:image:height\" content=\"532\" \/>\n\t<meta property=\"og:image:type\" content=\"image\/png\" \/>\n<meta name=\"twitter:card\" content=\"summary_large_image\" \/>\n<meta name=\"twitter:site\" content=\"@strangercamapp\" \/>\n<meta name=\"twitter:label1\" content=\"Tiempo de lectura\" \/>\n\t<meta name=\"twitter:data1\" content=\"7 minutos\" \/>\n<script type=\"application\/ld+json\" class=\"yoast-schema-graph\">{\"@context\":\"https:\/\/schema.org\",\"@graph\":[{\"@type\":\"WebPage\",\"@id\":\"https:\/\/strangercam.com\/bigo\/\",\"url\":\"https:\/\/strangercam.com\/bigo\/\",\"name\":\"Bigo - Live stream chat rooms on StrangerCam.com\",\"isPartOf\":{\"@id\":\"https:\/\/strangercam.com\/#website\"},\"datePublished\":\"2025-05-01T20:41:55+00:00\",\"description\":\"Like Bigo? Come chat with more than 5.000.000 strangers on Stranger Cam for Free! Turn on your cam and find new friends & maby a match!\",\"breadcrumb\":{\"@id\":\"https:\/\/strangercam.com\/bigo\/#breadcrumb\"},\"inLanguage\":\"es\",\"potentialAction\":[{\"@type\":\"ReadAction\",\"target\":[\"https:\/\/strangercam.com\/bigo\/\"]}]},{\"@type\":\"BreadcrumbList\",\"@id\":\"https:\/\/strangercam.com\/bigo\/#breadcrumb\",\"itemListElement\":[{\"@type\":\"ListItem\",\"position\":1,\"name\":\"Home\",\"item\":\"https:\/\/strangercam.com\/\"},{\"@type\":\"ListItem\",\"position\":2,\"name\":\"Bigo\"}]},{\"@type\":\"WebSite\",\"@id\":\"https:\/\/strangercam.com\/#website\",\"url\":\"https:\/\/strangercam.com\/\",\"name\":\"Strangercam\",\"description\":\"Random Video Chat with Strangers\",\"publisher\":{\"@id\":\"https:\/\/strangercam.com\/#organization\"},\"alternateName\":\"Strangercam.com\",\"potentialAction\":[{\"@type\":\"SearchAction\",\"target\":{\"@type\":\"EntryPoint\",\"urlTemplate\":\"https:\/\/strangercam.com\/?s={search_term_string}\"},\"query-input\":{\"@type\":\"PropertyValueSpecification\",\"valueRequired\":true,\"valueName\":\"search_term_string\"}}],\"inLanguage\":\"es\"},{\"@type\":\"Organization\",\"@id\":\"https:\/\/strangercam.com\/#organization\",\"name\":\"Strangercam\",\"alternateName\":\"Strangercam.com\",\"url\":\"https:\/\/strangercam.com\/\",\"logo\":{\"@type\":\"ImageObject\",\"inLanguage\":\"es\",\"@id\":\"https:\/\/strangercam.com\/#\/schema\/logo\/image\/\",\"url\":\"https:\/\/strangercam.com\/wp-content\/uploads\/2020\/11\/cropped-new-favicon-black.png\",\"contentUrl\":\"https:\/\/strangercam.com\/wp-content\/uploads\/2020\/11\/cropped-new-favicon-black.png\",\"width\":512,\"height\":512,\"caption\":\"Strangercam\"},\"image\":{\"@id\":\"https:\/\/strangercam.com\/#\/schema\/logo\/image\/\"},\"sameAs\":[\"https:\/\/www.facebook.com\/strangercam\",\"https:\/\/x.com\/strangercamapp\"]}]}<\/script>\n<!-- \/ Yoast SEO plugin. -->","yoast_head_json":{"title":"Bigo - Salas de chat de transmisi\u00f3n en vivo en StrangerCam.com","description":"\u00bfTe gusta Bigo? \u00a1Ven a chatear gratis con m\u00e1s de 5.000.000 de desconocidos en Stranger Cam! \u00a1Enciende tu c\u00e1mara y encuentra nuevos amigos y tal vez una pareja!","robots":{"index":"index","follow":"follow","max-snippet":"max-snippet:-1","max-image-preview":"max-image-preview:large","max-video-preview":"max-video-preview:-1"},"canonical":"https:\/\/strangercam.com\/es\/bigo\/","og_locale":"es_ES","og_type":"article","og_title":"Bigo - Live stream chat rooms on StrangerCam.com","og_description":"Like Bigo? Come chat with more than 5.000.000 strangers on Stranger Cam for Free! Turn on your cam and find new friends & maby a match!","og_url":"https:\/\/strangercam.com\/es\/bigo\/","og_site_name":"Strangercam","article_publisher":"https:\/\/www.facebook.com\/strangercam","og_image":[{"width":800,"height":532,"url":"https:\/\/strangercam.com\/wp-content\/uploads\/2021\/10\/Untitled-2.png","type":"image\/png"}],"twitter_card":"summary_large_image","twitter_site":"@strangercamapp","twitter_misc":{"Tiempo de lectura":"7 minutos"},"schema":{"@context":"https:\/\/schema.org","@graph":[{"@type":"WebPage","@id":"https:\/\/strangercam.com\/bigo\/","url":"https:\/\/strangercam.com\/bigo\/","name":"Bigo - Salas de chat de transmisi\u00f3n en vivo en StrangerCam.com","isPartOf":{"@id":"https:\/\/strangercam.com\/#website"},"datePublished":"2025-05-01T20:41:55+00:00","description":"\u00bfTe gusta Bigo? \u00a1Ven a chatear gratis con m\u00e1s de 5.000.000 de desconocidos en Stranger Cam! \u00a1Enciende tu c\u00e1mara y encuentra nuevos amigos y tal vez una pareja!","breadcrumb":{"@id":"https:\/\/strangercam.com\/bigo\/#breadcrumb"},"inLanguage":"es","potentialAction":[{"@type":"ReadAction","target":["https:\/\/strangercam.com\/bigo\/"]}]},{"@type":"BreadcrumbList","@id":"https:\/\/strangercam.com\/bigo\/#breadcrumb","itemListElement":[{"@type":"ListItem","position":1,"name":"Home","item":"https:\/\/strangercam.com\/"},{"@type":"ListItem","position":2,"name":"Bigo"}]},{"@type":"WebSite","@id":"https:\/\/strangercam.com\/#website","url":"https:\/\/strangercam.com\/","name":"Strangercam","description":"Videochat aleatorio con desconocidos","publisher":{"@id":"https:\/\/strangercam.com\/#organization"},"alternateName":"Strangercam.com","potentialAction":[{"@type":"SearchAction","target":{"@type":"EntryPoint","urlTemplate":"https:\/\/strangercam.com\/?s={search_term_string}"},"query-input":{"@type":"PropertyValueSpecification","valueRequired":true,"valueName":"search_term_string"}}],"inLanguage":"es"},{"@type":"Organization","@id":"https:\/\/strangercam.com\/#organization","name":"Strangercam","alternateName":"Strangercam.com","url":"https:\/\/strangercam.com\/","logo":{"@type":"ImageObject","inLanguage":"es","@id":"https:\/\/strangercam.com\/#\/schema\/logo\/image\/","url":"https:\/\/strangercam.com\/wp-content\/uploads\/2020\/11\/cropped-new-favicon-black.png","contentUrl":"https:\/\/strangercam.com\/wp-content\/uploads\/2020\/11\/cropped-new-favicon-black.png","width":512,"height":512,"caption":"Strangercam"},"image":{"@id":"https:\/\/strangercam.com\/#\/schema\/logo\/image\/"},"sameAs":["https:\/\/www.facebook.com\/strangercam","https:\/\/x.com\/strangercamapp"]}]}},"_links":{"self":[{"href":"https:\/\/strangercam.com\/es\/wp-json\/wp\/v2\/pages\/12823","targetHints":{"allow":["GET"]}}],"collection":[{"href":"https:\/\/strangercam.com\/es\/wp-json\/wp\/v2\/pages"}],"about":[{"href":"https:\/\/strangercam.com\/es\/wp-json\/wp\/v2\/types\/page"}],"author":[{"embeddable":true,"href":"https:\/\/strangercam.com\/es\/wp-json\/wp\/v2\/users\/6"}],"replies":[{"embeddable":true,"href":"https:\/\/strangercam.com\/es\/wp-json\/wp\/v2\/comments?post=12823"}],"version-history":[{"count":2,"href":"https:\/\/strangercam.com\/es\/wp-json\/wp\/v2\/pages\/12823\/revisions"}],"predecessor-version":[{"id":12825,"href":"https:\/\/strangercam.com\/es\/wp-json\/wp\/v2\/pages\/12823\/revisions\/12825"}],"wp:attachment":[{"href":"https:\/\/strangercam.com\/es\/wp-json\/wp\/v2\/media?parent=12823"}],"curies":[{"name":"wp","href":"https:\/\/api.w.org\/{rel}","templated":true}]}}