{"id":12815,"date":"2025-04-22T13:50:44","date_gmt":"2025-04-22T11:50:44","guid":{"rendered":"https:\/\/strangercam.com\/?page_id=12815"},"modified":"2025-04-22T13:50:44","modified_gmt":"2025-04-22T11:50:44","slug":"vanachat","status":"publish","type":"page","link":"https:\/\/strangercam.com\/es\/vanachat\/","title":{"rendered":"VanaChat"},"content":{"rendered":"<p>El mundo del v\u00eddeo aleatorio <a href=\"https:\/\/strangercam.com\/es\/chathub\/\">chat<\/a> es muy competitiva, con plataformas como <a href=\"https:\/\/strangercam.com\/es\/omegle\/\">Omegle<\/a>, <a href=\"https:\/\/strangercam.com\/es\/chatroulette\/\">Chatroulette<\/a>, y nombres m\u00e1s recientes, como ChatMatch, luchan por dominar el mercado. Pero de vez en cuando, un nuevo contendiente entra en escena con un enfoque \u00fanico. VanaChat es uno de ellos. A medio camino entre un <a href=\"https:\/\/strangercam.com\/es\/bazoocam\/\">leva<\/a> y una aplicaci\u00f3n social ligera, VanaChat est\u00e1 llamando r\u00e1pidamente la atenci\u00f3n, pero \u00bfmerece realmente la pena utilizarla?<\/p>\n<p>En este an\u00e1lisis exhaustivo, exploramos todo lo que ofrece VanaChat: sus funciones, experiencia de usuario, audiencia, herramientas de seguridad y c\u00f3mo se compara con otras plataformas de chat populares.<\/p>\n<h2>\u00bfQu\u00e9 es VanaChat?<\/h2>\n<p>VanaChat es una plataforma de videochat aleatorio basada en navegador que combina las tradicionales conversaciones de v\u00eddeo uno a uno con ligeras funciones de descubrimiento social. A diferencia de otros sitios que se centran \u00fanicamente en la aleatoriedad, VanaChat a\u00f1ade una capa social m\u00e1s moderna a la experiencia, ofreciendo perfiles opcionales, emparejamientos basados en intereses e incluso un ligero sistema de reputaci\u00f3n.<\/p>\n<p>Lanzado a mediados de la d\u00e9cada de 2020, VanaChat se comercializa como un \u201cespacio seguro y acogedor para <a href=\"https:\/\/strangercam.com\/es\/coomeet\/\">conozca<\/a> nuevas personas cara a cara\". Aunque la experiencia principal sigue girando en torno a interacciones instant\u00e1neas con desconocidos a trav\u00e9s de la webcam, la plataforma se esfuerza por fomentar un entorno m\u00e1s respetuoso y atractivo.<\/p>\n<h2>El objetivo de VanaChat<\/h2>\n<p>El principal objetivo de VanaChat es ofrecer una experiencia de videochat aleatoria que resulte m\u00e1s humana y menos ca\u00f3tica. Est\u00e1 dise\u00f1ado para ser divertido y espont\u00e1neo, pero sin el trolling desenfrenado, la desnudez y el spam que a menudo se encuentran en plataformas completamente an\u00f3nimas.<\/p>\n<p>VanaChat es ideal para:<\/p>\n<ul>\n<li>Personas que quieren conocer a otras cara a cara en tiempo real<\/li>\n<li>Usuarios que buscan conversaciones casuales o nuevas amistades<\/li>\n<li>Usuarios socialmente curiosos a los que les gusta hablar con desconocidos pero prefieren un poco m\u00e1s de control sobre con qui\u00e9n se conectan.<\/li>\n<li>Cualquiera que busque una alternativa m\u00e1s segura y moderna a los sitios de c\u00e1maras sin moderaci\u00f3n<\/li>\n<\/ul>\n<p>La plataforma no es una aplicaci\u00f3n de citas propiamente dicha, pero acoge el flirteo ligero y el descubrimiento social, especialmente entre los adultos m\u00e1s j\u00f3venes.<\/p>\n<h2>Caracter\u00edsticas principales<\/h2>\n<p>1. Videochat individual<br \/>\nEn esencia, VanaChat ofrece un videochat r\u00e1pido y aleatorio entre usuarios. Un clic y ya est\u00e1s conectado con alguien nuevo. Los v\u00eddeos responden bien y el dise\u00f1o es limpio, priorizando la experiencia cara a cara.<\/p>\n<p>2. Matching basado en intereses<br \/>\nLos usuarios pueden elegir entre una lista de intereses -que van desde el cine y los videojuegos hasta los idiomas y el estilo de vida- y la plataforma intenta emparejar a personas con preferencias similares. Aunque no es tan profunda como las aplicaciones de citas basadas en algoritmos, reduce la aleatoriedad y ayuda a entablar conversaciones m\u00e1s significativas.<\/p>\n<p>3. Perfiles de usuario opcionales<br \/>\nPuedes crear un perfil b\u00e1sico con un nombre para mostrar, intereses y una breve biograf\u00eda. Tambi\u00e9n puedes subir una foto de perfil. Aunque los perfiles no son obligatorios, los usuarios con perfiles completos tienden a conseguir coincidencias m\u00e1s largas y frecuentes.<\/p>\n<p>4. Sistema de reputaci\u00f3n<br \/>\nDespu\u00e9s de cada chat, los usuarios pueden valorar su experiencia. Con el tiempo, esto crea una puntuaci\u00f3n de reputaci\u00f3n suave que ayuda a sacar a la luz a los usuarios de mejor calidad y a rechazar a los spammers o trolls. Aunque a\u00fan est\u00e1 en fase beta, este sistema promete mejorar el ambiente general de la plataforma.<\/p>\n<p>5. Controles del chat y herramientas de moderaci\u00f3n<br \/>\nPuedes saltarte usuarios, silenciarlos, denunciar comportamientos inapropiados y bloquear a quien no quieras que vuelva a hablar contigo. Los moderadores revisan las denuncias, y el sistema se apoya en un escaneo b\u00e1sico de contenidos por IA para detectar desnudos o comportamientos ofensivos.<\/p>\n<p>6. Optimizaci\u00f3n para ordenadores de sobremesa y m\u00f3viles<br \/>\nVanaChat funciona a la perfecci\u00f3n en navegadores modernos, tanto de escritorio como m\u00f3viles. A\u00fan no existe una aplicaci\u00f3n m\u00f3vil espec\u00edfica, pero la experiencia del navegador m\u00f3vil es intuitiva y con capacidad de respuesta. No es necesario descargar nada.<\/p>\n<p>7. No es necesario inscribirse (pero se anima a hacerlo)<br \/>\nPuedes empezar a chatear sin crear una cuenta, pero el registro desbloquea funciones adicionales como filtrar intereses, guardar tu perfil y acceder a tu puntuaci\u00f3n de reputaci\u00f3n.<\/p>\n<h2>\u00bfVanaChat es gratis?<\/h2>\n<p>S\u00ed, VanaChat es de uso gratuito, y puedes acceder a la funcionalidad b\u00e1sica del videochat sin pagar un c\u00e9ntimo. Sin embargo, hay un plan premium disponible que desbloquea:<\/p>\n<ul>\n<li>Mejora del emparejamiento por regi\u00f3n o sexo<\/li>\n<li>Colocaci\u00f3n prioritaria en la cola del chat<\/li>\n<li>Una experiencia sin anuncios<\/li>\n<li>Opciones de personalizaci\u00f3n del perfil<\/li>\n<\/ul>\n<p>El nivel premium tiene un precio competitivo, normalmente entre $6-$10 al mes, dependiendo del plan de suscripci\u00f3n. Para la mayor\u00eda de los usuarios, la versi\u00f3n gratuita es perfectamente funcional, pero la versi\u00f3n premium es un buen valor para aquellos que buscan m\u00e1s control y un flujo de usuario m\u00e1s fluido.<\/p>\n<h2>\u00bfQui\u00e9n utiliza VanaChat?<\/h2>\n<p>VanaChat cuenta con una creciente base de usuarios en varias regiones clave:<\/p>\n<ul>\n<li>Estados Unidos<\/li>\n<li>Canad\u00e1<\/li>\n<li>Reino Unido<\/li>\n<li>Alemania<\/li>\n<li>Brasil<\/li>\n<li>India<\/li>\n<\/ul>\n<p>La mayor\u00eda de los usuarios tienen entre 18 y 34 a\u00f1os, con una mezcla bastante diversa de g\u00e9neros y procedencias. Aunque la mayor\u00eda utiliza la plataforma para divertirse y entablar conversaciones informales, una parte notable de los usuarios parece realmente interesada en hacer amigos o encontrar personas con intereses comunes.<\/p>\n<p>VanaChat es especialmente popular entre:<\/p>\n<ul>\n<li>Estudiantes universitarios<\/li>\n<li>J\u00f3venes profesionales<\/li>\n<li>N\u00f3madas digitales y expatriados que buscan conocer gente en nuevos lugares<\/li>\n<li>Estudiantes de idiomas que quieren practicar con hablantes nativos<\/li>\n<\/ul>\n<h2>Seguridad, privacidad y moderaci\u00f3n<\/h2>\n<p>Las plataformas de chat en l\u00ednea suelen tener problemas de seguridad y moderaci\u00f3n, pero VanaChat se toma el asunto en serio. He aqu\u00ed c\u00f3mo:<\/p>\n<ul>\n<li>Vigilancia basada en IA: La plataforma utiliza el aprendizaje autom\u00e1tico para detectar autom\u00e1ticamente desnudos o gestos ofensivos en las secuencias de v\u00eddeo. Aunque no es perfecta, reduce la exposici\u00f3n a contenidos expl\u00edcitos.<\/li>\n<li>Informes de usuarios y moderaci\u00f3n: Todos los chats terminan con una solicitud de comentarios, y los informes se revisan en un plazo de 24 horas.<\/li>\n<li>Sistema de reputaci\u00f3n y calificaci\u00f3n: Ayuda a filtrar a los usuarios problem\u00e1ticos y a promover un comportamiento m\u00e1s respetuoso a lo largo del tiempo.<\/li>\n<li>No se requiere informaci\u00f3n personal: No se te piden n\u00fameros de tel\u00e9fono ni correos electr\u00f3nicos a menos que te registres (e incluso entonces, es opcional).<\/li>\n<\/ul>\n<p>VanaChat no recopila datos excesivos y permite a los usuarios permanecer en el anonimato. Aun as\u00ed, los usuarios deben aplicar el sentido com\u00fan: no compartan datos personales, no hagan clic en enlaces ni se relacionen con usuarios que les incomoden.<\/p>\n<h2>Experiencia de usuario y dise\u00f1o<\/h2>\n<p>La interfaz de VanaChat es refrescante y moderna. La plataforma es visualmente limpia, intuitiva y receptiva. La navegaci\u00f3n es sencilla: una gran pantalla de v\u00eddeo domina la interfaz, con los controles de chat y la configuraci\u00f3n cuidadosamente escondidos en los paneles laterales. No hay banners, ventanas emergentes ni molestos anuncios que interrumpan el flujo.<\/p>\n<p>La est\u00e9tica general es juvenil y agradable, sin tratar de atraer a un grupo demogr\u00e1fico concreto. Da la sensaci\u00f3n de ser un producto creado para la interacci\u00f3n casual, no para contenidos para adultos ni para citas, lo que lo convierte en un buen punto intermedio.<\/p>\n<p>Los tiempos de carga de las p\u00e1ginas son r\u00e1pidos, la calidad de v\u00eddeo es s\u00f3lida y las transiciones entre chats son fluidas y sin retrasos en la mayor\u00eda de los casos. En el m\u00f3vil, la plataforma parece casi una aplicaci\u00f3n en cuanto a velocidad y usabilidad, lo que es impresionante para una experiencia basada en navegador.<\/p>\n<h2>VanaChat frente a otras plataformas de chat<\/h2>\n<p>Veamos c\u00f3mo se compara VanaChat con otras plataformas l\u00edderes:<\/p>\n<table>\n<thead>\n<tr>\n<th>Caracter\u00edstica<\/th>\n<th>VanaChat<\/th>\n<th>Omegle<\/th>\n<th>ChatMatch<\/th>\n<th>Chatspin<\/th>\n<th>Emerald Chat<\/th>\n<\/tr>\n<\/thead>\n<tbody>\n<tr>\n<td>Videochat<\/td>\n<td>S\u00ed<\/td>\n<td>S\u00ed<\/td>\n<td>S\u00ed<\/td>\n<td>S\u00ed<\/td>\n<td>S\u00ed<\/td>\n<\/tr>\n<tr>\n<td>Casaci\u00f3n de intereses<\/td>\n<td>S\u00ed<\/td>\n<td>No<\/td>\n<td>S\u00ed<\/td>\n<td>S\u00ed<\/td>\n<td>S\u00ed<\/td>\n<\/tr>\n<tr>\n<td>Perfiles (opcional)<\/td>\n<td>S\u00ed<\/td>\n<td>No<\/td>\n<td>Opcional<\/td>\n<td>Opcional<\/td>\n<td>S\u00ed<\/td>\n<\/tr>\n<tr>\n<td>Sistema de reputaci\u00f3n<\/td>\n<td>S\u00ed<\/td>\n<td>No<\/td>\n<td>No<\/td>\n<td>No<\/td>\n<td>S\u00ed<\/td>\n<\/tr>\n<tr>\n<td>Filtros de g\u00e9nero\/regi\u00f3n<\/td>\n<td>Pagado<\/td>\n<td>Pagado<\/td>\n<td>Pagado<\/td>\n<td>Gratuito\/Pagado<\/td>\n<td>S\u00ed<\/td>\n<\/tr>\n<tr>\n<td>Optimizado para m\u00f3viles<\/td>\n<td>S\u00ed<\/td>\n<td>Moderado<\/td>\n<td>S\u00ed<\/td>\n<td>Excelente<\/td>\n<td>Bien<\/td>\n<\/tr>\n<tr>\n<td>Herramientas de moderaci\u00f3n<\/td>\n<td>Fuerte<\/td>\n<td>D\u00e9bil<\/td>\n<td>Moderado<\/td>\n<td>Bien<\/td>\n<td>Fuerte<\/td>\n<\/tr>\n<tr>\n<td>Inscripci\u00f3n obligatoria<\/td>\n<td>No<\/td>\n<td>No<\/td>\n<td>Opcional<\/td>\n<td>Opcional<\/td>\n<td>S\u00ed<\/td>\n<\/tr>\n<\/tbody>\n<\/table>\n<h2>Ventajas e inconvenientes<\/h2>\n<p>Pros:<\/p>\n<ul>\n<li>Uso gratuito sin necesidad de identificarse<\/li>\n<li>Interfaz limpia y moderna con un rendimiento r\u00e1pido<\/li>\n<li>La concordancia basada en los intereses mejora la calidad de la conversaci\u00f3n<\/li>\n<li>El sistema de reputaci\u00f3n recompensa el buen comportamiento<\/li>\n<li>Perfiles opcionales sin ser intrusivos<\/li>\n<li>Moderaci\u00f3n activa y an\u00e1lisis de contenidos<\/li>\n<li>Compatible con dispositivos m\u00f3viles sin necesidad de una aplicaci\u00f3n<\/li>\n<\/ul>\n<p>Contras:<\/p>\n<ul>\n<li>Base de usuarios m\u00e1s reducida que plataformas como Omegle<\/li>\n<li>Los filtros de g\u00e9nero y regi\u00f3n requieren una prima<\/li>\n<li>Sigue siendo objeto de comportamientos inadecuados ocasionales<\/li>\n<li>Sin traductor integrado para chats internacionales<\/li>\n<li>A\u00fan no hay chat de grupo ni funciones multiusuario<\/li>\n<\/ul>\n<h2>Casos de uso ideales<\/h2>\n<p>VanaChat es perfecto para:<\/p>\n<ul>\n<li>Personas que disfrutan del chat de v\u00eddeo individual con un poco m\u00e1s de estructura<\/li>\n<li>Usuarios que buscan conversaciones espont\u00e1neas pero respetuosas<\/li>\n<li>Socializaci\u00f3n informal, flirteo ligero y conocer gente nueva en todo el mundo.<\/li>\n<li>A los que no les gusta el caos de las plataformas no moderadas como Omegle<\/li>\n<\/ul>\n<p>No es ideal para:<\/p>\n<ul>\n<li>Usuarios que esperan una aplicaci\u00f3n de citas o de b\u00fasqueda de pareja<\/li>\n<li>Los que buscan chats de grupo o salas de chat tem\u00e1ticas<\/li>\n<li>Personas que prefieren interacciones puramente an\u00f3nimas y s\u00f3lo por texto<\/li>\n<\/ul>\n<h2>Veredicto final<\/h2>\n<p>VanaChat es una refrescante incorporaci\u00f3n al panorama de los videochats. Combina la inmediatez de las plataformas de chat aleatorias con algunas mejoras modernas -filtros de intereses, sistemas de reputaci\u00f3n y perfiles opcionales- que hacen la experiencia m\u00e1s agradable y f\u00e1cil de usar.<\/p>\n<p>Para quienes est\u00e9n cansados de los bots, los trolls o las sorpresas NSFW de otros sitios, VanaChat ofrece una experiencia m\u00e1s limpia, amigable y humana. Puede que no tenga el volumen de usuarios de las grandes plataformas, pero lo que le falta en escala lo compensa en calidad.<\/p>\n<p>Si quieres chatear con desconocidos, hacer amigos o simplemente pasar el rato de una forma m\u00e1s social, merece la pena echar un vistazo a VanaChat.<\/p>","protected":false},"excerpt":{"rendered":"<p>The world of random video chat apps is highly competitive, with platforms like Omegle, Chatroulette, and newer names like ChatMatch fighting for dominance. But every now and then, a new contender enters the space with a unique approach. VanaChat is one of those names. Positioned somewhere between a casual cam chat site and a lightweight [&hellip;]<\/p>\n","protected":false},"author":6,"featured_media":0,"parent":0,"menu_order":0,"comment_status":"closed","ping_status":"closed","template":"","meta":{"footnotes":""},"class_list":["post-12815","page","type-page","status-publish","hentry"],"yoast_head":"<!-- This site is optimized with the Yoast SEO plugin v26.9 - https:\/\/yoast.com\/product\/yoast-seo-wordpress\/ -->\n<title>VanaChat - Live video chat with girls on StrangerCam.com<\/title>\n<meta name=\"description\" content=\"Like VanaChat? Come chat with more than 5.000.000 strangers on Stranger Cam for Free! Turn on your cam and find new friends &amp; maby a match!\" \/>\n<meta name=\"robots\" content=\"index, follow, max-snippet:-1, max-image-preview:large, max-video-preview:-1\" \/>\n<link rel=\"canonical\" href=\"https:\/\/strangercam.com\/es\/vanachat\/\" \/>\n<meta property=\"og:locale\" content=\"es_ES\" \/>\n<meta property=\"og:type\" content=\"article\" \/>\n<meta property=\"og:title\" content=\"VanaChat - Live video chat with girls on StrangerCam.com\" \/>\n<meta property=\"og:description\" content=\"Like VanaChat? Come chat with more than 5.000.000 strangers on Stranger Cam for Free! Turn on your cam and find new friends &amp; maby a match!\" \/>\n<meta property=\"og:url\" content=\"https:\/\/strangercam.com\/es\/vanachat\/\" \/>\n<meta property=\"og:site_name\" content=\"Strangercam\" \/>\n<meta property=\"article:publisher\" content=\"https:\/\/www.facebook.com\/strangercam\" \/>\n<meta property=\"og:image\" content=\"https:\/\/strangercam.com\/wp-content\/uploads\/2021\/10\/Untitled-2.png\" \/>\n\t<meta property=\"og:image:width\" content=\"800\" \/>\n\t<meta property=\"og:image:height\" content=\"532\" \/>\n\t<meta property=\"og:image:type\" content=\"image\/png\" \/>\n<meta name=\"twitter:card\" content=\"summary_large_image\" \/>\n<meta name=\"twitter:site\" content=\"@strangercamapp\" \/>\n<meta name=\"twitter:label1\" content=\"Tiempo de lectura\" \/>\n\t<meta name=\"twitter:data1\" content=\"7 minutos\" \/>\n<script type=\"application\/ld+json\" class=\"yoast-schema-graph\">{\"@context\":\"https:\/\/schema.org\",\"@graph\":[{\"@type\":\"WebPage\",\"@id\":\"https:\/\/strangercam.com\/vanachat\/\",\"url\":\"https:\/\/strangercam.com\/vanachat\/\",\"name\":\"VanaChat - Live video chat with girls on StrangerCam.com\",\"isPartOf\":{\"@id\":\"https:\/\/strangercam.com\/#website\"},\"datePublished\":\"2025-04-22T11:50:44+00:00\",\"description\":\"Like VanaChat? Come chat with more than 5.000.000 strangers on Stranger Cam for Free! Turn on your cam and find new friends & maby a match!\",\"breadcrumb\":{\"@id\":\"https:\/\/strangercam.com\/vanachat\/#breadcrumb\"},\"inLanguage\":\"es\",\"potentialAction\":[{\"@type\":\"ReadAction\",\"target\":[\"https:\/\/strangercam.com\/vanachat\/\"]}]},{\"@type\":\"BreadcrumbList\",\"@id\":\"https:\/\/strangercam.com\/vanachat\/#breadcrumb\",\"itemListElement\":[{\"@type\":\"ListItem\",\"position\":1,\"name\":\"Home\",\"item\":\"https:\/\/strangercam.com\/\"},{\"@type\":\"ListItem\",\"position\":2,\"name\":\"VanaChat\"}]},{\"@type\":\"WebSite\",\"@id\":\"https:\/\/strangercam.com\/#website\",\"url\":\"https:\/\/strangercam.com\/\",\"name\":\"Strangercam\",\"description\":\"Random Video Chat with Strangers\",\"publisher\":{\"@id\":\"https:\/\/strangercam.com\/#organization\"},\"alternateName\":\"Strangercam.com\",\"potentialAction\":[{\"@type\":\"SearchAction\",\"target\":{\"@type\":\"EntryPoint\",\"urlTemplate\":\"https:\/\/strangercam.com\/?s={search_term_string}\"},\"query-input\":{\"@type\":\"PropertyValueSpecification\",\"valueRequired\":true,\"valueName\":\"search_term_string\"}}],\"inLanguage\":\"es\"},{\"@type\":\"Organization\",\"@id\":\"https:\/\/strangercam.com\/#organization\",\"name\":\"Strangercam\",\"alternateName\":\"Strangercam.com\",\"url\":\"https:\/\/strangercam.com\/\",\"logo\":{\"@type\":\"ImageObject\",\"inLanguage\":\"es\",\"@id\":\"https:\/\/strangercam.com\/#\/schema\/logo\/image\/\",\"url\":\"https:\/\/strangercam.com\/wp-content\/uploads\/2020\/11\/cropped-new-favicon-black.png\",\"contentUrl\":\"https:\/\/strangercam.com\/wp-content\/uploads\/2020\/11\/cropped-new-favicon-black.png\",\"width\":512,\"height\":512,\"caption\":\"Strangercam\"},\"image\":{\"@id\":\"https:\/\/strangercam.com\/#\/schema\/logo\/image\/\"},\"sameAs\":[\"https:\/\/www.facebook.com\/strangercam\",\"https:\/\/x.com\/strangercamapp\"]}]}<\/script>\n<!-- \/ Yoast SEO plugin. -->","yoast_head_json":{"title":"VanaChat - Videochat en directo con chicas en StrangerCam.com","description":"\u00bfTe gusta VanaChat? \u00a1Chatea gratis con m\u00e1s de 5.000.000 de desconocidos en Stranger Cam! \u00a1Enciende tu c\u00e1mara y encuentra nuevos amigos y tal vez una pareja!","robots":{"index":"index","follow":"follow","max-snippet":"max-snippet:-1","max-image-preview":"max-image-preview:large","max-video-preview":"max-video-preview:-1"},"canonical":"https:\/\/strangercam.com\/es\/vanachat\/","og_locale":"es_ES","og_type":"article","og_title":"VanaChat - Live video chat with girls on StrangerCam.com","og_description":"Like VanaChat? Come chat with more than 5.000.000 strangers on Stranger Cam for Free! Turn on your cam and find new friends & maby a match!","og_url":"https:\/\/strangercam.com\/es\/vanachat\/","og_site_name":"Strangercam","article_publisher":"https:\/\/www.facebook.com\/strangercam","og_image":[{"width":800,"height":532,"url":"https:\/\/strangercam.com\/wp-content\/uploads\/2021\/10\/Untitled-2.png","type":"image\/png"}],"twitter_card":"summary_large_image","twitter_site":"@strangercamapp","twitter_misc":{"Tiempo de lectura":"7 minutos"},"schema":{"@context":"https:\/\/schema.org","@graph":[{"@type":"WebPage","@id":"https:\/\/strangercam.com\/vanachat\/","url":"https:\/\/strangercam.com\/vanachat\/","name":"VanaChat - Videochat en directo con chicas en StrangerCam.com","isPartOf":{"@id":"https:\/\/strangercam.com\/#website"},"datePublished":"2025-04-22T11:50:44+00:00","description":"\u00bfTe gusta VanaChat? \u00a1Chatea gratis con m\u00e1s de 5.000.000 de desconocidos en Stranger Cam! \u00a1Enciende tu c\u00e1mara y encuentra nuevos amigos y tal vez una pareja!","breadcrumb":{"@id":"https:\/\/strangercam.com\/vanachat\/#breadcrumb"},"inLanguage":"es","potentialAction":[{"@type":"ReadAction","target":["https:\/\/strangercam.com\/vanachat\/"]}]},{"@type":"BreadcrumbList","@id":"https:\/\/strangercam.com\/vanachat\/#breadcrumb","itemListElement":[{"@type":"ListItem","position":1,"name":"Home","item":"https:\/\/strangercam.com\/"},{"@type":"ListItem","position":2,"name":"VanaChat"}]},{"@type":"WebSite","@id":"https:\/\/strangercam.com\/#website","url":"https:\/\/strangercam.com\/","name":"Strangercam","description":"Videochat aleatorio con desconocidos","publisher":{"@id":"https:\/\/strangercam.com\/#organization"},"alternateName":"Strangercam.com","potentialAction":[{"@type":"SearchAction","target":{"@type":"EntryPoint","urlTemplate":"https:\/\/strangercam.com\/?s={search_term_string}"},"query-input":{"@type":"PropertyValueSpecification","valueRequired":true,"valueName":"search_term_string"}}],"inLanguage":"es"},{"@type":"Organization","@id":"https:\/\/strangercam.com\/#organization","name":"Strangercam","alternateName":"Strangercam.com","url":"https:\/\/strangercam.com\/","logo":{"@type":"ImageObject","inLanguage":"es","@id":"https:\/\/strangercam.com\/#\/schema\/logo\/image\/","url":"https:\/\/strangercam.com\/wp-content\/uploads\/2020\/11\/cropped-new-favicon-black.png","contentUrl":"https:\/\/strangercam.com\/wp-content\/uploads\/2020\/11\/cropped-new-favicon-black.png","width":512,"height":512,"caption":"Strangercam"},"image":{"@id":"https:\/\/strangercam.com\/#\/schema\/logo\/image\/"},"sameAs":["https:\/\/www.facebook.com\/strangercam","https:\/\/x.com\/strangercamapp"]}]}},"_links":{"self":[{"href":"https:\/\/strangercam.com\/es\/wp-json\/wp\/v2\/pages\/12815","targetHints":{"allow":["GET"]}}],"collection":[{"href":"https:\/\/strangercam.com\/es\/wp-json\/wp\/v2\/pages"}],"about":[{"href":"https:\/\/strangercam.com\/es\/wp-json\/wp\/v2\/types\/page"}],"author":[{"embeddable":true,"href":"https:\/\/strangercam.com\/es\/wp-json\/wp\/v2\/users\/6"}],"replies":[{"embeddable":true,"href":"https:\/\/strangercam.com\/es\/wp-json\/wp\/v2\/comments?post=12815"}],"version-history":[{"count":2,"href":"https:\/\/strangercam.com\/es\/wp-json\/wp\/v2\/pages\/12815\/revisions"}],"predecessor-version":[{"id":12817,"href":"https:\/\/strangercam.com\/es\/wp-json\/wp\/v2\/pages\/12815\/revisions\/12817"}],"wp:attachment":[{"href":"https:\/\/strangercam.com\/es\/wp-json\/wp\/v2\/media?parent=12815"}],"curies":[{"name":"wp","href":"https:\/\/api.w.org\/{rel}","templated":true}]}}