{"id":12812,"date":"2025-04-22T13:45:21","date_gmt":"2025-04-22T11:45:21","guid":{"rendered":"https:\/\/strangercam.com\/?page_id=12812"},"modified":"2025-04-22T13:45:21","modified_gmt":"2025-04-22T11:45:21","slug":"chatmatch","status":"publish","type":"page","link":"https:\/\/strangercam.com\/es\/chatmatch\/","title":{"rendered":"ChatMatch"},"content":{"rendered":"<p>A medida que <a href=\"https:\/\/strangercam.com\/es\/chathub\/\">chat<\/a> Las plataformas se apresuran a destacar con funciones m\u00e1s inteligentes, dise\u00f1os m\u00e1s limpios y mejores experiencias de usuario. Una plataforma que est\u00e1 empezando a hacerse un nombre por s\u00ed misma es ChatMatch, un servicio web de videochat aleatorio que apuesta por el emparejamiento algor\u00edtmico y la interacci\u00f3n en tiempo real sin renunciar a la sencillez.<\/p>\n<p>Pero, \u00bfes ChatMatch una cara m\u00e1s del mont\u00f3n o aporta algo nuevo? En este an\u00e1lisis en profundidad, te contamos todo lo que necesitas saber sobre ChatMatch: c\u00f3mo funciona, a qui\u00e9n va dirigido, qu\u00e9 ofrece y si merece la pena en el panorama actual de aplicaciones de chat de v\u00eddeo aleatorias.<\/p>\n<h2>\u00bfQu\u00e9 es ChatMatch?<\/h2>\n<p>ChatMatch es una plataforma en l\u00ednea que conecta a desconocidos a trav\u00e9s de videochat, con un giro: en lugar de ser completamente aleatorio como el <a href=\"https:\/\/strangercam.com\/es\/omegle\/\">Omegle<\/a> o <a href=\"https:\/\/strangercam.com\/es\/chatroulette\/\">Chatroulette<\/a>ChatMatch introduce funciones de emparejamiento inteligentes que intentan emparejar a los usuarios en funci\u00f3n de sus intereses comunes, su ubicaci\u00f3n o sus preferencias de g\u00e9nero.<\/p>\n<p>Lanzada a principios de la d\u00e9cada de 2020, ChatMatch ha ido ganando poco a poco una base fiel de usuarios que buscan algo un poco m\u00e1s intencionado que el puro azar. Ofrece una experiencia en la que prima la webcam y est\u00e1 dirigida a personas que quieren establecer contactos reales, ya sea para entablar amistad, flirtear o incluso salir con alguien.<\/p>\n<p>Aunque no es una aplicaci\u00f3n de citas propiamente dicha, ChatMatch se mueve entre el videochat instant\u00e1neo y la b\u00fasqueda de pareja, por lo que es ideal para los usuarios que quieren ir m\u00e1s all\u00e1 de las conversaciones triviales.<\/p>\n<h2>\u00bfCu\u00e1l es el objetivo de ChatMatch?<\/h2>\n<p>El objetivo principal de ChatMatch es crear interacciones m\u00e1s significativas en el mundo del videochat online. A diferencia de las plataformas tradicionales, en las que se empareja a los usuarios de forma totalmente aleatoria -lo que a menudo da lugar a desencuentros o a chats de corta duraci\u00f3n-, ChatMatch trata de ofrecerte m\u00e1s posibilidades de encontrar a alguien con quien realmente te interese hablar.<\/p>\n<p>Est\u00e1 hecho para:<\/p>\n<ul>\n<li>Personas que desean conexiones r\u00e1pidas y en directo con un rostro humano<\/li>\n<li>Usuarios que buscan experiencias semicuradas sin perfiles de citas completos<\/li>\n<li>Individuos cansados de trolls, bots, o puramente orientados a adultos <a href=\"https:\/\/strangercam.com\/es\/bazoocam\/\">leva<\/a> sitios<\/li>\n<li>Cualquier persona dispuesta a socializar, flirtear o salir con alguien.<\/li>\n<\/ul>\n<h2>Caracter\u00edsticas principales<\/h2>\n<p>1. Coincidencia instant\u00e1nea de v\u00eddeos<br \/>\nEl n\u00facleo de ChatMatch es su chat de v\u00eddeo aleatorio, en el que te emparejas con otro usuario al instante. La interfaz es elegante y moderna, con soporte para v\u00eddeo HD y audio claro. A diferencia de otras plataformas, ChatMatch no parece anticuada ni tosca.<\/p>\n<p>2. Coincidencia de preferencias<br \/>\nAqu\u00ed es donde ChatMatch se distingue. Los usuarios pueden seleccionar preferencias basadas en:<\/p>\n<ul>\n<li>Sexo (masculino, femenino o todos)<\/li>\n<li>Regi\u00f3n o lengua<\/li>\n<li>Intereses compartidos (elegidos de una lista de etiquetas o categor\u00edas)<\/li>\n<\/ul>\n<p>Estos filtros no son perfectos, pero ayudan a reducir las coincidencias completamente irrelevantes y a mejorar las conversaciones.<\/p>\n<p>3. Soporte de chat de texto<br \/>\n\u00bfNo est\u00e1 listo para salir en c\u00e1mara de inmediato? No hay problema. ChatMatch incluye una opci\u00f3n de chat de texto integrada que funciona junto con el v\u00eddeo, lo que permite a los usuarios romper el hielo a trav\u00e9s de mensajes antes de comprometerse plenamente cara a cara.<\/p>\n<p>4. Sistema de cuentas y perfiles (opcional)<br \/>\nA diferencia de plataformas como Omegle, ChatMatch te permite crear un perfil de forma opcional. Puedes subir una foto para mostrar, seleccionar intereses e incluso enlazar tu Instagram (si te sientes c\u00f3modo). Crear un perfil es opcional, pero tener uno aumenta tus posibilidades de ser emparejado con usuarios similares.<\/p>\n<p>5. Dise\u00f1o adaptado a dispositivos m\u00f3viles<br \/>\nChatMatch est\u00e1 totalmente optimizado para m\u00f3viles. Se carga r\u00e1pidamente, se adapta a pantallas m\u00e1s peque\u00f1as y mantiene la funcionalidad en la mayor\u00eda de los dispositivos. Aunque todav\u00eda no existe una aplicaci\u00f3n independiente, la experiencia del navegador m\u00f3vil es fluida y accesible.<\/p>\n<p>6. Moderaci\u00f3n de usuarios e informes<br \/>\nLa plataforma cuenta con herramientas de moderaci\u00f3n integradas, como:<\/p>\n<ul>\n<li>Bot\u00f3n de denuncia de conductas inapropiadas<\/li>\n<li>Una funci\u00f3n de bloque<\/li>\n<li>Detecci\u00f3n de desnudos y spam basada en IA<\/li>\n<\/ul>\n<p>Aunque ning\u00fan sistema es perfecto, ChatMatch hace un trabajo mejor que la mayor\u00eda a la hora de mantener un entorno relativamente limpio y respetuoso.<\/p>\n<h2>\u00bfEs gratis ChatMatch?<\/h2>\n<p>ChatMatch ofrece un modelo freemium.<\/p>\n<p>Los usuarios gratuitos pueden:<\/p>\n<ul>\n<li>Participar en chats de v\u00eddeo aleatorios<\/li>\n<li>Establecer preferencias b\u00e1sicas de emparejamiento<\/li>\n<li>Utilice la plataforma sin l\u00edmite de tiempo<\/li>\n<\/ul>\n<p>Los usuarios de pago tienen acceso a:<\/p>\n<ul>\n<li>Coincidencias m\u00e1s precisas (incluidos filtros avanzados por pa\u00eds, idioma o intereses)<\/li>\n<li>Una funci\u00f3n de impulso que te pone al frente de la cola<\/li>\n<li>Experiencia sin anuncios<\/li>\n<li>Insignia premium y mayor visibilidad<\/li>\n<\/ul>\n<p>El plan Premium tiene un precio asequible (normalmente menos de $10\/mes) y, aunque no es necesario para disfrutar de la plataforma, es una buena mejora para los usuarios que quieran mejores partidos y menos interrupciones.<\/p>\n<h2>\u00bfQui\u00e9n utiliza ChatMatch?<\/h2>\n<p>ChatMatch ha atra\u00eddo a una base de usuarios bastante equilibrada e internacional. La plataforma es popular en:<\/p>\n<ul>\n<li>Norteam\u00e9rica<\/li>\n<li>Europa Occidental<\/li>\n<li>Sudeste asi\u00e1tico<\/li>\n<\/ul>\n<p>En t\u00e9rminos demogr\u00e1ficos:<\/p>\n<ul>\n<li>Los usuarios suelen tener entre 18 y 35 a\u00f1os<\/li>\n<li>Una proporci\u00f3n relativamente equilibrada entre hombres y mujeres (mejor que la de muchos competidores).<\/li>\n<li>Muchos usuarios est\u00e1n abiertos a las citas espor\u00e1dicas o al flirteo, mientras que otros simplemente est\u00e1n all\u00ed para charlar.<\/li>\n<\/ul>\n<p>Esta variedad es parte del atractivo de ChatMatch: el sitio consigue ser informal sin parecer s\u00f3rdido, y social sin ser demasiado serio.<\/p>\n<h2>Seguridad y moderaci\u00f3n<\/h2>\n<p>Las plataformas de chat en l\u00ednea son siempre una bolsa de mezcla cuando se trata de la seguridad, pero ChatMatch lo maneja mejor que muchos.<\/p>\n<p>Esto es lo que hace bien:<\/p>\n<ul>\n<li>Filtrado autom\u00e1tico de contenidos para detectar desnudos o contenidos ofensivos<\/li>\n<li>Herramientas de informaci\u00f3n y bloqueo de usuarios que realmente funcionan<\/li>\n<li>Equipo de moderaci\u00f3n activo que revisa a los usuarios marcados<\/li>\n<li>No hay necesidad de compartir informaci\u00f3n personal o conectar cuentas sociales a menos que usted elija<\/li>\n<\/ul>\n<p>Aun as\u00ed, como con cualquier plataforma de chat, los usuarios deben tomar las precauciones habituales:<\/p>\n<ul>\n<li>No compartas datos privados (correo electr\u00f3nico, n\u00famero de tel\u00e9fono, ubicaci\u00f3n)<\/li>\n<li>No haga clic en enlaces sospechosos<\/li>\n<li>Utiliza generosamente las funciones de bloqueo e informe<\/li>\n<li>Si eres menor de edad, evita la plataforma: es estrictamente para mayores de 18 a\u00f1os.<\/li>\n<\/ul>\n<h2>Experiencia de usuario e interfaz<\/h2>\n<p>El dise\u00f1o de ChatMatch es una de sus mejores caracter\u00edsticas. Es elegante, moderno y despejado. Los v\u00eddeos son grandes, los botones intuitivos y los ajustes f\u00e1ciles de encontrar. Tanto si lo usas en el escritorio como en el m\u00f3vil, el dise\u00f1o se adapta bien, centr\u00e1ndose en mantener las cosas libres de distracciones.<\/p>\n<p>Los tiempos de carga son r\u00e1pidos, hay poco retraso incluso en conexiones lentas, y en general, la plataforma se siente estable y construida profesionalmente. No te abruma con ventanas emergentes, notificaciones o anuncios de spam - un cambio refrescante de muchas otras plataformas de chat gratis.<\/p>\n<h2>ChatMatch frente a otras plataformas de chat<\/h2>\n<p>Veamos c\u00f3mo ChatMatch se compara con algunos de sus competidores m\u00e1s populares:<\/p>\n<table>\n<thead>\n<tr>\n<th>Caracter\u00edstica<\/th>\n<th>ChatMatch<\/th>\n<th>Omegle<\/th>\n<th>Chatroulette<\/th>\n<th>Chatspin<\/th>\n<th>Emerald Chat<\/th>\n<\/tr>\n<\/thead>\n<tbody>\n<tr>\n<td>Videochat<\/td>\n<td>S\u00ed<\/td>\n<td>S\u00ed<\/td>\n<td>S\u00ed<\/td>\n<td>S\u00ed<\/td>\n<td>S\u00ed<\/td>\n<\/tr>\n<tr>\n<td>Coincidencia de preferencias<\/td>\n<td>S\u00ed<\/td>\n<td>Limitado<\/td>\n<td>No<\/td>\n<td>S\u00ed<\/td>\n<td>S\u00ed<\/td>\n<\/tr>\n<tr>\n<td>Opci\u00f3n de chat de texto<\/td>\n<td>S\u00ed<\/td>\n<td>S\u00ed<\/td>\n<td>No<\/td>\n<td>S\u00ed<\/td>\n<td>S\u00ed<\/td>\n<\/tr>\n<tr>\n<td>Inscripci\u00f3n obligatoria<\/td>\n<td>Opcional<\/td>\n<td>No<\/td>\n<td>No<\/td>\n<td>Opcional<\/td>\n<td>S\u00ed<\/td>\n<\/tr>\n<tr>\n<td>Optimizado para m\u00f3viles<\/td>\n<td>S\u00ed<\/td>\n<td>Bien<\/td>\n<td>Feria<\/td>\n<td>Excelente<\/td>\n<td>Bien<\/td>\n<\/tr>\n<tr>\n<td>Moderaci\u00f3n<\/td>\n<td>Bien<\/td>\n<td>D\u00e9bil<\/td>\n<td>M\u00ednimo<\/td>\n<td>Moderado<\/td>\n<td>Bien<\/td>\n<\/tr>\n<tr>\n<td>Funciones de pago<\/td>\n<td>Opcional<\/td>\n<td>No<\/td>\n<td>No<\/td>\n<td>S\u00ed<\/td>\n<td>S\u00ed<\/td>\n<\/tr>\n<\/tbody>\n<\/table>\n<p>Como muestra la tabla, ChatMatch equilibra la sencillez de Omegle con la sofisticaci\u00f3n de plataformas como Emerald Chat, ofreciendo una experiencia h\u00edbrida que le da lo mejor de ambos mundos.<\/p>\n<h2>Ventajas e inconvenientes<\/h2>\n<p>Pros<\/p>\n<ul>\n<li>Interfaz limpia y moderna<\/li>\n<li>Los filtros de concordancia mejoran la calidad de la conversaci\u00f3n<\/li>\n<li>Perfiles opcionales sin forzar el registro<\/li>\n<li>Entorno m\u00e1s seguro que la mayor\u00eda de las plataformas de videochat gratuitas<\/li>\n<li>Opciones de chat de texto y v\u00eddeo<\/li>\n<li>Funciona bien en m\u00f3viles y ordenadores de sobremesa<\/li>\n<li>Modelo freemium con valiosas actualizaciones premium<\/li>\n<\/ul>\n<p>Contras<\/p>\n<ul>\n<li>A\u00fan sujeto a contenidos inapropiados ocasionales<\/li>\n<li>Los filtros de g\u00e9nero y la concordancia de intereses no son perfectos<\/li>\n<li>A\u00fan no hay aplicaci\u00f3n m\u00f3vil independiente<\/li>\n<li>Base de usuarios m\u00e1s reducida que Omegle o Chatroulette<\/li>\n<li>No es ideal para citas o relaciones a largo plazo<\/li>\n<\/ul>\n<h2>Casos de uso ideales<\/h2>\n<p>ChatMatch es perfecto para:<\/p>\n<ul>\n<li>Personas que desean chats de v\u00eddeo sociales casuales con mejor emparejamiento que la aleatoriedad total.<\/li>\n<li>Usuarios que buscan un flirteo ligero o una conversaci\u00f3n divertida<\/li>\n<li>Quienes buscan una alternativa m\u00e1s segura y respetuosa a otras plataformas de videochat<\/li>\n<li>Cualquiera que quiera chatear sin crearse un perfil completo ni descargarse una aplicaci\u00f3n.<\/li>\n<\/ul>\n<p>No es ideal para:<\/p>\n<ul>\n<li>Usuarios que esperan relaciones profundas o compatibilidad a nivel de aplicaci\u00f3n de citas<\/li>\n<li>Personas que prefieren chats an\u00f3nimos s\u00f3lo de texto<\/li>\n<li>Los que buscan vol\u00famenes de usuarios masivos como en Omegle<\/li>\n<\/ul>\n<h2>Veredicto final<\/h2>\n<p>ChatMatch es una de las plataformas de videochat m\u00e1s equilibradas y bien dise\u00f1adas que existen. Combina bien la espontaneidad con un sentido de la estructura. Tanto si est\u00e1s all\u00ed para <a href=\"https:\/\/strangercam.com\/es\/coomeet\/\">conozca<\/a> gente nueva, ligar o simplemente hablar con alguien de fuera de tu c\u00edrculo habitual, ofrece una experiencia fluida, segura y agradable.<\/p>\n<p>La posibilidad de utilizar la plataforma de forma gratuita, junto con actualizaciones \u00fatiles (pero opcionales), la hace accesible a todo tipo de usuarios. No pretende ser un sitio de citas ni una aplicaci\u00f3n de redes sociales, y esa claridad de objetivos juega a su favor.<\/p>\n<h2>\u00bfMerece la pena probar ChatMatch?<\/h2>\n<p>Por supuesto. Si te frustra la sensaci\u00f3n de caos y falta de moderaci\u00f3n de las antiguas plataformas de chat, ChatMatch te ofrece una alternativa mejor. Es moderna, est\u00e1 bien construida y te da un poco m\u00e1s de control sobre con qui\u00e9n chateas, sin arruinar la espontaneidad.<\/p>\n<p>Si buscas una forma m\u00e1s inteligente de chatear con desconocidos en Internet, ChatMatch merece un lugar en tu radar.<\/p>","protected":false},"excerpt":{"rendered":"<p>As the online chat space becomes more crowded, platforms are racing to stand out with smarter features, cleaner designs, and better user experiences. One platform that\u2019s starting to make a name for itself is ChatMatch \u2014 a web-based random video chat service that leans into algorithmic matching and real-time interaction without compromising on simplicity. But [&hellip;]<\/p>\n","protected":false},"author":6,"featured_media":0,"parent":0,"menu_order":0,"comment_status":"closed","ping_status":"closed","template":"","meta":{"footnotes":""},"class_list":["post-12812","page","type-page","status-publish","hentry"],"yoast_head":"<!-- This site is optimized with the Yoast SEO plugin v26.9 - https:\/\/yoast.com\/product\/yoast-seo-wordpress\/ -->\n<title>ChatMatch - Live video chat with girls on StrangerCam.com<\/title>\n<meta name=\"description\" content=\"Like ChatMatch? Come chat with more than 5.000.000 strangers on Stranger Cam for Free! Turn on your cam and find new friends &amp; maby a match!\" \/>\n<meta name=\"robots\" content=\"index, follow, max-snippet:-1, max-image-preview:large, max-video-preview:-1\" \/>\n<link rel=\"canonical\" href=\"https:\/\/strangercam.com\/es\/chatmatch\/\" \/>\n<meta property=\"og:locale\" content=\"es_ES\" \/>\n<meta property=\"og:type\" content=\"article\" \/>\n<meta property=\"og:title\" content=\"ChatMatch - Live video chat with girls on StrangerCam.com\" \/>\n<meta property=\"og:description\" content=\"Like ChatMatch? Come chat with more than 5.000.000 strangers on Stranger Cam for Free! Turn on your cam and find new friends &amp; maby a match!\" \/>\n<meta property=\"og:url\" content=\"https:\/\/strangercam.com\/es\/chatmatch\/\" \/>\n<meta property=\"og:site_name\" content=\"Strangercam\" \/>\n<meta property=\"article:publisher\" content=\"https:\/\/www.facebook.com\/strangercam\" \/>\n<meta property=\"og:image\" content=\"https:\/\/strangercam.com\/wp-content\/uploads\/2021\/10\/Untitled-2.png\" \/>\n\t<meta property=\"og:image:width\" content=\"800\" \/>\n\t<meta property=\"og:image:height\" content=\"532\" \/>\n\t<meta property=\"og:image:type\" content=\"image\/png\" \/>\n<meta name=\"twitter:card\" content=\"summary_large_image\" \/>\n<meta name=\"twitter:site\" content=\"@strangercamapp\" \/>\n<meta name=\"twitter:label1\" content=\"Tiempo de lectura\" \/>\n\t<meta name=\"twitter:data1\" content=\"7 minutos\" \/>\n<script type=\"application\/ld+json\" class=\"yoast-schema-graph\">{\"@context\":\"https:\/\/schema.org\",\"@graph\":[{\"@type\":\"WebPage\",\"@id\":\"https:\/\/strangercam.com\/chatmatch\/\",\"url\":\"https:\/\/strangercam.com\/chatmatch\/\",\"name\":\"ChatMatch - Live video chat with girls on StrangerCam.com\",\"isPartOf\":{\"@id\":\"https:\/\/strangercam.com\/#website\"},\"datePublished\":\"2025-04-22T11:45:21+00:00\",\"description\":\"Like ChatMatch? Come chat with more than 5.000.000 strangers on Stranger Cam for Free! Turn on your cam and find new friends & maby a match!\",\"breadcrumb\":{\"@id\":\"https:\/\/strangercam.com\/chatmatch\/#breadcrumb\"},\"inLanguage\":\"es\",\"potentialAction\":[{\"@type\":\"ReadAction\",\"target\":[\"https:\/\/strangercam.com\/chatmatch\/\"]}]},{\"@type\":\"BreadcrumbList\",\"@id\":\"https:\/\/strangercam.com\/chatmatch\/#breadcrumb\",\"itemListElement\":[{\"@type\":\"ListItem\",\"position\":1,\"name\":\"Home\",\"item\":\"https:\/\/strangercam.com\/\"},{\"@type\":\"ListItem\",\"position\":2,\"name\":\"ChatMatch\"}]},{\"@type\":\"WebSite\",\"@id\":\"https:\/\/strangercam.com\/#website\",\"url\":\"https:\/\/strangercam.com\/\",\"name\":\"Strangercam\",\"description\":\"Random Video Chat with Strangers\",\"publisher\":{\"@id\":\"https:\/\/strangercam.com\/#organization\"},\"alternateName\":\"Strangercam.com\",\"potentialAction\":[{\"@type\":\"SearchAction\",\"target\":{\"@type\":\"EntryPoint\",\"urlTemplate\":\"https:\/\/strangercam.com\/?s={search_term_string}\"},\"query-input\":{\"@type\":\"PropertyValueSpecification\",\"valueRequired\":true,\"valueName\":\"search_term_string\"}}],\"inLanguage\":\"es\"},{\"@type\":\"Organization\",\"@id\":\"https:\/\/strangercam.com\/#organization\",\"name\":\"Strangercam\",\"alternateName\":\"Strangercam.com\",\"url\":\"https:\/\/strangercam.com\/\",\"logo\":{\"@type\":\"ImageObject\",\"inLanguage\":\"es\",\"@id\":\"https:\/\/strangercam.com\/#\/schema\/logo\/image\/\",\"url\":\"https:\/\/strangercam.com\/wp-content\/uploads\/2020\/11\/cropped-new-favicon-black.png\",\"contentUrl\":\"https:\/\/strangercam.com\/wp-content\/uploads\/2020\/11\/cropped-new-favicon-black.png\",\"width\":512,\"height\":512,\"caption\":\"Strangercam\"},\"image\":{\"@id\":\"https:\/\/strangercam.com\/#\/schema\/logo\/image\/\"},\"sameAs\":[\"https:\/\/www.facebook.com\/strangercam\",\"https:\/\/x.com\/strangercamapp\"]}]}<\/script>\n<!-- \/ Yoast SEO plugin. -->","yoast_head_json":{"title":"ChatMatch - Videochat en directo con chicas en StrangerCam.com","description":"\u00bfTe gusta ChatMatch? \u00a1Ven a chatear gratis con m\u00e1s de 5.000.000 de desconocidos en Stranger Cam! \u00a1Enciende tu c\u00e1mara y encuentra nuevos amigos y tal vez una pareja!","robots":{"index":"index","follow":"follow","max-snippet":"max-snippet:-1","max-image-preview":"max-image-preview:large","max-video-preview":"max-video-preview:-1"},"canonical":"https:\/\/strangercam.com\/es\/chatmatch\/","og_locale":"es_ES","og_type":"article","og_title":"ChatMatch - Live video chat with girls on StrangerCam.com","og_description":"Like ChatMatch? Come chat with more than 5.000.000 strangers on Stranger Cam for Free! Turn on your cam and find new friends & maby a match!","og_url":"https:\/\/strangercam.com\/es\/chatmatch\/","og_site_name":"Strangercam","article_publisher":"https:\/\/www.facebook.com\/strangercam","og_image":[{"width":800,"height":532,"url":"https:\/\/strangercam.com\/wp-content\/uploads\/2021\/10\/Untitled-2.png","type":"image\/png"}],"twitter_card":"summary_large_image","twitter_site":"@strangercamapp","twitter_misc":{"Tiempo de lectura":"7 minutos"},"schema":{"@context":"https:\/\/schema.org","@graph":[{"@type":"WebPage","@id":"https:\/\/strangercam.com\/chatmatch\/","url":"https:\/\/strangercam.com\/chatmatch\/","name":"ChatMatch - Videochat en directo con chicas en StrangerCam.com","isPartOf":{"@id":"https:\/\/strangercam.com\/#website"},"datePublished":"2025-04-22T11:45:21+00:00","description":"\u00bfTe gusta ChatMatch? \u00a1Ven a chatear gratis con m\u00e1s de 5.000.000 de desconocidos en Stranger Cam! \u00a1Enciende tu c\u00e1mara y encuentra nuevos amigos y tal vez una pareja!","breadcrumb":{"@id":"https:\/\/strangercam.com\/chatmatch\/#breadcrumb"},"inLanguage":"es","potentialAction":[{"@type":"ReadAction","target":["https:\/\/strangercam.com\/chatmatch\/"]}]},{"@type":"BreadcrumbList","@id":"https:\/\/strangercam.com\/chatmatch\/#breadcrumb","itemListElement":[{"@type":"ListItem","position":1,"name":"Home","item":"https:\/\/strangercam.com\/"},{"@type":"ListItem","position":2,"name":"ChatMatch"}]},{"@type":"WebSite","@id":"https:\/\/strangercam.com\/#website","url":"https:\/\/strangercam.com\/","name":"Strangercam","description":"Videochat aleatorio con desconocidos","publisher":{"@id":"https:\/\/strangercam.com\/#organization"},"alternateName":"Strangercam.com","potentialAction":[{"@type":"SearchAction","target":{"@type":"EntryPoint","urlTemplate":"https:\/\/strangercam.com\/?s={search_term_string}"},"query-input":{"@type":"PropertyValueSpecification","valueRequired":true,"valueName":"search_term_string"}}],"inLanguage":"es"},{"@type":"Organization","@id":"https:\/\/strangercam.com\/#organization","name":"Strangercam","alternateName":"Strangercam.com","url":"https:\/\/strangercam.com\/","logo":{"@type":"ImageObject","inLanguage":"es","@id":"https:\/\/strangercam.com\/#\/schema\/logo\/image\/","url":"https:\/\/strangercam.com\/wp-content\/uploads\/2020\/11\/cropped-new-favicon-black.png","contentUrl":"https:\/\/strangercam.com\/wp-content\/uploads\/2020\/11\/cropped-new-favicon-black.png","width":512,"height":512,"caption":"Strangercam"},"image":{"@id":"https:\/\/strangercam.com\/#\/schema\/logo\/image\/"},"sameAs":["https:\/\/www.facebook.com\/strangercam","https:\/\/x.com\/strangercamapp"]}]}},"_links":{"self":[{"href":"https:\/\/strangercam.com\/es\/wp-json\/wp\/v2\/pages\/12812","targetHints":{"allow":["GET"]}}],"collection":[{"href":"https:\/\/strangercam.com\/es\/wp-json\/wp\/v2\/pages"}],"about":[{"href":"https:\/\/strangercam.com\/es\/wp-json\/wp\/v2\/types\/page"}],"author":[{"embeddable":true,"href":"https:\/\/strangercam.com\/es\/wp-json\/wp\/v2\/users\/6"}],"replies":[{"embeddable":true,"href":"https:\/\/strangercam.com\/es\/wp-json\/wp\/v2\/comments?post=12812"}],"version-history":[{"count":2,"href":"https:\/\/strangercam.com\/es\/wp-json\/wp\/v2\/pages\/12812\/revisions"}],"predecessor-version":[{"id":12814,"href":"https:\/\/strangercam.com\/es\/wp-json\/wp\/v2\/pages\/12812\/revisions\/12814"}],"wp:attachment":[{"href":"https:\/\/strangercam.com\/es\/wp-json\/wp\/v2\/media?parent=12812"}],"curies":[{"name":"wp","href":"https:\/\/api.w.org\/{rel}","templated":true}]}}