{"id":12808,"date":"2025-04-22T13:39:13","date_gmt":"2025-04-22T11:39:13","guid":{"rendered":"https:\/\/strangercam.com\/?page_id=12808"},"modified":"2025-04-22T13:39:25","modified_gmt":"2025-04-22T11:39:25","slug":"ifreechat","status":"publish","type":"page","link":"https:\/\/strangercam.com\/es\/ifreechat\/","title":{"rendered":"iFreeChat"},"content":{"rendered":"<p>En un mundo en el que el v\u00eddeo <a href=\"https:\/\/strangercam.com\/es\/chatroulette\/\">chat<\/a> cada vez m\u00e1s pulidas, filtradas y monetizadas, existe una peque\u00f1a pero persistente demanda de algo m\u00e1s crudo y minimalista. Ah\u00ed es donde entra iFreeChat. No es llamativo, no est\u00e1 repleto de funciones de alta tecnolog\u00eda y no te costar\u00e1 ni un c\u00e9ntimo. Pero, \u00bfofrece un valor real? Y lo que es m\u00e1s importante, \u00bfmerece la pena dedicarle tiempo?<\/p>\n<p>En esta revisi\u00f3n ampliada, cubriremos todo lo que necesitas saber sobre iFreeChat: qu\u00e9 es, qui\u00e9n lo usa, c\u00f3mo funciona, si es seguro y c\u00f3mo se compara con la competencia.<\/p>\n<h2>\u00bfQu\u00e9 es iFreeChat?<\/h2>\n<p>iFreeChat es una plataforma de chat en l\u00ednea completamente gratuita que permite a los usuarios entablar conversaciones individuales basadas en texto con desconocidos de todo el mundo. A diferencia de otras plataformas m\u00e1s modernas que ponen el acento en el v\u00eddeo, los filtros o las experiencias de juego, iFreeChat lo mantiene sencillo: chat an\u00f3nimo solo de texto, sin necesidad de iniciar sesi\u00f3n y sin ataduras.<\/p>\n<p>Lanzado a principios de la d\u00e9cada de 2010, iFreeChat ha mantenido en silencio un flujo constante de usuarios, sobre todo gracias a su dise\u00f1o ultraligero, r\u00e1pidos tiempos de carga y acceso sin barreras. Pertenece a la misma clase de plataformas que <a href=\"https:\/\/strangercam.com\/es\/omegle\/\">Omegle<\/a> (antes de la era del v\u00eddeo) y <a href=\"https:\/\/strangercam.com\/es\/chatib\/\">Chatib<\/a>, para quienes prefieren el ambiente de las salas de chat de la vieja escuela a la interacci\u00f3n por webcam.<\/p>\n<h2>\u00bfPara qu\u00e9 sirve iFreeChat?<\/h2>\n<p>El principal objetivo de iFreeChat es facilitar conversaciones espont\u00e1neas y an\u00f3nimas entre desconocidos. Tanto si lo que quieres es matar el tiempo, hacer un nuevo amigo, flirtear con alguien al otro lado del mundo o simplemente disfrutar de un poco de interacci\u00f3n humana sin compromiso, iFreeChat te lo ofrece de la forma m\u00e1s sencilla posible.<\/p>\n<p>No se trata de una plataforma para relaciones duraderas, perfiles de citas o personajes curados en las redes sociales. Es para conversaciones casuales en tiempo real, nada m\u00e1s. Su atractivo reside en la posibilidad de entablar una conversaci\u00f3n sin necesidad de iniciar sesi\u00f3n, registrarse o navegar por anuncios y muros de pago.<\/p>\n<h2>Caracter\u00edsticas principales<\/h2>\n<p>Aunque iFreeChat es intencionadamente ligero en funciones, esto es lo que ofrece:<\/p>\n<p>1. Chat an\u00f3nimo instant\u00e1neo<br \/>\nEn cuanto entres en la p\u00e1gina de inicio, estar\u00e1s a un solo clic de chatear con un desconocido. No es necesario registrarse, ni crear una cuenta, ni verificar el correo electr\u00f3nico. S\u00f3lo tienes que hacer clic en \u201cEmpezar a chatear\u201d y se te emparejar\u00e1 con otro usuario en tiempo real.<\/p>\n<p>2. S\u00f3lo chat de texto<br \/>\nA diferencia de muchos competidores modernos, iFreeChat no admite chat de v\u00eddeo o audio. Toda la comunicaci\u00f3n se realiza mediante texto plano. Esto tiene ventajas (m\u00e1s anonimato, menos presi\u00f3n para dar la cara) e inconvenientes (menos conexi\u00f3n personal, m\u00e1s posibilidades de que aparezcan trolls).<\/p>\n<p>3. Salas de chat tem\u00e1ticas (limitadas)<br \/>\nAdem\u00e1s de los chats individuales, iFreeChat ofrece algunas salas de chat p\u00fablicas clasificadas por temas como \u201cRandom\u201d, \u201cTeen Chat\u201d, \u201cFlirt\u201d, \u201cAdult\u201d e \u201cInternational\u201d. Estas salas se parecen m\u00e1s a los cl\u00e1sicos tablones de mensajes estilo IRC que a las modernas salas de chat en grupo. Son muy b\u00e1sicas, pero dan a los usuarios la opci\u00f3n de participar en discusiones de grupo.<\/p>\n<p>4. Sin filtros ni preferencias de coincidencia<br \/>\nNo hay filtros de g\u00e9nero, ubicaci\u00f3n o intereses. Todo es aleatorio. Si buscas hablar con un tipo espec\u00edfico de persona, esta no es la plataforma para ello. El atractivo est\u00e1 en la imprevisibilidad.<\/p>\n<p>5. Compatible con m\u00f3viles y ordenadores de sobremesa<br \/>\niFreeChat funciona razonablemente bien en dispositivos m\u00f3viles a trav\u00e9s del navegador, aunque la experiencia de usuario es mejor en ordenadores de sobremesa. No existe una aplicaci\u00f3n m\u00f3vil espec\u00edfica.<\/p>\n<p>6. No requiere descarga<br \/>\nComo est\u00e1 basado en web, no necesitas instalar nada. Esto hace que iFreeChat sea muy accesible, especialmente para usuarios de ordenadores p\u00fablicos o compartidos.<\/p>\n<h2>\u00bfEs gratis iFreeChat?<\/h2>\n<p>S\u00ed, iFreeChat es 100% de uso gratuito. No hay cargos ocultos, actualizaciones o membres\u00edas. Ni siquiera tiene que registrarse. El sitio se monetiza ligeramente a trav\u00e9s de anuncios, que no son intrusivos y no interfieren con la experiencia de chat. Dicho esto, la ausencia de monetizaci\u00f3n tambi\u00e9n conlleva algunas limitaciones, sobre todo en lo que respecta a las funciones de moderaci\u00f3n y seguridad.<\/p>\n<h2>\u00bfQui\u00e9n utiliza iFreeChat?<\/h2>\n<p>La base de usuarios de iFreeChat es muy diversa. Seg\u00fan nuestras observaciones, la mayor\u00eda de los usuarios pertenecen a las siguientes categor\u00edas:<\/p>\n<ul>\n<li>Adolescentes y adultos j\u00f3venes de 15 a 30 a\u00f1os<\/li>\n<li>Personas que buscan ligar o compa\u00f1\u00eda en l\u00ednea<\/li>\n<li>Usuarios de regiones con acceso limitado a aplicaciones de chat modernas<\/li>\n<li>Aficionados al chat an\u00f3nimo de la vieja escuela<\/li>\n<li>Usuarios t\u00edmidos o preocupados por la privacidad que prefieren no utilizar v\u00eddeo<\/li>\n<\/ul>\n<p>Geogr\u00e1ficamente, los usuarios proceden de todo el mundo, con una fuerte representaci\u00f3n de Estados Unidos, India, Reino Unido y partes de Europa y el sudeste asi\u00e1tico. Como no hay perfiles de usuario ni inicio de sesi\u00f3n, es dif\u00edcil obtener datos demogr\u00e1ficos precisos, pero el p\u00fablico tiende a ser bastante internacional y ligeramente masculino, sobre todo en el modo de chat privado.<\/p>\n<h2>Seguridad y privacidad<\/h2>\n<p>Aqu\u00ed es donde las cosas se ponen m\u00e1s serias. El mayor inconveniente de iFreeChat es su falta de moderaci\u00f3n. Como no hay registro, tampoco hay responsabilidad, lo que puede llevar a contenidos inapropiados, trolling y, a veces, comportamientos ofensivos. Hay algunas directrices b\u00e1sicas y un bot\u00f3n de \"Denunciar usuario\", pero no parece que se apliquen o controlen demasiado.<\/p>\n<p>Para los usuarios que valoran la privacidad y el anonimato, esto puede ser tanto una ventaja como un inconveniente. Por un lado, no se cede ninguna informaci\u00f3n personal. Por otro, puedes encontrarte con personas que abusen del anonimato para tener un comportamiento negativo.<\/p>\n<p>Estos son algunos consejos de seguridad para utilizar iFreeChat:<\/p>\n<ul>\n<li>No comparta nunca informaci\u00f3n personal<\/li>\n<li>Evite hacer clic en enlaces enviados por otros usuarios<\/li>\n<li>Utiliza una VPN si te preocupa el rastreo de IP<\/li>\n<li>Prep\u00e1rate para salir r\u00e1pidamente si la conversaci\u00f3n se vuelve inapropiada.<\/li>\n<\/ul>\n<h2>Experiencia de usuario y dise\u00f1o<\/h2>\n<p>iFreeChat es extremadamente ligero. El dise\u00f1o es b\u00e1sico: sin elementos modernos de interfaz de usuario, sin avatares, sin animaciones de carga. La interfaz consiste en un chatbox, algunos botones b\u00e1sicos y nada m\u00e1s. Esto ayuda a que se cargue muy r\u00e1pido, incluso en conexiones lentas, y es sorprendentemente estable a pesar de su simplicidad.<\/p>\n<p>Aunque el dise\u00f1o minimalista tiene su encanto, algunos usuarios pueden encontrarlo demasiado anticuado o poco atractivo, especialmente en comparaci\u00f3n con plataformas visualmente pulidas como Chatspin o <a href=\"https:\/\/strangercam.com\/es\/emerald-chat\/\">Esmeralda<\/a> Chat. Aun as\u00ed, para los usuarios que valoran la rapidez y la sencillez, cumple su cometido sin distracciones.<\/p>\n<h2>iFreeChat frente a otras plataformas de chat<\/h2>\n<p>Para entender d\u00f3nde encaja iFreeChat en el ecosistema de las plataformas de chat en l\u00ednea, he aqu\u00ed una r\u00e1pida comparaci\u00f3n con algunas alternativas populares:<\/p>\n<table>\n<thead>\n<tr>\n<th>Caracter\u00edstica<\/th>\n<th>iFreeChat<\/th>\n<th>Omegle<\/th>\n<th>Chatib<\/th>\n<th>Chatrandom<\/th>\n<th>Emerald Chat<\/th>\n<\/tr>\n<\/thead>\n<tbody>\n<tr>\n<td>Chat de texto<\/td>\n<td>S\u00ed<\/td>\n<td>S\u00ed<\/td>\n<td>S\u00ed<\/td>\n<td>S\u00ed<\/td>\n<td>S\u00ed<\/td>\n<\/tr>\n<tr>\n<td><a href=\"https:\/\/strangercam.com\/es\/coomeet\/\">Videochat<\/a><\/td>\n<td>No<\/td>\n<td>S\u00ed<\/td>\n<td>No<\/td>\n<td>S\u00ed<\/td>\n<td>S\u00ed<\/td>\n<\/tr>\n<tr>\n<td>Uso an\u00f3nimo<\/td>\n<td>S\u00ed<\/td>\n<td>S\u00ed<\/td>\n<td>S\u00ed<\/td>\n<td>S\u00ed<\/td>\n<td>Opcional<\/td>\n<\/tr>\n<tr>\n<td>Filtro de g\u00e9nero<\/td>\n<td>No<\/td>\n<td>Pagado<\/td>\n<td>No<\/td>\n<td>Pagado<\/td>\n<td>S\u00ed<\/td>\n<\/tr>\n<tr>\n<td>Salas de chat tem\u00e1ticas<\/td>\n<td>Limitado<\/td>\n<td>No<\/td>\n<td>S\u00ed<\/td>\n<td>No<\/td>\n<td>No<\/td>\n<\/tr>\n<tr>\n<td>Moderaci\u00f3n<\/td>\n<td>M\u00ednimo<\/td>\n<td>M\u00ednimo<\/td>\n<td>M\u00ednimo<\/td>\n<td>Moderado<\/td>\n<td>Bien<\/td>\n<\/tr>\n<tr>\n<td>Asistencia m\u00f3vil<\/td>\n<td>Vale<\/td>\n<td>Bien<\/td>\n<td>Vale<\/td>\n<td>Bien<\/td>\n<td>Bien<\/td>\n<\/tr>\n<tr>\n<td>Inscripci\u00f3n obligatoria<\/td>\n<td>No<\/td>\n<td>No<\/td>\n<td>No<\/td>\n<td>No<\/td>\n<td>S\u00ed<\/td>\n<\/tr>\n<\/tbody>\n<\/table>\n<p>El iFreeChat no compite en prestaciones, pero s\u00ed en lo que se refiere a chat puro, r\u00e1pido y an\u00f3nimo.<\/p>\n<h2>Ventajas e inconvenientes<\/h2>\n<p>Pros:<\/p>\n<ul>\n<li>Totalmente gratuito y an\u00f3nimo<\/li>\n<li>No es necesario registrarse ni instalar nada<\/li>\n<li>Acceso instant\u00e1neo al chat individual o en grupo<\/li>\n<li>Carga r\u00e1pida, incluso en redes lentas<\/li>\n<li>Funciona tanto en ordenadores de sobremesa como en m\u00f3viles<\/li>\n<\/ul>\n<p>Contras:<\/p>\n<ul>\n<li>Interfaz de usuario anticuada<\/li>\n<li>Sin opciones de v\u00eddeo o audio<\/li>\n<li>Sin controles de filtrado ni de concordancia<\/li>\n<li>Moderaci\u00f3n m\u00ednima y posibilidad de contenidos inapropiados<\/li>\n<li>Actividad limitada de la sala tem\u00e1tica<\/li>\n<li>Puede parecer repetitivo o aleatorio con el tiempo<\/li>\n<\/ul>\n<h2>Casos de uso ideales<\/h2>\n<p>iFreeChat es el m\u00e1s adecuado para:<\/p>\n<ul>\n<li>Usuarios que prefieren interactuar s\u00f3lo con texto<\/li>\n<li>Personas que buscan chatear sin compartir informaci\u00f3n personal<\/li>\n<li>Interacci\u00f3n social ocasional y a corto plazo<\/li>\n<li>Usuarios mayores que disfrutaron de los primeros chats de Internet y desean una experiencia nost\u00e1lgica.<\/li>\n<\/ul>\n<p>No es ideal para:<\/p>\n<ul>\n<li>Los que buscan videoconferencias o formatos m\u00e1s atractivos<\/li>\n<li>Usuarios que desean funciones de citas o algoritmos de emparejamiento<\/li>\n<li>Personas que buscan un espacio comunitario curado o seguro<\/li>\n<\/ul>\n<h2>Veredicto final<\/h2>\n<p>iFreeChat es un retroceso a una era m\u00e1s sencilla de Internet, en la que chatear con desconocidos significaba sumergirse directamente en conversaciones de texto sin filtros, sin perfiles y sin obligaciones. Esa sencillez es su mayor virtud, pero tambi\u00e9n su mayor debilidad.<\/p>\n<p>Si buscas algo pulido, social y orientado a la comunidad, hay mejores opciones. Pero si valoras la velocidad, el anonimato y no te importan algunas asperezas, iFreeChat todav\u00eda tiene un lugar en el mundo del chat online.<\/p>\n<p>Para los usuarios que a\u00f1oran los viejos tiempos de las conversaciones al estilo IRC o que simplemente buscan matar unos minutos chateando de forma an\u00f3nima, es una herramienta fiable (aunque b\u00e1sica) que a\u00fan resiste en la era de las aplicaciones que dan prioridad al v\u00eddeo.<\/p>\n<h2>Consejos para una mejor experiencia<\/h2>\n<ul>\n<li>Utilice el escritorio para un dise\u00f1o m\u00e1s estable y f\u00e1cil de usar<\/li>\n<li>Pruebe las sesiones nocturnas para los usuarios m\u00e1s activos<\/li>\n<li>No esperes conexiones profundas o duraderas, es m\u00e1s para divertirse y mantener una conversaci\u00f3n informal.<\/li>\n<li>Mantener bajas las expectativas de moderaci\u00f3n o seguridad<\/li>\n<\/ul>\n<h2>\u00bfMerece la pena iFreeChat?<\/h2>\n<p>En resumen: s\u00ed, si buscas sencillez y anonimato. Pero no, si buscas una plataforma de chat m\u00e1s avanzada, segura o con m\u00e1s funciones. Todo depende del tipo de experiencia de chat online que busques.<\/p>","protected":false},"excerpt":{"rendered":"<p>In a world where video chat apps are becoming increasingly polished, filtered, and monetized, there\u2019s a small but persistent demand for something more raw and minimalist. That\u2019s where iFreeChat comes in. It\u2019s not flashy, it\u2019s not packed with high-tech features, and it won\u2019t cost you a cent. But does it offer real value? And more [&hellip;]<\/p>\n","protected":false},"author":6,"featured_media":0,"parent":0,"menu_order":0,"comment_status":"closed","ping_status":"closed","template":"","meta":{"footnotes":""},"class_list":["post-12808","page","type-page","status-publish","hentry"],"yoast_head":"<!-- This site is optimized with the Yoast SEO plugin v27.4 - https:\/\/yoast.com\/product\/yoast-seo-wordpress\/ -->\n<title>iFreeChat - Live video chat with girls on StrangerCam.com<\/title>\n<meta name=\"description\" content=\"Like iFreeChat? Come chat with more than 5.000.000 strangers on Stranger Cam for Free! Turn on your cam and find new friends &amp; maby a match!\" \/>\n<meta name=\"robots\" content=\"index, follow, max-snippet:-1, max-image-preview:large, max-video-preview:-1\" \/>\n<link rel=\"canonical\" href=\"https:\/\/strangercam.com\/es\/ifreechat\/\" \/>\n<meta property=\"og:locale\" content=\"es_ES\" \/>\n<meta property=\"og:type\" content=\"article\" \/>\n<meta property=\"og:title\" content=\"iFreeChat - Live video chat with girls on StrangerCam.com\" \/>\n<meta property=\"og:description\" content=\"Like iFreeChat? Come chat with more than 5.000.000 strangers on Stranger Cam for Free! Turn on your cam and find new friends &amp; maby a match!\" \/>\n<meta property=\"og:url\" content=\"https:\/\/strangercam.com\/es\/ifreechat\/\" \/>\n<meta property=\"og:site_name\" content=\"Strangercam\" \/>\n<meta property=\"article:publisher\" content=\"https:\/\/www.facebook.com\/strangercam\" \/>\n<meta property=\"article:modified_time\" content=\"2025-04-22T11:39:25+00:00\" \/>\n<meta property=\"og:image\" content=\"https:\/\/strangercam.com\/wp-content\/uploads\/2021\/10\/Untitled-2.png\" \/>\n\t<meta property=\"og:image:width\" content=\"800\" \/>\n\t<meta property=\"og:image:height\" content=\"532\" \/>\n\t<meta property=\"og:image:type\" content=\"image\/png\" \/>\n<meta name=\"twitter:card\" content=\"summary_large_image\" \/>\n<meta name=\"twitter:site\" content=\"@strangercamapp\" \/>\n<meta name=\"twitter:label1\" content=\"Tiempo de lectura\" \/>\n\t<meta name=\"twitter:data1\" content=\"7 minutos\" \/>\n<script type=\"application\/ld+json\" class=\"yoast-schema-graph\">{\"@context\":\"https:\\\/\\\/schema.org\",\"@graph\":[{\"@type\":\"WebPage\",\"@id\":\"https:\\\/\\\/strangercam.com\\\/ifreechat\\\/\",\"url\":\"https:\\\/\\\/strangercam.com\\\/ifreechat\\\/\",\"name\":\"iFreeChat - Live video chat with girls on StrangerCam.com\",\"isPartOf\":{\"@id\":\"https:\\\/\\\/strangercam.com\\\/#website\"},\"datePublished\":\"2025-04-22T11:39:13+00:00\",\"dateModified\":\"2025-04-22T11:39:25+00:00\",\"description\":\"Like iFreeChat? Come chat with more than 5.000.000 strangers on Stranger Cam for Free! Turn on your cam and find new friends & maby a match!\",\"breadcrumb\":{\"@id\":\"https:\\\/\\\/strangercam.com\\\/ifreechat\\\/#breadcrumb\"},\"inLanguage\":\"es\",\"potentialAction\":[{\"@type\":\"ReadAction\",\"target\":[\"https:\\\/\\\/strangercam.com\\\/ifreechat\\\/\"]}]},{\"@type\":\"BreadcrumbList\",\"@id\":\"https:\\\/\\\/strangercam.com\\\/ifreechat\\\/#breadcrumb\",\"itemListElement\":[{\"@type\":\"ListItem\",\"position\":1,\"name\":\"Home\",\"item\":\"https:\\\/\\\/strangercam.com\\\/\"},{\"@type\":\"ListItem\",\"position\":2,\"name\":\"iFreeChat\"}]},{\"@type\":\"WebSite\",\"@id\":\"https:\\\/\\\/strangercam.com\\\/#website\",\"url\":\"https:\\\/\\\/strangercam.com\\\/\",\"name\":\"Strangercam\",\"description\":\"Random Video Chat with Strangers\",\"publisher\":{\"@id\":\"https:\\\/\\\/strangercam.com\\\/#organization\"},\"alternateName\":\"Strangercam.com\",\"potentialAction\":[{\"@type\":\"SearchAction\",\"target\":{\"@type\":\"EntryPoint\",\"urlTemplate\":\"https:\\\/\\\/strangercam.com\\\/?s={search_term_string}\"},\"query-input\":{\"@type\":\"PropertyValueSpecification\",\"valueRequired\":true,\"valueName\":\"search_term_string\"}}],\"inLanguage\":\"es\"},{\"@type\":\"Organization\",\"@id\":\"https:\\\/\\\/strangercam.com\\\/#organization\",\"name\":\"Strangercam\",\"alternateName\":\"Strangercam.com\",\"url\":\"https:\\\/\\\/strangercam.com\\\/\",\"logo\":{\"@type\":\"ImageObject\",\"inLanguage\":\"es\",\"@id\":\"https:\\\/\\\/strangercam.com\\\/#\\\/schema\\\/logo\\\/image\\\/\",\"url\":\"https:\\\/\\\/strangercam.com\\\/wp-content\\\/uploads\\\/2020\\\/11\\\/cropped-new-favicon-black.png\",\"contentUrl\":\"https:\\\/\\\/strangercam.com\\\/wp-content\\\/uploads\\\/2020\\\/11\\\/cropped-new-favicon-black.png\",\"width\":512,\"height\":512,\"caption\":\"Strangercam\"},\"image\":{\"@id\":\"https:\\\/\\\/strangercam.com\\\/#\\\/schema\\\/logo\\\/image\\\/\"},\"sameAs\":[\"https:\\\/\\\/www.facebook.com\\\/strangercam\",\"https:\\\/\\\/x.com\\\/strangercamapp\"]}]}<\/script>\n<!-- \/ Yoast SEO plugin. -->","yoast_head_json":{"title":"iFreeChat - Videochat en directo con chicas en StrangerCam.com","description":"\u00bfTe gusta iFreeChat? \u00a1Ven a chatear gratis con m\u00e1s de 5.000.000 de desconocidos en Stranger Cam! \u00a1Enciende tu c\u00e1mara y encuentra nuevos amigos y tal vez una pareja!","robots":{"index":"index","follow":"follow","max-snippet":"max-snippet:-1","max-image-preview":"max-image-preview:large","max-video-preview":"max-video-preview:-1"},"canonical":"https:\/\/strangercam.com\/es\/ifreechat\/","og_locale":"es_ES","og_type":"article","og_title":"iFreeChat - Live video chat with girls on StrangerCam.com","og_description":"Like iFreeChat? Come chat with more than 5.000.000 strangers on Stranger Cam for Free! Turn on your cam and find new friends & maby a match!","og_url":"https:\/\/strangercam.com\/es\/ifreechat\/","og_site_name":"Strangercam","article_publisher":"https:\/\/www.facebook.com\/strangercam","article_modified_time":"2025-04-22T11:39:25+00:00","og_image":[{"width":800,"height":532,"url":"https:\/\/strangercam.com\/wp-content\/uploads\/2021\/10\/Untitled-2.png","type":"image\/png"}],"twitter_card":"summary_large_image","twitter_site":"@strangercamapp","twitter_misc":{"Tiempo de lectura":"7 minutos"},"schema":{"@context":"https:\/\/schema.org","@graph":[{"@type":"WebPage","@id":"https:\/\/strangercam.com\/ifreechat\/","url":"https:\/\/strangercam.com\/ifreechat\/","name":"iFreeChat - Videochat en directo con chicas en StrangerCam.com","isPartOf":{"@id":"https:\/\/strangercam.com\/#website"},"datePublished":"2025-04-22T11:39:13+00:00","dateModified":"2025-04-22T11:39:25+00:00","description":"\u00bfTe gusta iFreeChat? \u00a1Ven a chatear gratis con m\u00e1s de 5.000.000 de desconocidos en Stranger Cam! \u00a1Enciende tu c\u00e1mara y encuentra nuevos amigos y tal vez una pareja!","breadcrumb":{"@id":"https:\/\/strangercam.com\/ifreechat\/#breadcrumb"},"inLanguage":"es","potentialAction":[{"@type":"ReadAction","target":["https:\/\/strangercam.com\/ifreechat\/"]}]},{"@type":"BreadcrumbList","@id":"https:\/\/strangercam.com\/ifreechat\/#breadcrumb","itemListElement":[{"@type":"ListItem","position":1,"name":"Home","item":"https:\/\/strangercam.com\/"},{"@type":"ListItem","position":2,"name":"iFreeChat"}]},{"@type":"WebSite","@id":"https:\/\/strangercam.com\/#website","url":"https:\/\/strangercam.com\/","name":"Strangercam","description":"Videochat aleatorio con desconocidos","publisher":{"@id":"https:\/\/strangercam.com\/#organization"},"alternateName":"Strangercam.com","potentialAction":[{"@type":"SearchAction","target":{"@type":"EntryPoint","urlTemplate":"https:\/\/strangercam.com\/?s={search_term_string}"},"query-input":{"@type":"PropertyValueSpecification","valueRequired":true,"valueName":"search_term_string"}}],"inLanguage":"es"},{"@type":"Organization","@id":"https:\/\/strangercam.com\/#organization","name":"Strangercam","alternateName":"Strangercam.com","url":"https:\/\/strangercam.com\/","logo":{"@type":"ImageObject","inLanguage":"es","@id":"https:\/\/strangercam.com\/#\/schema\/logo\/image\/","url":"https:\/\/strangercam.com\/wp-content\/uploads\/2020\/11\/cropped-new-favicon-black.png","contentUrl":"https:\/\/strangercam.com\/wp-content\/uploads\/2020\/11\/cropped-new-favicon-black.png","width":512,"height":512,"caption":"Strangercam"},"image":{"@id":"https:\/\/strangercam.com\/#\/schema\/logo\/image\/"},"sameAs":["https:\/\/www.facebook.com\/strangercam","https:\/\/x.com\/strangercamapp"]}]}},"_links":{"self":[{"href":"https:\/\/strangercam.com\/es\/wp-json\/wp\/v2\/pages\/12808","targetHints":{"allow":["GET"]}}],"collection":[{"href":"https:\/\/strangercam.com\/es\/wp-json\/wp\/v2\/pages"}],"about":[{"href":"https:\/\/strangercam.com\/es\/wp-json\/wp\/v2\/types\/page"}],"author":[{"embeddable":true,"href":"https:\/\/strangercam.com\/es\/wp-json\/wp\/v2\/users\/6"}],"replies":[{"embeddable":true,"href":"https:\/\/strangercam.com\/es\/wp-json\/wp\/v2\/comments?post=12808"}],"version-history":[{"count":1,"href":"https:\/\/strangercam.com\/es\/wp-json\/wp\/v2\/pages\/12808\/revisions"}],"predecessor-version":[{"id":12811,"href":"https:\/\/strangercam.com\/es\/wp-json\/wp\/v2\/pages\/12808\/revisions\/12811"}],"wp:attachment":[{"href":"https:\/\/strangercam.com\/es\/wp-json\/wp\/v2\/media?parent=12808"}],"curies":[{"name":"wp","href":"https:\/\/api.w.org\/{rel}","templated":true}]}}