{"id":12702,"date":"2025-02-07T13:19:12","date_gmt":"2025-02-07T11:19:12","guid":{"rendered":"https:\/\/strangercam.com\/?page_id=12702"},"modified":"2025-02-07T13:21:09","modified_gmt":"2025-02-07T11:21:09","slug":"chattijd","status":"publish","type":"page","link":"https:\/\/strangercam.com\/es\/chattijd\/","title":{"rendered":"Chattijd"},"content":{"rendered":"<p>En el vertiginoso mundo de la comunicaci\u00f3n en l\u00ednea, Chattijd se ha establecido r\u00e1pidamente como una plataforma animada y atractiva que conecta a personas de todos los rincones del planeta. Tanto si lo que buscas es una conversaci\u00f3n casual, amistades significativas o entretenimiento interactivo, esta plataforma con sede en Holanda ofrece una gran variedad de oportunidades para conectar con personas afines.<\/p>\n<p>Acomp\u00e1\u00f1anos a sumergirnos en el mundo de Chattijd, explorando sus caracter\u00edsticas, ventajas y lo que lo convierte en el favorito de quienes aprecian las conversaciones din\u00e1micas en tiempo real. Aqu\u00ed, cada <a href=\"https:\/\/strangercam.com\/es\/chatroulette\/\">chat<\/a> puede conducir a un nuevo descubrimiento, lo que la convierte en algo m\u00e1s que otra plataforma en l\u00ednea: es una comunidad global construida sobre conexiones genuinas e interacciones emocionantes.<\/p>\n<h2>\u00bfQu\u00e9 es Chattijd?<\/h2>\n<p>Al navegar por el universo en constante expansi\u00f3n de las plataformas de chat en l\u00ednea, Chattijd se destaca como un lugar fresco y emocionante para <a href=\"https:\/\/strangercam.com\/es\/coomeet\/\">conozca<\/a> e interactuar con gente nueva. A diferencia de los servicios de mensajer\u00eda tradicionales, Chattijd pone especial \u00e9nfasis en crear conexiones aut\u00e9nticas, garantizando que cada conversaci\u00f3n tenga sentido y resulte atractiva.<\/p>\n<p>En esencia, Chattijd pretende ser algo m\u00e1s que un portal de chat. Es una red social <a href=\"https:\/\/strangercam.com\/es\/chathub\/\">cubo<\/a> donde las amistades pueden florecer y cada interacci\u00f3n tiene el potencial de convertirse en una experiencia memorable. La plataforma integra funciones de vanguardia -desde chat instant\u00e1neo en directo hasta divertidos elementos interactivos- que hacen que la conversaci\u00f3n sea fluida y agradable.<\/p>\n<ul>\n<li>Opciones de chat en directo: Conecta al instante con usuarios de todo el mundo.<\/li>\n<li>Perfiles personalizables: Expr\u00e9sate adaptando tu perfil para que refleje tu personalidad y tus intereses.<\/li>\n<li>Actividades interactivas: Participe en juegos y concursos l\u00fadicos que entablen conversaci\u00f3n y le ayuden a romper el hielo.<\/li>\n<\/ul>\n<p>Lo que realmente distingue a Chattijd es su compromiso de fomentar un entorno seguro e inclusivo. El equipo de Chattijd invierte mucho en tecnolog\u00edas seguras y pr\u00e1cticas de moderaci\u00f3n para garantizar que la seguridad en l\u00ednea de todos los usuarios sea una prioridad absoluta. Esta dedicaci\u00f3n a ofrecer un entorno <a href=\"https:\/\/strangercam.com\/es\/mocospace\/\">espacio<\/a> ha impulsado a Chattijd a la vanguardia de los servicios de chat en l\u00ednea en los Pa\u00edses Bajos y m\u00e1s all\u00e1.<\/p>\n<p>A medida que exploras la plataforma, se hace evidente que Chattijd fue dise\u00f1ada para revolucionar la forma en que la gente se comunica en l\u00ednea. Al combinar el descubrimiento social con el entretenimiento interactivo, reconfigura nuestro concepto del chat en l\u00ednea, convirtiendo simples conversaciones en oportunidades para aprender, crecer y forjar conexiones genuinas con personas de todos los \u00e1mbitos de la vida.<\/p>\n<h2>\u00bfEs gratis Chattijd?<\/h2>\n<p>Una de las preguntas m\u00e1s habituales sobre cualquier servicio de chat en l\u00ednea es si es gratuito. Chattijd ofrece flexibilidad proporcionando opciones gratuitas y premium para adaptarse a las diferentes preferencias y presupuestos de los usuarios.<\/p>\n<ul>\n<li>Afiliaci\u00f3n gratuita:\n<ul>\n<li>Enviar y recibir mensajes<\/li>\n<li>Participar en salas de chat p\u00fablicas<\/li>\n<li>Examinar los perfiles de los usuarios<\/li>\n<\/ul>\n<p>Con una cuenta gratuita, tendr\u00e1s acceso a las funciones esenciales que hacen de Chattijd una comunidad tan atractiva. Es una forma estupenda de explorar la plataforma sin ning\u00fan compromiso econ\u00f3mico.<\/li>\n<li>Afiliaci\u00f3n Premium:<br \/>\nPara los usuarios que buscan una experiencia a\u00fan m\u00e1s enriquecedora, la suscripci\u00f3n premium de Chattijd desbloquea funciones y ventajas avanzadas:<\/p>\n<ul>\n<li>Acceso ilimitado a todas las salas de chat<\/li>\n<li>Filtros de b\u00fasqueda avanzada<\/li>\n<li>Una experiencia sin anuncios<\/li>\n<li>Atenci\u00f3n al cliente prioritaria<\/li>\n<\/ul>\n<\/li>\n<\/ul>\n<p>A continuaci\u00f3n se ofrece un breve resumen de los costes de afiliaci\u00f3n:<\/p>\n<table>\n<thead>\n<tr>\n<th>Afiliaci\u00f3n<\/th>\n<th>Coste mensual<\/th>\n<th>Coste anual<\/th>\n<\/tr>\n<\/thead>\n<tbody>\n<tr>\n<td>Gratis<\/td>\n<td>$0<\/td>\n<td>$0<\/td>\n<\/tr>\n<tr>\n<td>Premium<\/td>\n<td>$9.99<\/td>\n<td>$99.90<\/td>\n<\/tr>\n<\/tbody>\n<\/table>\n<p>Tanto si opta por el plan gratuito como si decide ampliarlo para obtener funciones adicionales, Chattijd mantiene el mismo objetivo principal: ofrecer un entorno animado y seguro en el que pueda conectarse con otras personas, compartir experiencias y divertirse.<\/p>\n<h2>C\u00f3mo utilizar Chattijd<\/h2>\n<p>Utilizar Chattijd es muy sencillo, por lo que cualquiera puede empezar a chatear de inmediato. Aqu\u00ed tienes una gu\u00eda paso a paso para empezar:<\/p>\n<ol>\n<li>Cree su perfil<br \/>\nEmpieza por registrarte para obtener una cuenta gratuita. Personaliza tu perfil con un nombre de usuario, una foto y una breve descripci\u00f3n. Resalta tus intereses para destacar y facilitar que usuarios afines te encuentren.<\/li>\n<li>Explorar salas de chat<br \/>\nChattijd alberga varias salas de chat p\u00fablicas. En ellas se tratan diferentes temas e intereses, desde m\u00fasica y juegos hasta viajes y charlas informales. Entrar en estas salas puede ser una buena forma de descubrir gente nueva y entablar conversaciones interesantes.<\/li>\n<li>Chats privados y mensajes directos<br \/>\nSi prefieres las conversaciones m\u00e1s personalizadas, Chattijd tambi\u00e9n ofrece mensajer\u00eda directa. Utiliza la funci\u00f3n de b\u00fasqueda para encontrar usuarios que compartan tus intereses o simplemente inicia una conversaci\u00f3n privada con alguien que te llame la atenci\u00f3n en las salas p\u00fablicas.<\/li>\n<li>Funciones interactivas<br \/>\nAproveche los juegos interactivos, los cuestionarios y otras funciones divertidas para romper el hielo. Estas actividades pueden transformar una conversaci\u00f3n est\u00e1ndar en una experiencia compartida memorable, ayud\u00e1ndole a conectar de forma m\u00e1s natural.<\/li>\n<li>Cambiar a Premium (opcional)<br \/>\nSi te apetecen m\u00e1s funciones, como filtros de b\u00fasqueda avanzados, navegaci\u00f3n sin anuncios y asistencia prioritaria, plant\u00e9ate una suscripci\u00f3n Premium. Esto te permitir\u00e1 aprovechar todo el potencial de Chattijd y disfrutar de una experiencia de chat a\u00fan m\u00e1s fluida y personalizada.<\/li>\n<\/ol>\n<h2>\u00bfPara qu\u00e9 es mejor Chattijd?<\/h2>\n<p>Chattijd destaca en varios \u00e1mbitos, lo que la hace atractiva para un amplio abanico de usuarios:<\/p>\n<ol>\n<li>Fomentar conexiones reales<br \/>\nCon un enfoque en la autenticidad, Chattijd hace que sea f\u00e1cil encontrar a otras personas que comparten pasiones similares. Tanto si buscas amistad, apoyo o incluso algo m\u00e1s, la sencilla interfaz de Chattijd y su comunidad de apoyo son perfectas para cultivar relaciones significativas.<\/li>\n<li>Temas de conversaci\u00f3n variados<br \/>\nDesde salas de chat centradas en aficiones hasta debates en tiempo real sobre la actualidad, la plataforma ofrece una amplia selecci\u00f3n de temas de conversaci\u00f3n. Esta variedad garantiza que cada visita a Chattijd sea \u00fanica y est\u00e9 llena de posibilidades de conocer gente nueva.<\/li>\n<li>Entorno seguro y acogedor<br \/>\nLa seguridad en l\u00ednea es primordial en Chattijd. La moderaci\u00f3n continua y las medidas de seguridad avanzadas ayudan a crear un espacio en el que puedes chatear libremente sin preocuparte por la privacidad o las interacciones no deseadas.<\/li>\n<li>Entretenimiento a trav\u00e9s de la interactividad<br \/>\n\u00bfAburrido de los intercambios de texto? Chattijd integra funciones l\u00fadicas, como juegos y concursos, que dan un toque divertido a tus conversaciones. Estos a\u00f1adidos desenfadados facilitan la conexi\u00f3n y mantienen fresca la experiencia.<\/li>\n<\/ol>\n<p>Con estos puntos fuertes en mente, Chattijd es ideal para cualquiera que busque interacciones divertidas y genuinas en un entorno en l\u00ednea seguro.<\/p>\n<h2>\u00bfQu\u00e9 funciones ofrece Chattijd?<\/h2>\n<p>El Chattijd incluye una gran variedad de funciones para que tus sesiones de chat sean lo m\u00e1s agradables y vers\u00e1tiles posible. Estas son algunas de las m\u00e1s destacadas:<\/p>\n<ul>\n<li>Perfiles personalizables<br \/>\nLa expresi\u00f3n personal es una parte importante de la interacci\u00f3n en l\u00ednea. Chattijd te permite crear tu perfil de forma que refleje tu verdadero yo, ayudando a los dem\u00e1s a ver lo que te apasiona.<\/li>\n<li>Funcionalidad de chat en directo<br \/>\nExperimente la conectividad instant\u00e1nea con personas de todo el mundo a trav\u00e9s de la mensajer\u00eda en tiempo real. Es r\u00e1pida, f\u00e1cil de usar y perfecta para conversaciones espont\u00e1neas que pueden ir desde bromas desenfadadas a discusiones en profundidad.<\/li>\n<li>Juegos y concursos interactivos<br \/>\nPara los amantes de la diversi\u00f3n, estas funciones rompen el hielo sin esfuerzo. Reta a un nuevo amigo a un juego r\u00e1pido o respondan juntos a cuestionarios para descubrir intereses comunes.<\/li>\n<li>Medidas de seguridad avanzadas<br \/>\nSu seguridad es crucial. El compromiso de Chattijd con la privacidad y las s\u00f3lidas herramientas de moderaci\u00f3n garantizan que puedas participar con confianza, sabiendo que tus conversaciones son seguras.<\/li>\n<li>Opciones flexibles de afiliaci\u00f3n<br \/>\nTanto si prefieres una cuenta gratuita como una suscripci\u00f3n premium, Chattijd te ofrece m\u00faltiples formas de disfrutar de la plataforma. Los usuarios gratuitos pueden explorar la mayor\u00eda de las funciones principales, mientras que los suscriptores premium disfrutan de navegaci\u00f3n sin anuncios, asistencia prioritaria y funciones de b\u00fasqueda avanzadas.<\/li>\n<\/ul>\n<p>Con un conjunto tan completo de herramientas, Chattijd est\u00e1 bien equipado para satisfacer diferentes gustos y necesidades, garantizando que cada conversaci\u00f3n sea gratificante y sin complicaciones.<\/p>\n<h2>\u00bfCu\u00e1les son las alternativas a Chattijd?<\/h2>\n<p>Aunque Chattijd se ha hecho un hueco como principal destino de chat en l\u00ednea, sobre todo para los neerland\u00f3fonos, no es la \u00fanica plataforma en la que se puede socializar y descubrir comunidades interesantes. Hay otros servicios de chat que ofrecen su propio enfoque de la interacci\u00f3n en l\u00ednea, centr\u00e1ndose en caracter\u00edsticas o grupos demogr\u00e1ficos espec\u00edficos.<\/p>\n<p>Algunas plataformas hacen hincapi\u00e9 en <a href=\"https:\/\/strangercam.com\/es\/rabbit-video-chat\/\">v\u00eddeo<\/a> mientras que otros se especializan en salas de chat tem\u00e1ticas o en funciones orientadas a las citas. Explorando estas alternativas, puede encontrar sitios que se ocupan de temas espec\u00edficos o formas especializadas de compromiso. Sin embargo, la combinaci\u00f3n de interacci\u00f3n segura y en tiempo real, dise\u00f1o f\u00e1cil de usar y funciones premium opcionales de Chattijd lo convierten en una opci\u00f3n destacada para cualquiera que busque una experiencia de chat polifac\u00e9tica.<\/p>\n<h2>Conclusi\u00f3n<\/h2>\n<p>Con su combinaci\u00f3n de s\u00f3lidas medidas de seguridad, funciones f\u00e1ciles de usar y una comunidad diversa, Chattijd demuestra que chatear en l\u00ednea puede ser entretenido y enriquecedor. Tanto si eliges la suscripci\u00f3n gratuita como si optas por las ventajas premium, encontrar\u00e1s infinitas posibilidades para conectar, compartir y descubrir nuevas amistades. Sum\u00e9rgete en Chattijd hoy mismo y experimenta un mundo de conversaciones vibrantes y en tiempo real, todo desde la comodidad de tu dispositivo.<\/p>","protected":false},"excerpt":{"rendered":"<p>In the fast-paced world of online communication, Chattijd has quickly established itself as a lively and engaging platform connecting people from all corners of the globe. Whether you\u2019re searching for casual conversation, meaningful friendships, or interactive entertainment, this Dutch-based platform offers an array of opportunities to connect with like-minded individuals. Join us as we dive [&hellip;]<\/p>\n","protected":false},"author":6,"featured_media":0,"parent":0,"menu_order":0,"comment_status":"closed","ping_status":"closed","template":"","meta":{"footnotes":""},"class_list":["post-12702","page","type-page","status-publish","hentry"],"yoast_head":"<!-- This site is optimized with the Yoast SEO plugin v27.4 - https:\/\/yoast.com\/product\/yoast-seo-wordpress\/ -->\n<title>Chattijd - Free video chat with girls on StrangerCam.com<\/title>\n<meta name=\"description\" content=\"Like Chattijd? Come chat with more than 5.000.000 strangers on Stranger Cam for Free! Turn on your cam and find new friends &amp; maby a match!\" \/>\n<meta name=\"robots\" content=\"index, follow, max-snippet:-1, max-image-preview:large, max-video-preview:-1\" \/>\n<link rel=\"canonical\" href=\"https:\/\/strangercam.com\/es\/chattijd\/\" \/>\n<meta property=\"og:locale\" content=\"es_ES\" \/>\n<meta property=\"og:type\" content=\"article\" \/>\n<meta property=\"og:title\" content=\"Chattijd - Free video chat with girls on StrangerCam.com\" \/>\n<meta property=\"og:description\" content=\"Like Chattijd? Come chat with more than 5.000.000 strangers on Stranger Cam for Free! Turn on your cam and find new friends &amp; maby a match!\" \/>\n<meta property=\"og:url\" content=\"https:\/\/strangercam.com\/es\/chattijd\/\" \/>\n<meta property=\"og:site_name\" content=\"Strangercam\" \/>\n<meta property=\"article:publisher\" content=\"https:\/\/www.facebook.com\/strangercam\" \/>\n<meta property=\"article:modified_time\" content=\"2025-02-07T11:21:09+00:00\" \/>\n<meta property=\"og:image\" content=\"https:\/\/strangercam.com\/wp-content\/uploads\/2021\/10\/Untitled-2.png\" \/>\n\t<meta property=\"og:image:width\" content=\"800\" \/>\n\t<meta property=\"og:image:height\" content=\"532\" \/>\n\t<meta property=\"og:image:type\" content=\"image\/png\" \/>\n<meta name=\"twitter:card\" content=\"summary_large_image\" \/>\n<meta name=\"twitter:site\" content=\"@strangercamapp\" \/>\n<meta name=\"twitter:label1\" content=\"Tiempo de lectura\" \/>\n\t<meta name=\"twitter:data1\" content=\"6 minutos\" \/>\n<script type=\"application\/ld+json\" class=\"yoast-schema-graph\">{\"@context\":\"https:\\\/\\\/schema.org\",\"@graph\":[{\"@type\":\"WebPage\",\"@id\":\"https:\\\/\\\/strangercam.com\\\/chattijd\\\/\",\"url\":\"https:\\\/\\\/strangercam.com\\\/chattijd\\\/\",\"name\":\"Chattijd - Free video chat with girls on StrangerCam.com\",\"isPartOf\":{\"@id\":\"https:\\\/\\\/strangercam.com\\\/#website\"},\"datePublished\":\"2025-02-07T11:19:12+00:00\",\"dateModified\":\"2025-02-07T11:21:09+00:00\",\"description\":\"Like Chattijd? Come chat with more than 5.000.000 strangers on Stranger Cam for Free! Turn on your cam and find new friends & maby a match!\",\"breadcrumb\":{\"@id\":\"https:\\\/\\\/strangercam.com\\\/chattijd\\\/#breadcrumb\"},\"inLanguage\":\"es\",\"potentialAction\":[{\"@type\":\"ReadAction\",\"target\":[\"https:\\\/\\\/strangercam.com\\\/chattijd\\\/\"]}]},{\"@type\":\"BreadcrumbList\",\"@id\":\"https:\\\/\\\/strangercam.com\\\/chattijd\\\/#breadcrumb\",\"itemListElement\":[{\"@type\":\"ListItem\",\"position\":1,\"name\":\"Home\",\"item\":\"https:\\\/\\\/strangercam.com\\\/\"},{\"@type\":\"ListItem\",\"position\":2,\"name\":\"Chattijd\"}]},{\"@type\":\"WebSite\",\"@id\":\"https:\\\/\\\/strangercam.com\\\/#website\",\"url\":\"https:\\\/\\\/strangercam.com\\\/\",\"name\":\"Strangercam\",\"description\":\"Random Video Chat with Strangers\",\"publisher\":{\"@id\":\"https:\\\/\\\/strangercam.com\\\/#organization\"},\"alternateName\":\"Strangercam.com\",\"potentialAction\":[{\"@type\":\"SearchAction\",\"target\":{\"@type\":\"EntryPoint\",\"urlTemplate\":\"https:\\\/\\\/strangercam.com\\\/?s={search_term_string}\"},\"query-input\":{\"@type\":\"PropertyValueSpecification\",\"valueRequired\":true,\"valueName\":\"search_term_string\"}}],\"inLanguage\":\"es\"},{\"@type\":\"Organization\",\"@id\":\"https:\\\/\\\/strangercam.com\\\/#organization\",\"name\":\"Strangercam\",\"alternateName\":\"Strangercam.com\",\"url\":\"https:\\\/\\\/strangercam.com\\\/\",\"logo\":{\"@type\":\"ImageObject\",\"inLanguage\":\"es\",\"@id\":\"https:\\\/\\\/strangercam.com\\\/#\\\/schema\\\/logo\\\/image\\\/\",\"url\":\"https:\\\/\\\/strangercam.com\\\/wp-content\\\/uploads\\\/2020\\\/11\\\/cropped-new-favicon-black.png\",\"contentUrl\":\"https:\\\/\\\/strangercam.com\\\/wp-content\\\/uploads\\\/2020\\\/11\\\/cropped-new-favicon-black.png\",\"width\":512,\"height\":512,\"caption\":\"Strangercam\"},\"image\":{\"@id\":\"https:\\\/\\\/strangercam.com\\\/#\\\/schema\\\/logo\\\/image\\\/\"},\"sameAs\":[\"https:\\\/\\\/www.facebook.com\\\/strangercam\",\"https:\\\/\\\/x.com\\\/strangercamapp\"]}]}<\/script>\n<!-- \/ Yoast SEO plugin. -->","yoast_head_json":{"title":"Chattijd - Videochat gratis con chicas en StrangerCam.com","description":"\u00bfTe gusta Chattijd? \u00a1Ven a chatear gratis con m\u00e1s de 5.000.000 de desconocidos en Stranger Cam! \u00a1Enciende tu c\u00e1mara y encuentra nuevos amigos y tal vez una pareja!","robots":{"index":"index","follow":"follow","max-snippet":"max-snippet:-1","max-image-preview":"max-image-preview:large","max-video-preview":"max-video-preview:-1"},"canonical":"https:\/\/strangercam.com\/es\/chattijd\/","og_locale":"es_ES","og_type":"article","og_title":"Chattijd - Free video chat with girls on StrangerCam.com","og_description":"Like Chattijd? Come chat with more than 5.000.000 strangers on Stranger Cam for Free! Turn on your cam and find new friends & maby a match!","og_url":"https:\/\/strangercam.com\/es\/chattijd\/","og_site_name":"Strangercam","article_publisher":"https:\/\/www.facebook.com\/strangercam","article_modified_time":"2025-02-07T11:21:09+00:00","og_image":[{"width":800,"height":532,"url":"https:\/\/strangercam.com\/wp-content\/uploads\/2021\/10\/Untitled-2.png","type":"image\/png"}],"twitter_card":"summary_large_image","twitter_site":"@strangercamapp","twitter_misc":{"Tiempo de lectura":"6 minutos"},"schema":{"@context":"https:\/\/schema.org","@graph":[{"@type":"WebPage","@id":"https:\/\/strangercam.com\/chattijd\/","url":"https:\/\/strangercam.com\/chattijd\/","name":"Chattijd - Videochat gratis con chicas en StrangerCam.com","isPartOf":{"@id":"https:\/\/strangercam.com\/#website"},"datePublished":"2025-02-07T11:19:12+00:00","dateModified":"2025-02-07T11:21:09+00:00","description":"\u00bfTe gusta Chattijd? \u00a1Ven a chatear gratis con m\u00e1s de 5.000.000 de desconocidos en Stranger Cam! \u00a1Enciende tu c\u00e1mara y encuentra nuevos amigos y tal vez una pareja!","breadcrumb":{"@id":"https:\/\/strangercam.com\/chattijd\/#breadcrumb"},"inLanguage":"es","potentialAction":[{"@type":"ReadAction","target":["https:\/\/strangercam.com\/chattijd\/"]}]},{"@type":"BreadcrumbList","@id":"https:\/\/strangercam.com\/chattijd\/#breadcrumb","itemListElement":[{"@type":"ListItem","position":1,"name":"Home","item":"https:\/\/strangercam.com\/"},{"@type":"ListItem","position":2,"name":"Chattijd"}]},{"@type":"WebSite","@id":"https:\/\/strangercam.com\/#website","url":"https:\/\/strangercam.com\/","name":"Strangercam","description":"Videochat aleatorio con desconocidos","publisher":{"@id":"https:\/\/strangercam.com\/#organization"},"alternateName":"Strangercam.com","potentialAction":[{"@type":"SearchAction","target":{"@type":"EntryPoint","urlTemplate":"https:\/\/strangercam.com\/?s={search_term_string}"},"query-input":{"@type":"PropertyValueSpecification","valueRequired":true,"valueName":"search_term_string"}}],"inLanguage":"es"},{"@type":"Organization","@id":"https:\/\/strangercam.com\/#organization","name":"Strangercam","alternateName":"Strangercam.com","url":"https:\/\/strangercam.com\/","logo":{"@type":"ImageObject","inLanguage":"es","@id":"https:\/\/strangercam.com\/#\/schema\/logo\/image\/","url":"https:\/\/strangercam.com\/wp-content\/uploads\/2020\/11\/cropped-new-favicon-black.png","contentUrl":"https:\/\/strangercam.com\/wp-content\/uploads\/2020\/11\/cropped-new-favicon-black.png","width":512,"height":512,"caption":"Strangercam"},"image":{"@id":"https:\/\/strangercam.com\/#\/schema\/logo\/image\/"},"sameAs":["https:\/\/www.facebook.com\/strangercam","https:\/\/x.com\/strangercamapp"]}]}},"_links":{"self":[{"href":"https:\/\/strangercam.com\/es\/wp-json\/wp\/v2\/pages\/12702","targetHints":{"allow":["GET"]}}],"collection":[{"href":"https:\/\/strangercam.com\/es\/wp-json\/wp\/v2\/pages"}],"about":[{"href":"https:\/\/strangercam.com\/es\/wp-json\/wp\/v2\/types\/page"}],"author":[{"embeddable":true,"href":"https:\/\/strangercam.com\/es\/wp-json\/wp\/v2\/users\/6"}],"replies":[{"embeddable":true,"href":"https:\/\/strangercam.com\/es\/wp-json\/wp\/v2\/comments?post=12702"}],"version-history":[{"count":3,"href":"https:\/\/strangercam.com\/es\/wp-json\/wp\/v2\/pages\/12702\/revisions"}],"predecessor-version":[{"id":12707,"href":"https:\/\/strangercam.com\/es\/wp-json\/wp\/v2\/pages\/12702\/revisions\/12707"}],"wp:attachment":[{"href":"https:\/\/strangercam.com\/es\/wp-json\/wp\/v2\/media?parent=12702"}],"curies":[{"name":"wp","href":"https:\/\/api.w.org\/{rel}","templated":true}]}}