{"id":12683,"date":"2025-01-29T10:35:45","date_gmt":"2025-01-29T08:35:45","guid":{"rendered":"https:\/\/strangercam.com\/?page_id=12683"},"modified":"2025-02-04T09:27:22","modified_gmt":"2025-02-04T07:27:22","slug":"pink-video-chat","status":"publish","type":"page","link":"https:\/\/strangercam.com\/es\/pink-video-chat\/","title":{"rendered":"Videochat rosa"},"content":{"rendered":"<p>\u00bfBusca una forma animada y espont\u00e1nea de <a href=\"https:\/\/strangercam.com\/es\/coomeet\/\">conozca<\/a> \u00bfnuevas personas en l\u00ednea? V\u00eddeo rosa <a href=\"https:\/\/strangercam.com\/es\/chatroulette\/\">Chat<\/a> ofrece una alternativa divertida a plataformas como Chatrandom, centr\u00e1ndose en conexiones de v\u00eddeo aleatorias que provocan nuevas conversaciones en todo el mundo. En esta gu\u00eda, exploraremos las caracter\u00edsticas principales de Pink Video Chat, c\u00f3mo se diferencia de otros sitios de chat al azar, y lo que lo convierte en una opci\u00f3n segura y entretenida para los amantes de los encuentros sociales r\u00e1pidos.<\/p>\n<h2>Caracter\u00edsticas principales<\/h2>\n<p>Rosa <a href=\"https:\/\/strangercam.com\/es\/rabbit-video-chat\/\">Videochat<\/a> consiste en ofrecer un m\u00e9todo sencillo pero atractivo para conectar con desconocidos en tiempo real. Desde su sencilla interfaz hasta sus creativos complementos, su objetivo es que las conversaciones sean divertidas y seguras.<\/p>\n<ul>\n<li><strong>Comparaci\u00f3n aleatoria de v\u00eddeos<\/strong>: Empar\u00e9jate al instante con desconocidos y entra en videoconferencias informales.<\/li>\n<li><strong>Efectos rompehielos<\/strong>: Ameniza las conversaciones con divertidas m\u00e1scaras, filtros y otros elementos visuales.<\/li>\n<li><strong>Navegaci\u00f3n r\u00e1pida<\/strong>: Pasa r\u00e1pidamente de un chat a otro, para que pases m\u00e1s tiempo hablando y menos esperando.<\/li>\n<li><strong>Optimizado para m\u00f3viles<\/strong>: Ya sea en el smartphone o en el ordenador de sobremesa, disfruta de videoconferencias fluidas sin renunciar a la calidad.<\/li>\n<\/ul>\n<h2>Experiencia aleatoria de chat de v\u00eddeo<\/h2>\n<p>El principal atractivo de Pink Video Chat reside en su capacidad para ponerte en contacto con desconocidos, de t\u00fa a t\u00fa, con s\u00f3lo pulsar un bot\u00f3n.<\/p>\n<h3>Conexiones instant\u00e1neas<\/h3>\n<p>En cuanto pulsas \u201cEmpezar\u201d, el algoritmo de Pink Video Chat encuentra r\u00e1pidamente un interlocutor listo para una conversaci\u00f3n de v\u00eddeo. Sin necesidad de perfiles extensos ni filtros complicados: solo di\u00e1logo espont\u00e1neo.<\/p>\n<h3>Opci\u00f3n Auto Siguiente<\/h3>\n<p>Si la conversaci\u00f3n actual no encaja, con un solo toque en \"Siguiente\" te pones en contacto con una nueva persona, lo que mantiene el ritmo y te ayuda a descubrir a m\u00e1s gente.<\/p>\n<h3>Comunidad mundial<\/h3>\n<p>La base de usuarios de Pink Video Chat se extiende por todo el mundo, ofreci\u00e9ndote la oportunidad de chatear con personas de diversos or\u00edgenes. Es perfecto para aprender nuevos idiomas o explorar culturas internacionales en un formato amistoso y cara a cara.<\/p>\n<h2>Extras divertidos<\/h2>\n<p>Adem\u00e1s de su funci\u00f3n esencial de chat aleatorio, Pink Video Chat ofrece interesantes adiciones para impulsar el compromiso y romper el hielo.<\/p>\n<table>\n<thead>\n<tr>\n<th>Caracter\u00edstica<\/th>\n<th>Descripci\u00f3n<\/th>\n<\/tr>\n<\/thead>\n<tbody>\n<tr>\n<td><strong>M\u00e1scaras y filtros digitales<\/strong><\/td>\n<td>Transforma tu aspecto en pantalla con extravagantes superposiciones, divertidos sombreros o efectos animados.<\/td>\n<\/tr>\n<tr>\n<td><strong>Integraci\u00f3n de chat de texto<\/strong><\/td>\n<td>Escribe mensajes r\u00e1pidos o comparte enlaces si prefieres no hablar ante la c\u00e1mara al principio.<\/td>\n<\/tr>\n<tr>\n<td><strong>Herramienta de instant\u00e1neas<\/strong><\/td>\n<td>Capture momentos memorables (con su consentimiento) para volver a verlos una vez finalizada la sesi\u00f3n.<\/td>\n<\/tr>\n<tr>\n<td><strong>Etiquetas de inter\u00e9s<\/strong><\/td>\n<td>Incluya palabras clave (m\u00fasica, deportes, viajes) para que la plataforma pueda sugerirle coincidencias m\u00e1s relevantes.<\/td>\n<\/tr>\n<\/tbody>\n<\/table>\n<h2>Interfaz y experiencia de usuario<\/h2>\n<p>El dise\u00f1o de Pink Video Chat pretende ser sencillo, reduciendo el desorden y dando prioridad a las interacciones f\u00e1ciles.<\/p>\n<h3>Dise\u00f1o y navegaci\u00f3n<\/h3>\n<ul>\n<li><strong>Configuraci\u00f3n minimalista<\/strong>: Los botones de \"Inicio\", \"Detener\" y \"Siguiente\" te ayudan a controlar tus conexiones.<\/li>\n<li><strong>Men\u00fas basados en iconos<\/strong>: Localiza r\u00e1pidamente complementos como filtros, chat de texto y funciones de informe.<\/li>\n<li><strong>Dise\u00f1o adaptable<\/strong>: Funciona bien tanto en dispositivos m\u00f3viles como en ordenadores de sobremesa, lo que garantiza que los chats se vean perfectamente en cualquier pantalla.<\/li>\n<\/ul>\n<h3>Perfil y personalizaci\u00f3n<\/h3>\n<ul>\n<li><strong>Nombres de usuario opcionales<\/strong>: Crea un perfil breve si deseas recibir visitas recurrentes, o permanece en el anonimato para mayor privacidad.<\/li>\n<li><strong>Preferencias de notificaci\u00f3n<\/strong>: Controla las alertas sobre solicitudes de amistad o nuevas funciones.<\/li>\n<li><strong>Privacidad<\/strong>: Limita el uso compartido de la ubicaci\u00f3n y ajusta qu\u00e9 informaci\u00f3n es visible para los dem\u00e1s.<\/li>\n<\/ul>\n<h2>Rendimiento<\/h2>\n<p>Para cualquier <a href=\"https:\/\/strangercam.com\/es\/chathub\/\">chat de v\u00eddeo aleatorio<\/a> plataforma, la velocidad y la fiabilidad son fundamentales. Pink Video Chat equilibra la calidad con un dise\u00f1o f\u00e1cil de usar.<\/p>\n<h3>Conexiones estables<\/h3>\n<ul>\n<li><strong>Servidores optimizados<\/strong>: Dise\u00f1ado para reducir el retardo y mantener conversaciones naturales.<\/li>\n<li><strong>Calidad de transmisi\u00f3n adaptable<\/strong>: Ajusta autom\u00e1ticamente la resoluci\u00f3n en funci\u00f3n del ancho de banda de Internet.<\/li>\n<li><strong>Modo m\u00f3vil f\u00e1cil de usar<\/strong>: Las opciones de menor uso de datos para redes m\u00f3viles ayudan a mantener la fluidez del v\u00eddeo.<\/li>\n<\/ul>\n<h2>Seguridad y moderaci\u00f3n<\/h2>\n<p>Los chats de v\u00eddeo aleatorios pueden exponer a los usuarios a interacciones inapropiadas, por lo que Pink Video Chat da prioridad a la moderaci\u00f3n.<\/p>\n<h3>Control comunitario<\/h3>\n<ul>\n<li><strong>Informe y bloqueo<\/strong>: Denuncia al instante a los usuarios que incumplan las normas y bloquea futuros contactos para mantener una experiencia agradable.<\/li>\n<li><strong>Filtrado AI<\/strong>: Los sistemas automatizados detectan y limitan a tiempo los contenidos expl\u00edcitos o abusivos.<\/li>\n<li><strong>Moderaci\u00f3n humana<\/strong>: Un equipo de apoyo especializado investiga los informes graves para una mayor protecci\u00f3n.<\/li>\n<\/ul>\n<h3>Garant\u00eda de privacidad<\/h3>\n<ul>\n<li><strong>Videochats an\u00f3nimos<\/strong>: No hay obligaci\u00f3n de compartir datos personales ni de enlazar a perfiles de redes sociales.<\/li>\n<li><strong>Tratamiento seguro de datos<\/strong>: El cifrado b\u00e1sico ayuda a proteger las credenciales de la cuenta y la informaci\u00f3n de la sesi\u00f3n.<\/li>\n<li><strong>Pol\u00edtica de edad m\u00ednima<\/strong>: Los usuarios menores de 18 a\u00f1os est\u00e1n restringidos para garantizar el cumplimiento de la seguridad infantil.<\/li>\n<\/ul>\n<h2>Monetizaci\u00f3n y actualizaciones<\/h2>\n<p>Pink Video Chat ofrece sus principales funciones de concordancia para <a href=\"https:\/\/strangercam.com\/es\/chat4free\/\">gratis<\/a>pero las ventajas opcionales remuneradas pueden mejorar tu experiencia.<\/p>\n<h3>Opciones de suscripci\u00f3n<\/h3>\n<ul>\n<li><strong>Modo sin publicidad<\/strong>: Elimine las ventanas emergentes y los banners publicitarios para disfrutar de un entorno de chat sin interrupciones.<\/li>\n<li><strong>Filtros exclusivos<\/strong>: Desbloquea efectos y fondos premium para destacar en c\u00e1mara.<\/li>\n<li><strong>Matchmaking avanzado<\/strong>: Afine sus etiquetas de inter\u00e9s para obtener emparejamientos m\u00e1s precisos.<\/li>\n<\/ul>\n<h3>Premios y cr\u00e9ditos<\/h3>\n<ul>\n<li><strong>Niveles de fidelidad<\/strong>: Gana puntos con el uso frecuente, canjeables por bonificaciones o descuentos dentro de la aplicaci\u00f3n.<\/li>\n<li><strong>Incentivos por recomendaci\u00f3n<\/strong>: Invita a tus amigos a Pink Video Chat y gana cr\u00e9ditos para gastar en funciones premium.<\/li>\n<\/ul>\n<h2>Posicionamiento en el mercado<\/h2>\n<p>Pink Video Chat se distingue como una vibrante alternativa a plataformas como Chatrandom. Se nutre de encuentros casuales e impredecibles al tiempo que ofrece suficientes medidas de seguridad y personalizaci\u00f3n para satisfacer a un p\u00fablico amplio.<\/p>\n<h3>Datos demogr\u00e1ficos de los usuarios<\/h3>\n<ul>\n<li><strong>Edades<\/strong>: Principalmente de 18 a 35 a\u00f1os, pero abierto a adultos de todas las edades.<\/li>\n<li><strong>Intereses<\/strong>: Ideal para charlas informales, intercambios culturales, pr\u00e1ctica de idiomas y todo lo dem\u00e1s.<\/li>\n<li><strong>Pico de utilizaci\u00f3n<\/strong>: Las tardes y los fines de semana atraen a las mayores multitudes en busca de conversaciones divertidas y distendidas.<\/li>\n<\/ul>\n<h3>Alcance mundial<\/h3>\n<ul>\n<li><strong>Base internacional de usuarios<\/strong>: Conoce a desconocidos de innumerables pa\u00edses y ampl\u00eda tu visi\u00f3n del mundo chat a chat.<\/li>\n<li><strong>Interfaz multiling\u00fce<\/strong>: Elija entre varias opciones de idiomas para disfrutar de una experiencia localizada.<\/li>\n<\/ul>\n<h2>Ventajas e inconvenientes<\/h2>\n<p>He aqu\u00ed un r\u00e1pido resumen de los puntos fuertes y los posibles inconvenientes de Pink Video Chat:<\/p>\n<table>\n<thead>\n<tr>\n<th>Pros<\/th>\n<th>Contras<\/th>\n<\/tr>\n<\/thead>\n<tbody>\n<tr>\n<td>\n<ul>\n<li>Conexiones aleatorias instant\u00e1neas<\/li>\n<li>Dise\u00f1o sencillo e intuitivo<\/li>\n<li>Filtros y efectos divertidos<\/li>\n<li>Herramientas de moderaci\u00f3n s\u00f3lidas<\/li>\n<li>Rendimiento preparado para m\u00f3viles<\/li>\n<\/ul>\n<\/td>\n<td>\n<ul>\n<li>Posible exposici\u00f3n a contenidos inapropiados (aunque moderados)<\/li>\n<li>Alta demanda de Internet para la mejor calidad de v\u00eddeo<\/li>\n<li>Perfil y opciones de inter\u00e9s limitados en el nivel gratuito<\/li>\n<li>Competencia de plataformas m\u00e1s grandes y consolidadas<\/li>\n<\/ul>\n<\/td>\n<\/tr>\n<\/tbody>\n<\/table>\n<h2>Conclusi\u00f3n<\/h2>\n<p>Pink Video Chat ofrece una experiencia de videochat l\u00fadica y aleatoria adecuada para cualquiera que desee encuentros sociales espont\u00e1neos. Como alternativa a Chatrandom, equilibra simplicidad y diversi\u00f3n, incorporando funciones divertidas como m\u00e1scaras digitales y etiquetas de inter\u00e9s junto con medidas de seguridad esenciales como la denuncia y el bloqueo. Tanto si quieres conocer nuevos amigos, practicar un segundo idioma o simplemente pasar el rato en una comunidad online din\u00e1mica, Pink Video Chat tiene mucho que ofrecer.<br \/>\nCon una interfaz de usuario limpia, compatibilidad m\u00f3vil y un entorno de chat moderado, Pink Video Chat destaca como un vibrante contendiente en el mundo de los sitios de videochat aleatorios. \u00a1Pru\u00e9balo y descubre a qui\u00e9n conocer\u00e1s al otro lado de tu pr\u00f3ximo clic!<\/p>","protected":false},"excerpt":{"rendered":"<p>Are you looking for a lively, spontaneous way to meet new people online? Pink Video Chat offers a fun alternative to platforms like Chatrandom, focusing on random video connections that spark fresh conversations across the globe. In this guide, we\u2019ll explore Pink Video Chat\u2019s primary features, how it stands out from other random chat sites, [&hellip;]<\/p>\n","protected":false},"author":6,"featured_media":0,"parent":0,"menu_order":0,"comment_status":"closed","ping_status":"closed","template":"","meta":{"footnotes":""},"class_list":["post-12683","page","type-page","status-publish","hentry"],"yoast_head":"<!-- This site is optimized with the Yoast SEO plugin v27.4 - https:\/\/yoast.com\/product\/yoast-seo-wordpress\/ -->\n<title>Pink Video Chat - Chat with people on StrangerCam.com<\/title>\n<meta name=\"description\" content=\"Like Pink Video Chat? Come chat with more than 5.000.000 strangers on Stranger Cam for Free! Turn on your cam and find new friends &amp; maby a match!\" \/>\n<meta name=\"robots\" content=\"index, follow, max-snippet:-1, max-image-preview:large, max-video-preview:-1\" \/>\n<link rel=\"canonical\" href=\"https:\/\/strangercam.com\/es\/pink-video-chat\/\" \/>\n<meta property=\"og:locale\" content=\"es_ES\" \/>\n<meta property=\"og:type\" content=\"article\" \/>\n<meta property=\"og:title\" content=\"Pink Video Chat - Chat with people on StrangerCam.com\" \/>\n<meta property=\"og:description\" content=\"Like Pink Video Chat? Come chat with more than 5.000.000 strangers on Stranger Cam for Free! Turn on your cam and find new friends &amp; maby a match!\" \/>\n<meta property=\"og:url\" content=\"https:\/\/strangercam.com\/es\/pink-video-chat\/\" \/>\n<meta property=\"og:site_name\" content=\"Strangercam\" \/>\n<meta property=\"article:publisher\" content=\"https:\/\/www.facebook.com\/strangercam\" \/>\n<meta property=\"article:modified_time\" content=\"2025-02-04T07:27:22+00:00\" \/>\n<meta property=\"og:image\" content=\"https:\/\/strangercam.com\/wp-content\/uploads\/2021\/10\/Untitled-2.png\" \/>\n\t<meta property=\"og:image:width\" content=\"800\" \/>\n\t<meta property=\"og:image:height\" content=\"532\" \/>\n\t<meta property=\"og:image:type\" content=\"image\/png\" \/>\n<meta name=\"twitter:card\" content=\"summary_large_image\" \/>\n<meta name=\"twitter:site\" content=\"@strangercamapp\" \/>\n<meta name=\"twitter:label1\" content=\"Tiempo de lectura\" \/>\n\t<meta name=\"twitter:data1\" content=\"5 minutos\" \/>\n<script type=\"application\/ld+json\" class=\"yoast-schema-graph\">{\"@context\":\"https:\\\/\\\/schema.org\",\"@graph\":[{\"@type\":\"WebPage\",\"@id\":\"https:\\\/\\\/strangercam.com\\\/pink-video-chat\\\/\",\"url\":\"https:\\\/\\\/strangercam.com\\\/pink-video-chat\\\/\",\"name\":\"Pink Video Chat - Chat with people on StrangerCam.com\",\"isPartOf\":{\"@id\":\"https:\\\/\\\/strangercam.com\\\/#website\"},\"datePublished\":\"2025-01-29T08:35:45+00:00\",\"dateModified\":\"2025-02-04T07:27:22+00:00\",\"description\":\"Like Pink Video Chat? Come chat with more than 5.000.000 strangers on Stranger Cam for Free! Turn on your cam and find new friends & maby a match!\",\"breadcrumb\":{\"@id\":\"https:\\\/\\\/strangercam.com\\\/pink-video-chat\\\/#breadcrumb\"},\"inLanguage\":\"es\",\"potentialAction\":[{\"@type\":\"ReadAction\",\"target\":[\"https:\\\/\\\/strangercam.com\\\/pink-video-chat\\\/\"]}]},{\"@type\":\"BreadcrumbList\",\"@id\":\"https:\\\/\\\/strangercam.com\\\/pink-video-chat\\\/#breadcrumb\",\"itemListElement\":[{\"@type\":\"ListItem\",\"position\":1,\"name\":\"Home\",\"item\":\"https:\\\/\\\/strangercam.com\\\/\"},{\"@type\":\"ListItem\",\"position\":2,\"name\":\"Pink Video Chat\"}]},{\"@type\":\"WebSite\",\"@id\":\"https:\\\/\\\/strangercam.com\\\/#website\",\"url\":\"https:\\\/\\\/strangercam.com\\\/\",\"name\":\"Strangercam\",\"description\":\"Random Video Chat with Strangers\",\"publisher\":{\"@id\":\"https:\\\/\\\/strangercam.com\\\/#organization\"},\"alternateName\":\"Strangercam.com\",\"potentialAction\":[{\"@type\":\"SearchAction\",\"target\":{\"@type\":\"EntryPoint\",\"urlTemplate\":\"https:\\\/\\\/strangercam.com\\\/?s={search_term_string}\"},\"query-input\":{\"@type\":\"PropertyValueSpecification\",\"valueRequired\":true,\"valueName\":\"search_term_string\"}}],\"inLanguage\":\"es\"},{\"@type\":\"Organization\",\"@id\":\"https:\\\/\\\/strangercam.com\\\/#organization\",\"name\":\"Strangercam\",\"alternateName\":\"Strangercam.com\",\"url\":\"https:\\\/\\\/strangercam.com\\\/\",\"logo\":{\"@type\":\"ImageObject\",\"inLanguage\":\"es\",\"@id\":\"https:\\\/\\\/strangercam.com\\\/#\\\/schema\\\/logo\\\/image\\\/\",\"url\":\"https:\\\/\\\/strangercam.com\\\/wp-content\\\/uploads\\\/2020\\\/11\\\/cropped-new-favicon-black.png\",\"contentUrl\":\"https:\\\/\\\/strangercam.com\\\/wp-content\\\/uploads\\\/2020\\\/11\\\/cropped-new-favicon-black.png\",\"width\":512,\"height\":512,\"caption\":\"Strangercam\"},\"image\":{\"@id\":\"https:\\\/\\\/strangercam.com\\\/#\\\/schema\\\/logo\\\/image\\\/\"},\"sameAs\":[\"https:\\\/\\\/www.facebook.com\\\/strangercam\",\"https:\\\/\\\/x.com\\\/strangercamapp\"]}]}<\/script>\n<!-- \/ Yoast SEO plugin. -->","yoast_head_json":{"title":"Videochat rosa - Chatea con gente en StrangerCam.com","description":"\u00bfTe gusta Pink Video Chat? \u00a1Ven a chatear gratis con m\u00e1s de 5.000.000 de desconocidos en Stranger Cam! \u00a1Enciende tu c\u00e1mara y encuentra nuevos amigos y tal vez una pareja!","robots":{"index":"index","follow":"follow","max-snippet":"max-snippet:-1","max-image-preview":"max-image-preview:large","max-video-preview":"max-video-preview:-1"},"canonical":"https:\/\/strangercam.com\/es\/pink-video-chat\/","og_locale":"es_ES","og_type":"article","og_title":"Pink Video Chat - Chat with people on StrangerCam.com","og_description":"Like Pink Video Chat? Come chat with more than 5.000.000 strangers on Stranger Cam for Free! Turn on your cam and find new friends & maby a match!","og_url":"https:\/\/strangercam.com\/es\/pink-video-chat\/","og_site_name":"Strangercam","article_publisher":"https:\/\/www.facebook.com\/strangercam","article_modified_time":"2025-02-04T07:27:22+00:00","og_image":[{"width":800,"height":532,"url":"https:\/\/strangercam.com\/wp-content\/uploads\/2021\/10\/Untitled-2.png","type":"image\/png"}],"twitter_card":"summary_large_image","twitter_site":"@strangercamapp","twitter_misc":{"Tiempo de lectura":"5 minutos"},"schema":{"@context":"https:\/\/schema.org","@graph":[{"@type":"WebPage","@id":"https:\/\/strangercam.com\/pink-video-chat\/","url":"https:\/\/strangercam.com\/pink-video-chat\/","name":"Videochat rosa - Chatea con gente en StrangerCam.com","isPartOf":{"@id":"https:\/\/strangercam.com\/#website"},"datePublished":"2025-01-29T08:35:45+00:00","dateModified":"2025-02-04T07:27:22+00:00","description":"\u00bfTe gusta Pink Video Chat? \u00a1Ven a chatear gratis con m\u00e1s de 5.000.000 de desconocidos en Stranger Cam! \u00a1Enciende tu c\u00e1mara y encuentra nuevos amigos y tal vez una pareja!","breadcrumb":{"@id":"https:\/\/strangercam.com\/pink-video-chat\/#breadcrumb"},"inLanguage":"es","potentialAction":[{"@type":"ReadAction","target":["https:\/\/strangercam.com\/pink-video-chat\/"]}]},{"@type":"BreadcrumbList","@id":"https:\/\/strangercam.com\/pink-video-chat\/#breadcrumb","itemListElement":[{"@type":"ListItem","position":1,"name":"Home","item":"https:\/\/strangercam.com\/"},{"@type":"ListItem","position":2,"name":"Pink Video Chat"}]},{"@type":"WebSite","@id":"https:\/\/strangercam.com\/#website","url":"https:\/\/strangercam.com\/","name":"Strangercam","description":"Videochat aleatorio con desconocidos","publisher":{"@id":"https:\/\/strangercam.com\/#organization"},"alternateName":"Strangercam.com","potentialAction":[{"@type":"SearchAction","target":{"@type":"EntryPoint","urlTemplate":"https:\/\/strangercam.com\/?s={search_term_string}"},"query-input":{"@type":"PropertyValueSpecification","valueRequired":true,"valueName":"search_term_string"}}],"inLanguage":"es"},{"@type":"Organization","@id":"https:\/\/strangercam.com\/#organization","name":"Strangercam","alternateName":"Strangercam.com","url":"https:\/\/strangercam.com\/","logo":{"@type":"ImageObject","inLanguage":"es","@id":"https:\/\/strangercam.com\/#\/schema\/logo\/image\/","url":"https:\/\/strangercam.com\/wp-content\/uploads\/2020\/11\/cropped-new-favicon-black.png","contentUrl":"https:\/\/strangercam.com\/wp-content\/uploads\/2020\/11\/cropped-new-favicon-black.png","width":512,"height":512,"caption":"Strangercam"},"image":{"@id":"https:\/\/strangercam.com\/#\/schema\/logo\/image\/"},"sameAs":["https:\/\/www.facebook.com\/strangercam","https:\/\/x.com\/strangercamapp"]}]}},"_links":{"self":[{"href":"https:\/\/strangercam.com\/es\/wp-json\/wp\/v2\/pages\/12683","targetHints":{"allow":["GET"]}}],"collection":[{"href":"https:\/\/strangercam.com\/es\/wp-json\/wp\/v2\/pages"}],"about":[{"href":"https:\/\/strangercam.com\/es\/wp-json\/wp\/v2\/types\/page"}],"author":[{"embeddable":true,"href":"https:\/\/strangercam.com\/es\/wp-json\/wp\/v2\/users\/6"}],"replies":[{"embeddable":true,"href":"https:\/\/strangercam.com\/es\/wp-json\/wp\/v2\/comments?post=12683"}],"version-history":[{"count":1,"href":"https:\/\/strangercam.com\/es\/wp-json\/wp\/v2\/pages\/12683\/revisions"}],"predecessor-version":[{"id":12684,"href":"https:\/\/strangercam.com\/es\/wp-json\/wp\/v2\/pages\/12683\/revisions\/12684"}],"wp:attachment":[{"href":"https:\/\/strangercam.com\/es\/wp-json\/wp\/v2\/media?parent=12683"}],"curies":[{"name":"wp","href":"https:\/\/api.w.org\/{rel}","templated":true}]}}