{"id":12565,"date":"2024-10-07T10:40:10","date_gmt":"2024-10-07T08:40:10","guid":{"rendered":"https:\/\/strangercam.com\/?page_id=12565"},"modified":"2025-02-04T09:34:08","modified_gmt":"2025-02-04T07:34:08","slug":"chamet","status":"publish","type":"page","link":"https:\/\/strangercam.com\/es\/chamet\/","title":{"rendered":"Chamet"},"content":{"rendered":"<p>\u00bfEst\u00e1 buscando un v\u00eddeo animado <a href=\"https:\/\/strangercam.com\/es\/chatroulette\/\">chat<\/a> aplicaci\u00f3n a <a href=\"https:\/\/strangercam.com\/es\/coomeet\/\">conozca<\/a> \u00bfNuevas personas, conversaciones en tiempo real o simplemente explorar nuevas culturas? Chamet ofrece una plataforma interactiva para videollamadas uno a uno, retransmisiones en directo y chats de grupo, que re\u00fane a usuarios de todo el mundo. En este resumen detallado, profundizaremos en las principales caracter\u00edsticas de Chamet, c\u00f3mo funciona y qu\u00e9 la diferencia de otras plataformas. <a href=\"https:\/\/strangercam.com\/es\/rabbit-video-chat\/\">chat de v\u00eddeo<\/a> aplicaciones del mercado.<\/p>\n<h2>\u00bfQu\u00e9 es el chamet?<\/h2>\n<p>Chamet es un <strong>aplicaci\u00f3n de chat de v\u00eddeo<\/strong> disponible tanto en dispositivos iOS como Android. Su principal objetivo es ayudar a los usuarios:<\/p>\n<ul>\n<li><strong>Conocer gente nueva<\/strong>: Descubra caras nuevas de todo el mundo.<\/li>\n<li><strong>Participar en charlas significativas<\/strong>: Entabla conversaciones mediante videollamadas en directo o sesiones de grupo.<\/li>\n<li><strong>Disfruta de traducciones en tiempo real<\/strong>: Supera las barreras ling\u00fc\u00edsticas y con\u00e9ctate con una comunidad internacional.<\/li>\n<li><strong>Explorar diversas culturas<\/strong>: Conocer diferentes estilos de vida y contextos.<\/li>\n<\/ul>\n<p>Chamet combina la espontaneidad de las videoconferencias aleatorias con funciones f\u00e1ciles de usar como las etiquetas de intereses, los regalos virtuales y la moneda de la aplicaci\u00f3n para mejorar la experiencia global.<\/p>\n<h2>Caracter\u00edsticas principales<\/h2>\n<h3>1. Videollamadas en directo<\/h3>\n<p>El n\u00facleo de Chamet es <strong>videoconferencias individuales<\/strong> que te permiten conectar al instante con gente nueva. Puedes iniciar una llamada con un simple toque y, si la conversaci\u00f3n no despierta tu inter\u00e9s, puedes pasar a buscar otra pareja r\u00e1pidamente.<\/p>\n<h3>2. Emparejamiento global<\/h3>\n<p>Chamet te pone en contacto con usuarios de varios pa\u00edses, garantizando una experiencia verdaderamente \u00fanica. <strong>comunidad mundial<\/strong>. Es perfecto para cualquiera que desee practicar nuevos idiomas o conocer de primera mano diferentes culturas.<\/p>\n<h3>3. Traducci\u00f3n en tiempo real<\/h3>\n<p>Para romper las barreras del idioma, el Chamet ofrece un traductor integrado que puede traducir autom\u00e1ticamente los mensajes durante las videollamadas. Esta funci\u00f3n ayuda a crear conversaciones m\u00e1s fluidas, sea cual sea tu lengua materna.<\/p>\n<h3>4. Transmisiones en directo en grupo<\/h3>\n<p>Adem\u00e1s de las llamadas uno a uno, el Chamet tambi\u00e9n admite retransmisiones en directo en grupo en las que varios usuarios pueden unirse a una \u201csala\u201d virtual. Los anfitriones pueden interactuar con su p\u00fablico, por lo que es ideal para:<\/p>\n<ul>\n<li><strong>Fiestas virtuales<\/strong><\/li>\n<li><strong>Sesiones de preguntas y respuestas<\/strong><\/li>\n<li><strong>Grupos de intercambio ling\u00fc\u00edstico<\/strong><\/li>\n<li><strong>Reuniones informales con amigos<\/strong><\/li>\n<\/ul>\n<h3>5. Regalos virtuales y moneda de la aplicaci\u00f3n<\/h3>\n<p>Chamet incorpora una econom\u00eda virtual con compras <strong>monedas<\/strong>. Con estas monedas se pueden enviar diver <strong>regalos virtuales<\/strong>-como pegatinas y efectos especiales- a los anfitriones o a los nuevos amigos. Los regalos a\u00f1aden un nivel de interacci\u00f3n y ayudan a los usuarios a destacar en retransmisiones multitudinarias.<\/p>\n<h2>C\u00f3mo funciona Chamet<\/h2>\n<h3>1. Registro r\u00e1pido<\/h3>\n<p>Los usuarios pueden <strong>inscribirse<\/strong> a trav\u00e9s de diversos m\u00e9todos, como:<\/p>\n<ul>\n<li>Verificaci\u00f3n del n\u00famero de tel\u00e9fono<\/li>\n<li>Cuentas en redes sociales (como Facebook o Google)<\/li>\n<\/ul>\n<p>Una vez registrado, puedes crear un breve perfil y personalizarlo con fotos o una breve biograf\u00eda.<\/p>\n<h3>2. Configuraci\u00f3n y correspondencia de perfiles<\/h3>\n<p>Despu\u00e9s de inscribirte, tienes la opci\u00f3n de:<\/p>\n<ul>\n<li><strong>Elegir preferencias<\/strong> (por ejemplo, idiomas o intereses)<\/li>\n<li><strong>Activar la localizaci\u00f3n<\/strong> para chats m\u00e1s localizados<\/li>\n<li><strong>Utilizar etiquetas de inter\u00e9s<\/strong> para emparejarte con usuarios que comparten tus aficiones<\/li>\n<\/ul>\n<p>A continuaci\u00f3n, el algoritmo de Chamet le ayuda a conectar con los usuarios en tiempo real.<\/p>\n<h3>3. Medidas de seguridad en la aplicaci\u00f3n<\/h3>\n<p>Antes de que comience cualquier sesi\u00f3n de v\u00eddeo, Chamet ofrece herramientas b\u00e1sicas de moderaci\u00f3n y verificaci\u00f3n para garantizar que los usuarios de la plataforma respetan las directrices de la comunidad.<\/p>\n<h2>Seguridad y moderaci\u00f3n<\/h2>\n<p><a href=\"https:\/\/strangercam.com\/es\/chathub\/\">Videochat aleatorio<\/a> Las aplicaciones pueden encontrarse a veces con contenidos inapropiados o nocivos. Chamet aborda este problema:<\/p>\n<ul>\n<li><strong>Filtrado de contenidos basado en inteligencia artificial<\/strong>: El sistema detecta autom\u00e1ticamente comportamientos expl\u00edcitos o problem\u00e1ticos.<\/li>\n<li><strong>Notificaci\u00f3n y bloqueo<\/strong>: Los usuarios pueden denunciar f\u00e1cilmente a los infractores y bloquearlos para evitar futuros contactos.<\/li>\n<li><strong>Directrices comunitarias<\/strong>: Chamet aplica normas contra el comportamiento expl\u00edcito o perjudicial, con posible suspensi\u00f3n de la cuenta en caso de infracci\u00f3n reiterada.<\/li>\n<\/ul>\n<h2>Ventajas e inconvenientes del chamet<\/h2>\n<p>Como cualquier plataforma, Chamet tiene sus ventajas y sus inconvenientes. He aqu\u00ed un r\u00e1pido resumen:<\/p>\n<table>\n<thead>\n<tr>\n<th>Pros<\/th>\n<th>Contras<\/th>\n<\/tr>\n<\/thead>\n<tbody>\n<tr>\n<td>\n<ul>\n<li>Traducci\u00f3n en tiempo real para reducir las barreras ling\u00fc\u00edsticas<\/li>\n<li>Variedad de funciones, incluidos flujos de grupo y regalos virtuales<\/li>\n<li>F\u00e1cil inscripci\u00f3n con m\u00faltiples opciones de registro<\/li>\n<li>Fuerte base mundial de usuarios para interacciones diversas<\/li>\n<li>Herramientas de moderaci\u00f3n integradas para conversaciones m\u00e1s seguras<\/li>\n<\/ul>\n<\/td>\n<td>\n<ul>\n<li>Algunas funciones se ocultan tras compras dentro de la aplicaci\u00f3n<\/li>\n<li>Posibilidad de encontrar contenidos inapropiados (aunque moderados)<\/li>\n<li>Mayor consumo de datos en las videollamadas HD<\/li>\n<li>La econom\u00eda basada en monedas puede fomentar el gasto frecuente<\/li>\n<\/ul>\n<\/td>\n<\/tr>\n<\/tbody>\n<\/table>\n<h2>Consejos para sacar el m\u00e1ximo partido al chamet<\/h2>\n<h3>1. Complete su perfil<\/h3>\n<p>A\u00f1ade una foto de perfil clara y enumera tus intereses o los idiomas que hablas. As\u00ed aumentar\u00e1s las posibilidades de entablar conversaciones y establecer una buena relaci\u00f3n.<\/p>\n<h3>2. Utilizar bien la traducci\u00f3n en tiempo real<\/h3>\n<p>Practique la escucha activa y utilice la funci\u00f3n de traducci\u00f3n para entender los matices. As\u00ed tus videollamadas ser\u00e1n m\u00e1s fluidas y gratificantes.<\/p>\n<h3>3. Aproveche las transmisiones en directo en grupo<\/h3>\n<p>\u00danete o organiza una sesi\u00f3n de grupo sobre un tema que te guste. Es una forma estupenda de encontrar usuarios afines y suscitar animados debates.<\/p>\n<h3>4. Mantente seguro en Internet<\/h3>\n<ul>\n<li>Evite compartir informaci\u00f3n personal (direcci\u00f3n, datos financieros) en canales p\u00fablicos.<\/li>\n<li>Informe inmediatamente de cualquier comportamiento sospechoso u ofensivo.<\/li>\n<\/ul>\n<h2>Comparaci\u00f3n con otras aplicaciones de chat de v\u00eddeo<\/h2>\n<p>Chamet compite en un mercado saturado junto a las populares aplicaciones de videochat aleatorias. Se diferencia por:<\/p>\n<ul>\n<li><strong>Traducciones en tiempo real<\/strong>: Conversaciones interculturales sin complicaciones.<\/li>\n<li><strong>Retransmisiones en directo en grupo<\/strong>: Permite interacciones multiusuario, mientras que muchas aplicaciones aleatorias se limitan a llamadas individuales.<\/li>\n<li><strong>Regalos virtuales interactivos<\/strong>: Una forma divertida de mostrar aprecio o destacar entre los dem\u00e1s espectadores.<\/li>\n<\/ul>\n<h2>Conclusi\u00f3n<\/h2>\n<p>Chamet destaca en la aplicaci\u00f3n de videochat <a href=\"https:\/\/strangercam.com\/es\/mocospace\/\">espacio<\/a> combinando una comunidad global con funciones interactivas como traducciones en directo, regalos virtuales y transmisiones en grupo. Tanto si quieres hacer amigos en otros continentes, mejorar tus conocimientos de idiomas o simplemente probar un nuevo tipo de interacci\u00f3n social, Chamet te ofrece m\u00faltiples formas de conectarte en tiempo real.<br \/>\nAl hacer hincapi\u00e9 en la seguridad y la diversi\u00f3n, Chamet atrae a una amplia base de usuarios, desde charlatanes ocasionales hasta entusiastas de las redes sociales que buscan una forma m\u00e1s personal de interacci\u00f3n en l\u00ednea. Si est\u00e1s listo para embarcarte en nuevas amistades digitales y explorar culturas virtuales de todo el mundo, prueba Chamet y descubre qui\u00e9n te espera al otro lado de tu pr\u00f3xima videollamada.<\/p>","protected":false},"excerpt":{"rendered":"<p>Are you searching for a lively video chat app to meet new people, engage in real-time conversations, or simply explore new cultures? Chamet offers an interactive platform for one-on-one video calls, live streams, and group chats, bringing users together across the globe. In this detailed overview, we\u2019ll delve into Chamet\u2019s key features, how it works, [&hellip;]<\/p>\n","protected":false},"author":6,"featured_media":0,"parent":0,"menu_order":0,"comment_status":"closed","ping_status":"closed","template":"","meta":{"footnotes":""},"class_list":["post-12565","page","type-page","status-publish","hentry"],"yoast_head":"<!-- This site is optimized with the Yoast SEO plugin v26.9 - https:\/\/yoast.com\/product\/yoast-seo-wordpress\/ -->\n<title>Chamet - Global Video Connections &amp; Chat - StrangerCam.com<\/title>\n<meta name=\"description\" content=\"Discover Chamet, the ultimate online platform connecting you to free video chat rooms and live streams. Join Chamet today!\" \/>\n<meta name=\"robots\" content=\"index, follow, max-snippet:-1, max-image-preview:large, max-video-preview:-1\" \/>\n<link rel=\"canonical\" href=\"https:\/\/strangercam.com\/es\/chamet\/\" \/>\n<meta property=\"og:locale\" content=\"es_ES\" \/>\n<meta property=\"og:type\" content=\"article\" \/>\n<meta property=\"og:title\" content=\"Chamet - Global Video Connections &amp; Chat - StrangerCam.com\" \/>\n<meta property=\"og:description\" content=\"Discover Chamet, the ultimate online platform connecting you to free video chat rooms and live streams. Join Chamet today!\" \/>\n<meta property=\"og:url\" content=\"https:\/\/strangercam.com\/es\/chamet\/\" \/>\n<meta property=\"og:site_name\" content=\"Strangercam\" \/>\n<meta property=\"article:publisher\" content=\"https:\/\/www.facebook.com\/strangercam\" \/>\n<meta property=\"article:modified_time\" content=\"2025-02-04T07:34:08+00:00\" \/>\n<meta property=\"og:image\" content=\"https:\/\/strangercam.com\/wp-content\/uploads\/2021\/10\/Untitled-2.png\" \/>\n\t<meta property=\"og:image:width\" content=\"800\" \/>\n\t<meta property=\"og:image:height\" content=\"532\" \/>\n\t<meta property=\"og:image:type\" content=\"image\/png\" \/>\n<meta name=\"twitter:card\" content=\"summary_large_image\" \/>\n<meta name=\"twitter:site\" content=\"@strangercamapp\" \/>\n<meta name=\"twitter:label1\" content=\"Tiempo de lectura\" \/>\n\t<meta name=\"twitter:data1\" content=\"4 minutos\" \/>\n<script type=\"application\/ld+json\" class=\"yoast-schema-graph\">{\"@context\":\"https:\/\/schema.org\",\"@graph\":[{\"@type\":\"WebPage\",\"@id\":\"https:\/\/strangercam.com\/chamet\/\",\"url\":\"https:\/\/strangercam.com\/chamet\/\",\"name\":\"Chamet - Global Video Connections & Chat - StrangerCam.com\",\"isPartOf\":{\"@id\":\"https:\/\/strangercam.com\/#website\"},\"datePublished\":\"2024-10-07T08:40:10+00:00\",\"dateModified\":\"2025-02-04T07:34:08+00:00\",\"description\":\"Discover Chamet, the ultimate online platform connecting you to free video chat rooms and live streams. Join Chamet today!\",\"breadcrumb\":{\"@id\":\"https:\/\/strangercam.com\/chamet\/#breadcrumb\"},\"inLanguage\":\"es\",\"potentialAction\":[{\"@type\":\"ReadAction\",\"target\":[\"https:\/\/strangercam.com\/chamet\/\"]}]},{\"@type\":\"BreadcrumbList\",\"@id\":\"https:\/\/strangercam.com\/chamet\/#breadcrumb\",\"itemListElement\":[{\"@type\":\"ListItem\",\"position\":1,\"name\":\"Home\",\"item\":\"https:\/\/strangercam.com\/\"},{\"@type\":\"ListItem\",\"position\":2,\"name\":\"Chamet\"}]},{\"@type\":\"WebSite\",\"@id\":\"https:\/\/strangercam.com\/#website\",\"url\":\"https:\/\/strangercam.com\/\",\"name\":\"Strangercam\",\"description\":\"Random Video Chat with Strangers\",\"publisher\":{\"@id\":\"https:\/\/strangercam.com\/#organization\"},\"alternateName\":\"Strangercam.com\",\"potentialAction\":[{\"@type\":\"SearchAction\",\"target\":{\"@type\":\"EntryPoint\",\"urlTemplate\":\"https:\/\/strangercam.com\/?s={search_term_string}\"},\"query-input\":{\"@type\":\"PropertyValueSpecification\",\"valueRequired\":true,\"valueName\":\"search_term_string\"}}],\"inLanguage\":\"es\"},{\"@type\":\"Organization\",\"@id\":\"https:\/\/strangercam.com\/#organization\",\"name\":\"Strangercam\",\"alternateName\":\"Strangercam.com\",\"url\":\"https:\/\/strangercam.com\/\",\"logo\":{\"@type\":\"ImageObject\",\"inLanguage\":\"es\",\"@id\":\"https:\/\/strangercam.com\/#\/schema\/logo\/image\/\",\"url\":\"https:\/\/strangercam.com\/wp-content\/uploads\/2020\/11\/cropped-new-favicon-black.png\",\"contentUrl\":\"https:\/\/strangercam.com\/wp-content\/uploads\/2020\/11\/cropped-new-favicon-black.png\",\"width\":512,\"height\":512,\"caption\":\"Strangercam\"},\"image\":{\"@id\":\"https:\/\/strangercam.com\/#\/schema\/logo\/image\/\"},\"sameAs\":[\"https:\/\/www.facebook.com\/strangercam\",\"https:\/\/x.com\/strangercamapp\"]}]}<\/script>\n<!-- \/ Yoast SEO plugin. -->","yoast_head_json":{"title":"Chamet - Conexiones globales de v\u00eddeo y chat - StrangerCam.com","description":"Descubre Chamet, la plataforma en l\u00ednea definitiva que te conecta con salas de chat de v\u00eddeo gratuitas y retransmisiones en directo. \u00a1\u00danete a Chamet hoy mismo!","robots":{"index":"index","follow":"follow","max-snippet":"max-snippet:-1","max-image-preview":"max-image-preview:large","max-video-preview":"max-video-preview:-1"},"canonical":"https:\/\/strangercam.com\/es\/chamet\/","og_locale":"es_ES","og_type":"article","og_title":"Chamet - Global Video Connections & Chat - StrangerCam.com","og_description":"Discover Chamet, the ultimate online platform connecting you to free video chat rooms and live streams. Join Chamet today!","og_url":"https:\/\/strangercam.com\/es\/chamet\/","og_site_name":"Strangercam","article_publisher":"https:\/\/www.facebook.com\/strangercam","article_modified_time":"2025-02-04T07:34:08+00:00","og_image":[{"width":800,"height":532,"url":"https:\/\/strangercam.com\/wp-content\/uploads\/2021\/10\/Untitled-2.png","type":"image\/png"}],"twitter_card":"summary_large_image","twitter_site":"@strangercamapp","twitter_misc":{"Tiempo de lectura":"4 minutos"},"schema":{"@context":"https:\/\/schema.org","@graph":[{"@type":"WebPage","@id":"https:\/\/strangercam.com\/chamet\/","url":"https:\/\/strangercam.com\/chamet\/","name":"Chamet - Conexiones globales de v\u00eddeo y chat - StrangerCam.com","isPartOf":{"@id":"https:\/\/strangercam.com\/#website"},"datePublished":"2024-10-07T08:40:10+00:00","dateModified":"2025-02-04T07:34:08+00:00","description":"Descubre Chamet, la plataforma en l\u00ednea definitiva que te conecta con salas de chat de v\u00eddeo gratuitas y retransmisiones en directo. \u00a1\u00danete a Chamet hoy mismo!","breadcrumb":{"@id":"https:\/\/strangercam.com\/chamet\/#breadcrumb"},"inLanguage":"es","potentialAction":[{"@type":"ReadAction","target":["https:\/\/strangercam.com\/chamet\/"]}]},{"@type":"BreadcrumbList","@id":"https:\/\/strangercam.com\/chamet\/#breadcrumb","itemListElement":[{"@type":"ListItem","position":1,"name":"Home","item":"https:\/\/strangercam.com\/"},{"@type":"ListItem","position":2,"name":"Chamet"}]},{"@type":"WebSite","@id":"https:\/\/strangercam.com\/#website","url":"https:\/\/strangercam.com\/","name":"Strangercam","description":"Videochat aleatorio con desconocidos","publisher":{"@id":"https:\/\/strangercam.com\/#organization"},"alternateName":"Strangercam.com","potentialAction":[{"@type":"SearchAction","target":{"@type":"EntryPoint","urlTemplate":"https:\/\/strangercam.com\/?s={search_term_string}"},"query-input":{"@type":"PropertyValueSpecification","valueRequired":true,"valueName":"search_term_string"}}],"inLanguage":"es"},{"@type":"Organization","@id":"https:\/\/strangercam.com\/#organization","name":"Strangercam","alternateName":"Strangercam.com","url":"https:\/\/strangercam.com\/","logo":{"@type":"ImageObject","inLanguage":"es","@id":"https:\/\/strangercam.com\/#\/schema\/logo\/image\/","url":"https:\/\/strangercam.com\/wp-content\/uploads\/2020\/11\/cropped-new-favicon-black.png","contentUrl":"https:\/\/strangercam.com\/wp-content\/uploads\/2020\/11\/cropped-new-favicon-black.png","width":512,"height":512,"caption":"Strangercam"},"image":{"@id":"https:\/\/strangercam.com\/#\/schema\/logo\/image\/"},"sameAs":["https:\/\/www.facebook.com\/strangercam","https:\/\/x.com\/strangercamapp"]}]}},"_links":{"self":[{"href":"https:\/\/strangercam.com\/es\/wp-json\/wp\/v2\/pages\/12565","targetHints":{"allow":["GET"]}}],"collection":[{"href":"https:\/\/strangercam.com\/es\/wp-json\/wp\/v2\/pages"}],"about":[{"href":"https:\/\/strangercam.com\/es\/wp-json\/wp\/v2\/types\/page"}],"author":[{"embeddable":true,"href":"https:\/\/strangercam.com\/es\/wp-json\/wp\/v2\/users\/6"}],"replies":[{"embeddable":true,"href":"https:\/\/strangercam.com\/es\/wp-json\/wp\/v2\/comments?post=12565"}],"version-history":[{"count":2,"href":"https:\/\/strangercam.com\/es\/wp-json\/wp\/v2\/pages\/12565\/revisions"}],"predecessor-version":[{"id":12688,"href":"https:\/\/strangercam.com\/es\/wp-json\/wp\/v2\/pages\/12565\/revisions\/12688"}],"wp:attachment":[{"href":"https:\/\/strangercam.com\/es\/wp-json\/wp\/v2\/media?parent=12565"}],"curies":[{"name":"wp","href":"https:\/\/api.w.org\/{rel}","templated":true}]}}