{"id":12485,"date":"2024-09-30T12:13:20","date_gmt":"2024-09-30T10:13:20","guid":{"rendered":"https:\/\/strangercam.com\/?page_id=12485"},"modified":"2025-06-16T13:29:26","modified_gmt":"2025-06-16T11:29:26","slug":"chatrandom","status":"publish","type":"page","link":"https:\/\/strangercam.com\/es\/chatrandom\/","title":{"rendered":"Chatrandom"},"content":{"rendered":"<p>Chatrandom es una plataforma que permite a los usuarios participar en videochats aleatorios con desconocidos de todo el mundo, atendiendo al creciente inter\u00e9s por conocer gente nueva y experimentar culturas diversas. Esta rese\u00f1a examina varios aspectos de Chatrandom, como sus caracter\u00edsticas, experiencia de usuario, opciones de precios, medidas de seguridad y comparaci\u00f3n con la competencia.<\/p>\n<h2>Visi\u00f3n general de Chatrandom<\/h2>\n<p>Fundada en 2011, Chatrandom se ha convertido r\u00e1pidamente en un actor destacado en el \u00e1mbito del v\u00eddeo aleatorio <a href=\"https:\/\/strangercam.com\/es\/chatroulette\/\">chat<\/a> plataformas. Se cre\u00f3 para emular las interacciones espont\u00e1neas de la vida real en un entorno en l\u00ednea, rompiendo las barreras geogr\u00e1ficas y uniendo a las personas. Con millones de usuarios en todo el mundo, Chatrandom ofrece a las personas una forma accesible de conectarse, comunicarse y explorar diversas perspectivas.<\/p>\n<h2>Caracter\u00edsticas principales<\/h2>\n<h3>Random Video Chat con Desconocidos<\/h3>\n<p>La caracter\u00edstica principal de Chatrandom es su funci\u00f3n Random <a href=\"https:\/\/strangercam.com\/es\/coomeet\/\">Videochat<\/a>, que empareja a usuarios con desconocidos para mantener conversaciones de v\u00eddeo cara a cara. Los usuarios pueden empezar a chatear con un solo clic, sin necesidad de registrarse.<\/p>\n<h3>Filtros de g\u00e9nero y ubicaci\u00f3n<\/h3>\n<p>Para mejorar la personalizaci\u00f3n, Chatrandom ofrece filtros que permiten a los usuarios especificar el sexo y la ubicaci\u00f3n de las personas con las que desean conectar. Estos filtros son especialmente \u00fatiles para quienes buscan practicar un nuevo idioma o conectar con personas de una regi\u00f3n concreta.<\/p>\n<h3>M\u00faltiples modos de chat<\/h3>\n<p>Chatrandom ofrece varios modos de chat para satisfacer diferentes preferencias:<\/p>\n<ul>\n<li><strong>Chat Cam4<\/strong>: Permite chats de v\u00eddeo en grupo con hasta cuatro usuarios simult\u00e1neamente, lo que fomenta un ambiente m\u00e1s comunitario.<\/li>\n<li><strong>Chat gay<\/strong>: Una secci\u00f3n dedicada a los hombres gays para conectarse, garantizando un entorno seguro y acogedor para la comunidad LGBTQ+.<\/li>\n<li><strong>Salas de chat<\/strong>: Salas de chat tem\u00e1ticas en las que los usuarios pueden participar en discusiones de grupo basadas en intereses o temas compartidos.<\/li>\n<li><strong>Chat de texto<\/strong>: Una opci\u00f3n para los usuarios que prefieren mensajer\u00eda en lugar de v\u00eddeo, que permite conversaciones an\u00f3nimas sin c\u00e1mara web.<\/li>\n<\/ul>\n<h3>Compatibilidad m\u00f3vil<\/h3>\n<p>Consciente de la importancia de la movilidad, Chatrandom ofrece una aplicaci\u00f3n m\u00f3vil compatible con dispositivos iOS y Android. La app conserva todas las funcionalidades de la versi\u00f3n de escritorio, lo que permite a los usuarios conectarse desde cualquier lugar y en cualquier momento.<\/p>\n<h3>Apoyo ling\u00fc\u00edstico<\/h3>\n<p>Chatrandom es compatible con varios idiomas, lo que la hace accesible a un p\u00fablico mundial. Los usuarios pueden seleccionar su idioma preferido, lo que mejora la usabilidad y ampl\u00eda el atractivo de la plataforma.<\/p>\n<h2>Experiencia del usuario<\/h2>\n<h3>Interfaz y dise\u00f1o<\/h3>\n<p>Chatrandom cuenta con una interfaz limpia e intuitiva. El dise\u00f1o es sencillo y las funciones esenciales son f\u00e1cilmente accesibles desde la pantalla principal. Esta simplicidad garantiza que incluso los usuarios novatos puedan navegar por la plataforma sin ninguna dificultad.<\/p>\n<h3>Registro y accesibilidad<\/h3>\n<p>Uno de los puntos fuertes de la plataforma es su accesibilidad. Los usuarios pueden empezar a utilizar las funciones b\u00e1sicas sin registrarse, lo que elimina las barreras de entrada. Para los interesados en funciones avanzadas o personalizaci\u00f3n, el proceso de registro es r\u00e1pido y requiere una informaci\u00f3n m\u00ednima.<\/p>\n<h3>Rendimiento y fiabilidad<\/h3>\n<p>Chatrandom est\u00e1 optimizado para ofrecer un rendimiento \u00f3ptimo, con una transmisi\u00f3n de v\u00eddeo de alta calidad y un retraso m\u00ednimo. Los servidores de la plataforma son robustos, capaces de gestionar un gran n\u00famero de usuarios simult\u00e1neos sin tiempos de inactividad significativos ni problemas de rendimiento.<\/p>\n<h2>Precios y opciones de suscripci\u00f3n<\/h2>\n<p>Aunque muchas de las funciones de Chatrandom son gratuitas, la plataforma ofrece una suscripci\u00f3n premium llamada <strong>Chatrandom Plus<\/strong> para usuarios que buscan una experiencia mejorada.<\/p>\n<h3>Chatrandom Plus Ventajas<\/h3>\n<ul>\n<li><strong>Filtros avanzados<\/strong>: Acceso a filtros de g\u00e9nero y ubicaci\u00f3n m\u00e1s espec\u00edficos, incluida la posibilidad de seleccionar varios pa\u00edses.<\/li>\n<li><strong>Experiencia sin anuncios<\/strong>: Elimina todos los anuncios, proporcionando un uso ininterrumpido.<\/li>\n<li><strong>Insignia VIP<\/strong>: Una insignia distintiva que destaca el estatus premium del usuario dentro de la comunidad.<\/li>\n<li><strong>Asistencia prioritaria<\/strong>: Tiempos de respuesta m\u00e1s r\u00e1pidos del equipo de atenci\u00f3n al cliente.<\/li>\n<\/ul>\n<h3>Planes de suscripci\u00f3n<\/h3>\n<p>Chatrandom Plus ofrece opciones de suscripci\u00f3n flexibles:<\/p>\n<ul>\n<li><strong>Plan mensual<\/strong>: Ideal para usuarios que desean probar las funciones premium sin un compromiso a largo plazo.<\/li>\n<li><strong>Plan trimestral<\/strong>: Ofrece una tarifa reducida en comparaci\u00f3n con el plan mensual.<\/li>\n<li><strong>Plan anual<\/strong>: Proporciona el mejor valor para los usuarios a largo plazo, con un ahorro significativo sobre la tarifa mensual.<\/li>\n<\/ul>\n<p>El precio es competitivo y refleja el valor adicional que aportan las funciones premium.<\/p>\n<h2>Ventajas e inconvenientes<\/h2>\n<h3>Pros<\/h3>\n<ul>\n<li><strong>Interfaz f\u00e1cil de usar<\/strong>: Su dise\u00f1o sencillo garantiza la facilidad de uso para todos los usuarios.<\/li>\n<li><strong>No es obligatorio registrarse<\/strong>: Acceso inmediato a las funciones b\u00e1sicas sin necesidad de una cuenta.<\/li>\n<li><strong>Conectividad mundial<\/strong>: Conecta a usuarios de todo el mundo, fomentando el intercambio cultural y diversas interacciones.<\/li>\n<li><strong>Variedad de modos de chat<\/strong>: M\u00faltiples opciones que se adaptan a diferentes preferencias, incluidos los chats de grupo y los mensajes de texto.<\/li>\n<li><strong>Disponibilidad de la aplicaci\u00f3n m\u00f3vil<\/strong>: La plena funcionalidad en dispositivos m\u00f3viles mejora la accesibilidad.<\/li>\n<\/ul>\n<h3>Contras<\/h3>\n<ul>\n<li><strong>Funciones limitadas para usuarios gratuitos<\/strong>: Los filtros avanzados y algunos modos de chat requieren una suscripci\u00f3n premium.<\/li>\n<li><strong>Moderaci\u00f3n incoherente<\/strong>: A pesar de los esfuerzos, alg\u00fan contenido o comportamiento inadecuado puede colarse.<\/li>\n<li><strong>Anuncios en la versi\u00f3n gratuita<\/strong>: Los anuncios pueden ser intrusivos y perturbar la experiencia del usuario.<\/li>\n<li><strong>Posibles problemas de privacidad<\/strong>: Como en cualquier plataforma en l\u00ednea, los usuarios deben ser cautelosos a la hora de compartir informaci\u00f3n personal.<\/li>\n<\/ul>\n<h2>Seguridad y privacidad de los usuarios<\/h2>\n<h3>Pol\u00edticas de moderaci\u00f3n<\/h3>\n<p>Chatrandom cuenta con un equipo de moderadores y sistemas automatizados que vigilan la plataforma para detectar contenidos y comportamientos inapropiados. Los usuarios pueden denunciar infracciones, y normalmente se act\u00faa con rapidez para mantener un entorno seguro.<\/p>\n<h3>Medidas de protecci\u00f3n de la intimidad<\/h3>\n<ul>\n<li><strong>Chat an\u00f3nimo<\/strong>: Los usuarios no est\u00e1n obligados a proporcionar informaci\u00f3n personal para utilizar las funciones b\u00e1sicas.<\/li>\n<li><strong>Protecci\u00f3n de datos<\/strong>: Chatrandom cumple las leyes y normativas sobre privacidad, garantizando la protecci\u00f3n de los datos de los usuarios.<\/li>\n<li><strong>Bloqueo e informes<\/strong>: Los usuarios tienen la posibilidad de bloquear a otros y denunciar cualquier conducta indebida directamente a trav\u00e9s de la plataforma.<\/li>\n<\/ul>\n<h3>Consejos para los usuarios<\/h3>\n<ul>\n<li><strong>Proteger la informaci\u00f3n personal<\/strong>: Evita compartir datos sensibles como el nombre completo, la direcci\u00f3n o informaci\u00f3n financiera.<\/li>\n<li><strong>Utilice los filtros con prudencia<\/strong>: Utiliza los filtros disponibles para conectar con usuarios que coincidan con tus preferencias, lo que puede aumentar la seguridad.<\/li>\n<li><strong>Sea prudente<\/strong>: Conf\u00eda en tus instintos y desconecta de cualquier conversaci\u00f3n que te haga sentir inc\u00f3modo.<\/li>\n<\/ul>\n<h2>Comparaci\u00f3n con la competencia<\/h2>\n<h3>Chatrandom vs. Omegle<\/h3>\n<ul>\n<li><strong>Caracter\u00edsticas<\/strong>: Chatrandom ofrece m\u00e1s funciones, como m\u00faltiples modos de chat y filtros avanzados, mientras que <a href=\"https:\/\/strangercam.com\/es\/omegle\/\">Omegle<\/a> se centra principalmente en chats aleatorios b\u00e1sicos.<\/li>\n<li><strong>Interfaz de usuario<\/strong>: La interfaz de Chatrandom es m\u00e1s moderna y f\u00e1cil de usar que el dise\u00f1o minimalista de Omegle.<\/li>\n<li><strong>Aplicaci\u00f3n m\u00f3vil<\/strong>: Chatrandom dispone de una aplicaci\u00f3n m\u00f3vil que ofrece mayor accesibilidad, mientras que Omegle se limita a los navegadores web.<\/li>\n<\/ul>\n<h3>Chatrandom vs. Chatroulette<\/h3>\n<ul>\n<li><strong>Tama\u00f1o de la Comunidad<\/strong>: Ambas plataformas tienen grandes bases de usuarios, pero Chatrandom suele tener un mayor n\u00famero de usuarios activos en un momento dado.<\/li>\n<li><strong>Medidas de seguridad<\/strong>: Chatrandom cuenta con sistemas de moderaci\u00f3n y denuncia m\u00e1s robustos.<\/li>\n<li><strong>Caracter\u00edsticas adicionales<\/strong>: Los m\u00faltiples modos de chat y filtros de Chatrandom proporcionan una experiencia m\u00e1s personalizada en comparaci\u00f3n con la oferta directa de chat aleatorio de Chatroulette.<\/li>\n<\/ul>\n<h3>Chatrandom vs. Tinychat<\/h3>\n<ul>\n<li><strong>Modos de chat<\/strong>: <a href=\"https:\/\/strangercam.com\/es\/tinychat\/\">Tinychat<\/a> se centra en los chats de v\u00eddeo en grupo y la transmisi\u00f3n en directo, mientras que Chatrandom ofrece opciones de chat individual y en grupo.<\/li>\n<li><strong>Base de usuarios<\/strong>: Chatrandom cuenta con una base mundial de usuarios m\u00e1s diversa, lo que aumenta las oportunidades de establecer conexiones internacionales.<\/li>\n<li><strong>Facilidad de uso<\/strong>: La pol\u00edtica de Chatrandom de no registrarse para las funciones b\u00e1sicas hace que sea m\u00e1s accesible para los nuevos usuarios.<\/li>\n<\/ul>\n<h2>Conclusi\u00f3n<\/h2>\n<p>Chatrandom destaca en el abarrotado espacio de <a href=\"https:\/\/strangercam.com\/es\/chathub\/\">chat de v\u00eddeo aleatorio<\/a> ofreciendo una interfaz f\u00e1cil de usar, una variedad de modos de chat y funciones que se adaptan a un p\u00fablico diverso. Su compromiso de conectar a personas de todo el mundo es evidente gracias a su compatibilidad ling\u00fc\u00edstica y a su amplia base de usuarios. Aunque hay aspectos mejorables, sobre todo en la moderaci\u00f3n y la ampliaci\u00f3n de las funciones gratuitas, Chatrandom ofrece un servicio valioso para quienes buscan entablar conversaciones espont\u00e1neas y ampliar sus horizontes. Tanto si buscas nuevas amistades, practicar idiomas o simplemente pasar el tiempo de forma entretenida, Chatrandom es una plataforma que merece la pena explorar.<\/p>","protected":false},"excerpt":{"rendered":"<p>Chatrandom is a platform that enables users to engage in random video chats with strangers worldwide, addressing the growing interest in meeting new people and experiencing diverse cultures. This review examines various aspects of Chatrandom, including its features, user experience, pricing options, safety measures, and comparison with competitors. Overview of Chatrandom Established in 2011, Chatrandom [&hellip;]<\/p>\n","protected":false},"author":7,"featured_media":0,"parent":0,"menu_order":0,"comment_status":"closed","ping_status":"closed","template":"","meta":{"footnotes":""},"class_list":["post-12485","page","type-page","status-publish","hentry"],"yoast_head":"<!-- This site is optimized with the Yoast SEO plugin v27.4 - https:\/\/yoast.com\/product\/yoast-seo-wordpress\/ -->\n<title>Chatrandom - Alternatives &amp; Reviews of Chat Sites - StrangerCam<\/title>\n<meta name=\"description\" content=\"Discover the best Video Chat Sites, complete with ratings and reviews. Enjoy free cam chats that let you meet new people.\" \/>\n<meta name=\"robots\" content=\"index, follow, max-snippet:-1, max-image-preview:large, max-video-preview:-1\" \/>\n<link rel=\"canonical\" href=\"https:\/\/strangercam.com\/es\/chatrandom\/\" \/>\n<meta property=\"og:locale\" content=\"es_ES\" \/>\n<meta property=\"og:type\" content=\"article\" \/>\n<meta property=\"og:title\" content=\"Chatrandom - Alternatives &amp; Reviews of Chat Sites - StrangerCam\" \/>\n<meta property=\"og:description\" content=\"Discover the best Video Chat Sites, complete with ratings and reviews. Enjoy free cam chats that let you meet new people.\" \/>\n<meta property=\"og:url\" content=\"https:\/\/strangercam.com\/es\/chatrandom\/\" \/>\n<meta property=\"og:site_name\" content=\"Strangercam\" \/>\n<meta property=\"article:publisher\" content=\"https:\/\/www.facebook.com\/strangercam\" \/>\n<meta property=\"article:modified_time\" content=\"2025-06-16T11:29:26+00:00\" \/>\n<meta property=\"og:image\" content=\"https:\/\/strangercam.com\/wp-content\/uploads\/2021\/10\/Untitled-2.png\" \/>\n\t<meta property=\"og:image:width\" content=\"800\" \/>\n\t<meta property=\"og:image:height\" content=\"532\" \/>\n\t<meta property=\"og:image:type\" content=\"image\/png\" \/>\n<meta name=\"twitter:card\" content=\"summary_large_image\" \/>\n<meta name=\"twitter:site\" content=\"@strangercamapp\" \/>\n<meta name=\"twitter:label1\" content=\"Tiempo de lectura\" \/>\n\t<meta name=\"twitter:data1\" content=\"6 minutos\" \/>\n<script type=\"application\/ld+json\" class=\"yoast-schema-graph\">{\"@context\":\"https:\\\/\\\/schema.org\",\"@graph\":[{\"@type\":\"WebPage\",\"@id\":\"https:\\\/\\\/strangercam.com\\\/chatrandom\\\/\",\"url\":\"https:\\\/\\\/strangercam.com\\\/chatrandom\\\/\",\"name\":\"Chatrandom - Alternatives & Reviews of Chat Sites - StrangerCam\",\"isPartOf\":{\"@id\":\"https:\\\/\\\/strangercam.com\\\/#website\"},\"datePublished\":\"2024-09-30T10:13:20+00:00\",\"dateModified\":\"2025-06-16T11:29:26+00:00\",\"description\":\"Discover the best Video Chat Sites, complete with ratings and reviews. Enjoy free cam chats that let you meet new people.\",\"breadcrumb\":{\"@id\":\"https:\\\/\\\/strangercam.com\\\/chatrandom\\\/#breadcrumb\"},\"inLanguage\":\"es\",\"potentialAction\":[{\"@type\":\"ReadAction\",\"target\":[\"https:\\\/\\\/strangercam.com\\\/chatrandom\\\/\"]}]},{\"@type\":\"BreadcrumbList\",\"@id\":\"https:\\\/\\\/strangercam.com\\\/chatrandom\\\/#breadcrumb\",\"itemListElement\":[{\"@type\":\"ListItem\",\"position\":1,\"name\":\"Home\",\"item\":\"https:\\\/\\\/strangercam.com\\\/\"},{\"@type\":\"ListItem\",\"position\":2,\"name\":\"Chatrandom\"}]},{\"@type\":\"WebSite\",\"@id\":\"https:\\\/\\\/strangercam.com\\\/#website\",\"url\":\"https:\\\/\\\/strangercam.com\\\/\",\"name\":\"Strangercam\",\"description\":\"Random Video Chat with Strangers\",\"publisher\":{\"@id\":\"https:\\\/\\\/strangercam.com\\\/#organization\"},\"alternateName\":\"Strangercam.com\",\"potentialAction\":[{\"@type\":\"SearchAction\",\"target\":{\"@type\":\"EntryPoint\",\"urlTemplate\":\"https:\\\/\\\/strangercam.com\\\/?s={search_term_string}\"},\"query-input\":{\"@type\":\"PropertyValueSpecification\",\"valueRequired\":true,\"valueName\":\"search_term_string\"}}],\"inLanguage\":\"es\"},{\"@type\":\"Organization\",\"@id\":\"https:\\\/\\\/strangercam.com\\\/#organization\",\"name\":\"Strangercam\",\"alternateName\":\"Strangercam.com\",\"url\":\"https:\\\/\\\/strangercam.com\\\/\",\"logo\":{\"@type\":\"ImageObject\",\"inLanguage\":\"es\",\"@id\":\"https:\\\/\\\/strangercam.com\\\/#\\\/schema\\\/logo\\\/image\\\/\",\"url\":\"https:\\\/\\\/strangercam.com\\\/wp-content\\\/uploads\\\/2020\\\/11\\\/cropped-new-favicon-black.png\",\"contentUrl\":\"https:\\\/\\\/strangercam.com\\\/wp-content\\\/uploads\\\/2020\\\/11\\\/cropped-new-favicon-black.png\",\"width\":512,\"height\":512,\"caption\":\"Strangercam\"},\"image\":{\"@id\":\"https:\\\/\\\/strangercam.com\\\/#\\\/schema\\\/logo\\\/image\\\/\"},\"sameAs\":[\"https:\\\/\\\/www.facebook.com\\\/strangercam\",\"https:\\\/\\\/x.com\\\/strangercamapp\"]}]}<\/script>\n<!-- \/ Yoast SEO plugin. -->","yoast_head_json":{"title":"Chatrandom - Alternativas y revisiones de sitios de chat - StrangerCam","description":"Descubre los mejores sitios de videochat, con valoraciones y rese\u00f1as. Disfruta de chats por c\u00e1mara gratuitos que te permitir\u00e1n conocer gente nueva.","robots":{"index":"index","follow":"follow","max-snippet":"max-snippet:-1","max-image-preview":"max-image-preview:large","max-video-preview":"max-video-preview:-1"},"canonical":"https:\/\/strangercam.com\/es\/chatrandom\/","og_locale":"es_ES","og_type":"article","og_title":"Chatrandom - Alternatives & Reviews of Chat Sites - StrangerCam","og_description":"Discover the best Video Chat Sites, complete with ratings and reviews. Enjoy free cam chats that let you meet new people.","og_url":"https:\/\/strangercam.com\/es\/chatrandom\/","og_site_name":"Strangercam","article_publisher":"https:\/\/www.facebook.com\/strangercam","article_modified_time":"2025-06-16T11:29:26+00:00","og_image":[{"width":800,"height":532,"url":"https:\/\/strangercam.com\/wp-content\/uploads\/2021\/10\/Untitled-2.png","type":"image\/png"}],"twitter_card":"summary_large_image","twitter_site":"@strangercamapp","twitter_misc":{"Tiempo de lectura":"6 minutos"},"schema":{"@context":"https:\/\/schema.org","@graph":[{"@type":"WebPage","@id":"https:\/\/strangercam.com\/chatrandom\/","url":"https:\/\/strangercam.com\/chatrandom\/","name":"Chatrandom - Alternativas y revisiones de sitios de chat - StrangerCam","isPartOf":{"@id":"https:\/\/strangercam.com\/#website"},"datePublished":"2024-09-30T10:13:20+00:00","dateModified":"2025-06-16T11:29:26+00:00","description":"Descubre los mejores sitios de videochat, con valoraciones y rese\u00f1as. Disfruta de chats por c\u00e1mara gratuitos que te permitir\u00e1n conocer gente nueva.","breadcrumb":{"@id":"https:\/\/strangercam.com\/chatrandom\/#breadcrumb"},"inLanguage":"es","potentialAction":[{"@type":"ReadAction","target":["https:\/\/strangercam.com\/chatrandom\/"]}]},{"@type":"BreadcrumbList","@id":"https:\/\/strangercam.com\/chatrandom\/#breadcrumb","itemListElement":[{"@type":"ListItem","position":1,"name":"Home","item":"https:\/\/strangercam.com\/"},{"@type":"ListItem","position":2,"name":"Chatrandom"}]},{"@type":"WebSite","@id":"https:\/\/strangercam.com\/#website","url":"https:\/\/strangercam.com\/","name":"Strangercam","description":"Videochat aleatorio con desconocidos","publisher":{"@id":"https:\/\/strangercam.com\/#organization"},"alternateName":"Strangercam.com","potentialAction":[{"@type":"SearchAction","target":{"@type":"EntryPoint","urlTemplate":"https:\/\/strangercam.com\/?s={search_term_string}"},"query-input":{"@type":"PropertyValueSpecification","valueRequired":true,"valueName":"search_term_string"}}],"inLanguage":"es"},{"@type":"Organization","@id":"https:\/\/strangercam.com\/#organization","name":"Strangercam","alternateName":"Strangercam.com","url":"https:\/\/strangercam.com\/","logo":{"@type":"ImageObject","inLanguage":"es","@id":"https:\/\/strangercam.com\/#\/schema\/logo\/image\/","url":"https:\/\/strangercam.com\/wp-content\/uploads\/2020\/11\/cropped-new-favicon-black.png","contentUrl":"https:\/\/strangercam.com\/wp-content\/uploads\/2020\/11\/cropped-new-favicon-black.png","width":512,"height":512,"caption":"Strangercam"},"image":{"@id":"https:\/\/strangercam.com\/#\/schema\/logo\/image\/"},"sameAs":["https:\/\/www.facebook.com\/strangercam","https:\/\/x.com\/strangercamapp"]}]}},"_links":{"self":[{"href":"https:\/\/strangercam.com\/es\/wp-json\/wp\/v2\/pages\/12485","targetHints":{"allow":["GET"]}}],"collection":[{"href":"https:\/\/strangercam.com\/es\/wp-json\/wp\/v2\/pages"}],"about":[{"href":"https:\/\/strangercam.com\/es\/wp-json\/wp\/v2\/types\/page"}],"author":[{"embeddable":true,"href":"https:\/\/strangercam.com\/es\/wp-json\/wp\/v2\/users\/7"}],"replies":[{"embeddable":true,"href":"https:\/\/strangercam.com\/es\/wp-json\/wp\/v2\/comments?post=12485"}],"version-history":[{"count":1,"href":"https:\/\/strangercam.com\/es\/wp-json\/wp\/v2\/pages\/12485\/revisions"}],"predecessor-version":[{"id":12865,"href":"https:\/\/strangercam.com\/es\/wp-json\/wp\/v2\/pages\/12485\/revisions\/12865"}],"wp:attachment":[{"href":"https:\/\/strangercam.com\/es\/wp-json\/wp\/v2\/media?parent=12485"}],"curies":[{"name":"wp","href":"https:\/\/api.w.org\/{rel}","templated":true}]}}