{"id":12397,"date":"2024-05-09T11:32:55","date_gmt":"2024-05-09T09:32:55","guid":{"rendered":"https:\/\/strangercam.com\/?page_id=12397"},"modified":"2024-05-09T11:33:57","modified_gmt":"2024-05-09T09:33:57","slug":"crushroulette","status":"publish","type":"page","link":"https:\/\/strangercam.com\/es\/crushroulette\/","title":{"rendered":"CrushRoulette"},"content":{"rendered":"<p>CrushRoulette, como su nombre indica, ofrece a los usuarios la estimulante oportunidad de sumergirse en conversaciones espont\u00e1neas con desconocidos, pero con un toque distintivo. En esencia, CrushRoulette es un servicio de v\u00eddeo en l\u00ednea. <a href=\"https:\/\/strangercam.com\/es\/chatroulette\/\">chat<\/a> dise\u00f1ada para conectar a personas de diversos or\u00edgenes y rincones del planeta. A diferencia de muchas plataformas similares, CrushRoulette introduce un enfoque novedoso de las interacciones en l\u00ednea al ofrecer una experiencia de chat aleatoria, a menudo llena de conversaciones inesperadas pero encantadoras.<\/p>\n<h2>Objetivo y escenarios de uso<\/h2>\n<p>La esencia de CrushRoulette va m\u00e1s all\u00e1 de la emoci\u00f3n de lo impredecible. Fue creado para resolver problemas comunes encontrados en otras plataformas de chat. He aqu\u00ed varios escenarios en los que CrushRoulette destaca:<\/p>\n<ul>\n<li>En busca de conversaciones genuinas: CrushRoulette ofrece una alternativa refrescante a quienes est\u00e1n hartos de las interacciones impersonales en las redes sociales. Los usuarios pueden entablar conversaciones aut\u00e9nticas de t\u00fa a t\u00fa sin pretensiones.<\/li>\n<li>Intercambio cultural: Si te interesa conocer una cultura de la mano de alguien que la vive a diario, CrushRoulette te sirve de puente, proporcion\u00e1ndote perspectivas sobre estilos de vida globales.<\/li>\n<li>Rompe con la soledad: En una \u00e9poca en la que las conexiones digitales sustituyen a menudo a las f\u00edsicas, pueden surgir sentimientos de aislamiento. CrushRoulette ofrece un santuario a quienes buscan simplemente hablar y sentirse conectados, aunque sea brevemente.<\/li>\n<li>Mejora de las habilidades: La plataforma se convierte en un aula informal para practicar un nuevo idioma, comprender las pr\u00e1cticas comerciales de una regi\u00f3n u obtener diferentes puntos de vista sobre un tema. CrushRoulette se hace un hueco en el vasto mundo del chat en l\u00ednea centr\u00e1ndose en conversaciones aut\u00e9nticas y aleatorias, lo que atrae a un amplio espectro de usuarios que buscan una interacci\u00f3n humana real.<\/li>\n<\/ul>\n<h2>Caracter\u00edsticas y funciones principales de CrushRoulette<\/h2>\n<p>El primer aspecto que capta la atenci\u00f3n de un usuario en cualquier plataforma es su dise\u00f1o. CrushRoulette combina la sencillez con la elegancia de forma eficaz, garantizando que usuarios de todos los niveles tecnol\u00f3gicos puedan navegar con facilidad. La paleta de colores, los iconos intuitivos y las transiciones suaves crean un entorno acogedor. Cada elemento de dise\u00f1o est\u00e1 cuidadosamente colocado para reducir el desorden y mejorar la experiencia del usuario.<\/p>\n<h3>Algoritmo aleatorio de comparaci\u00f3n de v\u00eddeos<\/h3>\n<p>El coraz\u00f3n de CrushRoulette reside en su algoritmo aleatorio de emparejamiento de v\u00eddeos, que garantiza que cada sesi\u00f3n de chat sea un nuevo comienzo. Los usuarios son emparejados con desconocidos de todo el mundo, lo que a\u00f1ade un elemento de sorpresa y emoci\u00f3n. El algoritmo funciona a la perfecci\u00f3n, garantizando transiciones fluidas entre chats y minimizando los tiempos de espera.<\/p>\n<h3>Opciones de filtro de g\u00e9nero<\/h3>\n<p>Reconociendo que los usuarios pueden tener preferencias en sus compa\u00f1eros de chat, CrushRoulette incluye una funci\u00f3n de Filtro de G\u00e9nero. Esto permite a los usuarios elegir el g\u00e9nero con el que desean interactuar, no s\u00f3lo por comodidad, sino tambi\u00e9n para personalizar la experiencia de chat.<\/p>\n<h3>Medidas de seguridad y privacidad<\/h3>\n<p>La seguridad es primordial en una plataforma que fomenta las interacciones con desconocidos. CrushRoulette integra s\u00f3lidos protocolos de seguridad y privacidad, desde sesiones de chat encriptadas hasta estrictas pol\u00edticas de moderaci\u00f3n, que garantizan que los usuarios se sientan seguros. Funciones como la facilidad para denunciar comportamientos inapropiados y la posibilidad de finalizar r\u00e1pidamente un chat a\u00f1aden capas adicionales de protecci\u00f3n.<\/p>\n<h3>Herramientas ling\u00fc\u00edsticas y de traducci\u00f3n<\/h3>\n<p>Con una base de usuarios global, las barreras ling\u00fc\u00edsticas podr\u00edan dificultar interacciones significativas en CrushRoulette. Sin embargo, las herramientas integradas de idiomas y traducci\u00f3n permiten una comunicaci\u00f3n sin esfuerzo, incluso si los usuarios no comparten un idioma com\u00fan. Esto no s\u00f3lo facilita los intercambios culturales, sino que tambi\u00e9n garantiza una conversaci\u00f3n fluida.<\/p>\n<h2>Compatibilidad con m\u00f3viles y ordenadores de sobremesa<\/h2>\n<p>Consciente de la diversidad de formas en que las personas acceden a las plataformas en l\u00ednea, CrushRoulette est\u00e1 optimizado tanto para usuarios de m\u00f3viles como de ordenadores de sobremesa. Tanto si alguien quiere chatear desde su smartphone como desde la comodidad de su casa en un ordenador, la experiencia es coherente y fluida.<\/p>\n<p>En conjunto, estas caracter\u00edsticas y funcionalidades describen una plataforma que no se limita a establecer conexiones aleatorias, sino que se esfuerza por garantizar que cada interacci\u00f3n sea significativa, segura y agradable.<\/p>\n<h2>Consejos para chatear con chicas en CrushRoulette<\/h2>\n<p>Para ayudar a los usuarios a tener mejores y m\u00e1s significativas interacciones con las mujeres en CrushRoulette, aqu\u00ed hay algunos consejos espec\u00edficos y secciones que podr\u00edan mejorar la experiencia del usuario y la etiqueta al chatear:<\/p>\n<h3>Empezar bien la conversaci\u00f3n<\/h3>\n<p><strong>Las primeras impresiones cuentan<\/strong>: Cuando conectes con alguien en CrushRoulette, empieza con un saludo amistoso. Una sonrisa y un simple \"Hola, \u00bfqu\u00e9 tal?\" pueden dar un tono positivo a la conversaci\u00f3n. Es importante mostrarse accesible y abierto.<\/p>\n<p><strong>Comenta algo interesante<\/strong>: Si la plataforma permite informaci\u00f3n sobre el perfil o si hay pistas visuales en el fondo, hacer un comentario respetuoso o una pregunta genuina sobre algo que te llame la atenci\u00f3n puede ser una gran forma de romper el hielo.<\/p>\n<h4>Mantener una interacci\u00f3n respetuosa y atractiva<\/h4>\n<p><strong>Mostrar inter\u00e9s genuino<\/strong>: Haga preguntas abiertas para fomentar el di\u00e1logo en lugar de simples respuestas de s\u00ed o no. Los temas pueden incluir aficiones, pel\u00edculas favoritas o experiencias de viaje memorables. Esto demuestra que te interesa saber m\u00e1s sobre ella como persona.<\/p>\n<p><strong>Sea un oyente activo<\/strong>: Presta mucha atenci\u00f3n a lo que dice. Esto no s\u00f3lo te ayudar\u00e1 a entenderla mejor, sino que tambi\u00e9n har\u00e1 que la conversaci\u00f3n sea m\u00e1s interesante para los dos. Reacciona y responde en funci\u00f3n de lo que te diga, en lugar de desviar la conversaci\u00f3n hacia ti.<\/p>\n<p><strong>Atentamente<\/strong>: Si se siente obligado a hacer un cumplido, que sea aut\u00e9ntico y no superficial. Hal\u00e1gala por su perspicacia, su humor o su forma de expresarse, no s\u00f3lo por su aspecto.<\/p>\n<h3>Mantener la conversaci\u00f3n<\/h3>\n<p><strong>Compartir historias<\/strong>: Compartir an\u00e9cdotas personales puede hacer que la interacci\u00f3n sea m\u00e1s personal y cercana. Escoge historias alegres y positivas, que pueden llevar a una experiencia m\u00e1s agradable y cercana.<\/p>\n<p><strong>Respetar los l\u00edmites<\/strong>: Es fundamental ser respetuoso con su nivel de comodidad. Evita los temas demasiado personales o delicados a menos que ella los saque o muestre inter\u00e9s en hablar de ellos. Si se siente inc\u00f3moda, cambia de tema o deja que ella dirija la conversaci\u00f3n hacia un tema con el que se sienta c\u00f3moda.<\/p>\n<p><strong>Utilice el humor con prudencia<\/strong>: El humor puede ser una buena forma de aliviar la incomodidad y hacer que la conversaci\u00f3n sea agradable. Sin embargo, mant\u00e9n la limpieza y evita bromas que puedan resultar ofensivas o demasiado personales.<\/p>\n<h3>Terminar el chat con gracia<\/h3>\n<p><strong>Sea educado al salir<\/strong>: Si tienes que abandonar el chat, hazlo educadamente. Un simple \u201cMe ha gustado hablar contigo, pero tengo que irme. Ha sido un placer conocerte\u201d deja una impresi\u00f3n positiva y termina la conversaci\u00f3n con buen sabor de boca.<\/p>\n<p><strong>Intercambiar contactos si es mutuo<\/strong>: Si la conversaci\u00f3n ha ido bien y ambos expres\u00e1is inter\u00e9s en seguir en contacto, CrushRoulette puede permitir a los usuarios intercambiar datos de contacto. Aseg\u00farate de que el inter\u00e9s es mutuo antes de sugerir conectar fuera de la plataforma.<\/p>\n<h3>Seguridad y consentimiento<\/h3>\n<p><strong>Priorizar siempre el consentimiento<\/strong>: Aseg\u00farate de que cualquier pregunta o tema personal se aborda con consentimiento. Nunca des por sentado que la otra persona se siente c\u00f3moda con todo lo que se plantea en una conversaci\u00f3n.<\/p>\n<p><strong>Denunciar un comportamiento inadecuado<\/strong>: Utiliza las funciones de denuncia de CrushRoulette si encuentras alg\u00fan comportamiento inapropiado. Mantener la plataforma segura y respetuosa es una responsabilidad colectiva.<\/p>\n<p>Estos consejos est\u00e1n dise\u00f1ados para ayudar a crear un ambiente respetuoso, atractivo y agradable en CrushRoulette, mejorando la experiencia general al chatear con mujeres en la plataforma.<\/p>\n<h2>Videochat aleatorio y el atractivo de CrushRoulette<\/h2>\n<p><a href=\"https:\/\/strangercam.com\/es\/chathub\/\">Videochat aleatorio<\/a> se refiere al concepto de conectar con desconocidos a trav\u00e9s de videollamadas en una plataforma digital, en la que el sistema selecciona aleatoriamente a las personas con las que se chatea. Esta forma de interacci\u00f3n digital ha ganado una inmensa popularidad debido a su naturaleza espont\u00e1nea y a la emoci\u00f3n que provoca. CrushRoulette, una plataforma l\u00edder en este <a href=\"https:\/\/strangercam.com\/es\/mocospace\/\">espacio<\/a>, ejemplifica por qu\u00e9 el azar <a href=\"https:\/\/strangercam.com\/es\/rabbit-video-chat\/\">chat de v\u00eddeo<\/a> se ha convertido en la forma favorita de <a href=\"https:\/\/strangercam.com\/es\/coomeet\/\">conozca<\/a> e interactuar de todo el mundo.<\/p>\n<h3>La emoci\u00f3n de la espontaneidad<\/h3>\n<p>Uno de los principales atractivos del videochat aleatorio, sobre todo en plataformas como CrushRoulette, es el factor sorpresa. Cada sesi\u00f3n trae una cara nueva, un trasfondo diferente y una conversaci\u00f3n nueva. Esta imprevisibilidad mantiene la experiencia emocionante e impredecible, como una versi\u00f3n digital de una caja misteriosa.<\/p>\n<h3>Derribar las barreras mundiales<\/h3>\n<p>CrushRoulette y servicios similares conectan a usuarios de diversos pa\u00edses, rompiendo barreras geogr\u00e1ficas y culturales. Esta exposici\u00f3n a diversas culturas y estilos de vida enriquece la experiencia del usuario, proporcionando una plataforma educativa y social \u00fanica en la que se puede aprender sobre el mundo de una forma que los medios tradicionales no pueden ofrecer.<\/p>\n<h3>Facilidad para conocer gente nueva<\/h3>\n<p>Para muchos, especialmente en el ajetreado y a veces aislado mundo actual, encontrar nuevos amigos o conversaciones interesantes puede ser todo un reto. Las plataformas de videochat aleatorio como CrushRoulette ofrecen una forma c\u00f3moda y sin presiones de conocer gente nueva. Tanto si buscas una charla r\u00e1pida como una amistad duradera, estas plataformas pueden satisfacer todas las necesidades.<\/p>\n<h3>Interacci\u00f3n en tiempo real<\/h3>\n<p>A diferencia de los chats basados en texto, los chats de v\u00eddeo permiten la interacci\u00f3n cara a cara en tiempo real, lo que a\u00f1ade una capa de autenticidad a la conversaci\u00f3n. Puedes ver las reacciones de la persona, o\u00edr su tono de voz y participar de una forma m\u00e1s personal y significativa. CrushRoulette aprovecha la transmisi\u00f3n de v\u00eddeo de alta calidad para mejorar esta experiencia, haciendo que las conversaciones sean m\u00e1s v\u00edvidas y atractivas.<\/p>\n<h3>Funciones divertidas y personalizaci\u00f3n<\/h3>\n<p>CrushRoulette mejora la experiencia del videochat aleatorio incorporando divertidas funciones como filtros, efectos y avatares personalizados. Estos elementos permiten a los usuarios expresarse de forma creativa, a\u00f1adiendo otra capa de diversi\u00f3n a la interacci\u00f3n. Adem\u00e1s, los ajustes de privacidad personalizables garantizan que los usuarios se sientan seguros y en control de su experiencia de chat.<\/p>\n<h3>Accesibilidad y comodidad<\/h3>\n<p>Plataformas como CrushRoulette est\u00e1n dise\u00f1adas para ser accesibles y f\u00e1ciles de usar, para personas de todas las edades y niveles t\u00e9cnicos. Con unos pocos clics, los usuarios pueden conectarse con alguien nuevo, lo que la convierte en una forma muy c\u00f3moda de socializar y hacer contactos sin necesidad de desplazarse f\u00edsicamente.<\/p>\n<p>La combinaci\u00f3n de estas caracter\u00edsticas hace del videochat aleatorio una actividad en l\u00ednea continuamente popular. CrushRoulette, con su enfoque en la creaci\u00f3n de conexiones genuinas y espont\u00e1neas de forma segura y divertida, representa la evoluci\u00f3n de la comunicaci\u00f3n digital, uniendo a personas de todos los rincones del planeta de las formas m\u00e1s inesperadas y encantadoras.<\/p>\n<p>En conclusi\u00f3n, las plataformas de videochat aleatorio como CrushRoulette han revolucionado la forma en que nos conectamos e interactuamos en la era digital. Al ofrecer una mezcla de espontaneidad, intercambio cultural e interacci\u00f3n en tiempo real, estas plataformas proporcionan una forma \u00fanica y emocionante de conocer gente nueva y ampliar nuestros horizontes sociales desde la comodidad de nuestros hogares. CrushRoulette, con su dise\u00f1o f\u00e1cil de usar, sus s\u00f3lidas funciones de seguridad y sus divertidos elementos interactivos, destaca como la mejor opci\u00f3n para quienes buscan explorar el apasionante mundo de los videochats aleatorios.<\/p>\n<p>Tanto si quieres hacer nuevos amigos, conocer otras culturas o simplemente divertirte, CrushRoulette te ofrece un entorno seguro, atractivo y agradable para ampliar tu red social. Su compromiso por mantener la privacidad de los usuarios y garantizar una comunidad respetuosa la convierten en una plataforma fiable para mantener conversaciones significativas y divertidas.<\/p>\n<p>A medida que el panorama digital sigue evolucionando, plataformas como CrushRoulette est\u00e1n llamadas a desempe\u00f1ar un papel importante en la configuraci\u00f3n de nuestra forma de interactuar con el mundo. \u00bfPor qu\u00e9 no te sumerges y ves ad\u00f3nde te puede llevar un simple clic en CrushRoulette? Podr\u00eda abrirte un mundo de posibilidades y ofrecerte conexiones que podr\u00edan transformar tu perspectiva global, chat a chat.<\/p>","protected":false},"excerpt":{"rendered":"<p>CrushRoulette, as its name suggests, offers users the exhilarating opportunity to plunge into spontaneous conversations with strangers, but with a distinctive twist. At its core, CrushRoulette is an online video chat platform designed to connect people from diverse backgrounds and different corners of the globe. Unlike many similar platforms, CrushRoulette introduces a novel approach to [&hellip;]<\/p>\n","protected":false},"author":6,"featured_media":12398,"parent":0,"menu_order":0,"comment_status":"closed","ping_status":"closed","template":"","meta":{"footnotes":""},"class_list":["post-12397","page","type-page","status-publish","has-post-thumbnail","hentry"],"yoast_head":"<!-- This site is optimized with the Yoast SEO plugin v27.4 - https:\/\/yoast.com\/product\/yoast-seo-wordpress\/ -->\n<title>CrushRoulette Random Video Chat - StrangerCam.com<\/title>\n<meta name=\"description\" content=\"Like CrushRoulette? Come chat with more than 5.000.000 strangers on Stranger Cam for Free! Turn on your cam and find new friends &amp; maby a match!\" \/>\n<meta name=\"robots\" content=\"index, follow, max-snippet:-1, max-image-preview:large, max-video-preview:-1\" \/>\n<link rel=\"canonical\" href=\"https:\/\/strangercam.com\/es\/crushroulette\/\" \/>\n<meta property=\"og:locale\" content=\"es_ES\" \/>\n<meta property=\"og:type\" content=\"article\" \/>\n<meta property=\"og:title\" content=\"CrushRoulette Random Video Chat - StrangerCam.com\" \/>\n<meta property=\"og:description\" content=\"Like CrushRoulette? Come chat with more than 5.000.000 strangers on Stranger Cam for Free! Turn on your cam and find new friends &amp; maby a match!\" \/>\n<meta property=\"og:url\" content=\"https:\/\/strangercam.com\/es\/crushroulette\/\" \/>\n<meta property=\"og:site_name\" content=\"Strangercam\" \/>\n<meta property=\"article:publisher\" content=\"https:\/\/www.facebook.com\/strangercam\" \/>\n<meta property=\"article:modified_time\" content=\"2024-05-09T09:33:57+00:00\" \/>\n<meta property=\"og:image\" content=\"https:\/\/strangercam.com\/wp-content\/uploads\/2024\/05\/CrushRoulette.png\" \/>\n\t<meta property=\"og:image:width\" content=\"1296\" \/>\n\t<meta property=\"og:image:height\" content=\"700\" \/>\n\t<meta property=\"og:image:type\" content=\"image\/png\" \/>\n<meta name=\"twitter:card\" content=\"summary_large_image\" \/>\n<meta name=\"twitter:site\" content=\"@strangercamapp\" \/>\n<meta name=\"twitter:label1\" content=\"Tiempo de lectura\" \/>\n\t<meta name=\"twitter:data1\" content=\"8 minutos\" \/>\n<script type=\"application\/ld+json\" class=\"yoast-schema-graph\">{\"@context\":\"https:\\\/\\\/schema.org\",\"@graph\":[{\"@type\":\"WebPage\",\"@id\":\"https:\\\/\\\/strangercam.com\\\/crushroulette\\\/\",\"url\":\"https:\\\/\\\/strangercam.com\\\/crushroulette\\\/\",\"name\":\"CrushRoulette Random Video Chat - StrangerCam.com\",\"isPartOf\":{\"@id\":\"https:\\\/\\\/strangercam.com\\\/#website\"},\"primaryImageOfPage\":{\"@id\":\"https:\\\/\\\/strangercam.com\\\/crushroulette\\\/#primaryimage\"},\"image\":{\"@id\":\"https:\\\/\\\/strangercam.com\\\/crushroulette\\\/#primaryimage\"},\"thumbnailUrl\":\"https:\\\/\\\/strangercam.com\\\/wp-content\\\/uploads\\\/2024\\\/05\\\/CrushRoulette.png\",\"datePublished\":\"2024-05-09T09:32:55+00:00\",\"dateModified\":\"2024-05-09T09:33:57+00:00\",\"description\":\"Like CrushRoulette? Come chat with more than 5.000.000 strangers on Stranger Cam for Free! Turn on your cam and find new friends & maby a match!\",\"breadcrumb\":{\"@id\":\"https:\\\/\\\/strangercam.com\\\/crushroulette\\\/#breadcrumb\"},\"inLanguage\":\"es\",\"potentialAction\":[{\"@type\":\"ReadAction\",\"target\":[\"https:\\\/\\\/strangercam.com\\\/crushroulette\\\/\"]}]},{\"@type\":\"ImageObject\",\"inLanguage\":\"es\",\"@id\":\"https:\\\/\\\/strangercam.com\\\/crushroulette\\\/#primaryimage\",\"url\":\"https:\\\/\\\/strangercam.com\\\/wp-content\\\/uploads\\\/2024\\\/05\\\/CrushRoulette.png\",\"contentUrl\":\"https:\\\/\\\/strangercam.com\\\/wp-content\\\/uploads\\\/2024\\\/05\\\/CrushRoulette.png\",\"width\":1296,\"height\":700,\"caption\":\"CrushRoulette\"},{\"@type\":\"BreadcrumbList\",\"@id\":\"https:\\\/\\\/strangercam.com\\\/crushroulette\\\/#breadcrumb\",\"itemListElement\":[{\"@type\":\"ListItem\",\"position\":1,\"name\":\"Home\",\"item\":\"https:\\\/\\\/strangercam.com\\\/\"},{\"@type\":\"ListItem\",\"position\":2,\"name\":\"CrushRoulette\"}]},{\"@type\":\"WebSite\",\"@id\":\"https:\\\/\\\/strangercam.com\\\/#website\",\"url\":\"https:\\\/\\\/strangercam.com\\\/\",\"name\":\"Strangercam\",\"description\":\"Random Video Chat with Strangers\",\"publisher\":{\"@id\":\"https:\\\/\\\/strangercam.com\\\/#organization\"},\"alternateName\":\"Strangercam.com\",\"potentialAction\":[{\"@type\":\"SearchAction\",\"target\":{\"@type\":\"EntryPoint\",\"urlTemplate\":\"https:\\\/\\\/strangercam.com\\\/?s={search_term_string}\"},\"query-input\":{\"@type\":\"PropertyValueSpecification\",\"valueRequired\":true,\"valueName\":\"search_term_string\"}}],\"inLanguage\":\"es\"},{\"@type\":\"Organization\",\"@id\":\"https:\\\/\\\/strangercam.com\\\/#organization\",\"name\":\"Strangercam\",\"alternateName\":\"Strangercam.com\",\"url\":\"https:\\\/\\\/strangercam.com\\\/\",\"logo\":{\"@type\":\"ImageObject\",\"inLanguage\":\"es\",\"@id\":\"https:\\\/\\\/strangercam.com\\\/#\\\/schema\\\/logo\\\/image\\\/\",\"url\":\"https:\\\/\\\/strangercam.com\\\/wp-content\\\/uploads\\\/2020\\\/11\\\/cropped-new-favicon-black.png\",\"contentUrl\":\"https:\\\/\\\/strangercam.com\\\/wp-content\\\/uploads\\\/2020\\\/11\\\/cropped-new-favicon-black.png\",\"width\":512,\"height\":512,\"caption\":\"Strangercam\"},\"image\":{\"@id\":\"https:\\\/\\\/strangercam.com\\\/#\\\/schema\\\/logo\\\/image\\\/\"},\"sameAs\":[\"https:\\\/\\\/www.facebook.com\\\/strangercam\",\"https:\\\/\\\/x.com\\\/strangercamapp\"]}]}<\/script>\n<!-- \/ Yoast SEO plugin. -->","yoast_head_json":{"title":"CrushRoulette Video Chat Aleatorio - StrangerCam.com","description":"\u00bfTe gusta CrushRoulette? \u00a1Ven a chatear gratis con m\u00e1s de 5.000.000 de desconocidos en Stranger Cam! Enciende tu c\u00e1mara y encuentra nuevos amigos y tal vez pareja.","robots":{"index":"index","follow":"follow","max-snippet":"max-snippet:-1","max-image-preview":"max-image-preview:large","max-video-preview":"max-video-preview:-1"},"canonical":"https:\/\/strangercam.com\/es\/crushroulette\/","og_locale":"es_ES","og_type":"article","og_title":"CrushRoulette Random Video Chat - StrangerCam.com","og_description":"Like CrushRoulette? Come chat with more than 5.000.000 strangers on Stranger Cam for Free! Turn on your cam and find new friends & maby a match!","og_url":"https:\/\/strangercam.com\/es\/crushroulette\/","og_site_name":"Strangercam","article_publisher":"https:\/\/www.facebook.com\/strangercam","article_modified_time":"2024-05-09T09:33:57+00:00","og_image":[{"width":1296,"height":700,"url":"https:\/\/strangercam.com\/wp-content\/uploads\/2024\/05\/CrushRoulette.png","type":"image\/png"}],"twitter_card":"summary_large_image","twitter_site":"@strangercamapp","twitter_misc":{"Tiempo de lectura":"8 minutos"},"schema":{"@context":"https:\/\/schema.org","@graph":[{"@type":"WebPage","@id":"https:\/\/strangercam.com\/crushroulette\/","url":"https:\/\/strangercam.com\/crushroulette\/","name":"CrushRoulette Video Chat Aleatorio - StrangerCam.com","isPartOf":{"@id":"https:\/\/strangercam.com\/#website"},"primaryImageOfPage":{"@id":"https:\/\/strangercam.com\/crushroulette\/#primaryimage"},"image":{"@id":"https:\/\/strangercam.com\/crushroulette\/#primaryimage"},"thumbnailUrl":"https:\/\/strangercam.com\/wp-content\/uploads\/2024\/05\/CrushRoulette.png","datePublished":"2024-05-09T09:32:55+00:00","dateModified":"2024-05-09T09:33:57+00:00","description":"\u00bfTe gusta CrushRoulette? \u00a1Ven a chatear gratis con m\u00e1s de 5.000.000 de desconocidos en Stranger Cam! Enciende tu c\u00e1mara y encuentra nuevos amigos y tal vez pareja.","breadcrumb":{"@id":"https:\/\/strangercam.com\/crushroulette\/#breadcrumb"},"inLanguage":"es","potentialAction":[{"@type":"ReadAction","target":["https:\/\/strangercam.com\/crushroulette\/"]}]},{"@type":"ImageObject","inLanguage":"es","@id":"https:\/\/strangercam.com\/crushroulette\/#primaryimage","url":"https:\/\/strangercam.com\/wp-content\/uploads\/2024\/05\/CrushRoulette.png","contentUrl":"https:\/\/strangercam.com\/wp-content\/uploads\/2024\/05\/CrushRoulette.png","width":1296,"height":700,"caption":"CrushRoulette"},{"@type":"BreadcrumbList","@id":"https:\/\/strangercam.com\/crushroulette\/#breadcrumb","itemListElement":[{"@type":"ListItem","position":1,"name":"Home","item":"https:\/\/strangercam.com\/"},{"@type":"ListItem","position":2,"name":"CrushRoulette"}]},{"@type":"WebSite","@id":"https:\/\/strangercam.com\/#website","url":"https:\/\/strangercam.com\/","name":"Strangercam","description":"Videochat aleatorio con desconocidos","publisher":{"@id":"https:\/\/strangercam.com\/#organization"},"alternateName":"Strangercam.com","potentialAction":[{"@type":"SearchAction","target":{"@type":"EntryPoint","urlTemplate":"https:\/\/strangercam.com\/?s={search_term_string}"},"query-input":{"@type":"PropertyValueSpecification","valueRequired":true,"valueName":"search_term_string"}}],"inLanguage":"es"},{"@type":"Organization","@id":"https:\/\/strangercam.com\/#organization","name":"Strangercam","alternateName":"Strangercam.com","url":"https:\/\/strangercam.com\/","logo":{"@type":"ImageObject","inLanguage":"es","@id":"https:\/\/strangercam.com\/#\/schema\/logo\/image\/","url":"https:\/\/strangercam.com\/wp-content\/uploads\/2020\/11\/cropped-new-favicon-black.png","contentUrl":"https:\/\/strangercam.com\/wp-content\/uploads\/2020\/11\/cropped-new-favicon-black.png","width":512,"height":512,"caption":"Strangercam"},"image":{"@id":"https:\/\/strangercam.com\/#\/schema\/logo\/image\/"},"sameAs":["https:\/\/www.facebook.com\/strangercam","https:\/\/x.com\/strangercamapp"]}]}},"_links":{"self":[{"href":"https:\/\/strangercam.com\/es\/wp-json\/wp\/v2\/pages\/12397","targetHints":{"allow":["GET"]}}],"collection":[{"href":"https:\/\/strangercam.com\/es\/wp-json\/wp\/v2\/pages"}],"about":[{"href":"https:\/\/strangercam.com\/es\/wp-json\/wp\/v2\/types\/page"}],"author":[{"embeddable":true,"href":"https:\/\/strangercam.com\/es\/wp-json\/wp\/v2\/users\/6"}],"replies":[{"embeddable":true,"href":"https:\/\/strangercam.com\/es\/wp-json\/wp\/v2\/comments?post=12397"}],"version-history":[{"count":0,"href":"https:\/\/strangercam.com\/es\/wp-json\/wp\/v2\/pages\/12397\/revisions"}],"wp:featuredmedia":[{"embeddable":true,"href":"https:\/\/strangercam.com\/es\/wp-json\/wp\/v2\/media\/12398"}],"wp:attachment":[{"href":"https:\/\/strangercam.com\/es\/wp-json\/wp\/v2\/media?parent=12397"}],"curies":[{"name":"wp","href":"https:\/\/api.w.org\/{rel}","templated":true}]}}