{"id":12341,"date":"2024-02-07T12:40:26","date_gmt":"2024-02-07T10:40:26","guid":{"rendered":"https:\/\/strangercam.com\/?page_id=12341"},"modified":"2024-02-07T12:50:49","modified_gmt":"2024-02-07T10:50:49","slug":"cleefchat","status":"publish","type":"page","link":"https:\/\/strangercam.com\/es\/cleefchat\/","title":{"rendered":"CleefChat"},"content":{"rendered":"<p>En la era digital actual, encontrar una plataforma fiable y atractiva para la comunicaci\u00f3n en l\u00ednea es primordial. Ah\u00ed es donde CleefChat, una empresa alemana <a href=\"https:\/\/strangercam.com\/es\/chatroom2000\/\">sala de chat<\/a> entra en juego. Nuestra exploraci\u00f3n de CleefChat ha revelado una plataforma que no s\u00f3lo satisface las exigencias modernas de la interacci\u00f3n digital, sino que tambi\u00e9n a\u00f1ade un toque \u00fanico a la experiencia del chat. Desde su facilidad de uso hasta su completo conjunto de funciones, CleefChat destaca como destino para quienes buscan conectarse, compartir y relacionarse con otros en l\u00ednea. Profundicemos en lo que convierte a CleefChat en la principal plataforma de salas de chat de Alemania.<\/p>\n<h2>\u00bfQu\u00e9 es CleefChat?<\/h2>\n<p>CleefChat es una innovadora plataforma en l\u00ednea que re\u00fane a personas en un entorno de chat din\u00e1mico e interactivo. Nacida del deseo de crear un <a href=\"https:\/\/strangercam.com\/es\/mocospace\/\">espacio<\/a> donde la gente puede comunicarse libremente, compartir ideas y establecer contactos, CleefChat se ha hecho r\u00e1pidamente un hueco en el mundo germanoparlante. Su interfaz f\u00e1cil de usar y su s\u00f3lida infraestructura lo convierten en la opci\u00f3n ideal para usuarios de todas las edades y procedencias, que buscan desde charlas informales hasta discusiones m\u00e1s profundas.<\/p>\n<h2>\u00bfEs gratis CleefChat?<\/h2>\n<p>Uno de los aspectos m\u00e1s atractivos de CleefChat es su accesibilidad. S\u00ed, CleefChat es totalmente <a href=\"https:\/\/strangercam.com\/es\/chat4free\/\">gratis<\/a> de usar, lo que reduce inmediatamente la barrera para los nuevos usuarios que quieran unirse a la plataforma. Este acceso gratuito garantiza la participaci\u00f3n de un grupo diverso de personas, lo que hace que las conversaciones de la sala de chat sean m\u00e1s ricas y variadas. Aunque CleefChat ofrece acceso gratuito, mantiene un servicio de alta calidad, garantizando que los usuarios tengan una experiencia positiva y sin interrupciones.<\/p>\n<h2>C\u00f3mo utilizarlo<\/h2>\n<p>El uso de CleefChat es sencillo, lo que refleja el compromiso de la plataforma con la facilidad de uso. Para empezar, s\u00f3lo tienes que visitar el sitio web de CleefChat, elegir una sala de chat que te interese e introducir un apodo si prefieres permanecer en el anonimato. A partir de ah\u00ed, puedes empezar a participar en conversaciones, compartir tus pensamientos y conectar con los dem\u00e1s. La plataforma tambi\u00e9n ofrece funciones de mensajer\u00eda privada, que permiten conversaciones m\u00e1s personales fuera de las salas de chat p\u00fablicas.<\/p>\n<h2>\u00bfPara qu\u00e9 es mejor CleefChat?<\/h2>\n<p>CleefChat es una plataforma vers\u00e1til que satisface una amplia gama de intereses y necesidades. Tanto si buscas un lugar donde debatir sobre actualidad, compartir tus \u00faltimas aficiones o pedir consejo sobre asuntos personales, las diversas salas de chat de CleefChat ofrecen un espacio para todo. Es especialmente beneficioso para aquellos que buscan interactuar con un p\u00fablico de habla alemana, ya sea para la pr\u00e1ctica del idioma, el intercambio cultural, o socializar con los lugare\u00f1os.<\/p>\n<h2>\u00bfQu\u00e9 funciones ofrece CleefChat?<\/h2>\n<p>CleefChat destaca por su rico conjunto de funciones, dise\u00f1adas para mejorar la experiencia del usuario. Entre sus principales caracter\u00edsticas se incluyen:<\/p>\n<ul>\n<li><strong>Salas de chat diversas<\/strong>: Con una gran variedad de temas, los usuarios pueden encontrar o crear salas de chat que coincidan con sus intereses.<\/li>\n<li><strong>Mensajer\u00eda privada<\/strong>: Para los que buscan conversaciones m\u00e1s \u00edntimas, la funci\u00f3n de mensajer\u00eda privada tiene un valor incalculable.<\/li>\n<li><strong>Perfiles de usuario<\/strong>: Aunque el anonimato es una opci\u00f3n, los usuarios tambi\u00e9n pueden crear perfiles para compartir m\u00e1s sobre s\u00ed mismos.<\/li>\n<li><strong>Herramientas de moderaci\u00f3n<\/strong>: Para garantizar un entorno seguro y acogedor, CleefChat proporciona herramientas de moderaci\u00f3n, manteniendo la plataforma libre de contenidos inapropiados.<\/li>\n<\/ul>\n<h2>\u00bfQu\u00e9 son los CleefChat Alternative?<\/h2>\n<p>Aunque CleefChat ofrece una s\u00f3lida plataforma para chats en l\u00ednea, existen varias alternativas para quienes buscan experiencias diferentes o funciones adicionales. Entre las alternativas m\u00e1s populares se encuentran Discord, por su comunidad y sus salas de chat centradas en los juegos; Slack, que se dirige a la comunicaci\u00f3n profesional y en equipo; y WhatsApp, conocida por su uso generalizado y su mensajer\u00eda cifrada de extremo a extremo. Cada plataforma tiene sus puntos fuertes, pero CleefChat sigue siendo la opci\u00f3n preferida para quienes valoran la sencillez, la comunidad y la atenci\u00f3n a los usuarios de habla alemana.<\/p>\n<h2>Conclusi\u00f3n<\/h2>\n<p>CleefChat se ha consolidado como la principal plataforma de chats de Alemania, ofreciendo una mezcla de sencillez, diversidad y conectividad. Su compromiso de proporcionar un entorno gratuito, accesible y rico en funciones la convierte en una opci\u00f3n destacada para la comunicaci\u00f3n en l\u00ednea. CleefChat ofrece la plataforma perfecta para enriquecer su experiencia social en l\u00ednea, tanto si desea participar en animadas discusiones como si desea hacer nuevos amigos o explorar la cultura alemana. Mientras seguimos navegando por el mundo digital, plataformas como CleefChat nos recuerdan el poder de la comunidad y las infinitas posibilidades de la interacci\u00f3n en l\u00ednea.<\/p>\n<h2>Preguntas frecuentes<\/h2>\n<h3>\u00bfEst\u00e1 CleefChat disponible en todo el mundo?<\/h3>\n<p>S\u00ed, CleefChat es accesible en todo el mundo y ofrece una plataforma global para que los usuarios se conecten. Aunque se dirige principalmente a un p\u00fablico de habla alemana, su entorno inclusivo da la bienvenida a personas de todos los rincones del planeta.<\/p>\n<h3>\u00bfTengo que registrarme para utilizar CleefChat?<\/h3>\n<p>No, una de las grandes caracter\u00edsticas de CleefChat es que no es necesario registrarse para unirse a las salas de chat y participar en los debates. Los usuarios tienen la opci\u00f3n de <a href=\"https:\/\/strangercam.com\/es\/chatroulette\/\">chat<\/a> an\u00f3nimamente o elegir un apodo para su sesi\u00f3n.<\/p>\n<h3>\u00bfPuedo crear mi propia sala de chat en CleefChat?<\/h3>\n<p>S\u00ed, CleefChat permite a los usuarios crear sus propias salas de chat. Esta caracter\u00edstica permite a los usuarios personalizar los temas de sus salas de chat, lo que facilita la reuni\u00f3n de personas con ideas afines para discusiones o intereses espec\u00edficos.<\/p>\n<h3>\u00bfC\u00f3mo garantiza CleefChat la seguridad y privacidad de los usuarios?<\/h3>\n<p>CleefChat se toma muy en serio la seguridad y privacidad de los usuarios. Implementa varias herramientas y pol\u00edticas de moderaci\u00f3n para supervisar las actividades de la sala de chat y eliminar el contenido inapropiado. Adem\u00e1s, la opci\u00f3n de anonimato <a href=\"https:\/\/strangercam.com\/es\/chatingly\/\">chat<\/a> ayuda a proteger la privacidad del usuario.<\/p>\n<h3>\u00bfExisten restricciones de edad para utilizar CleefChat?<\/h3>\n<p>CleefChat est\u00e1 dise\u00f1ado para ser una plataforma segura y acogedora para un p\u00fablico amplio. Sin embargo, en general se recomienda que los usuarios menores de 13 a\u00f1os obtengan el permiso de sus padres antes de utilizar el sitio, de acuerdo con las directrices generales de seguridad en Internet.<\/p>\n<h3>\u00bfC\u00f3mo puedo denunciar un comportamiento inapropiado en CleefChat?<\/h3>\n<p>CleefChat proporciona a los usuarios herramientas para denunciar comportamientos o contenidos inapropiados directamente dentro de la plataforma. Esta funci\u00f3n ayuda a mantener un entorno respetuoso y seguro para todos los usuarios.<\/p>\n<h3>\u00bfPuedo utilizar CleefChat en mi dispositivo m\u00f3vil?<\/h3>\n<p>Aunque CleefChat es principalmente una plataforma basada en Internet, su sitio web est\u00e1 optimizado para el uso m\u00f3vil, lo que permite a los usuarios acceder a las salas de chat y a las funciones desde sus tel\u00e9fonos inteligentes y tabletas.<\/p>\n<h3>\u00bfAdmite CleefChat varios idiomas?<\/h3>\n<p>El objetivo principal de CleefChat es la comunidad germanoparlante, pero la plataforma puede ser utilizada por hablantes de otros idiomas que deseen conectar con germanoparlantes o participar en chats internacionales.<\/p>\n<h3>\u00bfQu\u00e9 diferencia a CleefChat de otros sitios web de salas de chat?<\/h3>\n<p>CleefChat se distingue por su enfoque en la simplicidad, la comunidad y la facilidad de uso. Su dedicaci\u00f3n a fomentar un entorno seguro y atractivo para los usuarios germanoparlantes y de otras nacionalidades la distingue de otras plataformas.<\/p>\n<h3>\u00bfPuedo encontrar ayuda si tengo problemas t\u00e9cnicos en CleefChat?<\/h3>\n<p>S\u00ed, CleefChat ofrece asistencia a los usuarios que se enfrentan a problemas t\u00e9cnicos. Normalmente, la asistencia se puede solicitar a trav\u00e9s de la secci\u00f3n de ayuda del sitio web, donde los usuarios pueden encontrar preguntas frecuentes e informaci\u00f3n de contacto para obtener m\u00e1s ayuda.<\/p>","protected":false},"excerpt":{"rendered":"<p>In today&#8217;s digital era, finding a reliable and engaging platform for online communication is paramount. That&#8217;s where CleefChat, a German chatroom website, comes into play. Our exploration into CleefChat has revealed a platform that not only meets the modern demands of digital interaction but also adds a unique touch to the chatroom experience. From its [&hellip;]<\/p>\n","protected":false},"author":6,"featured_media":559,"parent":0,"menu_order":0,"comment_status":"closed","ping_status":"closed","template":"","meta":{"footnotes":""},"class_list":["post-12341","page","type-page","status-publish","has-post-thumbnail","hentry"],"yoast_head":"<!-- This site is optimized with the Yoast SEO plugin v27.4 - https:\/\/yoast.com\/product\/yoast-seo-wordpress\/ -->\n<title>CleefChat - Chat without Registering - StrangerCam<\/title>\n<meta name=\"description\" content=\"Like CleefChat? Join our 100% anonymous chatroom site with girls and strangers on StrangerCam for Free with CleefChat!\" \/>\n<meta name=\"robots\" content=\"index, follow, max-snippet:-1, max-image-preview:large, max-video-preview:-1\" \/>\n<link rel=\"canonical\" href=\"https:\/\/strangercam.com\/es\/cleefchat\/\" \/>\n<meta property=\"og:locale\" content=\"es_ES\" \/>\n<meta property=\"og:type\" content=\"article\" \/>\n<meta property=\"og:title\" content=\"CleefChat - Chat without Registering - StrangerCam\" \/>\n<meta property=\"og:description\" content=\"Like CleefChat? Join our 100% anonymous chatroom site with girls and strangers on StrangerCam for Free with CleefChat!\" \/>\n<meta property=\"og:url\" content=\"https:\/\/strangercam.com\/es\/cleefchat\/\" \/>\n<meta property=\"og:site_name\" content=\"Strangercam\" \/>\n<meta property=\"article:publisher\" content=\"https:\/\/www.facebook.com\/strangercam\" \/>\n<meta property=\"article:modified_time\" content=\"2024-02-07T10:50:49+00:00\" \/>\n<meta property=\"og:image\" content=\"https:\/\/strangercam.com\/wp-content\/uploads\/2020\/11\/stranger-cam-1.png\" \/>\n\t<meta property=\"og:image:width\" content=\"800\" \/>\n\t<meta property=\"og:image:height\" content=\"800\" \/>\n\t<meta property=\"og:image:type\" content=\"image\/png\" \/>\n<meta name=\"twitter:card\" content=\"summary_large_image\" \/>\n<meta name=\"twitter:site\" content=\"@strangercamapp\" \/>\n<meta name=\"twitter:label1\" content=\"Tiempo de lectura\" \/>\n\t<meta name=\"twitter:data1\" content=\"5 minutos\" \/>\n<script type=\"application\/ld+json\" class=\"yoast-schema-graph\">{\"@context\":\"https:\\\/\\\/schema.org\",\"@graph\":[{\"@type\":\"WebPage\",\"@id\":\"https:\\\/\\\/strangercam.com\\\/cleefchat\\\/\",\"url\":\"https:\\\/\\\/strangercam.com\\\/cleefchat\\\/\",\"name\":\"CleefChat - Chat without Registering - StrangerCam\",\"isPartOf\":{\"@id\":\"https:\\\/\\\/strangercam.com\\\/#website\"},\"primaryImageOfPage\":{\"@id\":\"https:\\\/\\\/strangercam.com\\\/cleefchat\\\/#primaryimage\"},\"image\":{\"@id\":\"https:\\\/\\\/strangercam.com\\\/cleefchat\\\/#primaryimage\"},\"thumbnailUrl\":\"https:\\\/\\\/strangercam.com\\\/wp-content\\\/uploads\\\/2020\\\/11\\\/stranger-cam-1.png\",\"datePublished\":\"2024-02-07T10:40:26+00:00\",\"dateModified\":\"2024-02-07T10:50:49+00:00\",\"description\":\"Like CleefChat? Join our 100% anonymous chatroom site with girls and strangers on StrangerCam for Free with CleefChat!\",\"breadcrumb\":{\"@id\":\"https:\\\/\\\/strangercam.com\\\/cleefchat\\\/#breadcrumb\"},\"inLanguage\":\"es\",\"potentialAction\":[{\"@type\":\"ReadAction\",\"target\":[\"https:\\\/\\\/strangercam.com\\\/cleefchat\\\/\"]}]},{\"@type\":\"ImageObject\",\"inLanguage\":\"es\",\"@id\":\"https:\\\/\\\/strangercam.com\\\/cleefchat\\\/#primaryimage\",\"url\":\"https:\\\/\\\/strangercam.com\\\/wp-content\\\/uploads\\\/2020\\\/11\\\/stranger-cam-1.png\",\"contentUrl\":\"https:\\\/\\\/strangercam.com\\\/wp-content\\\/uploads\\\/2020\\\/11\\\/stranger-cam-1.png\",\"width\":800,\"height\":800,\"caption\":\"stranger cam random video chat\"},{\"@type\":\"BreadcrumbList\",\"@id\":\"https:\\\/\\\/strangercam.com\\\/cleefchat\\\/#breadcrumb\",\"itemListElement\":[{\"@type\":\"ListItem\",\"position\":1,\"name\":\"Home\",\"item\":\"https:\\\/\\\/strangercam.com\\\/\"},{\"@type\":\"ListItem\",\"position\":2,\"name\":\"CleefChat\"}]},{\"@type\":\"WebSite\",\"@id\":\"https:\\\/\\\/strangercam.com\\\/#website\",\"url\":\"https:\\\/\\\/strangercam.com\\\/\",\"name\":\"Strangercam\",\"description\":\"Random Video Chat with Strangers\",\"publisher\":{\"@id\":\"https:\\\/\\\/strangercam.com\\\/#organization\"},\"alternateName\":\"Strangercam.com\",\"potentialAction\":[{\"@type\":\"SearchAction\",\"target\":{\"@type\":\"EntryPoint\",\"urlTemplate\":\"https:\\\/\\\/strangercam.com\\\/?s={search_term_string}\"},\"query-input\":{\"@type\":\"PropertyValueSpecification\",\"valueRequired\":true,\"valueName\":\"search_term_string\"}}],\"inLanguage\":\"es\"},{\"@type\":\"Organization\",\"@id\":\"https:\\\/\\\/strangercam.com\\\/#organization\",\"name\":\"Strangercam\",\"alternateName\":\"Strangercam.com\",\"url\":\"https:\\\/\\\/strangercam.com\\\/\",\"logo\":{\"@type\":\"ImageObject\",\"inLanguage\":\"es\",\"@id\":\"https:\\\/\\\/strangercam.com\\\/#\\\/schema\\\/logo\\\/image\\\/\",\"url\":\"https:\\\/\\\/strangercam.com\\\/wp-content\\\/uploads\\\/2020\\\/11\\\/cropped-new-favicon-black.png\",\"contentUrl\":\"https:\\\/\\\/strangercam.com\\\/wp-content\\\/uploads\\\/2020\\\/11\\\/cropped-new-favicon-black.png\",\"width\":512,\"height\":512,\"caption\":\"Strangercam\"},\"image\":{\"@id\":\"https:\\\/\\\/strangercam.com\\\/#\\\/schema\\\/logo\\\/image\\\/\"},\"sameAs\":[\"https:\\\/\\\/www.facebook.com\\\/strangercam\",\"https:\\\/\\\/x.com\\\/strangercamapp\"]}]}<\/script>\n<!-- \/ Yoast SEO plugin. -->","yoast_head_json":{"title":"CleefChat - Chatear sin registrarse - StrangerCam","description":"\u00bfTe gusta CleefChat? \u00a1\u00danete a nuestro 100% sitio de chat an\u00f3nimo con chicas y extra\u00f1os en StrangerCam gratis con CleefChat!","robots":{"index":"index","follow":"follow","max-snippet":"max-snippet:-1","max-image-preview":"max-image-preview:large","max-video-preview":"max-video-preview:-1"},"canonical":"https:\/\/strangercam.com\/es\/cleefchat\/","og_locale":"es_ES","og_type":"article","og_title":"CleefChat - Chat without Registering - StrangerCam","og_description":"Like CleefChat? Join our 100% anonymous chatroom site with girls and strangers on StrangerCam for Free with CleefChat!","og_url":"https:\/\/strangercam.com\/es\/cleefchat\/","og_site_name":"Strangercam","article_publisher":"https:\/\/www.facebook.com\/strangercam","article_modified_time":"2024-02-07T10:50:49+00:00","og_image":[{"width":800,"height":800,"url":"https:\/\/strangercam.com\/wp-content\/uploads\/2020\/11\/stranger-cam-1.png","type":"image\/png"}],"twitter_card":"summary_large_image","twitter_site":"@strangercamapp","twitter_misc":{"Tiempo de lectura":"5 minutos"},"schema":{"@context":"https:\/\/schema.org","@graph":[{"@type":"WebPage","@id":"https:\/\/strangercam.com\/cleefchat\/","url":"https:\/\/strangercam.com\/cleefchat\/","name":"CleefChat - Chatear sin registrarse - StrangerCam","isPartOf":{"@id":"https:\/\/strangercam.com\/#website"},"primaryImageOfPage":{"@id":"https:\/\/strangercam.com\/cleefchat\/#primaryimage"},"image":{"@id":"https:\/\/strangercam.com\/cleefchat\/#primaryimage"},"thumbnailUrl":"https:\/\/strangercam.com\/wp-content\/uploads\/2020\/11\/stranger-cam-1.png","datePublished":"2024-02-07T10:40:26+00:00","dateModified":"2024-02-07T10:50:49+00:00","description":"\u00bfTe gusta CleefChat? \u00a1\u00danete a nuestro 100% sitio de chat an\u00f3nimo con chicas y extra\u00f1os en StrangerCam gratis con CleefChat!","breadcrumb":{"@id":"https:\/\/strangercam.com\/cleefchat\/#breadcrumb"},"inLanguage":"es","potentialAction":[{"@type":"ReadAction","target":["https:\/\/strangercam.com\/cleefchat\/"]}]},{"@type":"ImageObject","inLanguage":"es","@id":"https:\/\/strangercam.com\/cleefchat\/#primaryimage","url":"https:\/\/strangercam.com\/wp-content\/uploads\/2020\/11\/stranger-cam-1.png","contentUrl":"https:\/\/strangercam.com\/wp-content\/uploads\/2020\/11\/stranger-cam-1.png","width":800,"height":800,"caption":"stranger cam random video chat"},{"@type":"BreadcrumbList","@id":"https:\/\/strangercam.com\/cleefchat\/#breadcrumb","itemListElement":[{"@type":"ListItem","position":1,"name":"Home","item":"https:\/\/strangercam.com\/"},{"@type":"ListItem","position":2,"name":"CleefChat"}]},{"@type":"WebSite","@id":"https:\/\/strangercam.com\/#website","url":"https:\/\/strangercam.com\/","name":"Strangercam","description":"Videochat aleatorio con desconocidos","publisher":{"@id":"https:\/\/strangercam.com\/#organization"},"alternateName":"Strangercam.com","potentialAction":[{"@type":"SearchAction","target":{"@type":"EntryPoint","urlTemplate":"https:\/\/strangercam.com\/?s={search_term_string}"},"query-input":{"@type":"PropertyValueSpecification","valueRequired":true,"valueName":"search_term_string"}}],"inLanguage":"es"},{"@type":"Organization","@id":"https:\/\/strangercam.com\/#organization","name":"Strangercam","alternateName":"Strangercam.com","url":"https:\/\/strangercam.com\/","logo":{"@type":"ImageObject","inLanguage":"es","@id":"https:\/\/strangercam.com\/#\/schema\/logo\/image\/","url":"https:\/\/strangercam.com\/wp-content\/uploads\/2020\/11\/cropped-new-favicon-black.png","contentUrl":"https:\/\/strangercam.com\/wp-content\/uploads\/2020\/11\/cropped-new-favicon-black.png","width":512,"height":512,"caption":"Strangercam"},"image":{"@id":"https:\/\/strangercam.com\/#\/schema\/logo\/image\/"},"sameAs":["https:\/\/www.facebook.com\/strangercam","https:\/\/x.com\/strangercamapp"]}]}},"_links":{"self":[{"href":"https:\/\/strangercam.com\/es\/wp-json\/wp\/v2\/pages\/12341","targetHints":{"allow":["GET"]}}],"collection":[{"href":"https:\/\/strangercam.com\/es\/wp-json\/wp\/v2\/pages"}],"about":[{"href":"https:\/\/strangercam.com\/es\/wp-json\/wp\/v2\/types\/page"}],"author":[{"embeddable":true,"href":"https:\/\/strangercam.com\/es\/wp-json\/wp\/v2\/users\/6"}],"replies":[{"embeddable":true,"href":"https:\/\/strangercam.com\/es\/wp-json\/wp\/v2\/comments?post=12341"}],"version-history":[{"count":0,"href":"https:\/\/strangercam.com\/es\/wp-json\/wp\/v2\/pages\/12341\/revisions"}],"wp:featuredmedia":[{"embeddable":true,"href":"https:\/\/strangercam.com\/es\/wp-json\/wp\/v2\/media\/559"}],"wp:attachment":[{"href":"https:\/\/strangercam.com\/es\/wp-json\/wp\/v2\/media?parent=12341"}],"curies":[{"name":"wp","href":"https:\/\/api.w.org\/{rel}","templated":true}]}}