{"id":12326,"date":"2024-02-07T12:11:59","date_gmt":"2024-02-07T10:11:59","guid":{"rendered":"https:\/\/strangercam.com\/?page_id=12326"},"modified":"2024-02-07T12:23:08","modified_gmt":"2024-02-07T10:23:08","slug":"mili","status":"publish","type":"page","link":"https:\/\/strangercam.com\/es\/mili\/","title":{"rendered":"Mili"},"content":{"rendered":"<p>Sumergi\u00e9ndonos en el cautivador universo de los videochats aleatorios, hemos descubierto un aut\u00e9ntico fuera de serie que est\u00e1 causando sensaci\u00f3n a nivel internacional: Mili. Esta plataforma se est\u00e1 convirtiendo r\u00e1pidamente en un santuario para las personas que buscan conexiones aut\u00e9nticas y una amplia gama de interacciones, lo que supone un cambio significativo con respecto a la experiencia convencional de retransmisi\u00f3n en directo.<\/p>\n<p>En el centro de su atractivo, Mili se distingue por una interfaz f\u00e1cil de usar y una rica diversidad de encuentros, posicion\u00e1ndose como el principal destino para aquellos deseosos de explorar el mundo del videochat aleatorio. Tanto si quieres disfrutar de la m\u00fasica, adentrarte en los juegos o simplemente encontrar un espacio para <a href=\"https:\/\/strangercam.com\/es\/coomeet\/\">conozca<\/a> personas con intereses comunes, Mili te lo pone f\u00e1cil. Profundicemos en lo que distingue a esta plataforma en el ecosistema digital actual.<\/p>\n<h2>\u00bfQu\u00e9 es Mili?<\/h2>\n<p>Mili, a menudo llamada simplemente Mili, es <strong>transformar el v\u00eddeo aleatorio <a href=\"https:\/\/strangercam.com\/es\/chathub\/\">chat<\/a> escena<\/strong>. Es un centro vibrante donde personas de todo el mundo pueden conectarse espont\u00e1neamente, compartir y participar en una amplia variedad de actividades. Desde emocionantes experiencias de juego a cautivadoras actuaciones musicales, Mili atiende a un amplio p\u00fablico. Pero la cosa no acaba ah\u00ed. El sencillo dise\u00f1o de la plataforma garantiza su accesibilidad a cualquier persona interesada en la socializaci\u00f3n espont\u00e1nea en l\u00ednea.<\/p>\n<p>Navegar por Mili no supone ning\u00fan esfuerzo. Tanto si quieres compartir tus aficiones y talentos como si buscas interesantes chats aleatorios, Mili te proporciona las herramientas necesarias para disfrutar de una experiencia satisfactoria. La dedicaci\u00f3n de la plataforma a la creaci\u00f3n de una comunidad din\u00e1mica e inclusiva es evidente en su enfoque para conectar a los usuarios. Aqu\u00ed, las interacciones van m\u00e1s all\u00e1 de la mera visualizaci\u00f3n; los participantes se implican activamente, contribuyendo a las conversaciones y estableciendo conexiones.<\/p>\n<p>Lo que realmente diferencia al Mili es su inigualable variedad de interacciones. No se limita a categor\u00edas espec\u00edficas como juegos o m\u00fasica. El arte, las conversaciones informales e incluso los debates educativos tienen cabida aqu\u00ed, lo que refleja el compromiso de Mili de ofrecer un entorno de videochat completo.<\/p>\n<p>En una era en la que la conectividad digital es primordial, las sofisticadas funciones de Mili, que incluyen v\u00eddeo de alta calidad, interacci\u00f3n en tiempo real y acceso multiplataforma sin fisuras, consolidan su condici\u00f3n de l\u00edder en el campo del chat de v\u00eddeo aleatorio. Es m\u00e1s que una plataforma: es una comunidad, un escenario y todo un mundo nuevo en el que cualquiera puede descubrir, compartir y conectar.<\/p>\n<p>A medida que nos adentramos en la revoluci\u00f3n de los contenidos digitales, plataformas como Mili son cruciales para dar forma a nuestra manera de interactuar, expresarnos y conocer gente nueva en Internet. No solo est\u00e1n cambiando el panorama, sino que lo est\u00e1n creando.<\/p>\n<h2>\u00bfEs gratuito el uso de Mili?<\/h2>\n<p>En el vasto reino de las plataformas de videochat aleatorias, una pregunta habitual es el coste de la participaci\u00f3n. Con Mili, estamos encantados de anunciar que <strong>el acceso a la plataforma es gratuito<\/strong>. Esta inclusividad garantiza que un p\u00fablico m\u00e1s amplio pueda disfrutar de la rica variedad de encuentros que ofrece Mili, sin obst\u00e1culos econ\u00f3micos. Tanto si te gustan los juegos, la m\u00fasica, las artes o simplemente buscas conversaciones interesantes, Mili te ofrece una amplia gama de experiencias sin coste alguno.<\/p>\n<p>Sin embargo, es importante destacar que, aunque el acceso b\u00e1sico a Mili es gratuito, hay opciones premium disponibles para quienes deseen una experiencia mejorada. Estas caracter\u00edsticas premium pueden incluir la personalizaci\u00f3n avanzada de los perfiles de usuario, el acceso exclusivo a funciones o contenidos espec\u00edficos y una interacci\u00f3n m\u00e1s personalizada con otros usuarios. Optar por estos servicios premium puede requerir una suscripci\u00f3n o un pago \u00fanico, lo que ofrece un apoyo adicional a la plataforma y enriquece el ecosistema de la comunidad.<\/p>\n<table>\n<thead>\n<tr>\n<th>Caracter\u00edstica<\/th>\n<th>Acceda a<\/th>\n<th>Coste<\/th>\n<\/tr>\n<\/thead>\n<tbody>\n<tr>\n<td>Videochat b\u00e1sico<\/td>\n<td>Gratis<\/td>\n<td>$0<\/td>\n<\/tr>\n<tr>\n<td>Calidad de v\u00eddeo mejorada<\/td>\n<td>Premium<\/td>\n<td>Suscripci\u00f3n<\/td>\n<\/tr>\n<tr>\n<td>Funciones exclusivas<\/td>\n<td>Premium<\/td>\n<td>Suscripci\u00f3n\/Pago \u00fanico<\/td>\n<\/tr>\n<tr>\n<td>Opciones de personalizaci\u00f3n<\/td>\n<td>Premium<\/td>\n<td>Suscripci\u00f3n<\/td>\n<\/tr>\n<\/tbody>\n<\/table>\n<p>Este modelo permite a Mili ser inclusivo y accesible para cualquier persona interesada en el videochat, a la vez que presenta funciones avanzadas para quienes buscan una experiencia mejorada. Se trata de un enfoque equilibrado tanto para los usuarios como para la plataforma, que fomenta una comunidad que valora tanto la accesibilidad como la calidad de los contenidos. Adem\u00e1s, esta estrategia ayuda a Mili a destacar en el abarrotado espacio de las plataformas sociales en l\u00ednea al ofrecer algo para cada usuario, desde los que chatean ocasionalmente hasta los que desean invertir en funciones premium.<\/p>\n<h2>C\u00f3mo utilizar Mili<\/h2>\n<p>Embarcarse en su viaje Mili es <strong>simple<\/strong> y <strong>tonificante<\/strong>dise\u00f1ada para sumergirte r\u00e1pidamente en el mundo de los videochats aleatorios. Aqu\u00ed tienes una gu\u00eda sencilla para empezar a utilizar esta atractiva plataforma.<\/p>\n<p>En primer lugar, tendr\u00e1s que descargar la aplicaci\u00f3n Mili de la tienda de aplicaciones de tu dispositivo. Mili est\u00e1 disponible tanto para iOS como para Android. Tras instalar la aplicaci\u00f3n, el siguiente paso es crear una cuenta. Puedes registrarte utilizando tu correo electr\u00f3nico o tus cuentas de redes sociales, lo que te ofrece flexibilidad y comodidad.<\/p>\n<p>Configurar tu perfil es crucial. Elige un nombre de usuario interesante, sube una foto de perfil y escribe una breve biograf\u00eda que refleje tus intereses o lo que esperas encontrar en Mili. Esta es tu oportunidad de causar una primera impresi\u00f3n memorable en la comunidad Mili.<\/p>\n<p>Navegar por Mili es intuitivo. La p\u00e1gina de inicio presenta un surtido de v\u00eddeos en directo de varias categor\u00edas. Tanto si te interesa <strong>juegos, m\u00fasica, arte,<\/strong> o simplemente buscas conversaciones interesantes, Mili tiene algo para todos. La funci\u00f3n de b\u00fasqueda te permite localizar r\u00e1pidamente tipos espec\u00edficos de chats o descubrir otros nuevos en funci\u00f3n de tus intereses.<\/p>\n<p>Si te apetece iniciar tu propio chat de v\u00eddeo, Mili lo hace incre\u00edblemente f\u00e1cil de usar. S\u00f3lo tienes que pulsar el bot\u00f3n de v\u00eddeo, seleccionar la categor\u00eda del chat, si procede, configurar un t\u00edtulo cautivador y \u00a1ya est\u00e1s en directo! Participa con tus compa\u00f1eros de chat en tiempo real utilizando la funci\u00f3n de chat y an\u00edmales a que se conecten contigo para futuras interacciones.<\/p>\n<p>Si te interesan las funciones Premium, en el men\u00fa de configuraci\u00f3n encontrar\u00e1s opciones para mejorar tu cuenta. Estas funciones prometen una experiencia de chat y visualizaci\u00f3n enriquecida, desde opciones de personalizaci\u00f3n avanzadas hasta acceso a contenidos exclusivos.<\/p>\n<p>Siguiendo estos pasos, te convertir\u00e1s r\u00e1pidamente en parte integrante de la comunidad Mili, tanto si compartes tus propias historias como si interact\u00faas con los dem\u00e1s. Mili ofrece un mundo de posibilidades para quienes buscan conexiones genuinas e interacciones diversas.<\/p>\n<h2>\u00bfPara qu\u00e9 es mejor Mili?<\/h2>\n<p>Mili se ha convertido r\u00e1pidamente en una plataforma integral que abarca una amplia gama de intereses y actividades. Pero, \u00bfpara qu\u00e9 sirve exactamente Mili? Exploremos los puntos fuertes que hacen que Mili destaque en el campo de los videochats aleatorios.<\/p>\n<p>Lo primero y m\u00e1s importante, <strong>Mili es un para\u00edso para las interacciones espont\u00e1neas<\/strong>. Sus capacidades de chat de v\u00eddeo de alta calidad permiten a los usuarios conectarse en tiempo real, ofreciendo una plataforma para todo, desde chats r\u00e1pidos a conversaciones profundas. Tanto si busca compa\u00f1eros de juego, colaboraciones musicales o simplemente una cara amiga, el Mili le ofrece el tel\u00f3n de fondo perfecto.<\/p>\n<p>Para los que buscan <strong>inspiraci\u00f3n creativa y escaparates<\/strong>Mili no defrauda. Artistas, m\u00fasicos y mentes creativas utilizan la plataforma para compartir actuaciones en directo, sesiones de arte y talleres interactivos. Es un espacio animado donde creadores y participantes establecen conexiones significativas.<\/p>\n<p><strong>Contenidos educativos<\/strong> tambi\u00e9n encuentra su hogar en Mili. Desde intercambios ling\u00fc\u00edsticos hasta charlas informativas, la plataforma es un valioso recurso para aprender y compartir conocimientos. La naturaleza interactiva de Mili mejora la experiencia educativa, permitiendo consultas y debates en tiempo real.<\/p>\n<p>Los programas de entrevistas y los debates en directo prosperan en Mili, que ofrece una plataforma para celebrar entrevistas, debates y conversaciones sobre una amplia gama de temas. Estas sesiones suelen cultivar un fuerte sentido de comunidad, fomentando la implicaci\u00f3n de los participantes y presentando una gran variedad de perspectivas.<\/p>\n<p>Por \u00faltimo, Mili destaca en la retransmisi\u00f3n de estilos de vida y entretenimiento. Desde demostraciones culinarias hasta videoblogs diarios y exploraciones de viajes en directo, Mili ofrece una mirada a diversos estilos de vida, proporcionando entretenimiento e inspiraci\u00f3n.<\/p>\n<p>Mili sirve para un amplio espectro de prop\u00f3sitos, desde juegos y arte hasta educaci\u00f3n y estilo de vida. Su versatilidad y capacidad para albergar pr\u00e1cticamente cualquier tipo de contenido de videochat lo convierten en una plataforma inestimable para los usuarios que buscan explorar, compartir y conectar de formas novedosas.<\/p>\n<h2>\u00bfQu\u00e9 funciones ofrece Mili?<\/h2>\n<p>Mili est\u00e1 en constante evoluci\u00f3n, asegurando su lugar en la vanguardia de la tecnolog\u00eda de videochat aleatorio. Las funciones de nuestra plataforma est\u00e1n meticulosamente dise\u00f1adas para ofrecer tanto a los usuarios como a los participantes una experiencia fluida y atractiva que destaque en la esfera social digital.<\/p>\n<p><strong>V\u00eddeo de alta calidad<\/strong> es un aspecto fundamental de lo que hace que Mili sea excepcional. Damos prioridad a la claridad visual, apoyando los chats de v\u00eddeo de alta resoluci\u00f3n para garantizar que cada interacci\u00f3n sea lo m\u00e1s clara y vibrante posible, haciendo que cada conversaci\u00f3n sea m\u00e1s atractiva y personal.<\/p>\n<p><strong>Funciones interactivas<\/strong> desempe\u00f1an un papel crucial en el atractivo de Mili. Nuestra plataforma facilita las interacciones en tiempo real a trav\u00e9s de texto y v\u00eddeo, lo que permite a los usuarios conectar m\u00e1s profundamente entre s\u00ed. Esto fomenta el sentimiento de pertenencia y mejora significativamente el compromiso durante los chats, haciendo que cada sesi\u00f3n sea m\u00e1s animada e interactiva.<\/p>\n<p>La comodidad tambi\u00e9n es un factor clave. Mili's <strong>interfaz f\u00e1cil de usar<\/strong> permite encontrar e iniciar videoconferencias aleatorias sin esfuerzo. Tanto si quieres explorar nuevas conversaciones como relacionarte con caras conocidas, navegar por la plataforma es intuitivo y sencillo.<\/p>\n<p>Para los que quieran sacar el m\u00e1ximo partido a Mili, hay <strong>oportunidades de monetizaci\u00f3n<\/strong>. A trav\u00e9s de diversos medios, como las compras dentro de la aplicaci\u00f3n o las funciones premium, los usuarios pueden mejorar su experiencia o apoyar a sus participantes favoritos, contribuyendo as\u00ed a la vitalidad y sostenibilidad de la comunidad Mili.<\/p>\n<p>Adem\u00e1s, <strong>optimizaci\u00f3n m\u00f3vil<\/strong> garantiza que los usuarios puedan participar en videoconferencias en cualquier momento y lugar. La plataforma de Mili est\u00e1 dise\u00f1ada para ser totalmente receptiva, ofreciendo una experiencia fluida en todos los dispositivos, lo que significa que nunca estar\u00e1s a m\u00e1s de un par de toques de distancia de conectar con alguien nuevo.<\/p>\n<table>\n<thead>\n<tr>\n<th>Caracter\u00edstica<\/th>\n<th>Descripci\u00f3n<\/th>\n<\/tr>\n<\/thead>\n<tbody>\n<tr>\n<td>V\u00eddeo de alta calidad<\/td>\n<td>Garantiza una calidad de v\u00eddeo cristalina en todas las interacciones.<\/td>\n<\/tr>\n<tr>\n<td>Funciones interactivas<\/td>\n<td>Facilita la comunicaci\u00f3n en tiempo real entre usuarios.<\/td>\n<\/tr>\n<tr>\n<td>Interfaz f\u00e1cil de usar<\/td>\n<td>Simplifica el proceso de b\u00fasqueda e inicio de videoconferencias.<\/td>\n<\/tr>\n<tr>\n<td>Oportunidades de monetizaci\u00f3n<\/td>\n<td>Ofrece a los usuarios formas de mejorar su experiencia o ayudar a otros.<\/td>\n<\/tr>\n<tr>\n<td>Optimizaci\u00f3n m\u00f3vil<\/td>\n<td>Garantiza una experiencia fluida en cualquier dispositivo, permitiendo conexiones sobre la marcha.<\/td>\n<\/tr>\n<\/tbody>\n<\/table>\n<p>En el din\u00e1mico \u00e1mbito de los chats de v\u00eddeo aleatorios, Mili se distingue por ofrecer estas caracter\u00edsticas \u00fanicas que se adaptan tanto a los usuarios ocasionales como a aquellos que buscan conexiones m\u00e1s profundas. Con nuestro compromiso continuo con la innovaci\u00f3n y la mejora, Mili sigue siendo una comunidad vibrante y acogedora para cualquiera que busque explorar el mundo a trav\u00e9s de los videochats.<\/p>\n<h2>Alternativas a Mili<\/h2>\n<p>Aunque Mili ha demostrado ser una potencia en el mundo de los videochats aleatorios, la esfera digital es rica en variedad. Para los interesados en explorar plataformas similares, opciones como <a href=\"https:\/\/strangercam.com\/es\/omegle\/\">Omegle<\/a> y <a href=\"https:\/\/strangercam.com\/es\/chatroulette\/\">Chatroulette<\/a> son bien conocidas por facilitar conexiones de v\u00eddeo aleatorias. Cada plataforma tiene sus propias caracter\u00edsticas y comunidades, que se adaptan a las preferencias y necesidades de los usuarios. Tanto si buscas un amplio abanico de interlocutores como si prefieres un tipo espec\u00edfico de interacci\u00f3n, el mundo de las plataformas de videochat aleatorio ofrece grandes posibilidades de exploraci\u00f3n y conexi\u00f3n.<\/p>\n<h2>Preguntas frecuentes<\/h2>\n<h3>\u00bfQu\u00e9 es Mili?<\/h3>\n<p>Mili es una plataforma de videochat aleatoria que permite a los usuarios conectarse con otras personas de todo el mundo para mantener conversaciones e interacciones espont\u00e1neas, con v\u00eddeo de alta calidad y una interfaz f\u00e1cil de usar.<\/p>\n<h3>\u00bfQu\u00e9 tipo de interacciones puedo tener en Mili?<\/h3>\n<p>En Mili puedes disfrutar de un amplio abanico de interacciones, desde conversaciones informales a discusiones profundas, intercambios musicales y mucho m\u00e1s, todo ello facilitado a trav\u00e9s de videochats aleatorios.<\/p>\n<h3>\u00bfPuedo interactuar con otros usuarios en Mili?<\/h3>\n<p>S\u00ed, Mili cuenta con opciones interactivas que permiten a los usuarios comunicarse directamente entre s\u00ed en tiempo real, lo que aumenta la sensaci\u00f3n de conexi\u00f3n y comunidad en la plataforma.<\/p>\n<h3>\u00bfQu\u00e9 hace que Mili destaque en calidad de v\u00eddeo?<\/h3>\n<p>Mili admite v\u00eddeo de alta calidad para garantizar que todas las interacciones sean claras y atractivas, ofreciendo una experiencia envolvente que mejora cada conversaci\u00f3n.<\/p>\n<h3>\u00bfEs f\u00e1cil de usar la interfaz de Mili?<\/h3>\n<p>Mili cuenta con una interfaz f\u00e1cil de usar que facilita la navegaci\u00f3n por la plataforma, la b\u00fasqueda de nuevas personas con las que chatear y el inicio de conversaciones de forma r\u00e1pida y eficaz.<\/p>\n<h3>\u00bfHay alguna forma de apoyar o mejorar mi experiencia en Mili?<\/h3>\n<p>S\u00ed, Mili ofrece varias opciones de monetizaci\u00f3n y funciones premium que permiten a los usuarios mejorar su experiencia de chat o apoyar a sus participantes favoritos en la plataforma.<\/p>\n<h3>\u00bfPuedo utilizar Mili en dispositivos m\u00f3viles?<\/h3>\n<p>Por supuesto, Mili est\u00e1 optimizado para dispositivos m\u00f3viles, lo que garantiza que los usuarios puedan disfrutar de videoconferencias aleatorias sobre la marcha, en cualquier momento y lugar.<\/p>","protected":false},"excerpt":{"rendered":"<p>Diving into the captivating universe of random video chats, we&#8217;ve discovered a true standout that&#8217;s making waves internationally: Mili. This platform is quickly becoming a sanctuary for individuals seeking authentic connections and a wide array of interactions, marking a significant departure from the conventional live streaming experience. At the heart of its appeal, Mili distinguishes [&hellip;]<\/p>\n","protected":false},"author":6,"featured_media":559,"parent":0,"menu_order":0,"comment_status":"closed","ping_status":"closed","template":"","meta":{"footnotes":""},"class_list":["post-12326","page","type-page","status-publish","has-post-thumbnail","hentry"],"yoast_head":"<!-- This site is optimized with the Yoast SEO plugin v26.9 - https:\/\/yoast.com\/product\/yoast-seo-wordpress\/ -->\n<title>Mili - #1 Video Chat with Girls - StrangerCam<\/title>\n<meta name=\"description\" content=\"Like Mili? Join our number one video chat site with girls and strangers on StrangerCam for Free with Mili!\" \/>\n<meta name=\"robots\" content=\"index, follow, max-snippet:-1, max-image-preview:large, max-video-preview:-1\" \/>\n<link rel=\"canonical\" href=\"https:\/\/strangercam.com\/es\/mili\/\" \/>\n<meta property=\"og:locale\" content=\"es_ES\" \/>\n<meta property=\"og:type\" content=\"article\" \/>\n<meta property=\"og:title\" content=\"Mili - #1 Video Chat with Girls - StrangerCam\" \/>\n<meta property=\"og:description\" content=\"Like Mili? Join our number one video chat site with girls and strangers on StrangerCam for Free with Mili!\" \/>\n<meta property=\"og:url\" content=\"https:\/\/strangercam.com\/es\/mili\/\" \/>\n<meta property=\"og:site_name\" content=\"Strangercam\" \/>\n<meta property=\"article:publisher\" content=\"https:\/\/www.facebook.com\/strangercam\" \/>\n<meta property=\"article:modified_time\" content=\"2024-02-07T10:23:08+00:00\" \/>\n<meta property=\"og:image\" content=\"https:\/\/strangercam.com\/wp-content\/uploads\/2020\/11\/stranger-cam-1.png\" \/>\n\t<meta property=\"og:image:width\" content=\"800\" \/>\n\t<meta property=\"og:image:height\" content=\"800\" \/>\n\t<meta property=\"og:image:type\" content=\"image\/png\" \/>\n<meta name=\"twitter:card\" content=\"summary_large_image\" \/>\n<meta name=\"twitter:site\" content=\"@strangercamapp\" \/>\n<meta name=\"twitter:label1\" content=\"Tiempo de lectura\" \/>\n\t<meta name=\"twitter:data1\" content=\"9 minutos\" \/>\n<script type=\"application\/ld+json\" class=\"yoast-schema-graph\">{\"@context\":\"https:\/\/schema.org\",\"@graph\":[{\"@type\":\"WebPage\",\"@id\":\"https:\/\/strangercam.com\/mili\/\",\"url\":\"https:\/\/strangercam.com\/mili\/\",\"name\":\"Mili - #1 Video Chat with Girls - StrangerCam\",\"isPartOf\":{\"@id\":\"https:\/\/strangercam.com\/#website\"},\"primaryImageOfPage\":{\"@id\":\"https:\/\/strangercam.com\/mili\/#primaryimage\"},\"image\":{\"@id\":\"https:\/\/strangercam.com\/mili\/#primaryimage\"},\"thumbnailUrl\":\"https:\/\/strangercam.com\/wp-content\/uploads\/2020\/11\/stranger-cam-1.png\",\"datePublished\":\"2024-02-07T10:11:59+00:00\",\"dateModified\":\"2024-02-07T10:23:08+00:00\",\"description\":\"Like Mili? Join our number one video chat site with girls and strangers on StrangerCam for Free with Mili!\",\"breadcrumb\":{\"@id\":\"https:\/\/strangercam.com\/mili\/#breadcrumb\"},\"inLanguage\":\"es\",\"potentialAction\":[{\"@type\":\"ReadAction\",\"target\":[\"https:\/\/strangercam.com\/mili\/\"]}]},{\"@type\":\"ImageObject\",\"inLanguage\":\"es\",\"@id\":\"https:\/\/strangercam.com\/mili\/#primaryimage\",\"url\":\"https:\/\/strangercam.com\/wp-content\/uploads\/2020\/11\/stranger-cam-1.png\",\"contentUrl\":\"https:\/\/strangercam.com\/wp-content\/uploads\/2020\/11\/stranger-cam-1.png\",\"width\":800,\"height\":800,\"caption\":\"stranger cam random video chat\"},{\"@type\":\"BreadcrumbList\",\"@id\":\"https:\/\/strangercam.com\/mili\/#breadcrumb\",\"itemListElement\":[{\"@type\":\"ListItem\",\"position\":1,\"name\":\"Home\",\"item\":\"https:\/\/strangercam.com\/\"},{\"@type\":\"ListItem\",\"position\":2,\"name\":\"Mili\"}]},{\"@type\":\"WebSite\",\"@id\":\"https:\/\/strangercam.com\/#website\",\"url\":\"https:\/\/strangercam.com\/\",\"name\":\"Strangercam\",\"description\":\"Random Video Chat with Strangers\",\"publisher\":{\"@id\":\"https:\/\/strangercam.com\/#organization\"},\"alternateName\":\"Strangercam.com\",\"potentialAction\":[{\"@type\":\"SearchAction\",\"target\":{\"@type\":\"EntryPoint\",\"urlTemplate\":\"https:\/\/strangercam.com\/?s={search_term_string}\"},\"query-input\":{\"@type\":\"PropertyValueSpecification\",\"valueRequired\":true,\"valueName\":\"search_term_string\"}}],\"inLanguage\":\"es\"},{\"@type\":\"Organization\",\"@id\":\"https:\/\/strangercam.com\/#organization\",\"name\":\"Strangercam\",\"alternateName\":\"Strangercam.com\",\"url\":\"https:\/\/strangercam.com\/\",\"logo\":{\"@type\":\"ImageObject\",\"inLanguage\":\"es\",\"@id\":\"https:\/\/strangercam.com\/#\/schema\/logo\/image\/\",\"url\":\"https:\/\/strangercam.com\/wp-content\/uploads\/2020\/11\/cropped-new-favicon-black.png\",\"contentUrl\":\"https:\/\/strangercam.com\/wp-content\/uploads\/2020\/11\/cropped-new-favicon-black.png\",\"width\":512,\"height\":512,\"caption\":\"Strangercam\"},\"image\":{\"@id\":\"https:\/\/strangercam.com\/#\/schema\/logo\/image\/\"},\"sameAs\":[\"https:\/\/www.facebook.com\/strangercam\",\"https:\/\/x.com\/strangercamapp\"]}]}<\/script>\n<!-- \/ Yoast SEO plugin. -->","yoast_head_json":{"title":"Mili - #1 Video Chat con Chicas - StrangerCam","description":"\u00bfTe gusta Mili? \u00a1\u00danete a nuestro sitio n\u00famero uno de videochat con chicas y desconocidos en StrangerCam gratis con Mili!","robots":{"index":"index","follow":"follow","max-snippet":"max-snippet:-1","max-image-preview":"max-image-preview:large","max-video-preview":"max-video-preview:-1"},"canonical":"https:\/\/strangercam.com\/es\/mili\/","og_locale":"es_ES","og_type":"article","og_title":"Mili - #1 Video Chat with Girls - StrangerCam","og_description":"Like Mili? Join our number one video chat site with girls and strangers on StrangerCam for Free with Mili!","og_url":"https:\/\/strangercam.com\/es\/mili\/","og_site_name":"Strangercam","article_publisher":"https:\/\/www.facebook.com\/strangercam","article_modified_time":"2024-02-07T10:23:08+00:00","og_image":[{"width":800,"height":800,"url":"https:\/\/strangercam.com\/wp-content\/uploads\/2020\/11\/stranger-cam-1.png","type":"image\/png"}],"twitter_card":"summary_large_image","twitter_site":"@strangercamapp","twitter_misc":{"Tiempo de lectura":"9 minutos"},"schema":{"@context":"https:\/\/schema.org","@graph":[{"@type":"WebPage","@id":"https:\/\/strangercam.com\/mili\/","url":"https:\/\/strangercam.com\/mili\/","name":"Mili - #1 Video Chat con Chicas - StrangerCam","isPartOf":{"@id":"https:\/\/strangercam.com\/#website"},"primaryImageOfPage":{"@id":"https:\/\/strangercam.com\/mili\/#primaryimage"},"image":{"@id":"https:\/\/strangercam.com\/mili\/#primaryimage"},"thumbnailUrl":"https:\/\/strangercam.com\/wp-content\/uploads\/2020\/11\/stranger-cam-1.png","datePublished":"2024-02-07T10:11:59+00:00","dateModified":"2024-02-07T10:23:08+00:00","description":"\u00bfTe gusta Mili? \u00a1\u00danete a nuestro sitio n\u00famero uno de videochat con chicas y desconocidos en StrangerCam gratis con Mili!","breadcrumb":{"@id":"https:\/\/strangercam.com\/mili\/#breadcrumb"},"inLanguage":"es","potentialAction":[{"@type":"ReadAction","target":["https:\/\/strangercam.com\/mili\/"]}]},{"@type":"ImageObject","inLanguage":"es","@id":"https:\/\/strangercam.com\/mili\/#primaryimage","url":"https:\/\/strangercam.com\/wp-content\/uploads\/2020\/11\/stranger-cam-1.png","contentUrl":"https:\/\/strangercam.com\/wp-content\/uploads\/2020\/11\/stranger-cam-1.png","width":800,"height":800,"caption":"stranger cam random video chat"},{"@type":"BreadcrumbList","@id":"https:\/\/strangercam.com\/mili\/#breadcrumb","itemListElement":[{"@type":"ListItem","position":1,"name":"Home","item":"https:\/\/strangercam.com\/"},{"@type":"ListItem","position":2,"name":"Mili"}]},{"@type":"WebSite","@id":"https:\/\/strangercam.com\/#website","url":"https:\/\/strangercam.com\/","name":"Strangercam","description":"Videochat aleatorio con desconocidos","publisher":{"@id":"https:\/\/strangercam.com\/#organization"},"alternateName":"Strangercam.com","potentialAction":[{"@type":"SearchAction","target":{"@type":"EntryPoint","urlTemplate":"https:\/\/strangercam.com\/?s={search_term_string}"},"query-input":{"@type":"PropertyValueSpecification","valueRequired":true,"valueName":"search_term_string"}}],"inLanguage":"es"},{"@type":"Organization","@id":"https:\/\/strangercam.com\/#organization","name":"Strangercam","alternateName":"Strangercam.com","url":"https:\/\/strangercam.com\/","logo":{"@type":"ImageObject","inLanguage":"es","@id":"https:\/\/strangercam.com\/#\/schema\/logo\/image\/","url":"https:\/\/strangercam.com\/wp-content\/uploads\/2020\/11\/cropped-new-favicon-black.png","contentUrl":"https:\/\/strangercam.com\/wp-content\/uploads\/2020\/11\/cropped-new-favicon-black.png","width":512,"height":512,"caption":"Strangercam"},"image":{"@id":"https:\/\/strangercam.com\/#\/schema\/logo\/image\/"},"sameAs":["https:\/\/www.facebook.com\/strangercam","https:\/\/x.com\/strangercamapp"]}]}},"_links":{"self":[{"href":"https:\/\/strangercam.com\/es\/wp-json\/wp\/v2\/pages\/12326","targetHints":{"allow":["GET"]}}],"collection":[{"href":"https:\/\/strangercam.com\/es\/wp-json\/wp\/v2\/pages"}],"about":[{"href":"https:\/\/strangercam.com\/es\/wp-json\/wp\/v2\/types\/page"}],"author":[{"embeddable":true,"href":"https:\/\/strangercam.com\/es\/wp-json\/wp\/v2\/users\/6"}],"replies":[{"embeddable":true,"href":"https:\/\/strangercam.com\/es\/wp-json\/wp\/v2\/comments?post=12326"}],"version-history":[{"count":0,"href":"https:\/\/strangercam.com\/es\/wp-json\/wp\/v2\/pages\/12326\/revisions"}],"wp:featuredmedia":[{"embeddable":true,"href":"https:\/\/strangercam.com\/es\/wp-json\/wp\/v2\/media\/559"}],"wp:attachment":[{"href":"https:\/\/strangercam.com\/es\/wp-json\/wp\/v2\/media?parent=12326"}],"curies":[{"name":"wp","href":"https:\/\/api.w.org\/{rel}","templated":true}]}}