{"id":12254,"date":"2025-09-29T10:09:11","date_gmt":"2025-09-29T08:09:11","guid":{"rendered":"https:\/\/strangercam.com\/?page_id=12254"},"modified":"2025-09-29T12:07:57","modified_gmt":"2025-09-29T10:07:57","slug":"videollamada-aleatoria-americana","status":"publish","type":"page","link":"https:\/\/strangercam.com\/es\/videollamada-aleatoria-americana\/","title":{"rendered":"Videollamada aleatoria estadounidense"},"content":{"rendered":"<p>\u00bfBuscas una plataforma de videollamadas aleatorias estadounidense? Est\u00e1s en el lugar adecuado. En 2025, miles de personas buscan formas de conectar instant\u00e1neamente con desconocidos en Estados Unidos, ya sea para hacer nuevos amigos, disfrutar de conversaciones informales o simplemente explorar la cultura estadounidense en l\u00ednea. A diferencia de las aplicaciones de citas tradicionales o las redes sociales, las plataformas de videollamadas aleatorias te permiten conocer a gente real cara a cara en cuesti\u00f3n de segundos.<\/p>\n<p>Con servicios como StrangerCam, puedes unirte a una videollamada aleatoria estadounidense ahora mismo. Sin registro, sin cuotas, sin esperas, solo conversaciones de v\u00eddeo instant\u00e1neas con personas de todo Estados Unidos y m\u00e1s all\u00e1.<\/p>\n<p>Esta gu\u00eda te explicar\u00e1 todo lo que necesitas saber: qu\u00e9 son las videollamadas aleatorias americanas, por qu\u00e9 son populares, c\u00f3mo funcionan, qu\u00e9 caracter\u00edsticas buscar, una comparativa de las principales plataformas, consejos de seguridad y por qu\u00e9 StrangerCam es una de las mejores opciones hoy en d\u00eda.<\/p>\n<h2>\u00bfQu\u00e9 es una videollamada aleatoria estadounidense?<\/h2>\n<p>Una videollamada aleatoria americana es una videoconferencia en l\u00ednea de uno a uno. <a href=\"https:\/\/strangercam.com\/es\/chathub\/\">chat<\/a> que te pone en contacto con desconocidos en Estados Unidos. La experiencia es sencilla:<\/p>\n<ul>\n<li>Pulsa un bot\u00f3n.<\/li>\n<li>Se te emparejar\u00e1 al instante con alguien nuevo en Estados Unidos.<\/li>\n<li>Puedes hablar cara a cara utilizando la webcam y el micr\u00f3fono.<\/li>\n<li>\u00bfNo le gusta el partido? Haz clic en Siguiente para continuar.<\/li>\n<\/ul>\n<p>A diferencia de las aplicaciones de citas, no hay que esperar a encontrar pareja ni escribir largas biograf\u00edas. Es directo, divertido e impredecible.<\/p>\n<h2>Por qu\u00e9 la gente adora las videollamadas aleatorias americanas<\/h2>\n<p>El atractivo de conectar con desconocidos en Estados Unidos es evidente:<\/p>\n<ul>\n<li>Curiosidad cultural: Conozca a estadounidenses de diferentes estados, or\u00edgenes y estilos de vida.<\/li>\n<li>Practicar ingl\u00e9s: Muchos usuarios internacionales utilizan las videollamadas aleatorias americanas para mejorar sus conocimientos ling\u00fc\u00edsticos.<\/li>\n<li>Amistad y flirteo: Tanto si quieres una conversaci\u00f3n casual como un flirteo juguet\u00f3n, el chat aleatorio es perfecto.<\/li>\n<li>Espontaneidad: cada llamada es diferente, nunca sabes con qui\u00e9n te vas a encontrar.<\/li>\n<li>Accesibilidad: Es gratuito, instant\u00e1neo y no requiere registro.<\/li>\n<\/ul>\n<h2>\u00bfC\u00f3mo funciona la videollamada American Random?<\/h2>\n<p>S\u00f3lo hay que dar unos pasos:<\/p>\n<ol>\n<li>Abre la plataforma (como StrangerCam).<\/li>\n<li>Permitir el acceso a la c\u00e1mara y al micr\u00f3fono.<\/li>\n<li>Haz clic en \"Iniciar videollamada\".<\/li>\n<li>Empar\u00e9jate al instante con un desconocido en Estados Unidos.<\/li>\n<li>Haz clic en \"Siguiente\" en cualquier momento para conocer a alguien nuevo.<\/li>\n<\/ol>\n<p>Eso es todo: r\u00e1pido, f\u00e1cil y siempre gratis.<\/p>\n<h2>Caracter\u00edsticas que debe buscar en una plataforma de videollamadas aleatorias estadounidense<\/h2>\n<p>No todas las plataformas ofrecen la misma experiencia. Esto es lo que m\u00e1s importa:<\/p>\n<ul>\n<li>Filtros de localizaci\u00f3n: Posibilidad de coincidir espec\u00edficamente con usuarios de Estados Unidos.<\/li>\n<li>Acceso gratuito: Uso ilimitado sin muros de pago ocultos.<\/li>\n<li>Sin registro: Chat instant\u00e1neo sin cuentas.<\/li>\n<li>Compatible con dispositivos m\u00f3viles: funciona sin problemas en iOS y Android.<\/li>\n<li>Moderaci\u00f3n segura: Protecci\u00f3n contra bots y contenidos inapropiados.<\/li>\n<li>Calidad de v\u00eddeo: V\u00eddeo y sonido n\u00edtidos para conexiones reales.<\/li>\n<\/ul>\n<h2>Las mejores plataformas americanas de videollamadas aleatorias en 2025<\/h2>\n<p>Compara los servicios m\u00e1s populares de la actualidad:<\/p>\n<table>\n<thead>\n<tr>\n<th>Plataforma<\/th>\n<th align=\"center\">Acceso gratuito<\/th>\n<th align=\"center\">EE.UU. Filtro de ubicaci\u00f3n<\/th>\n<th align=\"center\">Se necesita inscripci\u00f3n<\/th>\n<th align=\"center\">Asistencia m\u00f3vil<\/th>\n<th align=\"center\">Moderaci\u00f3n<\/th>\n<th>Notas<\/th>\n<\/tr>\n<\/thead>\n<tbody>\n<tr>\n<td>StrangerCam<\/td>\n<td align=\"center\">\u2705<\/td>\n<td align=\"center\">\u2705 (Gratis)<\/td>\n<td align=\"center\">\u274c<\/td>\n<td align=\"center\">\u2705<\/td>\n<td align=\"center\">\u2705<\/td>\n<td>Mejor en general: gratuito, centrado en EE.UU.<\/td>\n<\/tr>\n<tr>\n<td><a href=\"https:\/\/strangercam.com\/es\/chatroulette\/\">Chatroulette<\/a><\/td>\n<td align=\"center\">\u2705<\/td>\n<td align=\"center\">\u274c<\/td>\n<td align=\"center\">\u274c<\/td>\n<td align=\"center\">\u2705<\/td>\n<td align=\"center\">\u2705<\/td>\n<td>Cl\u00e1sico, s\u00f3lo aleatorio<\/td>\n<\/tr>\n<tr>\n<td>Chatrandom<\/td>\n<td align=\"center\">\u2705<\/td>\n<td align=\"center\">\u2705 (de pago)<\/td>\n<td align=\"center\">\u274c<\/td>\n<td align=\"center\">\u2705<\/td>\n<td align=\"center\">\u2705<\/td>\n<td>Popular, pero las mejoras cuestan<\/td>\n<\/tr>\n<tr>\n<td><a href=\"https:\/\/strangercam.com\/es\/ometv\/\">OmeTV<\/a><\/td>\n<td align=\"center\">\u2705<\/td>\n<td align=\"center\">\u274c<\/td>\n<td align=\"center\">\u274c<\/td>\n<td align=\"center\">\u2705<\/td>\n<td align=\"center\">\u2705<\/td>\n<td>Basado en aplicaciones, enfoque global<\/td>\n<\/tr>\n<tr>\n<td>Shagle<\/td>\n<td align=\"center\">\u2705<\/td>\n<td align=\"center\">\u2705 (de pago)<\/td>\n<td align=\"center\">\u274c<\/td>\n<td align=\"center\">\u2705<\/td>\n<td align=\"center\">\u2705<\/td>\n<td>Funciones Premium bloqueadas<\/td>\n<\/tr>\n<tr>\n<td><a href=\"https:\/\/strangercam.com\/es\/coomeet\/\">CooMeet<\/a><\/td>\n<td align=\"center\">\u274c (Prueba)<\/td>\n<td align=\"center\">\u2705<\/td>\n<td align=\"center\">\u2705<\/td>\n<td align=\"center\">\u2705<\/td>\n<td align=\"center\">\u2705<\/td>\n<td>De pago, centrado en el encuentro entre hombres y mujeres<\/td>\n<\/tr>\n<\/tbody>\n<\/table>\n<p>StrangerCam es una de las \u00fanicas plataformas que ofrece videollamadas aleatorias gratuitas espec\u00edficamente con estadounidenses, sin necesidad de registrarse y con uso ilimitado.<\/p>\n<h2>Por qu\u00e9 StrangerCam es la mejor opci\u00f3n<\/h2>\n<p>He aqu\u00ed por qu\u00e9 StrangerCam es perfecta para cualquiera que busque \"videollamada aleatoria estadounidense\":<\/p>\n<ul>\n<li>Completamente gratis e ilimitado - Sin pruebas ni sistemas de cr\u00e9dito.<\/li>\n<li>USA Location Matching - Conoce a gente real en Estados Unidos.<\/li>\n<li>No es necesario registrarse - Permanezca en el anonimato y empiece al instante.<\/li>\n<li>Seguro y moderado - Mayor seguridad que las antiguas plataformas tipo Omegle.<\/li>\n<li>Preparado para m\u00f3viles y ordenadores de sobremesa: funciona en cualquier lugar y en cualquier momento.<\/li>\n<li>Diversa base de usuarios: conozca a estadounidenses de costa a costa.<\/li>\n<\/ul>\n<h2>Testimonios de usuarios reales<\/h2>\n<blockquote><p>\"Quer\u00eda practicar mi ingl\u00e9s y busqu\u00e9 videollamadas americanas al azar. StrangerCam me conect\u00f3 con gente de Nueva York y California en minutos\".<br \/>\n- Daniel, 24 (Espa\u00f1a)<\/p><\/blockquote>\n<blockquote><p>\"Es muy divertido conocer a estadounidenses al azar: a veces es informal, a veces coqueto, siempre emocionante\".<br \/>\n- Sophia, 21 a\u00f1os (Canad\u00e1)<\/p><\/blockquote>\n<blockquote><p>\"A diferencia de otros sitios, \u00e9ste es realmente gratuito. Sin registro, sin trucos\".<br \/>\n- Ryan, 29 a\u00f1os (EE.UU.)<\/p><\/blockquote>\n<blockquote><p>\"Ya he tenido grandes conversaciones con gente de Texas, Florida y Chicago. Se siente real y seguro\".<br \/>\n- Leah, 20 a\u00f1os (Alemania)<\/p><\/blockquote>\n<h2>Consejos de seguridad para las videollamadas americanas aleatorias<\/h2>\n<p>Aunque chatear con desconocidos en Estados Unidos es divertido, mantente siempre a salvo:<\/p>\n<ul>\n<li>Nunca compartas informaci\u00f3n personal (tel\u00e9fono, direcci\u00f3n, lugar de trabajo).<\/li>\n<li>Evita los enlaces sospechosos durante los chats.<\/li>\n<li>Utiliza Saltar\/Bloquear si alguien te incomoda.<\/li>\n<li>Comprueba tus antecedentes antes de encender la webcam.<\/li>\n<li>Utiliza un apodo en lugar de tu nombre real.<\/li>\n<li>Respeta las normas de edad de la plataforma: si tienes menos de 18 a\u00f1os, no utilices el chat para adultos.<\/li>\n<\/ul>\n<h2>C\u00f3mo empezar - Paso a paso<\/h2>\n<p>A continuaci\u00f3n te explicamos c\u00f3mo empezar tu primera videollamada aleatoria americana:<\/p>\n<ol>\n<li>Abre StrangerCam en tu navegador o en el m\u00f3vil.<\/li>\n<li>Permitir el acceso a la c\u00e1mara y al micr\u00f3fono.<\/li>\n<li>Elija el filtro USA (si est\u00e1 disponible).<\/li>\n<li>Haz clic en Iniciar chat.<\/li>\n<li>Conoce a un desconocido americano al instante.<\/li>\n<li>Pulsa Siguiente cuando quieras para conocer a alguien nuevo.<\/li>\n<\/ol>\n<p>En 2025, la demanda de videollamadas americanas aleatorias nunca ha sido tan alta. Personas de todo el mundo sienten curiosidad por conectar con estadounidenses para entablar amistad, divertirse e intercambiar culturas.<\/p>\n<p>Plataformas como StrangerCam lo ponen f\u00e1cil: videollamadas gratuitas, instant\u00e1neas y seguras con gente real de Estados Unidos. Sin inscripciones ni cargos ocultos, solo conexiones espont\u00e1neas con estadounidenses con solo pulsar un bot\u00f3n.<\/p>\n<p>\u00bfListo para conocer a alguien nuevo? Inicia hoy mismo tu videollamada aleatoria americana y descubre con qui\u00e9n conectar\u00e1s despu\u00e9s.<\/p>","protected":false},"excerpt":{"rendered":"<p>Looking for an American random video call platform? You\u2019re in the right place. In 2025, thousands of people search for ways to connect instantly with strangers in the United States\u2014whether to make new friends, enjoy casual conversations, or simply explore American culture online. Unlike traditional dating apps or social networks, random video call platforms let [&hellip;]<\/p>\n","protected":false},"author":8,"featured_media":0,"parent":0,"menu_order":0,"comment_status":"closed","ping_status":"closed","template":"","meta":{"footnotes":""},"class_list":["post-12254","page","type-page","status-publish","hentry"],"yoast_head":"<!-- This site is optimized with the Yoast SEO plugin v26.9 - https:\/\/yoast.com\/product\/yoast-seo-wordpress\/ -->\n<title>American Random Video Call with Video Chat on Strangercam.com<\/title>\n<meta name=\"description\" content=\"Liking American Random Video Call? Join millions on StrangerCam.com! Start a random video chat, turn on your cam, and meet strangers instantly.\" \/>\n<meta name=\"robots\" content=\"index, follow, max-snippet:-1, max-image-preview:large, max-video-preview:-1\" \/>\n<link rel=\"canonical\" href=\"https:\/\/strangercam.com\/es\/videollamada-aleatoria-americana\/\" \/>\n<meta property=\"og:locale\" content=\"es_ES\" \/>\n<meta property=\"og:type\" content=\"article\" \/>\n<meta property=\"og:title\" content=\"American Random Video Call with Video Chat on Strangercam.com\" \/>\n<meta property=\"og:description\" content=\"Liking American Random Video Call? Join millions on StrangerCam.com! Start a random video chat, turn on your cam, and meet strangers instantly.\" \/>\n<meta property=\"og:url\" content=\"https:\/\/strangercam.com\/es\/videollamada-aleatoria-americana\/\" \/>\n<meta property=\"og:site_name\" content=\"Strangercam\" \/>\n<meta property=\"article:publisher\" content=\"https:\/\/www.facebook.com\/strangercam\" \/>\n<meta property=\"article:modified_time\" content=\"2025-09-29T10:07:57+00:00\" \/>\n<meta property=\"og:image\" content=\"https:\/\/strangercam.com\/wp-content\/uploads\/2021\/10\/Untitled-2.png\" \/>\n\t<meta property=\"og:image:width\" content=\"800\" \/>\n\t<meta property=\"og:image:height\" content=\"532\" \/>\n\t<meta property=\"og:image:type\" content=\"image\/png\" \/>\n<meta name=\"twitter:card\" content=\"summary_large_image\" \/>\n<meta name=\"twitter:site\" content=\"@strangercamapp\" \/>\n<meta name=\"twitter:label1\" content=\"Tiempo de lectura\" \/>\n\t<meta name=\"twitter:data1\" content=\"4 minutos\" \/>\n<script type=\"application\/ld+json\" class=\"yoast-schema-graph\">{\"@context\":\"https:\/\/schema.org\",\"@graph\":[{\"@type\":\"WebPage\",\"@id\":\"https:\/\/strangercam.com\/american-random-video-call\/\",\"url\":\"https:\/\/strangercam.com\/american-random-video-call\/\",\"name\":\"American Random Video Call with Video Chat on Strangercam.com\",\"isPartOf\":{\"@id\":\"https:\/\/strangercam.com\/#website\"},\"datePublished\":\"2025-09-29T08:09:11+00:00\",\"dateModified\":\"2025-09-29T10:07:57+00:00\",\"description\":\"Liking American Random Video Call? Join millions on StrangerCam.com! Start a random video chat, turn on your cam, and meet strangers instantly.\",\"breadcrumb\":{\"@id\":\"https:\/\/strangercam.com\/american-random-video-call\/#breadcrumb\"},\"inLanguage\":\"es\",\"potentialAction\":[{\"@type\":\"ReadAction\",\"target\":[\"https:\/\/strangercam.com\/american-random-video-call\/\"]}]},{\"@type\":\"BreadcrumbList\",\"@id\":\"https:\/\/strangercam.com\/american-random-video-call\/#breadcrumb\",\"itemListElement\":[{\"@type\":\"ListItem\",\"position\":1,\"name\":\"Home\",\"item\":\"https:\/\/strangercam.com\/\"},{\"@type\":\"ListItem\",\"position\":2,\"name\":\"American Random Video Call\"}]},{\"@type\":\"WebSite\",\"@id\":\"https:\/\/strangercam.com\/#website\",\"url\":\"https:\/\/strangercam.com\/\",\"name\":\"Strangercam\",\"description\":\"Random Video Chat with Strangers\",\"publisher\":{\"@id\":\"https:\/\/strangercam.com\/#organization\"},\"alternateName\":\"Strangercam.com\",\"potentialAction\":[{\"@type\":\"SearchAction\",\"target\":{\"@type\":\"EntryPoint\",\"urlTemplate\":\"https:\/\/strangercam.com\/?s={search_term_string}\"},\"query-input\":{\"@type\":\"PropertyValueSpecification\",\"valueRequired\":true,\"valueName\":\"search_term_string\"}}],\"inLanguage\":\"es\"},{\"@type\":\"Organization\",\"@id\":\"https:\/\/strangercam.com\/#organization\",\"name\":\"Strangercam\",\"alternateName\":\"Strangercam.com\",\"url\":\"https:\/\/strangercam.com\/\",\"logo\":{\"@type\":\"ImageObject\",\"inLanguage\":\"es\",\"@id\":\"https:\/\/strangercam.com\/#\/schema\/logo\/image\/\",\"url\":\"https:\/\/strangercam.com\/wp-content\/uploads\/2020\/11\/cropped-new-favicon-black.png\",\"contentUrl\":\"https:\/\/strangercam.com\/wp-content\/uploads\/2020\/11\/cropped-new-favicon-black.png\",\"width\":512,\"height\":512,\"caption\":\"Strangercam\"},\"image\":{\"@id\":\"https:\/\/strangercam.com\/#\/schema\/logo\/image\/\"},\"sameAs\":[\"https:\/\/www.facebook.com\/strangercam\",\"https:\/\/x.com\/strangercamapp\"]}]}<\/script>\n<!-- \/ Yoast SEO plugin. -->","yoast_head_json":{"title":"American Random Video Call con Video Chat en Strangercam.com","description":"\u00bfTe gusta American Random Video Call? \u00a1Join millones en StrangerCam.com! Inicia un videochat aleatorio, enciende tu c\u00e1mara y conoce a desconocidos al instante.","robots":{"index":"index","follow":"follow","max-snippet":"max-snippet:-1","max-image-preview":"max-image-preview:large","max-video-preview":"max-video-preview:-1"},"canonical":"https:\/\/strangercam.com\/es\/videollamada-aleatoria-americana\/","og_locale":"es_ES","og_type":"article","og_title":"American Random Video Call with Video Chat on Strangercam.com","og_description":"Liking American Random Video Call? Join millions on StrangerCam.com! Start a random video chat, turn on your cam, and meet strangers instantly.","og_url":"https:\/\/strangercam.com\/es\/videollamada-aleatoria-americana\/","og_site_name":"Strangercam","article_publisher":"https:\/\/www.facebook.com\/strangercam","article_modified_time":"2025-09-29T10:07:57+00:00","og_image":[{"width":800,"height":532,"url":"https:\/\/strangercam.com\/wp-content\/uploads\/2021\/10\/Untitled-2.png","type":"image\/png"}],"twitter_card":"summary_large_image","twitter_site":"@strangercamapp","twitter_misc":{"Tiempo de lectura":"4 minutos"},"schema":{"@context":"https:\/\/schema.org","@graph":[{"@type":"WebPage","@id":"https:\/\/strangercam.com\/american-random-video-call\/","url":"https:\/\/strangercam.com\/american-random-video-call\/","name":"American Random Video Call con Video Chat en Strangercam.com","isPartOf":{"@id":"https:\/\/strangercam.com\/#website"},"datePublished":"2025-09-29T08:09:11+00:00","dateModified":"2025-09-29T10:07:57+00:00","description":"\u00bfTe gusta American Random Video Call? \u00a1Join millones en StrangerCam.com! Inicia un videochat aleatorio, enciende tu c\u00e1mara y conoce a desconocidos al instante.","breadcrumb":{"@id":"https:\/\/strangercam.com\/american-random-video-call\/#breadcrumb"},"inLanguage":"es","potentialAction":[{"@type":"ReadAction","target":["https:\/\/strangercam.com\/american-random-video-call\/"]}]},{"@type":"BreadcrumbList","@id":"https:\/\/strangercam.com\/american-random-video-call\/#breadcrumb","itemListElement":[{"@type":"ListItem","position":1,"name":"Home","item":"https:\/\/strangercam.com\/"},{"@type":"ListItem","position":2,"name":"American Random Video Call"}]},{"@type":"WebSite","@id":"https:\/\/strangercam.com\/#website","url":"https:\/\/strangercam.com\/","name":"Strangercam","description":"Videochat aleatorio con desconocidos","publisher":{"@id":"https:\/\/strangercam.com\/#organization"},"alternateName":"Strangercam.com","potentialAction":[{"@type":"SearchAction","target":{"@type":"EntryPoint","urlTemplate":"https:\/\/strangercam.com\/?s={search_term_string}"},"query-input":{"@type":"PropertyValueSpecification","valueRequired":true,"valueName":"search_term_string"}}],"inLanguage":"es"},{"@type":"Organization","@id":"https:\/\/strangercam.com\/#organization","name":"Strangercam","alternateName":"Strangercam.com","url":"https:\/\/strangercam.com\/","logo":{"@type":"ImageObject","inLanguage":"es","@id":"https:\/\/strangercam.com\/#\/schema\/logo\/image\/","url":"https:\/\/strangercam.com\/wp-content\/uploads\/2020\/11\/cropped-new-favicon-black.png","contentUrl":"https:\/\/strangercam.com\/wp-content\/uploads\/2020\/11\/cropped-new-favicon-black.png","width":512,"height":512,"caption":"Strangercam"},"image":{"@id":"https:\/\/strangercam.com\/#\/schema\/logo\/image\/"},"sameAs":["https:\/\/www.facebook.com\/strangercam","https:\/\/x.com\/strangercamapp"]}]}},"_links":{"self":[{"href":"https:\/\/strangercam.com\/es\/wp-json\/wp\/v2\/pages\/12254","targetHints":{"allow":["GET"]}}],"collection":[{"href":"https:\/\/strangercam.com\/es\/wp-json\/wp\/v2\/pages"}],"about":[{"href":"https:\/\/strangercam.com\/es\/wp-json\/wp\/v2\/types\/page"}],"author":[{"embeddable":true,"href":"https:\/\/strangercam.com\/es\/wp-json\/wp\/v2\/users\/8"}],"replies":[{"embeddable":true,"href":"https:\/\/strangercam.com\/es\/wp-json\/wp\/v2\/comments?post=12254"}],"version-history":[{"count":2,"href":"https:\/\/strangercam.com\/es\/wp-json\/wp\/v2\/pages\/12254\/revisions"}],"predecessor-version":[{"id":13051,"href":"https:\/\/strangercam.com\/es\/wp-json\/wp\/v2\/pages\/12254\/revisions\/13051"}],"wp:attachment":[{"href":"https:\/\/strangercam.com\/es\/wp-json\/wp\/v2\/media?parent=12254"}],"curies":[{"name":"wp","href":"https:\/\/api.w.org\/{rel}","templated":true}]}}