{"id":11954,"date":"2025-07-24T09:21:22","date_gmt":"2025-07-24T07:21:22","guid":{"rendered":"https:\/\/strangercam.com\/?page_id=11954"},"modified":"2025-07-24T09:26:04","modified_gmt":"2025-07-24T07:26:04","slug":"luckycrush","status":"publish","type":"page","link":"https:\/\/strangercam.com\/es\/luckycrush\/","title":{"rendered":"LuckyCrush"},"content":{"rendered":"<p>En un mundo de interminables swipeos y chats de texto superficiales, plataformas como LuckyCrush est\u00e1n revolucionando el mundo de las citas en l\u00ednea y los chats de v\u00eddeo aleatorios al centrarse en las conexiones en directo e individuales con desconocidos del sexo opuesto. LuckyCrush no es una plataforma m\u00e1s. <a href=\"https:\/\/strangercam.com\/es\/bazoocam\/\">leva<\/a> se trata de una plataforma \u00fanica y gamificada dise\u00f1ada para emparejar a hombres con mujeres (y viceversa) de todo el mundo en conversaciones de v\u00eddeo instant\u00e1neas y privadas que a menudo desdibujan los l\u00edmites entre las citas r\u00e1pidas y las c\u00e1maras de coqueteo. <a href=\"https:\/\/strangercam.com\/es\/chatroulette\/\">ruleta<\/a>.<\/p>\n<p>Pero, \u00bfes LuckyCrush de verdad? \u00bfC\u00f3mo funciona, para qui\u00e9n es, y vale la pena su tiempo y dinero? Esta revisi\u00f3n en profundidad cubre todo lo que necesita saber acerca de LuckyCrush en 2025: sus caracter\u00edsticas, base de usuarios, precios, seguridad, y c\u00f3mo se apila en contra de la creciente multitud de sitios de chat de v\u00eddeo.<\/p>\n<h2>\u00bfQu\u00e9 es LuckyCrush?<\/h2>\n<p>LuckyCrush es un innovador sitio web de videochat aleatorio que conecta a hombres y mujeres en videollamadas en directo, privadas e individuales. A diferencia de la mayor\u00eda de las plataformas de chat aleatorias que emparejan a cualquiera con cualquiera, LuckyCrush solo conecta a hombres con mujeres y a mujeres con hombres, creando un entorno que es coqueteo, citas y diversi\u00f3n a partes iguales.<\/p>\n<p>La plataforma se basa en un navegador, funciona en todo el mundo y promete acceso instant\u00e1neo, sin largas inscripciones, sin pasar el dedo y sin perfiles que rellenar. Tanto si buscas un flirteo r\u00e1pido, un nuevo amigo o incluso un romance digital, LuckyCrush da un giro moderno a las citas r\u00e1pidas con v\u00eddeo en tiempo real.<\/p>\n<h2>\u00bfPara qu\u00e9 sirve LuckyCrush?<\/h2>\n<p>LuckyCrush se cre\u00f3 para cubrir dos grandes lagunas en el mundo del chat y las citas en l\u00ednea:<\/p>\n<ul>\n<li>La falta de emparejamiento genuino entre hombres y mujeres en la mayor\u00eda de los sitios de chat aleatorios<\/li>\n<li>La demanda de interacciones de v\u00eddeo espont\u00e1neas, personales y sin gui\u00f3n<\/li>\n<\/ul>\n<p>Su misi\u00f3n es conocer y flirtear con solteros de todo el mundo de forma r\u00e1pida y sin esfuerzo, en un formato que parece un cruce entre las citas r\u00e1pidas y la ruleta del chat original, pero adaptado a las personas que buscan qu\u00edmica, no s\u00f3lo una conversaci\u00f3n casual.<\/p>\n<p>Tanto si quieres divertirte, ligar, practicar otro idioma o hacer nuevas conexiones de diferentes culturas, LuckyCrush lo hace posible en cuesti\u00f3n de segundos.<\/p>\n<h2>Caracter\u00edsticas principales<\/h2>\n<p>1. Videochat uno a uno, siempre hombre-mujer<br \/>\nLa principal caracter\u00edstica de LuckyCrush es su algoritmo de emparejamiento por sexos: los hombres siempre se emparejan con mujeres y viceversa. Esto es \u00fanico entre <a href=\"https:\/\/strangercam.com\/es\/chat-de-camara-a-camara\/\">cam chat<\/a> plataformas y ayuda a mantener el equilibrio y el compromiso.<\/p>\n<p>2. Emparejamiento instant\u00e1neo, sin necesidad de registro<br \/>\nPuedes empezar a chatear inmediatamente despu\u00e9s de elegir tu sexo. El proceso es instant\u00e1neo y an\u00f3nimo, sin necesidad de largos procesos de registro o verificaci\u00f3n.<\/p>\n<p>3. Salto r\u00e1pido y emparejamiento aleatorio<br \/>\nSi no encaja con su partido, s\u00f3lo tiene que hacer clic en \"Siguiente\" para una nueva conexi\u00f3n. No hay penalizaci\u00f3n por saltar y no hay que esperar colas.<\/p>\n<p>4. Alcance mundial<br \/>\nLuckyCrush es realmente internacional, ya que conecta a personas de m\u00e1s de 100 pa\u00edses. Esto hace que sea un gran lugar para las conversaciones interculturales, el intercambio de idiomas, o simplemente para ver c\u00f3mo son las citas en otras partes del mundo.<\/p>\n<p>5. Chat de texto integrado<br \/>\nAdem\u00e1s de v\u00eddeo, tambi\u00e9n puedes enviar mensajes de texto dentro de la ventana de chat. Esto es \u00fatil para romper el hielo, compartir enlaces o comunicarse en otro idioma.<\/p>\n<p>6. Anonimato y privacidad<br \/>\nNunca tendr\u00e1s que dar tu nombre real, correo electr\u00f3nico o datos personales. Solo se requiere tu webcam, y permaneces en el anonimato hasta que decides compartir m\u00e1s.<\/p>\n<p>7. Opciones de pago y gratuitas<br \/>\nLos nuevos usuarios disponen de minutos de prueba gratuitos para probar la plataforma. Despu\u00e9s, para seguir chateando hay que comprar cr\u00e9ditos o minutos, lo que convierte a LuckyCrush en un servicio de pago por minuto tras la prueba inicial.<\/p>\n<h2>\u00bfLuckyCrush es gratis?<\/h2>\n<p>Probar LuckyCrush es gratis: todos los nuevos usuarios reciben unos minutos de chat gratis para experimentar la plataforma. Sin embargo, para seguir chateando m\u00e1s all\u00e1 del periodo de prueba, los usuarios deben comprar cr\u00e9ditos, que se gastan por minuto durante los chats de v\u00eddeo.<\/p>\n<p>El modelo de precios de la plataforma garantiza usuarios genuinos y desalienta los bots, el spam y el trolling. Entre las funciones de pago se incluyen:<\/p>\n<ul>\n<li>Videochat continuado tras el periodo de prueba<\/li>\n<li>Acceso ilimitado a nuevos partidos<\/li>\n<li>Concordancia de mayor prioridad<\/li>\n<\/ul>\n<p>Los precios son competitivos para el sector y se muestran claramente en el sitio web. A menudo hay paquetes de bonificaci\u00f3n y ofertas de temporada que aportan un valor a\u00f1adido.<\/p>\n<h2>\u00bfQui\u00e9n utiliza LuckyCrush?<\/h2>\n<p>LuckyCrush ha desarrollado r\u00e1pidamente una base de usuarios internacional y diversa que incluye:<\/p>\n<ul>\n<li>Hombres y mujeres, de 18 a 40 a\u00f1os (la mayor\u00eda de 18 a 35 a\u00f1os)<\/li>\n<li>Usuarios de Norteam\u00e9rica, Europa, Sudam\u00e9rica, India, Turqu\u00eda, Sudeste Asi\u00e1tico, etc.<\/li>\n<li>Personas que buscan encuentros por v\u00eddeo divertidos, coquetos o incluso rom\u00e1nticos<\/li>\n<li>Estudiantes de idiomas, viajeros y curiosos de otras culturas<\/li>\n<\/ul>\n<p>LuckyCrush es especialmente atractivo para solteros, expatriados y personas que buscan una experiencia que combine las citas r\u00e1pidas con la emoci\u00f3n de la interacci\u00f3n aleatoria en vivo. Como siempre se empareja a hombres y mujeres, la proporci\u00f3n de sexos est\u00e1 m\u00e1s equilibrada que en la mayor\u00eda de los sitios de c\u00e1maras aleatorias.<\/p>\n<h2>Seguridad, privacidad y moderaci\u00f3n<\/h2>\n<p>LuckyCrush est\u00e1 dise\u00f1ado para ser lo m\u00e1s seguro y privado posible para una plataforma de c\u00e1maras en vivo:<\/p>\n<h3>Privacidad<\/h3>\n<ul>\n<li>No se necesitan nombres, correos electr\u00f3nicos ni cuentas sociales<\/li>\n<li>Para chatear s\u00f3lo se necesita acceso a la webcam y al micr\u00f3fono<\/li>\n<li>No se crea ning\u00fan perfil a menos que quieras guardar partidos<\/li>\n<\/ul>\n<h3>Moderaci\u00f3n<\/h3>\n<ul>\n<li>Las herramientas de denuncia y bloqueo est\u00e1n disponibles en todo momento<\/li>\n<li>La moderaci\u00f3n humana ayuda a eliminar usuarios abusivos, spam o falsos<\/li>\n<li>Las normas comunitarias promueven el coqueteo respetuoso y el comportamiento positivo<\/li>\n<li>Las usuarias se benefician especialmente de herramientas de seguridad adicionales para bloquear o denunciar el acoso.<\/li>\n<\/ul>\n<h3>Control de usuarios<\/h3>\n<ul>\n<li>Saltar o finalizar un chat al instante<\/li>\n<li>Comparte tanta o tan poca informaci\u00f3n personal como quieras<\/li>\n<li>Controla en todo momento los permisos de la c\u00e1mara y el micr\u00f3fono<\/li>\n<\/ul>\n<p>LuckyCrush es s\u00f3lo para adultos (mayores de 18 a\u00f1os), y se recomienda a los usuarios que no compartan nunca informaci\u00f3n sensible ni se pasen a otras plataformas hasta que se sientan c\u00f3modos.<\/p>\n<h2>Experiencia de usuario y dise\u00f1o<\/h2>\n<p>LuckyCrush es uno de los sitios de videochat aleatorio m\u00e1s pulidos y f\u00e1ciles de usar:<\/p>\n<ul>\n<li>La p\u00e1gina de inicio presenta un bot\u00f3n de inicio claro y una selecci\u00f3n de g\u00e9nero<\/li>\n<li>Las ventanas de videoconferencia son grandes y adaptables, por lo que funcionan tanto en navegadores de escritorio como m\u00f3viles.<\/li>\n<li>Los controles para saltar, silenciar, informar y finalizar chats son intuitivos y f\u00e1ciles de encontrar.<\/li>\n<li>Tiempos de carga m\u00ednimos y emparejamiento casi instant\u00e1neo entre usuarios<\/li>\n<li>Dise\u00f1o sencillo y despejado con informaci\u00f3n clara sobre precios y recursos de ayuda.<\/li>\n<\/ul>\n<p>El sitio est\u00e1 optimizado para ofrecer velocidad y privacidad, sin molestos anuncios ni ventanas emergentes que ralenticen la navegaci\u00f3n.<\/p>\n<h2>LuckyCrush frente a otros sitios de chat de v\u00eddeo<\/h2>\n<p>\u00bfC\u00f3mo se compara LuckyCrush con otros sitios de chat con c\u00e1maras y de citas aleatorias en v\u00eddeo?<\/p>\n<table>\n<thead>\n<tr>\n<th>Caracter\u00edstica<\/th>\n<th>LuckyCrush<\/th>\n<th><a href=\"https:\/\/strangercam.com\/es\/omegle\/\">Omegle<\/a> (cerrado)<\/th>\n<th>Chatrandom<\/th>\n<th><a href=\"https:\/\/strangercam.com\/es\/coomeet\/\">CooMeet<\/a><\/th>\n<th>Chatspin<\/th>\n<\/tr>\n<\/thead>\n<tbody>\n<tr>\n<td>Equiparaci\u00f3n de sexos<\/td>\n<td>S\u00ed<\/td>\n<td>No<\/td>\n<td>No<\/td>\n<td>S\u00ed<\/td>\n<td>S\u00ed<\/td>\n<\/tr>\n<tr>\n<td>Inscripci\u00f3n necesaria<\/td>\n<td>No<\/td>\n<td>No<\/td>\n<td>Opcional<\/td>\n<td>S\u00ed<\/td>\n<td>Opcional<\/td>\n<\/tr>\n<tr>\n<td>Uso gratuito<\/td>\n<td>S\u00f3lo prueba<\/td>\n<td>S\u00ed<\/td>\n<td>S\u00ed\/Pagado<\/td>\n<td>S\u00f3lo prueba<\/td>\n<td>S\u00ed\/Pagado<\/td>\n<\/tr>\n<tr>\n<td>Videochat individual<\/td>\n<td>S\u00ed<\/td>\n<td>S\u00ed<\/td>\n<td>S\u00ed<\/td>\n<td>S\u00ed<\/td>\n<td>S\u00ed<\/td>\n<\/tr>\n<tr>\n<td>Cobertura internacional<\/td>\n<td>S\u00ed<\/td>\n<td>S\u00ed<\/td>\n<td>S\u00ed<\/td>\n<td>S\u00ed<\/td>\n<td>S\u00ed<\/td>\n<\/tr>\n<tr>\n<td>Actualizaciones de pago<\/td>\n<td>S\u00ed<\/td>\n<td>No<\/td>\n<td>S\u00ed<\/td>\n<td>S\u00ed<\/td>\n<td>S\u00ed<\/td>\n<\/tr>\n<tr>\n<td>Herramientas de moderaci\u00f3n<\/td>\n<td>Fuerte<\/td>\n<td>B\u00e1sico<\/td>\n<td>Moderado<\/td>\n<td>Fuerte<\/td>\n<td>Moderado<\/td>\n<\/tr>\n<\/tbody>\n<\/table>\n<p>Resumen: LuckyCrush destaca por su emparejamiento de v\u00eddeos entre hombres y mujeres, su estructura de pago por minuto y su dise\u00f1o de nivel premium, ofreciendo una experiencia diferente a la de los sitios que simplemente conectan a cualquiera con cualquiera.<\/p>\n<h2>Ventajas e inconvenientes<\/h2>\n<p>Pros:<\/p>\n<ul>\n<li>Videochat de emparejamiento hombre-mujer, ideal para ligar<\/li>\n<li>Prueba gratuita para probar la plataforma<\/li>\n<li>Alcance mundial con diversos usuarios<\/li>\n<li>No es necesario registrarse ni introducir datos personales<\/li>\n<li>Dise\u00f1o moderno y adaptable para ordenadores de sobremesa y m\u00f3viles<\/li>\n<li>Potentes funciones de seguridad e informaci\u00f3n<\/li>\n<\/ul>\n<p>Contras:<\/p>\n<ul>\n<li>El uso continuado requiere cr\u00e9ditos de pago (pago por minuto)<\/li>\n<li>Ninguna pareja del mismo sexo (actualmente s\u00f3lo hombre-mujer)<\/li>\n<li>Sin perfiles ni listas de amigos para el seguimiento<\/li>\n<li>Algunos usuarios pueden abandonar los chats r\u00e1pidamente o salt\u00e1rselos a menudo<\/li>\n<li>Mayores de 18 a\u00f1os<\/li>\n<\/ul>\n<h2>Casos de uso ideales<\/h2>\n<p>LuckyCrush es perfecto para:<\/p>\n<ul>\n<li>Solteros\/as que buscan citas r\u00e1pidas por v\u00eddeo o ligar al instante<\/li>\n<li>Adultos que desean conocer gente de otras culturas en tiempo real<\/li>\n<li>Estudiantes de idiomas y viajeros interesados en el chat global<\/li>\n<li>Usuarios que valoran la privacidad, la espontaneidad y la conexi\u00f3n humana en directo<\/li>\n<\/ul>\n<p>Es menos ideal para:<\/p>\n<ul>\n<li>Personas que buscan un chat totalmente gratuito e ilimitado<\/li>\n<li>Los usuarios se sienten inc\u00f3modos con el v\u00eddeo o con estar delante de una c\u00e1mara<\/li>\n<li>Los que buscan citas a largo plazo basadas en perfiles<\/li>\n<li>Usuarios menores de 18 a\u00f1os (s\u00f3lo adultos)<\/li>\n<\/ul>\n<p>LuckyCrush destaca en el nicho de los videochats y las citas aleatorias, ofreciendo una combinaci\u00f3n \u00fanica de velocidad, privacidad y flirteo genuino. Al centrarse en el emparejamiento hombre-mujer y ofrecer una experiencia de usuario pulida y segura, triunfa donde muchas plataformas gen\u00e9ricas de chat por c\u00e1mara se quedan cortas.<\/p>\n<p>Con acceso instant\u00e1neo, cobertura global y un sistema de prueba justo, merece la pena probar LuckyCrush para cualquiera que est\u00e9 interesado en conexiones online r\u00e1pidas, coquetas y aut\u00e9nticas en 2025. Si est\u00e1s cansado de hacer swipe sin parar y quieres experimentar la qu\u00edmica real cara a cara, esta es una de las mejores plataformas disponibles hoy en d\u00eda.<\/p>","protected":false},"excerpt":{"rendered":"<p>In a world of endless swiping and shallow text chats, platforms like LuckyCrush are shaking up online dating and random video chat by focusing on live, one-on-one connections with strangers of the opposite sex. LuckyCrush isn\u2019t just another cam chat site\u2014it\u2019s a unique, gamified platform designed to pair men with women (and vice versa) from [&hellip;]<\/p>\n","protected":false},"author":6,"featured_media":0,"parent":0,"menu_order":0,"comment_status":"closed","ping_status":"closed","template":"","meta":{"footnotes":""},"class_list":["post-11954","page","type-page","status-publish","hentry"],"yoast_head":"<!-- This site is optimized with the Yoast SEO plugin v26.9 - https:\/\/yoast.com\/product\/yoast-seo-wordpress\/ -->\n<title>LuckyCrush - Live Video Chat with Random People - StrangerCam<\/title>\n<meta name=\"description\" content=\"Like LuckyCrush? Come chat with more than 5.000.000 strangers on Stranger Cam for Free! Turn on your cam and find new friends &amp; maby a match!\" \/>\n<meta name=\"robots\" content=\"index, follow, max-snippet:-1, max-image-preview:large, max-video-preview:-1\" \/>\n<link rel=\"canonical\" href=\"https:\/\/strangercam.com\/es\/luckycrush\/\" \/>\n<meta property=\"og:locale\" content=\"es_ES\" \/>\n<meta property=\"og:type\" content=\"article\" \/>\n<meta property=\"og:title\" content=\"LuckyCrush - Live Video Chat with Random People - StrangerCam\" \/>\n<meta property=\"og:description\" content=\"Like LuckyCrush? Come chat with more than 5.000.000 strangers on Stranger Cam for Free! Turn on your cam and find new friends &amp; maby a match!\" \/>\n<meta property=\"og:url\" content=\"https:\/\/strangercam.com\/es\/luckycrush\/\" \/>\n<meta property=\"og:site_name\" content=\"Strangercam\" \/>\n<meta property=\"article:publisher\" content=\"https:\/\/www.facebook.com\/strangercam\" \/>\n<meta property=\"article:modified_time\" content=\"2025-07-24T07:26:04+00:00\" \/>\n<meta property=\"og:image\" content=\"https:\/\/strangercam.com\/wp-content\/uploads\/2021\/10\/Untitled-2.png\" \/>\n\t<meta property=\"og:image:width\" content=\"800\" \/>\n\t<meta property=\"og:image:height\" content=\"532\" \/>\n\t<meta property=\"og:image:type\" content=\"image\/png\" \/>\n<meta name=\"twitter:card\" content=\"summary_large_image\" \/>\n<meta name=\"twitter:site\" content=\"@strangercamapp\" \/>\n<meta name=\"twitter:label1\" content=\"Tiempo de lectura\" \/>\n\t<meta name=\"twitter:data1\" content=\"6 minutos\" \/>\n<script type=\"application\/ld+json\" class=\"yoast-schema-graph\">{\"@context\":\"https:\/\/schema.org\",\"@graph\":[{\"@type\":\"WebPage\",\"@id\":\"https:\/\/strangercam.com\/luckycrush\/\",\"url\":\"https:\/\/strangercam.com\/luckycrush\/\",\"name\":\"LuckyCrush - Live Video Chat with Random People - StrangerCam\",\"isPartOf\":{\"@id\":\"https:\/\/strangercam.com\/#website\"},\"datePublished\":\"2025-07-24T07:21:22+00:00\",\"dateModified\":\"2025-07-24T07:26:04+00:00\",\"description\":\"Like LuckyCrush? Come chat with more than 5.000.000 strangers on Stranger Cam for Free! Turn on your cam and find new friends & maby a match!\",\"breadcrumb\":{\"@id\":\"https:\/\/strangercam.com\/luckycrush\/#breadcrumb\"},\"inLanguage\":\"es\",\"potentialAction\":[{\"@type\":\"ReadAction\",\"target\":[\"https:\/\/strangercam.com\/luckycrush\/\"]}]},{\"@type\":\"BreadcrumbList\",\"@id\":\"https:\/\/strangercam.com\/luckycrush\/#breadcrumb\",\"itemListElement\":[{\"@type\":\"ListItem\",\"position\":1,\"name\":\"Home\",\"item\":\"https:\/\/strangercam.com\/\"},{\"@type\":\"ListItem\",\"position\":2,\"name\":\"LuckyCrush\"}]},{\"@type\":\"WebSite\",\"@id\":\"https:\/\/strangercam.com\/#website\",\"url\":\"https:\/\/strangercam.com\/\",\"name\":\"Strangercam\",\"description\":\"Random Video Chat with Strangers\",\"publisher\":{\"@id\":\"https:\/\/strangercam.com\/#organization\"},\"alternateName\":\"Strangercam.com\",\"potentialAction\":[{\"@type\":\"SearchAction\",\"target\":{\"@type\":\"EntryPoint\",\"urlTemplate\":\"https:\/\/strangercam.com\/?s={search_term_string}\"},\"query-input\":{\"@type\":\"PropertyValueSpecification\",\"valueRequired\":true,\"valueName\":\"search_term_string\"}}],\"inLanguage\":\"es\"},{\"@type\":\"Organization\",\"@id\":\"https:\/\/strangercam.com\/#organization\",\"name\":\"Strangercam\",\"alternateName\":\"Strangercam.com\",\"url\":\"https:\/\/strangercam.com\/\",\"logo\":{\"@type\":\"ImageObject\",\"inLanguage\":\"es\",\"@id\":\"https:\/\/strangercam.com\/#\/schema\/logo\/image\/\",\"url\":\"https:\/\/strangercam.com\/wp-content\/uploads\/2020\/11\/cropped-new-favicon-black.png\",\"contentUrl\":\"https:\/\/strangercam.com\/wp-content\/uploads\/2020\/11\/cropped-new-favicon-black.png\",\"width\":512,\"height\":512,\"caption\":\"Strangercam\"},\"image\":{\"@id\":\"https:\/\/strangercam.com\/#\/schema\/logo\/image\/\"},\"sameAs\":[\"https:\/\/www.facebook.com\/strangercam\",\"https:\/\/x.com\/strangercamapp\"]}]}<\/script>\n<!-- \/ Yoast SEO plugin. -->","yoast_head_json":{"title":"LuckyCrush - Videochat en directo con gente aleatoria - StrangerCam","description":"\u00bfTe gusta LuckyCrush? \u00a1Chatea gratis con m\u00e1s de 5.000.000 de desconocidos en Stranger Cam! Enciende tu c\u00e1mara y encuentra nuevos amigos y tal vez pareja.","robots":{"index":"index","follow":"follow","max-snippet":"max-snippet:-1","max-image-preview":"max-image-preview:large","max-video-preview":"max-video-preview:-1"},"canonical":"https:\/\/strangercam.com\/es\/luckycrush\/","og_locale":"es_ES","og_type":"article","og_title":"LuckyCrush - Live Video Chat with Random People - StrangerCam","og_description":"Like LuckyCrush? Come chat with more than 5.000.000 strangers on Stranger Cam for Free! Turn on your cam and find new friends & maby a match!","og_url":"https:\/\/strangercam.com\/es\/luckycrush\/","og_site_name":"Strangercam","article_publisher":"https:\/\/www.facebook.com\/strangercam","article_modified_time":"2025-07-24T07:26:04+00:00","og_image":[{"width":800,"height":532,"url":"https:\/\/strangercam.com\/wp-content\/uploads\/2021\/10\/Untitled-2.png","type":"image\/png"}],"twitter_card":"summary_large_image","twitter_site":"@strangercamapp","twitter_misc":{"Tiempo de lectura":"6 minutos"},"schema":{"@context":"https:\/\/schema.org","@graph":[{"@type":"WebPage","@id":"https:\/\/strangercam.com\/luckycrush\/","url":"https:\/\/strangercam.com\/luckycrush\/","name":"LuckyCrush - Videochat en directo con gente aleatoria - StrangerCam","isPartOf":{"@id":"https:\/\/strangercam.com\/#website"},"datePublished":"2025-07-24T07:21:22+00:00","dateModified":"2025-07-24T07:26:04+00:00","description":"\u00bfTe gusta LuckyCrush? \u00a1Chatea gratis con m\u00e1s de 5.000.000 de desconocidos en Stranger Cam! Enciende tu c\u00e1mara y encuentra nuevos amigos y tal vez pareja.","breadcrumb":{"@id":"https:\/\/strangercam.com\/luckycrush\/#breadcrumb"},"inLanguage":"es","potentialAction":[{"@type":"ReadAction","target":["https:\/\/strangercam.com\/luckycrush\/"]}]},{"@type":"BreadcrumbList","@id":"https:\/\/strangercam.com\/luckycrush\/#breadcrumb","itemListElement":[{"@type":"ListItem","position":1,"name":"Home","item":"https:\/\/strangercam.com\/"},{"@type":"ListItem","position":2,"name":"LuckyCrush"}]},{"@type":"WebSite","@id":"https:\/\/strangercam.com\/#website","url":"https:\/\/strangercam.com\/","name":"Strangercam","description":"Videochat aleatorio con desconocidos","publisher":{"@id":"https:\/\/strangercam.com\/#organization"},"alternateName":"Strangercam.com","potentialAction":[{"@type":"SearchAction","target":{"@type":"EntryPoint","urlTemplate":"https:\/\/strangercam.com\/?s={search_term_string}"},"query-input":{"@type":"PropertyValueSpecification","valueRequired":true,"valueName":"search_term_string"}}],"inLanguage":"es"},{"@type":"Organization","@id":"https:\/\/strangercam.com\/#organization","name":"Strangercam","alternateName":"Strangercam.com","url":"https:\/\/strangercam.com\/","logo":{"@type":"ImageObject","inLanguage":"es","@id":"https:\/\/strangercam.com\/#\/schema\/logo\/image\/","url":"https:\/\/strangercam.com\/wp-content\/uploads\/2020\/11\/cropped-new-favicon-black.png","contentUrl":"https:\/\/strangercam.com\/wp-content\/uploads\/2020\/11\/cropped-new-favicon-black.png","width":512,"height":512,"caption":"Strangercam"},"image":{"@id":"https:\/\/strangercam.com\/#\/schema\/logo\/image\/"},"sameAs":["https:\/\/www.facebook.com\/strangercam","https:\/\/x.com\/strangercamapp"]}]}},"_links":{"self":[{"href":"https:\/\/strangercam.com\/es\/wp-json\/wp\/v2\/pages\/11954","targetHints":{"allow":["GET"]}}],"collection":[{"href":"https:\/\/strangercam.com\/es\/wp-json\/wp\/v2\/pages"}],"about":[{"href":"https:\/\/strangercam.com\/es\/wp-json\/wp\/v2\/types\/page"}],"author":[{"embeddable":true,"href":"https:\/\/strangercam.com\/es\/wp-json\/wp\/v2\/users\/6"}],"replies":[{"embeddable":true,"href":"https:\/\/strangercam.com\/es\/wp-json\/wp\/v2\/comments?post=11954"}],"version-history":[{"count":1,"href":"https:\/\/strangercam.com\/es\/wp-json\/wp\/v2\/pages\/11954\/revisions"}],"predecessor-version":[{"id":12919,"href":"https:\/\/strangercam.com\/es\/wp-json\/wp\/v2\/pages\/11954\/revisions\/12919"}],"wp:attachment":[{"href":"https:\/\/strangercam.com\/es\/wp-json\/wp\/v2\/media?parent=11954"}],"curies":[{"name":"wp","href":"https:\/\/api.w.org\/{rel}","templated":true}]}}