{"id":11273,"date":"2022-08-11T20:04:37","date_gmt":"2022-08-11T18:04:37","guid":{"rendered":"https:\/\/strangercam.com\/?page_id=11273"},"modified":"2023-08-21T11:40:07","modified_gmt":"2023-08-21T09:40:07","slug":"321chat","status":"publish","type":"page","link":"https:\/\/strangercam.com\/es\/321chat\/","title":{"rendered":"321chat"},"content":{"rendered":"<p>Todos conocemos esa sensaci\u00f3n de incomodidad cuando estamos en una situaci\u00f3n social y no conocemos a nadie. Aunque haya m\u00e1s gente, puede parecer que somos los \u00fanicos en la sala. Pero, \u00bfy si hubiera una forma de hablar con desconocidos que no supusiera ninguna incomodidad ni estr\u00e9s?<\/p>\n<p>Presentaci\u00f3n de <a href=\"https:\/\/strangercam.com\/es\/strangermeetup\/\">321chat<\/a>, a <a href=\"https:\/\/strangercam.com\/es\/chatroulette\/\">chat<\/a> que te permite conectar con gente de todo el mundo. Tanto si buscas un nuevo amigo como si s\u00f3lo quieres charlar sobre tus aficiones, 321chat es el lugar perfecto para ti.<\/p>\n<h2>\u00bfQu\u00e9 es 321chat?<\/h2>\n<p>321chat es un sitio web que ofrece una plataforma para chatear con desconocidos. El sitio web est\u00e1 dise\u00f1ado para facilitar conversaciones an\u00f3nimas entre dos personas.<\/p>\n<p>321chat no requiere registro ni datos personales. Todo lo que tienes que hacer es elegir un nombre de usuario y empezar a chatear.<\/p>\n<p>Las conversaciones en 321chat son completamente an\u00f3nimas. Esto significa que puedes decir lo que quieras sin preocuparte de que te juzguen.<\/p>\n<p>321chat es un lugar estupendo para hablar de todo. Puedes hablar de tu d\u00eda, de tus aficiones, de tus pensamientos y de cualquier otra cosa de la que quieras hablar.<\/p>\n<p>Si te sientes solo o simplemente quieres hablar con alguien, 321chat es el lugar perfecto para ti. Puedes encontrar personas que compartan tus intereses y entablar nuevas relaciones.<\/p>\n<h2>\u00bfC\u00f3mo funciona 321chat?<\/h2>\n<p>321chat es un sitio web que te permite chatear con desconocidos de todo el mundo.<\/p>\n<p>Puedes empezar a chatear introduciendo tu nombre y eligiendo una sala de chat. Una vez en la sala de chat, podr\u00e1s ver a los dem\u00e1s usuarios de la sala y empezar a chatear con ellos.<\/p>\n<p>Las conversaciones en 321chat son an\u00f3nimas, lo que significa que puedes decir lo que quieras sin preocuparte de que te juzguen.<\/p>\n<p>321chat es una gran manera de <a href=\"https:\/\/strangercam.com\/es\/coomeet\/\">conozca<\/a> gente nueva y hacer nuevos amigos. Tambi\u00e9n es una forma estupenda de conocer otras culturas y practicar el ingl\u00e9s.<\/p>\n<h2>C\u00f3mo iniciar una conversaci\u00f3n en 321chat<\/h2>\n<p>Iniciar una conversaci\u00f3n en 321chat puede ser f\u00e1cil si sabes c\u00f3mo abordarla. La clave es ser t\u00fa mismo y no tener miedo a hacer preguntas.<\/p>\n<p>Cuando empieces a chatear con alguien, es importante que te presentes. Esto ayudar\u00e1 a la otra persona a sentirse m\u00e1s c\u00f3moda hablando contigo. Una vez que te hayas presentado, puedes empezar a hacer preguntas sobre la otra persona.<\/p>\n<p>Tambi\u00e9n es importante ser un oyente activo cuando chateas con alguien. Esto significa que debes prestar atenci\u00f3n a lo que dice la otra persona e intentar participar en la conversaci\u00f3n. No te limites a esperar tu turno para hablar.<\/p>\n<p>Si te cuesta pensar en qu\u00e9 decir, siempre puedes preguntar a la otra persona por sus aficiones o intereses. A la gente le encanta hablar de s\u00ed misma, as\u00ed que es una forma estupenda de iniciar la conversaci\u00f3n.<\/p>\n<p>Por \u00faltimo, \u00a1no olvides divertirte! Charlar con desconocidos puede ser una forma estupenda de hacer nuevos amigos, as\u00ed que divi\u00e9rtete y no tengas miedo de ser t\u00fa mismo.<\/p>\n<h2>Qu\u00e9 hacer si se siente t\u00edmido en 321chat<\/h2>\n<p>Si se siente t\u00edmido en 321chat, \u00a1no se preocupe! Hay muchas cosas que puedes hacer para que la experiencia sea m\u00e1s agradable.<\/p>\n<p>En primer lugar, respire hondo y rel\u00e1jese. Es importante recordar que todo el mundo est\u00e1 aqu\u00ed para charlar y divertirse. No hay por qu\u00e9 ponerse nervioso.<\/p>\n<p>En segundo lugar, empieza chateando con personas que est\u00e9n en la misma sala que t\u00fa. As\u00ed podr\u00e1s conocerlos un poco antes de pasar a los chats privados.<\/p>\n<p>En tercer lugar, intenta ser t\u00fa mismo. S\u00e9 amable y abierto, y la gente responder\u00e1 de la misma manera. No temas hacer preguntas o iniciar conversaciones.<\/p>\n<p>En cuarto lugar, si alguna vez te sientes inc\u00f3modo, siempre puedes abandonar la sala de chat. Nadie te obligar\u00e1 a quedarte si no te diviertes.<\/p>\n<p>An\u00edmate y prueba 321chat. Le prometemos que lo pasar\u00e1 bien.<\/p>\n<h2>\u00bfQu\u00e9 ventajas tiene hablar con desconocidos en 321chat?<\/h2>\n<p>Todos conocemos esa sensaci\u00f3n de incomodidad cuando nos encontramos en una situaci\u00f3n social en la que no conocemos a nadie. Est\u00e1 en la naturaleza humana querer conectar con los dem\u00e1s, y a veces la mejor forma de hacerlo es hablando con desconocidos.<\/p>\n<p>Hablar con desconocidos en 321chat tiene muchas ventajas. En primer lugar, puede ayudarte a practicar tus habilidades sociales. Si eres t\u00edmido o introvertido, hablar con desconocidos puede ser una buena forma de aumentar tu confianza.<\/p>\n<p>Tambi\u00e9n puede ayudarte a ampliar tu c\u00edrculo social. Nunca se sabe, puede que conozcas a alguien en 321chat que se convierta en un buen amigo o incluso m\u00e1s.<\/p>\n<p>Hablar con desconocidos tambi\u00e9n puede ser una forma estupenda de conocer nuevas culturas y experiencias. Te sorprender\u00e1 lo mucho que puedes aprender sobre alguien simplemente charlando con \u00e9l unos minutos.<\/p>\n<p>As\u00ed que la pr\u00f3xima vez que te encuentres en 321chat, no tengas miedo de entablar conversaci\u00f3n con alguien nuevo. Puede que descubras que es la mejor decisi\u00f3n que has tomado nunca.<\/p>\n<h2>Pros y contras del 321chat<\/h2>\n<p>Algunos pros de 321chat incluyen que es un sitio de chat gratuito y seguro, que tiene una gran base de usuarios y que est\u00e1 disponible en muchos idiomas. Adem\u00e1s, 321chat ofrece funciones como chat en grupo, llamadas VoIP y uso compartido de archivos.<\/p>\n<p>Sin embargo, algunos contras de 321chat incluyen que puede ser dif\u00edcil encontrar amigos en el sitio, y que a veces puede ser lento.<\/p>\n<h2>\u00bfC\u00f3mo sacar el m\u00e1ximo partido a 321chat?<\/h2>\n<p>321chat es una forma estupenda de hacer nuevos amigos y conectar con gente de todo el mundo. Tambi\u00e9n es una forma estupenda de mantener conversaciones con desconocidos, \u00a1lo que puede ser muy divertido!<\/p>\n<p>Hay algunas cosas que puedes hacer para sacar el m\u00e1ximo partido a 321chat:<\/p>\n<ol>\n<li>Utiliza el chat para mantener conversaciones informales con desconocidos. Es una forma estupenda de conocerlos mejor y, potencialmente, entablar una amistad.<\/li>\n<li>Utiliza el chat para buscar informaci\u00f3n o consejos. Si buscas informaci\u00f3n sobre un tema, el chat puede ser una forma m\u00e1s r\u00e1pida y sencilla de encontrarla que buscarla en Internet.<\/li>\n<li>Aprovecha el chat para practicar tu ingl\u00e9s hablado. Nunca se sabe cu\u00e1ndo tendr\u00e1s que utilizar el ingl\u00e9s en una entrevista o conversaci\u00f3n fuera de 321chat.<\/li>\n<\/ol>\n<h2>\u00bfEs seguro?<\/h2>\n<p>No cabe duda de que hablar con desconocidos en el chat es una experiencia divertida y emocionante. Sin embargo, es importante recordar que sigue siendo de vital importancia tener precauci\u00f3n al entablar conversaciones por chat.<\/p>\n<p>Uno de los mayores problemas de seguridad al utilizar el chat es el ciberacoso. El ciberacoso se refiere a cualquier tipo de acoso en l\u00ednea o fuera de l\u00ednea que tenga lugar entre personas que se conocen. Puede incluir el env\u00edo de mensajes hirientes, burlarse de alguien o publicar fotos embarazosas.<\/p>\n<p>Es importante recordar que est\u00e1s tratando con gente que no conoces en un lugar p\u00fablico. <a href=\"https:\/\/strangercam.com\/es\/mocospace\/\">espacio<\/a>. Esto significa que pueden enfadarse contigo en cualquier momento. Si te sientes inc\u00f3modo o amenazado, deja de comunicarte con esa persona inmediatamente.<\/p>\n<h2>Medidas preventivas al utilizar el chat de v\u00eddeo aleatorio<\/h2>\n<p>Una de las mejores formas de evitar que te ataquen o acosen mientras usas <a href=\"https:\/\/strangercam.com\/es\/chathub\/\">chat de v\u00eddeo aleatorio<\/a> es tomar medidas proactivas. He aqu\u00ed algunos consejos a seguir:<\/p>\n<ol>\n<li>Utiliza siempre una VPN cuando uses el chat de v\u00eddeo aleatorio. Una VPN cifrar\u00e1 tus datos y los proteger\u00e1 para que nadie m\u00e1s en la red pueda verlos. Esto te ayudar\u00e1 a evitar posibles ataques o acosos.<\/li>\n<li>Utiliza siempre un nombre de usuario y una contrase\u00f1a diferentes para cada cuenta de videochat aleatoria que crees. De esta forma, si alguien te ataca o acosa, no podr\u00e1 acceder a tus otras cuentas con ese nombre de usuario y contrase\u00f1a.<\/li>\n<li>No compartas informaci\u00f3n personal, como tu nombre completo o tu direcci\u00f3n, con desconocidos en videochats aleatorios. Si alguien te ataca o acosa, podr\u00e1 averiguar m\u00e1s cosas sobre ti de esta forma.<\/li>\n<\/ol>\n<p>Si sigues estas medidas de precauci\u00f3n, podr\u00e1s disfrutar de una experiencia segura y agradable utilizando el chat de v\u00eddeo aleatorio<\/p>\n<h2>Conclusi\u00f3n<\/h2>\n<p>321chat es un gran recurso para quienes buscan hacer amigos o encontrar otros nuevos. La sala de chat est\u00e1 abierta 24 horas al d\u00eda, 7 d\u00edas a la semana, y puedes entrar escribiendo tu ciudad o pa\u00eds y haciendo clic en el enlace. Una vez conectado, empieza a chatear con cualquiera que te parezca interesante. Nunca sabr\u00e1s qu\u00e9 tipo de amistades puedes entablar de este modo.<\/p>","protected":false},"excerpt":{"rendered":"<p>We all know that feeling of awkwardness when we&#8217;re in a social situation and we don&#8217;t know anyone. Even if there are other people around, it can feel like we&#8217;re the only ones in the room. But what if there was a way to talk to strangers that didn&#8217;t involve any of the awkwardness or [&hellip;]<\/p>\n","protected":false},"author":6,"featured_media":559,"parent":0,"menu_order":0,"comment_status":"closed","ping_status":"closed","template":"","meta":{"footnotes":""},"class_list":["post-11273","page","type-page","status-publish","has-post-thumbnail","hentry"],"yoast_head":"<!-- This site is optimized with the Yoast SEO plugin v27.4 - https:\/\/yoast.com\/product\/yoast-seo-wordpress\/ -->\n<title>321chat - Chat with strangers on StrangerCam.com<\/title>\n<meta name=\"description\" content=\"Like 321chat? Come chat with more than 5.000.000 strangers on Stranger Cam for Free! Turn on your cam and find new friends &amp; maby a match!\" \/>\n<meta name=\"robots\" content=\"index, follow, max-snippet:-1, max-image-preview:large, max-video-preview:-1\" \/>\n<link rel=\"canonical\" href=\"https:\/\/strangercam.com\/es\/321chat\/\" \/>\n<meta property=\"og:locale\" content=\"es_ES\" \/>\n<meta property=\"og:type\" content=\"article\" \/>\n<meta property=\"og:title\" content=\"321chat - Chat with strangers on StrangerCam.com\" \/>\n<meta property=\"og:description\" content=\"Like 321chat? Come chat with more than 5.000.000 strangers on Stranger Cam for Free! Turn on your cam and find new friends &amp; maby a match!\" \/>\n<meta property=\"og:url\" content=\"https:\/\/strangercam.com\/es\/321chat\/\" \/>\n<meta property=\"og:site_name\" content=\"Strangercam\" \/>\n<meta property=\"article:publisher\" content=\"https:\/\/www.facebook.com\/strangercam\" \/>\n<meta property=\"article:modified_time\" content=\"2023-08-21T09:40:07+00:00\" \/>\n<meta property=\"og:image\" content=\"https:\/\/strangercam.com\/wp-content\/uploads\/2020\/11\/stranger-cam-1.png\" \/>\n\t<meta property=\"og:image:width\" content=\"800\" \/>\n\t<meta property=\"og:image:height\" content=\"800\" \/>\n\t<meta property=\"og:image:type\" content=\"image\/png\" \/>\n<meta name=\"twitter:card\" content=\"summary_large_image\" \/>\n<meta name=\"twitter:site\" content=\"@strangercamapp\" \/>\n<meta name=\"twitter:label1\" content=\"Tiempo de lectura\" \/>\n\t<meta name=\"twitter:data1\" content=\"7 minutos\" \/>\n<script type=\"application\/ld+json\" class=\"yoast-schema-graph\">{\"@context\":\"https:\\\/\\\/schema.org\",\"@graph\":[{\"@type\":\"WebPage\",\"@id\":\"https:\\\/\\\/strangercam.com\\\/321chat\\\/\",\"url\":\"https:\\\/\\\/strangercam.com\\\/321chat\\\/\",\"name\":\"321chat - Chat with strangers on StrangerCam.com\",\"isPartOf\":{\"@id\":\"https:\\\/\\\/strangercam.com\\\/#website\"},\"primaryImageOfPage\":{\"@id\":\"https:\\\/\\\/strangercam.com\\\/321chat\\\/#primaryimage\"},\"image\":{\"@id\":\"https:\\\/\\\/strangercam.com\\\/321chat\\\/#primaryimage\"},\"thumbnailUrl\":\"https:\\\/\\\/strangercam.com\\\/wp-content\\\/uploads\\\/2020\\\/11\\\/stranger-cam-1.png\",\"datePublished\":\"2022-08-11T18:04:37+00:00\",\"dateModified\":\"2023-08-21T09:40:07+00:00\",\"description\":\"Like 321chat? Come chat with more than 5.000.000 strangers on Stranger Cam for Free! Turn on your cam and find new friends & maby a match!\",\"breadcrumb\":{\"@id\":\"https:\\\/\\\/strangercam.com\\\/321chat\\\/#breadcrumb\"},\"inLanguage\":\"es\",\"potentialAction\":[{\"@type\":\"ReadAction\",\"target\":[\"https:\\\/\\\/strangercam.com\\\/321chat\\\/\"]}]},{\"@type\":\"ImageObject\",\"inLanguage\":\"es\",\"@id\":\"https:\\\/\\\/strangercam.com\\\/321chat\\\/#primaryimage\",\"url\":\"https:\\\/\\\/strangercam.com\\\/wp-content\\\/uploads\\\/2020\\\/11\\\/stranger-cam-1.png\",\"contentUrl\":\"https:\\\/\\\/strangercam.com\\\/wp-content\\\/uploads\\\/2020\\\/11\\\/stranger-cam-1.png\",\"width\":800,\"height\":800,\"caption\":\"stranger cam random video chat\"},{\"@type\":\"BreadcrumbList\",\"@id\":\"https:\\\/\\\/strangercam.com\\\/321chat\\\/#breadcrumb\",\"itemListElement\":[{\"@type\":\"ListItem\",\"position\":1,\"name\":\"Home\",\"item\":\"https:\\\/\\\/strangercam.com\\\/\"},{\"@type\":\"ListItem\",\"position\":2,\"name\":\"321chat\"}]},{\"@type\":\"WebSite\",\"@id\":\"https:\\\/\\\/strangercam.com\\\/#website\",\"url\":\"https:\\\/\\\/strangercam.com\\\/\",\"name\":\"Strangercam\",\"description\":\"Random Video Chat with Strangers\",\"publisher\":{\"@id\":\"https:\\\/\\\/strangercam.com\\\/#organization\"},\"alternateName\":\"Strangercam.com\",\"potentialAction\":[{\"@type\":\"SearchAction\",\"target\":{\"@type\":\"EntryPoint\",\"urlTemplate\":\"https:\\\/\\\/strangercam.com\\\/?s={search_term_string}\"},\"query-input\":{\"@type\":\"PropertyValueSpecification\",\"valueRequired\":true,\"valueName\":\"search_term_string\"}}],\"inLanguage\":\"es\"},{\"@type\":\"Organization\",\"@id\":\"https:\\\/\\\/strangercam.com\\\/#organization\",\"name\":\"Strangercam\",\"alternateName\":\"Strangercam.com\",\"url\":\"https:\\\/\\\/strangercam.com\\\/\",\"logo\":{\"@type\":\"ImageObject\",\"inLanguage\":\"es\",\"@id\":\"https:\\\/\\\/strangercam.com\\\/#\\\/schema\\\/logo\\\/image\\\/\",\"url\":\"https:\\\/\\\/strangercam.com\\\/wp-content\\\/uploads\\\/2020\\\/11\\\/cropped-new-favicon-black.png\",\"contentUrl\":\"https:\\\/\\\/strangercam.com\\\/wp-content\\\/uploads\\\/2020\\\/11\\\/cropped-new-favicon-black.png\",\"width\":512,\"height\":512,\"caption\":\"Strangercam\"},\"image\":{\"@id\":\"https:\\\/\\\/strangercam.com\\\/#\\\/schema\\\/logo\\\/image\\\/\"},\"sameAs\":[\"https:\\\/\\\/www.facebook.com\\\/strangercam\",\"https:\\\/\\\/x.com\\\/strangercamapp\"]}]}<\/script>\n<!-- \/ Yoast SEO plugin. -->","yoast_head_json":{"title":"321chat - Chatea con desconocidos en StrangerCam.com","description":"\u00bfTe gusta 321chat? \u00a1Chatea gratis con m\u00e1s de 5.000.000 de desconocidos en Stranger Cam! Enciende tu c\u00e1mara y encuentra nuevos amigos y tal vez pareja.","robots":{"index":"index","follow":"follow","max-snippet":"max-snippet:-1","max-image-preview":"max-image-preview:large","max-video-preview":"max-video-preview:-1"},"canonical":"https:\/\/strangercam.com\/es\/321chat\/","og_locale":"es_ES","og_type":"article","og_title":"321chat - Chat with strangers on StrangerCam.com","og_description":"Like 321chat? Come chat with more than 5.000.000 strangers on Stranger Cam for Free! Turn on your cam and find new friends & maby a match!","og_url":"https:\/\/strangercam.com\/es\/321chat\/","og_site_name":"Strangercam","article_publisher":"https:\/\/www.facebook.com\/strangercam","article_modified_time":"2023-08-21T09:40:07+00:00","og_image":[{"width":800,"height":800,"url":"https:\/\/strangercam.com\/wp-content\/uploads\/2020\/11\/stranger-cam-1.png","type":"image\/png"}],"twitter_card":"summary_large_image","twitter_site":"@strangercamapp","twitter_misc":{"Tiempo de lectura":"7 minutos"},"schema":{"@context":"https:\/\/schema.org","@graph":[{"@type":"WebPage","@id":"https:\/\/strangercam.com\/321chat\/","url":"https:\/\/strangercam.com\/321chat\/","name":"321chat - Chatea con desconocidos en StrangerCam.com","isPartOf":{"@id":"https:\/\/strangercam.com\/#website"},"primaryImageOfPage":{"@id":"https:\/\/strangercam.com\/321chat\/#primaryimage"},"image":{"@id":"https:\/\/strangercam.com\/321chat\/#primaryimage"},"thumbnailUrl":"https:\/\/strangercam.com\/wp-content\/uploads\/2020\/11\/stranger-cam-1.png","datePublished":"2022-08-11T18:04:37+00:00","dateModified":"2023-08-21T09:40:07+00:00","description":"\u00bfTe gusta 321chat? \u00a1Chatea gratis con m\u00e1s de 5.000.000 de desconocidos en Stranger Cam! Enciende tu c\u00e1mara y encuentra nuevos amigos y tal vez pareja.","breadcrumb":{"@id":"https:\/\/strangercam.com\/321chat\/#breadcrumb"},"inLanguage":"es","potentialAction":[{"@type":"ReadAction","target":["https:\/\/strangercam.com\/321chat\/"]}]},{"@type":"ImageObject","inLanguage":"es","@id":"https:\/\/strangercam.com\/321chat\/#primaryimage","url":"https:\/\/strangercam.com\/wp-content\/uploads\/2020\/11\/stranger-cam-1.png","contentUrl":"https:\/\/strangercam.com\/wp-content\/uploads\/2020\/11\/stranger-cam-1.png","width":800,"height":800,"caption":"stranger cam random video chat"},{"@type":"BreadcrumbList","@id":"https:\/\/strangercam.com\/321chat\/#breadcrumb","itemListElement":[{"@type":"ListItem","position":1,"name":"Home","item":"https:\/\/strangercam.com\/"},{"@type":"ListItem","position":2,"name":"321chat"}]},{"@type":"WebSite","@id":"https:\/\/strangercam.com\/#website","url":"https:\/\/strangercam.com\/","name":"Strangercam","description":"Videochat aleatorio con desconocidos","publisher":{"@id":"https:\/\/strangercam.com\/#organization"},"alternateName":"Strangercam.com","potentialAction":[{"@type":"SearchAction","target":{"@type":"EntryPoint","urlTemplate":"https:\/\/strangercam.com\/?s={search_term_string}"},"query-input":{"@type":"PropertyValueSpecification","valueRequired":true,"valueName":"search_term_string"}}],"inLanguage":"es"},{"@type":"Organization","@id":"https:\/\/strangercam.com\/#organization","name":"Strangercam","alternateName":"Strangercam.com","url":"https:\/\/strangercam.com\/","logo":{"@type":"ImageObject","inLanguage":"es","@id":"https:\/\/strangercam.com\/#\/schema\/logo\/image\/","url":"https:\/\/strangercam.com\/wp-content\/uploads\/2020\/11\/cropped-new-favicon-black.png","contentUrl":"https:\/\/strangercam.com\/wp-content\/uploads\/2020\/11\/cropped-new-favicon-black.png","width":512,"height":512,"caption":"Strangercam"},"image":{"@id":"https:\/\/strangercam.com\/#\/schema\/logo\/image\/"},"sameAs":["https:\/\/www.facebook.com\/strangercam","https:\/\/x.com\/strangercamapp"]}]}},"_links":{"self":[{"href":"https:\/\/strangercam.com\/es\/wp-json\/wp\/v2\/pages\/11273","targetHints":{"allow":["GET"]}}],"collection":[{"href":"https:\/\/strangercam.com\/es\/wp-json\/wp\/v2\/pages"}],"about":[{"href":"https:\/\/strangercam.com\/es\/wp-json\/wp\/v2\/types\/page"}],"author":[{"embeddable":true,"href":"https:\/\/strangercam.com\/es\/wp-json\/wp\/v2\/users\/6"}],"replies":[{"embeddable":true,"href":"https:\/\/strangercam.com\/es\/wp-json\/wp\/v2\/comments?post=11273"}],"version-history":[{"count":0,"href":"https:\/\/strangercam.com\/es\/wp-json\/wp\/v2\/pages\/11273\/revisions"}],"wp:featuredmedia":[{"embeddable":true,"href":"https:\/\/strangercam.com\/es\/wp-json\/wp\/v2\/media\/559"}],"wp:attachment":[{"href":"https:\/\/strangercam.com\/es\/wp-json\/wp\/v2\/media?parent=11273"}],"curies":[{"name":"wp","href":"https:\/\/api.w.org\/{rel}","templated":true}]}}