{"id":11261,"date":"2022-08-11T20:01:47","date_gmt":"2022-08-11T18:01:47","guid":{"rendered":"https:\/\/strangercam.com\/?page_id=11261"},"modified":"2023-08-21T12:47:03","modified_gmt":"2023-08-21T10:47:03","slug":"yesichat","status":"publish","type":"page","link":"https:\/\/strangercam.com\/es\/yesichat\/","title":{"rendered":"Yesichat"},"content":{"rendered":"<p>Si busca un lugar donde <a href=\"https:\/\/strangercam.com\/es\/chatroulette\/\">chat<\/a> con desconocidos en l\u00ednea, \u00a1est\u00e1s en el sitio adecuado! Yesichat es un sitio de chat gratuito que te permite chatear con desconocidos sin tener que registrarte. \u00a1S\u00f3lo tienes que introducir un nombre de usuario y empezar a chatear!<\/p>\n<h2>\u00bfQu\u00e9 es el yesichat?<\/h2>\n<p>Yesichat es un sitio web de chat que te permite hablar con desconocidos. Es una forma estupenda de <a href=\"https:\/\/strangercam.com\/es\/coomeet\/\">conozca<\/a> gente nueva y hacer nuevos amigos. Tambi\u00e9n puedes utilizar yesichat para buscar pareja o simplemente chatear con alguien que te interese.<\/p>\n<h2>\u00bfC\u00f3mo utilizar yesichat?<\/h2>\n<p>Yesichat es una gran plataforma para hablar con desconocidos. Es sencilla y f\u00e1cil de usar, y es una forma estupenda de conectar con gente de todo el mundo. Aqu\u00ed tienes algunos consejos sobre c\u00f3mo usar yesichat:<\/p>\n<ol>\n<li>Empieza por crearte un perfil. Esto te ayudar\u00e1 a encontrar gente con la que chatear y que comparta tus intereses.<\/li>\n<li>Una vez que hayas creado tu perfil, echa un vistazo a las diferentes salas de chat disponibles. Puedes chatear en una sala p\u00fablica o en una privada.<\/li>\n<li>Cuando est\u00e9s en una sala de chat, s\u00e9 respetuoso con los dem\u00e1s usuarios. No llenes la sala de mensajes, ni seas grosero u ofensivo.<\/li>\n<li>Yesichat es un gran sitio para conocer gente nueva y hacer nuevos amigos. As\u00ed que disfruta de tu tiempo en el sitio, \u00a1y no dudes en ponerte en contacto con alguien si quieres charlar!<\/li>\n<\/ol>\n<h2>Las ventajas de utilizar yesichat<\/h2>\n<p>Hay muchas razones para utilizar yesichat cuando quieras hablar con desconocidos por Internet. Por un lado, es una gran manera de conocer gente nueva de todo el mundo. Tambi\u00e9n puedes utilizar yesichat para encontrar nuevos amigos, o incluso citas potenciales.<\/p>\n<p>Otra gran ventaja de yesichat es que su uso es totalmente gratuito. No tienes que preocuparte de pagar ninguna cuota o suscripci\u00f3n mensual. Simplemente puedes disfrutar chateando con desconocidos sin ning\u00fan compromiso.<\/p>\n<p>Por \u00faltimo, yesichat es una gran plataforma para establecer relaciones. Tanto si buscas amistad como amor, seguro que lo encuentras en yesichat. \u00bfPor qu\u00e9 no lo pruebas hoy mismo?<\/p>\n<h2>Las desventajas de utilizar yesichat<\/h2>\n<p>Si buscas una aplicaci\u00f3n de chat para chatear con desconocidos, quiz\u00e1 deber\u00edas pens\u00e1rtelo dos veces antes de usar yesichat. Aunque la aplicaci\u00f3n tiene algunas caracter\u00edsticas que pueden ser ventajosas, tambi\u00e9n hay varias desventajas que debes tener en cuenta.<\/p>\n<p>Una de las mayores desventajas de yesichat es que no es muy segura. La aplicaci\u00f3n no requiere que los usuarios creen una cuenta o inicien sesi\u00f3n, lo que significa que cualquiera puede unirse a una sala de chat y empezar a chatear. Esto puede ser problem\u00e1tico si intentas mantener tu identidad oculta o si te preocupa que la gente pueda averiguar informaci\u00f3n personal sobre ti.<\/p>\n<p>Otra desventaja de yesichat es que no es muy privado. Todas las conversaciones en la aplicaci\u00f3n son p\u00fablicas y pueden ser vistas por cualquiera que se una a la sala de chat. Esto significa que podr\u00edas tener conversaciones delicadas con personas que no conoces bien y que podr\u00edan aprovecharse de ti.<\/p>\n<p>Por \u00faltimo, yesichat puede tener bastantes fallos y ser poco fiable. Se sabe que la aplicaci\u00f3n se bloquea en medio de conversaciones, lo que puede ser frustrante si est\u00e1s intentando chatear con alguien importante o si est\u00e1s en medio de una discusi\u00f3n acalorada.<\/p>\n<p>En general, yesichat no es un gran<\/p>\n<h2>C\u00f3mo aprovechar al m\u00e1ximo el yesichat<\/h2>\n<p>Si buscas una forma de conectar con gente nueva e interesante, yesichat es una gran opci\u00f3n. Con m\u00e1s de un mill\u00f3n de usuarios en todo el mundo, la plataforma ofrece un entorno seguro y divertido para chatear con desconocidos de todo el mundo.<\/p>\n<p>Aqu\u00ed tienes algunos consejos que te ayudar\u00e1n a aprovechar al m\u00e1ximo tu experiencia en el yesichat:<\/p>\n<ol>\n<li>S\u00e9 respetuoso y educado. Esto es clave en cualquier entorno de chat, pero especialmente importante cuando se habla con desconocidos.<\/li>\n<li>Haga preguntas y muestre curiosidad. Iniciadores de conversaci\u00f3n como \"\u00bfcu\u00e1l es tu...?\" o \"h\u00e1blame de...\" pueden ayudar a romper el hielo y mantener el inter\u00e9s.<\/li>\n<li>Comparte un poco sobre ti. Est\u00e1 bien ser abierto y sincero sobre qui\u00e9n eres, pero no des demasiada informaci\u00f3n personal.<\/li>\n<li>S\u00e9 paciente y comprensivo. Cada persona se siente c\u00f3moda a la hora de charlar con desconocidos. Respeta sus l\u00edmites y no presiones demasiado para obtener informaci\u00f3n o intimidad.<\/li>\n<li>\u00a1Divi\u00e9rtete! Yesichat es un lugar estupendo para conocer gente nueva y hacer nuevos amigos. As\u00ed que rel\u00e1jate, divi\u00e9rtete y \u00a1a ver ad\u00f3nde te lleva la conversaci\u00f3n!<\/li>\n<\/ol>\n<h2>\u00bfPor qu\u00e9 yesichat es una plataforma de videochat aleatoria tan popular?<\/h2>\n<p>Yesichat es una popular plataforma de videochat aleatorio por varias razones. En primer lugar, la plataforma es totalmente gratuita. En segundo lugar, no es necesario registrarse ni darse de alta: basta con introducir un nombre de usuario y empezar a chatear. En tercer lugar, la interfaz es muy f\u00e1cil de usar y navegar. En cuarto lugar, yesichat ofrece una amplia gama de funciones que mejoran la experiencia del usuario, como la posibilidad de crear salas de chat, enviar mensajes privados y compartir archivos multimedia. Por \u00faltimo, la plataforma cuenta con una amplia y activa comunidad de usuarios, lo que facilita encontrar gente con la que chatear.<\/p>\n<h2>\u00bfEs seguro?<\/h2>\n<p>Talk With Strangers es una popular aplicaci\u00f3n de chat en l\u00ednea que cuenta con chats privados y de grupo. La aplicaci\u00f3n est\u00e1 disponible en dispositivos Android e iOS, y su uso es gratuito. Sin embargo, debes tomar algunas precauciones antes de utilizarla.<\/p>\n<p>Ante todo, Talk With Strangers es una plataforma de medios sociales. Por lo tanto, es importante tener en cuenta que lo que dices en una sala de chat puede ser visto por cualquier persona que visite la p\u00e1gina o aplicaci\u00f3n donde se produjo el chat. Adem\u00e1s, Talk With Strangers no est\u00e1 encriptado, por lo que tus conversaciones podr\u00edan ser monitorizadas o incluso interceptadas. Por \u00faltimo, Talk With Strangers no cuenta con una pol\u00edtica de privacidad, por lo que la empresa no puede garantizar la confidencialidad de tus conversaciones.<\/p>\n<p>As\u00ed pues, aunque Talk With Strangers es una forma entretenida y c\u00f3moda de comunicarse con amigos y familiares, tenga cuidado al utilizar la aplicaci\u00f3n.<\/p>\n<h2>Medidas preventivas al utilizar el chat de v\u00eddeo aleatorio<\/h2>\n<p>Al utilizar <a href=\"https:\/\/strangercam.com\/es\/chathub\/\">chat de v\u00eddeo aleatorio<\/a>Por ello, es importante tomar medidas preventivas para evitar convertirse en v\u00edctima. Aqu\u00ed tienes cuatro consejos para mantenerte a salvo:<\/p>\n<ol>\n<li>Utiliza una VPN cuando te conectes a chats de v\u00eddeo aleatorios. Una VPN le ayudar\u00e1 a proteger su privacidad cifrando su tr\u00e1fico y ocultando su ubicaci\u00f3n. Las VPN son gratuitas y pueden utilizarse tanto en ordenadores como en dispositivos m\u00f3viles.<\/li>\n<li>Use el sentido com\u00fan cuando participe en actividades aleatorias <a href=\"https:\/\/strangercam.com\/es\/rabbit-video-chat\/\">chat de v\u00eddeo<\/a>. Si algo parece demasiado bueno para ser verdad, probablemente lo sea. Proceda siempre con cautela cuando se re\u00fana con alguien que ha <a href=\"https:\/\/strangercam.com\/es\/chamet\/\">met<\/a> en l\u00ednea a trav\u00e9s de un servicio de videochat aleatorio.<\/li>\n<li>S\u00e9 consciente de lo que te rodea en todo momento mientras utilizas el videochat aleatorio. No compartas informaci\u00f3n personal, como tu direcci\u00f3n o n\u00famero de tel\u00e9fono, con nadie que conozcas a trav\u00e9s de un servicio de videochat aleatorio. ten siempre cuidado al dar informaci\u00f3n personal en l\u00ednea.<\/li>\n<li>Informa inmediatamente a las autoridades de cualquier actividad sospechosa. Si sientes que te est\u00e1n amenazando o acosando de alguna manera mientras utilizas el videochat aleatorio, \u00a1den\u00fancialo a las autoridades lo antes posible!<\/li>\n<\/ol>\n<h2>Conclusi\u00f3n<\/h2>\n<p>Si est\u00e1s interesado en hacer nuevos amigos y divertirte, yesichat es tu sitio. En yesichat, puedes chatear con desconocidos de todo el mundo en un entorno seguro y f\u00e1cil de usar. Con un mont\u00f3n de salas de chat para elegir, seguro que hay una que se adapte a tus intereses. \u00bfA qu\u00e9 esperas? Reg\u00edstrate ahora y empieza a chatear con gente incre\u00edble.<\/p>","protected":false},"excerpt":{"rendered":"<p>If you&#8217;re looking for a place to chat with strangers online, you&#8217;ve come to the right place! Yesichat is a free chat site that allows you to chat with strangers without having to register. Simply enter a username and start chatting! What is yesichat? Yesichat is a chat website that allows you to talk with [&hellip;]<\/p>\n","protected":false},"author":6,"featured_media":559,"parent":0,"menu_order":0,"comment_status":"closed","ping_status":"closed","template":"","meta":{"footnotes":""},"class_list":["post-11261","page","type-page","status-publish","has-post-thumbnail","hentry"],"yoast_head":"<!-- This site is optimized with the Yoast SEO plugin v27.4 - https:\/\/yoast.com\/product\/yoast-seo-wordpress\/ -->\n<title>Yesichat - Chat with strangers on StrangerCam.com<\/title>\n<meta name=\"description\" content=\"Like Yesichat? Come chat with more than 5.000.000 strangers on Stranger Cam for Free! Turn on your cam and find new friends &amp; maby a match!\" \/>\n<meta name=\"robots\" content=\"index, follow, max-snippet:-1, max-image-preview:large, max-video-preview:-1\" \/>\n<link rel=\"canonical\" href=\"https:\/\/strangercam.com\/es\/yesichat\/\" \/>\n<meta property=\"og:locale\" content=\"es_ES\" \/>\n<meta property=\"og:type\" content=\"article\" \/>\n<meta property=\"og:title\" content=\"Yesichat - Chat with strangers on StrangerCam.com\" \/>\n<meta property=\"og:description\" content=\"Like Yesichat? Come chat with more than 5.000.000 strangers on Stranger Cam for Free! Turn on your cam and find new friends &amp; maby a match!\" \/>\n<meta property=\"og:url\" content=\"https:\/\/strangercam.com\/es\/yesichat\/\" \/>\n<meta property=\"og:site_name\" content=\"Strangercam\" \/>\n<meta property=\"article:publisher\" content=\"https:\/\/www.facebook.com\/strangercam\" \/>\n<meta property=\"article:modified_time\" content=\"2023-08-21T10:47:03+00:00\" \/>\n<meta property=\"og:image\" content=\"https:\/\/strangercam.com\/wp-content\/uploads\/2020\/11\/stranger-cam-1.png\" \/>\n\t<meta property=\"og:image:width\" content=\"800\" \/>\n\t<meta property=\"og:image:height\" content=\"800\" \/>\n\t<meta property=\"og:image:type\" content=\"image\/png\" \/>\n<meta name=\"twitter:card\" content=\"summary_large_image\" \/>\n<meta name=\"twitter:site\" content=\"@strangercamapp\" \/>\n<meta name=\"twitter:label1\" content=\"Tiempo de lectura\" \/>\n\t<meta name=\"twitter:data1\" content=\"6 minutos\" \/>\n<script type=\"application\/ld+json\" class=\"yoast-schema-graph\">{\"@context\":\"https:\\\/\\\/schema.org\",\"@graph\":[{\"@type\":\"WebPage\",\"@id\":\"https:\\\/\\\/strangercam.com\\\/yesichat\\\/\",\"url\":\"https:\\\/\\\/strangercam.com\\\/yesichat\\\/\",\"name\":\"Yesichat - Chat with strangers on StrangerCam.com\",\"isPartOf\":{\"@id\":\"https:\\\/\\\/strangercam.com\\\/#website\"},\"primaryImageOfPage\":{\"@id\":\"https:\\\/\\\/strangercam.com\\\/yesichat\\\/#primaryimage\"},\"image\":{\"@id\":\"https:\\\/\\\/strangercam.com\\\/yesichat\\\/#primaryimage\"},\"thumbnailUrl\":\"https:\\\/\\\/strangercam.com\\\/wp-content\\\/uploads\\\/2020\\\/11\\\/stranger-cam-1.png\",\"datePublished\":\"2022-08-11T18:01:47+00:00\",\"dateModified\":\"2023-08-21T10:47:03+00:00\",\"description\":\"Like Yesichat? Come chat with more than 5.000.000 strangers on Stranger Cam for Free! Turn on your cam and find new friends & maby a match!\",\"breadcrumb\":{\"@id\":\"https:\\\/\\\/strangercam.com\\\/yesichat\\\/#breadcrumb\"},\"inLanguage\":\"es\",\"potentialAction\":[{\"@type\":\"ReadAction\",\"target\":[\"https:\\\/\\\/strangercam.com\\\/yesichat\\\/\"]}]},{\"@type\":\"ImageObject\",\"inLanguage\":\"es\",\"@id\":\"https:\\\/\\\/strangercam.com\\\/yesichat\\\/#primaryimage\",\"url\":\"https:\\\/\\\/strangercam.com\\\/wp-content\\\/uploads\\\/2020\\\/11\\\/stranger-cam-1.png\",\"contentUrl\":\"https:\\\/\\\/strangercam.com\\\/wp-content\\\/uploads\\\/2020\\\/11\\\/stranger-cam-1.png\",\"width\":800,\"height\":800,\"caption\":\"stranger cam random video chat\"},{\"@type\":\"BreadcrumbList\",\"@id\":\"https:\\\/\\\/strangercam.com\\\/yesichat\\\/#breadcrumb\",\"itemListElement\":[{\"@type\":\"ListItem\",\"position\":1,\"name\":\"Home\",\"item\":\"https:\\\/\\\/strangercam.com\\\/\"},{\"@type\":\"ListItem\",\"position\":2,\"name\":\"Yesichat\"}]},{\"@type\":\"WebSite\",\"@id\":\"https:\\\/\\\/strangercam.com\\\/#website\",\"url\":\"https:\\\/\\\/strangercam.com\\\/\",\"name\":\"Strangercam\",\"description\":\"Random Video Chat with Strangers\",\"publisher\":{\"@id\":\"https:\\\/\\\/strangercam.com\\\/#organization\"},\"alternateName\":\"Strangercam.com\",\"potentialAction\":[{\"@type\":\"SearchAction\",\"target\":{\"@type\":\"EntryPoint\",\"urlTemplate\":\"https:\\\/\\\/strangercam.com\\\/?s={search_term_string}\"},\"query-input\":{\"@type\":\"PropertyValueSpecification\",\"valueRequired\":true,\"valueName\":\"search_term_string\"}}],\"inLanguage\":\"es\"},{\"@type\":\"Organization\",\"@id\":\"https:\\\/\\\/strangercam.com\\\/#organization\",\"name\":\"Strangercam\",\"alternateName\":\"Strangercam.com\",\"url\":\"https:\\\/\\\/strangercam.com\\\/\",\"logo\":{\"@type\":\"ImageObject\",\"inLanguage\":\"es\",\"@id\":\"https:\\\/\\\/strangercam.com\\\/#\\\/schema\\\/logo\\\/image\\\/\",\"url\":\"https:\\\/\\\/strangercam.com\\\/wp-content\\\/uploads\\\/2020\\\/11\\\/cropped-new-favicon-black.png\",\"contentUrl\":\"https:\\\/\\\/strangercam.com\\\/wp-content\\\/uploads\\\/2020\\\/11\\\/cropped-new-favicon-black.png\",\"width\":512,\"height\":512,\"caption\":\"Strangercam\"},\"image\":{\"@id\":\"https:\\\/\\\/strangercam.com\\\/#\\\/schema\\\/logo\\\/image\\\/\"},\"sameAs\":[\"https:\\\/\\\/www.facebook.com\\\/strangercam\",\"https:\\\/\\\/x.com\\\/strangercamapp\"]}]}<\/script>\n<!-- \/ Yoast SEO plugin. -->","yoast_head_json":{"title":"Yesichat - Chatea con desconocidos en StrangerCam.com","description":"\u00bfTe gusta Yesichat? \u00a1Ven a chatear gratis con m\u00e1s de 5.000.000 de desconocidos en Stranger Cam! \u00a1Enciende tu c\u00e1mara y encuentra nuevos amigos y tal vez una pareja!","robots":{"index":"index","follow":"follow","max-snippet":"max-snippet:-1","max-image-preview":"max-image-preview:large","max-video-preview":"max-video-preview:-1"},"canonical":"https:\/\/strangercam.com\/es\/yesichat\/","og_locale":"es_ES","og_type":"article","og_title":"Yesichat - Chat with strangers on StrangerCam.com","og_description":"Like Yesichat? Come chat with more than 5.000.000 strangers on Stranger Cam for Free! Turn on your cam and find new friends & maby a match!","og_url":"https:\/\/strangercam.com\/es\/yesichat\/","og_site_name":"Strangercam","article_publisher":"https:\/\/www.facebook.com\/strangercam","article_modified_time":"2023-08-21T10:47:03+00:00","og_image":[{"width":800,"height":800,"url":"https:\/\/strangercam.com\/wp-content\/uploads\/2020\/11\/stranger-cam-1.png","type":"image\/png"}],"twitter_card":"summary_large_image","twitter_site":"@strangercamapp","twitter_misc":{"Tiempo de lectura":"6 minutos"},"schema":{"@context":"https:\/\/schema.org","@graph":[{"@type":"WebPage","@id":"https:\/\/strangercam.com\/yesichat\/","url":"https:\/\/strangercam.com\/yesichat\/","name":"Yesichat - Chatea con desconocidos en StrangerCam.com","isPartOf":{"@id":"https:\/\/strangercam.com\/#website"},"primaryImageOfPage":{"@id":"https:\/\/strangercam.com\/yesichat\/#primaryimage"},"image":{"@id":"https:\/\/strangercam.com\/yesichat\/#primaryimage"},"thumbnailUrl":"https:\/\/strangercam.com\/wp-content\/uploads\/2020\/11\/stranger-cam-1.png","datePublished":"2022-08-11T18:01:47+00:00","dateModified":"2023-08-21T10:47:03+00:00","description":"\u00bfTe gusta Yesichat? \u00a1Ven a chatear gratis con m\u00e1s de 5.000.000 de desconocidos en Stranger Cam! \u00a1Enciende tu c\u00e1mara y encuentra nuevos amigos y tal vez una pareja!","breadcrumb":{"@id":"https:\/\/strangercam.com\/yesichat\/#breadcrumb"},"inLanguage":"es","potentialAction":[{"@type":"ReadAction","target":["https:\/\/strangercam.com\/yesichat\/"]}]},{"@type":"ImageObject","inLanguage":"es","@id":"https:\/\/strangercam.com\/yesichat\/#primaryimage","url":"https:\/\/strangercam.com\/wp-content\/uploads\/2020\/11\/stranger-cam-1.png","contentUrl":"https:\/\/strangercam.com\/wp-content\/uploads\/2020\/11\/stranger-cam-1.png","width":800,"height":800,"caption":"stranger cam random video chat"},{"@type":"BreadcrumbList","@id":"https:\/\/strangercam.com\/yesichat\/#breadcrumb","itemListElement":[{"@type":"ListItem","position":1,"name":"Home","item":"https:\/\/strangercam.com\/"},{"@type":"ListItem","position":2,"name":"Yesichat"}]},{"@type":"WebSite","@id":"https:\/\/strangercam.com\/#website","url":"https:\/\/strangercam.com\/","name":"Strangercam","description":"Videochat aleatorio con desconocidos","publisher":{"@id":"https:\/\/strangercam.com\/#organization"},"alternateName":"Strangercam.com","potentialAction":[{"@type":"SearchAction","target":{"@type":"EntryPoint","urlTemplate":"https:\/\/strangercam.com\/?s={search_term_string}"},"query-input":{"@type":"PropertyValueSpecification","valueRequired":true,"valueName":"search_term_string"}}],"inLanguage":"es"},{"@type":"Organization","@id":"https:\/\/strangercam.com\/#organization","name":"Strangercam","alternateName":"Strangercam.com","url":"https:\/\/strangercam.com\/","logo":{"@type":"ImageObject","inLanguage":"es","@id":"https:\/\/strangercam.com\/#\/schema\/logo\/image\/","url":"https:\/\/strangercam.com\/wp-content\/uploads\/2020\/11\/cropped-new-favicon-black.png","contentUrl":"https:\/\/strangercam.com\/wp-content\/uploads\/2020\/11\/cropped-new-favicon-black.png","width":512,"height":512,"caption":"Strangercam"},"image":{"@id":"https:\/\/strangercam.com\/#\/schema\/logo\/image\/"},"sameAs":["https:\/\/www.facebook.com\/strangercam","https:\/\/x.com\/strangercamapp"]}]}},"_links":{"self":[{"href":"https:\/\/strangercam.com\/es\/wp-json\/wp\/v2\/pages\/11261","targetHints":{"allow":["GET"]}}],"collection":[{"href":"https:\/\/strangercam.com\/es\/wp-json\/wp\/v2\/pages"}],"about":[{"href":"https:\/\/strangercam.com\/es\/wp-json\/wp\/v2\/types\/page"}],"author":[{"embeddable":true,"href":"https:\/\/strangercam.com\/es\/wp-json\/wp\/v2\/users\/6"}],"replies":[{"embeddable":true,"href":"https:\/\/strangercam.com\/es\/wp-json\/wp\/v2\/comments?post=11261"}],"version-history":[{"count":0,"href":"https:\/\/strangercam.com\/es\/wp-json\/wp\/v2\/pages\/11261\/revisions"}],"wp:featuredmedia":[{"embeddable":true,"href":"https:\/\/strangercam.com\/es\/wp-json\/wp\/v2\/media\/559"}],"wp:attachment":[{"href":"https:\/\/strangercam.com\/es\/wp-json\/wp\/v2\/media?parent=11261"}],"curies":[{"name":"wp","href":"https:\/\/api.w.org\/{rel}","templated":true}]}}