{"id":11248,"date":"2022-08-11T19:57:16","date_gmt":"2022-08-11T17:57:16","guid":{"rendered":"https:\/\/strangercam.com\/?page_id=11248"},"modified":"2023-08-21T12:38:41","modified_gmt":"2023-08-21T10:38:41","slug":"spinchat","status":"publish","type":"page","link":"https:\/\/strangercam.com\/es\/spinchat\/","title":{"rendered":"Spinchat"},"content":{"rendered":"<p>Si te sientes solo o simplemente quieres hablar con alguien, SpinChat es un lugar estupendo para hacerlo. Este <a href=\"https:\/\/strangercam.com\/es\/chatroulette\/\">chat<\/a> te permite hablar con desconocidos de todo el mundo. <a href=\"https:\/\/strangercam.com\/es\/coomeet\/\">conozca<\/a>. Puede que hagas un nuevo amigo, o incluso que encuentres a tu alma gemela. \u00bfPor qu\u00e9 no intentarlo?<\/p>\n<h2>\u00bfQu\u00e9 es spinchat?<\/h2>\n<p>SpinChat es un <a href=\"https:\/\/strangercam.com\/es\/chathub\/\">chat de v\u00eddeo aleatorio<\/a> que te permite chatear con desconocidos de todo el mundo. Es una forma estupenda de conocer gente nueva y hacer nuevos amigos. Tambi\u00e9n puedes usar SpinChat para encontrar el amor, o simplemente para divertirte.<\/p>\n<h2>\u00bfC\u00f3mo se utiliza spinchat?<\/h2>\n<p>Si buscas una forma f\u00e1cil y divertida de conocer gente nueva, \u00a1prueba spinchat! Te explicamos c\u00f3mo utilizarlo:<\/p>\n<ul>\n<li style=\"font-weight: 400;\" aria-level=\"1\">Entra en la web de spinchat y crea una cuenta.<\/li>\n<li style=\"font-weight: 400;\" aria-level=\"1\">Una vez iniciada la sesi\u00f3n, podr\u00e1s ver una lista de todas las salas de chat disponibles.<\/li>\n<li style=\"font-weight: 400;\" aria-level=\"1\">Elige la sala que te interese y \u00a1empieza a chatear!<\/li>\n<li style=\"font-weight: 400;\" aria-level=\"1\">Para hacer las cosas m\u00e1s interesantes, prueba a utilizar el modo an\u00f3nimo para que tu identidad quede oculta.<\/li>\n<li style=\"font-weight: 400;\" aria-level=\"1\">\u00a1Divi\u00e9rtete y haz nuevos amigos!<\/li>\n<\/ul>\n<h2>Ventajas de utilizar spinchat<\/h2>\n<p>Usar spinchat tiene muchas ventajas, como la posibilidad de conectar con personas de todo el mundo. Con spinchat puedes hablar con desconocidos en un entorno seguro. Puede ser una forma estupenda de hacer nuevos amigos o incluso de encontrar pareja. Adem\u00e1s, spinchat es una forma estupenda de aprender sobre otras culturas y conocer diferentes partes del mundo.<\/p>\n<h2>Los peligros de utilizar spinchat<\/h2>\n<p>Existen muchos peligros asociados al uso de spinchat, una red social que permite a los usuarios comunicarse con desconocidos. Algunos de estos peligros son:<\/p>\n<ul>\n<li style=\"font-weight: 400;\" aria-level=\"1\">Depredadores: Hay depredadores que utilizan el spinchat para aprovecharse de ni\u00f1os y adultos vulnerables. Pueden fingir ser alguien que no son para ganarse tu confianza y luego explotarte emocional o sexualmente.<\/li>\n<li style=\"font-weight: 400;\" aria-level=\"1\">Ciberacoso: Puedes sufrir ciberacoso en spinchat por parte de alguien a quien no le gustes o con quien no est\u00e9s de acuerdo. Esto puede ser muy hiriente y hacerte sentir aislado.<\/li>\n<li style=\"font-weight: 400;\" aria-level=\"1\">Estafas y fraudes: En spinchat tambi\u00e9n hay estafadores que intentan enga\u00f1arte para que les des dinero o informaci\u00f3n personal. Pueden hacerse pasar por otra persona para ganarse tu confianza y luego robarte.<\/li>\n<li style=\"font-weight: 400;\" aria-level=\"1\">Virus y programas maliciosos: tambi\u00e9n es posible que descargue virus o programas maliciosos en su ordenador sin darse cuenta al utilizar spinchat. Estos pueden da\u00f1ar su ordenador y poner en peligro su informaci\u00f3n personal.<\/li>\n<li style=\"font-weight: 400;\" aria-level=\"1\">Adicci\u00f3n: Algunas personas se vuelven adictas al spinchat y se pasan todo el tiempo chateando con desconocidos en lugar de hacer cosas m\u00e1s productivas. Esto puede acarrear problemas en la vida real, como perder oportunidades laborales o descuidar a amigos y familiares.<\/li>\n<\/ul>\n<h2>Ventajas e inconvenientes de spinchat<\/h2>\n<p>Si est\u00e1s buscando una forma de conectar con gente de todo el mundo, puede que te est\u00e9s preguntando si SpinChat es la plataforma adecuada para ti. En esta entrada del blog, vamos a echar un vistazo a los pros y los contras de usar SpinChat para que pueda decidir por s\u00ed mismo si es adecuado para usted.<\/p>\n<p>El lado positivo de SpinChat es que te permite conectar con gente de todo el mundo. Puedes unirte a salas de chat sobre una gran variedad de temas, o crear tu propia sala de chat e invitar a gente a unirse a ti. Tambi\u00e9n puedes enviar mensajes privados a otros usuarios de la plataforma.<\/p>\n<p>Otra ventaja de SpinChat es que es una plataforma gratuita. No tienes que pagar nada para registrarte o utilizar las funciones del sitio.<\/p>\n<p>Sin embargo, SpinChat tambi\u00e9n tiene algunas desventajas. Una de ellas es que el sitio no tiene ninguna funci\u00f3n que te ayude a investigar a las personas con las que hablas. Esto significa que podr\u00edas acabar hablando con alguien que no es quien dice ser o que tiene malas intenciones.<\/p>\n<p>Otro posible inconveniente es que SpinChat no tiene ning\u00fan tipo de atenci\u00f3n al cliente activa.<\/p>\n<h2>\u00bfC\u00f3mo sacar el m\u00e1ximo partido a spinchat?<\/h2>\n<p>Si quieres hablar con desconocidos y hacer nuevos amigos, spinchat es un buen lugar para empezar. Aqu\u00ed tienes algunos consejos que te ayudar\u00e1n a sacar el m\u00e1ximo partido a tu experiencia:<\/p>\n<ul>\n<li style=\"font-weight: 400;\" aria-level=\"1\">S\u00e9 t\u00fa mismo: no hace falta que te hagas pasar por alguien que no eres. S\u00e9 t\u00fa mismo y te resultar\u00e1 mucho m\u00e1s f\u00e1cil conectar con los dem\u00e1s.<\/li>\n<li style=\"font-weight: 400;\" aria-level=\"1\">Haz preguntas: a la gente le encanta hablar de s\u00ed misma, as\u00ed que haz muchas preguntas para que la conversaci\u00f3n fluya.<\/li>\n<li style=\"font-weight: 400;\" aria-level=\"1\">S\u00e9 respetuoso: recuerda que todas las personas con las que chateas son personas reales como t\u00fa, as\u00ed que tr\u00e1talas con respeto y cortes\u00eda.<\/li>\n<li style=\"font-weight: 400;\" aria-level=\"1\">\u00a0Divi\u00e9rtase - Charlar con gente nueva puede ser agradable, as\u00ed que rel\u00e1jate y divi\u00e9rtete.<\/li>\n<\/ul>\n<h2>\u00bfDe qu\u00e9 hablar con desconocidos por videoconferencia?<\/h2>\n<p>En el mundo actual, es f\u00e1cil sentirse desconectado y solo. Con toda la tecnolog\u00eda que tenemos a nuestro alcance, es f\u00e1cil ir por la vida sin conectar realmente con nadie a un nivel m\u00e1s profundo. Por eso el videochat puede ser una forma estupenda de conectar con los dem\u00e1s.<\/p>\n<p>Cuando hablas con desconocidos en <a href=\"https:\/\/strangercam.com\/es\/rabbit-video-chat\/\">chat de v\u00eddeo<\/a>En la mayor\u00eda de los pa\u00edses, las posibilidades de mantener una conversaci\u00f3n interesante son infinitas. Tanto si quieres hablar de actualidad, de cultura pop o simplemente de tu d\u00eda a d\u00eda, seguro que hay algo de lo que hablar. \u00bfY qui\u00e9n sabe? A lo mejor haces un nuevo amigo.<\/p>\n<h2>\u00bfPor qu\u00e9 spinchat es una plataforma de videochat aleatoria tan popular?<\/h2>\n<p>Hay muchas razones por las que spinchat es una plataforma de videochat aleatorio tan popular. Una de ellas es que su uso es gratuito. Otra raz\u00f3n es que es f\u00e1cil de usar y no requiere ning\u00fan registro. Por \u00faltimo, ofrece a los usuarios una forma estupenda de conocer gente nueva y hacer nuevos amigos.<\/p>\n<h2>C\u00f3mo estar seguro en spinchat<\/h2>\n<p>Spinchat es una gran plataforma para conocer gente nueva y hacer amigos. Sin embargo, es importante mantenerse seguro cuando se habla con extra\u00f1os en l\u00ednea. Aqu\u00ed tienes algunos consejos para mantenerte seguro en spinchat:<\/p>\n<ul>\n<li style=\"font-weight: 400;\" aria-level=\"1\">No des informaci\u00f3n personal. Esto incluye tu nombre completo, direcci\u00f3n, n\u00famero de tel\u00e9fono, etc.<\/li>\n<li style=\"font-weight: 400;\" aria-level=\"1\">Si alguien te hace sentir inc\u00f3modo, bloqu\u00e9alo e informa a los moderadores.<\/li>\n<li style=\"font-weight: 400;\" aria-level=\"1\">No quedes con alguien que hayas <a href=\"https:\/\/strangercam.com\/es\/chamet\/\">met<\/a> en l\u00ednea en persona.<\/li>\n<li style=\"font-weight: 400;\" aria-level=\"1\">Utiliza la funci\u00f3n de mensajer\u00eda privada para hablar con gente que conozcas y en la que conf\u00edes.<\/li>\n<\/ul>\n<p>Si sigues estos sencillos consejos de seguridad, podr\u00e1s pas\u00e1rtelo en grande en spinchat sin correr riesgos.<\/p>\n<h2>Conclusi\u00f3n<\/h2>\n<p>Una de las mejores cosas de las redes sociales es la posibilidad de conectar con personas afines de todo el mundo. Si buscas amistad, consejo profesional o simplemente alguien con quien charlar, hay muchas comunidades que se adaptan a tus necesidades. Un buen ejemplo es spinchat, una plataforma que permite a los usuarios hablar con desconocidos por videoconferencia. Si alguna vez te sientes perdido y no sabes d\u00f3nde acudir, \u00a1prueba spinchat!<\/p>","protected":false},"excerpt":{"rendered":"<p>If you&#8217;re feeling lonely or just want to talk to someone, SpinChat is a great place to do it. This chat site lets you talk to strangers all over the world, and you never know who you might meet. You might make a new friend, or even find your soulmate. So why not give it [&hellip;]<\/p>\n","protected":false},"author":6,"featured_media":559,"parent":0,"menu_order":0,"comment_status":"closed","ping_status":"closed","template":"","meta":{"footnotes":""},"class_list":["post-11248","page","type-page","status-publish","has-post-thumbnail","hentry"],"yoast_head":"<!-- This site is optimized with the Yoast SEO plugin v26.9 - https:\/\/yoast.com\/product\/yoast-seo-wordpress\/ -->\n<title>Spinchat - Chat with strangers on StrangerCam.com<\/title>\n<meta name=\"description\" content=\"Like Spinchat? Come chat with more than 5.000.000 strangers on Stranger Cam for Free! Turn on your cam and find new friends &amp; maby a match!\" \/>\n<meta name=\"robots\" content=\"index, follow, max-snippet:-1, max-image-preview:large, max-video-preview:-1\" \/>\n<link rel=\"canonical\" href=\"https:\/\/strangercam.com\/es\/spinchat\/\" \/>\n<meta property=\"og:locale\" content=\"es_ES\" \/>\n<meta property=\"og:type\" content=\"article\" \/>\n<meta property=\"og:title\" content=\"Spinchat - Chat with strangers on StrangerCam.com\" \/>\n<meta property=\"og:description\" content=\"Like Spinchat? Come chat with more than 5.000.000 strangers on Stranger Cam for Free! Turn on your cam and find new friends &amp; maby a match!\" \/>\n<meta property=\"og:url\" content=\"https:\/\/strangercam.com\/es\/spinchat\/\" \/>\n<meta property=\"og:site_name\" content=\"Strangercam\" \/>\n<meta property=\"article:publisher\" content=\"https:\/\/www.facebook.com\/strangercam\" \/>\n<meta property=\"article:modified_time\" content=\"2023-08-21T10:38:41+00:00\" \/>\n<meta property=\"og:image\" content=\"https:\/\/strangercam.com\/wp-content\/uploads\/2020\/11\/stranger-cam-1.png\" \/>\n\t<meta property=\"og:image:width\" content=\"800\" \/>\n\t<meta property=\"og:image:height\" content=\"800\" \/>\n\t<meta property=\"og:image:type\" content=\"image\/png\" \/>\n<meta name=\"twitter:card\" content=\"summary_large_image\" \/>\n<meta name=\"twitter:site\" content=\"@strangercamapp\" \/>\n<meta name=\"twitter:label1\" content=\"Tiempo de lectura\" \/>\n\t<meta name=\"twitter:data1\" content=\"6 minutos\" \/>\n<script type=\"application\/ld+json\" class=\"yoast-schema-graph\">{\"@context\":\"https:\/\/schema.org\",\"@graph\":[{\"@type\":\"WebPage\",\"@id\":\"https:\/\/strangercam.com\/spinchat\/\",\"url\":\"https:\/\/strangercam.com\/spinchat\/\",\"name\":\"Spinchat - Chat with strangers on StrangerCam.com\",\"isPartOf\":{\"@id\":\"https:\/\/strangercam.com\/#website\"},\"primaryImageOfPage\":{\"@id\":\"https:\/\/strangercam.com\/spinchat\/#primaryimage\"},\"image\":{\"@id\":\"https:\/\/strangercam.com\/spinchat\/#primaryimage\"},\"thumbnailUrl\":\"https:\/\/strangercam.com\/wp-content\/uploads\/2020\/11\/stranger-cam-1.png\",\"datePublished\":\"2022-08-11T17:57:16+00:00\",\"dateModified\":\"2023-08-21T10:38:41+00:00\",\"description\":\"Like Spinchat? Come chat with more than 5.000.000 strangers on Stranger Cam for Free! Turn on your cam and find new friends & maby a match!\",\"breadcrumb\":{\"@id\":\"https:\/\/strangercam.com\/spinchat\/#breadcrumb\"},\"inLanguage\":\"es\",\"potentialAction\":[{\"@type\":\"ReadAction\",\"target\":[\"https:\/\/strangercam.com\/spinchat\/\"]}]},{\"@type\":\"ImageObject\",\"inLanguage\":\"es\",\"@id\":\"https:\/\/strangercam.com\/spinchat\/#primaryimage\",\"url\":\"https:\/\/strangercam.com\/wp-content\/uploads\/2020\/11\/stranger-cam-1.png\",\"contentUrl\":\"https:\/\/strangercam.com\/wp-content\/uploads\/2020\/11\/stranger-cam-1.png\",\"width\":800,\"height\":800,\"caption\":\"stranger cam random video chat\"},{\"@type\":\"BreadcrumbList\",\"@id\":\"https:\/\/strangercam.com\/spinchat\/#breadcrumb\",\"itemListElement\":[{\"@type\":\"ListItem\",\"position\":1,\"name\":\"Home\",\"item\":\"https:\/\/strangercam.com\/\"},{\"@type\":\"ListItem\",\"position\":2,\"name\":\"Spinchat\"}]},{\"@type\":\"WebSite\",\"@id\":\"https:\/\/strangercam.com\/#website\",\"url\":\"https:\/\/strangercam.com\/\",\"name\":\"Strangercam\",\"description\":\"Random Video Chat with Strangers\",\"publisher\":{\"@id\":\"https:\/\/strangercam.com\/#organization\"},\"alternateName\":\"Strangercam.com\",\"potentialAction\":[{\"@type\":\"SearchAction\",\"target\":{\"@type\":\"EntryPoint\",\"urlTemplate\":\"https:\/\/strangercam.com\/?s={search_term_string}\"},\"query-input\":{\"@type\":\"PropertyValueSpecification\",\"valueRequired\":true,\"valueName\":\"search_term_string\"}}],\"inLanguage\":\"es\"},{\"@type\":\"Organization\",\"@id\":\"https:\/\/strangercam.com\/#organization\",\"name\":\"Strangercam\",\"alternateName\":\"Strangercam.com\",\"url\":\"https:\/\/strangercam.com\/\",\"logo\":{\"@type\":\"ImageObject\",\"inLanguage\":\"es\",\"@id\":\"https:\/\/strangercam.com\/#\/schema\/logo\/image\/\",\"url\":\"https:\/\/strangercam.com\/wp-content\/uploads\/2020\/11\/cropped-new-favicon-black.png\",\"contentUrl\":\"https:\/\/strangercam.com\/wp-content\/uploads\/2020\/11\/cropped-new-favicon-black.png\",\"width\":512,\"height\":512,\"caption\":\"Strangercam\"},\"image\":{\"@id\":\"https:\/\/strangercam.com\/#\/schema\/logo\/image\/\"},\"sameAs\":[\"https:\/\/www.facebook.com\/strangercam\",\"https:\/\/x.com\/strangercamapp\"]}]}<\/script>\n<!-- \/ Yoast SEO plugin. -->","yoast_head_json":{"title":"Spinchat - Chatea con desconocidos en StrangerCam.com","description":"\u00bfTe gusta Spinchat? \u00a1Ven a chatear gratis con m\u00e1s de 5.000.000 de desconocidos en Stranger Cam! \u00a1Enciende tu c\u00e1mara y encuentra nuevos amigos y tal vez una pareja!","robots":{"index":"index","follow":"follow","max-snippet":"max-snippet:-1","max-image-preview":"max-image-preview:large","max-video-preview":"max-video-preview:-1"},"canonical":"https:\/\/strangercam.com\/es\/spinchat\/","og_locale":"es_ES","og_type":"article","og_title":"Spinchat - Chat with strangers on StrangerCam.com","og_description":"Like Spinchat? Come chat with more than 5.000.000 strangers on Stranger Cam for Free! Turn on your cam and find new friends & maby a match!","og_url":"https:\/\/strangercam.com\/es\/spinchat\/","og_site_name":"Strangercam","article_publisher":"https:\/\/www.facebook.com\/strangercam","article_modified_time":"2023-08-21T10:38:41+00:00","og_image":[{"width":800,"height":800,"url":"https:\/\/strangercam.com\/wp-content\/uploads\/2020\/11\/stranger-cam-1.png","type":"image\/png"}],"twitter_card":"summary_large_image","twitter_site":"@strangercamapp","twitter_misc":{"Tiempo de lectura":"6 minutos"},"schema":{"@context":"https:\/\/schema.org","@graph":[{"@type":"WebPage","@id":"https:\/\/strangercam.com\/spinchat\/","url":"https:\/\/strangercam.com\/spinchat\/","name":"Spinchat - Chatea con desconocidos en StrangerCam.com","isPartOf":{"@id":"https:\/\/strangercam.com\/#website"},"primaryImageOfPage":{"@id":"https:\/\/strangercam.com\/spinchat\/#primaryimage"},"image":{"@id":"https:\/\/strangercam.com\/spinchat\/#primaryimage"},"thumbnailUrl":"https:\/\/strangercam.com\/wp-content\/uploads\/2020\/11\/stranger-cam-1.png","datePublished":"2022-08-11T17:57:16+00:00","dateModified":"2023-08-21T10:38:41+00:00","description":"\u00bfTe gusta Spinchat? \u00a1Ven a chatear gratis con m\u00e1s de 5.000.000 de desconocidos en Stranger Cam! \u00a1Enciende tu c\u00e1mara y encuentra nuevos amigos y tal vez una pareja!","breadcrumb":{"@id":"https:\/\/strangercam.com\/spinchat\/#breadcrumb"},"inLanguage":"es","potentialAction":[{"@type":"ReadAction","target":["https:\/\/strangercam.com\/spinchat\/"]}]},{"@type":"ImageObject","inLanguage":"es","@id":"https:\/\/strangercam.com\/spinchat\/#primaryimage","url":"https:\/\/strangercam.com\/wp-content\/uploads\/2020\/11\/stranger-cam-1.png","contentUrl":"https:\/\/strangercam.com\/wp-content\/uploads\/2020\/11\/stranger-cam-1.png","width":800,"height":800,"caption":"stranger cam random video chat"},{"@type":"BreadcrumbList","@id":"https:\/\/strangercam.com\/spinchat\/#breadcrumb","itemListElement":[{"@type":"ListItem","position":1,"name":"Home","item":"https:\/\/strangercam.com\/"},{"@type":"ListItem","position":2,"name":"Spinchat"}]},{"@type":"WebSite","@id":"https:\/\/strangercam.com\/#website","url":"https:\/\/strangercam.com\/","name":"Strangercam","description":"Videochat aleatorio con desconocidos","publisher":{"@id":"https:\/\/strangercam.com\/#organization"},"alternateName":"Strangercam.com","potentialAction":[{"@type":"SearchAction","target":{"@type":"EntryPoint","urlTemplate":"https:\/\/strangercam.com\/?s={search_term_string}"},"query-input":{"@type":"PropertyValueSpecification","valueRequired":true,"valueName":"search_term_string"}}],"inLanguage":"es"},{"@type":"Organization","@id":"https:\/\/strangercam.com\/#organization","name":"Strangercam","alternateName":"Strangercam.com","url":"https:\/\/strangercam.com\/","logo":{"@type":"ImageObject","inLanguage":"es","@id":"https:\/\/strangercam.com\/#\/schema\/logo\/image\/","url":"https:\/\/strangercam.com\/wp-content\/uploads\/2020\/11\/cropped-new-favicon-black.png","contentUrl":"https:\/\/strangercam.com\/wp-content\/uploads\/2020\/11\/cropped-new-favicon-black.png","width":512,"height":512,"caption":"Strangercam"},"image":{"@id":"https:\/\/strangercam.com\/#\/schema\/logo\/image\/"},"sameAs":["https:\/\/www.facebook.com\/strangercam","https:\/\/x.com\/strangercamapp"]}]}},"_links":{"self":[{"href":"https:\/\/strangercam.com\/es\/wp-json\/wp\/v2\/pages\/11248","targetHints":{"allow":["GET"]}}],"collection":[{"href":"https:\/\/strangercam.com\/es\/wp-json\/wp\/v2\/pages"}],"about":[{"href":"https:\/\/strangercam.com\/es\/wp-json\/wp\/v2\/types\/page"}],"author":[{"embeddable":true,"href":"https:\/\/strangercam.com\/es\/wp-json\/wp\/v2\/users\/6"}],"replies":[{"embeddable":true,"href":"https:\/\/strangercam.com\/es\/wp-json\/wp\/v2\/comments?post=11248"}],"version-history":[{"count":0,"href":"https:\/\/strangercam.com\/es\/wp-json\/wp\/v2\/pages\/11248\/revisions"}],"wp:featuredmedia":[{"embeddable":true,"href":"https:\/\/strangercam.com\/es\/wp-json\/wp\/v2\/media\/559"}],"wp:attachment":[{"href":"https:\/\/strangercam.com\/es\/wp-json\/wp\/v2\/media?parent=11248"}],"curies":[{"name":"wp","href":"https:\/\/api.w.org\/{rel}","templated":true}]}}