{"id":11221,"date":"2022-08-11T16:07:53","date_gmt":"2022-08-11T14:07:53","guid":{"rendered":"https:\/\/strangercam.com\/?page_id=11221"},"modified":"2023-08-21T12:24:42","modified_gmt":"2023-08-21T10:24:42","slug":"meetme","status":"publish","type":"page","link":"https:\/\/strangercam.com\/es\/meetme\/","title":{"rendered":"Meetme"},"content":{"rendered":"<p>Si busca una nueva forma de <a href=\"https:\/\/strangercam.com\/es\/coomeet\/\">conozca<\/a> personas y <a href=\"https:\/\/strangercam.com\/es\/flingster\/\">ligar<\/a> con desconocidos, entonces deber\u00edas echar un vistazo a meetme. Esta aplicaci\u00f3n te permite conectar con personas de tu entorno que tambi\u00e9n buscan nuevos amigos o pareja. Puedes <a href=\"https:\/\/strangercam.com\/es\/chatroulette\/\">chat<\/a> con ellos, compartir fotos e intereses, e incluso quedar en persona si ambos est\u00e1is interesados. \u00bfPor qu\u00e9 no lo intentas? Nunca se sabe a qui\u00e9n se puede conocer.<\/p>\n<h2>\u00bfQu\u00e9 es meetme?<\/h2>\n<p>Meetme es un <a href=\"https:\/\/strangercam.com\/es\/chathub\/\">chat de v\u00eddeo aleatorio<\/a> que te permite conocer gente nueva y ligar con desconocidos. Es una forma estupenda de conocer nuevos amigos o parejas potenciales. Tambi\u00e9n puedes usar meetme para encontrar gente con intereses similares o para iniciar una conversaci\u00f3n con alguien que te interese.<\/p>\n<h2>C\u00f3mo utilizar meetme<\/h2>\n<p>Si buscas una nueva forma de conocer gente y ligar con desconocidos, deber\u00edas echar un vistazo a meetme. Es una forma estupenda de conectar con gente nueva y, potencialmente, encontrar el amor. Aqu\u00ed te explicamos c\u00f3mo usar meetme:<\/p>\n<ul>\n<li style=\"font-weight: 400;\" aria-level=\"1\">En primer lugar, crea un perfil registr\u00e1ndote con tu direcci\u00f3n de correo electr\u00f3nico o conectando tu cuenta de Facebook. Aseg\u00farate de a\u00f1adir una foto e informaci\u00f3n b\u00e1sica sobre ti para que la gente pueda conocerte.<\/li>\n<li style=\"font-weight: 400;\" aria-level=\"1\">Una vez que tengas un perfil, empieza a navegar por los perfiles de otros usuarios. Cuando encuentres a alguien que te interese, env\u00edale un mensaje y comprueba si est\u00e1 interesado en chatear.<\/li>\n<li style=\"font-weight: 400;\" aria-level=\"1\">Si congenias con alguien, puedes empezar a flirtear con \u00e9l. Puede ser cualquier cosa, desde enviar cumplidos a bromas juguetonas. Divi\u00e9rtete y a ver qu\u00e9 pasa.<\/li>\n<li style=\"font-weight: 400;\" aria-level=\"1\">Si las cosas parecen ir bien, puedes pedirle una cita. Eso s\u00ed, aseg\u00farate de que ambos est\u00e1is de acuerdo en lo que busc\u00e1is antes de quedar en persona.<\/li>\n<li style=\"font-weight: 400;\" aria-level=\"1\">Y ya est\u00e1. Utiliza meetme para conocer gente nueva y ligar con desconocidos en un entorno seguro y divertido.<\/li>\n<\/ul>\n<h2>Ventajas e inconvenientes de meetme<\/h2>\n<p>La aplicaci\u00f3n meetme tiene cosas buenas y cosas malas. Por un lado, puede ser una forma estupenda de conocer gente nueva y hacer nuevos amigos. Por otro lado, tambi\u00e9n existe la posibilidad de conocer a desconocidos peligrosos. Es importante conocer tanto los pros como los contras antes de utilizar esta aplicaci\u00f3n.<\/p>\n<p>Lo bueno de meetme es que puedes hablar con gente de todo el mundo. Esto te da la oportunidad de conocer diferentes culturas y hacer nuevos amigos. Tambi\u00e9n puedes ligar con gente en meetme, lo que puede ser divertido si est\u00e1s soltero y buscas una cita.<\/p>\n<p>El inconveniente de meetme es que podr\u00edas conocer a desconocidos peligrosos. Como hablas con personas que no conoces, es importante que tengas cuidado con la informaci\u00f3n que compartes. Nunca debes dar tu informaci\u00f3n personal ni aceptar quedar con alguien en persona a menos que est\u00e9s absolutamente seguro de que es una persona segura.<\/p>\n<p>En general, meetme puede ser una buena forma de conocer gente nueva y divertirse. Sin embargo, es importante ser consciente de los riesgos antes de utilizar esta aplicaci\u00f3n.<\/p>\n<h2>\u00bfPor qu\u00e9 meetme es una plataforma de videochat aleatoria tan popular?<\/h2>\n<p>Hay muchas razones por las que meetme es una plataforma de videochat aleatorio tan popular. Para empezar, es incre\u00edblemente f\u00e1cil de usar. No necesitas registrarte para obtener una cuenta ni nada por el estilo. S\u00f3lo tienes que abrir la aplicaci\u00f3n y empezar a chatear con gente de todo el mundo.<\/p>\n<p>Otra raz\u00f3n por la que meetme es tan popular es porque es an\u00f3nimo. No tienes que dar tu nombre ni ninguna informaci\u00f3n personal cuando lo usas. Esto la convierte en una gran plataforma para la gente que quiere chatear con desconocidos sin revelar demasiado sobre s\u00ed mismos.<\/p>\n<p>Por \u00faltimo, meetme es popular porque es una forma estupenda de conocer gente nueva y hacer nuevos amigos. Puedes chatear con personas de todo el mundo y conocerlas mejor. Tanto si buscas un nuevo amigo como una posible pareja rom\u00e1ntica, meetme es un buen lugar para empezar.<\/p>\n<h2>\u00bfC\u00f3mo sacar el m\u00e1ximo partido a meetme?<\/h2>\n<p>Si buscas el amor o simplemente pasar un buen rato, no puedes equivocarte con meetme. Esta red social te permite conocer gente nueva y ligar con desconocidos en un entorno seguro y divertido. Aqu\u00ed tienes algunos consejos que te ayudar\u00e1n a sacar el m\u00e1ximo partido a tu experiencia en meetme:<\/p>\n<ol>\n<li style=\"font-weight: 400;\" aria-level=\"1\">Completa tu perfil. Cuanta m\u00e1s informaci\u00f3n proporciones sobre ti, m\u00e1s f\u00e1cil ser\u00e1 para los dem\u00e1s encontrarte y conectar contigo. Aseg\u00farate de incluir una foto reciente para que la gente pueda ver tu aspecto.<\/li>\n<li style=\"font-weight: 400;\" aria-level=\"1\">Utiliza la funci\u00f3n de b\u00fasqueda. meetme tiene una gran funci\u00f3n de b\u00fasqueda que te permite encontrar personas que comparten tus intereses y que viven cerca de ti. Utiliza la funci\u00f3n de b\u00fasqueda para encontrar posibles parejas y empezar a chatear con ellas.<\/li>\n<li style=\"font-weight: 400;\" aria-level=\"1\">No tengas miedo de flirtear. Ligar es una forma estupenda de conocer mejor a alguien. Si te atreves, env\u00eda un mensaje privado o flirtea con alguien en un chat p\u00fablico. Eso s\u00ed, cuida tus modales y mant\u00e9n un tono desenfadado para que nadie se sienta inc\u00f3modo.<\/li>\n<li style=\"font-weight: 400;\" aria-level=\"1\">Con\u00f3cete en persona. Una vez que hayas llegado a conocer a alguien bastante bien en Internet, es hora de salir de la red y quedar en persona. Encuentros<\/li>\n<\/ol>\n<h2>\u00bfQu\u00e9 esperar al utilizar una plataforma de videochat aleatoria?<\/h2>\n<p>Al utilizar una plataforma de videochat aleatorio como meetme, puedes esperar conocer gente nueva de todo el mundo. Podr\u00e1s chatear con ellos y conocerlos mejor. Puede que incluso ligues con ellos.<\/p>\n<h2>Ventajas de utilizar un chat de v\u00eddeo aleatorio<\/h2>\n<p>Utilizar un servicio de videochat aleatorio como meetme tiene muchas ventajas. Por un lado, es una forma estupenda de conocer gente nueva de todo el mundo. Nunca sabes a qui\u00e9n vas a conocer ni de d\u00f3nde son, lo que puede dar lugar a conversaciones interesantes.<\/p>\n<p>Otra ventaja es que es una forma estupenda de practicar tus habilidades sociales. Si eres t\u00edmido o no se te da muy bien hablar con la gente, un videochat al azar puede ser una forma estupenda de practicar. Tambi\u00e9n puedes aprender m\u00e1s sobre el lenguaje corporal y c\u00f3mo leer a otras personas chateando con ellas en l\u00ednea.<\/p>\n<p>Por \u00faltimo, un videochat al azar puede ser muy divertido. Es una forma estupenda de matar el tiempo y conocer gente nueva e interesante. As\u00ed que si buscas algo que hacer, \u00bfpor qu\u00e9 no lo intentas?<\/p>\n<h2>\u00bfEs seguro?<\/h2>\n<p>Hay mucha gente ah\u00ed fuera que busca amor, compa\u00f1\u00eda e incluso simplemente ligar. Pero, \u00bfes realmente seguro conocer a alguien por Internet y ligar con \u00e9l? Conocer a alguien por Internet conlleva muchos riesgos, pero tambi\u00e9n muchas recompensas. S\u00f3lo tienes que tener cuidado y usar tu buen juicio.<\/p>\n<p>Si buscas el amor, conocer a alguien por Internet puede ser una buena forma de encontrar a tu alma gemela. Pero debes tener cuidado con qui\u00e9n hablas y cu\u00e1nto revelas sobre ti mismo. Es importante recordar que no todo el mundo es quien dice ser en Internet. Hay muchos depredadores que quieren aprovecharse de la gente. Por eso debes tener cuidado con qui\u00e9n hablas y asegurarte de que no revelas demasiada informaci\u00f3n sobre ti.<\/p>\n<p>Si lo que buscas es ligar, conocer a alguien por Internet puede ser una buena forma de conseguir lo que quieres. Pero, de nuevo, debes tener cuidado con qui\u00e9n hablas y cu\u00e1nto revelas sobre ti mismo.<\/p>\n<h2>C\u00f3mo estar seguro en meetme<\/h2>\n<p>Si quieres conocer a gente nueva e incluso ligar con desconocidos, meetme es una gran opci\u00f3n. Sin embargo, es importante que te mantengas seguro cuando utilices esta o cualquier otra aplicaci\u00f3n de citas. Aqu\u00ed tienes algunos consejos que te ayudar\u00e1n a mantenerte seguro mientras usas meetme:<\/p>\n<ul>\n<li style=\"font-weight: 400;\" aria-level=\"1\">No des demasiada informaci\u00f3n personal. Cuando empiezas a conocer a alguien, es mejor mantener en privado datos como tu direcci\u00f3n y tu n\u00famero de tel\u00e9fono.<\/li>\n<li style=\"font-weight: 400;\" aria-level=\"1\">Ten cuidado con qui\u00e9n conoces en persona. Si decides conocer a alguien de meetme en persona, aseg\u00farate de hacerlo en un lugar p\u00fablico y avisa a un amigo o familiar de d\u00f3nde estar\u00e1s.<\/li>\n<li style=\"font-weight: 400;\" aria-level=\"1\">No env\u00edes dinero ni regalos a alguien que hayas <a href=\"https:\/\/strangercam.com\/es\/chamet\/\">met<\/a> en l\u00ednea, no importa lo bien que creas conocerlos.<\/li>\n<li style=\"font-weight: 400;\" aria-level=\"1\">Conf\u00eda en tu instinto. Si algo no te parece bien, no dudes en bloquear o denunciar al usuario.<\/li>\n<\/ul>\n<h2>Conclusi\u00f3n<\/h2>\n<p>Si buscas una nueva forma de conocer gente y ligar con desconocidos, MeetMe puede ser tu aplicaci\u00f3n. Con su interfaz f\u00e1cil de usar y sus fant\u00e1sticas funciones, merece la pena que le eches un vistazo. Qui\u00e9n sabe, \u00a1puede que encuentres tu pr\u00f3xima cita o ligue en MeetMe!<\/p>","protected":false},"excerpt":{"rendered":"<p>If you&#8217;re looking for a new way to meet people and flirt with strangers, then you should check out meetme. This app allows you to connect with people near you who are also looking for new friends or a romantic partner. You can chat with them, share photos and interests, and even meet up in [&hellip;]<\/p>\n","protected":false},"author":6,"featured_media":559,"parent":0,"menu_order":0,"comment_status":"closed","ping_status":"closed","template":"","meta":{"footnotes":""},"class_list":["post-11221","page","type-page","status-publish","has-post-thumbnail","hentry"],"yoast_head":"<!-- This site is optimized with the Yoast SEO plugin v26.9 - https:\/\/yoast.com\/product\/yoast-seo-wordpress\/ -->\n<title>Meetme - Chat with strangers on StrangerCam.com<\/title>\n<meta name=\"description\" content=\"Like Meetme? Come chat with more than 5.000.000 strangers on Stranger Cam for Free! Turn on your cam and find new friends &amp; maby a match!\" \/>\n<meta name=\"robots\" content=\"index, follow, max-snippet:-1, max-image-preview:large, max-video-preview:-1\" \/>\n<link rel=\"canonical\" href=\"https:\/\/strangercam.com\/es\/meetme\/\" \/>\n<meta property=\"og:locale\" content=\"es_ES\" \/>\n<meta property=\"og:type\" content=\"article\" \/>\n<meta property=\"og:title\" content=\"Meetme - Chat with strangers on StrangerCam.com\" \/>\n<meta property=\"og:description\" content=\"Like Meetme? Come chat with more than 5.000.000 strangers on Stranger Cam for Free! Turn on your cam and find new friends &amp; maby a match!\" \/>\n<meta property=\"og:url\" content=\"https:\/\/strangercam.com\/es\/meetme\/\" \/>\n<meta property=\"og:site_name\" content=\"Strangercam\" \/>\n<meta property=\"article:publisher\" content=\"https:\/\/www.facebook.com\/strangercam\" \/>\n<meta property=\"article:modified_time\" content=\"2023-08-21T10:24:42+00:00\" \/>\n<meta property=\"og:image\" content=\"https:\/\/strangercam.com\/wp-content\/uploads\/2020\/11\/stranger-cam-1.png\" \/>\n\t<meta property=\"og:image:width\" content=\"800\" \/>\n\t<meta property=\"og:image:height\" content=\"800\" \/>\n\t<meta property=\"og:image:type\" content=\"image\/png\" \/>\n<meta name=\"twitter:card\" content=\"summary_large_image\" \/>\n<meta name=\"twitter:site\" content=\"@strangercamapp\" \/>\n<meta name=\"twitter:label1\" content=\"Tiempo de lectura\" \/>\n\t<meta name=\"twitter:data1\" content=\"7 minutos\" \/>\n<script type=\"application\/ld+json\" class=\"yoast-schema-graph\">{\"@context\":\"https:\/\/schema.org\",\"@graph\":[{\"@type\":\"WebPage\",\"@id\":\"https:\/\/strangercam.com\/meetme\/\",\"url\":\"https:\/\/strangercam.com\/meetme\/\",\"name\":\"Meetme - Chat with strangers on StrangerCam.com\",\"isPartOf\":{\"@id\":\"https:\/\/strangercam.com\/#website\"},\"primaryImageOfPage\":{\"@id\":\"https:\/\/strangercam.com\/meetme\/#primaryimage\"},\"image\":{\"@id\":\"https:\/\/strangercam.com\/meetme\/#primaryimage\"},\"thumbnailUrl\":\"https:\/\/strangercam.com\/wp-content\/uploads\/2020\/11\/stranger-cam-1.png\",\"datePublished\":\"2022-08-11T14:07:53+00:00\",\"dateModified\":\"2023-08-21T10:24:42+00:00\",\"description\":\"Like Meetme? Come chat with more than 5.000.000 strangers on Stranger Cam for Free! Turn on your cam and find new friends & maby a match!\",\"breadcrumb\":{\"@id\":\"https:\/\/strangercam.com\/meetme\/#breadcrumb\"},\"inLanguage\":\"es\",\"potentialAction\":[{\"@type\":\"ReadAction\",\"target\":[\"https:\/\/strangercam.com\/meetme\/\"]}]},{\"@type\":\"ImageObject\",\"inLanguage\":\"es\",\"@id\":\"https:\/\/strangercam.com\/meetme\/#primaryimage\",\"url\":\"https:\/\/strangercam.com\/wp-content\/uploads\/2020\/11\/stranger-cam-1.png\",\"contentUrl\":\"https:\/\/strangercam.com\/wp-content\/uploads\/2020\/11\/stranger-cam-1.png\",\"width\":800,\"height\":800,\"caption\":\"stranger cam random video chat\"},{\"@type\":\"BreadcrumbList\",\"@id\":\"https:\/\/strangercam.com\/meetme\/#breadcrumb\",\"itemListElement\":[{\"@type\":\"ListItem\",\"position\":1,\"name\":\"Home\",\"item\":\"https:\/\/strangercam.com\/\"},{\"@type\":\"ListItem\",\"position\":2,\"name\":\"Meetme\"}]},{\"@type\":\"WebSite\",\"@id\":\"https:\/\/strangercam.com\/#website\",\"url\":\"https:\/\/strangercam.com\/\",\"name\":\"Strangercam\",\"description\":\"Random Video Chat with Strangers\",\"publisher\":{\"@id\":\"https:\/\/strangercam.com\/#organization\"},\"alternateName\":\"Strangercam.com\",\"potentialAction\":[{\"@type\":\"SearchAction\",\"target\":{\"@type\":\"EntryPoint\",\"urlTemplate\":\"https:\/\/strangercam.com\/?s={search_term_string}\"},\"query-input\":{\"@type\":\"PropertyValueSpecification\",\"valueRequired\":true,\"valueName\":\"search_term_string\"}}],\"inLanguage\":\"es\"},{\"@type\":\"Organization\",\"@id\":\"https:\/\/strangercam.com\/#organization\",\"name\":\"Strangercam\",\"alternateName\":\"Strangercam.com\",\"url\":\"https:\/\/strangercam.com\/\",\"logo\":{\"@type\":\"ImageObject\",\"inLanguage\":\"es\",\"@id\":\"https:\/\/strangercam.com\/#\/schema\/logo\/image\/\",\"url\":\"https:\/\/strangercam.com\/wp-content\/uploads\/2020\/11\/cropped-new-favicon-black.png\",\"contentUrl\":\"https:\/\/strangercam.com\/wp-content\/uploads\/2020\/11\/cropped-new-favicon-black.png\",\"width\":512,\"height\":512,\"caption\":\"Strangercam\"},\"image\":{\"@id\":\"https:\/\/strangercam.com\/#\/schema\/logo\/image\/\"},\"sameAs\":[\"https:\/\/www.facebook.com\/strangercam\",\"https:\/\/x.com\/strangercamapp\"]}]}<\/script>\n<!-- \/ Yoast SEO plugin. -->","yoast_head_json":{"title":"Meetme - Chatea con desconocidos en StrangerCam.com","description":"\u00bfTe gusta Meetme? \u00a1Ven a chatear gratis con m\u00e1s de 5.000.000 de desconocidos en Stranger Cam! \u00a1Enciende tu c\u00e1mara y encuentra nuevos amigos y tal vez una pareja!","robots":{"index":"index","follow":"follow","max-snippet":"max-snippet:-1","max-image-preview":"max-image-preview:large","max-video-preview":"max-video-preview:-1"},"canonical":"https:\/\/strangercam.com\/es\/meetme\/","og_locale":"es_ES","og_type":"article","og_title":"Meetme - Chat with strangers on StrangerCam.com","og_description":"Like Meetme? Come chat with more than 5.000.000 strangers on Stranger Cam for Free! Turn on your cam and find new friends & maby a match!","og_url":"https:\/\/strangercam.com\/es\/meetme\/","og_site_name":"Strangercam","article_publisher":"https:\/\/www.facebook.com\/strangercam","article_modified_time":"2023-08-21T10:24:42+00:00","og_image":[{"width":800,"height":800,"url":"https:\/\/strangercam.com\/wp-content\/uploads\/2020\/11\/stranger-cam-1.png","type":"image\/png"}],"twitter_card":"summary_large_image","twitter_site":"@strangercamapp","twitter_misc":{"Tiempo de lectura":"7 minutos"},"schema":{"@context":"https:\/\/schema.org","@graph":[{"@type":"WebPage","@id":"https:\/\/strangercam.com\/meetme\/","url":"https:\/\/strangercam.com\/meetme\/","name":"Meetme - Chatea con desconocidos en StrangerCam.com","isPartOf":{"@id":"https:\/\/strangercam.com\/#website"},"primaryImageOfPage":{"@id":"https:\/\/strangercam.com\/meetme\/#primaryimage"},"image":{"@id":"https:\/\/strangercam.com\/meetme\/#primaryimage"},"thumbnailUrl":"https:\/\/strangercam.com\/wp-content\/uploads\/2020\/11\/stranger-cam-1.png","datePublished":"2022-08-11T14:07:53+00:00","dateModified":"2023-08-21T10:24:42+00:00","description":"\u00bfTe gusta Meetme? \u00a1Ven a chatear gratis con m\u00e1s de 5.000.000 de desconocidos en Stranger Cam! \u00a1Enciende tu c\u00e1mara y encuentra nuevos amigos y tal vez una pareja!","breadcrumb":{"@id":"https:\/\/strangercam.com\/meetme\/#breadcrumb"},"inLanguage":"es","potentialAction":[{"@type":"ReadAction","target":["https:\/\/strangercam.com\/meetme\/"]}]},{"@type":"ImageObject","inLanguage":"es","@id":"https:\/\/strangercam.com\/meetme\/#primaryimage","url":"https:\/\/strangercam.com\/wp-content\/uploads\/2020\/11\/stranger-cam-1.png","contentUrl":"https:\/\/strangercam.com\/wp-content\/uploads\/2020\/11\/stranger-cam-1.png","width":800,"height":800,"caption":"stranger cam random video chat"},{"@type":"BreadcrumbList","@id":"https:\/\/strangercam.com\/meetme\/#breadcrumb","itemListElement":[{"@type":"ListItem","position":1,"name":"Home","item":"https:\/\/strangercam.com\/"},{"@type":"ListItem","position":2,"name":"Meetme"}]},{"@type":"WebSite","@id":"https:\/\/strangercam.com\/#website","url":"https:\/\/strangercam.com\/","name":"Strangercam","description":"Videochat aleatorio con desconocidos","publisher":{"@id":"https:\/\/strangercam.com\/#organization"},"alternateName":"Strangercam.com","potentialAction":[{"@type":"SearchAction","target":{"@type":"EntryPoint","urlTemplate":"https:\/\/strangercam.com\/?s={search_term_string}"},"query-input":{"@type":"PropertyValueSpecification","valueRequired":true,"valueName":"search_term_string"}}],"inLanguage":"es"},{"@type":"Organization","@id":"https:\/\/strangercam.com\/#organization","name":"Strangercam","alternateName":"Strangercam.com","url":"https:\/\/strangercam.com\/","logo":{"@type":"ImageObject","inLanguage":"es","@id":"https:\/\/strangercam.com\/#\/schema\/logo\/image\/","url":"https:\/\/strangercam.com\/wp-content\/uploads\/2020\/11\/cropped-new-favicon-black.png","contentUrl":"https:\/\/strangercam.com\/wp-content\/uploads\/2020\/11\/cropped-new-favicon-black.png","width":512,"height":512,"caption":"Strangercam"},"image":{"@id":"https:\/\/strangercam.com\/#\/schema\/logo\/image\/"},"sameAs":["https:\/\/www.facebook.com\/strangercam","https:\/\/x.com\/strangercamapp"]}]}},"_links":{"self":[{"href":"https:\/\/strangercam.com\/es\/wp-json\/wp\/v2\/pages\/11221","targetHints":{"allow":["GET"]}}],"collection":[{"href":"https:\/\/strangercam.com\/es\/wp-json\/wp\/v2\/pages"}],"about":[{"href":"https:\/\/strangercam.com\/es\/wp-json\/wp\/v2\/types\/page"}],"author":[{"embeddable":true,"href":"https:\/\/strangercam.com\/es\/wp-json\/wp\/v2\/users\/6"}],"replies":[{"embeddable":true,"href":"https:\/\/strangercam.com\/es\/wp-json\/wp\/v2\/comments?post=11221"}],"version-history":[{"count":0,"href":"https:\/\/strangercam.com\/es\/wp-json\/wp\/v2\/pages\/11221\/revisions"}],"wp:featuredmedia":[{"embeddable":true,"href":"https:\/\/strangercam.com\/es\/wp-json\/wp\/v2\/media\/559"}],"wp:attachment":[{"href":"https:\/\/strangercam.com\/es\/wp-json\/wp\/v2\/media?parent=11221"}],"curies":[{"name":"wp","href":"https:\/\/api.w.org\/{rel}","templated":true}]}}