{"id":11194,"date":"2022-08-11T15:50:53","date_gmt":"2022-08-11T13:50:53","guid":{"rendered":"https:\/\/strangercam.com\/?page_id=11194"},"modified":"2023-08-21T11:40:39","modified_gmt":"2023-08-21T09:40:39","slug":"camskip","status":"publish","type":"page","link":"https:\/\/strangercam.com\/es\/camskip\/","title":{"rendered":"Camskip"},"content":{"rendered":"<p>\u00bfAlguna vez has deseado pasar de las conversaciones triviales y llegar a la parte divertida de conocer gente nueva? Pues ahora existe una aplicaci\u00f3n para ello. Camskip es una nueva aplicaci\u00f3n de citas que te permite hacer precisamente eso... <a href=\"https:\/\/strangercam.com\/es\/coomeet\/\">conozca<\/a> nuevas personas y <a href=\"https:\/\/strangercam.com\/es\/flingster\/\">ligar<\/a> con extra\u00f1os, sin todas las molestias.<\/p>\n<h2>\u00bfQu\u00e9 es camskip?<\/h2>\n<p>camskip es un nuevo azar <a href=\"https:\/\/strangercam.com\/es\/chatroulette\/\">chat<\/a> que permite conocer gente nueva y ligar con desconocidos. La plataforma est\u00e1 ganando popularidad entre los usuarios. El concepto de la plataforma es sencillo: puedes unirte a una sala de chat existente o crear la tuya propia e invitar a gente a unirse. Una vez en una sala de chat, puedes empezar a flirtear con otros usuarios. Si alguien capta tu inter\u00e9s, puedes a\u00f1adirlo a tu lista de amigos y seguir chateando con \u00e9l.<\/p>\n<h2>C\u00f3mo utilizar camskip<\/h2>\n<p>Si quieres conocer gente nueva y ligar con desconocidos, camskip es la plataforma perfecta para ti. Aqu\u00ed tienes una gu\u00eda r\u00e1pida sobre c\u00f3mo usar camskip:<\/p>\n<ol>\n<li>Reg\u00edstrese para obtener una cuenta gratuita. Tendr\u00e1s que proporcionar una direcci\u00f3n de correo electr\u00f3nico v\u00e1lida y crear un nombre de usuario y una contrase\u00f1a.<\/li>\n<li>Una vez conectado, puedes empezar a chatear con cualquiera que est\u00e9 en l\u00ednea. Para ello, basta con hacer clic en el bot\u00f3n \"Chat\" de la parte superior de la p\u00e1gina.<\/li>\n<li>Si ves a alguien que te gusta, puedes enviarle un mensaje privado pulsando el bot\u00f3n \"Mensaje\".<\/li>\n<li>Para flirtear con alguien, haz clic en el bot\u00f3n \"Flirtear\". Le enviar\u00e1 un mensaje de flirteo que podr\u00e1 aceptar o rechazar.<\/li>\n<li>Si quieres pasar al siguiente nivel, puedes a\u00f1adirlos a tu lista de \"Amigos\" pulsando el bot\u00f3n \"A\u00f1adir amigo\". As\u00ed podr\u00e1s chatear con ellos siempre que est\u00e9n conectados.<\/li>\n<\/ol>\n<h2>Pros y contras de camskip<\/h2>\n<p>El camming tiene pros y contras. Los aspectos positivos incluyen la posibilidad de ganar dinero desde casa, la flexibilidad para trabajar cuando uno quiera y la posibilidad de conectar con gente de todo el mundo. En el lado negativo, el camming puede ser bastante adictivo y provocar dificultades econ\u00f3micas si no se gestiona con cuidado.<\/p>\n<p>Camskip tiene una serie de ventajas sobre otros m\u00e9todos de comunicaci\u00f3n en l\u00ednea. Quiz\u00e1s la ventaja m\u00e1s obvia es que su uso es gratuito. Esto significa que cualquier persona con conexi\u00f3n a Internet puede utilizar camskip sin tener que pagar ninguna cuota.<\/p>\n<p>Otra ventaja de camskip es que proporciona a los usuarios una forma de comunicaci\u00f3n m\u00e1s \u00edntima que otros m\u00e9todos como las salas de chat o los foros. Esto se debe a que los usuarios pueden verse las caras mientras hablan. Esto puede ayudar a crear confianza y compenetraci\u00f3n entre los usuarios.<\/p>\n<p>Sin embargo, tambi\u00e9n hay algunas desventajas asociadas con camskip. Una de ellas es que puede resultar bastante dif\u00edcil encontrar a las personas con las que quieres hablar en camskip. Esto se debe a que el sitio se basa en que los usuarios se encuentren a trav\u00e9s de palabras clave y etiquetas. Como resultado, puede ser bastante dif\u00edcil encontrar a alguien que comparta tus intereses en camskip.<\/p>\n<h2>Qu\u00e9 esperar al utilizar camskip<\/h2>\n<p>Al utilizar camskip, puedes esperar conocer gente nueva de todo el mundo. Podr\u00e1s chatear con ellos y flirtear. Incluso puedes encontrarte en una relaci\u00f3n con alguien que conociste en camskip.<\/p>\n<h2>\u00bfPor qu\u00e9 camskip es una plataforma de videochat aleatoria tan popular?<\/h2>\n<p>Desde su lanzamiento a principios de 2020, camskip se ha convertido en una de las plataformas de videochat aleatorio m\u00e1s populares de Internet. Hay algunas razones clave por las que camskip es tan popular:<\/p>\n<ul>\n<li style=\"font-weight: 400;\" aria-level=\"1\">El uso de Camskip es totalmente gratuito, sin costes ni gastos ocultos.<\/li>\n<li style=\"font-weight: 400;\" aria-level=\"1\">Camskip es muy f\u00e1cil de usar: todo lo que necesita es una c\u00e1mara web y una conexi\u00f3n a Internet.<\/li>\n<li style=\"font-weight: 400;\" aria-level=\"1\">Camskip ofrece una gran variedad de funciones, incluida la posibilidad de conocer gente nueva y ligar con desconocidos.<\/li>\n<li style=\"font-weight: 400;\" aria-level=\"1\">Camskip est\u00e1 disponible en varios idiomas, para que puedan disfrutarlo usuarios de todo el mundo.<\/li>\n<li style=\"font-weight: 400;\" aria-level=\"1\">Camskip a\u00f1ade constantemente nuevas funciones y mejora la experiencia del usuario.<\/li>\n<\/ul>\n<p>Si est\u00e1s buscando una forma f\u00e1cil y divertida de conocer gente nueva y ligar con desconocidos, \u00a1entonces merece la pena que le eches un vistazo a camskip!<\/p>\n<h2>C\u00f3mo sacar el m\u00e1ximo partido a camskip<\/h2>\n<p>No hay duda de que camskip es una forma estupenda de conocer gente nueva y ligar con desconocidos. Pero si realmente quieres sacar el m\u00e1ximo partido a esta red social, debes tener en cuenta algunas cosas.<\/p>\n<p>En primer lugar, recuerda que debes estar seguro. No des informaci\u00f3n personal a nadie que no conozcas y ten cuidado con lo que dices en las salas de chat. Nunca se sabe qui\u00e9n puede estar al acecho al otro lado.<\/p>\n<p>En segundo lugar, aprovecha todas las funciones que te ofrece camskip. Utiliza la funci\u00f3n de b\u00fasqueda para encontrar personas con intereses similares, \u00fanete a grupos y participa en debates. Cuanto m\u00e1s interact\u00faes con los dem\u00e1s, m\u00e1s probabilidades tendr\u00e1s de encontrar a alguien especial.<\/p>\n<p>Por \u00faltimo, \u00a1divi\u00e9rtete! Ligar y conocer gente nueva puede ser muy divertido, as\u00ed que no te lo tomes demasiado en serio. Rel\u00e1jate y disfruta de la experiencia, y seguro que lo pasas bien.<\/p>\n<h2>\u00bfQu\u00e9 tipo de personas puedes esperar en cualquier plataforma de videochat?.<\/h2>\n<p>La gente que encontrar\u00e1 en cualquier <a href=\"https:\/\/strangercam.com\/es\/chathub\/\">chat de v\u00eddeo aleatorio<\/a> La plataforma ser\u00e1 muy heterog\u00e9nea. Algunos ser\u00e1n amables y abiertos, mientras que otros se mostrar\u00e1n m\u00e1s reservados. Tambi\u00e9n es posible que se encuentre con personas de todas las profesiones y condiciones sociales, incluidas diferentes culturas y or\u00edgenes.<\/p>\n<p>Si buscas amor o simplemente un poco de diversi\u00f3n, seguro que lo encuentras en una plataforma de videochat aleatoria como camskip. Nunca sabes a qui\u00e9n conocer\u00e1s en estas plataformas: podr\u00eda ser un completo desconocido de cualquier parte del mundo. Pero una cosa es segura: te divertir\u00e1s mucho ligando y chateando con gente nueva en camskip.<\/p>\n<h2>\u00bfEs seguro?<\/h2>\n<p>Si est\u00e1s pensando en utilizar CamSkip para conocer gente nueva y ligar con desconocidos, quiz\u00e1 te preguntes si es seguro. Aunque no hay garant\u00edas de que vayas a tener una experiencia positiva, hay algunas cosas que puedes hacer para garantizar tu seguridad. En primer lugar, t\u00f3mate un tiempo para leer los consejos de seguridad del sitio. Estos consejos pueden ayudarte a evitar posibles zonas de peligro y a saber c\u00f3mo mantenerte seguro mientras utilizas el sitio. Adem\u00e1s, aseg\u00farate de chatear con desconocidos s\u00f3lo en lugares p\u00fablicos. As\u00ed reducir\u00e1s el riesgo de conocer a alguien que no sea de fiar. Por \u00faltimo, conf\u00eda en tu instinto. Si la persona con la que chateas no te inspira confianza, lo mejor es que pases a otra. Si sigues estos sencillos consejos de seguridad, te asegurar\u00e1s de que tu experiencia con CamSkip sea positiva.<\/p>\n<h2>Medidas preventivas al utilizar el chat de v\u00eddeo aleatorio<\/h2>\n<p>Cuando utilices el videochat al azar, hay ciertas medidas que puedes tomar para evitar cualquier experiencia negativa. En primer lugar, aseg\u00farate de conectar s\u00f3lo con gente que conozcas y en la que conf\u00edes. Si no conoces a la persona con la que te conectas, aseg\u00farate de investigar primero. En segundo lugar, evite compartir informaci\u00f3n personal o participar en actividades que puedan conducir al robo de identidad o al fraude. Por \u00faltimo, tenga siempre cuidado cuando conozca a alguien en persona por primera vez. Si es posible, queda en un lugar p\u00fablico y lleva a alguien contigo. Siguiendo estos sencillos consejos, te asegurar\u00e1s de que tu experiencia con el videochat aleatorio sea positiva.<\/p>\n<h2>Alternativa a camskip<\/h2>\n<p>Existen muchas alternativas a camskip. Tanto si buscas una experiencia m\u00e1s coqueta como si simplemente quieres conocer gente nueva, hay una opci\u00f3n para ti. Aqu\u00ed tienes algunas de las mejores alternativas a camskip:<\/p>\n<ol>\n<li><a href=\"https:\/\/strangercam.com\/es\/omegle\/\">Omegle<\/a>: Este sitio es similar a camskip en el sentido de que te permite chatear con desconocidos. Sin embargo, tambi\u00e9n tiene una secci\u00f3n en la que puedes flirtear con la gente. Esto lo hace ideal para aquellos que buscan una experiencia m\u00e1s coqueta.<\/li>\n<li>Chatrandom: Este sitio es similar a camskip en el sentido de que te permite chatear con desconocidos. Sin embargo, tambi\u00e9n tiene una secci\u00f3n en la que puedes ligar con la gente. Esto lo hace ideal para aquellos que buscan una experiencia m\u00e1s coqueta.<\/li>\n<li>DirtyRoulette: Este sitio es similar a camskip en el sentido de que te permite chatear con desconocidos. Sin embargo, tambi\u00e9n tiene una secci\u00f3n en la que puedes ligar con la gente. Esto hace que sea ideal para aquellos que buscan una experiencia m\u00e1s coqueta.<\/li>\n<\/ol>\n<h2>Conclusi\u00f3n<\/h2>\n<p>Si buscas una nueva forma de conocer gente y ligar con desconocidos, merece la pena echar un vistazo a camskip. La aplicaci\u00f3n es gratuita y f\u00e1cil de navegar, por lo que es una gran opci\u00f3n para cualquiera que sienta curiosidad por las citas en l\u00ednea o simplemente quiera chatear con gente de todo el mundo. Tanto si buscas amistad como algo m\u00e1s, camskip puede ayudarte a conectar con personas afines en un entorno seguro y divertido. \u00bfPor qu\u00e9 no lo pruebas hoy mismo?<\/p>","protected":false},"excerpt":{"rendered":"<p>Have you ever wished you could just skip past all the small talk and get to the fun part of meeting new people? Well, now there&#8217;s an app for that! Camskip is a new dating app that allows you to do just that &#8211; meet new people and flirt with strangers, without all the hassle. [&hellip;]<\/p>\n","protected":false},"author":6,"featured_media":559,"parent":0,"menu_order":0,"comment_status":"closed","ping_status":"closed","template":"","meta":{"footnotes":""},"class_list":["post-11194","page","type-page","status-publish","has-post-thumbnail","hentry"],"yoast_head":"<!-- This site is optimized with the Yoast SEO plugin v27.4 - https:\/\/yoast.com\/product\/yoast-seo-wordpress\/ -->\n<title>Camskip - Chat with strangers on StrangerCam.com<\/title>\n<meta name=\"description\" content=\"Like Camskip? Come chat with more than 5.000.000 strangers on Stranger Cam for Free! Turn on your cam and find new friends &amp; maby a match!\" \/>\n<meta name=\"robots\" content=\"index, follow, max-snippet:-1, max-image-preview:large, max-video-preview:-1\" \/>\n<link rel=\"canonical\" href=\"https:\/\/strangercam.com\/es\/camskip\/\" \/>\n<meta property=\"og:locale\" content=\"es_ES\" \/>\n<meta property=\"og:type\" content=\"article\" \/>\n<meta property=\"og:title\" content=\"Camskip - Chat with strangers on StrangerCam.com\" \/>\n<meta property=\"og:description\" content=\"Like Camskip? Come chat with more than 5.000.000 strangers on Stranger Cam for Free! Turn on your cam and find new friends &amp; maby a match!\" \/>\n<meta property=\"og:url\" content=\"https:\/\/strangercam.com\/es\/camskip\/\" \/>\n<meta property=\"og:site_name\" content=\"Strangercam\" \/>\n<meta property=\"article:publisher\" content=\"https:\/\/www.facebook.com\/strangercam\" \/>\n<meta property=\"article:modified_time\" content=\"2023-08-21T09:40:39+00:00\" \/>\n<meta property=\"og:image\" content=\"https:\/\/strangercam.com\/wp-content\/uploads\/2020\/11\/stranger-cam-1.png\" \/>\n\t<meta property=\"og:image:width\" content=\"800\" \/>\n\t<meta property=\"og:image:height\" content=\"800\" \/>\n\t<meta property=\"og:image:type\" content=\"image\/png\" \/>\n<meta name=\"twitter:card\" content=\"summary_large_image\" \/>\n<meta name=\"twitter:site\" content=\"@strangercamapp\" \/>\n<meta name=\"twitter:label1\" content=\"Tiempo de lectura\" \/>\n\t<meta name=\"twitter:data1\" content=\"7 minutos\" \/>\n<script type=\"application\/ld+json\" class=\"yoast-schema-graph\">{\"@context\":\"https:\\\/\\\/schema.org\",\"@graph\":[{\"@type\":\"WebPage\",\"@id\":\"https:\\\/\\\/strangercam.com\\\/camskip\\\/\",\"url\":\"https:\\\/\\\/strangercam.com\\\/camskip\\\/\",\"name\":\"Camskip - Chat with strangers on StrangerCam.com\",\"isPartOf\":{\"@id\":\"https:\\\/\\\/strangercam.com\\\/#website\"},\"primaryImageOfPage\":{\"@id\":\"https:\\\/\\\/strangercam.com\\\/camskip\\\/#primaryimage\"},\"image\":{\"@id\":\"https:\\\/\\\/strangercam.com\\\/camskip\\\/#primaryimage\"},\"thumbnailUrl\":\"https:\\\/\\\/strangercam.com\\\/wp-content\\\/uploads\\\/2020\\\/11\\\/stranger-cam-1.png\",\"datePublished\":\"2022-08-11T13:50:53+00:00\",\"dateModified\":\"2023-08-21T09:40:39+00:00\",\"description\":\"Like Camskip? Come chat with more than 5.000.000 strangers on Stranger Cam for Free! Turn on your cam and find new friends & maby a match!\",\"breadcrumb\":{\"@id\":\"https:\\\/\\\/strangercam.com\\\/camskip\\\/#breadcrumb\"},\"inLanguage\":\"es\",\"potentialAction\":[{\"@type\":\"ReadAction\",\"target\":[\"https:\\\/\\\/strangercam.com\\\/camskip\\\/\"]}]},{\"@type\":\"ImageObject\",\"inLanguage\":\"es\",\"@id\":\"https:\\\/\\\/strangercam.com\\\/camskip\\\/#primaryimage\",\"url\":\"https:\\\/\\\/strangercam.com\\\/wp-content\\\/uploads\\\/2020\\\/11\\\/stranger-cam-1.png\",\"contentUrl\":\"https:\\\/\\\/strangercam.com\\\/wp-content\\\/uploads\\\/2020\\\/11\\\/stranger-cam-1.png\",\"width\":800,\"height\":800,\"caption\":\"stranger cam random video chat\"},{\"@type\":\"BreadcrumbList\",\"@id\":\"https:\\\/\\\/strangercam.com\\\/camskip\\\/#breadcrumb\",\"itemListElement\":[{\"@type\":\"ListItem\",\"position\":1,\"name\":\"Home\",\"item\":\"https:\\\/\\\/strangercam.com\\\/\"},{\"@type\":\"ListItem\",\"position\":2,\"name\":\"Camskip\"}]},{\"@type\":\"WebSite\",\"@id\":\"https:\\\/\\\/strangercam.com\\\/#website\",\"url\":\"https:\\\/\\\/strangercam.com\\\/\",\"name\":\"Strangercam\",\"description\":\"Random Video Chat with Strangers\",\"publisher\":{\"@id\":\"https:\\\/\\\/strangercam.com\\\/#organization\"},\"alternateName\":\"Strangercam.com\",\"potentialAction\":[{\"@type\":\"SearchAction\",\"target\":{\"@type\":\"EntryPoint\",\"urlTemplate\":\"https:\\\/\\\/strangercam.com\\\/?s={search_term_string}\"},\"query-input\":{\"@type\":\"PropertyValueSpecification\",\"valueRequired\":true,\"valueName\":\"search_term_string\"}}],\"inLanguage\":\"es\"},{\"@type\":\"Organization\",\"@id\":\"https:\\\/\\\/strangercam.com\\\/#organization\",\"name\":\"Strangercam\",\"alternateName\":\"Strangercam.com\",\"url\":\"https:\\\/\\\/strangercam.com\\\/\",\"logo\":{\"@type\":\"ImageObject\",\"inLanguage\":\"es\",\"@id\":\"https:\\\/\\\/strangercam.com\\\/#\\\/schema\\\/logo\\\/image\\\/\",\"url\":\"https:\\\/\\\/strangercam.com\\\/wp-content\\\/uploads\\\/2020\\\/11\\\/cropped-new-favicon-black.png\",\"contentUrl\":\"https:\\\/\\\/strangercam.com\\\/wp-content\\\/uploads\\\/2020\\\/11\\\/cropped-new-favicon-black.png\",\"width\":512,\"height\":512,\"caption\":\"Strangercam\"},\"image\":{\"@id\":\"https:\\\/\\\/strangercam.com\\\/#\\\/schema\\\/logo\\\/image\\\/\"},\"sameAs\":[\"https:\\\/\\\/www.facebook.com\\\/strangercam\",\"https:\\\/\\\/x.com\\\/strangercamapp\"]}]}<\/script>\n<!-- \/ Yoast SEO plugin. -->","yoast_head_json":{"title":"Camskip - Chatea con desconocidos en StrangerCam.com","description":"\u00bfTe gusta Camskip? \u00a1Ven a chatear gratis con m\u00e1s de 5.000.000 de desconocidos en Stranger Cam! \u00a1Enciende tu c\u00e1mara y encuentra nuevos amigos y tal vez una pareja!","robots":{"index":"index","follow":"follow","max-snippet":"max-snippet:-1","max-image-preview":"max-image-preview:large","max-video-preview":"max-video-preview:-1"},"canonical":"https:\/\/strangercam.com\/es\/camskip\/","og_locale":"es_ES","og_type":"article","og_title":"Camskip - Chat with strangers on StrangerCam.com","og_description":"Like Camskip? Come chat with more than 5.000.000 strangers on Stranger Cam for Free! Turn on your cam and find new friends & maby a match!","og_url":"https:\/\/strangercam.com\/es\/camskip\/","og_site_name":"Strangercam","article_publisher":"https:\/\/www.facebook.com\/strangercam","article_modified_time":"2023-08-21T09:40:39+00:00","og_image":[{"width":800,"height":800,"url":"https:\/\/strangercam.com\/wp-content\/uploads\/2020\/11\/stranger-cam-1.png","type":"image\/png"}],"twitter_card":"summary_large_image","twitter_site":"@strangercamapp","twitter_misc":{"Tiempo de lectura":"7 minutos"},"schema":{"@context":"https:\/\/schema.org","@graph":[{"@type":"WebPage","@id":"https:\/\/strangercam.com\/camskip\/","url":"https:\/\/strangercam.com\/camskip\/","name":"Camskip - Chatea con desconocidos en StrangerCam.com","isPartOf":{"@id":"https:\/\/strangercam.com\/#website"},"primaryImageOfPage":{"@id":"https:\/\/strangercam.com\/camskip\/#primaryimage"},"image":{"@id":"https:\/\/strangercam.com\/camskip\/#primaryimage"},"thumbnailUrl":"https:\/\/strangercam.com\/wp-content\/uploads\/2020\/11\/stranger-cam-1.png","datePublished":"2022-08-11T13:50:53+00:00","dateModified":"2023-08-21T09:40:39+00:00","description":"\u00bfTe gusta Camskip? \u00a1Ven a chatear gratis con m\u00e1s de 5.000.000 de desconocidos en Stranger Cam! \u00a1Enciende tu c\u00e1mara y encuentra nuevos amigos y tal vez una pareja!","breadcrumb":{"@id":"https:\/\/strangercam.com\/camskip\/#breadcrumb"},"inLanguage":"es","potentialAction":[{"@type":"ReadAction","target":["https:\/\/strangercam.com\/camskip\/"]}]},{"@type":"ImageObject","inLanguage":"es","@id":"https:\/\/strangercam.com\/camskip\/#primaryimage","url":"https:\/\/strangercam.com\/wp-content\/uploads\/2020\/11\/stranger-cam-1.png","contentUrl":"https:\/\/strangercam.com\/wp-content\/uploads\/2020\/11\/stranger-cam-1.png","width":800,"height":800,"caption":"stranger cam random video chat"},{"@type":"BreadcrumbList","@id":"https:\/\/strangercam.com\/camskip\/#breadcrumb","itemListElement":[{"@type":"ListItem","position":1,"name":"Home","item":"https:\/\/strangercam.com\/"},{"@type":"ListItem","position":2,"name":"Camskip"}]},{"@type":"WebSite","@id":"https:\/\/strangercam.com\/#website","url":"https:\/\/strangercam.com\/","name":"Strangercam","description":"Videochat aleatorio con desconocidos","publisher":{"@id":"https:\/\/strangercam.com\/#organization"},"alternateName":"Strangercam.com","potentialAction":[{"@type":"SearchAction","target":{"@type":"EntryPoint","urlTemplate":"https:\/\/strangercam.com\/?s={search_term_string}"},"query-input":{"@type":"PropertyValueSpecification","valueRequired":true,"valueName":"search_term_string"}}],"inLanguage":"es"},{"@type":"Organization","@id":"https:\/\/strangercam.com\/#organization","name":"Strangercam","alternateName":"Strangercam.com","url":"https:\/\/strangercam.com\/","logo":{"@type":"ImageObject","inLanguage":"es","@id":"https:\/\/strangercam.com\/#\/schema\/logo\/image\/","url":"https:\/\/strangercam.com\/wp-content\/uploads\/2020\/11\/cropped-new-favicon-black.png","contentUrl":"https:\/\/strangercam.com\/wp-content\/uploads\/2020\/11\/cropped-new-favicon-black.png","width":512,"height":512,"caption":"Strangercam"},"image":{"@id":"https:\/\/strangercam.com\/#\/schema\/logo\/image\/"},"sameAs":["https:\/\/www.facebook.com\/strangercam","https:\/\/x.com\/strangercamapp"]}]}},"_links":{"self":[{"href":"https:\/\/strangercam.com\/es\/wp-json\/wp\/v2\/pages\/11194","targetHints":{"allow":["GET"]}}],"collection":[{"href":"https:\/\/strangercam.com\/es\/wp-json\/wp\/v2\/pages"}],"about":[{"href":"https:\/\/strangercam.com\/es\/wp-json\/wp\/v2\/types\/page"}],"author":[{"embeddable":true,"href":"https:\/\/strangercam.com\/es\/wp-json\/wp\/v2\/users\/6"}],"replies":[{"embeddable":true,"href":"https:\/\/strangercam.com\/es\/wp-json\/wp\/v2\/comments?post=11194"}],"version-history":[{"count":0,"href":"https:\/\/strangercam.com\/es\/wp-json\/wp\/v2\/pages\/11194\/revisions"}],"wp:featuredmedia":[{"embeddable":true,"href":"https:\/\/strangercam.com\/es\/wp-json\/wp\/v2\/media\/559"}],"wp:attachment":[{"href":"https:\/\/strangercam.com\/es\/wp-json\/wp\/v2\/media?parent=11194"}],"curies":[{"name":"wp","href":"https:\/\/api.w.org\/{rel}","templated":true}]}}