{"id":11167,"date":"2022-08-11T15:18:17","date_gmt":"2022-08-11T13:18:17","guid":{"rendered":"https:\/\/strangercam.com\/?page_id=11167"},"modified":"2023-08-21T12:48:49","modified_gmt":"2023-08-21T10:48:49","slug":"chat-ulive","status":"publish","type":"page","link":"https:\/\/strangercam.com\/es\/ulive-chat\/","title":{"rendered":"Ulive Chat"},"content":{"rendered":"<p>En estos d\u00edas de distanciamiento social, puede ser dif\u00edcil encontrar formas de conectar con los dem\u00e1s. Pero hay un lugar al que siempre puedes acudir para hablar con desconocidos: ulive-chat. En ulive-chat puedes <a href=\"https:\/\/strangercam.com\/es\/chatroulette\/\">chat<\/a> con gente de todo el mundo sobre cualquier cosa. Venga y empiece <a href=\"https:\/\/strangercam.com\/es\/chatingly\/\">chat<\/a>!<\/p>\n<h2>\u00bfQu\u00e9 es el chat ulive?<\/h2>\n<p>ulive-chat es una nueva plataforma de medios sociales que permite a los usuarios conectarse entre s\u00ed a trav\u00e9s de breves mensajes de 10 segundos. <a href=\"https:\/\/strangercam.com\/es\/rabbit-video-chat\/\">v\u00eddeo<\/a> chats. Es una forma estupenda de <a href=\"https:\/\/strangercam.com\/es\/coomeet\/\">conozca<\/a> gente nueva y hacer amigos de todo el mundo. Puedes utilizar ulive-chat para hablar de lo que quieras, ya sea de tu programa de televisi\u00f3n favorito, de las \u00faltimas noticias o simplemente de lo que te ronda por la cabeza.<\/p>\n<h2>C\u00f3mo iniciar un chat en ulive chat<\/h2>\n<p>Si te sientes solo y quieres hablar con alguien, ulive-chat es una gran opci\u00f3n. Es un servicio de chat que te conecta con gente de todo el mundo, para que puedas hacer nuevos amigos y conocer nuevas culturas. A continuaci\u00f3n te explicamos c\u00f3mo iniciar un chat en ulive-chat:<\/p>\n<ol>\n<li>Entra en la web de ulive-chat y crea una cuenta.<\/li>\n<li>Una vez iniciada la sesi\u00f3n, haz clic en el bot\u00f3n \"Empezar a chatear\".<\/li>\n<li>Aparecer\u00e1 una lista de personas que est\u00e1n conectadas en ese momento. Elige a alguien con quien quieras chatear y haz clic en su nombre.<\/li>\n<li>Se abrir\u00e1 una nueva ventana de chat. Empieza a chatear con tu nuevo amigo.<\/li>\n<\/ol>\n<h2>De qu\u00e9 hablar con desconocidos en el chat de ulive<\/h2>\n<p>Si buscas algo de lo que hablar con desconocidos en ulive-chat, aqu\u00ed tienes algunas ideas:<\/p>\n<ul>\n<li style=\"font-weight: 400;\" aria-level=\"1\">Pres\u00e9ntate y pregunta a la otra persona c\u00f3mo se llama.<\/li>\n<li style=\"font-weight: 400;\" aria-level=\"1\">\u00bfDe d\u00f3nde son?<\/li>\n<li style=\"font-weight: 400;\" aria-level=\"1\">\u00bfA qu\u00e9 se dedican?<\/li>\n<li style=\"font-weight: 400;\" aria-level=\"1\">\u00bfCu\u00e1les son sus aficiones?<\/li>\n<li style=\"font-weight: 400;\" aria-level=\"1\">\u00bfTienen animales dom\u00e9sticos?<\/li>\n<li style=\"font-weight: 400;\" aria-level=\"1\">\u00bfCu\u00e1l es su m\u00fasica\/pel\u00edcula\/programa de televisi\u00f3n favorito?<\/li>\n<li style=\"font-weight: 400;\" aria-level=\"1\">\u00bfCu\u00e1l ha sido el mejor d\u00eda de su vida?<\/li>\n<li style=\"font-weight: 400;\" aria-level=\"1\">\u00bfCu\u00e1l es su peor temor?<\/li>\n<li style=\"font-weight: 400;\" aria-level=\"1\">\u00bfCu\u00e1l es su mayor logro?<\/li>\n<li style=\"font-weight: 400;\" aria-level=\"1\">\u00bfTienen alg\u00fan talento extra\u00f1o?<\/li>\n<li style=\"font-weight: 400;\" aria-level=\"1\">\u00bfCu\u00e1l es el mejor consejo que han recibido?<\/li>\n<\/ul>\n<h2>Pros y contras del chat ulive<\/h2>\n<p>ulive-chat es una red social que permite a los usuarios comunicarse entre s\u00ed en tiempo real. Este sitio existe desde hace varios a\u00f1os y cuenta con muchos usuarios fieles. Sin embargo, como todas las redes sociales, ulive-chat tiene sus pros y sus contras.<\/p>\n<p>Las ventajas de utilizar ulive-chat son las siguientes:<\/p>\n<ul>\n<li style=\"font-weight: 400;\" aria-level=\"1\">El sitio es f\u00e1cil de usar y navegar.<\/li>\n<li style=\"font-weight: 400;\" aria-level=\"1\">Los usuarios pueden comunicarse entre s\u00ed en tiempo real.<\/li>\n<li style=\"font-weight: 400;\" aria-level=\"1\">El sitio cuenta con fieles seguidores.<\/li>\n<li style=\"font-weight: 400;\" aria-level=\"1\">El sitio es <a href=\"https:\/\/strangercam.com\/es\/chat4free\/\">gratis<\/a> usar.<\/li>\n<\/ul>\n<p>Los contras de utilizar ulive-chat son los siguientes:<\/p>\n<ul>\n<li style=\"font-weight: 400;\" aria-level=\"1\">Algunos usuarios han informado de que el sitio presenta fallos y es lento en ocasiones.<\/li>\n<li style=\"font-weight: 400;\" aria-level=\"1\">No hay forma de verificar la identidad de otros usuarios, por lo que existe la posibilidad de que se produzcan estafas o fraudes.<\/li>\n<li style=\"font-weight: 400;\" aria-level=\"1\">Algunos usuarios se han quejado de que la interfaz del sitio no es todo lo f\u00e1cil de usar que podr\u00eda ser.<\/li>\n<\/ul>\n<h2>\u00bfPor qu\u00e9 ulive chat es una plataforma de videochat aleatoria tan popular?<\/h2>\n<p>ulive-chat es una plataforma de videochat aleatoria muy popular por varias razones. En primer lugar, es f\u00e1cil de usar y no requiere registro. En segundo lugar, ofrece una amplia gama de funciones que permiten a los usuarios personalizar su experiencia. Por \u00faltimo, tiene una fuerte comunidad de usuarios que siempre est\u00e1n dispuestos a ayudar a los novatos.<\/p>\n<h2>C\u00f3mo terminar un chat en ulive chat<\/h2>\n<p>Si has terminado de hablar con alguien en ulive-chat, simplemente haz clic en el bot\u00f3n \"terminar chat\". Esto terminar\u00e1 la conversaci\u00f3n y te llevar\u00e1 de vuelta a la p\u00e1gina principal de ulive-chat.<\/p>\n<h2>Las ventajas de hablar con desconocidos en el chat de ulive<\/h2>\n<p>Todos conocemos el dicho: \"Es bueno hablar con desconocidos\". Y hay mucho de cierto en ello. Hablar con desconocidos puede ser una forma estupenda de salir de tu zona de confort y conocer gente nueva. Pero, \u00bfy si no est\u00e1 seguro de c\u00f3mo iniciar una conversaci\u00f3n con un desconocido? Ah\u00ed es donde entra ulive-chat.<\/p>\n<p>ulive-chat es un sitio web que te permite chatear con desconocidos de todo el mundo. Es una forma estupenda de practicar tus habilidades sociales y conocer a gente de diferentes culturas. Y lo mejor de todo, \u00a1es completamente gratis!<\/p>\n<p>\u00bfPor qu\u00e9 no lo prueba? Quiz\u00e1 descubras que hablar con desconocidos es m\u00e1s divertido de lo que pensabas.<\/p>\n<h2>\u00bfC\u00f3mo sacar el m\u00e1ximo partido al chat de ulive?<\/h2>\n<p>ulive-chat es una gran plataforma para hablar con desconocidos y hacer nuevos amigos. Aqu\u00ed tienes algunos consejos para aprovechar al m\u00e1ximo tu experiencia en ulive-chat:<\/p>\n<ol>\n<li>Mu\u00e9strate abierto y amable. Nadie quiere hablar con una persona malhumorada, as\u00ed que sonr\u00ede y mu\u00e9strate dispuesto a entablar conversaci\u00f3n.<\/li>\n<li>No tengas miedo de iniciar la conversaci\u00f3n. Puede ser dif\u00edcil romper el hielo, pero recuerda que todo el mundo est\u00e1 en el mismo barco. S\u00f3lo tienes que saludar y ver ad\u00f3nde te lleva la conversaci\u00f3n.<\/li>\n<li>Haz preguntas. A la gente le encanta hablar de s\u00ed misma, as\u00ed que haz muchas preguntas para que la otra persona hable. As\u00ed aprender\u00e1s todo tipo de cosas interesantes sobre ellos.<\/li>\n<li>S\u00e9 un oyente activo. Presta mucha atenci\u00f3n a lo que dice la otra persona y enseguida establecer\u00e1s una buena relaci\u00f3n con ella.<\/li>\n<li>Divi\u00e9rtase Hablar con desconocidos puede ser muy divertido, as\u00ed que rel\u00e1jate y disfruta de la experiencia.<\/li>\n<\/ol>\n<h2>Los riesgos de hablar con desconocidos en el chat de ulive<\/h2>\n<p>Cuando hablas con alguien en ulive-chat, nunca est\u00e1s seguro de qui\u00e9n es. Puede ser cualquiera, de cualquier parte del mundo, y no sabes cu\u00e1les son sus intenciones. Aunque es estupendo conocer gente nueva y mantener conversaciones divertidas, debes ser consciente de los riesgos que conlleva hablar con desconocidos por Internet. He aqu\u00ed algunas cosas que debes tener en cuenta:<\/p>\n<ol>\n<li>No sabes qui\u00e9n es. La persona con la que hablas puede estar mintiendo sobre su identidad. Podr\u00eda estar fingiendo ser alguien que no es, o podr\u00eda estar utilizando una foto de perfil falsa. Ten cuidado al compartir informaci\u00f3n personal con alguien que no conoces.<\/li>\n<li>Podr\u00edan estar intentando estafarle. Por desgracia, hay gente que intenta aprovecharse de los dem\u00e1s enga\u00f1\u00e1ndoles para que env\u00eden dinero o compartan informaci\u00f3n personal. Si alguien en ulive-chat te pide dinero o el n\u00famero de tu tarjeta de cr\u00e9dito, \u00a1cuidado!<\/li>\n<li>Podr\u00edas estar revelando demasiado sobre ti mismo. Cuando hablas con alguien que no conoces, es f\u00e1cil dejarse llevar por la conversaci\u00f3n y revelar m\u00e1s de lo que pretend\u00edas. S\u00e9 consciente de lo que compartes y no reveles nada.<\/li>\n<\/ol>\n<h2>\u00bfEs seguro?<\/h2>\n<p>Si te preguntas si es seguro utilizar ulive-chat para hablar con desconocidos, la respuesta es: depende. Aunque ulive-chat cuenta con algunas medidas de seguridad, como permitir el uso del sitio s\u00f3lo a usuarios mayores de 18 a\u00f1os, siempre existe un riesgo cuando se habla en l\u00ednea con gente que no se conoce.<\/p>\n<p>Dicho esto, si usas el sentido com\u00fan y tomas algunas precauciones b\u00e1sicas, como no compartir informaci\u00f3n personal o quedar con desconocidos en persona, deber\u00edas estar a salvo. Siempre que seas consciente de los riesgos, utilizar ulive-chat para hablar con desconocidos puede ser una experiencia divertida e interesante.<\/p>\n<h2>Conclusi\u00f3n<\/h2>\n<p>Si buscas una forma f\u00e1cil y divertida de conectar con gente nueva, ulive-chat es un sitio que merece la pena visitar. Lo mejor de todo es que en ulive-chat no hay extra\u00f1os: todo el mundo est\u00e1 ah\u00ed para charlar y pasarlo bien. As\u00ed que an\u00edmate y pru\u00e9balo: puede que hagas nuevos amigos.<\/p>","protected":false},"excerpt":{"rendered":"<p>In these days of social distancing, it can be hard to find ways to connect with others. But there&#8217;s one place you can always go to talk with strangers: ulive-chat. On ulive-chat, you can chat with people from all over the world about anything and everything. So come on in and start chatting! What is [&hellip;]<\/p>\n","protected":false},"author":6,"featured_media":559,"parent":0,"menu_order":0,"comment_status":"closed","ping_status":"closed","template":"","meta":{"footnotes":""},"class_list":["post-11167","page","type-page","status-publish","has-post-thumbnail","hentry"],"yoast_head":"<!-- This site is optimized with the Yoast SEO plugin v27.4 - https:\/\/yoast.com\/product\/yoast-seo-wordpress\/ -->\n<title>Ulive Chat - Chat with strangers on StrangerCam.com<\/title>\n<meta name=\"description\" content=\"Like Ulive Chat? Come chat with more than 5.000.000 strangers on Stranger Cam for Free! Turn on your cam and find new friends &amp; maby a match!\" \/>\n<meta name=\"robots\" content=\"index, follow, max-snippet:-1, max-image-preview:large, max-video-preview:-1\" \/>\n<link rel=\"canonical\" href=\"https:\/\/strangercam.com\/es\/chat-ulive\/\" \/>\n<meta property=\"og:locale\" content=\"es_ES\" \/>\n<meta property=\"og:type\" content=\"article\" \/>\n<meta property=\"og:title\" content=\"Ulive Chat - Chat with strangers on StrangerCam.com\" \/>\n<meta property=\"og:description\" content=\"Like Ulive Chat? Come chat with more than 5.000.000 strangers on Stranger Cam for Free! Turn on your cam and find new friends &amp; maby a match!\" \/>\n<meta property=\"og:url\" content=\"https:\/\/strangercam.com\/es\/chat-ulive\/\" \/>\n<meta property=\"og:site_name\" content=\"Strangercam\" \/>\n<meta property=\"article:publisher\" content=\"https:\/\/www.facebook.com\/strangercam\" \/>\n<meta property=\"article:modified_time\" content=\"2023-08-21T10:48:49+00:00\" \/>\n<meta property=\"og:image\" content=\"https:\/\/strangercam.com\/wp-content\/uploads\/2020\/11\/stranger-cam-1.png\" \/>\n\t<meta property=\"og:image:width\" content=\"800\" \/>\n\t<meta property=\"og:image:height\" content=\"800\" \/>\n\t<meta property=\"og:image:type\" content=\"image\/png\" \/>\n<meta name=\"twitter:card\" content=\"summary_large_image\" \/>\n<meta name=\"twitter:site\" content=\"@strangercamapp\" \/>\n<meta name=\"twitter:label1\" content=\"Tiempo de lectura\" \/>\n\t<meta name=\"twitter:data1\" content=\"6 minutos\" \/>\n<script type=\"application\/ld+json\" class=\"yoast-schema-graph\">{\"@context\":\"https:\\\/\\\/schema.org\",\"@graph\":[{\"@type\":\"WebPage\",\"@id\":\"https:\\\/\\\/strangercam.com\\\/ulive-chat\\\/\",\"url\":\"https:\\\/\\\/strangercam.com\\\/ulive-chat\\\/\",\"name\":\"Ulive Chat - Chat with strangers on StrangerCam.com\",\"isPartOf\":{\"@id\":\"https:\\\/\\\/strangercam.com\\\/#website\"},\"primaryImageOfPage\":{\"@id\":\"https:\\\/\\\/strangercam.com\\\/ulive-chat\\\/#primaryimage\"},\"image\":{\"@id\":\"https:\\\/\\\/strangercam.com\\\/ulive-chat\\\/#primaryimage\"},\"thumbnailUrl\":\"https:\\\/\\\/strangercam.com\\\/wp-content\\\/uploads\\\/2020\\\/11\\\/stranger-cam-1.png\",\"datePublished\":\"2022-08-11T13:18:17+00:00\",\"dateModified\":\"2023-08-21T10:48:49+00:00\",\"description\":\"Like Ulive Chat? Come chat with more than 5.000.000 strangers on Stranger Cam for Free! Turn on your cam and find new friends & maby a match!\",\"breadcrumb\":{\"@id\":\"https:\\\/\\\/strangercam.com\\\/ulive-chat\\\/#breadcrumb\"},\"inLanguage\":\"es\",\"potentialAction\":[{\"@type\":\"ReadAction\",\"target\":[\"https:\\\/\\\/strangercam.com\\\/ulive-chat\\\/\"]}]},{\"@type\":\"ImageObject\",\"inLanguage\":\"es\",\"@id\":\"https:\\\/\\\/strangercam.com\\\/ulive-chat\\\/#primaryimage\",\"url\":\"https:\\\/\\\/strangercam.com\\\/wp-content\\\/uploads\\\/2020\\\/11\\\/stranger-cam-1.png\",\"contentUrl\":\"https:\\\/\\\/strangercam.com\\\/wp-content\\\/uploads\\\/2020\\\/11\\\/stranger-cam-1.png\",\"width\":800,\"height\":800,\"caption\":\"stranger cam random video chat\"},{\"@type\":\"BreadcrumbList\",\"@id\":\"https:\\\/\\\/strangercam.com\\\/ulive-chat\\\/#breadcrumb\",\"itemListElement\":[{\"@type\":\"ListItem\",\"position\":1,\"name\":\"Home\",\"item\":\"https:\\\/\\\/strangercam.com\\\/\"},{\"@type\":\"ListItem\",\"position\":2,\"name\":\"Ulive Chat\"}]},{\"@type\":\"WebSite\",\"@id\":\"https:\\\/\\\/strangercam.com\\\/#website\",\"url\":\"https:\\\/\\\/strangercam.com\\\/\",\"name\":\"Strangercam\",\"description\":\"Random Video Chat with Strangers\",\"publisher\":{\"@id\":\"https:\\\/\\\/strangercam.com\\\/#organization\"},\"alternateName\":\"Strangercam.com\",\"potentialAction\":[{\"@type\":\"SearchAction\",\"target\":{\"@type\":\"EntryPoint\",\"urlTemplate\":\"https:\\\/\\\/strangercam.com\\\/?s={search_term_string}\"},\"query-input\":{\"@type\":\"PropertyValueSpecification\",\"valueRequired\":true,\"valueName\":\"search_term_string\"}}],\"inLanguage\":\"es\"},{\"@type\":\"Organization\",\"@id\":\"https:\\\/\\\/strangercam.com\\\/#organization\",\"name\":\"Strangercam\",\"alternateName\":\"Strangercam.com\",\"url\":\"https:\\\/\\\/strangercam.com\\\/\",\"logo\":{\"@type\":\"ImageObject\",\"inLanguage\":\"es\",\"@id\":\"https:\\\/\\\/strangercam.com\\\/#\\\/schema\\\/logo\\\/image\\\/\",\"url\":\"https:\\\/\\\/strangercam.com\\\/wp-content\\\/uploads\\\/2020\\\/11\\\/cropped-new-favicon-black.png\",\"contentUrl\":\"https:\\\/\\\/strangercam.com\\\/wp-content\\\/uploads\\\/2020\\\/11\\\/cropped-new-favicon-black.png\",\"width\":512,\"height\":512,\"caption\":\"Strangercam\"},\"image\":{\"@id\":\"https:\\\/\\\/strangercam.com\\\/#\\\/schema\\\/logo\\\/image\\\/\"},\"sameAs\":[\"https:\\\/\\\/www.facebook.com\\\/strangercam\",\"https:\\\/\\\/x.com\\\/strangercamapp\"]}]}<\/script>\n<!-- \/ Yoast SEO plugin. -->","yoast_head_json":{"title":"Ulive Chat - Chatea con desconocidos en StrangerCam.com","description":"\u00bfTe gusta Ulive Chat? \u00a1Ven a chatear gratis con m\u00e1s de 5.000.000 de desconocidos en Stranger Cam! \u00a1Enciende tu c\u00e1mara y encuentra nuevos amigos y tal vez una pareja!","robots":{"index":"index","follow":"follow","max-snippet":"max-snippet:-1","max-image-preview":"max-image-preview:large","max-video-preview":"max-video-preview:-1"},"canonical":"https:\/\/strangercam.com\/es\/chat-ulive\/","og_locale":"es_ES","og_type":"article","og_title":"Ulive Chat - Chat with strangers on StrangerCam.com","og_description":"Like Ulive Chat? Come chat with more than 5.000.000 strangers on Stranger Cam for Free! Turn on your cam and find new friends & maby a match!","og_url":"https:\/\/strangercam.com\/es\/chat-ulive\/","og_site_name":"Strangercam","article_publisher":"https:\/\/www.facebook.com\/strangercam","article_modified_time":"2023-08-21T10:48:49+00:00","og_image":[{"width":800,"height":800,"url":"https:\/\/strangercam.com\/wp-content\/uploads\/2020\/11\/stranger-cam-1.png","type":"image\/png"}],"twitter_card":"summary_large_image","twitter_site":"@strangercamapp","twitter_misc":{"Tiempo de lectura":"6 minutos"},"schema":{"@context":"https:\/\/schema.org","@graph":[{"@type":"WebPage","@id":"https:\/\/strangercam.com\/ulive-chat\/","url":"https:\/\/strangercam.com\/ulive-chat\/","name":"Ulive Chat - Chatea con desconocidos en StrangerCam.com","isPartOf":{"@id":"https:\/\/strangercam.com\/#website"},"primaryImageOfPage":{"@id":"https:\/\/strangercam.com\/ulive-chat\/#primaryimage"},"image":{"@id":"https:\/\/strangercam.com\/ulive-chat\/#primaryimage"},"thumbnailUrl":"https:\/\/strangercam.com\/wp-content\/uploads\/2020\/11\/stranger-cam-1.png","datePublished":"2022-08-11T13:18:17+00:00","dateModified":"2023-08-21T10:48:49+00:00","description":"\u00bfTe gusta Ulive Chat? \u00a1Ven a chatear gratis con m\u00e1s de 5.000.000 de desconocidos en Stranger Cam! \u00a1Enciende tu c\u00e1mara y encuentra nuevos amigos y tal vez una pareja!","breadcrumb":{"@id":"https:\/\/strangercam.com\/ulive-chat\/#breadcrumb"},"inLanguage":"es","potentialAction":[{"@type":"ReadAction","target":["https:\/\/strangercam.com\/ulive-chat\/"]}]},{"@type":"ImageObject","inLanguage":"es","@id":"https:\/\/strangercam.com\/ulive-chat\/#primaryimage","url":"https:\/\/strangercam.com\/wp-content\/uploads\/2020\/11\/stranger-cam-1.png","contentUrl":"https:\/\/strangercam.com\/wp-content\/uploads\/2020\/11\/stranger-cam-1.png","width":800,"height":800,"caption":"stranger cam random video chat"},{"@type":"BreadcrumbList","@id":"https:\/\/strangercam.com\/ulive-chat\/#breadcrumb","itemListElement":[{"@type":"ListItem","position":1,"name":"Home","item":"https:\/\/strangercam.com\/"},{"@type":"ListItem","position":2,"name":"Ulive Chat"}]},{"@type":"WebSite","@id":"https:\/\/strangercam.com\/#website","url":"https:\/\/strangercam.com\/","name":"Strangercam","description":"Videochat aleatorio con desconocidos","publisher":{"@id":"https:\/\/strangercam.com\/#organization"},"alternateName":"Strangercam.com","potentialAction":[{"@type":"SearchAction","target":{"@type":"EntryPoint","urlTemplate":"https:\/\/strangercam.com\/?s={search_term_string}"},"query-input":{"@type":"PropertyValueSpecification","valueRequired":true,"valueName":"search_term_string"}}],"inLanguage":"es"},{"@type":"Organization","@id":"https:\/\/strangercam.com\/#organization","name":"Strangercam","alternateName":"Strangercam.com","url":"https:\/\/strangercam.com\/","logo":{"@type":"ImageObject","inLanguage":"es","@id":"https:\/\/strangercam.com\/#\/schema\/logo\/image\/","url":"https:\/\/strangercam.com\/wp-content\/uploads\/2020\/11\/cropped-new-favicon-black.png","contentUrl":"https:\/\/strangercam.com\/wp-content\/uploads\/2020\/11\/cropped-new-favicon-black.png","width":512,"height":512,"caption":"Strangercam"},"image":{"@id":"https:\/\/strangercam.com\/#\/schema\/logo\/image\/"},"sameAs":["https:\/\/www.facebook.com\/strangercam","https:\/\/x.com\/strangercamapp"]}]}},"_links":{"self":[{"href":"https:\/\/strangercam.com\/es\/wp-json\/wp\/v2\/pages\/11167","targetHints":{"allow":["GET"]}}],"collection":[{"href":"https:\/\/strangercam.com\/es\/wp-json\/wp\/v2\/pages"}],"about":[{"href":"https:\/\/strangercam.com\/es\/wp-json\/wp\/v2\/types\/page"}],"author":[{"embeddable":true,"href":"https:\/\/strangercam.com\/es\/wp-json\/wp\/v2\/users\/6"}],"replies":[{"embeddable":true,"href":"https:\/\/strangercam.com\/es\/wp-json\/wp\/v2\/comments?post=11167"}],"version-history":[{"count":0,"href":"https:\/\/strangercam.com\/es\/wp-json\/wp\/v2\/pages\/11167\/revisions"}],"wp:featuredmedia":[{"embeddable":true,"href":"https:\/\/strangercam.com\/es\/wp-json\/wp\/v2\/media\/559"}],"wp:attachment":[{"href":"https:\/\/strangercam.com\/es\/wp-json\/wp\/v2\/media?parent=11167"}],"curies":[{"name":"wp","href":"https:\/\/api.w.org\/{rel}","templated":true}]}}