{"id":11154,"date":"2022-08-11T15:12:40","date_gmt":"2022-08-11T13:12:40","guid":{"rendered":"https:\/\/strangercam.com\/?page_id=11154"},"modified":"2023-08-21T12:24:41","modified_gmt":"2023-08-21T10:24:41","slug":"chatride","status":"publish","type":"page","link":"https:\/\/strangercam.com\/es\/chatride\/","title":{"rendered":"Chatride"},"content":{"rendered":"<p>V\u00eddeo aleatorio <a href=\"https:\/\/strangercam.com\/es\/chatroulette\/\">chat<\/a> es la nueva tendencia, y Chatride es una de las plataformas de videochat aleatorio m\u00e1s populares. Si quieres saber todos los detalles sobre Chatride seguir leyendo, Aqu\u00ed en este art\u00edculo vamos a cubrir todos los detalles que usted necesita saber antes de usar esta plataforma.<\/p>\n<h2>\u00bfQu\u00e9 es chatride?<\/h2>\n<p>Chatride es una nueva forma de chatear con amigos y familiares. Es una forma estupenda de mantenerte conectado con tus seres queridos, est\u00e9s cerca o lejos. Puedes utilizar Chatride para chatear con cualquier persona del mundo, siempre que tenga conexi\u00f3n a Internet. Todo lo que necesitas es un navegador y una cuenta en Chatride. Una vez conectado, puedes empezar a chatear inmediatamente. S\u00f3lo tienes que escribir tu mensaje y pulsar enviar. Tu mensaje aparecer\u00e1 en la ventana de chat para que todos puedan verlo. Tambi\u00e9n puedes a\u00f1adir amigos y familiares al chat para que se unan a la conversaci\u00f3n. \u00bfA qu\u00e9 esperas? Empieza a chatear con tus seres queridos hoy mismo.<\/p>\n<h2>\u00bfCu\u00e1les son las ventajas de chatride?<\/h2>\n<p>Algunas de las ventajas del Chatride son:<\/p>\n<ul>\n<li style=\"font-weight: 400;\" aria-level=\"1\">Es una buena manera de <a href=\"https:\/\/strangercam.com\/es\/coomeet\/\">conozca<\/a> gente nueva de todo el mundo.<\/li>\n<li style=\"font-weight: 400;\" aria-level=\"1\">Puedes aprender sobre diferentes culturas y estilos de vida.<\/li>\n<li style=\"font-weight: 400;\" aria-level=\"1\">Podr\u00e1 practicar sus conocimientos ling\u00fc\u00edsticos con hablantes nativos.<\/li>\n<li style=\"font-weight: 400;\" aria-level=\"1\">Es una forma f\u00e1cil y divertida de hacer nuevos amigos.<\/li>\n<\/ul>\n<h2>\u00bfC\u00f3mo utilizar chatride?<\/h2>\n<p>Chatride es una forma nueva y revolucionaria de chatear con gente aleatoria de todo el mundo. Aqu\u00ed tienes una gu\u00eda r\u00e1pida sobre c\u00f3mo usar Chatride:<\/p>\n<ul>\n<li style=\"font-weight: 400;\" aria-level=\"1\">En primer lugar, descarga la aplicaci\u00f3n de tu tienda de aplicaciones (disponible tanto para iPhone como para Android).<\/li>\n<li style=\"font-weight: 400;\" aria-level=\"1\">Una vez instalada la aplicaci\u00f3n, \u00e1brela y crea una cuenta. Tendr\u00e1s que indicar tu nombre, direcci\u00f3n de correo electr\u00f3nico y contrase\u00f1a.<\/li>\n<li style=\"font-weight: 400;\" aria-level=\"1\">Una vez que hayas iniciado sesi\u00f3n, podr\u00e1s empezar a chatear con personas al azar. Chatride encontrar\u00e1 tu mejor pareja bas\u00e1ndose en<\/li>\n<\/ul>\n<h2>\u00bfConsejos para empezar en chatride?<\/h2>\n<p>Aqu\u00ed tienes algunos consejos para empezar:<\/p>\n<ol>\n<li style=\"font-weight: 400;\" aria-level=\"1\">Utiliza la barra de b\u00fasqueda: La barra de b\u00fasqueda es tu mejor amiga en Chatride. Puedes utilizarla para encontrar personas con intereses similares a los tuyos o para encontrar temas que te interesen.<\/li>\n<li style=\"font-weight: 400;\" aria-level=\"1\">Conecta con la gente: en Chatride se trata de conectar con la gente, as\u00ed que no seas t\u00edmido, tiende la mano y empieza a charlar con alguien. Nunca se sabe a qui\u00e9n conocer\u00e1s.<\/li>\n<li style=\"font-weight: 400;\" aria-level=\"1\">\u00danete a grupos: Los grupos son una forma estupenda de conocer gente nueva y encontrar individuos con ideas afines. Si hay un grupo que te interesa, \u00a1\u00fanete a \u00e9l y empieza a charlar!<\/li>\n<li style=\"font-weight: 400;\" aria-level=\"1\">Utiliza las salas de chat: Las salas de chat de Chatride son lugares estupendos para conocer gente nueva y mantener conversaciones divertidas. As\u00ed que an\u00edmate y participa.<\/li>\n<li style=\"font-weight: 400;\" aria-level=\"1\">Divi\u00e9rtete: Este es el consejo m\u00e1s importante de todos.<\/li>\n<\/ol>\n<h2>Ventajas e inconvenientes del chatride<\/h2>\n<h4>Pros:<\/h4>\n<ul>\n<li style=\"font-weight: 400;\" aria-level=\"1\">Descarga y uso gratuitos<\/li>\n<li style=\"font-weight: 400;\" aria-level=\"1\">Puede conectar con personas de todo el mundo<\/li>\n<li style=\"font-weight: 400;\" aria-level=\"1\">La calidad de v\u00eddeo y audio es buena<\/li>\n<li style=\"font-weight: 400;\" aria-level=\"1\">Dispone de diversas funciones como texto, voz y <a href=\"https:\/\/strangercam.com\/es\/american-random-video-call\/\">videollamada<\/a>chat en grupo, etc.<\/li>\n<\/ul>\n<h4>Contras:<\/h4>\n<ol>\n<li style=\"font-weight: 400;\" aria-level=\"1\">La aplicaci\u00f3n puede fallar a veces<\/li>\n<li style=\"font-weight: 400;\" aria-level=\"1\">La conexi\u00f3n puede perderse f\u00e1cilmente<\/li>\n<\/ol>\n<h2>Chatride frente a otras plataformas de comunicaci\u00f3n<\/h2>\n<p>Existen muchas plataformas de comunicaci\u00f3n, pero Chatride es sin duda una de las mejores. He aqu\u00ed por qu\u00e9:<\/p>\n<ul>\n<li style=\"font-weight: 400;\" aria-level=\"1\">Chatride es incre\u00edblemente f\u00e1cil de usar. No hace falta ser un experto en tecnolog\u00eda para utilizarlo: cualquiera puede cogerlo y empezar a chatear en cuesti\u00f3n de minutos.<\/li>\n<li style=\"font-weight: 400;\" aria-level=\"1\">Chatride es totalmente gratuito. No hay costes ocultos ni cuotas de suscripci\u00f3n: puedes chatear todo lo que quieras, sin preocuparte por tu cartera.<\/li>\n<li style=\"font-weight: 400;\" aria-level=\"1\">Chatride es extremadamente r\u00e1pido y fiable. Nunca tendr\u00e1s que preocuparte por retrasos o problemas de conexi\u00f3n cuando utilices Chatride.<\/li>\n<li style=\"font-weight: 400;\" aria-level=\"1\">Chatride ofrece una gran selecci\u00f3n de funciones y opciones. Tanto si buscas un chat de grupo como mensajes privados, Chatride te lo ofrece.<\/li>\n<li style=\"font-weight: 400;\" aria-level=\"1\">Chatride se actualiza constantemente con nuevas funciones y mejoras. El equipo detr\u00e1s de Chatride siempre est\u00e1 trabajando duro para asegurarse de que la plataforma es lo mejor que puede ser.<\/li>\n<\/ul>\n<p>Si busca una plataforma de comunicaci\u00f3n que cumpla todos los requisitos, \u00a1no busque m\u00e1s: Chatride!<\/p>\n<h2>\u00bfPor qu\u00e9 Chatride es una plataforma de videochat aleatoria tan popular?<\/h2>\n<p>Hay muchas razones por las que Chatride es una plataforma de videochat aleatorio tan popular. En primer lugar, es totalmente gratuita. No necesitas registrarte ni pagar nada para empezar a chatear.<\/p>\n<p>Otra raz\u00f3n es que Chatride es incre\u00edblemente f\u00e1cil de usar. Todo lo que tienes que hacer es ir a la p\u00e1gina web y hacer clic en el bot\u00f3n \"empezar a chatear\". Te conectar\u00e1s al instante con un desconocido cualquiera de cualquier parte del mundo.<\/p>\n<p>La interfaz de chat tambi\u00e9n es muy f\u00e1cil de usar. Es f\u00e1cil escribir mensajes o incluso enviar emojis y pegatinas. Si quieres ver a la persona con la que hablas, puedes activar la funci\u00f3n de c\u00e1mara web con unos pocos clics.<\/p>\n<p>Por \u00faltimo, Chatride es una de las plataformas de chat aleatorio m\u00e1s populares porque ofrece una gran variedad de funciones. Adem\u00e1s de texto y <a href=\"https:\/\/strangercam.com\/es\/rabbit-video-chat\/\">chat de v\u00eddeo<\/a>, Tambi\u00e9n puedes jugar, compartir fotos e incluso utilizar el chat de voz. En Chatride hay algo para todos.<\/p>\n<h2>\u00bfEs seguro?<\/h2>\n<p>Cuando se trata de chatear en l\u00ednea, usted quiere asegurarse de que est\u00e1 utilizando una plataforma segura y protegida. Chatride es una gran opci\u00f3n para aquellos que buscan una forma segura de chatear en l\u00ednea. El sitio utiliza encriptaci\u00f3n SSL para proteger tu informaci\u00f3n, y todas las salas de chat est\u00e1n moderadas por miembros del personal. Adem\u00e1s, puedes crear un perfil personal para que s\u00f3lo tus conocidos puedan ponerse en contacto contigo.<\/p>\n<h2>\u00bfC\u00f3mo estar seguro al utilizar cualquier plataforma de videochat aleatoria?<\/h2>\n<p>M\u00e1s <a href=\"https:\/\/strangercam.com\/es\/chathub\/\">chat de v\u00eddeo aleatorio<\/a> son seguras. Sin embargo, hay algunas cosas que puedes hacer para garantizar tu seguridad mientras utilizas estas plataformas. He aqu\u00ed algunos consejos:<\/p>\n<ul>\n<li style=\"font-weight: 400;\" aria-level=\"1\">Evita compartir informaci\u00f3n personal con cualquier persona que conozcas en una plataforma de videochat aleatoria. Esto incluye tu nombre completo, direcci\u00f3n, n\u00famero de tel\u00e9fono, direcci\u00f3n de correo electr\u00f3nico, etc.<\/li>\n<li style=\"font-weight: 400;\" aria-level=\"1\">Si alguien que conoces en una plataforma de videochat aleatoria te pide informaci\u00f3n personal, no se la des.<\/li>\n<li style=\"font-weight: 400;\" aria-level=\"1\">No quedes en persona con nadie que conozcas en una plataforma de videochat aleatoria.<\/li>\n<li style=\"font-weight: 400;\" aria-level=\"1\">No env\u00edes dinero a nadie que conozcas en una plataforma de videochat aleatoria.<\/li>\n<li style=\"font-weight: 400;\" aria-level=\"1\">Si alguien que conoces en una plataforma de videochat aleatoria te pide dinero, no se lo des.<\/li>\n<\/ul>\n<h2>Conclusi\u00f3n<\/h2>\n<p>En general, Chatride es una forma estupenda de estar conectado con amigos y familiares de todo el mundo. Lo mejor de todo es que es gratis, as\u00ed que no tienes que preocuparte por gastar dinero. Tambi\u00e9n puedes crear chats de grupo para estar en contacto con varias personas a la vez. \u00bfA qu\u00e9 est\u00e1s esperando? Desc\u00e1rgate Chatride hoy mismo.<\/p>","protected":false},"excerpt":{"rendered":"<p>Random video chat is the new trend, and Chatride is one of the most popular random video chatting platform. If you want to know all the details about Chatride keep on reading, Here in this article we are going to cover the all details which you need to know before using this platform. What is [&hellip;]<\/p>\n","protected":false},"author":6,"featured_media":559,"parent":0,"menu_order":0,"comment_status":"closed","ping_status":"closed","template":"","meta":{"footnotes":""},"class_list":["post-11154","page","type-page","status-publish","has-post-thumbnail","hentry"],"yoast_head":"<!-- This site is optimized with the Yoast SEO plugin v27.4 - https:\/\/yoast.com\/product\/yoast-seo-wordpress\/ -->\n<title>Chatride - Chat with strangers on StrangerCam.com<\/title>\n<meta name=\"description\" content=\"Like Chatride? Come chat with more than 5.000.000 strangers on Stranger Cam for Free! Turn on your cam and find new friends &amp; maby a match!\" \/>\n<meta name=\"robots\" content=\"index, follow, max-snippet:-1, max-image-preview:large, max-video-preview:-1\" \/>\n<link rel=\"canonical\" href=\"https:\/\/strangercam.com\/es\/chatride\/\" \/>\n<meta property=\"og:locale\" content=\"es_ES\" \/>\n<meta property=\"og:type\" content=\"article\" \/>\n<meta property=\"og:title\" content=\"Chatride - Chat with strangers on StrangerCam.com\" \/>\n<meta property=\"og:description\" content=\"Like Chatride? Come chat with more than 5.000.000 strangers on Stranger Cam for Free! Turn on your cam and find new friends &amp; maby a match!\" \/>\n<meta property=\"og:url\" content=\"https:\/\/strangercam.com\/es\/chatride\/\" \/>\n<meta property=\"og:site_name\" content=\"Strangercam\" \/>\n<meta property=\"article:publisher\" content=\"https:\/\/www.facebook.com\/strangercam\" \/>\n<meta property=\"article:modified_time\" content=\"2023-08-21T10:24:41+00:00\" \/>\n<meta property=\"og:image\" content=\"https:\/\/strangercam.com\/wp-content\/uploads\/2020\/11\/stranger-cam-1.png\" \/>\n\t<meta property=\"og:image:width\" content=\"800\" \/>\n\t<meta property=\"og:image:height\" content=\"800\" \/>\n\t<meta property=\"og:image:type\" content=\"image\/png\" \/>\n<meta name=\"twitter:card\" content=\"summary_large_image\" \/>\n<meta name=\"twitter:site\" content=\"@strangercamapp\" \/>\n<meta name=\"twitter:label1\" content=\"Tiempo de lectura\" \/>\n\t<meta name=\"twitter:data1\" content=\"5 minutos\" \/>\n<script type=\"application\/ld+json\" class=\"yoast-schema-graph\">{\"@context\":\"https:\\\/\\\/schema.org\",\"@graph\":[{\"@type\":\"WebPage\",\"@id\":\"https:\\\/\\\/strangercam.com\\\/chatride\\\/\",\"url\":\"https:\\\/\\\/strangercam.com\\\/chatride\\\/\",\"name\":\"Chatride - Chat with strangers on StrangerCam.com\",\"isPartOf\":{\"@id\":\"https:\\\/\\\/strangercam.com\\\/#website\"},\"primaryImageOfPage\":{\"@id\":\"https:\\\/\\\/strangercam.com\\\/chatride\\\/#primaryimage\"},\"image\":{\"@id\":\"https:\\\/\\\/strangercam.com\\\/chatride\\\/#primaryimage\"},\"thumbnailUrl\":\"https:\\\/\\\/strangercam.com\\\/wp-content\\\/uploads\\\/2020\\\/11\\\/stranger-cam-1.png\",\"datePublished\":\"2022-08-11T13:12:40+00:00\",\"dateModified\":\"2023-08-21T10:24:41+00:00\",\"description\":\"Like Chatride? Come chat with more than 5.000.000 strangers on Stranger Cam for Free! Turn on your cam and find new friends & maby a match!\",\"breadcrumb\":{\"@id\":\"https:\\\/\\\/strangercam.com\\\/chatride\\\/#breadcrumb\"},\"inLanguage\":\"es\",\"potentialAction\":[{\"@type\":\"ReadAction\",\"target\":[\"https:\\\/\\\/strangercam.com\\\/chatride\\\/\"]}]},{\"@type\":\"ImageObject\",\"inLanguage\":\"es\",\"@id\":\"https:\\\/\\\/strangercam.com\\\/chatride\\\/#primaryimage\",\"url\":\"https:\\\/\\\/strangercam.com\\\/wp-content\\\/uploads\\\/2020\\\/11\\\/stranger-cam-1.png\",\"contentUrl\":\"https:\\\/\\\/strangercam.com\\\/wp-content\\\/uploads\\\/2020\\\/11\\\/stranger-cam-1.png\",\"width\":800,\"height\":800,\"caption\":\"stranger cam random video chat\"},{\"@type\":\"BreadcrumbList\",\"@id\":\"https:\\\/\\\/strangercam.com\\\/chatride\\\/#breadcrumb\",\"itemListElement\":[{\"@type\":\"ListItem\",\"position\":1,\"name\":\"Home\",\"item\":\"https:\\\/\\\/strangercam.com\\\/\"},{\"@type\":\"ListItem\",\"position\":2,\"name\":\"Chatride\"}]},{\"@type\":\"WebSite\",\"@id\":\"https:\\\/\\\/strangercam.com\\\/#website\",\"url\":\"https:\\\/\\\/strangercam.com\\\/\",\"name\":\"Strangercam\",\"description\":\"Random Video Chat with Strangers\",\"publisher\":{\"@id\":\"https:\\\/\\\/strangercam.com\\\/#organization\"},\"alternateName\":\"Strangercam.com\",\"potentialAction\":[{\"@type\":\"SearchAction\",\"target\":{\"@type\":\"EntryPoint\",\"urlTemplate\":\"https:\\\/\\\/strangercam.com\\\/?s={search_term_string}\"},\"query-input\":{\"@type\":\"PropertyValueSpecification\",\"valueRequired\":true,\"valueName\":\"search_term_string\"}}],\"inLanguage\":\"es\"},{\"@type\":\"Organization\",\"@id\":\"https:\\\/\\\/strangercam.com\\\/#organization\",\"name\":\"Strangercam\",\"alternateName\":\"Strangercam.com\",\"url\":\"https:\\\/\\\/strangercam.com\\\/\",\"logo\":{\"@type\":\"ImageObject\",\"inLanguage\":\"es\",\"@id\":\"https:\\\/\\\/strangercam.com\\\/#\\\/schema\\\/logo\\\/image\\\/\",\"url\":\"https:\\\/\\\/strangercam.com\\\/wp-content\\\/uploads\\\/2020\\\/11\\\/cropped-new-favicon-black.png\",\"contentUrl\":\"https:\\\/\\\/strangercam.com\\\/wp-content\\\/uploads\\\/2020\\\/11\\\/cropped-new-favicon-black.png\",\"width\":512,\"height\":512,\"caption\":\"Strangercam\"},\"image\":{\"@id\":\"https:\\\/\\\/strangercam.com\\\/#\\\/schema\\\/logo\\\/image\\\/\"},\"sameAs\":[\"https:\\\/\\\/www.facebook.com\\\/strangercam\",\"https:\\\/\\\/x.com\\\/strangercamapp\"]}]}<\/script>\n<!-- \/ Yoast SEO plugin. -->","yoast_head_json":{"title":"Chatride - Chatea con desconocidos en StrangerCam.com","description":"\u00bfTe gusta Chatride? \u00a1Ven a chatear gratis con m\u00e1s de 5.000.000 de desconocidos en Stranger Cam! \u00a1Enciende tu c\u00e1mara y encuentra nuevos amigos y tal vez una pareja!","robots":{"index":"index","follow":"follow","max-snippet":"max-snippet:-1","max-image-preview":"max-image-preview:large","max-video-preview":"max-video-preview:-1"},"canonical":"https:\/\/strangercam.com\/es\/chatride\/","og_locale":"es_ES","og_type":"article","og_title":"Chatride - Chat with strangers on StrangerCam.com","og_description":"Like Chatride? Come chat with more than 5.000.000 strangers on Stranger Cam for Free! Turn on your cam and find new friends & maby a match!","og_url":"https:\/\/strangercam.com\/es\/chatride\/","og_site_name":"Strangercam","article_publisher":"https:\/\/www.facebook.com\/strangercam","article_modified_time":"2023-08-21T10:24:41+00:00","og_image":[{"width":800,"height":800,"url":"https:\/\/strangercam.com\/wp-content\/uploads\/2020\/11\/stranger-cam-1.png","type":"image\/png"}],"twitter_card":"summary_large_image","twitter_site":"@strangercamapp","twitter_misc":{"Tiempo de lectura":"5 minutos"},"schema":{"@context":"https:\/\/schema.org","@graph":[{"@type":"WebPage","@id":"https:\/\/strangercam.com\/chatride\/","url":"https:\/\/strangercam.com\/chatride\/","name":"Chatride - Chatea con desconocidos en StrangerCam.com","isPartOf":{"@id":"https:\/\/strangercam.com\/#website"},"primaryImageOfPage":{"@id":"https:\/\/strangercam.com\/chatride\/#primaryimage"},"image":{"@id":"https:\/\/strangercam.com\/chatride\/#primaryimage"},"thumbnailUrl":"https:\/\/strangercam.com\/wp-content\/uploads\/2020\/11\/stranger-cam-1.png","datePublished":"2022-08-11T13:12:40+00:00","dateModified":"2023-08-21T10:24:41+00:00","description":"\u00bfTe gusta Chatride? \u00a1Ven a chatear gratis con m\u00e1s de 5.000.000 de desconocidos en Stranger Cam! \u00a1Enciende tu c\u00e1mara y encuentra nuevos amigos y tal vez una pareja!","breadcrumb":{"@id":"https:\/\/strangercam.com\/chatride\/#breadcrumb"},"inLanguage":"es","potentialAction":[{"@type":"ReadAction","target":["https:\/\/strangercam.com\/chatride\/"]}]},{"@type":"ImageObject","inLanguage":"es","@id":"https:\/\/strangercam.com\/chatride\/#primaryimage","url":"https:\/\/strangercam.com\/wp-content\/uploads\/2020\/11\/stranger-cam-1.png","contentUrl":"https:\/\/strangercam.com\/wp-content\/uploads\/2020\/11\/stranger-cam-1.png","width":800,"height":800,"caption":"stranger cam random video chat"},{"@type":"BreadcrumbList","@id":"https:\/\/strangercam.com\/chatride\/#breadcrumb","itemListElement":[{"@type":"ListItem","position":1,"name":"Home","item":"https:\/\/strangercam.com\/"},{"@type":"ListItem","position":2,"name":"Chatride"}]},{"@type":"WebSite","@id":"https:\/\/strangercam.com\/#website","url":"https:\/\/strangercam.com\/","name":"Strangercam","description":"Videochat aleatorio con desconocidos","publisher":{"@id":"https:\/\/strangercam.com\/#organization"},"alternateName":"Strangercam.com","potentialAction":[{"@type":"SearchAction","target":{"@type":"EntryPoint","urlTemplate":"https:\/\/strangercam.com\/?s={search_term_string}"},"query-input":{"@type":"PropertyValueSpecification","valueRequired":true,"valueName":"search_term_string"}}],"inLanguage":"es"},{"@type":"Organization","@id":"https:\/\/strangercam.com\/#organization","name":"Strangercam","alternateName":"Strangercam.com","url":"https:\/\/strangercam.com\/","logo":{"@type":"ImageObject","inLanguage":"es","@id":"https:\/\/strangercam.com\/#\/schema\/logo\/image\/","url":"https:\/\/strangercam.com\/wp-content\/uploads\/2020\/11\/cropped-new-favicon-black.png","contentUrl":"https:\/\/strangercam.com\/wp-content\/uploads\/2020\/11\/cropped-new-favicon-black.png","width":512,"height":512,"caption":"Strangercam"},"image":{"@id":"https:\/\/strangercam.com\/#\/schema\/logo\/image\/"},"sameAs":["https:\/\/www.facebook.com\/strangercam","https:\/\/x.com\/strangercamapp"]}]}},"_links":{"self":[{"href":"https:\/\/strangercam.com\/es\/wp-json\/wp\/v2\/pages\/11154","targetHints":{"allow":["GET"]}}],"collection":[{"href":"https:\/\/strangercam.com\/es\/wp-json\/wp\/v2\/pages"}],"about":[{"href":"https:\/\/strangercam.com\/es\/wp-json\/wp\/v2\/types\/page"}],"author":[{"embeddable":true,"href":"https:\/\/strangercam.com\/es\/wp-json\/wp\/v2\/users\/6"}],"replies":[{"embeddable":true,"href":"https:\/\/strangercam.com\/es\/wp-json\/wp\/v2\/comments?post=11154"}],"version-history":[{"count":0,"href":"https:\/\/strangercam.com\/es\/wp-json\/wp\/v2\/pages\/11154\/revisions"}],"wp:featuredmedia":[{"embeddable":true,"href":"https:\/\/strangercam.com\/es\/wp-json\/wp\/v2\/media\/559"}],"wp:attachment":[{"href":"https:\/\/strangercam.com\/es\/wp-json\/wp\/v2\/media?parent=11154"}],"curies":[{"name":"wp","href":"https:\/\/api.w.org\/{rel}","templated":true}]}}