{"id":11142,"date":"2022-08-11T15:06:21","date_gmt":"2022-08-11T13:06:21","guid":{"rendered":"https:\/\/strangercam.com\/?page_id=11142"},"modified":"2023-08-21T11:40:39","modified_gmt":"2023-08-21T09:40:39","slug":"camki","status":"publish","type":"page","link":"https:\/\/strangercam.com\/es\/camki\/","title":{"rendered":"Camki"},"content":{"rendered":"<p>Hoy en d\u00eda existen muchas plataformas de chat en l\u00ednea. Entre ellas, Camki es una plataforma de chat en l\u00ednea fiable que ofrece diversas funciones a sus usuarios. Algunas de estas caracter\u00edsticas incluyen soporte para llamadas de audio y v\u00eddeo, mensajer\u00eda instant\u00e1nea, intercambio de archivos, etc.<\/p>\n<h2>\u00bfQu\u00e9 es Camki?<\/h2>\n<p>Camki es una nueva plataforma de chat en l\u00ednea que ha ido ganando popularidad \u00faltimamente. Es una plataforma fiable y f\u00e1cil de usar que ofrece muchas funciones a sus usuarios. Camki es un gran lugar para conectarse con amigos y familiares, as\u00ed como <a href=\"https:\/\/strangercam.com\/es\/coomeet\/\">conozca<\/a> nuevas personas de todo el mundo. La plataforma tambi\u00e9n es perfecta para las empresas, ya que les permite comunicarse con sus clientes en tiempo real.<\/p>\n<h2>\u00bfC\u00f3mo utilizar Camki?<\/h2>\n<p>Si busca una plataforma de chat en l\u00ednea fiable, Camki es la elecci\u00f3n perfecta. Camki es f\u00e1cil de usar y ofrece una gran variedad de funciones que la convierten en una excelente opci\u00f3n para chatear en l\u00ednea. A continuaci\u00f3n le ofrecemos algunos consejos sobre c\u00f3mo utilizar Camki:<\/p>\n<ul>\n<li style=\"font-weight: 400;\" aria-level=\"1\">Para empezar a utilizar Camki, reg\u00edstrese para obtener una cuenta gratuita. Deber\u00e1 indicar su nombre, direcci\u00f3n de correo electr\u00f3nico y crear una contrase\u00f1a.<\/li>\n<li style=\"font-weight: 400;\" aria-level=\"1\">Una vez que haya creado su cuenta, con\u00e9ctese y haga clic en el bot\u00f3n \"Crear una sala\".<\/li>\n<li style=\"font-weight: 400;\" aria-level=\"1\">Introduzca un nombre de sala y una contrase\u00f1a (opcional).<\/li>\n<li style=\"font-weight: 400;\" aria-level=\"1\">Para empezar a chatear, haz clic en el bot\u00f3n \"Empezar a chatear\". Tambi\u00e9n puede utilizar la aplicaci\u00f3n webCamki para <a href=\"https:\/\/strangercam.com\/es\/chathub\/\">chat<\/a> con extra\u00f1os al azar.<\/li>\n<\/ul>\n<h2>Ventajas de utilizar Camki<\/h2>\n<p>Utilizar Camki como plataforma de chat en l\u00ednea tiene muchas ventajas. \u00c9stas son s\u00f3lo algunas de las razones por las que Camki es la mejor opci\u00f3n para usted:<\/p>\n<ol>\n<li style=\"font-weight: 400;\" aria-level=\"1\">Camki es incre\u00edblemente f\u00e1cil de usar. No necesitas conocimientos t\u00e9cnicos especiales para empezar: \u00a1s\u00f3lo tienes que conectarte y empezar a chatear!<\/li>\n<li style=\"font-weight: 400;\" aria-level=\"1\">Camki es totalmente seguro y confidencial. Todas tus conversaciones son privadas y nunca se compartir\u00e1n con nadie.<\/li>\n<li style=\"font-weight: 400;\" aria-level=\"1\">Camki es totalmente gratuito. No hay costes ni cuotas ocultas: puedes chatear todo el tiempo que quieras sin gastar ni un c\u00e9ntimo.<\/li>\n<li style=\"font-weight: 400;\" aria-level=\"1\">Camki ofrece una gran selecci\u00f3n de funciones y opciones, para que puedas personalizar tu experiencia de chat seg\u00fan tus necesidades. Puedes elegir entre una gran variedad de avatares, fondos y fuentes, e incluso a\u00f1adir efectos especiales a tus chats.<\/li>\n<li style=\"font-weight: 400;\" aria-level=\"1\">Camki est\u00e1 en constante expansi\u00f3n y mejora. Constantemente a\u00f1adimos nuevas funciones y realizamos mejoras basadas en los comentarios de nuestros usuarios. As\u00ed que puede estar seguro de que Camki siempre le proporcionar\u00e1 la mejor experiencia de chat posible.<\/li>\n<\/ol>\n<h2>Desventajas de utilizar Camki<\/h2>\n<p>El uso de Camki tiene algunas desventajas que los usuarios deben tener en cuenta. En primer lugar, la plataforma no es tan segura como otras opciones disponibles. Esto significa que sus conversaciones podr\u00edan ser pirateadas o interceptadas. Adem\u00e1s, Camki no tiene muchas funciones en comparaci\u00f3n con otras plataformas, por lo que puede que te encuentres limitado en lo que puedes hacer.<\/p>\n<h2>Caracter\u00edsticas importantes del Camki<\/h2>\n<p>Si busca una plataforma de chat en l\u00ednea fiable, Camki es la elecci\u00f3n perfecta. Ofrece una variedad de caracter\u00edsticas que la hacen destacar de otras plataformas de chat. Estas son algunas de las caracter\u00edsticas m\u00e1s significativas de Camki:<\/p>\n<ul>\n<li style=\"font-weight: 400;\" aria-level=\"1\">Camki es incre\u00edblemente f\u00e1cil de usar. Incluso si no est\u00e1 familiarizado con las plataformas de chat, podr\u00e1 averiguar c\u00f3mo utilizar Camki en pocos minutos.<\/li>\n<li style=\"font-weight: 400;\" aria-level=\"1\">Camki ofrece un alto nivel de seguridad y privacidad. Todas tus conversaciones y chats est\u00e1n protegidos y nadie podr\u00e1 acceder a ellos a menos que les des permiso.<\/li>\n<li style=\"font-weight: 400;\" aria-level=\"1\">Camki es una gran plataforma para establecer contactos y conocer gente nueva. Puedes encontrar personas con intereses similares a los tuyos y conectar con ellas f\u00e1cilmente.<\/li>\n<li style=\"font-weight: 400;\" aria-level=\"1\">Camki tambi\u00e9n ofrece una variedad de funciones que te permiten personalizar tu experiencia de chat. Por ejemplo, puede cambiar el tama\u00f1o de la letra, el color y el fondo de la ventana de chat para hacerla m\u00e1s personal.<\/li>\n<\/ul>\n<p>Si busca una plataforma de chat en l\u00ednea fiable y repleta de funciones, Camki es la elecci\u00f3n perfecta.<\/p>\n<h2>\u00bfC\u00f3mo sacar el m\u00e1ximo partido al Camki?<\/h2>\n<p>Si buscas una plataforma de chat en l\u00ednea fiable, merece la pena echar un vistazo a Camki. Con su interfaz f\u00e1cil de usar y su amplia gama de funciones, Camki facilita el contacto con amigos y familiares sin importar en qu\u00e9 parte del mundo se encuentren. Aqu\u00ed tienes algunos consejos para sacar el m\u00e1ximo partido a Camki:<\/p>\n<ol>\n<li style=\"font-weight: 400;\" aria-level=\"1\">Utiliza la funci\u00f3n de b\u00fasqueda para encontrar a gente que conozcas o con la que quieras quedar. Puedes buscar personas por su nombre de usuario, direcci\u00f3n de correo electr\u00f3nico o incluso por su ubicaci\u00f3n.<\/li>\n<li style=\"font-weight: 400;\" aria-level=\"1\">Una vez que hayas encontrado a alguien con quien quieras chatear, s\u00f3lo tienes que hacer clic en su nombre y empezar a chatear. Camki tambi\u00e9n te permite hacer videollamadas, para que tengas la sensaci\u00f3n de estar hablando cara a cara est\u00e9s donde est\u00e9s.<\/li>\n<li style=\"font-weight: 400;\" aria-level=\"1\">No olvides aprovechar otras funciones de Camki, como el chat en grupo y el uso compartido de archivos. Pueden resultarte \u00fatiles cuando trabajes en un proyecto con amigos o necesites compartir un archivo grande de forma r\u00e1pida y sencilla.<\/li>\n<li style=\"font-weight: 400;\" aria-level=\"1\">Y por \u00faltimo, pero no por ello menos importante, \u00a1divi\u00e9rtete! Camki es una forma estupenda de mantenerte conectado con las personas que te importan, as\u00ed que aseg\u00farate de divertirte mientras lo usas.<\/li>\n<\/ol>\n<h2>\u00bfEs seguro?<\/h2>\n<p>Cuando se trata de plataformas de chat en l\u00ednea, siempre est\u00e1 la cuesti\u00f3n de la seguridad. \u00bfEs seguro utilizar Camki? La respuesta es s\u00ed. Camki es una plataforma de chat en l\u00ednea fiable que se toma muy en serio la seguridad y la privacidad. Todos los chats en Camki est\u00e1n encriptados de extremo a extremo, lo que significa que s\u00f3lo el emisor y el receptor pueden leer los mensajes. Adem\u00e1s, Camki no recoge ni almacena ning\u00fan dato del usuario. As\u00ed que puede estar seguro de que sus conversaciones son privadas y seguras.<\/p>\n<h2>Medidas preventivas durante el uso de Camki<\/h2>\n<p>Todos sabemos lo importante que es tener cuidado al utilizar las redes sociales y otras plataformas en l\u00ednea. Lo mismo ocurre con Camki, una plataforma de chat en l\u00ednea. Estas son algunas medidas preventivas que debe tomar al utilizar Camki:<\/p>\n<ol>\n<li style=\"font-weight: 400;\" aria-level=\"1\">No compartas tu informaci\u00f3n personal con nadie en Camki. Esto incluye tu nombre completo, direcci\u00f3n, n\u00famero de tel\u00e9fono, direcci\u00f3n de correo electr\u00f3nico, etc.<\/li>\n<li style=\"font-weight: 400;\" aria-level=\"1\">Ten cuidado con los enlaces en los que haces clic mientras utilizas Camki. Algunos enlaces pueden ser maliciosos y conducirle a sitios web de phishing o descargar malware en su dispositivo.<\/li>\n<li style=\"font-weight: 400;\" aria-level=\"1\">No realices ninguna actividad ilegal en Camki. Esto incluye compartir material protegido por derechos de autor o participar en ciberacoso.<\/li>\n<li style=\"font-weight: 400;\" aria-level=\"1\">Si detectas alguna actividad sospechosa en Camki, informa inmediatamente a los administradores de la plataforma.<\/li>\n<\/ol>\n<p>Siguiendo estas sencillas directrices, podr\u00e1 disfrutar de una experiencia segura y agradable al utilizar Camki.<\/p>\n<h2>Alternativas a Camki<\/h2>\n<p>Cuando se trata de plataformas de videochat aleatorio en l\u00ednea, Camki es una de las opciones m\u00e1s fiables que existen. Sin embargo, hay otras plataformas disponibles que ofrecen caracter\u00edsticas y funcionalidades similares. Aqu\u00ed tienes algunas alternativas a Camki que quiz\u00e1s quieras tener en cuenta:<\/p>\n<p><a href=\"https:\/\/strangercam.com\/es\/omegle\/\">Omegle<\/a>: Omegle es una de las plataformas de videochat aleatorio m\u00e1s conocidas. Ofrece una gran variedad de funciones, como chat de texto y de v\u00eddeo, y est\u00e1 disponible en una gran variedad de dispositivos.<\/p>\n<p><a href=\"https:\/\/strangercam.com\/es\/chatroulette\/\">Chatroulette<\/a>: Chatroulette es otra popular plataforma de videochat que te permite conectar con personas de todo el mundo. Ofrece una gran variedad de funciones, incluida la posibilidad de chatear con personas de pa\u00edses concretos.<\/p>\n<p><a href=\"https:\/\/strangercam.com\/es\/bazoocam\/\">Bazoocam<\/a>: Bazoocam es otra plataforma de videochat aleatorio que ofrece una gran variedad de funciones, incluida la posibilidad de chatear con personas de determinados pa\u00edses.<\/p>\n<h2>Conclusi\u00f3n<\/h2>\n<p>Esperamos que te haya gustado nuestro art\u00edculo sobre Camki, una plataforma de chat en l\u00ednea fiable. Tanto si buscas una nueva forma de comunicarte con tus amigos como si simplemente sientes curiosidad por lo que Camki puede ofrecerte, creemos que quedar\u00e1s impresionado por sus caracter\u00edsticas. Si tienes alguna pregunta o comentario, no dudes en dejarlos en la secci\u00f3n de abajo.<\/p>","protected":false},"excerpt":{"rendered":"<p>There are many online chatting platforms available today. Among them, Camki is a reliable online chatting platform that offers various features to its users. Some of these features include audio and video call support, instant messaging, file sharing, etc. What is Camki? Camki is a new online chatting platform that has been gaining popularity lately. [&hellip;]<\/p>\n","protected":false},"author":6,"featured_media":559,"parent":0,"menu_order":0,"comment_status":"closed","ping_status":"closed","template":"","meta":{"footnotes":""},"class_list":["post-11142","page","type-page","status-publish","has-post-thumbnail","hentry"],"yoast_head":"<!-- This site is optimized with the Yoast SEO plugin v27.4 - https:\/\/yoast.com\/product\/yoast-seo-wordpress\/ -->\n<title>Camki - Chat with strangers on StrangerCam.com<\/title>\n<meta name=\"description\" content=\"Like Camki? Come chat with more than 5.000.000 strangers on Stranger Cam for Free! Turn on your cam and find new friends &amp; maby a match!\" \/>\n<meta name=\"robots\" content=\"index, follow, max-snippet:-1, max-image-preview:large, max-video-preview:-1\" \/>\n<link rel=\"canonical\" href=\"https:\/\/strangercam.com\/es\/camki\/\" \/>\n<meta property=\"og:locale\" content=\"es_ES\" \/>\n<meta property=\"og:type\" content=\"article\" \/>\n<meta property=\"og:title\" content=\"Camki - Chat with strangers on StrangerCam.com\" \/>\n<meta property=\"og:description\" content=\"Like Camki? Come chat with more than 5.000.000 strangers on Stranger Cam for Free! Turn on your cam and find new friends &amp; maby a match!\" \/>\n<meta property=\"og:url\" content=\"https:\/\/strangercam.com\/es\/camki\/\" \/>\n<meta property=\"og:site_name\" content=\"Strangercam\" \/>\n<meta property=\"article:publisher\" content=\"https:\/\/www.facebook.com\/strangercam\" \/>\n<meta property=\"article:modified_time\" content=\"2023-08-21T09:40:39+00:00\" \/>\n<meta property=\"og:image\" content=\"https:\/\/strangercam.com\/wp-content\/uploads\/2020\/11\/stranger-cam-1.png\" \/>\n\t<meta property=\"og:image:width\" content=\"800\" \/>\n\t<meta property=\"og:image:height\" content=\"800\" \/>\n\t<meta property=\"og:image:type\" content=\"image\/png\" \/>\n<meta name=\"twitter:card\" content=\"summary_large_image\" \/>\n<meta name=\"twitter:site\" content=\"@strangercamapp\" \/>\n<meta name=\"twitter:label1\" content=\"Tiempo de lectura\" \/>\n\t<meta name=\"twitter:data1\" content=\"6 minutos\" \/>\n<script type=\"application\/ld+json\" class=\"yoast-schema-graph\">{\"@context\":\"https:\\\/\\\/schema.org\",\"@graph\":[{\"@type\":\"WebPage\",\"@id\":\"https:\\\/\\\/strangercam.com\\\/camki\\\/\",\"url\":\"https:\\\/\\\/strangercam.com\\\/camki\\\/\",\"name\":\"Camki - Chat with strangers on StrangerCam.com\",\"isPartOf\":{\"@id\":\"https:\\\/\\\/strangercam.com\\\/#website\"},\"primaryImageOfPage\":{\"@id\":\"https:\\\/\\\/strangercam.com\\\/camki\\\/#primaryimage\"},\"image\":{\"@id\":\"https:\\\/\\\/strangercam.com\\\/camki\\\/#primaryimage\"},\"thumbnailUrl\":\"https:\\\/\\\/strangercam.com\\\/wp-content\\\/uploads\\\/2020\\\/11\\\/stranger-cam-1.png\",\"datePublished\":\"2022-08-11T13:06:21+00:00\",\"dateModified\":\"2023-08-21T09:40:39+00:00\",\"description\":\"Like Camki? Come chat with more than 5.000.000 strangers on Stranger Cam for Free! Turn on your cam and find new friends & maby a match!\",\"breadcrumb\":{\"@id\":\"https:\\\/\\\/strangercam.com\\\/camki\\\/#breadcrumb\"},\"inLanguage\":\"es\",\"potentialAction\":[{\"@type\":\"ReadAction\",\"target\":[\"https:\\\/\\\/strangercam.com\\\/camki\\\/\"]}]},{\"@type\":\"ImageObject\",\"inLanguage\":\"es\",\"@id\":\"https:\\\/\\\/strangercam.com\\\/camki\\\/#primaryimage\",\"url\":\"https:\\\/\\\/strangercam.com\\\/wp-content\\\/uploads\\\/2020\\\/11\\\/stranger-cam-1.png\",\"contentUrl\":\"https:\\\/\\\/strangercam.com\\\/wp-content\\\/uploads\\\/2020\\\/11\\\/stranger-cam-1.png\",\"width\":800,\"height\":800,\"caption\":\"stranger cam random video chat\"},{\"@type\":\"BreadcrumbList\",\"@id\":\"https:\\\/\\\/strangercam.com\\\/camki\\\/#breadcrumb\",\"itemListElement\":[{\"@type\":\"ListItem\",\"position\":1,\"name\":\"Home\",\"item\":\"https:\\\/\\\/strangercam.com\\\/\"},{\"@type\":\"ListItem\",\"position\":2,\"name\":\"Camki\"}]},{\"@type\":\"WebSite\",\"@id\":\"https:\\\/\\\/strangercam.com\\\/#website\",\"url\":\"https:\\\/\\\/strangercam.com\\\/\",\"name\":\"Strangercam\",\"description\":\"Random Video Chat with Strangers\",\"publisher\":{\"@id\":\"https:\\\/\\\/strangercam.com\\\/#organization\"},\"alternateName\":\"Strangercam.com\",\"potentialAction\":[{\"@type\":\"SearchAction\",\"target\":{\"@type\":\"EntryPoint\",\"urlTemplate\":\"https:\\\/\\\/strangercam.com\\\/?s={search_term_string}\"},\"query-input\":{\"@type\":\"PropertyValueSpecification\",\"valueRequired\":true,\"valueName\":\"search_term_string\"}}],\"inLanguage\":\"es\"},{\"@type\":\"Organization\",\"@id\":\"https:\\\/\\\/strangercam.com\\\/#organization\",\"name\":\"Strangercam\",\"alternateName\":\"Strangercam.com\",\"url\":\"https:\\\/\\\/strangercam.com\\\/\",\"logo\":{\"@type\":\"ImageObject\",\"inLanguage\":\"es\",\"@id\":\"https:\\\/\\\/strangercam.com\\\/#\\\/schema\\\/logo\\\/image\\\/\",\"url\":\"https:\\\/\\\/strangercam.com\\\/wp-content\\\/uploads\\\/2020\\\/11\\\/cropped-new-favicon-black.png\",\"contentUrl\":\"https:\\\/\\\/strangercam.com\\\/wp-content\\\/uploads\\\/2020\\\/11\\\/cropped-new-favicon-black.png\",\"width\":512,\"height\":512,\"caption\":\"Strangercam\"},\"image\":{\"@id\":\"https:\\\/\\\/strangercam.com\\\/#\\\/schema\\\/logo\\\/image\\\/\"},\"sameAs\":[\"https:\\\/\\\/www.facebook.com\\\/strangercam\",\"https:\\\/\\\/x.com\\\/strangercamapp\"]}]}<\/script>\n<!-- \/ Yoast SEO plugin. -->","yoast_head_json":{"title":"Camki - Chatea con desconocidos en StrangerCam.com","description":"\u00bfTe gusta Camki? \u00a1Ven a chatear gratis con m\u00e1s de 5.000.000 de desconocidos en Stranger Cam! \u00a1Enciende tu c\u00e1mara y encuentra nuevos amigos y tal vez una pareja!","robots":{"index":"index","follow":"follow","max-snippet":"max-snippet:-1","max-image-preview":"max-image-preview:large","max-video-preview":"max-video-preview:-1"},"canonical":"https:\/\/strangercam.com\/es\/camki\/","og_locale":"es_ES","og_type":"article","og_title":"Camki - Chat with strangers on StrangerCam.com","og_description":"Like Camki? Come chat with more than 5.000.000 strangers on Stranger Cam for Free! Turn on your cam and find new friends & maby a match!","og_url":"https:\/\/strangercam.com\/es\/camki\/","og_site_name":"Strangercam","article_publisher":"https:\/\/www.facebook.com\/strangercam","article_modified_time":"2023-08-21T09:40:39+00:00","og_image":[{"width":800,"height":800,"url":"https:\/\/strangercam.com\/wp-content\/uploads\/2020\/11\/stranger-cam-1.png","type":"image\/png"}],"twitter_card":"summary_large_image","twitter_site":"@strangercamapp","twitter_misc":{"Tiempo de lectura":"6 minutos"},"schema":{"@context":"https:\/\/schema.org","@graph":[{"@type":"WebPage","@id":"https:\/\/strangercam.com\/camki\/","url":"https:\/\/strangercam.com\/camki\/","name":"Camki - Chatea con desconocidos en StrangerCam.com","isPartOf":{"@id":"https:\/\/strangercam.com\/#website"},"primaryImageOfPage":{"@id":"https:\/\/strangercam.com\/camki\/#primaryimage"},"image":{"@id":"https:\/\/strangercam.com\/camki\/#primaryimage"},"thumbnailUrl":"https:\/\/strangercam.com\/wp-content\/uploads\/2020\/11\/stranger-cam-1.png","datePublished":"2022-08-11T13:06:21+00:00","dateModified":"2023-08-21T09:40:39+00:00","description":"\u00bfTe gusta Camki? \u00a1Ven a chatear gratis con m\u00e1s de 5.000.000 de desconocidos en Stranger Cam! \u00a1Enciende tu c\u00e1mara y encuentra nuevos amigos y tal vez una pareja!","breadcrumb":{"@id":"https:\/\/strangercam.com\/camki\/#breadcrumb"},"inLanguage":"es","potentialAction":[{"@type":"ReadAction","target":["https:\/\/strangercam.com\/camki\/"]}]},{"@type":"ImageObject","inLanguage":"es","@id":"https:\/\/strangercam.com\/camki\/#primaryimage","url":"https:\/\/strangercam.com\/wp-content\/uploads\/2020\/11\/stranger-cam-1.png","contentUrl":"https:\/\/strangercam.com\/wp-content\/uploads\/2020\/11\/stranger-cam-1.png","width":800,"height":800,"caption":"stranger cam random video chat"},{"@type":"BreadcrumbList","@id":"https:\/\/strangercam.com\/camki\/#breadcrumb","itemListElement":[{"@type":"ListItem","position":1,"name":"Home","item":"https:\/\/strangercam.com\/"},{"@type":"ListItem","position":2,"name":"Camki"}]},{"@type":"WebSite","@id":"https:\/\/strangercam.com\/#website","url":"https:\/\/strangercam.com\/","name":"Strangercam","description":"Videochat aleatorio con desconocidos","publisher":{"@id":"https:\/\/strangercam.com\/#organization"},"alternateName":"Strangercam.com","potentialAction":[{"@type":"SearchAction","target":{"@type":"EntryPoint","urlTemplate":"https:\/\/strangercam.com\/?s={search_term_string}"},"query-input":{"@type":"PropertyValueSpecification","valueRequired":true,"valueName":"search_term_string"}}],"inLanguage":"es"},{"@type":"Organization","@id":"https:\/\/strangercam.com\/#organization","name":"Strangercam","alternateName":"Strangercam.com","url":"https:\/\/strangercam.com\/","logo":{"@type":"ImageObject","inLanguage":"es","@id":"https:\/\/strangercam.com\/#\/schema\/logo\/image\/","url":"https:\/\/strangercam.com\/wp-content\/uploads\/2020\/11\/cropped-new-favicon-black.png","contentUrl":"https:\/\/strangercam.com\/wp-content\/uploads\/2020\/11\/cropped-new-favicon-black.png","width":512,"height":512,"caption":"Strangercam"},"image":{"@id":"https:\/\/strangercam.com\/#\/schema\/logo\/image\/"},"sameAs":["https:\/\/www.facebook.com\/strangercam","https:\/\/x.com\/strangercamapp"]}]}},"_links":{"self":[{"href":"https:\/\/strangercam.com\/es\/wp-json\/wp\/v2\/pages\/11142","targetHints":{"allow":["GET"]}}],"collection":[{"href":"https:\/\/strangercam.com\/es\/wp-json\/wp\/v2\/pages"}],"about":[{"href":"https:\/\/strangercam.com\/es\/wp-json\/wp\/v2\/types\/page"}],"author":[{"embeddable":true,"href":"https:\/\/strangercam.com\/es\/wp-json\/wp\/v2\/users\/6"}],"replies":[{"embeddable":true,"href":"https:\/\/strangercam.com\/es\/wp-json\/wp\/v2\/comments?post=11142"}],"version-history":[{"count":0,"href":"https:\/\/strangercam.com\/es\/wp-json\/wp\/v2\/pages\/11142\/revisions"}],"wp:featuredmedia":[{"embeddable":true,"href":"https:\/\/strangercam.com\/es\/wp-json\/wp\/v2\/media\/559"}],"wp:attachment":[{"href":"https:\/\/strangercam.com\/es\/wp-json\/wp\/v2\/media?parent=11142"}],"curies":[{"name":"wp","href":"https:\/\/api.w.org\/{rel}","templated":true}]}}