{"id":11108,"date":"2022-08-11T14:46:42","date_gmt":"2022-08-11T12:46:42","guid":{"rendered":"https:\/\/strangercam.com\/?page_id=11108"},"modified":"2023-08-21T11:40:39","modified_gmt":"2023-08-21T09:40:39","slug":"camround","status":"publish","type":"page","link":"https:\/\/strangercam.com\/es\/camround\/","title":{"rendered":"Camround"},"content":{"rendered":"<p>En el mundo actual, es f\u00e1cil sentirse solo y como si no tuvieras a nadie con quien hablar. Si busca una forma de <a href=\"https:\/\/strangercam.com\/es\/coomeet\/\">conozca<\/a> gente nueva y hacer amigos, \u00a1Camround es la aplicaci\u00f3n perfecta para ti! Camround es una aplicaci\u00f3n de redes sociales que te conecta con gente aleatoria de todo el mundo.<\/p>\n<h2>\u00bfQu\u00e9 es Camround?<\/h2>\n<p>Camround es una nueva red social que te ayuda a conocer gente al azar y hacer nuevos amigos. Es muy f\u00e1cil de usar: s\u00f3lo tienes que registrarte y empezar a chatear con gente de todo el mundo. Camround es una forma estupenda de conocer gente nueva, aprender sobre culturas diferentes y hacer nuevos amigos.<\/p>\n<h2>\u00bfC\u00f3mo funciona Camround?<\/h2>\n<p>Camround es una red social que conecta a personas de todo el mundo. Es muy f\u00e1cil de usar: \u00a1s\u00f3lo tienes que registrarte y empezar a chatear! Podr\u00e1s hacer nuevos amigos, conocer nuevas culturas e incluso encontrar el amor.<\/p>\n<h2>Ventajas e inconvenientes del Camround<\/h2>\n<p>Si est\u00e1s buscando una nueva forma de conocer gente y hacer amigos, puede que te est\u00e9s preguntando si Camround es la opci\u00f3n adecuada para ti. En esta entrada del blog, vamos a repasar algunos de los pros y los contras de usar Camround para que puedas decidir por ti mismo si es adecuado para ti.<\/p>\n<h4>Pros:<\/h4>\n<ul>\n<li style=\"font-weight: 400;\" aria-level=\"1\">Camround es una gran manera de conocer gente nueva de todo el mundo. Puedes conectar con personas que comparten tus intereses, \u00a1y nunca se sabe a qui\u00e9n puedes conocer!<\/li>\n<li style=\"font-weight: 400;\" aria-level=\"1\">Es una forma f\u00e1cil y divertida de socializar en Internet. Puedes entablar conversaciones con gente f\u00e1cilmente y no hay presi\u00f3n para quedar en persona si a\u00fan no est\u00e1s preparado.<\/li>\n<li style=\"font-weight: 400;\" aria-level=\"1\">Camround es gratuito, as\u00ed que puedes probarlo sin ning\u00fan compromiso.<\/li>\n<\/ul>\n<h4>Contras:<\/h4>\n<ul>\n<li style=\"font-weight: 400;\" aria-level=\"1\">Porque Camround es un <a href=\"https:\/\/strangercam.com\/es\/chatroulette\/\">chat<\/a> sitio, siempre existe la posibilidad de toparse con comportamientos inadecuados o con depredadores. Si no tienes cuidado, puedes acabar en una situaci\u00f3n peligrosa.<\/li>\n<li style=\"font-weight: 400;\" aria-level=\"1\">Tambi\u00e9n existe la posibilidad de perder mucho tiempo en Camround si no se tiene cuidado. Es f\u00e1cil pasarse horas y horas chateando sin conseguir nada.<\/li>\n<\/ul>\n<h2>Caracter\u00edsticas significativas del Camround<\/h2>\n<p>Una de las caracter\u00edsticas significativas de Camround es que te ayuda a conocer gente al azar y hacer nuevos amigos. Es una red social que te permite conectar con gente de todo el mundo. Lo mejor de Camround es que es totalmente gratuito.<\/p>\n<p>Otra gran caracter\u00edstica de Camround es que te brinda la oportunidad de aprender sobre diferentes culturas. Puede interactuar con personas de distintas partes del mundo y conocer sus costumbres y tradiciones. Es una forma estupenda de ampliar tus horizontes y comprender mejor el mundo que te rodea.<\/p>\n<p>Camround es tambi\u00e9n una forma estupenda de mantener el contacto con viejos amigos. Puedes reencontrarte con antiguos compa\u00f1eros de clase o incluso hacer nuevos amigos que compartan tus intereses. Camround te permite mantenerte en contacto con las personas que m\u00e1s te importan.<\/p>\n<p>\u00bfA qu\u00e9 est\u00e1s esperando? Reg\u00edstrate en Camround hoy mismo y empieza a conocer gente nueva de todo el mundo.<\/p>\n<h2>\u00bfC\u00f3mo sacar el m\u00e1ximo partido al Camround?<\/h2>\n<p>Si quieres hacer nuevos amigos y conocer gente al azar, \u00a1el Camround es el lugar perfecto para ti! Aqu\u00ed tienes algunos consejos para aprovechar al m\u00e1ximo tu experiencia:<\/p>\n<ul>\n<li style=\"font-weight: 400;\" aria-level=\"1\">S\u00e9 t\u00fa mismo La mejor manera de hacer amigos es ser t\u00fa mismo y dejar que los dem\u00e1s conozcan tu verdadero yo.<\/li>\n<li style=\"font-weight: 400;\" aria-level=\"1\">Mu\u00e9strate abierto a conocer gente nueva. No tengas miedo de entablar conversaci\u00f3n con alguien que no conoces.<\/li>\n<li style=\"font-weight: 400;\" aria-level=\"1\">Participa en la comunidad. Siempre hay cosas divertidas en la comunidad Camround, as\u00ed que participa y \u00fanete a la diversi\u00f3n.<\/li>\n<li style=\"font-weight: 400;\" aria-level=\"1\">S\u00e9 respetuoso. Recuerda ser respetuoso con los dem\u00e1s y sus opiniones, aunque no est\u00e9s de acuerdo con ellas.<\/li>\n<li style=\"font-weight: 400;\" aria-level=\"1\">Divi\u00e9rtete Hacer nuevos amigos debe ser agradable, as\u00ed que rel\u00e1jate y divi\u00e9rtete.<\/li>\n<\/ul>\n<h2>\u00bfPor qu\u00e9 Camround es una plataforma de videochat aleatoria tan popular?<\/h2>\n<p><a href=\"https:\/\/strangercam.com\/es\/chathub\/\">Videochat aleatorio<\/a> plataformas como Camround son cada vez m\u00e1s populares, ya que la gente busca nuevas formas de conectar con otras personas en Internet. Hay varias razones por las que Camround es tan popular, entre ellas la posibilidad de conocer gente nueva de todo el mundo y el hecho de que su uso es gratuito.<\/p>\n<p>Una de las mejores cosas de Camround es que ofrece a los usuarios la oportunidad de conocer gente nueva de todo el mundo. Est\u00e9s donde est\u00e9s, puedes conectarte y empezar a chatear con alguien nuevo. Es una forma estupenda de hacer nuevos amigos y ampliar tu c\u00edrculo social.<\/p>\n<p>Otra raz\u00f3n por la que Camround es tan popular es que su uso es gratuito. No tienes que pagar nada para registrarte o chatear, lo que lo hace accesible a todo el mundo. Esto tambi\u00e9n significa que no hay anuncios, por lo que puedes disfrutar de tus conversaciones sin interrupciones.<\/p>\n<p>Si buscas una forma f\u00e1cil y divertida de conocer gente nueva, merece la pena echar un vistazo a Camround.<\/p>\n<h2>\u00bfQu\u00e9 esperar al utilizar una plataforma de videochat aleatoria?<\/h2>\n<p>Un azar <a href=\"https:\/\/strangercam.com\/es\/rabbit-video-chat\/\">chat de v\u00eddeo<\/a> puede ser una forma estupenda de conocer gente nueva y hacer nuevos amigos. Sin embargo, hay algunas cosas que debes tener en cuenta cuando utilices una plataforma de este tipo.<\/p>\n<p>En primer lugar, recuerda que no todas las personas que conozcas en una plataforma de videochat aleatoria ser\u00e1n quienes dicen ser. Hay estafadores y depredadores que utilizan estas plataformas para aprovecharse de usuarios desprevenidos. Usa el sentido com\u00fan y s\u00e9 prudente cuando interact\u00faes con alguien que conozcas en una plataforma de videochat aleatoria.<\/p>\n<p>En segundo lugar, ten en cuenta que algunas de las personas que conozcas en una plataforma de videochat aleatoria pueden no estar interesadas en hablar contigo. Si alguien parece desinteresado o no responde, no te lo tomes como algo personal; simplemente pasa a otra persona.<\/p>\n<p>Por \u00faltimo, no facilites informaci\u00f3n personal ni env\u00edes dinero a nadie que conozcas en una plataforma de videochat aleatoria.<\/p>\n<h2>\u00bfEs seguro?<\/h2>\n<p>En lo que respecta a la seguridad en l\u00ednea, Camround toma medidas para garantizar que sus usuarios est\u00e9n protegidos de estafadores y timadores. El sitio utiliza sistemas de verificaci\u00f3n para confirmar la identidad de sus miembros, y tambi\u00e9n tiene una estricta pol\u00edtica anti-spam. Adem\u00e1s, Camround ofrece un modo seguro para los usuarios que deseen limitar sus interacciones s\u00f3lo a aquellos que hayan sido verificados por el sitio.<\/p>\n<h2>Alternativas a Camround<\/h2>\n<p>\u00bfBuscas alternativas a Camround? Aqu\u00ed tienes otras formas de conocer gente al azar y hacer nuevos amigos:<\/p>\n<ul>\n<li style=\"font-weight: 400;\" aria-level=\"1\">Cam4 - Cam4 es un sitio que te permite chatear por v\u00eddeo con gente al azar. Es muy similar a Camround, excepto que no tiene las mismas caracter\u00edsticas.<\/li>\n<li style=\"font-weight: 400;\" aria-level=\"1\"><a href=\"https:\/\/strangercam.com\/es\/omegle\/\">Omegle<\/a> es otro sitio que te permite chatear por v\u00eddeo con gente al azar. No tiene tantas funciones como Camround, pero sigue siendo una gran opci\u00f3n.<\/li>\n<li style=\"font-weight: 400;\" aria-level=\"1\">Chaturbate: Una gran alternativa a Camround, Chaturbate es una plataforma de webcams en directo con millones de usuarios.<\/li>\n<\/ul>\n<h2>Conclusi\u00f3n<\/h2>\n<p>Camround es una gran aplicaci\u00f3n para hacer nuevos amigos y conocer gente al azar. Es f\u00e1cil de usar y gratuita, as\u00ed que no hay nada que te impida probarla. Tanto si buscas a alguien para chatear como si quieres quedar con alguien en persona, merece la pena echar un vistazo a Camround.<\/p>","protected":false},"excerpt":{"rendered":"<p>In today&#8217;s world, it&#8217;s easy to feel alone and like you don&#8217;t have anyone to talk to. If you&#8217;re looking for a way to meet new people and make friends, Camround is the perfect app for you! Camround is a social networking app that connects you with random people from all over the world. What [&hellip;]<\/p>\n","protected":false},"author":6,"featured_media":559,"parent":0,"menu_order":0,"comment_status":"closed","ping_status":"closed","template":"","meta":{"footnotes":""},"class_list":["post-11108","page","type-page","status-publish","has-post-thumbnail","hentry"],"yoast_head":"<!-- This site is optimized with the Yoast SEO plugin v27.4 - https:\/\/yoast.com\/product\/yoast-seo-wordpress\/ -->\n<title>Camround - Chat with strangers on StrangerCam.com<\/title>\n<meta name=\"description\" content=\"Like Camround? Come chat with more than 5.000.000 strangers on Stranger Cam for Free! Turn on your cam and find new friends &amp; maby a match!\" \/>\n<meta name=\"robots\" content=\"index, follow, max-snippet:-1, max-image-preview:large, max-video-preview:-1\" \/>\n<link rel=\"canonical\" href=\"https:\/\/strangercam.com\/es\/camround\/\" \/>\n<meta property=\"og:locale\" content=\"es_ES\" \/>\n<meta property=\"og:type\" content=\"article\" \/>\n<meta property=\"og:title\" content=\"Camround - Chat with strangers on StrangerCam.com\" \/>\n<meta property=\"og:description\" content=\"Like Camround? Come chat with more than 5.000.000 strangers on Stranger Cam for Free! Turn on your cam and find new friends &amp; maby a match!\" \/>\n<meta property=\"og:url\" content=\"https:\/\/strangercam.com\/es\/camround\/\" \/>\n<meta property=\"og:site_name\" content=\"Strangercam\" \/>\n<meta property=\"article:publisher\" content=\"https:\/\/www.facebook.com\/strangercam\" \/>\n<meta property=\"article:modified_time\" content=\"2023-08-21T09:40:39+00:00\" \/>\n<meta property=\"og:image\" content=\"https:\/\/strangercam.com\/wp-content\/uploads\/2020\/11\/stranger-cam-1.png\" \/>\n\t<meta property=\"og:image:width\" content=\"800\" \/>\n\t<meta property=\"og:image:height\" content=\"800\" \/>\n\t<meta property=\"og:image:type\" content=\"image\/png\" \/>\n<meta name=\"twitter:card\" content=\"summary_large_image\" \/>\n<meta name=\"twitter:site\" content=\"@strangercamapp\" \/>\n<meta name=\"twitter:label1\" content=\"Tiempo de lectura\" \/>\n\t<meta name=\"twitter:data1\" content=\"6 minutos\" \/>\n<script type=\"application\/ld+json\" class=\"yoast-schema-graph\">{\"@context\":\"https:\\\/\\\/schema.org\",\"@graph\":[{\"@type\":\"WebPage\",\"@id\":\"https:\\\/\\\/strangercam.com\\\/camround\\\/\",\"url\":\"https:\\\/\\\/strangercam.com\\\/camround\\\/\",\"name\":\"Camround - Chat with strangers on StrangerCam.com\",\"isPartOf\":{\"@id\":\"https:\\\/\\\/strangercam.com\\\/#website\"},\"primaryImageOfPage\":{\"@id\":\"https:\\\/\\\/strangercam.com\\\/camround\\\/#primaryimage\"},\"image\":{\"@id\":\"https:\\\/\\\/strangercam.com\\\/camround\\\/#primaryimage\"},\"thumbnailUrl\":\"https:\\\/\\\/strangercam.com\\\/wp-content\\\/uploads\\\/2020\\\/11\\\/stranger-cam-1.png\",\"datePublished\":\"2022-08-11T12:46:42+00:00\",\"dateModified\":\"2023-08-21T09:40:39+00:00\",\"description\":\"Like Camround? Come chat with more than 5.000.000 strangers on Stranger Cam for Free! Turn on your cam and find new friends & maby a match!\",\"breadcrumb\":{\"@id\":\"https:\\\/\\\/strangercam.com\\\/camround\\\/#breadcrumb\"},\"inLanguage\":\"es\",\"potentialAction\":[{\"@type\":\"ReadAction\",\"target\":[\"https:\\\/\\\/strangercam.com\\\/camround\\\/\"]}]},{\"@type\":\"ImageObject\",\"inLanguage\":\"es\",\"@id\":\"https:\\\/\\\/strangercam.com\\\/camround\\\/#primaryimage\",\"url\":\"https:\\\/\\\/strangercam.com\\\/wp-content\\\/uploads\\\/2020\\\/11\\\/stranger-cam-1.png\",\"contentUrl\":\"https:\\\/\\\/strangercam.com\\\/wp-content\\\/uploads\\\/2020\\\/11\\\/stranger-cam-1.png\",\"width\":800,\"height\":800,\"caption\":\"stranger cam random video chat\"},{\"@type\":\"BreadcrumbList\",\"@id\":\"https:\\\/\\\/strangercam.com\\\/camround\\\/#breadcrumb\",\"itemListElement\":[{\"@type\":\"ListItem\",\"position\":1,\"name\":\"Home\",\"item\":\"https:\\\/\\\/strangercam.com\\\/\"},{\"@type\":\"ListItem\",\"position\":2,\"name\":\"Camround\"}]},{\"@type\":\"WebSite\",\"@id\":\"https:\\\/\\\/strangercam.com\\\/#website\",\"url\":\"https:\\\/\\\/strangercam.com\\\/\",\"name\":\"Strangercam\",\"description\":\"Random Video Chat with Strangers\",\"publisher\":{\"@id\":\"https:\\\/\\\/strangercam.com\\\/#organization\"},\"alternateName\":\"Strangercam.com\",\"potentialAction\":[{\"@type\":\"SearchAction\",\"target\":{\"@type\":\"EntryPoint\",\"urlTemplate\":\"https:\\\/\\\/strangercam.com\\\/?s={search_term_string}\"},\"query-input\":{\"@type\":\"PropertyValueSpecification\",\"valueRequired\":true,\"valueName\":\"search_term_string\"}}],\"inLanguage\":\"es\"},{\"@type\":\"Organization\",\"@id\":\"https:\\\/\\\/strangercam.com\\\/#organization\",\"name\":\"Strangercam\",\"alternateName\":\"Strangercam.com\",\"url\":\"https:\\\/\\\/strangercam.com\\\/\",\"logo\":{\"@type\":\"ImageObject\",\"inLanguage\":\"es\",\"@id\":\"https:\\\/\\\/strangercam.com\\\/#\\\/schema\\\/logo\\\/image\\\/\",\"url\":\"https:\\\/\\\/strangercam.com\\\/wp-content\\\/uploads\\\/2020\\\/11\\\/cropped-new-favicon-black.png\",\"contentUrl\":\"https:\\\/\\\/strangercam.com\\\/wp-content\\\/uploads\\\/2020\\\/11\\\/cropped-new-favicon-black.png\",\"width\":512,\"height\":512,\"caption\":\"Strangercam\"},\"image\":{\"@id\":\"https:\\\/\\\/strangercam.com\\\/#\\\/schema\\\/logo\\\/image\\\/\"},\"sameAs\":[\"https:\\\/\\\/www.facebook.com\\\/strangercam\",\"https:\\\/\\\/x.com\\\/strangercamapp\"]}]}<\/script>\n<!-- \/ Yoast SEO plugin. -->","yoast_head_json":{"title":"Camround - Chatea con desconocidos en StrangerCam.com","description":"\u00bfTe gusta Camround? \u00a1Ven a chatear gratis con m\u00e1s de 5.000.000 de desconocidos en Stranger Cam! \u00a1Enciende tu c\u00e1mara y encuentra nuevos amigos y tal vez una pareja!","robots":{"index":"index","follow":"follow","max-snippet":"max-snippet:-1","max-image-preview":"max-image-preview:large","max-video-preview":"max-video-preview:-1"},"canonical":"https:\/\/strangercam.com\/es\/camround\/","og_locale":"es_ES","og_type":"article","og_title":"Camround - Chat with strangers on StrangerCam.com","og_description":"Like Camround? Come chat with more than 5.000.000 strangers on Stranger Cam for Free! Turn on your cam and find new friends & maby a match!","og_url":"https:\/\/strangercam.com\/es\/camround\/","og_site_name":"Strangercam","article_publisher":"https:\/\/www.facebook.com\/strangercam","article_modified_time":"2023-08-21T09:40:39+00:00","og_image":[{"width":800,"height":800,"url":"https:\/\/strangercam.com\/wp-content\/uploads\/2020\/11\/stranger-cam-1.png","type":"image\/png"}],"twitter_card":"summary_large_image","twitter_site":"@strangercamapp","twitter_misc":{"Tiempo de lectura":"6 minutos"},"schema":{"@context":"https:\/\/schema.org","@graph":[{"@type":"WebPage","@id":"https:\/\/strangercam.com\/camround\/","url":"https:\/\/strangercam.com\/camround\/","name":"Camround - Chatea con desconocidos en StrangerCam.com","isPartOf":{"@id":"https:\/\/strangercam.com\/#website"},"primaryImageOfPage":{"@id":"https:\/\/strangercam.com\/camround\/#primaryimage"},"image":{"@id":"https:\/\/strangercam.com\/camround\/#primaryimage"},"thumbnailUrl":"https:\/\/strangercam.com\/wp-content\/uploads\/2020\/11\/stranger-cam-1.png","datePublished":"2022-08-11T12:46:42+00:00","dateModified":"2023-08-21T09:40:39+00:00","description":"\u00bfTe gusta Camround? \u00a1Ven a chatear gratis con m\u00e1s de 5.000.000 de desconocidos en Stranger Cam! \u00a1Enciende tu c\u00e1mara y encuentra nuevos amigos y tal vez una pareja!","breadcrumb":{"@id":"https:\/\/strangercam.com\/camround\/#breadcrumb"},"inLanguage":"es","potentialAction":[{"@type":"ReadAction","target":["https:\/\/strangercam.com\/camround\/"]}]},{"@type":"ImageObject","inLanguage":"es","@id":"https:\/\/strangercam.com\/camround\/#primaryimage","url":"https:\/\/strangercam.com\/wp-content\/uploads\/2020\/11\/stranger-cam-1.png","contentUrl":"https:\/\/strangercam.com\/wp-content\/uploads\/2020\/11\/stranger-cam-1.png","width":800,"height":800,"caption":"stranger cam random video chat"},{"@type":"BreadcrumbList","@id":"https:\/\/strangercam.com\/camround\/#breadcrumb","itemListElement":[{"@type":"ListItem","position":1,"name":"Home","item":"https:\/\/strangercam.com\/"},{"@type":"ListItem","position":2,"name":"Camround"}]},{"@type":"WebSite","@id":"https:\/\/strangercam.com\/#website","url":"https:\/\/strangercam.com\/","name":"Strangercam","description":"Videochat aleatorio con desconocidos","publisher":{"@id":"https:\/\/strangercam.com\/#organization"},"alternateName":"Strangercam.com","potentialAction":[{"@type":"SearchAction","target":{"@type":"EntryPoint","urlTemplate":"https:\/\/strangercam.com\/?s={search_term_string}"},"query-input":{"@type":"PropertyValueSpecification","valueRequired":true,"valueName":"search_term_string"}}],"inLanguage":"es"},{"@type":"Organization","@id":"https:\/\/strangercam.com\/#organization","name":"Strangercam","alternateName":"Strangercam.com","url":"https:\/\/strangercam.com\/","logo":{"@type":"ImageObject","inLanguage":"es","@id":"https:\/\/strangercam.com\/#\/schema\/logo\/image\/","url":"https:\/\/strangercam.com\/wp-content\/uploads\/2020\/11\/cropped-new-favicon-black.png","contentUrl":"https:\/\/strangercam.com\/wp-content\/uploads\/2020\/11\/cropped-new-favicon-black.png","width":512,"height":512,"caption":"Strangercam"},"image":{"@id":"https:\/\/strangercam.com\/#\/schema\/logo\/image\/"},"sameAs":["https:\/\/www.facebook.com\/strangercam","https:\/\/x.com\/strangercamapp"]}]}},"_links":{"self":[{"href":"https:\/\/strangercam.com\/es\/wp-json\/wp\/v2\/pages\/11108","targetHints":{"allow":["GET"]}}],"collection":[{"href":"https:\/\/strangercam.com\/es\/wp-json\/wp\/v2\/pages"}],"about":[{"href":"https:\/\/strangercam.com\/es\/wp-json\/wp\/v2\/types\/page"}],"author":[{"embeddable":true,"href":"https:\/\/strangercam.com\/es\/wp-json\/wp\/v2\/users\/6"}],"replies":[{"embeddable":true,"href":"https:\/\/strangercam.com\/es\/wp-json\/wp\/v2\/comments?post=11108"}],"version-history":[{"count":0,"href":"https:\/\/strangercam.com\/es\/wp-json\/wp\/v2\/pages\/11108\/revisions"}],"wp:featuredmedia":[{"embeddable":true,"href":"https:\/\/strangercam.com\/es\/wp-json\/wp\/v2\/media\/559"}],"wp:attachment":[{"href":"https:\/\/strangercam.com\/es\/wp-json\/wp\/v2\/media?parent=11108"}],"curies":[{"name":"wp","href":"https:\/\/api.w.org\/{rel}","templated":true}]}}