{"id":1004,"date":"2021-01-10T16:44:29","date_gmt":"2021-01-10T14:44:29","guid":{"rendered":"https:\/\/strangercam.com\/?page_id=1004"},"modified":"2023-08-21T12:24:41","modified_gmt":"2023-08-21T10:24:41","slug":"emerald-chat","status":"publish","type":"page","link":"https:\/\/strangercam.com\/es\/emerald-chat\/","title":{"rendered":"Emerald Chat"},"content":{"rendered":"<p>Hoy en d\u00eda, la mayor\u00eda de la gente lleva un estilo de vida muy ajetreado para conseguir sus objetivos. Como resultado, les resulta dif\u00edcil hacer nuevos amigos para compartir sus emociones y otras cosas. Con el r\u00e1pido crecimiento de las tecnolog\u00edas, cada d\u00eda es m\u00e1s f\u00e1cil conectar con desconocidos y entablar nuevas relaciones. Hoy en d\u00eda, existen plataformas web y aplicaciones m\u00f3viles que pretenden satisfacer las expectativas de los usuarios que quieren <a href=\"https:\/\/strangercam.com\/es\/chatroulette\/\">chat<\/a> con otros f\u00e1cilmente. Al mismo tiempo, es necesario evaluarlas con gran atenci\u00f3n para elegir la adecuada.<\/p>\n<h2>Plataforma web Emerald para conocer gente nueva<\/h2>\n<p>Esmeralda es una plataforma web dise\u00f1ada para conocer gente nueva en l\u00ednea r\u00e1pidamente. La plataforma permite a los usuarios encontrar lo antes posible a personas interesantes de diferentes \u00e1mbitos. Ofrece formas de entrar en contacto con personas que tienen intereses similares. Cualquiera que desee chatear con desconocidos puede utilizar esta plataforma porque ofrece las mejores prestaciones. De hecho, la plataforma es el destino adecuado para aquellos que quieren identificar a su especial en sencillos pasos. Al mismo tiempo, los usuarios deben leer atentamente las instrucciones antes de chatear.<\/p>\n<h2>\u00bfC\u00f3mo funciona?<\/h2>\n<p>Se afirma que EmeraldChat es la alternativa a <a href=\"https:\/\/strangercam.com\/es\/omegle\/\">Omegle<\/a> y su interfaz de usuario es pr\u00e1cticamente la misma. Al igual que el Omegle, no requiere demasiada informaci\u00f3n para registrarse y puedes iniciar un <a href=\"https:\/\/strangercam.com\/es\/video-chat-with-strangers\/\">videochat con desconocidos<\/a> libremente.<\/p>\n<p>Para empezar a chatear por v\u00eddeo con desconocidos, tienes que ir a la p\u00e1gina de inicio y hacer clic en el bot\u00f3n de inicio. A continuaci\u00f3n, seleccione el g\u00e9nero masculino-femenino, otro despu\u00e9s de que se le pedir\u00e1 que seleccione una opci\u00f3n de<\/p>\n<ul>\n<li>Uno a uno Chat de texto<\/li>\n<li><a href=\"https:\/\/strangercam.com\/es\/rabbit-video-chat\/\">Videochat<\/a><\/li>\n<li>Chat en grupo<\/li>\n<\/ul>\n<h3>Chat de texto uno a uno:<\/h3>\n<p>En el chat uno a uno, tienes la opci\u00f3n de chatear con una sola persona y puedes seleccionar a esa persona de los 13 hashtags diferentes y una vez que hagas clic en el hashtag de tu inter\u00e9s Emerald encontrar\u00e1 una coincidencia para ti, y entonces podr\u00e1s empezar a chatear con esa persona.<\/p>\n<h3>Videochat<\/h3>\n<p>En el chat de texto uno a uno, s\u00f3lo puedes chatear por texto con una persona. Si quieres ver a la otra persona a trav\u00e9s de una webcam, tendr\u00e1s que seleccionar la opci\u00f3n de videochat. Mucha gente prefiere esta opci\u00f3n y quiere chatear por v\u00eddeo con desconocidos. Es donde usted puede encontrar buenos amigos o romance o se puede disfrutar de la compa\u00f1\u00eda oportuna. Al utilizar el chat de v\u00eddeo hay que tener m\u00e1s cuidado y nunca decir ninguna informaci\u00f3n personal o seething as\u00ed a cualquier extra\u00f1o, ya que muchos estafadores en l\u00ednea siempre est\u00e1n buscando personas inocentes para estafar con.<\/p>\n<h3>Chat en grupo<\/h3>\n<p>Las funciones de chat de grupo de Emerald ofrecen a sus usuarios la oportunidad de unirse a diferentes grupos que comparten intereses comunes. Los usuarios pueden unirse al chat de grupo seleccionando los hashtags de su inter\u00e9s.<\/p>\n<h2>\u00bfQu\u00e9 funciones ofrece la plataforma web Emerald?<\/h2>\n<p>La plataforma web permite a los usuarios mantener conversaciones con mensajes de texto y chats de v\u00eddeo para garantizar una mejor experiencia. Adem\u00e1s, la plataforma web de chat esmeralda permite a los usuarios compartir fotos y archivos multimedia sin ninguna dificultad. Los usuarios pueden incluso filtrar coincidencias por g\u00e9nero y ubicaci\u00f3n en esta plataforma cuando lo deseen. <a href=\"https:\/\/strangercam.com\/es\/coomeet\/\">conozca<\/a> gente nueva. El proceso de registro es sencillo y permite buscar buenos amigos en distintas partes del mundo. Dado que la plataforma web es gratuita, permite conectar con otras personas lo antes posible.<\/p>\n<h2>Funciones que ofrece la aplicaci\u00f3n de chat esmeralda<\/h2>\n<p>La aplicaci\u00f3n se encuentra actualmente en fase de desarrollo y contar\u00e1 con caracter\u00edsticas \u00fanicas. Algunas de ellas son la ligereza, la personalizaci\u00f3n, las actualizaciones frecuentes, la moderaci\u00f3n a tiempo completo y un soporte excelente. Funcionar\u00e1 en todos los dispositivos m\u00f3viles, lo que permitir\u00e1 a los usuarios realizar llamadas con otras personas a gran velocidad. Aquellos que quieran saber m\u00e1s acerca de los detalles pueden visitar el sitio web oficial que puede ayudar a empezar a encontrar a alguien que tiene excelentes cualidades. La plataforma web de chat esmeralda hace factible la construcci\u00f3n de nuevas relaciones en diferentes lugares para compartir todo en un ambiente seguro. Por otro lado, es imprescindible leer bien los t\u00e9rminos y condiciones antes de utilizar la plataforma.<\/p>\n<h2>Precios<\/h2>\n<p>Emerald es una aplicaci\u00f3n de videochat para desconocidos que ofrece sus servicios b\u00e1sicos de forma gratuita. Pero siempre se puede comprar una membres\u00eda de la misma y disfrutar de algunos beneficios adicionales. Ofrece dos tipos de programas de membres\u00eda.<\/p>\n<ul>\n<li>Afiliaci\u00f3n Emerald Gold<\/li>\n<li>Sal\u00f3n de la Fama Esmeralda<\/li>\n<\/ul>\n<h3>Afiliaci\u00f3n Emerald Gold<\/h3>\n<p>Los usuarios Esmeralda pueden suscribirse a la categor\u00eda Oro pagando 3,89$ al mes. Los usuarios Emerald Gold pueden disfrutar de muchas funciones premium, como filtros de g\u00e9nero y una marca azul junto al nombre de los usuarios.<\/p>\n<h3>Sal\u00f3n de la Fama Esmeralda<\/h3>\n<p>Los usuarios de Esmeralda pueden entrar en el Sal\u00f3n de la Fama de Esmeralda pagando 8,89$ al mes. El perfil de los usuarios de Emerald Hall of Fame aparece en los primeros resultados y recibe muchas solicitudes de amistad y, en \u00faltima instancia, muchas oportunidades de chatear con personas de todo el mundo.<\/p>\n<h2>\u00bfEs seguro?<\/h2>\n<p>Mucha gente utiliza ahora aplicaciones de videochat para encontrar nuevos amigos, romance o matar el tiempo. Pero muchas aplicaciones de video chat extra\u00f1as no son seguras en absoluto, o est\u00e1n llenas de estafadores online y contenido inapropiado o hay riesgo de privacidad. EmeraldChat pretende ser la alternativa de Omegle y el copiado Omegle en todo, pero aqu\u00ed parecen faltar. Como no requiere aplicaci\u00f3n m\u00f3vil de Emerald se encuentra todav\u00eda en fase de desarrollo todav\u00eda se puede utilizar y tiene el mismo panel de control f\u00e1cil de usar como su sitio web.<\/p>","protected":false},"excerpt":{"rendered":"<p>Most people are having a busy lifestyle today to accomplish their goals. As a result, they find it difficult to make new friends for sharing their emotions and other things. With technologies are growing fast day by day, it becomes a simple process to connect with strangers easily that can help build new relationships. Nowadays, [&hellip;]<\/p>\n","protected":false},"author":6,"featured_media":559,"parent":0,"menu_order":0,"comment_status":"closed","ping_status":"closed","template":"","meta":{"footnotes":""},"class_list":["post-1004","page","type-page","status-publish","has-post-thumbnail","hentry"],"yoast_head":"<!-- This site is optimized with the Yoast SEO plugin v27.4 - https:\/\/yoast.com\/product\/yoast-seo-wordpress\/ -->\n<title>Emerald Chat - Cam with Strangers on StrangerCam.com<\/title>\n<meta name=\"description\" content=\"Like Emerald Chat? Come chat with more than 5.000.000 strangers on Stranger Cam for Free! Turn on your cam and find new friends!\" \/>\n<meta name=\"robots\" content=\"index, follow, max-snippet:-1, max-image-preview:large, max-video-preview:-1\" \/>\n<link rel=\"canonical\" href=\"https:\/\/strangercam.com\/es\/emerald-chat\/\" \/>\n<meta property=\"og:locale\" content=\"es_ES\" \/>\n<meta property=\"og:type\" content=\"article\" \/>\n<meta property=\"og:title\" content=\"Emerald Chat - Cam with Strangers on StrangerCam.com\" \/>\n<meta property=\"og:description\" content=\"Like Emerald Chat? Come chat with more than 5.000.000 strangers on Stranger Cam for Free! Turn on your cam and find new friends!\" \/>\n<meta property=\"og:url\" content=\"https:\/\/strangercam.com\/es\/emerald-chat\/\" \/>\n<meta property=\"og:site_name\" content=\"Strangercam\" \/>\n<meta property=\"article:publisher\" content=\"https:\/\/www.facebook.com\/strangercam\" \/>\n<meta property=\"article:modified_time\" content=\"2023-08-21T10:24:41+00:00\" \/>\n<meta property=\"og:image\" content=\"https:\/\/strangercam.com\/wp-content\/uploads\/2020\/11\/stranger-cam-1.png\" \/>\n\t<meta property=\"og:image:width\" content=\"800\" \/>\n\t<meta property=\"og:image:height\" content=\"800\" \/>\n\t<meta property=\"og:image:type\" content=\"image\/png\" \/>\n<meta name=\"twitter:card\" content=\"summary_large_image\" \/>\n<meta name=\"twitter:site\" content=\"@strangercamapp\" \/>\n<meta name=\"twitter:label1\" content=\"Tiempo de lectura\" \/>\n\t<meta name=\"twitter:data1\" content=\"5 minutos\" \/>\n<script type=\"application\/ld+json\" class=\"yoast-schema-graph\">{\"@context\":\"https:\\\/\\\/schema.org\",\"@graph\":[{\"@type\":\"WebPage\",\"@id\":\"https:\\\/\\\/strangercam.com\\\/emerald-chat\\\/\",\"url\":\"https:\\\/\\\/strangercam.com\\\/emerald-chat\\\/\",\"name\":\"Emerald Chat - Cam with Strangers on StrangerCam.com\",\"isPartOf\":{\"@id\":\"https:\\\/\\\/strangercam.com\\\/#website\"},\"primaryImageOfPage\":{\"@id\":\"https:\\\/\\\/strangercam.com\\\/emerald-chat\\\/#primaryimage\"},\"image\":{\"@id\":\"https:\\\/\\\/strangercam.com\\\/emerald-chat\\\/#primaryimage\"},\"thumbnailUrl\":\"https:\\\/\\\/strangercam.com\\\/wp-content\\\/uploads\\\/2020\\\/11\\\/stranger-cam-1.png\",\"datePublished\":\"2021-01-10T14:44:29+00:00\",\"dateModified\":\"2023-08-21T10:24:41+00:00\",\"description\":\"Like Emerald Chat? Come chat with more than 5.000.000 strangers on Stranger Cam for Free! Turn on your cam and find new friends!\",\"breadcrumb\":{\"@id\":\"https:\\\/\\\/strangercam.com\\\/emerald-chat\\\/#breadcrumb\"},\"inLanguage\":\"es\",\"potentialAction\":[{\"@type\":\"ReadAction\",\"target\":[\"https:\\\/\\\/strangercam.com\\\/emerald-chat\\\/\"]}]},{\"@type\":\"ImageObject\",\"inLanguage\":\"es\",\"@id\":\"https:\\\/\\\/strangercam.com\\\/emerald-chat\\\/#primaryimage\",\"url\":\"https:\\\/\\\/strangercam.com\\\/wp-content\\\/uploads\\\/2020\\\/11\\\/stranger-cam-1.png\",\"contentUrl\":\"https:\\\/\\\/strangercam.com\\\/wp-content\\\/uploads\\\/2020\\\/11\\\/stranger-cam-1.png\",\"width\":800,\"height\":800,\"caption\":\"stranger cam random video chat\"},{\"@type\":\"BreadcrumbList\",\"@id\":\"https:\\\/\\\/strangercam.com\\\/emerald-chat\\\/#breadcrumb\",\"itemListElement\":[{\"@type\":\"ListItem\",\"position\":1,\"name\":\"Home\",\"item\":\"https:\\\/\\\/strangercam.com\\\/\"},{\"@type\":\"ListItem\",\"position\":2,\"name\":\"Emerald Chat\"}]},{\"@type\":\"WebSite\",\"@id\":\"https:\\\/\\\/strangercam.com\\\/#website\",\"url\":\"https:\\\/\\\/strangercam.com\\\/\",\"name\":\"Strangercam\",\"description\":\"Random Video Chat with Strangers\",\"publisher\":{\"@id\":\"https:\\\/\\\/strangercam.com\\\/#organization\"},\"alternateName\":\"Strangercam.com\",\"potentialAction\":[{\"@type\":\"SearchAction\",\"target\":{\"@type\":\"EntryPoint\",\"urlTemplate\":\"https:\\\/\\\/strangercam.com\\\/?s={search_term_string}\"},\"query-input\":{\"@type\":\"PropertyValueSpecification\",\"valueRequired\":true,\"valueName\":\"search_term_string\"}}],\"inLanguage\":\"es\"},{\"@type\":\"Organization\",\"@id\":\"https:\\\/\\\/strangercam.com\\\/#organization\",\"name\":\"Strangercam\",\"alternateName\":\"Strangercam.com\",\"url\":\"https:\\\/\\\/strangercam.com\\\/\",\"logo\":{\"@type\":\"ImageObject\",\"inLanguage\":\"es\",\"@id\":\"https:\\\/\\\/strangercam.com\\\/#\\\/schema\\\/logo\\\/image\\\/\",\"url\":\"https:\\\/\\\/strangercam.com\\\/wp-content\\\/uploads\\\/2020\\\/11\\\/cropped-new-favicon-black.png\",\"contentUrl\":\"https:\\\/\\\/strangercam.com\\\/wp-content\\\/uploads\\\/2020\\\/11\\\/cropped-new-favicon-black.png\",\"width\":512,\"height\":512,\"caption\":\"Strangercam\"},\"image\":{\"@id\":\"https:\\\/\\\/strangercam.com\\\/#\\\/schema\\\/logo\\\/image\\\/\"},\"sameAs\":[\"https:\\\/\\\/www.facebook.com\\\/strangercam\",\"https:\\\/\\\/x.com\\\/strangercamapp\"]}]}<\/script>\n<!-- \/ Yoast SEO plugin. -->","yoast_head_json":{"title":"Emerald Chat - C\u00e1mara con desconocidos en StrangerCam.com","description":"\u00bfTe gusta Emerald Chat? \u00a1Ven a chatear gratis con m\u00e1s de 5.000.000 de desconocidos en Stranger Cam! \u00a1Enciende tu c\u00e1mara y encuentra nuevos amigos!","robots":{"index":"index","follow":"follow","max-snippet":"max-snippet:-1","max-image-preview":"max-image-preview:large","max-video-preview":"max-video-preview:-1"},"canonical":"https:\/\/strangercam.com\/es\/emerald-chat\/","og_locale":"es_ES","og_type":"article","og_title":"Emerald Chat - Cam with Strangers on StrangerCam.com","og_description":"Like Emerald Chat? Come chat with more than 5.000.000 strangers on Stranger Cam for Free! Turn on your cam and find new friends!","og_url":"https:\/\/strangercam.com\/es\/emerald-chat\/","og_site_name":"Strangercam","article_publisher":"https:\/\/www.facebook.com\/strangercam","article_modified_time":"2023-08-21T10:24:41+00:00","og_image":[{"width":800,"height":800,"url":"https:\/\/strangercam.com\/wp-content\/uploads\/2020\/11\/stranger-cam-1.png","type":"image\/png"}],"twitter_card":"summary_large_image","twitter_site":"@strangercamapp","twitter_misc":{"Tiempo de lectura":"5 minutos"},"schema":{"@context":"https:\/\/schema.org","@graph":[{"@type":"WebPage","@id":"https:\/\/strangercam.com\/emerald-chat\/","url":"https:\/\/strangercam.com\/emerald-chat\/","name":"Emerald Chat - C\u00e1mara con desconocidos en StrangerCam.com","isPartOf":{"@id":"https:\/\/strangercam.com\/#website"},"primaryImageOfPage":{"@id":"https:\/\/strangercam.com\/emerald-chat\/#primaryimage"},"image":{"@id":"https:\/\/strangercam.com\/emerald-chat\/#primaryimage"},"thumbnailUrl":"https:\/\/strangercam.com\/wp-content\/uploads\/2020\/11\/stranger-cam-1.png","datePublished":"2021-01-10T14:44:29+00:00","dateModified":"2023-08-21T10:24:41+00:00","description":"\u00bfTe gusta Emerald Chat? \u00a1Ven a chatear gratis con m\u00e1s de 5.000.000 de desconocidos en Stranger Cam! \u00a1Enciende tu c\u00e1mara y encuentra nuevos amigos!","breadcrumb":{"@id":"https:\/\/strangercam.com\/emerald-chat\/#breadcrumb"},"inLanguage":"es","potentialAction":[{"@type":"ReadAction","target":["https:\/\/strangercam.com\/emerald-chat\/"]}]},{"@type":"ImageObject","inLanguage":"es","@id":"https:\/\/strangercam.com\/emerald-chat\/#primaryimage","url":"https:\/\/strangercam.com\/wp-content\/uploads\/2020\/11\/stranger-cam-1.png","contentUrl":"https:\/\/strangercam.com\/wp-content\/uploads\/2020\/11\/stranger-cam-1.png","width":800,"height":800,"caption":"stranger cam random video chat"},{"@type":"BreadcrumbList","@id":"https:\/\/strangercam.com\/emerald-chat\/#breadcrumb","itemListElement":[{"@type":"ListItem","position":1,"name":"Home","item":"https:\/\/strangercam.com\/"},{"@type":"ListItem","position":2,"name":"Emerald Chat"}]},{"@type":"WebSite","@id":"https:\/\/strangercam.com\/#website","url":"https:\/\/strangercam.com\/","name":"Strangercam","description":"Videochat aleatorio con desconocidos","publisher":{"@id":"https:\/\/strangercam.com\/#organization"},"alternateName":"Strangercam.com","potentialAction":[{"@type":"SearchAction","target":{"@type":"EntryPoint","urlTemplate":"https:\/\/strangercam.com\/?s={search_term_string}"},"query-input":{"@type":"PropertyValueSpecification","valueRequired":true,"valueName":"search_term_string"}}],"inLanguage":"es"},{"@type":"Organization","@id":"https:\/\/strangercam.com\/#organization","name":"Strangercam","alternateName":"Strangercam.com","url":"https:\/\/strangercam.com\/","logo":{"@type":"ImageObject","inLanguage":"es","@id":"https:\/\/strangercam.com\/#\/schema\/logo\/image\/","url":"https:\/\/strangercam.com\/wp-content\/uploads\/2020\/11\/cropped-new-favicon-black.png","contentUrl":"https:\/\/strangercam.com\/wp-content\/uploads\/2020\/11\/cropped-new-favicon-black.png","width":512,"height":512,"caption":"Strangercam"},"image":{"@id":"https:\/\/strangercam.com\/#\/schema\/logo\/image\/"},"sameAs":["https:\/\/www.facebook.com\/strangercam","https:\/\/x.com\/strangercamapp"]}]}},"_links":{"self":[{"href":"https:\/\/strangercam.com\/es\/wp-json\/wp\/v2\/pages\/1004","targetHints":{"allow":["GET"]}}],"collection":[{"href":"https:\/\/strangercam.com\/es\/wp-json\/wp\/v2\/pages"}],"about":[{"href":"https:\/\/strangercam.com\/es\/wp-json\/wp\/v2\/types\/page"}],"author":[{"embeddable":true,"href":"https:\/\/strangercam.com\/es\/wp-json\/wp\/v2\/users\/6"}],"replies":[{"embeddable":true,"href":"https:\/\/strangercam.com\/es\/wp-json\/wp\/v2\/comments?post=1004"}],"version-history":[{"count":0,"href":"https:\/\/strangercam.com\/es\/wp-json\/wp\/v2\/pages\/1004\/revisions"}],"wp:featuredmedia":[{"embeddable":true,"href":"https:\/\/strangercam.com\/es\/wp-json\/wp\/v2\/media\/559"}],"wp:attachment":[{"href":"https:\/\/strangercam.com\/es\/wp-json\/wp\/v2\/media?parent=1004"}],"curies":[{"name":"wp","href":"https:\/\/api.w.org\/{rel}","templated":true}]}}