{"id":9827,"date":"2022-03-01T17:29:57","date_gmt":"2022-03-01T15:29:57","guid":{"rendered":"https:\/\/strangercam.com\/?page_id=9827"},"modified":"2025-06-16T14:18:35","modified_gmt":"2025-06-16T12:18:35","slug":"2257-konformitatserklarung","status":"publish","type":"page","link":"https:\/\/strangercam.com\/de\/2257-compliance-statement\/","title":{"rendered":"2257 Konformit\u00e4tserkl\u00e4rung"},"content":{"rendered":"<p data-start=\"274\" data-end=\"560\">In \u00dcbereinstimmung mit dem US-Gesetz 18 U.S.C. Section 2257 (Child Protection and Obscenity Enforcement Act of 1988) und anderen internationalen Gesetzen sind alle Modelle, die auf Diensten oder Plattformen erscheinen, die von <a href=\"https:\/\/strangercam.com\/de\/\">Strangercam<\/a>.com haben nach unserem besten Wissen und Gewissen das Alter von 18 Jahren erreicht.<\/p>\n<h2 data-start=\"562\" data-end=\"1047\">Haftungsausschluss f\u00fcr Partner<\/h2>\n<p data-start=\"562\" data-end=\"1047\">Strangercam.com besitzt oder betreibt keine Webcams oder <a href=\"https:\/\/strangercam.com\/de\/rabbit-video-chat\/\">Video<\/a> <a href=\"https:\/\/strangercam.com\/de\/chatroulette\/\">Chat<\/a> Tools, Plattformen oder Dienstleistungen, die auf unserer Website vorgestellt oder verlinkt werden. Wir sind eine Partner- und Test-Website <a href=\"https:\/\/strangercam.com\/de\/only2chat\/\">nur<\/a>; Als solche stellen wir keine Projekte oder Veranstaltungen mit Models ein, nehmen sie unter Vertrag, verwalten oder organisieren sie. Die Einhaltung von 18 U.S.C. Section 2257, einschlie\u00dflich aller Anforderungen an die Aufbewahrung von Dokumenten und die Altersverifizierung, liegt in der alleinigen Verantwortung unserer angeschlossenen Partner und der von ihnen betriebenen Plattformen.<\/p>\n<h2 data-start=\"1049\" data-end=\"1350\">Inhalte von Drittanbietern<\/h2>\n<p data-start=\"1049\" data-end=\"1350\">Strangercam.com produziert, beherbergt oder verwaltet KEINE der Materialien, die auf den von uns verlinkten Seiten Dritter ver\u00f6ffentlicht werden. Alle nutzergenerierten Inhalte oder Modellinhalte, die auf diesen Plattformen verf\u00fcgbar sind, werden von den jeweiligen Seitenbetreibern kontrolliert und geregelt, nicht von Strangercam.com.<\/p>\n<p data-start=\"1352\" data-end=\"1674\">Unsere Rolle besteht ausschlie\u00dflich darin, externe Plattformen und Dienstleistungen zu pr\u00fcfen, zu empfehlen und Affiliate-Links zu bieten. Jede Person, die sich \u00fcber Links auf Strangercam.com registriert oder Dienste nutzt, tut dies direkt und unabh\u00e4ngig auf Plattformen Dritter, ohne jegliche Beteiligung oder Mitwirkung von Strangercam.com oder seinen Vertretern.<\/p>\n<h2 data-start=\"1676\" data-end=\"1946\">\u00dcberwachung und inhaltliche Standards<\/h2>\n<p data-start=\"1676\" data-end=\"1946\">Strangercam.com billigt oder unterst\u00fctzt nicht die Erstellung oder Ver\u00f6ffentlichung von obsz\u00f6nem Material. Wir behalten uns das Recht vor, Links oder Verweise auf externe Inhalte zu entfernen, die unserer Meinung nach eindeutig obsz\u00f6n, unanst\u00e4ndig oder diffamierend sind.<\/p>\n<h2 data-start=\"1948\" data-end=\"2136\">Inhalt von Strangercam.com<\/h2>\n<p data-start=\"1948\" data-end=\"2136\">Alle von Strangercam.com oder seinen Vertretern produzierten Inhalte sind nicht erotisch oder pornografisch und unterliegen daher nicht dem US-Gesetz 18 U.S.C. Section 2257.<\/p>\n<h2 data-start=\"2138\" data-end=\"2503\">Dokumentenspeicherung und Compliance<\/h2>\n<p data-start=\"2138\" data-end=\"2503\">Alle nach dem US-Gesetz 18 U.S.C. Section 2257 erforderlichen Altersnachweise und Dokumente werden von unseren Partnern und den Betreibern der Drittplattformen, auf die wir verlinken, verwaltet. Strangercam.com speichert oder pflegt keine 2257-Dokumente, da wir keine Inhalte betreiben oder produzieren, die eine solche Einhaltung erfordern.<\/p>\n<p data-start=\"2505\" data-end=\"2624\">Wenn Sie Fragen oder Bedenken hinsichtlich der Einhaltung der Vorschriften haben, wenden Sie sich bitte direkt an die Betreiber der Drittanbieter-Plattformen.<\/p>","protected":false},"excerpt":{"rendered":"<p>In accordance with US law 18 U.S.C. Section 2257 (Child Protection and Obscenity Enforcement Act of 1988) and other international acts, all models appearing on services or platforms linked or referenced by Strangercam.com have, to the best of our knowledge, reached the age of 18 years. Affiliate Disclaimer Strangercam.com does not own or operate any [&hellip;]<\/p>\n","protected":false},"author":1,"featured_media":0,"parent":0,"menu_order":0,"comment_status":"closed","ping_status":"closed","template":"","meta":{"footnotes":""},"class_list":["post-9827","page","type-page","status-publish","hentry"],"yoast_head":"<!-- This site is optimized with the Yoast SEO plugin v27.4 - https:\/\/yoast.com\/product\/yoast-seo-wordpress\/ -->\n<title>2257 Compliance Statement - Strangercam<\/title>\n<meta name=\"robots\" content=\"index, follow, max-snippet:-1, max-image-preview:large, max-video-preview:-1\" \/>\n<link rel=\"canonical\" href=\"https:\/\/strangercam.com\/de\/2257-konformitatserklarung\/\" \/>\n<meta property=\"og:locale\" content=\"de_DE\" \/>\n<meta property=\"og:type\" content=\"article\" \/>\n<meta property=\"og:title\" content=\"2257 Compliance Statement - Strangercam\" \/>\n<meta property=\"og:description\" content=\"In accordance with US law 18 U.S.C. Section 2257 (Child Protection and Obscenity Enforcement Act of 1988) and other international acts, all models appearing on services or platforms linked or referenced by Strangercam.com have, to the best of our knowledge, reached the age of 18 years. Affiliate Disclaimer Strangercam.com does not own or operate any [&hellip;]\" \/>\n<meta property=\"og:url\" content=\"https:\/\/strangercam.com\/de\/2257-konformitatserklarung\/\" \/>\n<meta property=\"og:site_name\" content=\"Strangercam\" \/>\n<meta property=\"article:publisher\" content=\"https:\/\/www.facebook.com\/strangercam\" \/>\n<meta property=\"article:modified_time\" content=\"2025-06-16T12:18:35+00:00\" \/>\n<meta property=\"og:image\" content=\"https:\/\/strangercam.com\/wp-content\/uploads\/2021\/10\/Untitled-2.png\" \/>\n\t<meta property=\"og:image:width\" content=\"800\" \/>\n\t<meta property=\"og:image:height\" content=\"532\" \/>\n\t<meta property=\"og:image:type\" content=\"image\/png\" \/>\n<meta name=\"twitter:card\" content=\"summary_large_image\" \/>\n<meta name=\"twitter:site\" content=\"@strangercamapp\" \/>\n<meta name=\"twitter:label1\" content=\"Gesch\u00e4tzte Lesezeit\" \/>\n\t<meta name=\"twitter:data1\" content=\"2\u00a0Minuten\" \/>\n<script type=\"application\/ld+json\" class=\"yoast-schema-graph\">{\"@context\":\"https:\\\/\\\/schema.org\",\"@graph\":[{\"@type\":\"WebPage\",\"@id\":\"https:\\\/\\\/strangercam.com\\\/2257-compliance-statement\\\/\",\"url\":\"https:\\\/\\\/strangercam.com\\\/2257-compliance-statement\\\/\",\"name\":\"2257 Compliance Statement - Strangercam\",\"isPartOf\":{\"@id\":\"https:\\\/\\\/strangercam.com\\\/#website\"},\"datePublished\":\"2022-03-01T15:29:57+00:00\",\"dateModified\":\"2025-06-16T12:18:35+00:00\",\"breadcrumb\":{\"@id\":\"https:\\\/\\\/strangercam.com\\\/2257-compliance-statement\\\/#breadcrumb\"},\"inLanguage\":\"de\",\"potentialAction\":[{\"@type\":\"ReadAction\",\"target\":[\"https:\\\/\\\/strangercam.com\\\/2257-compliance-statement\\\/\"]}]},{\"@type\":\"BreadcrumbList\",\"@id\":\"https:\\\/\\\/strangercam.com\\\/2257-compliance-statement\\\/#breadcrumb\",\"itemListElement\":[{\"@type\":\"ListItem\",\"position\":1,\"name\":\"Home\",\"item\":\"https:\\\/\\\/strangercam.com\\\/\"},{\"@type\":\"ListItem\",\"position\":2,\"name\":\"2257 Compliance Statement\"}]},{\"@type\":\"WebSite\",\"@id\":\"https:\\\/\\\/strangercam.com\\\/#website\",\"url\":\"https:\\\/\\\/strangercam.com\\\/\",\"name\":\"Strangercam\",\"description\":\"Random Video Chat with Strangers\",\"publisher\":{\"@id\":\"https:\\\/\\\/strangercam.com\\\/#organization\"},\"alternateName\":\"Strangercam.com\",\"potentialAction\":[{\"@type\":\"SearchAction\",\"target\":{\"@type\":\"EntryPoint\",\"urlTemplate\":\"https:\\\/\\\/strangercam.com\\\/?s={search_term_string}\"},\"query-input\":{\"@type\":\"PropertyValueSpecification\",\"valueRequired\":true,\"valueName\":\"search_term_string\"}}],\"inLanguage\":\"de\"},{\"@type\":\"Organization\",\"@id\":\"https:\\\/\\\/strangercam.com\\\/#organization\",\"name\":\"Strangercam\",\"alternateName\":\"Strangercam.com\",\"url\":\"https:\\\/\\\/strangercam.com\\\/\",\"logo\":{\"@type\":\"ImageObject\",\"inLanguage\":\"de\",\"@id\":\"https:\\\/\\\/strangercam.com\\\/#\\\/schema\\\/logo\\\/image\\\/\",\"url\":\"https:\\\/\\\/strangercam.com\\\/wp-content\\\/uploads\\\/2020\\\/11\\\/cropped-new-favicon-black.png\",\"contentUrl\":\"https:\\\/\\\/strangercam.com\\\/wp-content\\\/uploads\\\/2020\\\/11\\\/cropped-new-favicon-black.png\",\"width\":512,\"height\":512,\"caption\":\"Strangercam\"},\"image\":{\"@id\":\"https:\\\/\\\/strangercam.com\\\/#\\\/schema\\\/logo\\\/image\\\/\"},\"sameAs\":[\"https:\\\/\\\/www.facebook.com\\\/strangercam\",\"https:\\\/\\\/x.com\\\/strangercamapp\"]}]}<\/script>\n<!-- \/ Yoast SEO plugin. -->","yoast_head_json":{"title":"2257 Konformit\u00e4tserkl\u00e4rung - Strangercam","robots":{"index":"index","follow":"follow","max-snippet":"max-snippet:-1","max-image-preview":"max-image-preview:large","max-video-preview":"max-video-preview:-1"},"canonical":"https:\/\/strangercam.com\/de\/2257-konformitatserklarung\/","og_locale":"de_DE","og_type":"article","og_title":"2257 Compliance Statement - Strangercam","og_description":"In accordance with US law 18 U.S.C. Section 2257 (Child Protection and Obscenity Enforcement Act of 1988) and other international acts, all models appearing on services or platforms linked or referenced by Strangercam.com have, to the best of our knowledge, reached the age of 18 years. Affiliate Disclaimer Strangercam.com does not own or operate any [&hellip;]","og_url":"https:\/\/strangercam.com\/de\/2257-konformitatserklarung\/","og_site_name":"Strangercam","article_publisher":"https:\/\/www.facebook.com\/strangercam","article_modified_time":"2025-06-16T12:18:35+00:00","og_image":[{"width":800,"height":532,"url":"https:\/\/strangercam.com\/wp-content\/uploads\/2021\/10\/Untitled-2.png","type":"image\/png"}],"twitter_card":"summary_large_image","twitter_site":"@strangercamapp","twitter_misc":{"Gesch\u00e4tzte Lesezeit":"2\u00a0Minuten"},"schema":{"@context":"https:\/\/schema.org","@graph":[{"@type":"WebPage","@id":"https:\/\/strangercam.com\/2257-compliance-statement\/","url":"https:\/\/strangercam.com\/2257-compliance-statement\/","name":"2257 Konformit\u00e4tserkl\u00e4rung - Strangercam","isPartOf":{"@id":"https:\/\/strangercam.com\/#website"},"datePublished":"2022-03-01T15:29:57+00:00","dateModified":"2025-06-16T12:18:35+00:00","breadcrumb":{"@id":"https:\/\/strangercam.com\/2257-compliance-statement\/#breadcrumb"},"inLanguage":"de","potentialAction":[{"@type":"ReadAction","target":["https:\/\/strangercam.com\/2257-compliance-statement\/"]}]},{"@type":"BreadcrumbList","@id":"https:\/\/strangercam.com\/2257-compliance-statement\/#breadcrumb","itemListElement":[{"@type":"ListItem","position":1,"name":"Home","item":"https:\/\/strangercam.com\/"},{"@type":"ListItem","position":2,"name":"2257 Compliance Statement"}]},{"@type":"WebSite","@id":"https:\/\/strangercam.com\/#website","url":"https:\/\/strangercam.com\/","name":"Strangercam","description":"Zuf\u00e4lliger Video-Chat mit Fremden","publisher":{"@id":"https:\/\/strangercam.com\/#organization"},"alternateName":"Strangercam.com","potentialAction":[{"@type":"SearchAction","target":{"@type":"EntryPoint","urlTemplate":"https:\/\/strangercam.com\/?s={search_term_string}"},"query-input":{"@type":"PropertyValueSpecification","valueRequired":true,"valueName":"search_term_string"}}],"inLanguage":"de"},{"@type":"Organization","@id":"https:\/\/strangercam.com\/#organization","name":"Strangercam","alternateName":"Strangercam.com","url":"https:\/\/strangercam.com\/","logo":{"@type":"ImageObject","inLanguage":"de","@id":"https:\/\/strangercam.com\/#\/schema\/logo\/image\/","url":"https:\/\/strangercam.com\/wp-content\/uploads\/2020\/11\/cropped-new-favicon-black.png","contentUrl":"https:\/\/strangercam.com\/wp-content\/uploads\/2020\/11\/cropped-new-favicon-black.png","width":512,"height":512,"caption":"Strangercam"},"image":{"@id":"https:\/\/strangercam.com\/#\/schema\/logo\/image\/"},"sameAs":["https:\/\/www.facebook.com\/strangercam","https:\/\/x.com\/strangercamapp"]}]}},"_links":{"self":[{"href":"https:\/\/strangercam.com\/de\/wp-json\/wp\/v2\/pages\/9827","targetHints":{"allow":["GET"]}}],"collection":[{"href":"https:\/\/strangercam.com\/de\/wp-json\/wp\/v2\/pages"}],"about":[{"href":"https:\/\/strangercam.com\/de\/wp-json\/wp\/v2\/types\/page"}],"author":[{"embeddable":true,"href":"https:\/\/strangercam.com\/de\/wp-json\/wp\/v2\/users\/1"}],"replies":[{"embeddable":true,"href":"https:\/\/strangercam.com\/de\/wp-json\/wp\/v2\/comments?post=9827"}],"version-history":[{"count":1,"href":"https:\/\/strangercam.com\/de\/wp-json\/wp\/v2\/pages\/9827\/revisions"}],"predecessor-version":[{"id":12877,"href":"https:\/\/strangercam.com\/de\/wp-json\/wp\/v2\/pages\/9827\/revisions\/12877"}],"wp:attachment":[{"href":"https:\/\/strangercam.com\/de\/wp-json\/wp\/v2\/media?parent=9827"}],"curies":[{"name":"wp","href":"https:\/\/api.w.org\/{rel}","templated":true}]}}