{"id":980,"date":"2021-01-09T13:06:16","date_gmt":"2021-01-09T11:06:16","guid":{"rendered":"https:\/\/strangercam.com\/?page_id=980"},"modified":"2023-08-21T11:40:07","modified_gmt":"2023-08-21T09:40:07","slug":"azar-app","status":"publish","type":"page","link":"https:\/\/strangercam.com\/de\/azar-app\/","title":{"rendered":"Azar App"},"content":{"rendered":"<p>Neue Freunde an einem neuen Ort zu finden, kann f\u00fcr viele Menschen aufgrund verschiedener Faktoren schwierig werden. Daher nutzen sie gerne einige Plattformen und Apps, um so schnell wie m\u00f6glich mit Fremden in Kontakt zu treten. Allerdings sind nicht alle gleich, und man sollte sich eingehend \u00fcber sie informieren. Dies hilft sehr dabei, eine Plattform oder App zu finden, die dabei hilft, mit Leichtigkeit interessante Pers\u00f6nlichkeiten aus verschiedenen Teilen der Welt zu finden. Die meisten Plattformen und Apps erm\u00f6glichen es den Nutzern, schnell mit anderen in Kontakt zu treten, um eine bessere Erfahrung zu machen.<\/p>\n<h2>Azar-App zum Treffen von Gleichgesinnten<\/h2>\n<p>Jeder, der sich eine <a href=\"https:\/\/strangercam.com\/de\/mili\/\">live<\/a> Verbindung in Echtzeit k\u00f6nnen die Azar-App w\u00e4hlen, um ihre Bed\u00fcrfnisse zu erf\u00fcllen. Die <a href=\"https:\/\/strangercam.com\/de\/rabbit-video-chat\/\">Video<\/a> <a href=\"https:\/\/strangercam.com\/de\/chatroulette\/\">Chat<\/a> App erm\u00f6glicht es den Nutzern, mit den neuesten Funktionen unterhaltsame Gespr\u00e4che mit unbekannten Personen zu f\u00fchren. Eine weitere Sache \u00fcber die App ist, dass es machbar M\u00f6glichkeiten, Filter und Effekte hinzuf\u00fcgen, w\u00e4hrend <a href=\"https:\/\/strangercam.com\/de\/chatingly\/\">Chatten<\/a> mit anderen. Dar\u00fcber hinaus k\u00f6nnen die Nutzer Menschen finden, die gemeinsame Interessen mit einer Person teilen. Au\u00dferdem bietet die App die M\u00f6glichkeit, schnell und effektiv mit Gleichgesinnten an verschiedenen Orten ins Gespr\u00e4ch zu kommen.<\/p>\n<h2>Welche Funktionen bietet die Azar-App?<\/h2>\n<p>Die Benutzer sollten die Funktionen der App kennen, bevor sie mit den Gespr\u00e4chen beginnen. Azar bietet einige hervorragende Funktionen f\u00fcr Leute, die gute Freunde an einem Ort finden wollen. Sie erm\u00f6glicht es dem Nutzer, die Verlaufsfunktionen zu durchsuchen, die es erm\u00f6glichen, den Chat mit fr\u00fcheren Verbindungen fortzusetzen. Dar\u00fcber hinaus \u00fcbersetzt die integrierte Chat-Funktion der App Nachrichten in Fremdsprachen mit hoher Genauigkeit. Die App-Plattform ist die beste Wahl, um neue Leute in einfachen Schritten kennenzulernen. Au\u00dferdem kann man sogar geschlechtsspezifische und regionale Filter verwenden, wenn man sich mit anderen unterhalten m\u00f6chte.<\/p>\n<h2>Wie kann man die App herunterladen?<\/h2>\n<p>Die App ist jetzt verf\u00fcgbar auf <a href=\"https:\/\/play.google.com\/store\/apps\/details?id=com.azarlihttps:\/\/play.google.com\/store\/apps\/details?id=com.azarlive.android&amp;hl=en_ZA&amp;gl=USve.android&amp;hl=en_ZA&amp;gl=US\">Google Play Store<\/a> und Benutzer k\u00f6nnen das gleiche auf ihren mobilen Ger\u00e4ten ohne Schwierigkeiten herunterladen. Benutzer, die Spa\u00df Begegnungen mit Fremden haben wollen, k\u00f6nnen mehr von Azar Live-Funktion profitieren. 24\/7 Kunden-Team Unterst\u00fctzung durch die App angeboten erm\u00f6glicht es Benutzern, mit anderen in einer lustigen Umgebung zu verbinden. Gleichzeitig sollte man die Bewertungen und Rezensionen der App lesen, bevor man sie auf dem Handy installiert. Beide <a href=\"https:\/\/strangercam.com\/de\/chat4free\/\">kostenlos<\/a> und Abo-Versionen sind f\u00fcr die Nutzer verf\u00fcgbar und sie k\u00f6nnen die beste ausw\u00e4hlen, die ihre Erwartungen erf\u00fcllt. Au\u00dferdem ebnet die App Wege, um Profile leicht miteinander zu verbinden und Freunde ohne Probleme zu finden.<\/p>","protected":false},"excerpt":{"rendered":"<p>Making new friends in a new location may become a difficult one for many people due to various factors. As a result, they like to use some platforms and apps to connect with strangers as soon as possible. However, not all are the same and one should make a detailed study about them in detail. [&hellip;]<\/p>\n","protected":false},"author":6,"featured_media":559,"parent":0,"menu_order":0,"comment_status":"closed","ping_status":"closed","template":"","meta":{"footnotes":""},"class_list":["post-980","page","type-page","status-publish","has-post-thumbnail","hentry"],"yoast_head":"<!-- This site is optimized with the Yoast SEO plugin v27.4 - https:\/\/yoast.com\/product\/yoast-seo-wordpress\/ -->\n<title>Azar App - Swipe, Match, Video Chat - Cam on StrangerCam.com<\/title>\n<meta name=\"description\" content=\"Like Azar App? Come chat with more than 5.000.000 strangers on Stranger Cam for Free! Turn on your cam and find new friends &amp; maby a match!\" \/>\n<meta name=\"robots\" content=\"index, follow, max-snippet:-1, max-image-preview:large, max-video-preview:-1\" \/>\n<link rel=\"canonical\" href=\"https:\/\/strangercam.com\/de\/azar-app\/\" \/>\n<meta property=\"og:locale\" content=\"de_DE\" \/>\n<meta property=\"og:type\" content=\"article\" \/>\n<meta property=\"og:title\" content=\"Azar App - Swipe, Match, Video Chat - Cam on StrangerCam.com\" \/>\n<meta property=\"og:description\" content=\"Like Azar App? Come chat with more than 5.000.000 strangers on Stranger Cam for Free! Turn on your cam and find new friends &amp; maby a match!\" \/>\n<meta property=\"og:url\" content=\"https:\/\/strangercam.com\/de\/azar-app\/\" \/>\n<meta property=\"og:site_name\" content=\"Strangercam\" \/>\n<meta property=\"article:publisher\" content=\"https:\/\/www.facebook.com\/strangercam\" \/>\n<meta property=\"article:modified_time\" content=\"2023-08-21T09:40:07+00:00\" \/>\n<meta property=\"og:image\" content=\"https:\/\/strangercam.com\/wp-content\/uploads\/2020\/11\/stranger-cam-1.png\" \/>\n\t<meta property=\"og:image:width\" content=\"800\" \/>\n\t<meta property=\"og:image:height\" content=\"800\" \/>\n\t<meta property=\"og:image:type\" content=\"image\/png\" \/>\n<meta name=\"twitter:card\" content=\"summary_large_image\" \/>\n<meta name=\"twitter:site\" content=\"@strangercamapp\" \/>\n<meta name=\"twitter:label1\" content=\"Gesch\u00e4tzte Lesezeit\" \/>\n\t<meta name=\"twitter:data1\" content=\"2\u00a0Minuten\" \/>\n<script type=\"application\/ld+json\" class=\"yoast-schema-graph\">{\"@context\":\"https:\\\/\\\/schema.org\",\"@graph\":[{\"@type\":\"WebPage\",\"@id\":\"https:\\\/\\\/strangercam.com\\\/azar-app\\\/\",\"url\":\"https:\\\/\\\/strangercam.com\\\/azar-app\\\/\",\"name\":\"Azar App - Swipe, Match, Video Chat - Cam on StrangerCam.com\",\"isPartOf\":{\"@id\":\"https:\\\/\\\/strangercam.com\\\/#website\"},\"primaryImageOfPage\":{\"@id\":\"https:\\\/\\\/strangercam.com\\\/azar-app\\\/#primaryimage\"},\"image\":{\"@id\":\"https:\\\/\\\/strangercam.com\\\/azar-app\\\/#primaryimage\"},\"thumbnailUrl\":\"https:\\\/\\\/strangercam.com\\\/wp-content\\\/uploads\\\/2020\\\/11\\\/stranger-cam-1.png\",\"datePublished\":\"2021-01-09T11:06:16+00:00\",\"dateModified\":\"2023-08-21T09:40:07+00:00\",\"description\":\"Like Azar App? Come chat with more than 5.000.000 strangers on Stranger Cam for Free! Turn on your cam and find new friends & maby a match!\",\"breadcrumb\":{\"@id\":\"https:\\\/\\\/strangercam.com\\\/azar-app\\\/#breadcrumb\"},\"inLanguage\":\"de\",\"potentialAction\":[{\"@type\":\"ReadAction\",\"target\":[\"https:\\\/\\\/strangercam.com\\\/azar-app\\\/\"]}]},{\"@type\":\"ImageObject\",\"inLanguage\":\"de\",\"@id\":\"https:\\\/\\\/strangercam.com\\\/azar-app\\\/#primaryimage\",\"url\":\"https:\\\/\\\/strangercam.com\\\/wp-content\\\/uploads\\\/2020\\\/11\\\/stranger-cam-1.png\",\"contentUrl\":\"https:\\\/\\\/strangercam.com\\\/wp-content\\\/uploads\\\/2020\\\/11\\\/stranger-cam-1.png\",\"width\":800,\"height\":800,\"caption\":\"stranger cam random video chat\"},{\"@type\":\"BreadcrumbList\",\"@id\":\"https:\\\/\\\/strangercam.com\\\/azar-app\\\/#breadcrumb\",\"itemListElement\":[{\"@type\":\"ListItem\",\"position\":1,\"name\":\"Home\",\"item\":\"https:\\\/\\\/strangercam.com\\\/\"},{\"@type\":\"ListItem\",\"position\":2,\"name\":\"Azar App\"}]},{\"@type\":\"WebSite\",\"@id\":\"https:\\\/\\\/strangercam.com\\\/#website\",\"url\":\"https:\\\/\\\/strangercam.com\\\/\",\"name\":\"Strangercam\",\"description\":\"Random Video Chat with Strangers\",\"publisher\":{\"@id\":\"https:\\\/\\\/strangercam.com\\\/#organization\"},\"alternateName\":\"Strangercam.com\",\"potentialAction\":[{\"@type\":\"SearchAction\",\"target\":{\"@type\":\"EntryPoint\",\"urlTemplate\":\"https:\\\/\\\/strangercam.com\\\/?s={search_term_string}\"},\"query-input\":{\"@type\":\"PropertyValueSpecification\",\"valueRequired\":true,\"valueName\":\"search_term_string\"}}],\"inLanguage\":\"de\"},{\"@type\":\"Organization\",\"@id\":\"https:\\\/\\\/strangercam.com\\\/#organization\",\"name\":\"Strangercam\",\"alternateName\":\"Strangercam.com\",\"url\":\"https:\\\/\\\/strangercam.com\\\/\",\"logo\":{\"@type\":\"ImageObject\",\"inLanguage\":\"de\",\"@id\":\"https:\\\/\\\/strangercam.com\\\/#\\\/schema\\\/logo\\\/image\\\/\",\"url\":\"https:\\\/\\\/strangercam.com\\\/wp-content\\\/uploads\\\/2020\\\/11\\\/cropped-new-favicon-black.png\",\"contentUrl\":\"https:\\\/\\\/strangercam.com\\\/wp-content\\\/uploads\\\/2020\\\/11\\\/cropped-new-favicon-black.png\",\"width\":512,\"height\":512,\"caption\":\"Strangercam\"},\"image\":{\"@id\":\"https:\\\/\\\/strangercam.com\\\/#\\\/schema\\\/logo\\\/image\\\/\"},\"sameAs\":[\"https:\\\/\\\/www.facebook.com\\\/strangercam\",\"https:\\\/\\\/x.com\\\/strangercamapp\"]}]}<\/script>\n<!-- \/ Yoast SEO plugin. -->","yoast_head_json":{"title":"Azar App - Swipe, Match, Video Chat - Cam auf StrangerCam.com","description":"Gef\u00e4llt dir Azar App? Komm und chatte mit mehr als 5.000.000 Fremden auf Stranger Cam kostenlos! Schalte deine Kamera ein und finde neue Freunde und vielleicht einen Partner!","robots":{"index":"index","follow":"follow","max-snippet":"max-snippet:-1","max-image-preview":"max-image-preview:large","max-video-preview":"max-video-preview:-1"},"canonical":"https:\/\/strangercam.com\/de\/azar-app\/","og_locale":"de_DE","og_type":"article","og_title":"Azar App - Swipe, Match, Video Chat - Cam on StrangerCam.com","og_description":"Like Azar App? Come chat with more than 5.000.000 strangers on Stranger Cam for Free! Turn on your cam and find new friends & maby a match!","og_url":"https:\/\/strangercam.com\/de\/azar-app\/","og_site_name":"Strangercam","article_publisher":"https:\/\/www.facebook.com\/strangercam","article_modified_time":"2023-08-21T09:40:07+00:00","og_image":[{"width":800,"height":800,"url":"https:\/\/strangercam.com\/wp-content\/uploads\/2020\/11\/stranger-cam-1.png","type":"image\/png"}],"twitter_card":"summary_large_image","twitter_site":"@strangercamapp","twitter_misc":{"Gesch\u00e4tzte Lesezeit":"2\u00a0Minuten"},"schema":{"@context":"https:\/\/schema.org","@graph":[{"@type":"WebPage","@id":"https:\/\/strangercam.com\/azar-app\/","url":"https:\/\/strangercam.com\/azar-app\/","name":"Azar App - Swipe, Match, Video Chat - Cam auf StrangerCam.com","isPartOf":{"@id":"https:\/\/strangercam.com\/#website"},"primaryImageOfPage":{"@id":"https:\/\/strangercam.com\/azar-app\/#primaryimage"},"image":{"@id":"https:\/\/strangercam.com\/azar-app\/#primaryimage"},"thumbnailUrl":"https:\/\/strangercam.com\/wp-content\/uploads\/2020\/11\/stranger-cam-1.png","datePublished":"2021-01-09T11:06:16+00:00","dateModified":"2023-08-21T09:40:07+00:00","description":"Gef\u00e4llt dir Azar App? Komm und chatte mit mehr als 5.000.000 Fremden auf Stranger Cam kostenlos! Schalte deine Kamera ein und finde neue Freunde und vielleicht einen Partner!","breadcrumb":{"@id":"https:\/\/strangercam.com\/azar-app\/#breadcrumb"},"inLanguage":"de","potentialAction":[{"@type":"ReadAction","target":["https:\/\/strangercam.com\/azar-app\/"]}]},{"@type":"ImageObject","inLanguage":"de","@id":"https:\/\/strangercam.com\/azar-app\/#primaryimage","url":"https:\/\/strangercam.com\/wp-content\/uploads\/2020\/11\/stranger-cam-1.png","contentUrl":"https:\/\/strangercam.com\/wp-content\/uploads\/2020\/11\/stranger-cam-1.png","width":800,"height":800,"caption":"stranger cam random video chat"},{"@type":"BreadcrumbList","@id":"https:\/\/strangercam.com\/azar-app\/#breadcrumb","itemListElement":[{"@type":"ListItem","position":1,"name":"Home","item":"https:\/\/strangercam.com\/"},{"@type":"ListItem","position":2,"name":"Azar App"}]},{"@type":"WebSite","@id":"https:\/\/strangercam.com\/#website","url":"https:\/\/strangercam.com\/","name":"Strangercam","description":"Zuf\u00e4lliger Video-Chat mit Fremden","publisher":{"@id":"https:\/\/strangercam.com\/#organization"},"alternateName":"Strangercam.com","potentialAction":[{"@type":"SearchAction","target":{"@type":"EntryPoint","urlTemplate":"https:\/\/strangercam.com\/?s={search_term_string}"},"query-input":{"@type":"PropertyValueSpecification","valueRequired":true,"valueName":"search_term_string"}}],"inLanguage":"de"},{"@type":"Organization","@id":"https:\/\/strangercam.com\/#organization","name":"Strangercam","alternateName":"Strangercam.com","url":"https:\/\/strangercam.com\/","logo":{"@type":"ImageObject","inLanguage":"de","@id":"https:\/\/strangercam.com\/#\/schema\/logo\/image\/","url":"https:\/\/strangercam.com\/wp-content\/uploads\/2020\/11\/cropped-new-favicon-black.png","contentUrl":"https:\/\/strangercam.com\/wp-content\/uploads\/2020\/11\/cropped-new-favicon-black.png","width":512,"height":512,"caption":"Strangercam"},"image":{"@id":"https:\/\/strangercam.com\/#\/schema\/logo\/image\/"},"sameAs":["https:\/\/www.facebook.com\/strangercam","https:\/\/x.com\/strangercamapp"]}]}},"_links":{"self":[{"href":"https:\/\/strangercam.com\/de\/wp-json\/wp\/v2\/pages\/980","targetHints":{"allow":["GET"]}}],"collection":[{"href":"https:\/\/strangercam.com\/de\/wp-json\/wp\/v2\/pages"}],"about":[{"href":"https:\/\/strangercam.com\/de\/wp-json\/wp\/v2\/types\/page"}],"author":[{"embeddable":true,"href":"https:\/\/strangercam.com\/de\/wp-json\/wp\/v2\/users\/6"}],"replies":[{"embeddable":true,"href":"https:\/\/strangercam.com\/de\/wp-json\/wp\/v2\/comments?post=980"}],"version-history":[{"count":0,"href":"https:\/\/strangercam.com\/de\/wp-json\/wp\/v2\/pages\/980\/revisions"}],"wp:featuredmedia":[{"embeddable":true,"href":"https:\/\/strangercam.com\/de\/wp-json\/wp\/v2\/media\/559"}],"wp:attachment":[{"href":"https:\/\/strangercam.com\/de\/wp-json\/wp\/v2\/media?parent=980"}],"curies":[{"name":"wp","href":"https:\/\/api.w.org\/{rel}","templated":true}]}}