{"id":9038,"date":"2025-09-29T10:37:31","date_gmt":"2025-09-29T08:37:31","guid":{"rendered":"https:\/\/strangercam.com\/?page_id=9038"},"modified":"2025-09-29T12:03:57","modified_gmt":"2025-09-29T10:03:57","slug":"kostenloser-online-chat","status":"publish","type":"page","link":"https:\/\/strangercam.com\/de\/kostenloser-online-chat\/","title":{"rendered":"Kostenloser Online-Chat"},"content":{"rendered":"<p>Sind Sie auf der Suche nach Free Online <a href=\"https:\/\/strangercam.com\/de\/chathub\/\">Chat<\/a>? Sie sind nicht allein. Millionen von Menschen geben jeden Monat genau diese W\u00f6rter in Google ein und suchen nach einer schnellen, sicheren und kostenlosen M\u00f6glichkeit, um <a href=\"https:\/\/strangercam.com\/de\/coomeet\/\">treffen<\/a> neue Leute online kennenlernen. Im Gegensatz zu sozialen Netzwerken oder Dating-Apps, bei denen eine langwierige Anmeldung erforderlich ist, k\u00f6nnen Sie auf kostenlosen Online-Chat-Plattformen sofort Kontakte kn\u00fcpfen - ohne gro\u00dfen Aufwand.<\/p>\n<p>Im Jahr 2025 ist es dank Plattformen wie StrangerCam einfacher denn je, kostenlos zu chatten, ohne Downloads oder versteckte Kosten. Egal, ob Sie zwanglose Gespr\u00e4che, weltweite Freundschaften oder einen lockeren Flirt suchen, der kostenlose Online-Chat ist immer noch eine der aufregendsten M\u00f6glichkeiten, online in Kontakt zu treten.<\/p>\n<p>In diesem Leitfaden erfahren Sie alles, was Sie wissen m\u00fcssen: was ein kostenloser Online-Chat ist, warum er so beliebt ist, wie er funktioniert, seine Geschichte, welche Funktionen am wichtigsten sind, die besten Plattformen, Sicherheitstipps und warum StrangerCam heute eine der besten Optionen ist.<\/p>\n<h2>Was ist ein kostenloser Online-Chat?<\/h2>\n<p>Der kostenlose Online-Chat bezieht sich auf digitale Plattformen, auf denen man sich sofort per Text oder Video mit anderen unterhalten kann, ohne Geb\u00fchren zu zahlen oder lange Profile anzulegen. Die Idee ist einfach: Sie klicken auf eine Schaltfl\u00e4che und schon sind Sie mit jemandem verbunden - jederzeit und \u00fcberall.<\/p>\n<p>Im Gegensatz zu herk\u00f6mmlichen sozialen Medien oder Dating-Apps geht es bei kostenlosen Chat-Plattformen um Spontaneit\u00e4t. Sie erfordern kein Swipen, keine Algorithmen und keine kuratierten Profile. Stattdessen bieten sie Echtzeit-Interaktion mit Fremden aus der ganzen Welt.<\/p>\n<h2>Warum Menschen den kostenlosen Online-Chat lieben<\/h2>\n<p>Der Begriff \"kostenloser Online-Chat\" ist seit Jahrzehnten beliebt, weil:<\/p>\n<ul>\n<li>Sofortige Verbindung: Kein Warten auf Treffer oder Antworten.<\/li>\n<li>Globale Freundschaften: Treffen Sie Menschen aus \u00fcber 100 L\u00e4ndern.<\/li>\n<li>Vielfalt an Gespr\u00e4chen: Vom lockeren Gepl\u00e4nkel bis zu tiefgr\u00fcndigen Gespr\u00e4chen.<\/li>\n<li>Erschwinglichkeit: Wirklich kostenloser Zugang, keine versteckten Paywalls.<\/li>\n<li>Spontaneit\u00e4t: Jeder Chat ist einzigartig und unvorhersehbar.<\/li>\n<li>Flexibilit\u00e4t: Optionen f\u00fcr Text- oder Live-Video-Chat.<\/li>\n<\/ul>\n<p>Es ist die perfekte Mischung aus Spa\u00df, Authentizit\u00e4t und Zug\u00e4nglichkeit.<\/p>\n<h2>Wie der kostenlose Online-Chat funktioniert<\/h2>\n<p>Das Verfahren ist einfach:<\/p>\n<ol>\n<li>\u00d6ffnen Sie eine Chat-Plattform wie StrangerCam.<\/li>\n<li>W\u00e4hlen Sie den Chat-Modus (Text-Chat oder Video).<\/li>\n<li>Erm\u00f6glichen Sie den Zugriff auf Kamera\/Mikrofon f\u00fcr Video.<\/li>\n<li>Klicken Sie auf \"Chat starten\".<\/li>\n<li>Sofortige Verbindung mit jemandem auf der ganzen Welt.<\/li>\n<li>Klicken Sie jederzeit auf \"Weiter\", um jemand Neues kennenzulernen.<\/li>\n<\/ol>\n<p>Einige Websites bieten auch Funktionen wie Filter, Gruppen-Chatrooms oder \u00dcbersetzungshilfen.<\/p>\n<h2>Zu beachtende Merkmale<\/h2>\n<p>Achten Sie bei der Auswahl einer kostenlosen Online-Chat-Site darauf, dass sie Folgendes enth\u00e4lt:<\/p>\n<ul>\n<li>Wirklich kostenloser Zugang - Vermeiden Sie Websites, die Funktionen hinter Bezahlschranken verstecken.<\/li>\n<li>Keine Anmeldung erforderlich - Bleiben Sie anonym, verbinden Sie sich sofort.<\/li>\n<li>Video- und Textoptionen - Flexibilit\u00e4t f\u00fcr unterschiedliche Stimmungen.<\/li>\n<li>Mobilfreundliches Design - reibungslos auf Handys und Tablets.<\/li>\n<li>Starke Moderation - Sicherer als Chatrooms der alten Schule.<\/li>\n<li>Globale Benutzerbasis - Mehr Leute bedeuten mehr Spa\u00df.<\/li>\n<\/ul>\n<h2>Die besten kostenlosen Online-Chat-Plattformen im Jahr 2025<\/h2>\n<p>Hier ist ein Vergleich der besten kostenlosen Chatseiten von heute:<\/p>\n<table>\n<thead>\n<tr>\n<th>Plattform<\/th>\n<th align=\"center\">Freier Zugang<\/th>\n<th align=\"center\">Anmeldung erforderlich<\/th>\n<th align=\"center\">Video-Chat<\/th>\n<th align=\"center\">Mobile Unterst\u00fctzung<\/th>\n<th align=\"center\">Moderation<\/th>\n<th>Anmerkungen<\/th>\n<\/tr>\n<\/thead>\n<tbody>\n<tr>\n<td>StrangerCam<\/td>\n<td align=\"center\">\u2705<\/td>\n<td align=\"center\">\u274c<\/td>\n<td align=\"center\">\u2705<\/td>\n<td align=\"center\">\u2705<\/td>\n<td align=\"center\">\u2705<\/td>\n<td>Beste Wahl: kostenlos, sofort, sicher<\/td>\n<\/tr>\n<tr>\n<td><a href=\"https:\/\/strangercam.com\/de\/chatroulette\/\">Chatroulette<\/a><\/td>\n<td align=\"center\">\u2705<\/td>\n<td align=\"center\">\u274c<\/td>\n<td align=\"center\">\u2705<\/td>\n<td align=\"center\">\u2705<\/td>\n<td align=\"center\">\u2705<\/td>\n<td>Klassische, aber eingeschr\u00e4nkte Funktionen<\/td>\n<\/tr>\n<tr>\n<td>Chatrandom<\/td>\n<td align=\"center\">\u2705<\/td>\n<td align=\"center\">\u274c<\/td>\n<td align=\"center\">\u2705<\/td>\n<td align=\"center\">\u2705<\/td>\n<td align=\"center\">\u2705<\/td>\n<td>Gro\u00dfe Nutzerbasis, dr\u00e4ngt auf Upgrades<\/td>\n<\/tr>\n<tr>\n<td><a href=\"https:\/\/strangercam.com\/de\/ometv\/\">OmeTV<\/a><\/td>\n<td align=\"center\">\u2705<\/td>\n<td align=\"center\">\u274c<\/td>\n<td align=\"center\">\u2705<\/td>\n<td align=\"center\">\u2705<\/td>\n<td align=\"center\">\u2705<\/td>\n<td>Mobile-first-App f\u00fcr Zufalls-Chat<\/td>\n<\/tr>\n<tr>\n<td>Shagle<\/td>\n<td align=\"center\">\u2705<\/td>\n<td align=\"center\">\u274c<\/td>\n<td align=\"center\">\u2705<\/td>\n<td align=\"center\">\u2705<\/td>\n<td align=\"center\">\u2705<\/td>\n<td>Freier Eintritt, Premium-Filter gesperrt<\/td>\n<\/tr>\n<tr>\n<td>WireClub<\/td>\n<td align=\"center\">\u2705<\/td>\n<td align=\"center\">\u2705<\/td>\n<td align=\"center\">\u274c<\/td>\n<td align=\"center\">\u2705<\/td>\n<td align=\"center\">\u2705<\/td>\n<td>Traditionellere Text-Chatrooms<\/td>\n<\/tr>\n<\/tbody>\n<\/table>\n<p>StrangerCam ist eine der wenigen Plattformen, die kostenlosen, unbegrenzten Zugang, keine Anmeldung und sowohl Video- als auch Text-Chat-Optionen bietet.<\/p>\n<h2>Warum StrangerCam die beste kostenlose Online-Chat-Option ist<\/h2>\n<p>Hier ist, warum StrangerCam ist die erste Wahl f\u00fcr kostenlose Online-Chat in 2025:<\/p>\n<h3>1. V\u00f6llig kostenlos<\/h3>\n<p>Keine versteckten Kosten, Versuche oder Kreditsysteme.<\/p>\n<h3>2. Keine Anmeldung erforderlich<\/h3>\n<p>Anonym bleiben und sofort chatten.<\/p>\n<h3>3. Text + Video Optionen<\/h3>\n<p>Wechseln Sie zwischen den Modi je nach Ihrem Komfort.<\/p>\n<h3>4. Sicher &amp; moderiert<\/h3>\n<p>Bessere Sicherheitstools als Chatrooms der alten Schule.<\/p>\n<h3>5. Mobil &amp; Desktop bereit<\/h3>\n<p>Optimiert f\u00fcr alle Ger\u00e4te.<\/p>\n<h3>6. Globale Reichweite<\/h3>\n<p>Treffen Sie Menschen aus mehr als 100 L\u00e4ndern, 24\/7.<\/p>\n<h2>Echte Anwenderberichte<\/h2>\n<blockquote><p>\"Ich habe nach Free Online Chat gesucht und StrangerCam gefunden. Es war schnell, hat Spa\u00df gemacht und ich habe Leute aus der ganzen Welt kennengelernt.\"<br \/>\n- Jake, 25<\/p><\/blockquote>\n<blockquote><p>\"Mir gef\u00e4llt, dass ich mich nicht anmelden oder pers\u00f6nliche Daten angeben muss. Es ist wirklich kostenlos.\"<br \/>\n- Sophia, 22<\/p><\/blockquote>\n<blockquote><p>\"Es f\u00fchlt sich sicher und einfach an. Die Skip-Taste macht es einfach, weiterzumachen.\"<br \/>\n- Ryan, 30<\/p><\/blockquote>\n<blockquote><p>\"Im Gegensatz zu den alten Chatrooms wirkt dieser modern und moderiert. Der kostenlose Online-Chat funktioniert endlich.\"<br \/>\n- Emma, 20<\/p><\/blockquote>\n<h2>Die Psychologie des kostenlosen Online-Chats<\/h2>\n<p>Warum ist der kostenlose Online-Chat auch im Jahr 2025 noch so beliebt? Er entspricht drei universellen menschlichen Bed\u00fcrfnissen:<\/p>\n<ol>\n<li>Sofortige Befriedigung: Wir wollen eine sofortige Verbindung ohne Wartezeit.<\/li>\n<li>Neuartigkeit: Jeder Fremde bringt ein neues Gespr\u00e4ch mit sich, was die Sache spannend macht.<\/li>\n<li>Erschwinglichkeit: Der Zusatz \"kostenlos\" macht sie f\u00fcr jeden und \u00fcberall zug\u00e4nglich.<\/li>\n<\/ol>\n<p>Dies erkl\u00e4rt, warum der Begriff Jahr f\u00fcr Jahr so h\u00e4ufig gesucht wird.<\/p>\n<h2>Sicherheitstipps f\u00fcr den kostenlosen Online-Chat<\/h2>\n<p>Online-Chatten macht zwar Spa\u00df, aber die Sicherheit sollte immer an erster Stelle stehen:<\/p>\n<ul>\n<li>Geben Sie niemals pers\u00f6nliche Informationen weiter (Telefon, Adresse, Arbeitsplatz).<\/li>\n<li>Vermeiden Sie es, auf Links von Fremden zu klicken.<\/li>\n<li>Verwenden Sie \u00dcberspringen\/Blockieren, wenn Ihnen jemand Unbehagen bereitet.<\/li>\n<li>\u00dcberpr\u00fcfen Sie Ihren Kamerahintergrund, bevor Sie live gehen.<\/li>\n<li>Bleiben Sie bei Spitznamen, nicht bei echten Namen.<\/li>\n<li>Beachten Sie die Altersbeschr\u00e4nkungen - benutzen Sie keinen Chat f\u00fcr Erwachsene, wenn Sie unter 18 sind.<\/li>\n<\/ul>\n<h2>Der Einstieg - Schritt f\u00fcr Schritt<\/h2>\n<p>Es dauert nur Sekunden, um einen kostenlosen Online-Chat zu beginnen:<\/p>\n<ol>\n<li>\u00d6ffnen Sie StrangerCam in Ihrem Browser oder auf Ihrem Ger\u00e4t.<\/li>\n<li>W\u00e4hlen Sie Ihren Chat-Modus: Text oder Video.<\/li>\n<li>Erlauben Sie den Zugriff auf Kamera\/Mikrofon (f\u00fcr Video).<\/li>\n<li>Klicken Sie auf Chat starten.<\/li>\n<li>Treffen Sie sofort neue Leute - dr\u00fccken Sie jederzeit auf Weiter, um zu wechseln.<\/li>\n<\/ol>\n<p>Im Jahr 2025 ist der kostenlose Online-Chat nach wie vor eine der schnellsten, einfachsten und unterhaltsamsten M\u00f6glichkeiten, online Leute kennenzulernen. Im Gegensatz zu Dating-Apps oder sozialen Medien ist er sofort, global und spontan.<\/p>\n<p>Plattformen wie StrangerCam machen es besser als je zuvor: wirklich kostenlos, sicher und mit echten Nutzern aus der ganzen Welt gef\u00fcllt. Egal, ob Sie auf der Suche nach Freunden, zwanglosem Spa\u00df oder einfach nur einer Unterhaltung gegen die Langeweile sind, der kostenlose Online-Chat ist immer nur einen Klick entfernt.<\/p>\n<p>Bereit zur Kontaktaufnahme? Starten Sie noch heute einen kostenlosen Online-Chat und entdecken Sie, wen Sie als n\u00e4chstes treffen werden.<\/p>","protected":false},"excerpt":{"rendered":"<p>Are you searching for Free Online Chat? You\u2019re not alone. Millions of people every month type those exact words into Google, looking for a quick, safe, and free way to meet new people online. Unlike social networks or dating apps that require lengthy signups, free online chat platforms let you connect instantly\u2014without the hassle. In [&hellip;]<\/p>\n","protected":false},"author":8,"featured_media":0,"parent":0,"menu_order":0,"comment_status":"closed","ping_status":"closed","template":"","meta":{"footnotes":""},"class_list":["post-9038","page","type-page","status-publish","hentry"],"yoast_head":"<!-- This site is optimized with the Yoast SEO plugin v26.9 - https:\/\/yoast.com\/product\/yoast-seo-wordpress\/ -->\n<title>Free Online Chat with Video Chat on Strangercam.com<\/title>\n<meta name=\"description\" content=\"Liking Free Online Chat? Join millions on StrangerCam.com! Start a random video chat, turn on your cam, and meet strangers instantly.\" \/>\n<meta name=\"robots\" content=\"index, follow, max-snippet:-1, max-image-preview:large, max-video-preview:-1\" \/>\n<link rel=\"canonical\" href=\"https:\/\/strangercam.com\/de\/kostenloser-online-chat\/\" \/>\n<meta property=\"og:locale\" content=\"de_DE\" \/>\n<meta property=\"og:type\" content=\"article\" \/>\n<meta property=\"og:title\" content=\"Free Online Chat with Video Chat on Strangercam.com\" \/>\n<meta property=\"og:description\" content=\"Liking Free Online Chat? Join millions on StrangerCam.com! Start a random video chat, turn on your cam, and meet strangers instantly.\" \/>\n<meta property=\"og:url\" content=\"https:\/\/strangercam.com\/de\/kostenloser-online-chat\/\" \/>\n<meta property=\"og:site_name\" content=\"Strangercam\" \/>\n<meta property=\"article:publisher\" content=\"https:\/\/www.facebook.com\/strangercam\" \/>\n<meta property=\"article:modified_time\" content=\"2025-09-29T10:03:57+00:00\" \/>\n<meta property=\"og:image\" content=\"https:\/\/strangercam.com\/wp-content\/uploads\/2021\/10\/Untitled-2.png\" \/>\n\t<meta property=\"og:image:width\" content=\"800\" \/>\n\t<meta property=\"og:image:height\" content=\"532\" \/>\n\t<meta property=\"og:image:type\" content=\"image\/png\" \/>\n<meta name=\"twitter:card\" content=\"summary_large_image\" \/>\n<meta name=\"twitter:site\" content=\"@strangercamapp\" \/>\n<meta name=\"twitter:label1\" content=\"Gesch\u00e4tzte Lesezeit\" \/>\n\t<meta name=\"twitter:data1\" content=\"4\u00a0Minuten\" \/>\n<script type=\"application\/ld+json\" class=\"yoast-schema-graph\">{\"@context\":\"https:\/\/schema.org\",\"@graph\":[{\"@type\":\"WebPage\",\"@id\":\"https:\/\/strangercam.com\/free-online-chat\/\",\"url\":\"https:\/\/strangercam.com\/free-online-chat\/\",\"name\":\"Free Online Chat with Video Chat on Strangercam.com\",\"isPartOf\":{\"@id\":\"https:\/\/strangercam.com\/#website\"},\"datePublished\":\"2025-09-29T08:37:31+00:00\",\"dateModified\":\"2025-09-29T10:03:57+00:00\",\"description\":\"Liking Free Online Chat? Join millions on StrangerCam.com! Start a random video chat, turn on your cam, and meet strangers instantly.\",\"breadcrumb\":{\"@id\":\"https:\/\/strangercam.com\/free-online-chat\/#breadcrumb\"},\"inLanguage\":\"de\",\"potentialAction\":[{\"@type\":\"ReadAction\",\"target\":[\"https:\/\/strangercam.com\/free-online-chat\/\"]}]},{\"@type\":\"BreadcrumbList\",\"@id\":\"https:\/\/strangercam.com\/free-online-chat\/#breadcrumb\",\"itemListElement\":[{\"@type\":\"ListItem\",\"position\":1,\"name\":\"Home\",\"item\":\"https:\/\/strangercam.com\/\"},{\"@type\":\"ListItem\",\"position\":2,\"name\":\"Free Online Chat\"}]},{\"@type\":\"WebSite\",\"@id\":\"https:\/\/strangercam.com\/#website\",\"url\":\"https:\/\/strangercam.com\/\",\"name\":\"Strangercam\",\"description\":\"Random Video Chat with Strangers\",\"publisher\":{\"@id\":\"https:\/\/strangercam.com\/#organization\"},\"alternateName\":\"Strangercam.com\",\"potentialAction\":[{\"@type\":\"SearchAction\",\"target\":{\"@type\":\"EntryPoint\",\"urlTemplate\":\"https:\/\/strangercam.com\/?s={search_term_string}\"},\"query-input\":{\"@type\":\"PropertyValueSpecification\",\"valueRequired\":true,\"valueName\":\"search_term_string\"}}],\"inLanguage\":\"de\"},{\"@type\":\"Organization\",\"@id\":\"https:\/\/strangercam.com\/#organization\",\"name\":\"Strangercam\",\"alternateName\":\"Strangercam.com\",\"url\":\"https:\/\/strangercam.com\/\",\"logo\":{\"@type\":\"ImageObject\",\"inLanguage\":\"de\",\"@id\":\"https:\/\/strangercam.com\/#\/schema\/logo\/image\/\",\"url\":\"https:\/\/strangercam.com\/wp-content\/uploads\/2020\/11\/cropped-new-favicon-black.png\",\"contentUrl\":\"https:\/\/strangercam.com\/wp-content\/uploads\/2020\/11\/cropped-new-favicon-black.png\",\"width\":512,\"height\":512,\"caption\":\"Strangercam\"},\"image\":{\"@id\":\"https:\/\/strangercam.com\/#\/schema\/logo\/image\/\"},\"sameAs\":[\"https:\/\/www.facebook.com\/strangercam\",\"https:\/\/x.com\/strangercamapp\"]}]}<\/script>\n<!-- \/ Yoast SEO plugin. -->","yoast_head_json":{"title":"Kostenloser Online-Chat mit Video-Chat auf Strangercam.com","description":"M\u00f6gen Sie den kostenlosen Online-Chat? Join Millionen auf StrangerCam.com! Starten Sie einen zuf\u00e4lligen Video-Chat, schalten Sie Ihre Kamera ein und treffen Sie sofort Fremde.","robots":{"index":"index","follow":"follow","max-snippet":"max-snippet:-1","max-image-preview":"max-image-preview:large","max-video-preview":"max-video-preview:-1"},"canonical":"https:\/\/strangercam.com\/de\/kostenloser-online-chat\/","og_locale":"de_DE","og_type":"article","og_title":"Free Online Chat with Video Chat on Strangercam.com","og_description":"Liking Free Online Chat? Join millions on StrangerCam.com! Start a random video chat, turn on your cam, and meet strangers instantly.","og_url":"https:\/\/strangercam.com\/de\/kostenloser-online-chat\/","og_site_name":"Strangercam","article_publisher":"https:\/\/www.facebook.com\/strangercam","article_modified_time":"2025-09-29T10:03:57+00:00","og_image":[{"width":800,"height":532,"url":"https:\/\/strangercam.com\/wp-content\/uploads\/2021\/10\/Untitled-2.png","type":"image\/png"}],"twitter_card":"summary_large_image","twitter_site":"@strangercamapp","twitter_misc":{"Gesch\u00e4tzte Lesezeit":"4\u00a0Minuten"},"schema":{"@context":"https:\/\/schema.org","@graph":[{"@type":"WebPage","@id":"https:\/\/strangercam.com\/free-online-chat\/","url":"https:\/\/strangercam.com\/free-online-chat\/","name":"Kostenloser Online-Chat mit Video-Chat auf Strangercam.com","isPartOf":{"@id":"https:\/\/strangercam.com\/#website"},"datePublished":"2025-09-29T08:37:31+00:00","dateModified":"2025-09-29T10:03:57+00:00","description":"M\u00f6gen Sie den kostenlosen Online-Chat? Join Millionen auf StrangerCam.com! Starten Sie einen zuf\u00e4lligen Video-Chat, schalten Sie Ihre Kamera ein und treffen Sie sofort Fremde.","breadcrumb":{"@id":"https:\/\/strangercam.com\/free-online-chat\/#breadcrumb"},"inLanguage":"de","potentialAction":[{"@type":"ReadAction","target":["https:\/\/strangercam.com\/free-online-chat\/"]}]},{"@type":"BreadcrumbList","@id":"https:\/\/strangercam.com\/free-online-chat\/#breadcrumb","itemListElement":[{"@type":"ListItem","position":1,"name":"Home","item":"https:\/\/strangercam.com\/"},{"@type":"ListItem","position":2,"name":"Free Online Chat"}]},{"@type":"WebSite","@id":"https:\/\/strangercam.com\/#website","url":"https:\/\/strangercam.com\/","name":"Strangercam","description":"Zuf\u00e4lliger Video-Chat mit Fremden","publisher":{"@id":"https:\/\/strangercam.com\/#organization"},"alternateName":"Strangercam.com","potentialAction":[{"@type":"SearchAction","target":{"@type":"EntryPoint","urlTemplate":"https:\/\/strangercam.com\/?s={search_term_string}"},"query-input":{"@type":"PropertyValueSpecification","valueRequired":true,"valueName":"search_term_string"}}],"inLanguage":"de"},{"@type":"Organization","@id":"https:\/\/strangercam.com\/#organization","name":"Strangercam","alternateName":"Strangercam.com","url":"https:\/\/strangercam.com\/","logo":{"@type":"ImageObject","inLanguage":"de","@id":"https:\/\/strangercam.com\/#\/schema\/logo\/image\/","url":"https:\/\/strangercam.com\/wp-content\/uploads\/2020\/11\/cropped-new-favicon-black.png","contentUrl":"https:\/\/strangercam.com\/wp-content\/uploads\/2020\/11\/cropped-new-favicon-black.png","width":512,"height":512,"caption":"Strangercam"},"image":{"@id":"https:\/\/strangercam.com\/#\/schema\/logo\/image\/"},"sameAs":["https:\/\/www.facebook.com\/strangercam","https:\/\/x.com\/strangercamapp"]}]}},"_links":{"self":[{"href":"https:\/\/strangercam.com\/de\/wp-json\/wp\/v2\/pages\/9038","targetHints":{"allow":["GET"]}}],"collection":[{"href":"https:\/\/strangercam.com\/de\/wp-json\/wp\/v2\/pages"}],"about":[{"href":"https:\/\/strangercam.com\/de\/wp-json\/wp\/v2\/types\/page"}],"author":[{"embeddable":true,"href":"https:\/\/strangercam.com\/de\/wp-json\/wp\/v2\/users\/8"}],"replies":[{"embeddable":true,"href":"https:\/\/strangercam.com\/de\/wp-json\/wp\/v2\/comments?post=9038"}],"version-history":[{"count":2,"href":"https:\/\/strangercam.com\/de\/wp-json\/wp\/v2\/pages\/9038\/revisions"}],"predecessor-version":[{"id":13049,"href":"https:\/\/strangercam.com\/de\/wp-json\/wp\/v2\/pages\/9038\/revisions\/13049"}],"wp:attachment":[{"href":"https:\/\/strangercam.com\/de\/wp-json\/wp\/v2\/media?parent=9038"}],"curies":[{"name":"wp","href":"https:\/\/api.w.org\/{rel}","templated":true}]}}