{"id":8978,"date":"2021-11-11T15:12:23","date_gmt":"2021-11-11T13:12:23","guid":{"rendered":"https:\/\/strangercam.com\/?page_id=8978"},"modified":"2023-09-12T15:19:27","modified_gmt":"2023-09-12T13:19:27","slug":"kostenloser-homosexuell-chat","status":"publish","type":"page","link":"https:\/\/strangercam.com\/de\/kostenloser-homosexuell-chat\/","title":{"rendered":"Kostenloser Homosexuell Chat"},"content":{"rendered":"<p>Willkommen bei Free Gay <a href=\"https:\/\/strangercam.com\/de\/chatroulette\/\">Chat<\/a>. Join die Free Gay Chat Video-Chat-App, die es einfach macht, mit zuf\u00e4lligen Fremden zu chatten, anonym. Free Gay Chat bietet Video-Chat-Funktionen wie Gesichtsmasken, Geschlechts- und L\u00e4nderfilter, privaten Chat und vieles mehr. Chatte mit zuf\u00e4lligen M\u00e4dchen und Jungen online, \u00fcberall auf der Welt, sofort. Finde einen neuen Freund, <a href=\"https:\/\/strangercam.com\/de\/coomeet\/\">treffen<\/a> Ihr n\u00e4chstes Date, zeigen Sie Ihre unglaublichen musikalischen F\u00e4higkeiten, plaudern Sie \u00fcber Fu\u00dfball, f\u00fchren Sie einen kostenlosen Gay-Chat oder entspannen Sie sich einfach und diskutieren Sie \u00fcber die neuesten <a href=\"https:\/\/netflix.com\">Netflix<\/a> Serie mit einem Fremden. Es ist kostenlos und einfach, Free Gay Chat und Spa\u00df zu haben. Man wei\u00df nie, wer auf der anderen Seite der Webcam auf einen warten k\u00f6nnte!<\/p>\n<p>Wenn Sie auf der Suche nach anonymen Kontakten zu neuen Menschen sind, <a href=\"https:\/\/strangercam.com\/de\/chathub\/\">zuf\u00e4lliger Video-Chat<\/a> ist der beste und einfachste Weg, und StrangerCam ist der Chat <a href=\"https:\/\/strangercam.com\/de\/bazoocam\/\">Nocken<\/a> App, die Sie dorthin bringen wird. Wir haben unsere App so optimiert, dass Sie genau ausw\u00e4hlen k\u00f6nnen, mit wem Sie chatten m\u00f6chten - eine neue und innovative Art, mit Fremden in Kontakt zu treten.<\/p>\n<p>Worauf warten Sie also noch?\u00a0<a href=\"#chatbox\"><strong>Jetzt bei Free Gay Chat anmelden!<\/strong><\/a><\/p>","protected":false},"excerpt":{"rendered":"<p>Welcome to . Join the video chat app that makes it easy to chat to random strangers, anonymously. offers video chat features including face masks, gender and country filters, private chat, and much more. Chat with random girls and boys online, anywhere in the world, instantaneously. Find a new friend, meet your next date, show [&hellip;]<\/p>\n","protected":false},"author":8,"featured_media":0,"parent":0,"menu_order":0,"comment_status":"closed","ping_status":"closed","template":"","meta":{"footnotes":""},"class_list":["post-8978","page","type-page","status-publish","hentry"],"yoast_head":"<!-- This site is optimized with the Yoast SEO plugin v26.9 - https:\/\/yoast.com\/product\/yoast-seo-wordpress\/ -->\n<title>Free Gay Chat - StrangerCam.com: Cam With Strangers<\/title>\n<meta name=\"description\" content=\"Free Gay Chat anonymously with over 5.000.000 strangers. No Sign-Up Required! Cam with strangers on StrangerCam.com.\" \/>\n<meta name=\"robots\" content=\"index, follow, max-snippet:-1, max-image-preview:large, max-video-preview:-1\" \/>\n<link rel=\"canonical\" href=\"https:\/\/strangercam.com\/de\/kostenloser-homosexuell-chat\/\" \/>\n<meta property=\"og:locale\" content=\"de_DE\" \/>\n<meta property=\"og:type\" content=\"article\" \/>\n<meta property=\"og:title\" content=\"Free Gay Chat - StrangerCam.com: Cam With Strangers\" \/>\n<meta property=\"og:description\" content=\"Free Gay Chat anonymously with over 5.000.000 strangers. No Sign-Up Required! Cam with strangers on StrangerCam.com.\" \/>\n<meta property=\"og:url\" content=\"https:\/\/strangercam.com\/de\/kostenloser-homosexuell-chat\/\" \/>\n<meta property=\"og:site_name\" content=\"Strangercam\" \/>\n<meta property=\"article:publisher\" content=\"https:\/\/www.facebook.com\/strangercam\" \/>\n<meta property=\"article:modified_time\" content=\"2023-09-12T13:19:27+00:00\" \/>\n<meta property=\"og:image\" content=\"https:\/\/strangercam.com\/wp-content\/uploads\/2021\/10\/Untitled-2.png\" \/>\n\t<meta property=\"og:image:width\" content=\"800\" \/>\n\t<meta property=\"og:image:height\" content=\"532\" \/>\n\t<meta property=\"og:image:type\" content=\"image\/png\" \/>\n<meta name=\"twitter:card\" content=\"summary_large_image\" \/>\n<meta name=\"twitter:site\" content=\"@strangercamapp\" \/>\n<meta name=\"twitter:label1\" content=\"Gesch\u00e4tzte Lesezeit\" \/>\n\t<meta name=\"twitter:data1\" content=\"1\u00a0Minute\" \/>\n<script type=\"application\/ld+json\" class=\"yoast-schema-graph\">{\"@context\":\"https:\/\/schema.org\",\"@graph\":[{\"@type\":\"WebPage\",\"@id\":\"https:\/\/strangercam.com\/free-gay-chat\/\",\"url\":\"https:\/\/strangercam.com\/free-gay-chat\/\",\"name\":\"Free Gay Chat - StrangerCam.com: Cam With Strangers\",\"isPartOf\":{\"@id\":\"https:\/\/strangercam.com\/#website\"},\"datePublished\":\"2021-11-11T13:12:23+00:00\",\"dateModified\":\"2023-09-12T13:19:27+00:00\",\"description\":\"Free Gay Chat anonymously with over 5.000.000 strangers. No Sign-Up Required! Cam with strangers on StrangerCam.com.\",\"breadcrumb\":{\"@id\":\"https:\/\/strangercam.com\/free-gay-chat\/#breadcrumb\"},\"inLanguage\":\"de\",\"potentialAction\":[{\"@type\":\"ReadAction\",\"target\":[\"https:\/\/strangercam.com\/free-gay-chat\/\"]}]},{\"@type\":\"BreadcrumbList\",\"@id\":\"https:\/\/strangercam.com\/free-gay-chat\/#breadcrumb\",\"itemListElement\":[{\"@type\":\"ListItem\",\"position\":1,\"name\":\"Home\",\"item\":\"https:\/\/strangercam.com\/\"},{\"@type\":\"ListItem\",\"position\":2,\"name\":\"Free Gay Chat\"}]},{\"@type\":\"WebSite\",\"@id\":\"https:\/\/strangercam.com\/#website\",\"url\":\"https:\/\/strangercam.com\/\",\"name\":\"Strangercam\",\"description\":\"Random Video Chat with Strangers\",\"publisher\":{\"@id\":\"https:\/\/strangercam.com\/#organization\"},\"alternateName\":\"Strangercam.com\",\"potentialAction\":[{\"@type\":\"SearchAction\",\"target\":{\"@type\":\"EntryPoint\",\"urlTemplate\":\"https:\/\/strangercam.com\/?s={search_term_string}\"},\"query-input\":{\"@type\":\"PropertyValueSpecification\",\"valueRequired\":true,\"valueName\":\"search_term_string\"}}],\"inLanguage\":\"de\"},{\"@type\":\"Organization\",\"@id\":\"https:\/\/strangercam.com\/#organization\",\"name\":\"Strangercam\",\"alternateName\":\"Strangercam.com\",\"url\":\"https:\/\/strangercam.com\/\",\"logo\":{\"@type\":\"ImageObject\",\"inLanguage\":\"de\",\"@id\":\"https:\/\/strangercam.com\/#\/schema\/logo\/image\/\",\"url\":\"https:\/\/strangercam.com\/wp-content\/uploads\/2020\/11\/cropped-new-favicon-black.png\",\"contentUrl\":\"https:\/\/strangercam.com\/wp-content\/uploads\/2020\/11\/cropped-new-favicon-black.png\",\"width\":512,\"height\":512,\"caption\":\"Strangercam\"},\"image\":{\"@id\":\"https:\/\/strangercam.com\/#\/schema\/logo\/image\/\"},\"sameAs\":[\"https:\/\/www.facebook.com\/strangercam\",\"https:\/\/x.com\/strangercamapp\"]}]}<\/script>\n<!-- \/ Yoast SEO plugin. -->","yoast_head_json":{"title":"Kostenloser Gay Chat - StrangerCam.com: Cam mit Fremden","description":"Anonymer Gay Chat mit \u00fcber 5.000.000 Fremden. Keine Anmeldung erforderlich! Cam mit Fremden auf StrangerCam.com.","robots":{"index":"index","follow":"follow","max-snippet":"max-snippet:-1","max-image-preview":"max-image-preview:large","max-video-preview":"max-video-preview:-1"},"canonical":"https:\/\/strangercam.com\/de\/kostenloser-homosexuell-chat\/","og_locale":"de_DE","og_type":"article","og_title":"Free Gay Chat - StrangerCam.com: Cam With Strangers","og_description":"Free Gay Chat anonymously with over 5.000.000 strangers. No Sign-Up Required! Cam with strangers on StrangerCam.com.","og_url":"https:\/\/strangercam.com\/de\/kostenloser-homosexuell-chat\/","og_site_name":"Strangercam","article_publisher":"https:\/\/www.facebook.com\/strangercam","article_modified_time":"2023-09-12T13:19:27+00:00","og_image":[{"width":800,"height":532,"url":"https:\/\/strangercam.com\/wp-content\/uploads\/2021\/10\/Untitled-2.png","type":"image\/png"}],"twitter_card":"summary_large_image","twitter_site":"@strangercamapp","twitter_misc":{"Gesch\u00e4tzte Lesezeit":"1\u00a0Minute"},"schema":{"@context":"https:\/\/schema.org","@graph":[{"@type":"WebPage","@id":"https:\/\/strangercam.com\/free-gay-chat\/","url":"https:\/\/strangercam.com\/free-gay-chat\/","name":"Kostenloser Gay Chat - StrangerCam.com: Cam mit Fremden","isPartOf":{"@id":"https:\/\/strangercam.com\/#website"},"datePublished":"2021-11-11T13:12:23+00:00","dateModified":"2023-09-12T13:19:27+00:00","description":"Anonymer Gay Chat mit \u00fcber 5.000.000 Fremden. Keine Anmeldung erforderlich! Cam mit Fremden auf StrangerCam.com.","breadcrumb":{"@id":"https:\/\/strangercam.com\/free-gay-chat\/#breadcrumb"},"inLanguage":"de","potentialAction":[{"@type":"ReadAction","target":["https:\/\/strangercam.com\/free-gay-chat\/"]}]},{"@type":"BreadcrumbList","@id":"https:\/\/strangercam.com\/free-gay-chat\/#breadcrumb","itemListElement":[{"@type":"ListItem","position":1,"name":"Home","item":"https:\/\/strangercam.com\/"},{"@type":"ListItem","position":2,"name":"Free Gay Chat"}]},{"@type":"WebSite","@id":"https:\/\/strangercam.com\/#website","url":"https:\/\/strangercam.com\/","name":"Strangercam","description":"Zuf\u00e4lliger Video-Chat mit Fremden","publisher":{"@id":"https:\/\/strangercam.com\/#organization"},"alternateName":"Strangercam.com","potentialAction":[{"@type":"SearchAction","target":{"@type":"EntryPoint","urlTemplate":"https:\/\/strangercam.com\/?s={search_term_string}"},"query-input":{"@type":"PropertyValueSpecification","valueRequired":true,"valueName":"search_term_string"}}],"inLanguage":"de"},{"@type":"Organization","@id":"https:\/\/strangercam.com\/#organization","name":"Strangercam","alternateName":"Strangercam.com","url":"https:\/\/strangercam.com\/","logo":{"@type":"ImageObject","inLanguage":"de","@id":"https:\/\/strangercam.com\/#\/schema\/logo\/image\/","url":"https:\/\/strangercam.com\/wp-content\/uploads\/2020\/11\/cropped-new-favicon-black.png","contentUrl":"https:\/\/strangercam.com\/wp-content\/uploads\/2020\/11\/cropped-new-favicon-black.png","width":512,"height":512,"caption":"Strangercam"},"image":{"@id":"https:\/\/strangercam.com\/#\/schema\/logo\/image\/"},"sameAs":["https:\/\/www.facebook.com\/strangercam","https:\/\/x.com\/strangercamapp"]}]}},"_links":{"self":[{"href":"https:\/\/strangercam.com\/de\/wp-json\/wp\/v2\/pages\/8978","targetHints":{"allow":["GET"]}}],"collection":[{"href":"https:\/\/strangercam.com\/de\/wp-json\/wp\/v2\/pages"}],"about":[{"href":"https:\/\/strangercam.com\/de\/wp-json\/wp\/v2\/types\/page"}],"author":[{"embeddable":true,"href":"https:\/\/strangercam.com\/de\/wp-json\/wp\/v2\/users\/8"}],"replies":[{"embeddable":true,"href":"https:\/\/strangercam.com\/de\/wp-json\/wp\/v2\/comments?post=8978"}],"version-history":[{"count":0,"href":"https:\/\/strangercam.com\/de\/wp-json\/wp\/v2\/pages\/8978\/revisions"}],"wp:attachment":[{"href":"https:\/\/strangercam.com\/de\/wp-json\/wp\/v2\/media?parent=8978"}],"curies":[{"name":"wp","href":"https:\/\/api.w.org\/{rel}","templated":true}]}}