{"id":881,"date":"2020-12-02T19:15:37","date_gmt":"2020-12-02T17:15:37","guid":{"rendered":"https:\/\/strangercam.com\/?page_id=881"},"modified":"2023-08-21T12:34:45","modified_gmt":"2023-08-21T10:34:45","slug":"ometv","status":"publish","type":"page","link":"https:\/\/strangercam.com\/de\/ometv\/","title":{"rendered":"OmeTV"},"content":{"rendered":"<p>OmeTV ist ein <a href=\"https:\/\/strangercam.com\/de\/rabbit-video-chat\/\">Video<\/a> <a href=\"https:\/\/strangercam.com\/de\/chatroulette\/\">Chat<\/a> Website und App, \u00fcber die Sie mit Fremden sprechen k\u00f6nnen. Diese Website erm\u00f6glicht es Ihnen, mit nur einem Klick auf eine Schaltfl\u00e4che mit einem beliebigen Fremden zu sprechen. Die Website sagt, sie sei die beste Alternative zu <a href=\"https:\/\/strangercam.com\/de\/omegle\/\">Omegle<\/a> Tv. Die App f\u00fcr OmeTv ist f\u00fcr Android und iOS verf\u00fcgbar.<\/p>\n<p>Ob Tag oder Nacht, es spielt keine Rolle, solange Sie chatten wollen; OmeTv bietet Ihnen viele M\u00f6glichkeiten. Rund 10 Millionen Menschen sind bei OmeTv registriert. Mit diesen Menschen k\u00f6nnen Sie frei chatten. Die Plattform erm\u00f6glicht es Ihnen auch, aus Millionen von Menschen auszuw\u00e4hlen und zu w\u00e4hlen.<\/p>\n<p>Ihr einziger Zweck ist es, die Menschen <a href=\"https:\/\/strangercam.com\/de\/coomeet\/\">treffen<\/a> immer mehr Menschen; sie k\u00f6nnen virtuell von zu Hause aus Kaffee trinken oder ihre Gef\u00fchle mit ihnen teilen. Mit dieser App werden Sie sich nie allein f\u00fchlen. Es gibt Ihnen die M\u00f6glichkeit, neue Freunde zu finden.<\/p>\n<h3>Altersgrenze f\u00fcr OmeTV - befolgt oder ignoriert?<\/h3>\n<p>Eines der beunruhigendsten Dinge an der App ist, dass sie zwar angibt, dass der Nutzer \u00fcber 18 Jahre alt sein muss, aber es gibt keine \u00dcberpr\u00fcfung, um dies zu best\u00e4tigen. Es wurde festgestellt, dass die App von vielen Teenagern unter 18 Jahren genutzt wurde.<\/p>\n<p>Sie brauchen kein Konto bei OmeTv; melden Sie sich einfach \u00fcber Facebook an, und schon k\u00f6nnen Sie mit einem beliebigen Fremden chatten.<\/p>\n<h3>Was kann zum Verbot f\u00fchren?<\/h3>\n<p>Die App ist mit verschiedenen Einschr\u00e4nkungen verbunden. F\u00fcr die Durchf\u00fchrung der unten genannten Aktionen k\u00f6nnen Sie gesperrt werden.<\/p>\n<ul>\n<li style=\"font-weight: 400;\" aria-level=\"1\">Beantragung von virtuellen <a href=\"https:\/\/strangercam.com\/de\/shagle\/\">Sex<\/a> oder Nacktheit.<\/li>\n<li style=\"font-weight: 400;\" aria-level=\"1\">Anzeige von anst\u00f6\u00dfigen Bildern und Videos.<\/li>\n<li style=\"font-weight: 400;\" aria-level=\"1\">Respektlose Handlungen wie Vulgarit\u00e4t, Beleidigungen gegen Religion oder Rasse, depressive Kommentare usw.<\/li>\n<li style=\"font-weight: 400;\" aria-level=\"1\">Spamming ist nicht erlaubt. Die App verbietet es Ihnen, Links zu anderen Websites zu teilen.<\/li>\n<\/ul>\n<h3>Bedingungen und Konditionen<\/h3>\n<p>OmeTv hat deutlich erw\u00e4hnt, dass sie Ihre Videos \u00fcberall verwenden k\u00f6nnen. Gem\u00e4\u00df den Gesch\u00e4ftsbedingungen k\u00f6nnen Sie das Urheberrecht behalten, haben aber kein Mitspracherecht, was und wo der Inhalt Ihrer Videos gestreamt wird.<\/p>\n<p>OmeTv ist nicht bereit, irgendeine Haftung auf sich zu nehmen. Es sagt, dass die Nutzer allein f\u00fcr alles verantwortlich sind, was schief gehen k\u00f6nnte.<\/p>\n<h3>Datenschutzbestimmungen<\/h3>\n<p>Das Unternehmen verpflichtet sich, Ihre pers\u00f6nlichen Daten zu sch\u00fctzen und die Rechte der Privatsph\u00e4re zu wahren. Die Privatsph\u00e4re ist ein Grundrecht eines jeden Menschen. Die Verletzung dieses Rechts f\u00fchrt zu vielen Komplikationen. Um solche Schwierigkeiten zu vermeiden, hat OmeTv vom ersten Tag an diese strenge Strategie entwickelt.<\/p>\n<p>Die Website \u00fcbernimmt die Verantwortung f\u00fcr die Verarbeitung Ihrer Daten, solange sie als Datenverantwortlicher fungiert. Sie ben\u00f6tigen m\u00f6glicherweise grundlegende Informationen wie Ihr Profilbild, Ihren Namen, Ihre Telefonnummer, Ihre Adresse und Ihre Zeitzone, wenn Sie ein Profil \u00fcber ein Konto in sozialen Medien erstellen.<\/p>\n<p>Die Website beabsichtigt nicht, andere Informationen oder Zugang zu Ihren Daten zu erhalten als diese. Es wird sogar getan, um Ihre Erfahrung auf der Website reibungsloser zu machen.<\/p>\n<p>Ihre pers\u00f6nlichen Daten k\u00f6nnen an folgende Stellen weitergegeben werden;<\/p>\n<ul>\n<li style=\"font-weight: 400;\" aria-level=\"1\">Da es sich um eine Dating-App handelt, k\u00f6nnen Ihre pers\u00f6nlichen Informationen wie Ihr Name, Ihr Alter, Ihr Geschlecht, Ihr Standort und Ihre \u00f6ffentlichen Bilder f\u00fcr andere Nutzer sichtbar sein.<\/li>\n<li style=\"font-weight: 400;\" aria-level=\"1\">Die Website kann Ihre pers\u00f6nlichen Informationen und Daten an Versicherer weitergeben. Diese Daten k\u00f6nnen auch an Banken und professionelle Berater zur Deckung von Versicherungsbetr\u00e4gen und zur Kostenverwaltung weitergegeben werden.<\/li>\n<li style=\"font-weight: 400;\" aria-level=\"1\">Ihre Transaktionsdaten werden an die Zahlungsanbieter der Website wie Google, PayPal, Interkassa, SecurionPay, Apple und SMSBILL weitergegeben.<\/li>\n<\/ul>\n<h3>Andere Probleme<\/h3>\n<p>Es gibt bestimmte Funktionen in der App, die problematisch sind. Sie verf\u00fcgt \u00fcber einen Spionagemodus, mit dem eine dritte Person einen privaten Chat abh\u00f6ren kann. Spycam ist ein erhebliches Risiko f\u00fcr die Privatsph\u00e4re eines jeden Einzelnen. Da sie anonym ist, kann sie das Schlimmste in Menschen zum Vorschein bringen. Sie kann sogar f\u00fcr Erpressungen verwendet werden.<\/p>\n<p>Au\u00dferdem \u00fcberpr\u00fcfen nur ein paar Dutzend Moderatoren die Inhalte. Sie reichen nicht aus, um festzustellen, ob ein massiver Verkehr von 10 Millionen sicher ist. Es wird oft gesagt, dass ein gr\u00f6\u00dferer Datenverkehr besser f\u00fcr Dating-Seiten ist. Aber es ist auch eine Herausforderung, diesen Verkehr zu verwalten. Viele Hacker und Kriminelle k\u00f6nnen sich der Plattform anschlie\u00dfen, weil es kaum Kontrollen und Ausgleiche gibt.<\/p>\n<p>Die 18+-Beschr\u00e4nkung scheint auf der Website nicht mehr zu gelten. Viele Jugendliche unter achtzehn Jahren haben die Website besucht. Sie alle sind der Au\u00dfenwelt ausgesetzt. Das kann f\u00fcr sie gef\u00e4hrlich sein, denn in diesem Alter ist es leicht, Kinder zu manipulieren.<\/p>\n<h3>Trustpilot-Bewertungen<\/h3>\n<p>Viele Menschen auf Trustpilot haben sich dar\u00fcber beschwert, dass sie wegen der Handlungen anderer gesperrt wurden. Um die Sperrung aufzuheben, wird um Spenden gebeten. Das zeigt die zwielichtige Natur des Unternehmens.<\/p>\n<p>Aber es gibt immer eine andere Seite der Geschichte. Sie k\u00f6nnen die Website nutzen, um diese Seite selbst zu finden!<\/p>\n<h3>Beschwerdeverfahren<\/h3>\n<p>Sie sind nicht auf sich allein gestellt!<\/p>\n<p>OmeTv ist ein sicherer Ort f\u00fcr alle. Wenn Sie etwas oder jemand st\u00f6rt, k\u00f6nnen Sie sich bei den Beamten dar\u00fcber beschweren. Diese Funktion wurde eingef\u00fchrt, damit sich die Menschen bei der Nutzung von OmeTv sicher f\u00fchlen.<\/p>\n<p>Sie k\u00f6nnen eine Beschwerde gegen jeden Nutzer einreichen, der Ihrer Meinung nach gegen die Regeln der Plattform verst\u00f6\u00dft. Um Ihre Beschwerde effektiver zu gestalten, k\u00f6nnen Sie Screenshots des Chats und andere damit zusammenh\u00e4ngende Informationen anh\u00e4ngen, um es den Beh\u00f6rden zu erleichtern, das Problem zu finden, zu identifizieren und zu l\u00f6sen.<\/p>\n<p>Wenn zu viele Beschwerden gegen einen Nutzer eingehen, sperrt die Website ihn automatisch von der Nutzung ihrer Dienste aus. Dies geschieht, um die Sicherheit der anderen Nutzer zu gew\u00e4hrleisten. Bevor jedoch ernsthafte Ma\u00dfnahmen ergriffen werden, wird alles sorgf\u00e4ltig analysiert.<\/p>\n<h3>Verwenden oder nicht?<\/h3>\n<p>Wir glauben, dass die Privatsph\u00e4re der Nutzer Vorrang haben sollte. Wenn nicht, sollte sie zumindest respektiert werden!<\/p>\n<p>Aber es scheint, dass OmeTv nicht bereit ist, das zu tun. In den Datenschutzbestimmungen wird erw\u00e4hnt, dass sie Ihre Daten an Dritte weitergeben k\u00f6nnen. Eine Kompromittierung Ihrer Daten ist keine Option. Deshalb ist es besser, dies zu vermeiden.<\/p>\n<p>Stattdessen k\u00f6nnen Sie Folgendes verwenden <a href=\"https:\/\/strangercam.com\/de\/\">Strangercam<\/a>. Es ist ein besserer und zuverl\u00e4ssiger Online-Video-Chatroom. Du kannst neue Leute kennenlernen und mit ihnen chatten. Und keine Notwendigkeit, \u00fcber Ihre Daten und Privatsph\u00e4re zu k\u00fcmmern, weil stangercam bietet maximale Sicherheit und sch\u00fctzt Ihre Daten.<\/p>\n<h3>Schlussfolgerung<\/h3>\n<p>Es gibt viele Probleme im Zusammenhang mit dieser Website. Es wurde gesagt, dass <a href=\"https:\/\/play.google.com\/\">Google Play<\/a>\u00a0und der App Store sollten solche Apps \u00fcberpr\u00fcfen. Sie sollten nicht zulassen, dass Apps, die das Alter nicht ordnungsgem\u00e4\u00df \u00fcberpr\u00fcfen und keine Kindersicherung haben, auf ihren Plattformen angeboten werden.<\/p>\n<p>Eine Verbesserung ihrer Datenschutzpolitik k\u00f6nnte ihre Glaubw\u00fcrdigkeit erh\u00f6hen. Aber bis dahin gibt es andere, sicherere Optionen auf dem Markt, aus denen man w\u00e4hlen kann.<\/p>","protected":false},"excerpt":{"rendered":"<p>OmeTV is a video chat website and app using which you can talk to strangers. This website allows you to talk to any random stranger with just a click of a button. The website says that it is the best alternative to Omegle Tv. The app for OmeTv is available for android and iOS. Day [&hellip;]<\/p>\n","protected":false},"author":6,"featured_media":559,"parent":0,"menu_order":0,"comment_status":"closed","ping_status":"closed","template":"","meta":{"footnotes":""},"class_list":["post-881","page","type-page","status-publish","has-post-thumbnail","hentry"],"yoast_head":"<!-- This site is optimized with the Yoast SEO plugin v27.4 - https:\/\/yoast.com\/product\/yoast-seo-wordpress\/ -->\n<title>OmeTV - Omegle Random Chat Alternative on StrangerCam.com<\/title>\n<meta name=\"description\" content=\"Like OmeTV? Come chat with more than 5.000.000 strangers on Stranger Cam for Free! Turn on your cam and find new friends &amp; maby a match!\" \/>\n<meta name=\"robots\" content=\"index, follow, max-snippet:-1, max-image-preview:large, max-video-preview:-1\" \/>\n<link rel=\"canonical\" href=\"https:\/\/strangercam.com\/de\/ometv\/\" \/>\n<meta property=\"og:locale\" content=\"de_DE\" \/>\n<meta property=\"og:type\" content=\"article\" \/>\n<meta property=\"og:title\" content=\"OmeTV - Omegle Random Chat Alternative on StrangerCam.com\" \/>\n<meta property=\"og:description\" content=\"Like OmeTV? Come chat with more than 5.000.000 strangers on Stranger Cam for Free! Turn on your cam and find new friends &amp; maby a match!\" \/>\n<meta property=\"og:url\" content=\"https:\/\/strangercam.com\/de\/ometv\/\" \/>\n<meta property=\"og:site_name\" content=\"Strangercam\" \/>\n<meta property=\"article:publisher\" content=\"https:\/\/www.facebook.com\/strangercam\" \/>\n<meta property=\"article:modified_time\" content=\"2023-08-21T10:34:45+00:00\" \/>\n<meta property=\"og:image\" content=\"https:\/\/strangercam.com\/wp-content\/uploads\/2020\/11\/stranger-cam-1.png\" \/>\n\t<meta property=\"og:image:width\" content=\"800\" \/>\n\t<meta property=\"og:image:height\" content=\"800\" \/>\n\t<meta property=\"og:image:type\" content=\"image\/png\" \/>\n<meta name=\"twitter:card\" content=\"summary_large_image\" \/>\n<meta name=\"twitter:site\" content=\"@strangercamapp\" \/>\n<meta name=\"twitter:label1\" content=\"Gesch\u00e4tzte Lesezeit\" \/>\n\t<meta name=\"twitter:data1\" content=\"5\u00a0Minuten\" \/>\n<script type=\"application\/ld+json\" class=\"yoast-schema-graph\">{\"@context\":\"https:\\\/\\\/schema.org\",\"@graph\":[{\"@type\":\"WebPage\",\"@id\":\"https:\\\/\\\/strangercam.com\\\/ometv\\\/\",\"url\":\"https:\\\/\\\/strangercam.com\\\/ometv\\\/\",\"name\":\"OmeTV - Omegle Random Chat Alternative on StrangerCam.com\",\"isPartOf\":{\"@id\":\"https:\\\/\\\/strangercam.com\\\/#website\"},\"primaryImageOfPage\":{\"@id\":\"https:\\\/\\\/strangercam.com\\\/ometv\\\/#primaryimage\"},\"image\":{\"@id\":\"https:\\\/\\\/strangercam.com\\\/ometv\\\/#primaryimage\"},\"thumbnailUrl\":\"https:\\\/\\\/strangercam.com\\\/wp-content\\\/uploads\\\/2020\\\/11\\\/stranger-cam-1.png\",\"datePublished\":\"2020-12-02T17:15:37+00:00\",\"dateModified\":\"2023-08-21T10:34:45+00:00\",\"description\":\"Like OmeTV? Come chat with more than 5.000.000 strangers on Stranger Cam for Free! Turn on your cam and find new friends & maby a match!\",\"breadcrumb\":{\"@id\":\"https:\\\/\\\/strangercam.com\\\/ometv\\\/#breadcrumb\"},\"inLanguage\":\"de\",\"potentialAction\":[{\"@type\":\"ReadAction\",\"target\":[\"https:\\\/\\\/strangercam.com\\\/ometv\\\/\"]}]},{\"@type\":\"ImageObject\",\"inLanguage\":\"de\",\"@id\":\"https:\\\/\\\/strangercam.com\\\/ometv\\\/#primaryimage\",\"url\":\"https:\\\/\\\/strangercam.com\\\/wp-content\\\/uploads\\\/2020\\\/11\\\/stranger-cam-1.png\",\"contentUrl\":\"https:\\\/\\\/strangercam.com\\\/wp-content\\\/uploads\\\/2020\\\/11\\\/stranger-cam-1.png\",\"width\":800,\"height\":800,\"caption\":\"stranger cam random video chat\"},{\"@type\":\"BreadcrumbList\",\"@id\":\"https:\\\/\\\/strangercam.com\\\/ometv\\\/#breadcrumb\",\"itemListElement\":[{\"@type\":\"ListItem\",\"position\":1,\"name\":\"Home\",\"item\":\"https:\\\/\\\/strangercam.com\\\/\"},{\"@type\":\"ListItem\",\"position\":2,\"name\":\"OmeTV\"}]},{\"@type\":\"WebSite\",\"@id\":\"https:\\\/\\\/strangercam.com\\\/#website\",\"url\":\"https:\\\/\\\/strangercam.com\\\/\",\"name\":\"Strangercam\",\"description\":\"Random Video Chat with Strangers\",\"publisher\":{\"@id\":\"https:\\\/\\\/strangercam.com\\\/#organization\"},\"alternateName\":\"Strangercam.com\",\"potentialAction\":[{\"@type\":\"SearchAction\",\"target\":{\"@type\":\"EntryPoint\",\"urlTemplate\":\"https:\\\/\\\/strangercam.com\\\/?s={search_term_string}\"},\"query-input\":{\"@type\":\"PropertyValueSpecification\",\"valueRequired\":true,\"valueName\":\"search_term_string\"}}],\"inLanguage\":\"de\"},{\"@type\":\"Organization\",\"@id\":\"https:\\\/\\\/strangercam.com\\\/#organization\",\"name\":\"Strangercam\",\"alternateName\":\"Strangercam.com\",\"url\":\"https:\\\/\\\/strangercam.com\\\/\",\"logo\":{\"@type\":\"ImageObject\",\"inLanguage\":\"de\",\"@id\":\"https:\\\/\\\/strangercam.com\\\/#\\\/schema\\\/logo\\\/image\\\/\",\"url\":\"https:\\\/\\\/strangercam.com\\\/wp-content\\\/uploads\\\/2020\\\/11\\\/cropped-new-favicon-black.png\",\"contentUrl\":\"https:\\\/\\\/strangercam.com\\\/wp-content\\\/uploads\\\/2020\\\/11\\\/cropped-new-favicon-black.png\",\"width\":512,\"height\":512,\"caption\":\"Strangercam\"},\"image\":{\"@id\":\"https:\\\/\\\/strangercam.com\\\/#\\\/schema\\\/logo\\\/image\\\/\"},\"sameAs\":[\"https:\\\/\\\/www.facebook.com\\\/strangercam\",\"https:\\\/\\\/x.com\\\/strangercamapp\"]}]}<\/script>\n<!-- \/ Yoast SEO plugin. -->","yoast_head_json":{"title":"OmeTV - Omegle Zuf\u00e4llig Chat Alternative auf StrangerCam.com","description":"Gef\u00e4llt dir OmeTV? Komm und chatte mit mehr als 5.000.000 Fremden auf Stranger Cam kostenlos! Schalte deine Kamera ein und finde neue Freunde und vielleicht einen Partner!","robots":{"index":"index","follow":"follow","max-snippet":"max-snippet:-1","max-image-preview":"max-image-preview:large","max-video-preview":"max-video-preview:-1"},"canonical":"https:\/\/strangercam.com\/de\/ometv\/","og_locale":"de_DE","og_type":"article","og_title":"OmeTV - Omegle Random Chat Alternative on StrangerCam.com","og_description":"Like OmeTV? Come chat with more than 5.000.000 strangers on Stranger Cam for Free! Turn on your cam and find new friends & maby a match!","og_url":"https:\/\/strangercam.com\/de\/ometv\/","og_site_name":"Strangercam","article_publisher":"https:\/\/www.facebook.com\/strangercam","article_modified_time":"2023-08-21T10:34:45+00:00","og_image":[{"width":800,"height":800,"url":"https:\/\/strangercam.com\/wp-content\/uploads\/2020\/11\/stranger-cam-1.png","type":"image\/png"}],"twitter_card":"summary_large_image","twitter_site":"@strangercamapp","twitter_misc":{"Gesch\u00e4tzte Lesezeit":"5\u00a0Minuten"},"schema":{"@context":"https:\/\/schema.org","@graph":[{"@type":"WebPage","@id":"https:\/\/strangercam.com\/ometv\/","url":"https:\/\/strangercam.com\/ometv\/","name":"OmeTV - Omegle Zuf\u00e4llig Chat Alternative auf StrangerCam.com","isPartOf":{"@id":"https:\/\/strangercam.com\/#website"},"primaryImageOfPage":{"@id":"https:\/\/strangercam.com\/ometv\/#primaryimage"},"image":{"@id":"https:\/\/strangercam.com\/ometv\/#primaryimage"},"thumbnailUrl":"https:\/\/strangercam.com\/wp-content\/uploads\/2020\/11\/stranger-cam-1.png","datePublished":"2020-12-02T17:15:37+00:00","dateModified":"2023-08-21T10:34:45+00:00","description":"Gef\u00e4llt dir OmeTV? Komm und chatte mit mehr als 5.000.000 Fremden auf Stranger Cam kostenlos! Schalte deine Kamera ein und finde neue Freunde und vielleicht einen Partner!","breadcrumb":{"@id":"https:\/\/strangercam.com\/ometv\/#breadcrumb"},"inLanguage":"de","potentialAction":[{"@type":"ReadAction","target":["https:\/\/strangercam.com\/ometv\/"]}]},{"@type":"ImageObject","inLanguage":"de","@id":"https:\/\/strangercam.com\/ometv\/#primaryimage","url":"https:\/\/strangercam.com\/wp-content\/uploads\/2020\/11\/stranger-cam-1.png","contentUrl":"https:\/\/strangercam.com\/wp-content\/uploads\/2020\/11\/stranger-cam-1.png","width":800,"height":800,"caption":"stranger cam random video chat"},{"@type":"BreadcrumbList","@id":"https:\/\/strangercam.com\/ometv\/#breadcrumb","itemListElement":[{"@type":"ListItem","position":1,"name":"Home","item":"https:\/\/strangercam.com\/"},{"@type":"ListItem","position":2,"name":"OmeTV"}]},{"@type":"WebSite","@id":"https:\/\/strangercam.com\/#website","url":"https:\/\/strangercam.com\/","name":"Strangercam","description":"Zuf\u00e4lliger Video-Chat mit Fremden","publisher":{"@id":"https:\/\/strangercam.com\/#organization"},"alternateName":"Strangercam.com","potentialAction":[{"@type":"SearchAction","target":{"@type":"EntryPoint","urlTemplate":"https:\/\/strangercam.com\/?s={search_term_string}"},"query-input":{"@type":"PropertyValueSpecification","valueRequired":true,"valueName":"search_term_string"}}],"inLanguage":"de"},{"@type":"Organization","@id":"https:\/\/strangercam.com\/#organization","name":"Strangercam","alternateName":"Strangercam.com","url":"https:\/\/strangercam.com\/","logo":{"@type":"ImageObject","inLanguage":"de","@id":"https:\/\/strangercam.com\/#\/schema\/logo\/image\/","url":"https:\/\/strangercam.com\/wp-content\/uploads\/2020\/11\/cropped-new-favicon-black.png","contentUrl":"https:\/\/strangercam.com\/wp-content\/uploads\/2020\/11\/cropped-new-favicon-black.png","width":512,"height":512,"caption":"Strangercam"},"image":{"@id":"https:\/\/strangercam.com\/#\/schema\/logo\/image\/"},"sameAs":["https:\/\/www.facebook.com\/strangercam","https:\/\/x.com\/strangercamapp"]}]}},"_links":{"self":[{"href":"https:\/\/strangercam.com\/de\/wp-json\/wp\/v2\/pages\/881","targetHints":{"allow":["GET"]}}],"collection":[{"href":"https:\/\/strangercam.com\/de\/wp-json\/wp\/v2\/pages"}],"about":[{"href":"https:\/\/strangercam.com\/de\/wp-json\/wp\/v2\/types\/page"}],"author":[{"embeddable":true,"href":"https:\/\/strangercam.com\/de\/wp-json\/wp\/v2\/users\/6"}],"replies":[{"embeddable":true,"href":"https:\/\/strangercam.com\/de\/wp-json\/wp\/v2\/comments?post=881"}],"version-history":[{"count":0,"href":"https:\/\/strangercam.com\/de\/wp-json\/wp\/v2\/pages\/881\/revisions"}],"wp:featuredmedia":[{"embeddable":true,"href":"https:\/\/strangercam.com\/de\/wp-json\/wp\/v2\/media\/559"}],"wp:attachment":[{"href":"https:\/\/strangercam.com\/de\/wp-json\/wp\/v2\/media?parent=881"}],"curies":[{"name":"wp","href":"https:\/\/api.w.org\/{rel}","templated":true}]}}