{"id":8708,"date":"2021-10-27T09:29:55","date_gmt":"2021-10-27T07:29:55","guid":{"rendered":"https:\/\/strangercam.com\/?page_id=8708"},"modified":"2025-02-04T09:47:53","modified_gmt":"2025-02-04T07:47:53","slug":"mocospace","status":"publish","type":"page","link":"https:\/\/strangercam.com\/de\/mocospace\/","title":{"rendered":"MocoSpace"},"content":{"rendered":"<p>Sie suchen nach einer sozialen Plattform, auf der Sie sowohl <a href=\"https:\/\/strangercam.com\/de\/chatroulette\/\">Chat<\/a> mit Freunden zu spielen und sich auch unterwegs zu vergn\u00fcgen? Dann k\u00f6nnte MocoSpace genau das Richtige f\u00fcr Sie sein. Durch die Kombination von Community-Funktionen mit einem integrierten Spielerlebnis hebt sich MocoSpace von den herk\u00f6mmlichen Chat- und Social-Networking-Apps ab. Im Folgenden erfahren Sie mehr \u00fcber die wichtigsten Funktionen von MocoSpace, wie es funktioniert und was es zu einem lebendigen Online-Treffpunkt macht.<\/p>\n<h2>Was ist MocoSpace?<\/h2>\n<p>MocoSpace ist ein auf die mobile Nutzung ausgerichtetes <strong>Plattform f\u00fcr soziale Netzwerke<\/strong> das bietet:<\/p>\n<ul>\n<li><strong>Chatr\u00e4ume und Foren<\/strong>: <a href=\"https:\/\/strangercam.com\/de\/coomeet\/\">Treffen Sie<\/a> neue Leute kennenlernen oder sich mit Freunden in themenbezogenen Chatr\u00e4umen austauschen.<\/li>\n<li><strong>Soziale Spiele<\/strong>: Genie\u00dfen Sie eine Reihe von zwanglosen, browserbasierten Spielen - perfekt f\u00fcr die schnelle Unterhaltung.<\/li>\n<li><strong>Benutzerprofile<\/strong>: Gestalten Sie Ihren Bereich mit Fotos, Statusmeldungen und pers\u00f6nlichen Informationen.<\/li>\n<li><strong>Freund- und Follower-Funktionen<\/strong>: Verbinden Sie sich mit Menschen weltweit oder bauen Sie einen engen Online-Freundeskreis auf.<\/li>\n<\/ul>\n<p>Das MocoSpace ist leicht und benutzerfreundlich und funktioniert problemlos auf verschiedenen Ger\u00e4ten, so dass Sie sich \u00fcberall einloggen k\u00f6nnen.<\/p>\n<h2>Wesentliche Merkmale<\/h2>\n<h3>1. Chatr\u00e4ume und Nachrichten\u00fcbermittlung<\/h3>\n<p>Das Herzst\u00fcck des MocoSpace ist seine Chat-Funktion:<\/p>\n<ul>\n<li><strong>Gruppen-Chatr\u00e4ume<\/strong>: Treten Sie themenspezifischen Chats bei - Sport, Filme oder sogar lokale Treffen - um Gleichgesinnte zu finden.<\/li>\n<li><strong>Private Nachrichten\u00fcbermittlung<\/strong>: Tauschen Sie pers\u00f6nliche Nachrichten mit Freunden oder neuen Kontakten aus, ohne die Plattform zu verlassen.<\/li>\n<li><strong><a href=\"https:\/\/strangercam.com\/de\/rabbit-video-chat\/\">Video<\/a> und Stimme (eingeschr\u00e4nkt)<\/strong>: Einige Funktionen erm\u00f6glichen kurze Sprachnachrichten oder das Hochladen von Videos, was die Konversation pers\u00f6nlicher macht.<\/li>\n<\/ul>\n<h3>2. Soziales Spielen<\/h3>\n<p>MocoSpace beherbergt eine Vielzahl von <strong>HTML5-basierte Spiele<\/strong> Sie k\u00f6nnen alleine oder im Wettbewerb spielen:<\/p>\n<ul>\n<li><strong>Arcade-Klassiker<\/strong>: Einfache Spiele im Retro-Stil, ideal f\u00fcr kurze Pausen.<\/li>\n<li><strong>Strategie und Rollenspiele<\/strong>: Bilde Allianzen, baue virtuelle K\u00f6nigreiche auf und schlie\u00dfe dich mit Freunden zusammen.<\/li>\n<li><strong>Bestenlisten<\/strong>: Verfolge deinen Fortschritt und tritt gegen andere Spieler in deinem Netzwerk an.<\/li>\n<\/ul>\n<h3>3. Profilanpassung<\/h3>\n<p>Ihr MocoSpace-Profil funktioniert wie eine pers\u00f6nliche Mini-Website:<\/p>\n<ul>\n<li><strong>Foto-Uploads<\/strong>: Erstellen Sie Alben, um die H\u00f6hepunkte Ihres Lebens zu pr\u00e4sentieren.<\/li>\n<li><strong>Bio und Status-Updates<\/strong>: Lassen Sie andere wissen, was Sie vorhaben oder in welcher Stimmung Sie gerade sind.<\/li>\n<li><strong>Themes und Skins<\/strong>: Passen Sie das Aussehen Ihrer Seite an, um sich von anderen abzuheben.<\/li>\n<\/ul>\n<h3>4. Gemeinschaftliche Merkmale<\/h3>\n<p>MocoSpace integriert soziale Elemente, die den Nutzern helfen, eine tiefere Verbindung aufzubauen:<\/p>\n<ul>\n<li><strong>Freunde und Follower<\/strong>: Erweitern Sie Ihr Netzwerk, indem Sie Nutzer hinzuf\u00fcgen oder Profilen folgen, die Ihre Interessen teilen.<\/li>\n<li><strong>Foren und Gruppen<\/strong>: Diskutieren Sie mit engagierten Gemeinschaften \u00fcber aktuelle Themen oder Nischeninteressen.<\/li>\n<li><strong>Benachrichtigungen<\/strong>: Bleib auf dem Laufenden \u00fcber Freundschaftsanfragen, Gruppeneinladungen und Spielherausforderungen.<\/li>\n<\/ul>\n<h2>So funktioniert MocoSpace<\/h2>\n<h3>1. Schnell-Anmeldung<\/h3>\n<p>Sie k\u00f6nnen ein MocoSpace-Konto erstellen:<\/p>\n<ul>\n<li><strong>E-Mail<\/strong>: Eine Standardregistrierung, die Schritt f\u00fcr Schritt erfolgt.<\/li>\n<li><strong>Facebook\/Google<\/strong>: Schnelle Anmeldeoptionen zur Verkn\u00fcpfung Ihrer Social-Media-Konten.<\/li>\n<\/ul>\n<p>Sobald Sie sich angemeldet haben, k\u00f6nnen Sie Ihre Profildaten bearbeiten und Spielinteressen oder bevorzugte Chatr\u00e4ume ausw\u00e4hlen, um loszulegen.<\/p>\n<h3>2. Freunde und Spa\u00df finden<\/h3>\n<p>Ein Hauptvorteil von MocoSpace ist, dass Sie m\u00fchelos <strong>neue Leute kennenlernen<\/strong>:<\/p>\n<ul>\n<li>Suchen Sie nach Benutzern nach Alter, Standort oder gemeinsamen Interessen.<\/li>\n<li>Treten Sie in offene Chatrooms ein, in denen es um Musik, Filme, Spiele und mehr geht.<\/li>\n<li>Treten Sie Spiel-Lobbys bei, um Spielkameraden zu finden und um die besten Ergebnisse zu erzielen.<\/li>\n<\/ul>\n<h3>3. Leveling Up durch Gameplay<\/h3>\n<p>Viele <strong>MocoSpace Spiele<\/strong> belohnen Sie mit Punkten und Abzeichen:<\/p>\n<ul>\n<li>Verdienen Sie Spielw\u00e4hrung, um Upgrades oder Power-Ups zu kaufen.<\/li>\n<li>Nutzen Sie die Vorteile von Ereignisboni oder zeitlich begrenzten Herausforderungen.<\/li>\n<li>Erklimme die Bestenlisten, um dein spielerisches K\u00f6nnen unter Beweis zu stellen.<\/li>\n<\/ul>\n<h2>Sicherheit und M\u00e4\u00dfigung<\/h2>\n<p>Wie jedes Online-Netzwerk befasst sich auch MocoSpace mit potenziellen Bedenken in Bezug auf Datenschutz und Verhalten:<\/p>\n<ul>\n<li><strong>Tools zum Sperren und Berichten<\/strong>: Entfernen Sie schnell unerw\u00fcnschte Interaktionen oder markieren Sie verd\u00e4chtige Konten.<\/li>\n<li><strong>Leitlinien der Gemeinschaft<\/strong>: Klare Regeln f\u00fcr akzeptables Verhalten, mit der M\u00f6glichkeit der Kontosperrung bei Verst\u00f6\u00dfen.<\/li>\n<li><strong>Profil-Datenschutz-Kontrollen<\/strong>: Schr\u00e4nken Sie ein, wer Ihre Fotos, Beitr\u00e4ge oder Chat-Einladungen sehen kann.<\/li>\n<\/ul>\n<h2>Monetarisierung und Premium-Funktionen<\/h2>\n<p>MocoSpace ist <strong><a href=\"https:\/\/strangercam.com\/de\/chat4free\/\">kostenlos<\/a> zum Beitritt<\/strong> und Nutzung, aber die Plattform bietet auch optionale kostenpflichtige Upgrades:<\/p>\n<ul>\n<li><strong>Virtuelle W\u00e4hrung (Moco Gold)<\/strong>: Geben Sie f\u00fcr Avatar-Upgrades, exklusive Spielgegenst\u00e4nde oder Profilthemen aus.<\/li>\n<li><strong>Werbefreie Erfahrung<\/strong>: Entfernen Sie Werbung f\u00fcr schnelleres und saubereres Surfen.<\/li>\n<li><strong>Besondere Verg\u00fcnstigungen<\/strong>: Zus\u00e4tzliche Geschenke oder Boni in bestimmten Spielen, die \u00fcber In-App-K\u00e4ufe erh\u00e4ltlich sind.<\/li>\n<\/ul>\n<h2>Pro und Kontra<\/h2>\n<p>Keine Plattform ist perfekt, und MocoSpace ist da keine Ausnahme. Hier ist ein ausgewogener Blick:<\/p>\n<table>\n<thead>\n<tr>\n<th>Profis<\/th>\n<th>Nachteile<\/th>\n<\/tr>\n<\/thead>\n<tbody>\n<tr>\n<td>\n<ul>\n<li>Kombiniert Chat und Social Gaming in einer App<\/li>\n<li>Benutzerfreundlich und leicht, ideal f\u00fcr unterwegs<\/li>\n<li>Community-gesteuert, mit mehreren interessenbasierten Foren<\/li>\n<li>Einfache Anmeldung und schnelles Onboarding<\/li>\n<li>Kostenlose Nutzung, mit optionalen Premium-Elementen<\/li>\n<\/ul>\n<\/td>\n<td>\n<ul>\n<li>In Chatr\u00e4umen kann es gelegentlich zu Spam oder <a href=\"https:\/\/strangercam.com\/de\/shagle\/\">Erwachsene<\/a> Inhalt<\/li>\n<li>Begrenzte erweiterte Datenschutzeinstellungen im Vergleich zu herk\u00f6mmlichen sozialen Anwendungen<\/li>\n<li>Einige Premiumfunktionen k\u00f6nnen mit der Zeit kostspielig werden<\/li>\n<li>Weniger High-End- oder immersive Spiele im Vergleich zu speziellen Spieleplattformen<\/li>\n<\/ul>\n<\/td>\n<\/tr>\n<\/tbody>\n<\/table>\n<h2>Tipps, um das Beste aus MocoSpace herauszuholen<\/h2>\n<h3>1. Passen Sie Ihr Profil an<\/h3>\n<p>Auff\u00e4llige Themen und eine pr\u00e4gnante Biografie k\u00f6nnen Ihnen helfen, Freunde oder Spielpartner zu gewinnen, die Ihre Interessen teilen.<\/p>\n<h3>2. Aktiven Chatr\u00e4umen beitreten<\/h3>\n<p>Gehen Sie zu Spitzenzeiten in die R\u00e4ume, um lebhafte Diskussionen zu f\u00fchren und schneller Kontakte zu kn\u00fcpfen.<\/p>\n<h3>3. Verschiedene Spiele erforschen<\/h3>\n<p>Der Wechsel zwischen den Genres kann Ihre Erfahrungen auffrischen und Ihnen helfen, neue Leute kennenzulernen.<\/p>\n<h3>4. Online-Etikette einhalten<\/h3>\n<p>Befolgen Sie die Richtlinien und gehen Sie respektvoll mit anderen Nutzern um, um eine positive, angenehme Gemeinschaft zu f\u00f6rdern.<\/p>\n<h2>Schlussfolgerung<\/h2>\n<p>MocoSpace bietet ein einzigartiges soziales Erlebnis, indem es Chat und Spiele auf einer einzigen, mobilfreundlichen Plattform vereint. Ganz gleich, ob Sie Gespr\u00e4che in Chatr\u00e4umen f\u00fchren, Freunde zu lockeren HTML5-Spielen herausfordern oder Ihren sozialen Kreis im Allgemeinen erweitern m\u00f6chten, MocoSpace bietet Tools und Aktivit\u00e4ten, die das Erlebnis lebendig und fesselnd machen. Mit benutzerfreundlichen Funktionen und einer aktiven globalen Community ist es eine unterhaltsame Option f\u00fcr alle, die neben ihren sozialen Netzwerken auch ein wenig Unterhaltung suchen. Wenn Sie bereit sind, neue Leute kennenzulernen und ein wenig Spa\u00df zu haben, sollten Sie MocoSpace ausprobieren.<\/p>","protected":false},"excerpt":{"rendered":"<p>Looking for a social platform where you can both chat with friends and enjoy casual games on the go? MocoSpace might just be the perfect fit. Combining community-driven features with a built-in gaming experience, MocoSpace stands out among traditional chat and social networking apps. Below, we\u2019ll explore MocoSpace\u2019s key features, how it works, and what [&hellip;]<\/p>\n","protected":false},"author":6,"featured_media":0,"parent":0,"menu_order":0,"comment_status":"closed","ping_status":"closed","template":"","meta":{"footnotes":""},"class_list":["post-8708","page","type-page","status-publish","hentry"],"yoast_head":"<!-- This site is optimized with the Yoast SEO plugin v26.9 - https:\/\/yoast.com\/product\/yoast-seo-wordpress\/ -->\n<title>MocoSpace - Anonymous Chat For Two - StrangerCam.com<\/title>\n<meta name=\"description\" content=\"Like MocoSpace? Come chat with more than 5.000.000 strangers on Stranger Cam for Free! Turn on your cam and find new friends &amp; maby a match!\" \/>\n<meta name=\"robots\" content=\"index, follow, max-snippet:-1, max-image-preview:large, max-video-preview:-1\" \/>\n<link rel=\"canonical\" href=\"https:\/\/strangercam.com\/de\/mocospace\/\" \/>\n<meta property=\"og:locale\" content=\"de_DE\" \/>\n<meta property=\"og:type\" content=\"article\" \/>\n<meta property=\"og:title\" content=\"MocoSpace - Anonymous Chat For Two - StrangerCam.com\" \/>\n<meta property=\"og:description\" content=\"Like MocoSpace? Come chat with more than 5.000.000 strangers on Stranger Cam for Free! Turn on your cam and find new friends &amp; maby a match!\" \/>\n<meta property=\"og:url\" content=\"https:\/\/strangercam.com\/de\/mocospace\/\" \/>\n<meta property=\"og:site_name\" content=\"Strangercam\" \/>\n<meta property=\"article:publisher\" content=\"https:\/\/www.facebook.com\/strangercam\" \/>\n<meta property=\"article:modified_time\" content=\"2025-02-04T07:47:53+00:00\" \/>\n<meta property=\"og:image\" content=\"https:\/\/strangercam.com\/wp-content\/uploads\/2021\/10\/Untitled-2.png\" \/>\n\t<meta property=\"og:image:width\" content=\"800\" \/>\n\t<meta property=\"og:image:height\" content=\"532\" \/>\n\t<meta property=\"og:image:type\" content=\"image\/png\" \/>\n<meta name=\"twitter:card\" content=\"summary_large_image\" \/>\n<meta name=\"twitter:site\" content=\"@strangercamapp\" \/>\n<meta name=\"twitter:label1\" content=\"Gesch\u00e4tzte Lesezeit\" \/>\n\t<meta name=\"twitter:data1\" content=\"4\u00a0Minuten\" \/>\n<script type=\"application\/ld+json\" class=\"yoast-schema-graph\">{\"@context\":\"https:\/\/schema.org\",\"@graph\":[{\"@type\":\"WebPage\",\"@id\":\"https:\/\/strangercam.com\/mocospace\/\",\"url\":\"https:\/\/strangercam.com\/mocospace\/\",\"name\":\"MocoSpace - Anonymous Chat For Two - StrangerCam.com\",\"isPartOf\":{\"@id\":\"https:\/\/strangercam.com\/#website\"},\"datePublished\":\"2021-10-27T07:29:55+00:00\",\"dateModified\":\"2025-02-04T07:47:53+00:00\",\"description\":\"Like MocoSpace? Come chat with more than 5.000.000 strangers on Stranger Cam for Free! Turn on your cam and find new friends & maby a match!\",\"breadcrumb\":{\"@id\":\"https:\/\/strangercam.com\/mocospace\/#breadcrumb\"},\"inLanguage\":\"de\",\"potentialAction\":[{\"@type\":\"ReadAction\",\"target\":[\"https:\/\/strangercam.com\/mocospace\/\"]}]},{\"@type\":\"BreadcrumbList\",\"@id\":\"https:\/\/strangercam.com\/mocospace\/#breadcrumb\",\"itemListElement\":[{\"@type\":\"ListItem\",\"position\":1,\"name\":\"Home\",\"item\":\"https:\/\/strangercam.com\/\"},{\"@type\":\"ListItem\",\"position\":2,\"name\":\"MocoSpace\"}]},{\"@type\":\"WebSite\",\"@id\":\"https:\/\/strangercam.com\/#website\",\"url\":\"https:\/\/strangercam.com\/\",\"name\":\"Strangercam\",\"description\":\"Random Video Chat with Strangers\",\"publisher\":{\"@id\":\"https:\/\/strangercam.com\/#organization\"},\"alternateName\":\"Strangercam.com\",\"potentialAction\":[{\"@type\":\"SearchAction\",\"target\":{\"@type\":\"EntryPoint\",\"urlTemplate\":\"https:\/\/strangercam.com\/?s={search_term_string}\"},\"query-input\":{\"@type\":\"PropertyValueSpecification\",\"valueRequired\":true,\"valueName\":\"search_term_string\"}}],\"inLanguage\":\"de\"},{\"@type\":\"Organization\",\"@id\":\"https:\/\/strangercam.com\/#organization\",\"name\":\"Strangercam\",\"alternateName\":\"Strangercam.com\",\"url\":\"https:\/\/strangercam.com\/\",\"logo\":{\"@type\":\"ImageObject\",\"inLanguage\":\"de\",\"@id\":\"https:\/\/strangercam.com\/#\/schema\/logo\/image\/\",\"url\":\"https:\/\/strangercam.com\/wp-content\/uploads\/2020\/11\/cropped-new-favicon-black.png\",\"contentUrl\":\"https:\/\/strangercam.com\/wp-content\/uploads\/2020\/11\/cropped-new-favicon-black.png\",\"width\":512,\"height\":512,\"caption\":\"Strangercam\"},\"image\":{\"@id\":\"https:\/\/strangercam.com\/#\/schema\/logo\/image\/\"},\"sameAs\":[\"https:\/\/www.facebook.com\/strangercam\",\"https:\/\/x.com\/strangercamapp\"]}]}<\/script>\n<!-- \/ Yoast SEO plugin. -->","yoast_head_json":{"title":"MocoSpace - Anonymer Chat f\u00fcr zwei - StrangerCam.com","description":"Gef\u00e4llt dir MocoSpace? Komm und chatte mit mehr als 5.000.000 Fremden auf Stranger Cam kostenlos! Schalte deine Kamera ein und finde neue Freunde und vielleicht einen Partner!","robots":{"index":"index","follow":"follow","max-snippet":"max-snippet:-1","max-image-preview":"max-image-preview:large","max-video-preview":"max-video-preview:-1"},"canonical":"https:\/\/strangercam.com\/de\/mocospace\/","og_locale":"de_DE","og_type":"article","og_title":"MocoSpace - Anonymous Chat For Two - StrangerCam.com","og_description":"Like MocoSpace? Come chat with more than 5.000.000 strangers on Stranger Cam for Free! Turn on your cam and find new friends & maby a match!","og_url":"https:\/\/strangercam.com\/de\/mocospace\/","og_site_name":"Strangercam","article_publisher":"https:\/\/www.facebook.com\/strangercam","article_modified_time":"2025-02-04T07:47:53+00:00","og_image":[{"width":800,"height":532,"url":"https:\/\/strangercam.com\/wp-content\/uploads\/2021\/10\/Untitled-2.png","type":"image\/png"}],"twitter_card":"summary_large_image","twitter_site":"@strangercamapp","twitter_misc":{"Gesch\u00e4tzte Lesezeit":"4\u00a0Minuten"},"schema":{"@context":"https:\/\/schema.org","@graph":[{"@type":"WebPage","@id":"https:\/\/strangercam.com\/mocospace\/","url":"https:\/\/strangercam.com\/mocospace\/","name":"MocoSpace - Anonymer Chat f\u00fcr zwei - StrangerCam.com","isPartOf":{"@id":"https:\/\/strangercam.com\/#website"},"datePublished":"2021-10-27T07:29:55+00:00","dateModified":"2025-02-04T07:47:53+00:00","description":"Gef\u00e4llt dir MocoSpace? Komm und chatte mit mehr als 5.000.000 Fremden auf Stranger Cam kostenlos! Schalte deine Kamera ein und finde neue Freunde und vielleicht einen Partner!","breadcrumb":{"@id":"https:\/\/strangercam.com\/mocospace\/#breadcrumb"},"inLanguage":"de","potentialAction":[{"@type":"ReadAction","target":["https:\/\/strangercam.com\/mocospace\/"]}]},{"@type":"BreadcrumbList","@id":"https:\/\/strangercam.com\/mocospace\/#breadcrumb","itemListElement":[{"@type":"ListItem","position":1,"name":"Home","item":"https:\/\/strangercam.com\/"},{"@type":"ListItem","position":2,"name":"MocoSpace"}]},{"@type":"WebSite","@id":"https:\/\/strangercam.com\/#website","url":"https:\/\/strangercam.com\/","name":"Strangercam","description":"Zuf\u00e4lliger Video-Chat mit Fremden","publisher":{"@id":"https:\/\/strangercam.com\/#organization"},"alternateName":"Strangercam.com","potentialAction":[{"@type":"SearchAction","target":{"@type":"EntryPoint","urlTemplate":"https:\/\/strangercam.com\/?s={search_term_string}"},"query-input":{"@type":"PropertyValueSpecification","valueRequired":true,"valueName":"search_term_string"}}],"inLanguage":"de"},{"@type":"Organization","@id":"https:\/\/strangercam.com\/#organization","name":"Strangercam","alternateName":"Strangercam.com","url":"https:\/\/strangercam.com\/","logo":{"@type":"ImageObject","inLanguage":"de","@id":"https:\/\/strangercam.com\/#\/schema\/logo\/image\/","url":"https:\/\/strangercam.com\/wp-content\/uploads\/2020\/11\/cropped-new-favicon-black.png","contentUrl":"https:\/\/strangercam.com\/wp-content\/uploads\/2020\/11\/cropped-new-favicon-black.png","width":512,"height":512,"caption":"Strangercam"},"image":{"@id":"https:\/\/strangercam.com\/#\/schema\/logo\/image\/"},"sameAs":["https:\/\/www.facebook.com\/strangercam","https:\/\/x.com\/strangercamapp"]}]}},"_links":{"self":[{"href":"https:\/\/strangercam.com\/de\/wp-json\/wp\/v2\/pages\/8708","targetHints":{"allow":["GET"]}}],"collection":[{"href":"https:\/\/strangercam.com\/de\/wp-json\/wp\/v2\/pages"}],"about":[{"href":"https:\/\/strangercam.com\/de\/wp-json\/wp\/v2\/types\/page"}],"author":[{"embeddable":true,"href":"https:\/\/strangercam.com\/de\/wp-json\/wp\/v2\/users\/6"}],"replies":[{"embeddable":true,"href":"https:\/\/strangercam.com\/de\/wp-json\/wp\/v2\/comments?post=8708"}],"version-history":[{"count":1,"href":"https:\/\/strangercam.com\/de\/wp-json\/wp\/v2\/pages\/8708\/revisions"}],"predecessor-version":[{"id":12690,"href":"https:\/\/strangercam.com\/de\/wp-json\/wp\/v2\/pages\/8708\/revisions\/12690"}],"wp:attachment":[{"href":"https:\/\/strangercam.com\/de\/wp-json\/wp\/v2\/media?parent=8708"}],"curies":[{"name":"wp","href":"https:\/\/api.w.org\/{rel}","templated":true}]}}