{"id":8689,"date":"2021-10-27T09:18:47","date_gmt":"2021-10-27T07:18:47","guid":{"rendered":"https:\/\/strangercam.com\/?page_id=8689"},"modified":"2023-08-21T11:40:39","modified_gmt":"2023-08-21T09:40:39","slug":"chat-hour","status":"publish","type":"page","link":"https:\/\/strangercam.com\/de\/chat-hour\/","title":{"rendered":"Chat Hour"},"content":{"rendered":"<p>Das Aufkommen des Hochgeschwindigkeits-Internets und moderner Ger\u00e4te wie Laptops und Smartphones hat die Kommunikation und den Informationsaustausch v\u00f6llig revolutioniert. Das Internet bietet eine F\u00fclle von M\u00f6glichkeiten, sowohl Wissenswertes als auch Unterhaltsames. Das Leben ist heutzutage nur noch bequemer und einfacher geworden. Es ist jetzt einfach, mit bekannten Menschen und sogar mit Fremden aus der ganzen Welt in Verbindung zu bleiben, ohne irgendwo hingehen zu m\u00fcssen. <a href=\"https:\/\/strangercam.com\/de\/chatroulette\/\">Chat<\/a> Eine Stunde ist der beste Ort, um <a href=\"https:\/\/strangercam.com\/de\/coomeet\/\">treffen<\/a> neue Leute kennenlernen und neue Freundschaften schlie\u00dfen.<\/p>\n<p><strong><a href=\"https:\/\/strangercam.com\/de\/mili\/\">Live<\/a> Video-Chat<\/strong><\/p>\n<p>Es gilt als die neueste Modeerscheinung im Internet. Menschen aller Altersgruppen scheinen das Internet genutzt zu haben, um sich mit anderen \u00fcber Chat-Portale wie Chat Hour zu verbinden. Solche Dienste bieten viele Text-Messenger und sind gleichzeitig <a href=\"https:\/\/strangercam.com\/de\/chat4free\/\">kostenlos<\/a> zu registrieren und zu verwenden. Jetzt k\u00f6nnen Sie online gehen und einen Videochat mit Freunden, Bekannten oder v\u00f6llig Fremden beginnen. Um mit ihnen zu interagieren, gen\u00fcgt ein Tastendruck und die Verwendung Ihrer Webcam oder Smartphone-Kamera.<\/p>\n<p>Auf renommierten Websites wie Chat Hour kann man sich mit Fremden aus der \u2018virtuellen Welt\u2019 treffen. Neben dem Schreiben von Texten k\u00f6nnen Sie auch sehen und h\u00f6ren, was die andere Person zu sagen hat, und das auch in Echtzeit. Dabei k\u00f6nnen Sie beide L\u00e4nder voneinander entfernt sein. Aber mit Online-Chatportalen ist die Entfernung kein Problem mehr. Es erm\u00f6glicht Ihnen auch <a href=\"https:\/\/strangercam.com\/de\/rabbit-video-chat\/\">Video-Chat<\/a> auch w\u00e4hrend der Fahrt.<\/p>\n<p><strong>Popularit\u00e4t<\/strong><\/p>\n<p>Die Wahrheit ist, dass sowohl Jugendliche als auch Erwachsene Live-Videochats nutzen, und diese Zahl scheint mit jedem Tag zu steigen. Ein weiterer Grund f\u00fcr die zunehmende Beliebtheit ist die Einf\u00fchrung hocheffizienter, unterbrechungsfreier und schneller Breitbanddienste selbst in Entwicklungsl\u00e4ndern. Sie sind wirklich billig und bieten gleichzeitig unbegrenzte Downloads sowie die M\u00f6glichkeit, gro\u00dfe Datenmengen zu \u00fcbertragen. Sie k\u00f6nnen mit jedem Ger\u00e4t Ihrer Wahl eine Verbindung zu Chat Hour herstellen, ohne dass Sie irgendwelche Schwierigkeiten haben.<\/p>\n<p><strong>F\u00fcr verschiedene Zwecke<\/strong><\/p>\n<p>Sie k\u00f6nnen den Videochat zu reinen Unterhaltungszwecken nutzen, um neue Freunde zu finden oder um mit bekannten Freunden zu chatten. Es ist in der Tat ein erstaunliches Werkzeug, das es Ihnen erm\u00f6glicht, Kontakte zu kn\u00fcpfen, wann immer Sie es w\u00fcnschen. Mit Chat Hour k\u00f6nnen Sie sich mit Freunden und Verwandten in Verbindung setzen, die weit weg wohnen, vielleicht in einer anderen Stadt oder einem anderen Land. Solche Dienste sind auch f\u00fcr Videokonferenzen sehr n\u00fctzlich. Das Internet hat es geschafft, die Entfernungen durch zus\u00e4tzliche Einrichtungen wie Mikrofone und Webcams zu verringern. Sie sollten diese Portale und die fortschrittliche Technologie in vollem Umfang nutzen, um den Videochat mit allen zu genie\u00dfen.<\/p>","protected":false},"excerpt":{"rendered":"<p>The advent of high-speed internet and modern devices like laptop and smartphones has completely revolutionized communication and information sharing. The web does offer plenty of facilities, both knowledgeable and entertaining. Life these days has only become more comfortable and easier. It is now easy to stay connected with known people and even strangers from all [&hellip;]<\/p>\n","protected":false},"author":6,"featured_media":559,"parent":0,"menu_order":0,"comment_status":"closed","ping_status":"closed","template":"","meta":{"footnotes":""},"class_list":["post-8689","page","type-page","status-publish","has-post-thumbnail","hentry"],"yoast_head":"<!-- This site is optimized with the Yoast SEO plugin v27.4 - https:\/\/yoast.com\/product\/yoast-seo-wordpress\/ -->\n<title>Chat Hour - Anonymous Chat For Two - Cam on StrangerCam.com<\/title>\n<meta name=\"description\" content=\"Like Chat Hour? Come chat with more than 5.000.000 strangers on Stranger Cam for Free! Turn on your cam and find new friends &amp; maby a match!\" \/>\n<meta name=\"robots\" content=\"index, follow, max-snippet:-1, max-image-preview:large, max-video-preview:-1\" \/>\n<link rel=\"canonical\" href=\"https:\/\/strangercam.com\/de\/chat-hour\/\" \/>\n<meta property=\"og:locale\" content=\"de_DE\" \/>\n<meta property=\"og:type\" content=\"article\" \/>\n<meta property=\"og:title\" content=\"Chat Hour - Anonymous Chat For Two - Cam on StrangerCam.com\" \/>\n<meta property=\"og:description\" content=\"Like Chat Hour? Come chat with more than 5.000.000 strangers on Stranger Cam for Free! Turn on your cam and find new friends &amp; maby a match!\" \/>\n<meta property=\"og:url\" content=\"https:\/\/strangercam.com\/de\/chat-hour\/\" \/>\n<meta property=\"og:site_name\" content=\"Strangercam\" \/>\n<meta property=\"article:publisher\" content=\"https:\/\/www.facebook.com\/strangercam\" \/>\n<meta property=\"article:modified_time\" content=\"2023-08-21T09:40:39+00:00\" \/>\n<meta property=\"og:image\" content=\"https:\/\/strangercam.com\/wp-content\/uploads\/2020\/11\/stranger-cam-1.png\" \/>\n\t<meta property=\"og:image:width\" content=\"800\" \/>\n\t<meta property=\"og:image:height\" content=\"800\" \/>\n\t<meta property=\"og:image:type\" content=\"image\/png\" \/>\n<meta name=\"twitter:card\" content=\"summary_large_image\" \/>\n<meta name=\"twitter:site\" content=\"@strangercamapp\" \/>\n<meta name=\"twitter:label1\" content=\"Gesch\u00e4tzte Lesezeit\" \/>\n\t<meta name=\"twitter:data1\" content=\"2\u00a0Minuten\" \/>\n<script type=\"application\/ld+json\" class=\"yoast-schema-graph\">{\"@context\":\"https:\\\/\\\/schema.org\",\"@graph\":[{\"@type\":\"WebPage\",\"@id\":\"https:\\\/\\\/strangercam.com\\\/chat-hour\\\/\",\"url\":\"https:\\\/\\\/strangercam.com\\\/chat-hour\\\/\",\"name\":\"Chat Hour - Anonymous Chat For Two - Cam on StrangerCam.com\",\"isPartOf\":{\"@id\":\"https:\\\/\\\/strangercam.com\\\/#website\"},\"primaryImageOfPage\":{\"@id\":\"https:\\\/\\\/strangercam.com\\\/chat-hour\\\/#primaryimage\"},\"image\":{\"@id\":\"https:\\\/\\\/strangercam.com\\\/chat-hour\\\/#primaryimage\"},\"thumbnailUrl\":\"https:\\\/\\\/strangercam.com\\\/wp-content\\\/uploads\\\/2020\\\/11\\\/stranger-cam-1.png\",\"datePublished\":\"2021-10-27T07:18:47+00:00\",\"dateModified\":\"2023-08-21T09:40:39+00:00\",\"description\":\"Like Chat Hour? Come chat with more than 5.000.000 strangers on Stranger Cam for Free! Turn on your cam and find new friends & maby a match!\",\"breadcrumb\":{\"@id\":\"https:\\\/\\\/strangercam.com\\\/chat-hour\\\/#breadcrumb\"},\"inLanguage\":\"de\",\"potentialAction\":[{\"@type\":\"ReadAction\",\"target\":[\"https:\\\/\\\/strangercam.com\\\/chat-hour\\\/\"]}]},{\"@type\":\"ImageObject\",\"inLanguage\":\"de\",\"@id\":\"https:\\\/\\\/strangercam.com\\\/chat-hour\\\/#primaryimage\",\"url\":\"https:\\\/\\\/strangercam.com\\\/wp-content\\\/uploads\\\/2020\\\/11\\\/stranger-cam-1.png\",\"contentUrl\":\"https:\\\/\\\/strangercam.com\\\/wp-content\\\/uploads\\\/2020\\\/11\\\/stranger-cam-1.png\",\"width\":800,\"height\":800,\"caption\":\"stranger cam random video chat\"},{\"@type\":\"BreadcrumbList\",\"@id\":\"https:\\\/\\\/strangercam.com\\\/chat-hour\\\/#breadcrumb\",\"itemListElement\":[{\"@type\":\"ListItem\",\"position\":1,\"name\":\"Home\",\"item\":\"https:\\\/\\\/strangercam.com\\\/\"},{\"@type\":\"ListItem\",\"position\":2,\"name\":\"Chat Hour\"}]},{\"@type\":\"WebSite\",\"@id\":\"https:\\\/\\\/strangercam.com\\\/#website\",\"url\":\"https:\\\/\\\/strangercam.com\\\/\",\"name\":\"Strangercam\",\"description\":\"Random Video Chat with Strangers\",\"publisher\":{\"@id\":\"https:\\\/\\\/strangercam.com\\\/#organization\"},\"alternateName\":\"Strangercam.com\",\"potentialAction\":[{\"@type\":\"SearchAction\",\"target\":{\"@type\":\"EntryPoint\",\"urlTemplate\":\"https:\\\/\\\/strangercam.com\\\/?s={search_term_string}\"},\"query-input\":{\"@type\":\"PropertyValueSpecification\",\"valueRequired\":true,\"valueName\":\"search_term_string\"}}],\"inLanguage\":\"de\"},{\"@type\":\"Organization\",\"@id\":\"https:\\\/\\\/strangercam.com\\\/#organization\",\"name\":\"Strangercam\",\"alternateName\":\"Strangercam.com\",\"url\":\"https:\\\/\\\/strangercam.com\\\/\",\"logo\":{\"@type\":\"ImageObject\",\"inLanguage\":\"de\",\"@id\":\"https:\\\/\\\/strangercam.com\\\/#\\\/schema\\\/logo\\\/image\\\/\",\"url\":\"https:\\\/\\\/strangercam.com\\\/wp-content\\\/uploads\\\/2020\\\/11\\\/cropped-new-favicon-black.png\",\"contentUrl\":\"https:\\\/\\\/strangercam.com\\\/wp-content\\\/uploads\\\/2020\\\/11\\\/cropped-new-favicon-black.png\",\"width\":512,\"height\":512,\"caption\":\"Strangercam\"},\"image\":{\"@id\":\"https:\\\/\\\/strangercam.com\\\/#\\\/schema\\\/logo\\\/image\\\/\"},\"sameAs\":[\"https:\\\/\\\/www.facebook.com\\\/strangercam\",\"https:\\\/\\\/x.com\\\/strangercamapp\"]}]}<\/script>\n<!-- \/ Yoast SEO plugin. -->","yoast_head_json":{"title":"Chat Hour - Anonymer Chat f\u00fcr zwei - Cam auf StrangerCam.com","description":"Gef\u00e4llt dir Chat Hour? Komm und chatte mit mehr als 5.000.000 Fremden auf Stranger Cam kostenlos! Schalte deine Kamera ein und finde neue Freunde und vielleicht einen Partner!","robots":{"index":"index","follow":"follow","max-snippet":"max-snippet:-1","max-image-preview":"max-image-preview:large","max-video-preview":"max-video-preview:-1"},"canonical":"https:\/\/strangercam.com\/de\/chat-hour\/","og_locale":"de_DE","og_type":"article","og_title":"Chat Hour - Anonymous Chat For Two - Cam on StrangerCam.com","og_description":"Like Chat Hour? Come chat with more than 5.000.000 strangers on Stranger Cam for Free! Turn on your cam and find new friends & maby a match!","og_url":"https:\/\/strangercam.com\/de\/chat-hour\/","og_site_name":"Strangercam","article_publisher":"https:\/\/www.facebook.com\/strangercam","article_modified_time":"2023-08-21T09:40:39+00:00","og_image":[{"width":800,"height":800,"url":"https:\/\/strangercam.com\/wp-content\/uploads\/2020\/11\/stranger-cam-1.png","type":"image\/png"}],"twitter_card":"summary_large_image","twitter_site":"@strangercamapp","twitter_misc":{"Gesch\u00e4tzte Lesezeit":"2\u00a0Minuten"},"schema":{"@context":"https:\/\/schema.org","@graph":[{"@type":"WebPage","@id":"https:\/\/strangercam.com\/chat-hour\/","url":"https:\/\/strangercam.com\/chat-hour\/","name":"Chat Hour - Anonymer Chat f\u00fcr zwei - Cam auf StrangerCam.com","isPartOf":{"@id":"https:\/\/strangercam.com\/#website"},"primaryImageOfPage":{"@id":"https:\/\/strangercam.com\/chat-hour\/#primaryimage"},"image":{"@id":"https:\/\/strangercam.com\/chat-hour\/#primaryimage"},"thumbnailUrl":"https:\/\/strangercam.com\/wp-content\/uploads\/2020\/11\/stranger-cam-1.png","datePublished":"2021-10-27T07:18:47+00:00","dateModified":"2023-08-21T09:40:39+00:00","description":"Gef\u00e4llt dir Chat Hour? Komm und chatte mit mehr als 5.000.000 Fremden auf Stranger Cam kostenlos! Schalte deine Kamera ein und finde neue Freunde und vielleicht einen Partner!","breadcrumb":{"@id":"https:\/\/strangercam.com\/chat-hour\/#breadcrumb"},"inLanguage":"de","potentialAction":[{"@type":"ReadAction","target":["https:\/\/strangercam.com\/chat-hour\/"]}]},{"@type":"ImageObject","inLanguage":"de","@id":"https:\/\/strangercam.com\/chat-hour\/#primaryimage","url":"https:\/\/strangercam.com\/wp-content\/uploads\/2020\/11\/stranger-cam-1.png","contentUrl":"https:\/\/strangercam.com\/wp-content\/uploads\/2020\/11\/stranger-cam-1.png","width":800,"height":800,"caption":"stranger cam random video chat"},{"@type":"BreadcrumbList","@id":"https:\/\/strangercam.com\/chat-hour\/#breadcrumb","itemListElement":[{"@type":"ListItem","position":1,"name":"Home","item":"https:\/\/strangercam.com\/"},{"@type":"ListItem","position":2,"name":"Chat Hour"}]},{"@type":"WebSite","@id":"https:\/\/strangercam.com\/#website","url":"https:\/\/strangercam.com\/","name":"Strangercam","description":"Zuf\u00e4lliger Video-Chat mit Fremden","publisher":{"@id":"https:\/\/strangercam.com\/#organization"},"alternateName":"Strangercam.com","potentialAction":[{"@type":"SearchAction","target":{"@type":"EntryPoint","urlTemplate":"https:\/\/strangercam.com\/?s={search_term_string}"},"query-input":{"@type":"PropertyValueSpecification","valueRequired":true,"valueName":"search_term_string"}}],"inLanguage":"de"},{"@type":"Organization","@id":"https:\/\/strangercam.com\/#organization","name":"Strangercam","alternateName":"Strangercam.com","url":"https:\/\/strangercam.com\/","logo":{"@type":"ImageObject","inLanguage":"de","@id":"https:\/\/strangercam.com\/#\/schema\/logo\/image\/","url":"https:\/\/strangercam.com\/wp-content\/uploads\/2020\/11\/cropped-new-favicon-black.png","contentUrl":"https:\/\/strangercam.com\/wp-content\/uploads\/2020\/11\/cropped-new-favicon-black.png","width":512,"height":512,"caption":"Strangercam"},"image":{"@id":"https:\/\/strangercam.com\/#\/schema\/logo\/image\/"},"sameAs":["https:\/\/www.facebook.com\/strangercam","https:\/\/x.com\/strangercamapp"]}]}},"_links":{"self":[{"href":"https:\/\/strangercam.com\/de\/wp-json\/wp\/v2\/pages\/8689","targetHints":{"allow":["GET"]}}],"collection":[{"href":"https:\/\/strangercam.com\/de\/wp-json\/wp\/v2\/pages"}],"about":[{"href":"https:\/\/strangercam.com\/de\/wp-json\/wp\/v2\/types\/page"}],"author":[{"embeddable":true,"href":"https:\/\/strangercam.com\/de\/wp-json\/wp\/v2\/users\/6"}],"replies":[{"embeddable":true,"href":"https:\/\/strangercam.com\/de\/wp-json\/wp\/v2\/comments?post=8689"}],"version-history":[{"count":0,"href":"https:\/\/strangercam.com\/de\/wp-json\/wp\/v2\/pages\/8689\/revisions"}],"wp:featuredmedia":[{"embeddable":true,"href":"https:\/\/strangercam.com\/de\/wp-json\/wp\/v2\/media\/559"}],"wp:attachment":[{"href":"https:\/\/strangercam.com\/de\/wp-json\/wp\/v2\/media?parent=8689"}],"curies":[{"name":"wp","href":"https:\/\/api.w.org\/{rel}","templated":true}]}}