{"id":8647,"date":"2021-10-26T09:38:47","date_gmt":"2021-10-26T07:38:47","guid":{"rendered":"https:\/\/strangercam.com\/?page_id=8647"},"modified":"2023-08-21T11:40:39","modified_gmt":"2023-08-21T09:40:39","slug":"chatib","status":"publish","type":"page","link":"https:\/\/strangercam.com\/de\/chatib\/","title":{"rendered":"Chatib"},"content":{"rendered":"<p>Wenn Sie introvertiert sind, kann das Leben ziemlich schwierig sein. Sie haben vielleicht nur einen sehr begrenzten Freundeskreis. In der heutigen Zeit bietet Networking viele Vorteile, vor allem wenn es um die Jobsuche geht. Introvertierte Menschen m\u00fcssen St\u00e4rke und Initiative zeigen. Um Erfolg zu haben, m\u00fcssen Sie eine pers\u00f6nliche Beziehung aufbauen. Daf\u00fcr brauchen Sie mehr soziale Kompetenz. Sie k\u00f6nnen sich anmelden bei <a href=\"https:\/\/strangercam.com\/de\/chatroulette\/\">Chat<\/a> Portale wie chatib, um sich zu am\u00fcsieren.<\/p>\n<p><strong>Tipps f\u00fcr eine angenehme Chatsitzung bei chatib<\/strong><\/p>\n<ul>\n<li style=\"font-weight: 400;\" aria-level=\"1\">Umfassen Sie die Natur: Im Allgemeinen sind Frauen von Natur aus sch\u00fcchtern, was ganz normal ist. Aber f\u00fcr M\u00e4nner ist es ganz anders, vor allem f\u00fcr diejenigen, die nicht sozial sind. Sie m\u00fcssen zuerst mit sich selbst vertraut werden. <a href=\"https:\/\/strangercam.com\/de\/only2chat\/\">Nur<\/a> dann werden andere merken, dass Sie selbstbewusst sind und den ersten Schritt machen.<\/li>\n<li style=\"font-weight: 400;\" aria-level=\"1\">Man muss nicht gespr\u00e4chig sein: Manche Introvertierte vermeiden es, zu reden, besonders wenn sie unter Fremden sind. Nur um in den unbekannten Kreis zu passen, muss man nicht die ganze Zeit reden. Entspannen Sie sich einfach und lassen Sie sich treiben. Z\u00f6gern Sie nur nicht, zu antworten.<\/li>\n<li style=\"font-weight: 400;\" aria-level=\"1\">Zuh\u00f6ren und entsprechend reagieren: Es ist bekannt, dass extrovertierte Menschen auf alle Fragen, die an sie gerichtet werden, gut reagieren. Introvertierten f\u00e4llt es jedoch schwer zu antworten, da sie dazu neigen, erst zuzuh\u00f6ren und dann viel zu denken. Um auf der richtigen Seite zu stehen, m\u00fcssen Sie kein Extremist sein. H\u00f6ren Sie einfach zu, was die andere Person sagt, und antworten Sie entsprechend.<\/li>\n<li style=\"font-weight: 400;\" aria-level=\"1\">W\u00e4hlen Sie einen Ort: Der beste Ort f\u00fcr <a href=\"https:\/\/strangercam.com\/de\/coomeet\/\">treffen<\/a> neue Leute sind online <a href=\"https:\/\/strangercam.com\/de\/chatingly\/\">Chatten<\/a> Portale wie chatib. Diese gelten als hervorragende Gespr\u00e4chsstarter f\u00fcr alle introvertierten Menschen. Sie k\u00f6nnen jedes Thema w\u00e4hlen, um mit Gleichgesinnten zu diskutieren.<\/li>\n<li style=\"font-weight: 400;\" aria-level=\"1\">Praxis: Sie k\u00f6nnen jeder Person folgen, die \u00fcber die richtigen F\u00e4higkeiten verf\u00fcgt, um eine bestimmte Situation zu meistern. F\u00fchren Sie immer interessante Gespr\u00e4che und versuchen Sie, Ihren Freundeskreis zu erweitern. Mit der Zeit werden Sie sicher einen gro\u00dfen Freundeskreis haben.<\/li>\n<li style=\"font-weight: 400;\" aria-level=\"1\">Zeigen Sie Ihre St\u00e4rken: Sind Sie ehrlich und ein guter Zuh\u00f6rer? Die Wahrheit ist, dass es nicht m\u00f6glich ist, von heute auf morgen ein extrovertierter Mensch zu werden. Aber Sie werden sicher mit Ihren echten St\u00e4rken vor anderen gl\u00e4nzen, unabh\u00e4ngig davon, wer Sie sind.<\/li>\n<li style=\"font-weight: 400;\" aria-level=\"1\">Werden Sie Mitglied in der Gruppe. Einige wenige kennen die richtigen Techniken, um Menschen zu unterhalten. Wenn Sie sich nicht wohl f\u00fchlen, dann meiden Sie diese Gruppe einfach. Suchen Sie sich eine Gruppe, die \u00e4hnliche Interessen hat. Andernfalls werden Sie sich immer in der Ecke wiederfinden und von anderen ausgegrenzt werden.<\/li>\n<\/ul>\n<p>Mit chatib k\u00f6nnen Sie nie etwas falsch machen!<\/p>","protected":false},"excerpt":{"rendered":"<p>If you are introverted, then life can be quite difficult. You may have a very limited friend circle. In today\u2019s age, networking does offer lots of benefits especially when it comes to seeking jobs. Introverts are required to display strength and initiative. You need to create a personal relationship to achieve success. For this, you [&hellip;]<\/p>\n","protected":false},"author":6,"featured_media":559,"parent":0,"menu_order":0,"comment_status":"closed","ping_status":"closed","template":"","meta":{"footnotes":""},"class_list":["post-8647","page","type-page","status-publish","has-post-thumbnail","hentry"],"yoast_head":"<!-- This site is optimized with the Yoast SEO plugin v26.9 - https:\/\/yoast.com\/product\/yoast-seo-wordpress\/ -->\n<title>Chatib - Anonymous Chat For Two - Cam on StrangerCam.com<\/title>\n<meta name=\"description\" content=\"Like Chatib? Come chat with more than 5.000.000 strangers on Stranger Cam for Free! Turn on your cam and find new friends &amp; maby a match!\" \/>\n<meta name=\"robots\" content=\"index, follow, max-snippet:-1, max-image-preview:large, max-video-preview:-1\" \/>\n<link rel=\"canonical\" href=\"https:\/\/strangercam.com\/de\/chatib\/\" \/>\n<meta property=\"og:locale\" content=\"de_DE\" \/>\n<meta property=\"og:type\" content=\"article\" \/>\n<meta property=\"og:title\" content=\"Chatib - Anonymous Chat For Two - Cam on StrangerCam.com\" \/>\n<meta property=\"og:description\" content=\"Like Chatib? Come chat with more than 5.000.000 strangers on Stranger Cam for Free! Turn on your cam and find new friends &amp; maby a match!\" \/>\n<meta property=\"og:url\" content=\"https:\/\/strangercam.com\/de\/chatib\/\" \/>\n<meta property=\"og:site_name\" content=\"Strangercam\" \/>\n<meta property=\"article:publisher\" content=\"https:\/\/www.facebook.com\/strangercam\" \/>\n<meta property=\"article:modified_time\" content=\"2023-08-21T09:40:39+00:00\" \/>\n<meta property=\"og:image\" content=\"https:\/\/strangercam.com\/wp-content\/uploads\/2020\/11\/stranger-cam-1.png\" \/>\n\t<meta property=\"og:image:width\" content=\"800\" \/>\n\t<meta property=\"og:image:height\" content=\"800\" \/>\n\t<meta property=\"og:image:type\" content=\"image\/png\" \/>\n<meta name=\"twitter:card\" content=\"summary_large_image\" \/>\n<meta name=\"twitter:site\" content=\"@strangercamapp\" \/>\n<meta name=\"twitter:label1\" content=\"Gesch\u00e4tzte Lesezeit\" \/>\n\t<meta name=\"twitter:data1\" content=\"2\u00a0Minuten\" \/>\n<script type=\"application\/ld+json\" class=\"yoast-schema-graph\">{\"@context\":\"https:\/\/schema.org\",\"@graph\":[{\"@type\":\"WebPage\",\"@id\":\"https:\/\/strangercam.com\/chatib\/\",\"url\":\"https:\/\/strangercam.com\/chatib\/\",\"name\":\"Chatib - Anonymous Chat For Two - Cam on StrangerCam.com\",\"isPartOf\":{\"@id\":\"https:\/\/strangercam.com\/#website\"},\"primaryImageOfPage\":{\"@id\":\"https:\/\/strangercam.com\/chatib\/#primaryimage\"},\"image\":{\"@id\":\"https:\/\/strangercam.com\/chatib\/#primaryimage\"},\"thumbnailUrl\":\"https:\/\/strangercam.com\/wp-content\/uploads\/2020\/11\/stranger-cam-1.png\",\"datePublished\":\"2021-10-26T07:38:47+00:00\",\"dateModified\":\"2023-08-21T09:40:39+00:00\",\"description\":\"Like Chatib? Come chat with more than 5.000.000 strangers on Stranger Cam for Free! Turn on your cam and find new friends & maby a match!\",\"breadcrumb\":{\"@id\":\"https:\/\/strangercam.com\/chatib\/#breadcrumb\"},\"inLanguage\":\"de\",\"potentialAction\":[{\"@type\":\"ReadAction\",\"target\":[\"https:\/\/strangercam.com\/chatib\/\"]}]},{\"@type\":\"ImageObject\",\"inLanguage\":\"de\",\"@id\":\"https:\/\/strangercam.com\/chatib\/#primaryimage\",\"url\":\"https:\/\/strangercam.com\/wp-content\/uploads\/2020\/11\/stranger-cam-1.png\",\"contentUrl\":\"https:\/\/strangercam.com\/wp-content\/uploads\/2020\/11\/stranger-cam-1.png\",\"width\":800,\"height\":800,\"caption\":\"stranger cam random video chat\"},{\"@type\":\"BreadcrumbList\",\"@id\":\"https:\/\/strangercam.com\/chatib\/#breadcrumb\",\"itemListElement\":[{\"@type\":\"ListItem\",\"position\":1,\"name\":\"Home\",\"item\":\"https:\/\/strangercam.com\/\"},{\"@type\":\"ListItem\",\"position\":2,\"name\":\"Chatib\"}]},{\"@type\":\"WebSite\",\"@id\":\"https:\/\/strangercam.com\/#website\",\"url\":\"https:\/\/strangercam.com\/\",\"name\":\"Strangercam\",\"description\":\"Random Video Chat with Strangers\",\"publisher\":{\"@id\":\"https:\/\/strangercam.com\/#organization\"},\"alternateName\":\"Strangercam.com\",\"potentialAction\":[{\"@type\":\"SearchAction\",\"target\":{\"@type\":\"EntryPoint\",\"urlTemplate\":\"https:\/\/strangercam.com\/?s={search_term_string}\"},\"query-input\":{\"@type\":\"PropertyValueSpecification\",\"valueRequired\":true,\"valueName\":\"search_term_string\"}}],\"inLanguage\":\"de\"},{\"@type\":\"Organization\",\"@id\":\"https:\/\/strangercam.com\/#organization\",\"name\":\"Strangercam\",\"alternateName\":\"Strangercam.com\",\"url\":\"https:\/\/strangercam.com\/\",\"logo\":{\"@type\":\"ImageObject\",\"inLanguage\":\"de\",\"@id\":\"https:\/\/strangercam.com\/#\/schema\/logo\/image\/\",\"url\":\"https:\/\/strangercam.com\/wp-content\/uploads\/2020\/11\/cropped-new-favicon-black.png\",\"contentUrl\":\"https:\/\/strangercam.com\/wp-content\/uploads\/2020\/11\/cropped-new-favicon-black.png\",\"width\":512,\"height\":512,\"caption\":\"Strangercam\"},\"image\":{\"@id\":\"https:\/\/strangercam.com\/#\/schema\/logo\/image\/\"},\"sameAs\":[\"https:\/\/www.facebook.com\/strangercam\",\"https:\/\/x.com\/strangercamapp\"]}]}<\/script>\n<!-- \/ Yoast SEO plugin. -->","yoast_head_json":{"title":"Chatib - Anonymer Chat f\u00fcr zwei - Cam auf StrangerCam.com","description":"Gef\u00e4llt dir Chatib? Komm und chatte mit mehr als 5.000.000 Fremden auf Stranger Cam kostenlos! Schalte deine Kamera ein und finde neue Freunde und vielleicht einen Partner!","robots":{"index":"index","follow":"follow","max-snippet":"max-snippet:-1","max-image-preview":"max-image-preview:large","max-video-preview":"max-video-preview:-1"},"canonical":"https:\/\/strangercam.com\/de\/chatib\/","og_locale":"de_DE","og_type":"article","og_title":"Chatib - Anonymous Chat For Two - Cam on StrangerCam.com","og_description":"Like Chatib? Come chat with more than 5.000.000 strangers on Stranger Cam for Free! Turn on your cam and find new friends & maby a match!","og_url":"https:\/\/strangercam.com\/de\/chatib\/","og_site_name":"Strangercam","article_publisher":"https:\/\/www.facebook.com\/strangercam","article_modified_time":"2023-08-21T09:40:39+00:00","og_image":[{"width":800,"height":800,"url":"https:\/\/strangercam.com\/wp-content\/uploads\/2020\/11\/stranger-cam-1.png","type":"image\/png"}],"twitter_card":"summary_large_image","twitter_site":"@strangercamapp","twitter_misc":{"Gesch\u00e4tzte Lesezeit":"2\u00a0Minuten"},"schema":{"@context":"https:\/\/schema.org","@graph":[{"@type":"WebPage","@id":"https:\/\/strangercam.com\/chatib\/","url":"https:\/\/strangercam.com\/chatib\/","name":"Chatib - Anonymer Chat f\u00fcr zwei - Cam auf StrangerCam.com","isPartOf":{"@id":"https:\/\/strangercam.com\/#website"},"primaryImageOfPage":{"@id":"https:\/\/strangercam.com\/chatib\/#primaryimage"},"image":{"@id":"https:\/\/strangercam.com\/chatib\/#primaryimage"},"thumbnailUrl":"https:\/\/strangercam.com\/wp-content\/uploads\/2020\/11\/stranger-cam-1.png","datePublished":"2021-10-26T07:38:47+00:00","dateModified":"2023-08-21T09:40:39+00:00","description":"Gef\u00e4llt dir Chatib? Komm und chatte mit mehr als 5.000.000 Fremden auf Stranger Cam kostenlos! Schalte deine Kamera ein und finde neue Freunde und vielleicht einen Partner!","breadcrumb":{"@id":"https:\/\/strangercam.com\/chatib\/#breadcrumb"},"inLanguage":"de","potentialAction":[{"@type":"ReadAction","target":["https:\/\/strangercam.com\/chatib\/"]}]},{"@type":"ImageObject","inLanguage":"de","@id":"https:\/\/strangercam.com\/chatib\/#primaryimage","url":"https:\/\/strangercam.com\/wp-content\/uploads\/2020\/11\/stranger-cam-1.png","contentUrl":"https:\/\/strangercam.com\/wp-content\/uploads\/2020\/11\/stranger-cam-1.png","width":800,"height":800,"caption":"stranger cam random video chat"},{"@type":"BreadcrumbList","@id":"https:\/\/strangercam.com\/chatib\/#breadcrumb","itemListElement":[{"@type":"ListItem","position":1,"name":"Home","item":"https:\/\/strangercam.com\/"},{"@type":"ListItem","position":2,"name":"Chatib"}]},{"@type":"WebSite","@id":"https:\/\/strangercam.com\/#website","url":"https:\/\/strangercam.com\/","name":"Strangercam","description":"Zuf\u00e4lliger Video-Chat mit Fremden","publisher":{"@id":"https:\/\/strangercam.com\/#organization"},"alternateName":"Strangercam.com","potentialAction":[{"@type":"SearchAction","target":{"@type":"EntryPoint","urlTemplate":"https:\/\/strangercam.com\/?s={search_term_string}"},"query-input":{"@type":"PropertyValueSpecification","valueRequired":true,"valueName":"search_term_string"}}],"inLanguage":"de"},{"@type":"Organization","@id":"https:\/\/strangercam.com\/#organization","name":"Strangercam","alternateName":"Strangercam.com","url":"https:\/\/strangercam.com\/","logo":{"@type":"ImageObject","inLanguage":"de","@id":"https:\/\/strangercam.com\/#\/schema\/logo\/image\/","url":"https:\/\/strangercam.com\/wp-content\/uploads\/2020\/11\/cropped-new-favicon-black.png","contentUrl":"https:\/\/strangercam.com\/wp-content\/uploads\/2020\/11\/cropped-new-favicon-black.png","width":512,"height":512,"caption":"Strangercam"},"image":{"@id":"https:\/\/strangercam.com\/#\/schema\/logo\/image\/"},"sameAs":["https:\/\/www.facebook.com\/strangercam","https:\/\/x.com\/strangercamapp"]}]}},"_links":{"self":[{"href":"https:\/\/strangercam.com\/de\/wp-json\/wp\/v2\/pages\/8647","targetHints":{"allow":["GET"]}}],"collection":[{"href":"https:\/\/strangercam.com\/de\/wp-json\/wp\/v2\/pages"}],"about":[{"href":"https:\/\/strangercam.com\/de\/wp-json\/wp\/v2\/types\/page"}],"author":[{"embeddable":true,"href":"https:\/\/strangercam.com\/de\/wp-json\/wp\/v2\/users\/6"}],"replies":[{"embeddable":true,"href":"https:\/\/strangercam.com\/de\/wp-json\/wp\/v2\/comments?post=8647"}],"version-history":[{"count":0,"href":"https:\/\/strangercam.com\/de\/wp-json\/wp\/v2\/pages\/8647\/revisions"}],"wp:featuredmedia":[{"embeddable":true,"href":"https:\/\/strangercam.com\/de\/wp-json\/wp\/v2\/media\/559"}],"wp:attachment":[{"href":"https:\/\/strangercam.com\/de\/wp-json\/wp\/v2\/media?parent=8647"}],"curies":[{"name":"wp","href":"https:\/\/api.w.org\/{rel}","templated":true}]}}