{"id":8588,"date":"2021-10-18T11:30:39","date_gmt":"2021-10-18T09:30:39","guid":{"rendered":"https:\/\/strangercam.com\/?page_id=8588"},"modified":"2023-08-21T12:47:57","modified_gmt":"2023-08-21T10:47:57","slug":"wireclub","status":"publish","type":"page","link":"https:\/\/strangercam.com\/de\/wireclub\/","title":{"rendered":"Wireclub"},"content":{"rendered":"<p>Vielleicht haben Sie geh\u00f6rt, wie Ihre Freunde damit geprahlt haben, dass sie mehrere Online <a href=\"https:\/\/strangercam.com\/de\/chatroulette\/\">Chat<\/a> Konten zu er\u00f6ffnen und neue Freunde zu finden. Es ist verlockend genug, ein Konto bei wireclub zu er\u00f6ffnen, um mit Gleichgesinnten zu chatten. Sie werden sicher die Erfahrung und den Nervenkitzel genie\u00dfen, den Sie beim Online-Chat mit Fremden erleben werden. Es ist etwas, das man nicht erkl\u00e4ren kann, sondern nur pers\u00f6nlich sp\u00fcrt.<\/p>\n<p>Haben Sie schon einmal daran gedacht, neue Freunde in der ganzen Welt zu finden? Wenn nicht, ist es an der Zeit, \u00fcber diese fantastische Erfahrung nachzudenken. Es ist so sch\u00f6n, eine Person zu haben, mit der man alles ohne Angst besprechen kann. Wireclub bietet Ihnen diese fantastische Gelegenheit.<br \/>\nWireclub erm\u00f6glicht es Ihnen, aus Hunderten von kostenlosen Chat-R\u00e4umen zu w\u00e4hlen. Sie k\u00f6nnen auch Ihre Nachrichten und Chatr\u00e4ume erreichen. Andere Leute werden Ihrem Chat-Raum beitreten, und Sie k\u00f6nnen mit ihnen sprechen.<\/p>\n<p>Also, worauf warten Sie noch? Gehen Sie und melden Sie sich sofort an!<\/p>\n<h2>Inanspruchnahme von Chatsitzungen<\/h2>\n<p>Obwohl Handys zum Chatten da sind, kommt es nur selten vor, dass man jemanden trifft, den man nicht in seinem Netz kennt. Au\u00dferdem muss man, wenn man Freunde im Ausland anruft, eine hohe Rechnung bezahlen. Mit Online-Chatr\u00e4umen k\u00f6nnen Sie jedoch kostenlos chatten.<br \/>\nEinige Portale wie Wireclub erm\u00f6glichen auch <a href=\"https:\/\/strangercam.com\/de\/rabbit-video-chat\/\">Video<\/a> Chatten. Das bedeutet, dass Sie beide einander in Echtzeit sehen und ungest\u00f6rt chatten k\u00f6nnen. Au\u00dferdem m\u00fcssen Sie sich nicht \u00fcber \u00fcberh\u00f6hte Telefonrechnungen \u00e4rgern. Hier ist alles zug\u00e4nglich. Sie k\u00f6nnen jeden anrufen, ohne sich \u00fcber hohe Rechnungen Gedanken zu machen.<\/p>\n<h2>Anonymer Modus<\/h2>\n<p>Es ist einfach, mit Menschen, die wir kennen, zu plaudern. Es hat sich jedoch gezeigt, dass Menschen oft entt\u00e4uscht sind, wenn sie versuchen, ihr eigentliches Wesen und ihre ehrlichen Gef\u00fchle mit anderen Menschen in ihrer Umgebung zu teilen. Das ist eine traurige Realit\u00e4t.<\/p>\n<p>Wireclub hat sich sehr bem\u00fcht, dieses Problem zu beseitigen. Sie bieten diesen Menschen eine hervorragende M\u00f6glichkeit, mit jedem ohne Angst zu sprechen. Sie k\u00f6nnen das Land, das Sie interessiert, und das Geschlecht Ihrer Wahl ausw\u00e4hlen. Sie werden dann an die am besten geeignete Person weitergeleitet, die Ihren beschriebenen Vorlieben entspricht.<\/p>\n<p>Sie k\u00f6nnen dann mit dieser Person in einem v\u00f6llig anonymen Modus sprechen. Sie wissen nicht, wer Sie sind, und sie werden es nie herausfinden. Es ist also sicher f\u00fcr Sie <a href=\"https:\/\/strangercam.com\/de\/mocospace\/\">Raum<\/a>. Sagen Sie, was Sie sagen wollen, und fragen Sie, was Sie fragen wollen!<\/p>\n<h2>Angebotene Einrichtungen<\/h2>\n<p>In Online-Chatr\u00e4umen haben Sie die M\u00f6glichkeit, kostenlos mit Bekannten und Fremden zu chatten. In einigen m\u00fcssen Sie vielleicht einen kleinen Betrag bezahlen, um privat \u00fcber Themen Ihrer Wahl zu chatten. Es ist ratsam, zun\u00e4chst einige Nachforschungen anzustellen und sich einem renommierten Portal wie wireclub anzuschlie\u00dfen. Auf diese Weise k\u00f6nnen Sie sicher sein und sind frei von allen Sorgen.<\/p>\n<h2>Kostenloser Live-Chat<\/h2>\n<p>Kostenlos <a href=\"https:\/\/strangercam.com\/de\/mili\/\">live<\/a> chatten? Das kann nur Wireclub!<\/p>\n<p>Ja, Sie haben richtig gelesen! Kostenloser Live-Chat mit Menschen aus der ganzen Welt. Sie m\u00fcssen sich keine Sorgen um Ihren Kontostand machen. Das Einzige, wor\u00fcber Sie sich Sorgen machen m\u00fcssen, ist, die richtige Person zum Reden zu finden!<\/p>\n<p>Jede Online-Chat-Plattform bietet etwas Einzigartiges, und das Einzigartige, das Wireclub bietet, ist sein kostenloser Live-Chat-Service. Alles ist kostenlos. Sie m\u00fcssen nur diese erstaunliche Gelegenheit zu Ihren Gunsten nutzen.<\/p>\n<p>Der kostenlose Live-Chat ist eine Echtzeit-Chatm\u00f6glichkeit. Unser System findet einen passenden Partner f\u00fcr Sie. Wireclub verbindet Sie mit der Person, die am anderen Ende sitzt, nachdem Sie sich entschieden haben, mit der Person zu chatten. F\u00fcr diesen ganzen Prozess fallen keinerlei Kosten an. Sie k\u00f6nnen all dies kostenlos genie\u00dfen.<\/p>\n<h2>Angemessene Vorkehrungen treffen<\/h2>\n<p>Wenn Sie zum ersten Mal mit einem Fremden sprechen, kann das sehr interessant sein. Aber lassen Sie sich nicht hinrei\u00dfen. Unterhalten Sie sich nicht mit Fremden, indem Sie ihnen Ihre Daten mitteilen, z. B. Ihre Kontaktnummer oder Adresse. Es kann passieren, dass Sie aufgrund falscher Entscheidungen in unangenehme Situationen geraten. Wenn Sie zum ersten Mal ein neues Chat-Portal besuchen, versuchen Sie, sich nur an bekannte Personen zu halten. Denken Sie daran, nach Beendigung der Chatsitzung die Cookies und den Sitzungsverlauf vom Smartphone oder Laptop zu l\u00f6schen. Es k\u00f6nnte sein, dass Lauscher nach unschuldigen Menschen Ausschau halten. Sie warten m\u00f6glicherweise geduldig darauf, Ihnen Ihre lebenswichtigen Daten wie Bankkonto, Kreditkartendaten und andere wichtige Informationen zu entrei\u00dfen.<\/p>\n<p>Achten Sie beim Chatten darauf, dass Sie keinen anderen Browser verwenden, um auf Ihre Kreditkarte oder Ihr Bankkonto zuzugreifen, da dies nicht sicher ist. Wenn Sie einen neuen Freund oder eine neue Freundin gefunden haben, chatten Sie einfach mit ihm oder ihr per SMS. Vermeiden Sie <a href=\"https:\/\/strangercam.com\/de\/bazoocam\/\">Nocken<\/a> Sitzungen.<\/p>\n<p>Wenn Sie angemessene Vorsichtsma\u00dfnahmen treffen, k\u00f6nnen Sie sicher bleiben und neue Online-Freunde finden.<\/p>\n<h2>Kostenlose Chat-R\u00e4ume<\/h2>\n<p>Was gibt es Sch\u00f6neres, als Dinge, die man sich w\u00fcnscht, umsonst zu bekommen!<\/p>\n<p>Das macht Wireclub zu einer unglaublichen und benutzerorientierten Online-Videochat-Plattform. Sie k\u00f6nnen kostenlos in den R\u00e4umen chatten. Alles, was Sie brauchen, ist eine Anmeldung. Es gibt Tausende von Menschen in einem einzigen Chatraum. Wenn Sie kein Mensch der Massen sind, k\u00f6nnen Sie sich auch in einem weniger \u00fcberf\u00fcllten Chat-Raum aufhalten. Es gibt viele Optionen, aus denen Sie je nach Ihren Bed\u00fcrfnissen und W\u00fcnschen w\u00e4hlen k\u00f6nnen.<\/p>\n<p>Kostenlose Chatr\u00e4ume sind eine gro\u00dfartige Quelle der Entspannung. Sie k\u00f6nnen mit jedem chatten und Ihre Gef\u00fchle und Gedanken mitteilen, ohne Angst haben zu m\u00fcssen, verurteilt zu werden. Diese Chat-R\u00e4ume bieten eine wohltuende Erfahrung des Chats mit Fremden.<\/p>","protected":false},"excerpt":{"rendered":"<p>It could be that you have heard your friends boasting of having several online chat accounts and making new friends. It is good enough to lure you to try opening an account with wireclub to initiate chatting with like-minded people. You are sure to enjoy the experience and thrill that you are to derive from [&hellip;]<\/p>\n","protected":false},"author":6,"featured_media":559,"parent":0,"menu_order":0,"comment_status":"closed","ping_status":"closed","template":"","meta":{"footnotes":""},"class_list":["post-8588","page","type-page","status-publish","has-post-thumbnail","hentry"],"yoast_head":"<!-- This site is optimized with the Yoast SEO plugin v26.9 - https:\/\/yoast.com\/product\/yoast-seo-wordpress\/ -->\n<title>Wireclub - Anonymous Chat For Two - Cam on StrangerCam.com<\/title>\n<meta name=\"description\" content=\"Like Wireclub? Come chat with more than 5.000.000 strangers on Stranger Cam for Free! Turn on your cam and find new friends &amp; maby a match!\" \/>\n<meta name=\"robots\" content=\"index, follow, max-snippet:-1, max-image-preview:large, max-video-preview:-1\" \/>\n<link rel=\"canonical\" href=\"https:\/\/strangercam.com\/de\/wireclub\/\" \/>\n<meta property=\"og:locale\" content=\"de_DE\" \/>\n<meta property=\"og:type\" content=\"article\" \/>\n<meta property=\"og:title\" content=\"Wireclub - Anonymous Chat For Two - Cam on StrangerCam.com\" \/>\n<meta property=\"og:description\" content=\"Like Wireclub? Come chat with more than 5.000.000 strangers on Stranger Cam for Free! Turn on your cam and find new friends &amp; maby a match!\" \/>\n<meta property=\"og:url\" content=\"https:\/\/strangercam.com\/de\/wireclub\/\" \/>\n<meta property=\"og:site_name\" content=\"Strangercam\" \/>\n<meta property=\"article:publisher\" content=\"https:\/\/www.facebook.com\/strangercam\" \/>\n<meta property=\"article:modified_time\" content=\"2023-08-21T10:47:57+00:00\" \/>\n<meta property=\"og:image\" content=\"https:\/\/strangercam.com\/wp-content\/uploads\/2020\/11\/stranger-cam-1.png\" \/>\n\t<meta property=\"og:image:width\" content=\"800\" \/>\n\t<meta property=\"og:image:height\" content=\"800\" \/>\n\t<meta property=\"og:image:type\" content=\"image\/png\" \/>\n<meta name=\"twitter:card\" content=\"summary_large_image\" \/>\n<meta name=\"twitter:site\" content=\"@strangercamapp\" \/>\n<meta name=\"twitter:label1\" content=\"Gesch\u00e4tzte Lesezeit\" \/>\n\t<meta name=\"twitter:data1\" content=\"4\u00a0Minuten\" \/>\n<script type=\"application\/ld+json\" class=\"yoast-schema-graph\">{\"@context\":\"https:\/\/schema.org\",\"@graph\":[{\"@type\":\"WebPage\",\"@id\":\"https:\/\/strangercam.com\/wireclub\/\",\"url\":\"https:\/\/strangercam.com\/wireclub\/\",\"name\":\"Wireclub - Anonymous Chat For Two - Cam on StrangerCam.com\",\"isPartOf\":{\"@id\":\"https:\/\/strangercam.com\/#website\"},\"primaryImageOfPage\":{\"@id\":\"https:\/\/strangercam.com\/wireclub\/#primaryimage\"},\"image\":{\"@id\":\"https:\/\/strangercam.com\/wireclub\/#primaryimage\"},\"thumbnailUrl\":\"https:\/\/strangercam.com\/wp-content\/uploads\/2020\/11\/stranger-cam-1.png\",\"datePublished\":\"2021-10-18T09:30:39+00:00\",\"dateModified\":\"2023-08-21T10:47:57+00:00\",\"description\":\"Like Wireclub? Come chat with more than 5.000.000 strangers on Stranger Cam for Free! Turn on your cam and find new friends & maby a match!\",\"breadcrumb\":{\"@id\":\"https:\/\/strangercam.com\/wireclub\/#breadcrumb\"},\"inLanguage\":\"de\",\"potentialAction\":[{\"@type\":\"ReadAction\",\"target\":[\"https:\/\/strangercam.com\/wireclub\/\"]}]},{\"@type\":\"ImageObject\",\"inLanguage\":\"de\",\"@id\":\"https:\/\/strangercam.com\/wireclub\/#primaryimage\",\"url\":\"https:\/\/strangercam.com\/wp-content\/uploads\/2020\/11\/stranger-cam-1.png\",\"contentUrl\":\"https:\/\/strangercam.com\/wp-content\/uploads\/2020\/11\/stranger-cam-1.png\",\"width\":800,\"height\":800,\"caption\":\"stranger cam random video chat\"},{\"@type\":\"BreadcrumbList\",\"@id\":\"https:\/\/strangercam.com\/wireclub\/#breadcrumb\",\"itemListElement\":[{\"@type\":\"ListItem\",\"position\":1,\"name\":\"Home\",\"item\":\"https:\/\/strangercam.com\/\"},{\"@type\":\"ListItem\",\"position\":2,\"name\":\"Wireclub\"}]},{\"@type\":\"WebSite\",\"@id\":\"https:\/\/strangercam.com\/#website\",\"url\":\"https:\/\/strangercam.com\/\",\"name\":\"Strangercam\",\"description\":\"Random Video Chat with Strangers\",\"publisher\":{\"@id\":\"https:\/\/strangercam.com\/#organization\"},\"alternateName\":\"Strangercam.com\",\"potentialAction\":[{\"@type\":\"SearchAction\",\"target\":{\"@type\":\"EntryPoint\",\"urlTemplate\":\"https:\/\/strangercam.com\/?s={search_term_string}\"},\"query-input\":{\"@type\":\"PropertyValueSpecification\",\"valueRequired\":true,\"valueName\":\"search_term_string\"}}],\"inLanguage\":\"de\"},{\"@type\":\"Organization\",\"@id\":\"https:\/\/strangercam.com\/#organization\",\"name\":\"Strangercam\",\"alternateName\":\"Strangercam.com\",\"url\":\"https:\/\/strangercam.com\/\",\"logo\":{\"@type\":\"ImageObject\",\"inLanguage\":\"de\",\"@id\":\"https:\/\/strangercam.com\/#\/schema\/logo\/image\/\",\"url\":\"https:\/\/strangercam.com\/wp-content\/uploads\/2020\/11\/cropped-new-favicon-black.png\",\"contentUrl\":\"https:\/\/strangercam.com\/wp-content\/uploads\/2020\/11\/cropped-new-favicon-black.png\",\"width\":512,\"height\":512,\"caption\":\"Strangercam\"},\"image\":{\"@id\":\"https:\/\/strangercam.com\/#\/schema\/logo\/image\/\"},\"sameAs\":[\"https:\/\/www.facebook.com\/strangercam\",\"https:\/\/x.com\/strangercamapp\"]}]}<\/script>\n<!-- \/ Yoast SEO plugin. -->","yoast_head_json":{"title":"Wireclub - Anonymer Chat f\u00fcr zwei - Cam auf StrangerCam.com","description":"Gef\u00e4llt dir Wireclub? Komm und chatte mit mehr als 5.000.000 Fremden auf Stranger Cam kostenlos! Schalte deine Kamera ein und finde neue Freunde und vielleicht einen Partner!","robots":{"index":"index","follow":"follow","max-snippet":"max-snippet:-1","max-image-preview":"max-image-preview:large","max-video-preview":"max-video-preview:-1"},"canonical":"https:\/\/strangercam.com\/de\/wireclub\/","og_locale":"de_DE","og_type":"article","og_title":"Wireclub - Anonymous Chat For Two - Cam on StrangerCam.com","og_description":"Like Wireclub? Come chat with more than 5.000.000 strangers on Stranger Cam for Free! Turn on your cam and find new friends & maby a match!","og_url":"https:\/\/strangercam.com\/de\/wireclub\/","og_site_name":"Strangercam","article_publisher":"https:\/\/www.facebook.com\/strangercam","article_modified_time":"2023-08-21T10:47:57+00:00","og_image":[{"width":800,"height":800,"url":"https:\/\/strangercam.com\/wp-content\/uploads\/2020\/11\/stranger-cam-1.png","type":"image\/png"}],"twitter_card":"summary_large_image","twitter_site":"@strangercamapp","twitter_misc":{"Gesch\u00e4tzte Lesezeit":"4\u00a0Minuten"},"schema":{"@context":"https:\/\/schema.org","@graph":[{"@type":"WebPage","@id":"https:\/\/strangercam.com\/wireclub\/","url":"https:\/\/strangercam.com\/wireclub\/","name":"Wireclub - Anonymer Chat f\u00fcr zwei - Cam auf StrangerCam.com","isPartOf":{"@id":"https:\/\/strangercam.com\/#website"},"primaryImageOfPage":{"@id":"https:\/\/strangercam.com\/wireclub\/#primaryimage"},"image":{"@id":"https:\/\/strangercam.com\/wireclub\/#primaryimage"},"thumbnailUrl":"https:\/\/strangercam.com\/wp-content\/uploads\/2020\/11\/stranger-cam-1.png","datePublished":"2021-10-18T09:30:39+00:00","dateModified":"2023-08-21T10:47:57+00:00","description":"Gef\u00e4llt dir Wireclub? Komm und chatte mit mehr als 5.000.000 Fremden auf Stranger Cam kostenlos! Schalte deine Kamera ein und finde neue Freunde und vielleicht einen Partner!","breadcrumb":{"@id":"https:\/\/strangercam.com\/wireclub\/#breadcrumb"},"inLanguage":"de","potentialAction":[{"@type":"ReadAction","target":["https:\/\/strangercam.com\/wireclub\/"]}]},{"@type":"ImageObject","inLanguage":"de","@id":"https:\/\/strangercam.com\/wireclub\/#primaryimage","url":"https:\/\/strangercam.com\/wp-content\/uploads\/2020\/11\/stranger-cam-1.png","contentUrl":"https:\/\/strangercam.com\/wp-content\/uploads\/2020\/11\/stranger-cam-1.png","width":800,"height":800,"caption":"stranger cam random video chat"},{"@type":"BreadcrumbList","@id":"https:\/\/strangercam.com\/wireclub\/#breadcrumb","itemListElement":[{"@type":"ListItem","position":1,"name":"Home","item":"https:\/\/strangercam.com\/"},{"@type":"ListItem","position":2,"name":"Wireclub"}]},{"@type":"WebSite","@id":"https:\/\/strangercam.com\/#website","url":"https:\/\/strangercam.com\/","name":"Strangercam","description":"Zuf\u00e4lliger Video-Chat mit Fremden","publisher":{"@id":"https:\/\/strangercam.com\/#organization"},"alternateName":"Strangercam.com","potentialAction":[{"@type":"SearchAction","target":{"@type":"EntryPoint","urlTemplate":"https:\/\/strangercam.com\/?s={search_term_string}"},"query-input":{"@type":"PropertyValueSpecification","valueRequired":true,"valueName":"search_term_string"}}],"inLanguage":"de"},{"@type":"Organization","@id":"https:\/\/strangercam.com\/#organization","name":"Strangercam","alternateName":"Strangercam.com","url":"https:\/\/strangercam.com\/","logo":{"@type":"ImageObject","inLanguage":"de","@id":"https:\/\/strangercam.com\/#\/schema\/logo\/image\/","url":"https:\/\/strangercam.com\/wp-content\/uploads\/2020\/11\/cropped-new-favicon-black.png","contentUrl":"https:\/\/strangercam.com\/wp-content\/uploads\/2020\/11\/cropped-new-favicon-black.png","width":512,"height":512,"caption":"Strangercam"},"image":{"@id":"https:\/\/strangercam.com\/#\/schema\/logo\/image\/"},"sameAs":["https:\/\/www.facebook.com\/strangercam","https:\/\/x.com\/strangercamapp"]}]}},"_links":{"self":[{"href":"https:\/\/strangercam.com\/de\/wp-json\/wp\/v2\/pages\/8588","targetHints":{"allow":["GET"]}}],"collection":[{"href":"https:\/\/strangercam.com\/de\/wp-json\/wp\/v2\/pages"}],"about":[{"href":"https:\/\/strangercam.com\/de\/wp-json\/wp\/v2\/types\/page"}],"author":[{"embeddable":true,"href":"https:\/\/strangercam.com\/de\/wp-json\/wp\/v2\/users\/6"}],"replies":[{"embeddable":true,"href":"https:\/\/strangercam.com\/de\/wp-json\/wp\/v2\/comments?post=8588"}],"version-history":[{"count":0,"href":"https:\/\/strangercam.com\/de\/wp-json\/wp\/v2\/pages\/8588\/revisions"}],"wp:featuredmedia":[{"embeddable":true,"href":"https:\/\/strangercam.com\/de\/wp-json\/wp\/v2\/media\/559"}],"wp:attachment":[{"href":"https:\/\/strangercam.com\/de\/wp-json\/wp\/v2\/media?parent=8588"}],"curies":[{"name":"wp","href":"https:\/\/api.w.org\/{rel}","templated":true}]}}