{"id":8446,"date":"2021-10-06T19:55:53","date_gmt":"2021-10-06T17:55:53","guid":{"rendered":"https:\/\/strangercam.com\/?page_id=8446"},"modified":"2023-08-04T11:12:26","modified_gmt":"2023-08-04T09:12:26","slug":"kontakt","status":"publish","type":"page","link":"https:\/\/strangercam.com\/de\/kontakt\/","title":{"rendered":"Kontakt"},"content":{"rendered":"<p>Wenn Sie Hilfe ben\u00f6tigen oder Fragen zu unserem Service haben, sind wir gerne f\u00fcr Sie da! Bevor Sie sich an uns wenden, empfehlen wir Ihnen, die Antworten auf die am h\u00e4ufigsten gestellten Fragen durchzulesen. Wir haben festgestellt, dass viele Nutzer die L\u00f6sungen finden, nach denen sie suchen, ohne auf eine Antwort von unserem Team warten zu m\u00fcssen.<\/p>\n<h2>H\u00e4ufig gestellte Fragen (FAQs)<\/h2>\n<p><strong>1. Wird sich mein Kauf automatisch verl\u00e4ngern?<\/strong><\/p>\n<p>Ja, Ihr Kauf verl\u00e4ngert sich automatisch, wenn Sie ein Abonnement abgeschlossen haben f\u00fcr <a href=\"https:\/\/strangercam.com\/de\/\">Strangercam<\/a> Pr\u00e4mie. Wenn Sie Ihr Abonnement k\u00fcndigen m\u00f6chten, gehen Sie zu unserem <a href=\"http:\/\/cs.segpay.com\/\">benutzerdefinierte Support-Seite<\/a> und geben Sie Ihre Zahlungsdaten ein. Sie k\u00f6nnen dann die Erneuerung Ihres Abonnements stornieren. Wenn Sie ein Diamonds-Paket erworben haben, werden Ihnen keine weiteren Rechnungen gestellt, da es sich um einmalige K\u00e4ufe handelt.<\/p>\n<p><strong>2. Kann ich mein Konto l\u00f6schen?<\/strong><\/p>\n<p>Derzeit k\u00f6nnen Sie Ihr Konto nicht l\u00f6schen, da wir keine pers\u00f6nlichen Daten speichern. Wir arbeiten kontinuierlich an der Verbesserung unserer Systeme und planen, in Zukunft eine Option zur Profill\u00f6schung einzubauen.<\/p>\n<p><strong>3. Kann ich entsperrt werden?<\/strong><\/p>\n<p>Sobald unser \u00dcberpr\u00fcfungsteam bei Strangercam.com einen Benutzer blockiert hat, ist die Entscheidung endg\u00fcltig und eine Aufhebung der Blockierung kann nicht beantragt werden.<\/p>\n<p><strong>4. Kann ich eine R\u00fcckerstattung erhalten?<\/strong><\/p>\n<p>Wir bitten Sie, sich auf die <a href=\"https:\/\/strangercam.com\/de\/erstattung\/\">Erstattungsrichtlinie auf unserer Website verf\u00fcgbar<\/a>. Diese Richtlinie enth\u00e4lt klare Richtlinien f\u00fcr die Situationen, in denen wir eine R\u00fcckerstattung nach einem Kauf vornehmen k\u00f6nnen.<\/p>\n<h3>Brauchen Sie noch Hilfe?<\/h3>\n<p>Wenn Ihre Frage oben nicht behandelt wurde, z\u00f6gern Sie bitte nicht, uns \u00fcber das unten stehende Formular zu kontaktieren. Wir bem\u00fchen uns, alle Anfragen so schnell wie m\u00f6glich zu beantworten. Bitte rechnen Sie jedoch mit einer Bearbeitungszeit von bis zu 24 Stunden f\u00fcr eine Antwort. Wir danken Ihnen f\u00fcr Ihre Geduld und freuen uns darauf, Ihnen zu helfen!<\/p>","protected":false},"excerpt":{"rendered":"<p>If you need assistance or have any questions about our service, we&#8217;re here to help! But before you reach out, we suggest you review the answers to our most frequently asked questions below. We&#8217;ve found that many users find the solutions they&#8217;re looking for without having to wait for a response from our team. Frequently [&hellip;]<\/p>\n","protected":false},"author":1,"featured_media":0,"parent":0,"menu_order":0,"comment_status":"closed","ping_status":"closed","template":"","meta":{"footnotes":""},"class_list":["post-8446","page","type-page","status-publish","hentry"],"yoast_head":"<!-- This site is optimized with the Yoast SEO plugin v26.9 - https:\/\/yoast.com\/product\/yoast-seo-wordpress\/ -->\n<title>Contact Us - Strangercam<\/title>\n<meta name=\"robots\" content=\"index, follow, max-snippet:-1, max-image-preview:large, max-video-preview:-1\" \/>\n<link rel=\"canonical\" href=\"https:\/\/strangercam.com\/de\/kontakt\/\" \/>\n<meta property=\"og:locale\" content=\"de_DE\" \/>\n<meta property=\"og:type\" content=\"article\" \/>\n<meta property=\"og:title\" content=\"Contact Us - Strangercam\" \/>\n<meta property=\"og:description\" content=\"If you need assistance or have any questions about our service, we&#8217;re here to help! But before you reach out, we suggest you review the answers to our most frequently asked questions below. We&#8217;ve found that many users find the solutions they&#8217;re looking for without having to wait for a response from our team. Frequently [&hellip;]\" \/>\n<meta property=\"og:url\" content=\"https:\/\/strangercam.com\/de\/kontakt\/\" \/>\n<meta property=\"og:site_name\" content=\"Strangercam\" \/>\n<meta property=\"article:publisher\" content=\"https:\/\/www.facebook.com\/strangercam\" \/>\n<meta property=\"article:modified_time\" content=\"2023-08-04T09:12:26+00:00\" \/>\n<meta property=\"og:image\" content=\"https:\/\/strangercam.com\/wp-content\/uploads\/2021\/10\/Untitled-2.png\" \/>\n\t<meta property=\"og:image:width\" content=\"800\" \/>\n\t<meta property=\"og:image:height\" content=\"532\" \/>\n\t<meta property=\"og:image:type\" content=\"image\/png\" \/>\n<meta name=\"twitter:card\" content=\"summary_large_image\" \/>\n<meta name=\"twitter:site\" content=\"@strangercamapp\" \/>\n<meta name=\"twitter:label1\" content=\"Gesch\u00e4tzte Lesezeit\" \/>\n\t<meta name=\"twitter:data1\" content=\"2\u00a0Minuten\" \/>\n<script type=\"application\/ld+json\" class=\"yoast-schema-graph\">{\"@context\":\"https:\/\/schema.org\",\"@graph\":[{\"@type\":\"WebPage\",\"@id\":\"https:\/\/strangercam.com\/contact\/\",\"url\":\"https:\/\/strangercam.com\/contact\/\",\"name\":\"Contact Us - Strangercam\",\"isPartOf\":{\"@id\":\"https:\/\/strangercam.com\/#website\"},\"datePublished\":\"2021-10-06T17:55:53+00:00\",\"dateModified\":\"2023-08-04T09:12:26+00:00\",\"breadcrumb\":{\"@id\":\"https:\/\/strangercam.com\/contact\/#breadcrumb\"},\"inLanguage\":\"de\",\"potentialAction\":[{\"@type\":\"ReadAction\",\"target\":[\"https:\/\/strangercam.com\/contact\/\"]}]},{\"@type\":\"BreadcrumbList\",\"@id\":\"https:\/\/strangercam.com\/contact\/#breadcrumb\",\"itemListElement\":[{\"@type\":\"ListItem\",\"position\":1,\"name\":\"Home\",\"item\":\"https:\/\/strangercam.com\/\"},{\"@type\":\"ListItem\",\"position\":2,\"name\":\"Contact Us\"}]},{\"@type\":\"WebSite\",\"@id\":\"https:\/\/strangercam.com\/#website\",\"url\":\"https:\/\/strangercam.com\/\",\"name\":\"Strangercam\",\"description\":\"Random Video Chat with Strangers\",\"publisher\":{\"@id\":\"https:\/\/strangercam.com\/#organization\"},\"alternateName\":\"Strangercam.com\",\"potentialAction\":[{\"@type\":\"SearchAction\",\"target\":{\"@type\":\"EntryPoint\",\"urlTemplate\":\"https:\/\/strangercam.com\/?s={search_term_string}\"},\"query-input\":{\"@type\":\"PropertyValueSpecification\",\"valueRequired\":true,\"valueName\":\"search_term_string\"}}],\"inLanguage\":\"de\"},{\"@type\":\"Organization\",\"@id\":\"https:\/\/strangercam.com\/#organization\",\"name\":\"Strangercam\",\"alternateName\":\"Strangercam.com\",\"url\":\"https:\/\/strangercam.com\/\",\"logo\":{\"@type\":\"ImageObject\",\"inLanguage\":\"de\",\"@id\":\"https:\/\/strangercam.com\/#\/schema\/logo\/image\/\",\"url\":\"https:\/\/strangercam.com\/wp-content\/uploads\/2020\/11\/cropped-new-favicon-black.png\",\"contentUrl\":\"https:\/\/strangercam.com\/wp-content\/uploads\/2020\/11\/cropped-new-favicon-black.png\",\"width\":512,\"height\":512,\"caption\":\"Strangercam\"},\"image\":{\"@id\":\"https:\/\/strangercam.com\/#\/schema\/logo\/image\/\"},\"sameAs\":[\"https:\/\/www.facebook.com\/strangercam\",\"https:\/\/x.com\/strangercamapp\"]}]}<\/script>\n<!-- \/ Yoast SEO plugin. -->","yoast_head_json":{"title":"Kontakt - Strangercam","robots":{"index":"index","follow":"follow","max-snippet":"max-snippet:-1","max-image-preview":"max-image-preview:large","max-video-preview":"max-video-preview:-1"},"canonical":"https:\/\/strangercam.com\/de\/kontakt\/","og_locale":"de_DE","og_type":"article","og_title":"Contact Us - Strangercam","og_description":"If you need assistance or have any questions about our service, we&#8217;re here to help! But before you reach out, we suggest you review the answers to our most frequently asked questions below. We&#8217;ve found that many users find the solutions they&#8217;re looking for without having to wait for a response from our team. Frequently [&hellip;]","og_url":"https:\/\/strangercam.com\/de\/kontakt\/","og_site_name":"Strangercam","article_publisher":"https:\/\/www.facebook.com\/strangercam","article_modified_time":"2023-08-04T09:12:26+00:00","og_image":[{"width":800,"height":532,"url":"https:\/\/strangercam.com\/wp-content\/uploads\/2021\/10\/Untitled-2.png","type":"image\/png"}],"twitter_card":"summary_large_image","twitter_site":"@strangercamapp","twitter_misc":{"Gesch\u00e4tzte Lesezeit":"2\u00a0Minuten"},"schema":{"@context":"https:\/\/schema.org","@graph":[{"@type":"WebPage","@id":"https:\/\/strangercam.com\/contact\/","url":"https:\/\/strangercam.com\/contact\/","name":"Kontakt - Strangercam","isPartOf":{"@id":"https:\/\/strangercam.com\/#website"},"datePublished":"2021-10-06T17:55:53+00:00","dateModified":"2023-08-04T09:12:26+00:00","breadcrumb":{"@id":"https:\/\/strangercam.com\/contact\/#breadcrumb"},"inLanguage":"de","potentialAction":[{"@type":"ReadAction","target":["https:\/\/strangercam.com\/contact\/"]}]},{"@type":"BreadcrumbList","@id":"https:\/\/strangercam.com\/contact\/#breadcrumb","itemListElement":[{"@type":"ListItem","position":1,"name":"Home","item":"https:\/\/strangercam.com\/"},{"@type":"ListItem","position":2,"name":"Contact Us"}]},{"@type":"WebSite","@id":"https:\/\/strangercam.com\/#website","url":"https:\/\/strangercam.com\/","name":"Strangercam","description":"Zuf\u00e4lliger Video-Chat mit Fremden","publisher":{"@id":"https:\/\/strangercam.com\/#organization"},"alternateName":"Strangercam.com","potentialAction":[{"@type":"SearchAction","target":{"@type":"EntryPoint","urlTemplate":"https:\/\/strangercam.com\/?s={search_term_string}"},"query-input":{"@type":"PropertyValueSpecification","valueRequired":true,"valueName":"search_term_string"}}],"inLanguage":"de"},{"@type":"Organization","@id":"https:\/\/strangercam.com\/#organization","name":"Strangercam","alternateName":"Strangercam.com","url":"https:\/\/strangercam.com\/","logo":{"@type":"ImageObject","inLanguage":"de","@id":"https:\/\/strangercam.com\/#\/schema\/logo\/image\/","url":"https:\/\/strangercam.com\/wp-content\/uploads\/2020\/11\/cropped-new-favicon-black.png","contentUrl":"https:\/\/strangercam.com\/wp-content\/uploads\/2020\/11\/cropped-new-favicon-black.png","width":512,"height":512,"caption":"Strangercam"},"image":{"@id":"https:\/\/strangercam.com\/#\/schema\/logo\/image\/"},"sameAs":["https:\/\/www.facebook.com\/strangercam","https:\/\/x.com\/strangercamapp"]}]}},"_links":{"self":[{"href":"https:\/\/strangercam.com\/de\/wp-json\/wp\/v2\/pages\/8446","targetHints":{"allow":["GET"]}}],"collection":[{"href":"https:\/\/strangercam.com\/de\/wp-json\/wp\/v2\/pages"}],"about":[{"href":"https:\/\/strangercam.com\/de\/wp-json\/wp\/v2\/types\/page"}],"author":[{"embeddable":true,"href":"https:\/\/strangercam.com\/de\/wp-json\/wp\/v2\/users\/1"}],"replies":[{"embeddable":true,"href":"https:\/\/strangercam.com\/de\/wp-json\/wp\/v2\/comments?post=8446"}],"version-history":[{"count":0,"href":"https:\/\/strangercam.com\/de\/wp-json\/wp\/v2\/pages\/8446\/revisions"}],"wp:attachment":[{"href":"https:\/\/strangercam.com\/de\/wp-json\/wp\/v2\/media?parent=8446"}],"curies":[{"name":"wp","href":"https:\/\/api.w.org\/{rel}","templated":true}]}}