{"id":8226,"date":"2021-09-23T14:11:49","date_gmt":"2021-09-23T12:11:49","guid":{"rendered":"https:\/\/strangercam.com\/?page_id=8226"},"modified":"2023-08-21T12:24:41","modified_gmt":"2023-08-21T10:24:41","slug":"echat","status":"publish","type":"page","link":"https:\/\/strangercam.com\/de\/echat\/","title":{"rendered":"eChat"},"content":{"rendered":"<h2>Sollten Sie ein Gespr\u00e4ch mit einem Fremden beginnen?<\/h2>\n<p>Diese Frage stellen sich fast alle, die von Natur aus zur\u00fcckhaltend sind. Die extrovertierten Menschen haben solche Probleme nicht, da sie offen sind und mit jeder Person leicht auskommen k\u00f6nnen. Aber da die Welt voll von Betr\u00fcgern und solchen ist, die anderen Schaden zuf\u00fcgen wollen, m\u00fcssen Sie angemessene Vorsichtsma\u00dfnahmen treffen. Dies wird umso wichtiger, wenn Sie versuchen, mit Fremden \u00fcber das Internet zu sprechen. <a href=\"https:\/\/strangercam.com\/de\/chatroulette\/\">Chat<\/a> Zimmer. Unter <b>echat<\/b>Sie k\u00f6nnen gesunde Gespr\u00e4che f\u00fchren, da Sie die Profile der anderen sehen k\u00f6nnen. Sie k\u00f6nnen auch mit denen chatten, die \u00e4hnliche Interessen haben.<\/p>\n<h2>Wer ist ein Fremder?<\/h2>\n<p>Um Ihre introvertierte Natur zu durchbrechen, ist der beste Ort, um zu sein <b>echat<\/b>. Hier k\u00f6nnen Sie auf verschiedene Arten von Menschen aller Altersgruppen, sowohl m\u00e4nnlich als auch weiblich mit unterschiedlichen Interessen zu kommen. Sie m\u00fcssen den Chat initiieren oder jemand anderes k\u00f6nnte dies tun. Sie kennen die Person m\u00f6glicherweise nicht, au\u00dfer durch das erstellte Profil. Sie sind Fremde, da Sie nicht viel \u00fcber sie wissen. Es ist <a href=\"https:\/\/strangercam.com\/de\/only2chat\/\">nur<\/a> nachdem du dich mit ihnen verbunden und eine Weile mit ihnen gesprochen hast, die dir helfen kann, herauszufinden, ob sie Freunde sein k\u00f6nnen.<\/p>\n<h2>Neue Freunde finden<\/h2>\n<p>Denken Sie daran, dass jeder Mensch Freunde braucht und der Mensch ein soziales Tier ist. Es ist einfach nicht m\u00f6glich, anderen, die man nicht kennt, weiterhin aus dem Weg zu gehen. Online-Portale wie <b>echat<\/b> bieten die M\u00f6glichkeit, mit anderen in Kontakt zu treten, unabh\u00e4ngig von deren Standort oder Entfernung. Sie brauchen den Chat nur mit einem \u2018Hi\u2019 oder \u2018Hello\u2019 zu er\u00f6ffnen, wenn sie daran interessiert sind, und schon entstehen Unterhaltungen. Ob sie stundenlang dauern oder innerhalb einer Minute abgeschlossen sind, h\u00e4ngt von Ihrem Interesse und dem gew\u00e4hlten Thema ab. Identifizieren Sie daher Kategorien, in denen Themen diskutiert werden <a href=\"https:\/\/strangercam.com\/de\/chatmatch\/\">Spiel<\/a> Ihre Mentalit\u00e4t und Ihr Wissen. Sie werden sich hier wohlf\u00fchlen und sich nicht wie ein Fremder f\u00fchlen. Eine solche Umgebung kann sicher und interessant sein. Wenn Sie die Umgebung als bedrohlich empfinden, k\u00f6nnen Sie jederzeit in eine bessere Umgebung weiterziehen. <a href=\"https:\/\/strangercam.com\/de\/1v1-chat\/\">eine<\/a> oder wechseln Sie einfach zu einem anderen <a href=\"https:\/\/strangercam.com\/de\/chatingly\/\">Chatten<\/a> Portal. Wenn Sie auf neue Menschen zugehen, k\u00f6nnen Sie neue Bekanntschaften und Freunde gewinnen. Das braucht Zeit und viel Pflege. Aber die Ergebnisse k\u00f6nnen fabelhaft sein, wenn man wei\u00df, wie man das erste Gespr\u00e4ch beginnt.<\/p>\n<p>Online-Chats mit Fremden halten Ihr Herz in bester Verfassung, sowohl psychologisch als auch geistig. Sie k\u00f6nnen sogar Ihr Herz aussch\u00fctten, wenn Sie sich wohl, sicher und verbunden f\u00fchlen. Die Chancen stehen gut, dass sie dir n\u00fctzliche Ratschl\u00e4ge geben, die dir helfen, aus deinem derzeitigen Schlamassel herauszukommen, und zwar in vielerlei Hinsicht.<\/p>","protected":false},"excerpt":{"rendered":"<p>Should you initiate talk with a stranger? This is a question that is asked by almost all those who are reserved by nature. The extroverts do not face such trouble since they are outspoken and can get along with any person easily. But with the world being full of scammers, fraudsters, and those who intend [&hellip;]<\/p>\n","protected":false},"author":6,"featured_media":559,"parent":0,"menu_order":0,"comment_status":"closed","ping_status":"closed","template":"","meta":{"footnotes":""},"class_list":["post-8226","page","type-page","status-publish","has-post-thumbnail","hentry"],"yoast_head":"<!-- This site is optimized with the Yoast SEO plugin v26.9 - https:\/\/yoast.com\/product\/yoast-seo-wordpress\/ -->\n<title>eChat - Anonymous Chat For Two - Cam on StrangerCam.com<\/title>\n<meta name=\"description\" content=\"Like eChat? Come chat with more than 5.000.000 strangers on Stranger Cam for Free! Turn on your cam and find new friends &amp; maby a match!\" \/>\n<meta name=\"robots\" content=\"index, follow, max-snippet:-1, max-image-preview:large, max-video-preview:-1\" \/>\n<link rel=\"canonical\" href=\"https:\/\/strangercam.com\/de\/echat\/\" \/>\n<meta property=\"og:locale\" content=\"de_DE\" \/>\n<meta property=\"og:type\" content=\"article\" \/>\n<meta property=\"og:title\" content=\"eChat - Anonymous Chat For Two - Cam on StrangerCam.com\" \/>\n<meta property=\"og:description\" content=\"Like eChat? Come chat with more than 5.000.000 strangers on Stranger Cam for Free! Turn on your cam and find new friends &amp; maby a match!\" \/>\n<meta property=\"og:url\" content=\"https:\/\/strangercam.com\/de\/echat\/\" \/>\n<meta property=\"og:site_name\" content=\"Strangercam\" \/>\n<meta property=\"article:publisher\" content=\"https:\/\/www.facebook.com\/strangercam\" \/>\n<meta property=\"article:modified_time\" content=\"2023-08-21T10:24:41+00:00\" \/>\n<meta property=\"og:image\" content=\"https:\/\/strangercam.com\/wp-content\/uploads\/2020\/11\/stranger-cam-1.png\" \/>\n\t<meta property=\"og:image:width\" content=\"800\" \/>\n\t<meta property=\"og:image:height\" content=\"800\" \/>\n\t<meta property=\"og:image:type\" content=\"image\/png\" \/>\n<meta name=\"twitter:card\" content=\"summary_large_image\" \/>\n<meta name=\"twitter:site\" content=\"@strangercamapp\" \/>\n<meta name=\"twitter:label1\" content=\"Gesch\u00e4tzte Lesezeit\" \/>\n\t<meta name=\"twitter:data1\" content=\"2\u00a0Minuten\" \/>\n<script type=\"application\/ld+json\" class=\"yoast-schema-graph\">{\"@context\":\"https:\/\/schema.org\",\"@graph\":[{\"@type\":\"WebPage\",\"@id\":\"https:\/\/strangercam.com\/echat\/\",\"url\":\"https:\/\/strangercam.com\/echat\/\",\"name\":\"eChat - Anonymous Chat For Two - Cam on StrangerCam.com\",\"isPartOf\":{\"@id\":\"https:\/\/strangercam.com\/#website\"},\"primaryImageOfPage\":{\"@id\":\"https:\/\/strangercam.com\/echat\/#primaryimage\"},\"image\":{\"@id\":\"https:\/\/strangercam.com\/echat\/#primaryimage\"},\"thumbnailUrl\":\"https:\/\/strangercam.com\/wp-content\/uploads\/2020\/11\/stranger-cam-1.png\",\"datePublished\":\"2021-09-23T12:11:49+00:00\",\"dateModified\":\"2023-08-21T10:24:41+00:00\",\"description\":\"Like eChat? Come chat with more than 5.000.000 strangers on Stranger Cam for Free! Turn on your cam and find new friends & maby a match!\",\"breadcrumb\":{\"@id\":\"https:\/\/strangercam.com\/echat\/#breadcrumb\"},\"inLanguage\":\"de\",\"potentialAction\":[{\"@type\":\"ReadAction\",\"target\":[\"https:\/\/strangercam.com\/echat\/\"]}]},{\"@type\":\"ImageObject\",\"inLanguage\":\"de\",\"@id\":\"https:\/\/strangercam.com\/echat\/#primaryimage\",\"url\":\"https:\/\/strangercam.com\/wp-content\/uploads\/2020\/11\/stranger-cam-1.png\",\"contentUrl\":\"https:\/\/strangercam.com\/wp-content\/uploads\/2020\/11\/stranger-cam-1.png\",\"width\":800,\"height\":800,\"caption\":\"stranger cam random video chat\"},{\"@type\":\"BreadcrumbList\",\"@id\":\"https:\/\/strangercam.com\/echat\/#breadcrumb\",\"itemListElement\":[{\"@type\":\"ListItem\",\"position\":1,\"name\":\"Home\",\"item\":\"https:\/\/strangercam.com\/\"},{\"@type\":\"ListItem\",\"position\":2,\"name\":\"eChat\"}]},{\"@type\":\"WebSite\",\"@id\":\"https:\/\/strangercam.com\/#website\",\"url\":\"https:\/\/strangercam.com\/\",\"name\":\"Strangercam\",\"description\":\"Random Video Chat with Strangers\",\"publisher\":{\"@id\":\"https:\/\/strangercam.com\/#organization\"},\"alternateName\":\"Strangercam.com\",\"potentialAction\":[{\"@type\":\"SearchAction\",\"target\":{\"@type\":\"EntryPoint\",\"urlTemplate\":\"https:\/\/strangercam.com\/?s={search_term_string}\"},\"query-input\":{\"@type\":\"PropertyValueSpecification\",\"valueRequired\":true,\"valueName\":\"search_term_string\"}}],\"inLanguage\":\"de\"},{\"@type\":\"Organization\",\"@id\":\"https:\/\/strangercam.com\/#organization\",\"name\":\"Strangercam\",\"alternateName\":\"Strangercam.com\",\"url\":\"https:\/\/strangercam.com\/\",\"logo\":{\"@type\":\"ImageObject\",\"inLanguage\":\"de\",\"@id\":\"https:\/\/strangercam.com\/#\/schema\/logo\/image\/\",\"url\":\"https:\/\/strangercam.com\/wp-content\/uploads\/2020\/11\/cropped-new-favicon-black.png\",\"contentUrl\":\"https:\/\/strangercam.com\/wp-content\/uploads\/2020\/11\/cropped-new-favicon-black.png\",\"width\":512,\"height\":512,\"caption\":\"Strangercam\"},\"image\":{\"@id\":\"https:\/\/strangercam.com\/#\/schema\/logo\/image\/\"},\"sameAs\":[\"https:\/\/www.facebook.com\/strangercam\",\"https:\/\/x.com\/strangercamapp\"]}]}<\/script>\n<!-- \/ Yoast SEO plugin. -->","yoast_head_json":{"title":"eChat - Anonymer Chat f\u00fcr zwei - Cam auf StrangerCam.com","description":"Gef\u00e4llt dir eChat? Komm und chatte mit mehr als 5.000.000 Fremden auf Stranger Cam - kostenlos! Schalte deine Kamera ein und finde neue Freunde und vielleicht einen Partner!","robots":{"index":"index","follow":"follow","max-snippet":"max-snippet:-1","max-image-preview":"max-image-preview:large","max-video-preview":"max-video-preview:-1"},"canonical":"https:\/\/strangercam.com\/de\/echat\/","og_locale":"de_DE","og_type":"article","og_title":"eChat - Anonymous Chat For Two - Cam on StrangerCam.com","og_description":"Like eChat? Come chat with more than 5.000.000 strangers on Stranger Cam for Free! Turn on your cam and find new friends & maby a match!","og_url":"https:\/\/strangercam.com\/de\/echat\/","og_site_name":"Strangercam","article_publisher":"https:\/\/www.facebook.com\/strangercam","article_modified_time":"2023-08-21T10:24:41+00:00","og_image":[{"width":800,"height":800,"url":"https:\/\/strangercam.com\/wp-content\/uploads\/2020\/11\/stranger-cam-1.png","type":"image\/png"}],"twitter_card":"summary_large_image","twitter_site":"@strangercamapp","twitter_misc":{"Gesch\u00e4tzte Lesezeit":"2\u00a0Minuten"},"schema":{"@context":"https:\/\/schema.org","@graph":[{"@type":"WebPage","@id":"https:\/\/strangercam.com\/echat\/","url":"https:\/\/strangercam.com\/echat\/","name":"eChat - Anonymer Chat f\u00fcr zwei - Cam auf StrangerCam.com","isPartOf":{"@id":"https:\/\/strangercam.com\/#website"},"primaryImageOfPage":{"@id":"https:\/\/strangercam.com\/echat\/#primaryimage"},"image":{"@id":"https:\/\/strangercam.com\/echat\/#primaryimage"},"thumbnailUrl":"https:\/\/strangercam.com\/wp-content\/uploads\/2020\/11\/stranger-cam-1.png","datePublished":"2021-09-23T12:11:49+00:00","dateModified":"2023-08-21T10:24:41+00:00","description":"Gef\u00e4llt dir eChat? Komm und chatte mit mehr als 5.000.000 Fremden auf Stranger Cam - kostenlos! Schalte deine Kamera ein und finde neue Freunde und vielleicht einen Partner!","breadcrumb":{"@id":"https:\/\/strangercam.com\/echat\/#breadcrumb"},"inLanguage":"de","potentialAction":[{"@type":"ReadAction","target":["https:\/\/strangercam.com\/echat\/"]}]},{"@type":"ImageObject","inLanguage":"de","@id":"https:\/\/strangercam.com\/echat\/#primaryimage","url":"https:\/\/strangercam.com\/wp-content\/uploads\/2020\/11\/stranger-cam-1.png","contentUrl":"https:\/\/strangercam.com\/wp-content\/uploads\/2020\/11\/stranger-cam-1.png","width":800,"height":800,"caption":"stranger cam random video chat"},{"@type":"BreadcrumbList","@id":"https:\/\/strangercam.com\/echat\/#breadcrumb","itemListElement":[{"@type":"ListItem","position":1,"name":"Home","item":"https:\/\/strangercam.com\/"},{"@type":"ListItem","position":2,"name":"eChat"}]},{"@type":"WebSite","@id":"https:\/\/strangercam.com\/#website","url":"https:\/\/strangercam.com\/","name":"Strangercam","description":"Zuf\u00e4lliger Video-Chat mit Fremden","publisher":{"@id":"https:\/\/strangercam.com\/#organization"},"alternateName":"Strangercam.com","potentialAction":[{"@type":"SearchAction","target":{"@type":"EntryPoint","urlTemplate":"https:\/\/strangercam.com\/?s={search_term_string}"},"query-input":{"@type":"PropertyValueSpecification","valueRequired":true,"valueName":"search_term_string"}}],"inLanguage":"de"},{"@type":"Organization","@id":"https:\/\/strangercam.com\/#organization","name":"Strangercam","alternateName":"Strangercam.com","url":"https:\/\/strangercam.com\/","logo":{"@type":"ImageObject","inLanguage":"de","@id":"https:\/\/strangercam.com\/#\/schema\/logo\/image\/","url":"https:\/\/strangercam.com\/wp-content\/uploads\/2020\/11\/cropped-new-favicon-black.png","contentUrl":"https:\/\/strangercam.com\/wp-content\/uploads\/2020\/11\/cropped-new-favicon-black.png","width":512,"height":512,"caption":"Strangercam"},"image":{"@id":"https:\/\/strangercam.com\/#\/schema\/logo\/image\/"},"sameAs":["https:\/\/www.facebook.com\/strangercam","https:\/\/x.com\/strangercamapp"]}]}},"_links":{"self":[{"href":"https:\/\/strangercam.com\/de\/wp-json\/wp\/v2\/pages\/8226","targetHints":{"allow":["GET"]}}],"collection":[{"href":"https:\/\/strangercam.com\/de\/wp-json\/wp\/v2\/pages"}],"about":[{"href":"https:\/\/strangercam.com\/de\/wp-json\/wp\/v2\/types\/page"}],"author":[{"embeddable":true,"href":"https:\/\/strangercam.com\/de\/wp-json\/wp\/v2\/users\/6"}],"replies":[{"embeddable":true,"href":"https:\/\/strangercam.com\/de\/wp-json\/wp\/v2\/comments?post=8226"}],"version-history":[{"count":0,"href":"https:\/\/strangercam.com\/de\/wp-json\/wp\/v2\/pages\/8226\/revisions"}],"wp:featuredmedia":[{"embeddable":true,"href":"https:\/\/strangercam.com\/de\/wp-json\/wp\/v2\/media\/559"}],"wp:attachment":[{"href":"https:\/\/strangercam.com\/de\/wp-json\/wp\/v2\/media?parent=8226"}],"curies":[{"name":"wp","href":"https:\/\/api.w.org\/{rel}","templated":true}]}}