{"id":80,"date":"2020-04-09T18:35:29","date_gmt":"2020-04-09T16:35:29","guid":{"rendered":"https:\/\/strangercam.com\/?page_id=80"},"modified":"2023-08-21T11:40:39","modified_gmt":"2023-08-21T09:40:39","slug":"chat-alternative","status":"publish","type":"page","link":"https:\/\/strangercam.com\/de\/chat-alternative\/","title":{"rendered":"Chat Alternative"},"content":{"rendered":"<p><a href=\"https:\/\/strangercam.com\/de\/chatroulette\/\">Chat<\/a> Alternative mobile App ist ideal f\u00fcr diejenigen, die <a href=\"https:\/\/strangercam.com\/de\/coomeet\/\">treffen<\/a> zuf\u00e4llige Fremde in verschiedenen Teilen der Welt mit Leichtigkeit. Es erm\u00f6glicht den Nutzern, eine <a href=\"https:\/\/strangercam.com\/de\/rabbit-video-chat\/\">Video-Chat<\/a> mit anderen von zu Hause aus. Au\u00dferdem findet die App t\u00e4glich Tausende von neuen Leuten, um die beste Erfahrung zu gew\u00e4hrleisten. Ein weiterer Punkt ist, dass die App Wege aufzeigt, um pers\u00f6nliche Gespr\u00e4che mit anderen zu f\u00fchren, die meilenweit von einem Ort entfernt leben.<\/p>\n<p>Au\u00dferdem bietet die App Methoden zur Eingrenzung der Ergebnisse, wenn jemand mit ausgew\u00e4hlten Fremden chatten m\u00f6chte<a href=\"https:\/\/cashpotresulttoday.com\/\">.<\/a> Sie k\u00f6nnen das Geschlecht und den Ort Ihrer Wahl w\u00e4hlen. Die Wahl des Geschlechts und des Ortes hat viele Vorteile. Manchmal m\u00f6chten Sie vielleicht mit Fremden eines bestimmten Landes und einer bestimmten Herkunft sprechen. Wenn Sie das Land Ihrer Wahl w\u00e4hlen, k\u00f6nnen Sie mit den Menschen sprechen, mit denen Sie sprechen m\u00f6chten.<\/p>\n<h2>Gr\u00fcnde f\u00fcr die Verwendung der Chat Alternative-App<\/h2>\n<h3>1. Erm\u00f6glicht es Nutzern, anonym mit anderen zu chatten<\/h3>\n<p>Der Hauptvorteil der Chat Alternative-App besteht darin, dass sie es den Nutzern erm\u00f6glicht, anonym mit anderen zu chatten, ohne ein Konto einzurichten<a href=\"https:\/\/nlcbplaywheresults.com\/\">.<\/a> In der Tat bietet die App die M\u00f6glichkeit, einfach auf die Schaltfl\u00e4che zu dr\u00fccken, die es einer Person erm\u00f6glicht, die Online-Nutzer mit Leichtigkeit zu durchsuchen. Wenn Sie das Vertrauen haben, dass die andere Person niemals herausfinden wird, wer Sie sind, ist das der Moment, in dem Sie anfangen, den Online-Videochat zu genie\u00dfen.<\/p>\n<h3>2. Chat Alternative hat die schnellsten Ladekameras mit der besten Qualit\u00e4t<\/h3>\n<p>Chat Alternative App kommt mit dem schnellsten Laden <a href=\"https:\/\/strangercam.com\/de\/camzey\/\">Nocken<\/a> die es den Nutzern erm\u00f6glichen, in kurzer Zeit mehr Menschen zu treffen. In der Tat bietet es die M\u00f6glichkeit, viele Fremde zu treffen, die helfen k\u00f6nnen, Ziele zu erreichen.<\/p>\n<p>Die Leute sagen, dass die Qualit\u00e4t keine Rolle spielt, aber das stimmt nicht. Um effektiv zu kommunizieren, ist eine gute Videoqualit\u00e4t erforderlich. Ohne eine gute Videoqualit\u00e4t k\u00f6nnen Sie nicht besser mit der Person am anderen Ende der Leitung kommunizieren.<\/p>\n<h4>W\u00e4hlen Sie das Land Ihrer Wahl<\/h4>\n<p>Die Auswahl des Landes Ihrer Wahl ist die gr\u00f6\u00dfte Flexibilit\u00e4t dieser Chat-App. Bevor Sie einen Video-Chat starten, k\u00f6nnen Sie das Land Ihrer Wahl ausw\u00e4hlen. Wenn du das Land ausw\u00e4hlst, leitet dich das intelligente System der App in Richtung des Verkehrs in diesem Land. Auf deinem Bildschirm werden dann die Menschen aus dem Zielland angezeigt. Sie k\u00f6nnen mit den Fremden in diesem Land sprechen.<\/p>\n<p>Dann k\u00f6nnen Sie die Personen ausw\u00e4hlen, die Sie am meisten m\u00f6gen. Sprechen Sie mit ihnen, wie Sie wollen. Wir stellen Ihnen Funktionen zur Verf\u00fcgung, die Ihre Konversation ankurbeln. Wenn Sie es interessant finden, k\u00f6nnen Sie das Gespr\u00e4ch fortsetzen; wenn nicht, gehen Sie zum n\u00e4chsten \u00fcber!<\/p>\n<h4>Berichten Sie, wenn Sie ein Problem haben<\/h4>\n<p>Die Hauptsorge von Menschen, die Online-Chat-Plattformen nutzen, ist die Privatsph\u00e4re und Probleme, wenn jemand etwas Unangemessenes tut. Zun\u00e4chst einmal sind dies in erster Linie falsche Vorstellungen \u00fcber Online-Chat-Plattformen. Wenn so etwas im wirklichen Leben passiert, w\u00e4hrend Sie die Online-App Chat Alternative Mobile nutzen, k\u00f6nnen Sie es direkt den Beh\u00f6rden melden.<\/p>\n<p>Es ist ein wirksames Mittel, um Menschen in Grenzen zu halten, denn wenn sie einmal gemeldet werden, k\u00f6nnen sie die Plattform nie wieder nutzen. Sie werden f\u00fcr immer gesperrt.<\/p>\n<h3>3. Chat Alternative ist absolut kostenlos<\/h3>\n<p>Die App ist f\u00fcr die Nutzer absolut kostenlos und erm\u00f6glicht es ihnen, ihr soziales Leben zu bereichern. Dar\u00fcber hinaus tr\u00e4gt sie noch mehr dazu bei, mit anderen \u00fcber verschiedene Themen zu chatten, die auf ihren Interessen basieren. Der kostenlose Video-Chat-Service erm\u00f6glicht es den Nutzern, lange Zeit ohne Einschr\u00e4nkungen zu chatten.<\/p>\n<p>Es gibt keine l\u00e4stigen Vertr\u00e4ge und In-App-K\u00e4ufe. Die Nutzung ist f\u00fcr jeden und \u00fcberall kostenlos!<\/p>\n<h3>4. Chat Alternative macht Spa\u00df<\/h3>\n<p>Nach der Covid-19-Pandemie und dem Lockdown h\u00e4ufen sich die F\u00e4lle von Depressionen. Jeder braucht einen Ausweg. Es ist wichtig, die verlorene Energie wiederzubeleben und einen neuen Lebensweg zu finden. Sprechen Sie ruhig mit Fremden, ohne sich Sorgen zu machen.<\/p>\n<p>Die Chat-Alternativ-App bietet Ihnen eine fantastische M\u00f6glichkeit, Ihren Geist zu entspannen. Sie k\u00f6nnen mit Fremden chatten, um Ihre Sorgen loszuwerden. Sprechen Sie mit Fremden und teilen Sie Ihre Erfahrungen mit ihnen. Sie k\u00f6nnen sich auch ihre Erfahrungen anh\u00f6ren und von ihnen lernen. Wenn Sie sonst nichts zu tun haben, sprechen Sie \u00fcber die neueste Netflix-Staffel.<\/p>\n<h3>5. Bietet mehr Sicherheit<\/h3>\n<p>Die ChatAlternative-App ist die einzige App, die Sicherheitsfunktionen f\u00fcr BenutzerInnen bietet, wenn sie mit anderen interagieren wollen. Sie ist die beliebteste G-bewertete\u00a0<a href=\"https:\/\/strangercam.com\/de\/bazoocam\/\">Nocken<\/a> Chat-Dienst, der auf den M\u00e4rkten verf\u00fcgbar ist, die nicht mit Grafiken arbeiten. Au\u00dferdem erm\u00f6glicht es die App, einen Chatraum mit mehr Schutz zu betreten. Auch viele Jugendliche nutzen den Dienst gerne, da er ihnen ein besseres Chaterlebnis erm\u00f6glicht.<\/p>\n<h2>Wie kann man die App herunterladen?<\/h2>\n<p>Nutzer k\u00f6nnen die Chat Alternative-App direkt aus dem Google Play Store herunterladen und in einfachen Schritten auf ihren Smartphones oder anderen Ger\u00e4ten installieren. Mit der App k\u00f6nnen Nutzer einfach auf die Starttaste tippen und potenzielle Fremde anhand der Auswahlm\u00f6glichkeiten ausw\u00e4hlen. Dar\u00fcber hinaus funktioniert die App auch aus der Ferne, um je nach Bedarf Freunde zu finden. Nach der Installation der App ist es m\u00f6glich, schneller mit anderen zu kommunizieren. Wer die App installieren m\u00f6chte, sollte sich \u00fcber die Voraussetzungen im Detail informieren.<\/p>\n<h2>Schlussfolgerung<\/h2>\n<p>Die Handy-App Chat Alternative ist eine gute Option, um mit Fremden zu sprechen. Sie ist v\u00f6llig kostenlos f\u00fcr alle. Alles, was Sie brauchen, ist eine aktive Internetverbindung. W\u00e4hlen Sie die Sprache, die Region und das Geschlecht, an dem Sie interessiert sind, und los geht's! Eine strenge Datenschutzrichtlinie und eine benutzerfreundliche Oberfl\u00e4che machen diese App so interessant!<\/p>","protected":false},"excerpt":{"rendered":"<p>Chat Alternative mobile app is ideal for those who want to meet random strangers in various parts of the world with ease. It allows users to have a video chat with others from their homes. Moreover, the app finds thousands of new people daily to ensure the best experience. Another thing is that the app [&hellip;]<\/p>\n","protected":false},"author":6,"featured_media":559,"parent":0,"menu_order":0,"comment_status":"closed","ping_status":"closed","template":"","meta":{"footnotes":""},"class_list":["post-80","page","type-page","status-publish","has-post-thumbnail","hentry"],"yoast_head":"<!-- This site is optimized with the Yoast SEO plugin v26.9 - https:\/\/yoast.com\/product\/yoast-seo-wordpress\/ -->\n<title>Chat Alternative - Cam with Strangers on StrangerCam.com<\/title>\n<meta name=\"description\" content=\"Like Chat Alternative? Come chat with more than 5.000.000 strangers on Stranger Cam for Free! Turn on your cam and find new friends!\" \/>\n<meta name=\"robots\" content=\"index, follow, max-snippet:-1, max-image-preview:large, max-video-preview:-1\" \/>\n<link rel=\"canonical\" href=\"https:\/\/strangercam.com\/de\/chat-alternative\/\" \/>\n<meta property=\"og:locale\" content=\"de_DE\" \/>\n<meta property=\"og:type\" content=\"article\" \/>\n<meta property=\"og:title\" content=\"Chat Alternative - Cam with Strangers on StrangerCam.com\" \/>\n<meta property=\"og:description\" content=\"Like Chat Alternative? Come chat with more than 5.000.000 strangers on Stranger Cam for Free! Turn on your cam and find new friends!\" \/>\n<meta property=\"og:url\" content=\"https:\/\/strangercam.com\/de\/chat-alternative\/\" \/>\n<meta property=\"og:site_name\" content=\"Strangercam\" \/>\n<meta property=\"article:publisher\" content=\"https:\/\/www.facebook.com\/strangercam\" \/>\n<meta property=\"article:modified_time\" content=\"2023-08-21T09:40:39+00:00\" \/>\n<meta property=\"og:image\" content=\"https:\/\/strangercam.com\/wp-content\/uploads\/2020\/11\/stranger-cam-1.png\" \/>\n\t<meta property=\"og:image:width\" content=\"800\" \/>\n\t<meta property=\"og:image:height\" content=\"800\" \/>\n\t<meta property=\"og:image:type\" content=\"image\/png\" \/>\n<meta name=\"twitter:card\" content=\"summary_large_image\" \/>\n<meta name=\"twitter:site\" content=\"@strangercamapp\" \/>\n<meta name=\"twitter:label1\" content=\"Gesch\u00e4tzte Lesezeit\" \/>\n\t<meta name=\"twitter:data1\" content=\"4\u00a0Minuten\" \/>\n<script type=\"application\/ld+json\" class=\"yoast-schema-graph\">{\"@context\":\"https:\/\/schema.org\",\"@graph\":[{\"@type\":\"WebPage\",\"@id\":\"https:\/\/strangercam.com\/chat-alternative\/\",\"url\":\"https:\/\/strangercam.com\/chat-alternative\/\",\"name\":\"Chat Alternative - Cam with Strangers on StrangerCam.com\",\"isPartOf\":{\"@id\":\"https:\/\/strangercam.com\/#website\"},\"primaryImageOfPage\":{\"@id\":\"https:\/\/strangercam.com\/chat-alternative\/#primaryimage\"},\"image\":{\"@id\":\"https:\/\/strangercam.com\/chat-alternative\/#primaryimage\"},\"thumbnailUrl\":\"https:\/\/strangercam.com\/wp-content\/uploads\/2020\/11\/stranger-cam-1.png\",\"datePublished\":\"2020-04-09T16:35:29+00:00\",\"dateModified\":\"2023-08-21T09:40:39+00:00\",\"description\":\"Like Chat Alternative? Come chat with more than 5.000.000 strangers on Stranger Cam for Free! Turn on your cam and find new friends!\",\"breadcrumb\":{\"@id\":\"https:\/\/strangercam.com\/chat-alternative\/#breadcrumb\"},\"inLanguage\":\"de\",\"potentialAction\":[{\"@type\":\"ReadAction\",\"target\":[\"https:\/\/strangercam.com\/chat-alternative\/\"]}]},{\"@type\":\"ImageObject\",\"inLanguage\":\"de\",\"@id\":\"https:\/\/strangercam.com\/chat-alternative\/#primaryimage\",\"url\":\"https:\/\/strangercam.com\/wp-content\/uploads\/2020\/11\/stranger-cam-1.png\",\"contentUrl\":\"https:\/\/strangercam.com\/wp-content\/uploads\/2020\/11\/stranger-cam-1.png\",\"width\":800,\"height\":800,\"caption\":\"stranger cam random video chat\"},{\"@type\":\"BreadcrumbList\",\"@id\":\"https:\/\/strangercam.com\/chat-alternative\/#breadcrumb\",\"itemListElement\":[{\"@type\":\"ListItem\",\"position\":1,\"name\":\"Home\",\"item\":\"https:\/\/strangercam.com\/\"},{\"@type\":\"ListItem\",\"position\":2,\"name\":\"Chat Alternative\"}]},{\"@type\":\"WebSite\",\"@id\":\"https:\/\/strangercam.com\/#website\",\"url\":\"https:\/\/strangercam.com\/\",\"name\":\"Strangercam\",\"description\":\"Random Video Chat with Strangers\",\"publisher\":{\"@id\":\"https:\/\/strangercam.com\/#organization\"},\"alternateName\":\"Strangercam.com\",\"potentialAction\":[{\"@type\":\"SearchAction\",\"target\":{\"@type\":\"EntryPoint\",\"urlTemplate\":\"https:\/\/strangercam.com\/?s={search_term_string}\"},\"query-input\":{\"@type\":\"PropertyValueSpecification\",\"valueRequired\":true,\"valueName\":\"search_term_string\"}}],\"inLanguage\":\"de\"},{\"@type\":\"Organization\",\"@id\":\"https:\/\/strangercam.com\/#organization\",\"name\":\"Strangercam\",\"alternateName\":\"Strangercam.com\",\"url\":\"https:\/\/strangercam.com\/\",\"logo\":{\"@type\":\"ImageObject\",\"inLanguage\":\"de\",\"@id\":\"https:\/\/strangercam.com\/#\/schema\/logo\/image\/\",\"url\":\"https:\/\/strangercam.com\/wp-content\/uploads\/2020\/11\/cropped-new-favicon-black.png\",\"contentUrl\":\"https:\/\/strangercam.com\/wp-content\/uploads\/2020\/11\/cropped-new-favicon-black.png\",\"width\":512,\"height\":512,\"caption\":\"Strangercam\"},\"image\":{\"@id\":\"https:\/\/strangercam.com\/#\/schema\/logo\/image\/\"},\"sameAs\":[\"https:\/\/www.facebook.com\/strangercam\",\"https:\/\/x.com\/strangercamapp\"]}]}<\/script>\n<!-- \/ Yoast SEO plugin. -->","yoast_head_json":{"title":"Chat Alternative - Cam mit Fremden auf StrangerCam.com","description":"Gef\u00e4llt dir Chat Alternative? Chatte mit mehr als 5.000.000 Fremden auf Stranger Cam - kostenlos! Schalte deine Kamera ein und finde neue Freunde!","robots":{"index":"index","follow":"follow","max-snippet":"max-snippet:-1","max-image-preview":"max-image-preview:large","max-video-preview":"max-video-preview:-1"},"canonical":"https:\/\/strangercam.com\/de\/chat-alternative\/","og_locale":"de_DE","og_type":"article","og_title":"Chat Alternative - Cam with Strangers on StrangerCam.com","og_description":"Like Chat Alternative? Come chat with more than 5.000.000 strangers on Stranger Cam for Free! Turn on your cam and find new friends!","og_url":"https:\/\/strangercam.com\/de\/chat-alternative\/","og_site_name":"Strangercam","article_publisher":"https:\/\/www.facebook.com\/strangercam","article_modified_time":"2023-08-21T09:40:39+00:00","og_image":[{"width":800,"height":800,"url":"https:\/\/strangercam.com\/wp-content\/uploads\/2020\/11\/stranger-cam-1.png","type":"image\/png"}],"twitter_card":"summary_large_image","twitter_site":"@strangercamapp","twitter_misc":{"Gesch\u00e4tzte Lesezeit":"4\u00a0Minuten"},"schema":{"@context":"https:\/\/schema.org","@graph":[{"@type":"WebPage","@id":"https:\/\/strangercam.com\/chat-alternative\/","url":"https:\/\/strangercam.com\/chat-alternative\/","name":"Chat Alternative - Cam mit Fremden auf StrangerCam.com","isPartOf":{"@id":"https:\/\/strangercam.com\/#website"},"primaryImageOfPage":{"@id":"https:\/\/strangercam.com\/chat-alternative\/#primaryimage"},"image":{"@id":"https:\/\/strangercam.com\/chat-alternative\/#primaryimage"},"thumbnailUrl":"https:\/\/strangercam.com\/wp-content\/uploads\/2020\/11\/stranger-cam-1.png","datePublished":"2020-04-09T16:35:29+00:00","dateModified":"2023-08-21T09:40:39+00:00","description":"Gef\u00e4llt dir Chat Alternative? Chatte mit mehr als 5.000.000 Fremden auf Stranger Cam - kostenlos! Schalte deine Kamera ein und finde neue Freunde!","breadcrumb":{"@id":"https:\/\/strangercam.com\/chat-alternative\/#breadcrumb"},"inLanguage":"de","potentialAction":[{"@type":"ReadAction","target":["https:\/\/strangercam.com\/chat-alternative\/"]}]},{"@type":"ImageObject","inLanguage":"de","@id":"https:\/\/strangercam.com\/chat-alternative\/#primaryimage","url":"https:\/\/strangercam.com\/wp-content\/uploads\/2020\/11\/stranger-cam-1.png","contentUrl":"https:\/\/strangercam.com\/wp-content\/uploads\/2020\/11\/stranger-cam-1.png","width":800,"height":800,"caption":"stranger cam random video chat"},{"@type":"BreadcrumbList","@id":"https:\/\/strangercam.com\/chat-alternative\/#breadcrumb","itemListElement":[{"@type":"ListItem","position":1,"name":"Home","item":"https:\/\/strangercam.com\/"},{"@type":"ListItem","position":2,"name":"Chat Alternative"}]},{"@type":"WebSite","@id":"https:\/\/strangercam.com\/#website","url":"https:\/\/strangercam.com\/","name":"Strangercam","description":"Zuf\u00e4lliger Video-Chat mit Fremden","publisher":{"@id":"https:\/\/strangercam.com\/#organization"},"alternateName":"Strangercam.com","potentialAction":[{"@type":"SearchAction","target":{"@type":"EntryPoint","urlTemplate":"https:\/\/strangercam.com\/?s={search_term_string}"},"query-input":{"@type":"PropertyValueSpecification","valueRequired":true,"valueName":"search_term_string"}}],"inLanguage":"de"},{"@type":"Organization","@id":"https:\/\/strangercam.com\/#organization","name":"Strangercam","alternateName":"Strangercam.com","url":"https:\/\/strangercam.com\/","logo":{"@type":"ImageObject","inLanguage":"de","@id":"https:\/\/strangercam.com\/#\/schema\/logo\/image\/","url":"https:\/\/strangercam.com\/wp-content\/uploads\/2020\/11\/cropped-new-favicon-black.png","contentUrl":"https:\/\/strangercam.com\/wp-content\/uploads\/2020\/11\/cropped-new-favicon-black.png","width":512,"height":512,"caption":"Strangercam"},"image":{"@id":"https:\/\/strangercam.com\/#\/schema\/logo\/image\/"},"sameAs":["https:\/\/www.facebook.com\/strangercam","https:\/\/x.com\/strangercamapp"]}]}},"_links":{"self":[{"href":"https:\/\/strangercam.com\/de\/wp-json\/wp\/v2\/pages\/80","targetHints":{"allow":["GET"]}}],"collection":[{"href":"https:\/\/strangercam.com\/de\/wp-json\/wp\/v2\/pages"}],"about":[{"href":"https:\/\/strangercam.com\/de\/wp-json\/wp\/v2\/types\/page"}],"author":[{"embeddable":true,"href":"https:\/\/strangercam.com\/de\/wp-json\/wp\/v2\/users\/6"}],"replies":[{"embeddable":true,"href":"https:\/\/strangercam.com\/de\/wp-json\/wp\/v2\/comments?post=80"}],"version-history":[{"count":0,"href":"https:\/\/strangercam.com\/de\/wp-json\/wp\/v2\/pages\/80\/revisions"}],"wp:featuredmedia":[{"embeddable":true,"href":"https:\/\/strangercam.com\/de\/wp-json\/wp\/v2\/media\/559"}],"wp:attachment":[{"href":"https:\/\/strangercam.com\/de\/wp-json\/wp\/v2\/media?parent=80"}],"curies":[{"name":"wp","href":"https:\/\/api.w.org\/{rel}","templated":true}]}}