{"id":7865,"date":"2021-09-17T14:33:59","date_gmt":"2021-09-17T12:33:59","guid":{"rendered":"https:\/\/strangercam.com\/?page_id=7865"},"modified":"2023-08-21T12:41:23","modified_gmt":"2023-08-21T10:41:23","slug":"talk-with-stranger","status":"publish","type":"page","link":"https:\/\/strangercam.com\/de\/talk-with-stranger\/","title":{"rendered":"Talk With Stranger"},"content":{"rendered":"<p>Das Internet hat die Art und Weise, wie Menschen miteinander kommunizieren, revolutioniert. Die Menschen besch\u00e4ftigen sich mehr denn je mit ihren Smartphones, zeichnen Informationen auf und teilen sie mit <a href=\"https:\/\/strangercam.com\/de\/1v1-chat\/\">eine<\/a> eine andere. Das Internet bietet viele Vorteile <a href=\"https:\/\/strangercam.com\/de\/chatingly\/\">Chatten<\/a>. Sie k\u00f6nnen <a href=\"https:\/\/strangercam.com\/de\/coomeet\/\">treffen<\/a> Menschen mit \u00e4hnlichen Interessen und st\u00e4rkt Ihr Selbstvertrauen. Au\u00dferdem k\u00f6nnen Sie so mit Ihren Lieben in Kontakt bleiben.\u00a0<b>Talk With Stranger <\/b>ist sowohl f\u00fcr Jugendliche als auch f\u00fcr Erwachsene verf\u00fcgbar. Um sicher zu sein, m\u00fcssen Sie die notwendigen Vorsichtsma\u00dfnahmen treffen.<\/p>\n<h2>Online-Chatten<\/h2>\n<ul>\n<li>Online-Chatportale erm\u00f6glichen es Ihnen, neue Leute kennenzulernen. Auf Online-Chatportalen k\u00f6nnen Sie zu jeder Tages- und Nachtzeit Leute kennen lernen. Au\u00dferdem k\u00f6nnen Sie jedes Portal und jede Gruppe w\u00e4hlen, die Sie interessiert. Und das Beste daran: Sie m\u00fcssen nicht einmal Ihr Haus verlassen, um Ihr Ziel zu erreichen. Sie k\u00f6nnen einfach Ihr Telefon oder Ihren Laptop benutzen, um mit anderen \u00fcber <b>Talk With Stranger<\/b>.<\/li>\n<li>Selbstvertrauen und Selbstwertgef\u00fchl: Online-Chats mit Fremden k\u00f6nnen Ihr Selbstvertrauen und Ihr Selbstwertgef\u00fchl st\u00e4rken. Wenn Sie sich einsam f\u00fchlen oder ein gebrochenes Herz haben, ist dies umso wichtiger. Manche Menschen betrachten Online-Chats als eine vor\u00fcbergehende L\u00f6sung. Vielleicht finden Sie jemanden, der Ihnen helfen kann, Ihr sch\u00f6nes L\u00e4cheln wiederzuerlangen, das Sie durch eine Scheidung oder den Tod eines geliebten Menschen verloren haben.<\/li>\n<li>Bleiben Sie in Kontakt: Es gibt eine hohe <a href=\"https:\/\/strangercam.com\/de\/chatbychance\/\">Chance<\/a> den Aufbau guter Beziehungen durch <b>Talk With Stranger<\/b>. Sie k\u00f6nnen \u00fcberall auf der Welt Freundschaften schlie\u00dfen, unabh\u00e4ngig von Alter oder Geschlecht. Sie k\u00f6nnen von zu Hause oder von unterwegs aus online gehen. Alles, was Sie brauchen, ist ein Internetzugang und ein g\u00fcltiger Ausweis. Um \u00fcber das Online-Portal auf Ihr Konto zuzugreifen, k\u00f6nnen Sie stundenlang chatten, ohne sich um lange Rechnungen zu k\u00fcmmern. Die moderne Technik hat es m\u00f6glich gemacht, \u00fcber gr\u00f6\u00dfere Entfernungen zu kommunizieren.<\/li>\n<li>Finden Sie Menschen mit \u00e4hnlichen Interessen, indem Sie eine Suche durchf\u00fchren. Es gibt viele Social-Networking-Sites, die verschiedene Kategorien anbieten. Sie k\u00f6nnen <a href=\"https:\/\/strangercam.com\/de\/chatroulette\/\">Chat<\/a> je nach Ihren Interessen. Sie k\u00f6nnen auch Foren f\u00fcr Sport, Wirtschaft und Sammlungen sowie Foren f\u00fcr Heimwerker-, Hobby- und Gesch\u00e4ftsthemen finden. Es gibt viele M\u00f6glichkeiten, und die Liste ist endlos. Sie k\u00f6nnen je nach Lust und Laune w\u00e4hlen.<\/li>\n<\/ul>\n<p>Verbinden mit <b>Talk With Stranger<\/b>\u00a0erm\u00f6glicht es Ihnen, neue Kenntnisse, Techniken und Informationen zu erwerben, die Sie interessieren.<\/p>","protected":false},"excerpt":{"rendered":"<p>The internet has revolutionized how people communicate with each other.\u00a0People are more engaged with their smartphones than ever, charting and sharing information with one another.\u00a0There are many benefits to online chatting.\u00a0You can meet people with similar interests and it boosts your confidence. It also allows you to keep in touch with your loved ones.\u00a0Talk With [&hellip;]<\/p>\n","protected":false},"author":6,"featured_media":559,"parent":0,"menu_order":0,"comment_status":"closed","ping_status":"closed","template":"","meta":{"footnotes":""},"class_list":["post-7865","page","type-page","status-publish","has-post-thumbnail","hentry"],"yoast_head":"<!-- This site is optimized with the Yoast SEO plugin v26.9 - https:\/\/yoast.com\/product\/yoast-seo-wordpress\/ -->\n<title>Talk With Stranger - Anonymous Chat For Two - Cam on StrangerCam.com<\/title>\n<meta name=\"description\" content=\"Like Talk With Stranger? Come chat with more than 5.000.000 strangers on Stranger Cam for Free! Turn on your cam and find new friends &amp; maby a match!\" \/>\n<meta name=\"robots\" content=\"index, follow, max-snippet:-1, max-image-preview:large, max-video-preview:-1\" \/>\n<link rel=\"canonical\" href=\"https:\/\/strangercam.com\/de\/talk-with-stranger\/\" \/>\n<meta property=\"og:locale\" content=\"de_DE\" \/>\n<meta property=\"og:type\" content=\"article\" \/>\n<meta property=\"og:title\" content=\"Talk With Stranger - Anonymous Chat For Two - Cam on StrangerCam.com\" \/>\n<meta property=\"og:description\" content=\"Like Talk With Stranger? Come chat with more than 5.000.000 strangers on Stranger Cam for Free! Turn on your cam and find new friends &amp; maby a match!\" \/>\n<meta property=\"og:url\" content=\"https:\/\/strangercam.com\/de\/talk-with-stranger\/\" \/>\n<meta property=\"og:site_name\" content=\"Strangercam\" \/>\n<meta property=\"article:publisher\" content=\"https:\/\/www.facebook.com\/strangercam\" \/>\n<meta property=\"article:modified_time\" content=\"2023-08-21T10:41:23+00:00\" \/>\n<meta property=\"og:image\" content=\"https:\/\/strangercam.com\/wp-content\/uploads\/2020\/11\/stranger-cam-1.png\" \/>\n\t<meta property=\"og:image:width\" content=\"800\" \/>\n\t<meta property=\"og:image:height\" content=\"800\" \/>\n\t<meta property=\"og:image:type\" content=\"image\/png\" \/>\n<meta name=\"twitter:card\" content=\"summary_large_image\" \/>\n<meta name=\"twitter:site\" content=\"@strangercamapp\" \/>\n<meta name=\"twitter:label1\" content=\"Gesch\u00e4tzte Lesezeit\" \/>\n\t<meta name=\"twitter:data1\" content=\"2\u00a0Minuten\" \/>\n<script type=\"application\/ld+json\" class=\"yoast-schema-graph\">{\"@context\":\"https:\/\/schema.org\",\"@graph\":[{\"@type\":\"WebPage\",\"@id\":\"https:\/\/strangercam.com\/talk-with-stranger\/\",\"url\":\"https:\/\/strangercam.com\/talk-with-stranger\/\",\"name\":\"Talk With Stranger - Anonymous Chat For Two - Cam on StrangerCam.com\",\"isPartOf\":{\"@id\":\"https:\/\/strangercam.com\/#website\"},\"primaryImageOfPage\":{\"@id\":\"https:\/\/strangercam.com\/talk-with-stranger\/#primaryimage\"},\"image\":{\"@id\":\"https:\/\/strangercam.com\/talk-with-stranger\/#primaryimage\"},\"thumbnailUrl\":\"https:\/\/strangercam.com\/wp-content\/uploads\/2020\/11\/stranger-cam-1.png\",\"datePublished\":\"2021-09-17T12:33:59+00:00\",\"dateModified\":\"2023-08-21T10:41:23+00:00\",\"description\":\"Like Talk With Stranger? Come chat with more than 5.000.000 strangers on Stranger Cam for Free! Turn on your cam and find new friends & maby a match!\",\"breadcrumb\":{\"@id\":\"https:\/\/strangercam.com\/talk-with-stranger\/#breadcrumb\"},\"inLanguage\":\"de\",\"potentialAction\":[{\"@type\":\"ReadAction\",\"target\":[\"https:\/\/strangercam.com\/talk-with-stranger\/\"]}]},{\"@type\":\"ImageObject\",\"inLanguage\":\"de\",\"@id\":\"https:\/\/strangercam.com\/talk-with-stranger\/#primaryimage\",\"url\":\"https:\/\/strangercam.com\/wp-content\/uploads\/2020\/11\/stranger-cam-1.png\",\"contentUrl\":\"https:\/\/strangercam.com\/wp-content\/uploads\/2020\/11\/stranger-cam-1.png\",\"width\":800,\"height\":800,\"caption\":\"stranger cam random video chat\"},{\"@type\":\"BreadcrumbList\",\"@id\":\"https:\/\/strangercam.com\/talk-with-stranger\/#breadcrumb\",\"itemListElement\":[{\"@type\":\"ListItem\",\"position\":1,\"name\":\"Home\",\"item\":\"https:\/\/strangercam.com\/\"},{\"@type\":\"ListItem\",\"position\":2,\"name\":\"Talk With Stranger\"}]},{\"@type\":\"WebSite\",\"@id\":\"https:\/\/strangercam.com\/#website\",\"url\":\"https:\/\/strangercam.com\/\",\"name\":\"Strangercam\",\"description\":\"Random Video Chat with Strangers\",\"publisher\":{\"@id\":\"https:\/\/strangercam.com\/#organization\"},\"alternateName\":\"Strangercam.com\",\"potentialAction\":[{\"@type\":\"SearchAction\",\"target\":{\"@type\":\"EntryPoint\",\"urlTemplate\":\"https:\/\/strangercam.com\/?s={search_term_string}\"},\"query-input\":{\"@type\":\"PropertyValueSpecification\",\"valueRequired\":true,\"valueName\":\"search_term_string\"}}],\"inLanguage\":\"de\"},{\"@type\":\"Organization\",\"@id\":\"https:\/\/strangercam.com\/#organization\",\"name\":\"Strangercam\",\"alternateName\":\"Strangercam.com\",\"url\":\"https:\/\/strangercam.com\/\",\"logo\":{\"@type\":\"ImageObject\",\"inLanguage\":\"de\",\"@id\":\"https:\/\/strangercam.com\/#\/schema\/logo\/image\/\",\"url\":\"https:\/\/strangercam.com\/wp-content\/uploads\/2020\/11\/cropped-new-favicon-black.png\",\"contentUrl\":\"https:\/\/strangercam.com\/wp-content\/uploads\/2020\/11\/cropped-new-favicon-black.png\",\"width\":512,\"height\":512,\"caption\":\"Strangercam\"},\"image\":{\"@id\":\"https:\/\/strangercam.com\/#\/schema\/logo\/image\/\"},\"sameAs\":[\"https:\/\/www.facebook.com\/strangercam\",\"https:\/\/x.com\/strangercamapp\"]}]}<\/script>\n<!-- \/ Yoast SEO plugin. -->","yoast_head_json":{"title":"Talk With Stranger - Anonymer Chat f\u00fcr zwei - Cam auf StrangerCam.com","description":"Gef\u00e4llt dir Talk With Stranger? Komm und chatte mit mehr als 5.000.000 Fremden auf Stranger Cam kostenlos! Schalte deine Kamera ein und finde neue Freunde und vielleicht einen Partner!","robots":{"index":"index","follow":"follow","max-snippet":"max-snippet:-1","max-image-preview":"max-image-preview:large","max-video-preview":"max-video-preview:-1"},"canonical":"https:\/\/strangercam.com\/de\/talk-with-stranger\/","og_locale":"de_DE","og_type":"article","og_title":"Talk With Stranger - Anonymous Chat For Two - Cam on StrangerCam.com","og_description":"Like Talk With Stranger? Come chat with more than 5.000.000 strangers on Stranger Cam for Free! Turn on your cam and find new friends & maby a match!","og_url":"https:\/\/strangercam.com\/de\/talk-with-stranger\/","og_site_name":"Strangercam","article_publisher":"https:\/\/www.facebook.com\/strangercam","article_modified_time":"2023-08-21T10:41:23+00:00","og_image":[{"width":800,"height":800,"url":"https:\/\/strangercam.com\/wp-content\/uploads\/2020\/11\/stranger-cam-1.png","type":"image\/png"}],"twitter_card":"summary_large_image","twitter_site":"@strangercamapp","twitter_misc":{"Gesch\u00e4tzte Lesezeit":"2\u00a0Minuten"},"schema":{"@context":"https:\/\/schema.org","@graph":[{"@type":"WebPage","@id":"https:\/\/strangercam.com\/talk-with-stranger\/","url":"https:\/\/strangercam.com\/talk-with-stranger\/","name":"Talk With Stranger - Anonymer Chat f\u00fcr zwei - Cam auf StrangerCam.com","isPartOf":{"@id":"https:\/\/strangercam.com\/#website"},"primaryImageOfPage":{"@id":"https:\/\/strangercam.com\/talk-with-stranger\/#primaryimage"},"image":{"@id":"https:\/\/strangercam.com\/talk-with-stranger\/#primaryimage"},"thumbnailUrl":"https:\/\/strangercam.com\/wp-content\/uploads\/2020\/11\/stranger-cam-1.png","datePublished":"2021-09-17T12:33:59+00:00","dateModified":"2023-08-21T10:41:23+00:00","description":"Gef\u00e4llt dir Talk With Stranger? Komm und chatte mit mehr als 5.000.000 Fremden auf Stranger Cam kostenlos! Schalte deine Kamera ein und finde neue Freunde und vielleicht einen Partner!","breadcrumb":{"@id":"https:\/\/strangercam.com\/talk-with-stranger\/#breadcrumb"},"inLanguage":"de","potentialAction":[{"@type":"ReadAction","target":["https:\/\/strangercam.com\/talk-with-stranger\/"]}]},{"@type":"ImageObject","inLanguage":"de","@id":"https:\/\/strangercam.com\/talk-with-stranger\/#primaryimage","url":"https:\/\/strangercam.com\/wp-content\/uploads\/2020\/11\/stranger-cam-1.png","contentUrl":"https:\/\/strangercam.com\/wp-content\/uploads\/2020\/11\/stranger-cam-1.png","width":800,"height":800,"caption":"stranger cam random video chat"},{"@type":"BreadcrumbList","@id":"https:\/\/strangercam.com\/talk-with-stranger\/#breadcrumb","itemListElement":[{"@type":"ListItem","position":1,"name":"Home","item":"https:\/\/strangercam.com\/"},{"@type":"ListItem","position":2,"name":"Talk With Stranger"}]},{"@type":"WebSite","@id":"https:\/\/strangercam.com\/#website","url":"https:\/\/strangercam.com\/","name":"Strangercam","description":"Zuf\u00e4lliger Video-Chat mit Fremden","publisher":{"@id":"https:\/\/strangercam.com\/#organization"},"alternateName":"Strangercam.com","potentialAction":[{"@type":"SearchAction","target":{"@type":"EntryPoint","urlTemplate":"https:\/\/strangercam.com\/?s={search_term_string}"},"query-input":{"@type":"PropertyValueSpecification","valueRequired":true,"valueName":"search_term_string"}}],"inLanguage":"de"},{"@type":"Organization","@id":"https:\/\/strangercam.com\/#organization","name":"Strangercam","alternateName":"Strangercam.com","url":"https:\/\/strangercam.com\/","logo":{"@type":"ImageObject","inLanguage":"de","@id":"https:\/\/strangercam.com\/#\/schema\/logo\/image\/","url":"https:\/\/strangercam.com\/wp-content\/uploads\/2020\/11\/cropped-new-favicon-black.png","contentUrl":"https:\/\/strangercam.com\/wp-content\/uploads\/2020\/11\/cropped-new-favicon-black.png","width":512,"height":512,"caption":"Strangercam"},"image":{"@id":"https:\/\/strangercam.com\/#\/schema\/logo\/image\/"},"sameAs":["https:\/\/www.facebook.com\/strangercam","https:\/\/x.com\/strangercamapp"]}]}},"_links":{"self":[{"href":"https:\/\/strangercam.com\/de\/wp-json\/wp\/v2\/pages\/7865","targetHints":{"allow":["GET"]}}],"collection":[{"href":"https:\/\/strangercam.com\/de\/wp-json\/wp\/v2\/pages"}],"about":[{"href":"https:\/\/strangercam.com\/de\/wp-json\/wp\/v2\/types\/page"}],"author":[{"embeddable":true,"href":"https:\/\/strangercam.com\/de\/wp-json\/wp\/v2\/users\/6"}],"replies":[{"embeddable":true,"href":"https:\/\/strangercam.com\/de\/wp-json\/wp\/v2\/comments?post=7865"}],"version-history":[{"count":0,"href":"https:\/\/strangercam.com\/de\/wp-json\/wp\/v2\/pages\/7865\/revisions"}],"wp:featuredmedia":[{"embeddable":true,"href":"https:\/\/strangercam.com\/de\/wp-json\/wp\/v2\/media\/559"}],"wp:attachment":[{"href":"https:\/\/strangercam.com\/de\/wp-json\/wp\/v2\/media?parent=7865"}],"curies":[{"name":"wp","href":"https:\/\/api.w.org\/{rel}","templated":true}]}}