{"id":7627,"date":"2021-09-09T14:07:26","date_gmt":"2021-09-09T12:07:26","guid":{"rendered":"https:\/\/strangercam.com\/?page_id=7627"},"modified":"2023-08-21T11:40:39","modified_gmt":"2023-08-21T09:40:39","slug":"chateasy","status":"publish","type":"page","link":"https:\/\/strangercam.com\/de\/chateasy\/","title":{"rendered":"Chateasy"},"content":{"rendered":"<h2>Was sind die Vorteile und Merkmale von Chateasy?<\/h2>\n<p>Das Aufkommen des Hochgeschwindigkeitsinternets und zahlreicher <a href=\"https:\/\/strangercam.com\/de\/chatingly\/\">Chatten<\/a> Portale haben die Art und Weise, wie Menschen mit dem Internet interagieren, v\u00f6llig ver\u00e4ndert. <a href=\"https:\/\/strangercam.com\/de\/1v1-chat\/\">eine<\/a> eine andere. Heutzutage sind die Menschen mehr mit ihren Smartphones besch\u00e4ftigt, um mit anderen zu chatten. Das Online-Chatten bietet zahlreiche Vorteile. Man lernt Menschen mit \u00e4hnlichen Interessen kennen, st\u00e4rkt sein Selbstvertrauen und kann mit seinen Liebsten in Kontakt bleiben. Jugendliche und Erwachsene k\u00f6nnen von den Vorteilen profitieren, die das <b>chateasy<\/b>. Aber Sie m\u00fcssen angemessene Vorsichtsma\u00dfnahmen ergreifen, um sicher zu sein.<\/p>\n<p><i>Vorteile des Online-Chatings<\/i><\/p>\n<ul>\n<li style=\"font-weight: 400;\" aria-level=\"1\"><a href=\"https:\/\/strangercam.com\/de\/coomeet\/\">Treffen Sie<\/a> neue Leute: Dies ist einer der offensichtlichsten Vorteile von Online-Chatportalen. Sie k\u00f6nnen sie online treffen, wann immer Sie wollen und zu jeder Tages- und Nachtzeit. Sie k\u00f6nnen auch ein beliebiges Portal Ihrer Wahl und Ihrer Interessengruppe w\u00e4hlen. Das Beste daran ist, dass Sie dieses Ziel erreichen k\u00f6nnen, ohne Ihr Haus verlassen zu m\u00fcssen. Verwenden Sie einfach Ihren Laptop oder Ihr Telefon, um sich mit anderen \u00fcber <b>chateasy<\/b>.<\/li>\n<li style=\"font-weight: 400;\" aria-level=\"1\">Selbstwertgef\u00fchl und Selbstvertrauen: Das Chatten mit Fremden im Internet st\u00e4rkt Ihr Selbstwertgef\u00fchl und Ihr Selbstvertrauen. Das gilt umso mehr, wenn man ein gebrochenes Herz hat und sich einsam f\u00fchlt. Einige halten Online-Chats f\u00fcr eine Art Notl\u00f6sung. Ein paar Fremde k\u00f6nnen Ihnen helfen, das wunderbare L\u00e4cheln wiederzuerlangen, das Sie nach einer Scheidung oder dem Tod eines geliebten Menschen verloren haben k\u00f6nnten.<\/li>\n<li style=\"font-weight: 400;\" aria-level=\"1\">Bleiben Sie in Kontakt: Die Chancen, gute Beziehungen zu entwickeln, sind sehr gro\u00df durch <b>chateasy<\/b>. Das hei\u00dft, Sie k\u00f6nnen sich mit jeder Person jeden Alters und Geschlechts aus jedem Teil der Welt anfreunden. Online-Portale erm\u00f6glichen es Ihnen, bequem von zu Hause aus oder sogar von unterwegs aus in Verbindung zu bleiben. Sie brauchen nur ein Smartphone und eine Internetverbindung sowie einen g\u00fcltigen Ausweis, um auf Ihr Konto im Online-Portal zuzugreifen. Sie k\u00f6nnen <a href=\"https:\/\/strangercam.com\/de\/chatroulette\/\">Chat<\/a> f\u00fcr mehrere Stunden, ohne sich um lange Rechnungen k\u00fcmmern zu m\u00fcssen. Die Wahrheit ist, dass die moderne Technik die Entfernungen verk\u00fcrzt hat.<\/li>\n<li style=\"font-weight: 400;\" aria-level=\"1\">Kn\u00fcpfen Sie Kontakte zu Menschen mit \u00e4hnlichen Interessen: Wenn Sie ein wenig suchen, werden Sie sicher auf zahlreiche Social-Networking-Sites mit verschiedenen Kategorien sto\u00dfen. Sie erm\u00f6glichen Ihnen <a href=\"https:\/\/strangercam.com\/de\/only2chat\/\">zu chatten<\/a> je nach Ihren spezifischen Interessen. Dazu geh\u00f6ren auch Sportforen, Sammlerforen, Heimwerkerforen, Wirtschaftsforen usw. Die Liste ist schier endlos und die M\u00f6glichkeiten sind es auch. Sie k\u00f6nnen je nach Ihrer aktuellen Stimmung w\u00e4hlen.<\/li>\n<\/ul>\n<p>Verbindung herstellen mit <b>chateasy<\/b> erm\u00f6glicht es Ihnen, neue Kenntnisse, Techniken und Informationen zu erlangen, die Sie interessieren.<\/p>","protected":false},"excerpt":{"rendered":"<p>What benefits are the benefits and features of Chateasy? The advent of high speed internet and numerous chatting portals have completely changed how people interact with one another. These days, people can be seen to be busier with their smartphones charting with others. Online chatting does offer numerous benefits. It allows you to come across [&hellip;]<\/p>\n","protected":false},"author":6,"featured_media":559,"parent":0,"menu_order":0,"comment_status":"closed","ping_status":"closed","template":"","meta":{"footnotes":""},"class_list":["post-7627","page","type-page","status-publish","has-post-thumbnail","hentry"],"yoast_head":"<!-- This site is optimized with the Yoast SEO plugin v27.4 - https:\/\/yoast.com\/product\/yoast-seo-wordpress\/ -->\n<title>Chateasy - Anonymous Chat For Two - Cam on StrangerCam.com<\/title>\n<meta name=\"description\" content=\"Like Chateasy? Come chat with more than 5.000.000 strangers on Stranger Cam for Free! Turn on your cam and find new friends &amp; maby a match!\" \/>\n<meta name=\"robots\" content=\"index, follow, max-snippet:-1, max-image-preview:large, max-video-preview:-1\" \/>\n<link rel=\"canonical\" href=\"https:\/\/strangercam.com\/de\/chateasy\/\" \/>\n<meta property=\"og:locale\" content=\"de_DE\" \/>\n<meta property=\"og:type\" content=\"article\" \/>\n<meta property=\"og:title\" content=\"Chateasy - Anonymous Chat For Two - Cam on StrangerCam.com\" \/>\n<meta property=\"og:description\" content=\"Like Chateasy? Come chat with more than 5.000.000 strangers on Stranger Cam for Free! Turn on your cam and find new friends &amp; maby a match!\" \/>\n<meta property=\"og:url\" content=\"https:\/\/strangercam.com\/de\/chateasy\/\" \/>\n<meta property=\"og:site_name\" content=\"Strangercam\" \/>\n<meta property=\"article:publisher\" content=\"https:\/\/www.facebook.com\/strangercam\" \/>\n<meta property=\"article:modified_time\" content=\"2023-08-21T09:40:39+00:00\" \/>\n<meta property=\"og:image\" content=\"https:\/\/strangercam.com\/wp-content\/uploads\/2020\/11\/stranger-cam-1.png\" \/>\n\t<meta property=\"og:image:width\" content=\"800\" \/>\n\t<meta property=\"og:image:height\" content=\"800\" \/>\n\t<meta property=\"og:image:type\" content=\"image\/png\" \/>\n<meta name=\"twitter:card\" content=\"summary_large_image\" \/>\n<meta name=\"twitter:site\" content=\"@strangercamapp\" \/>\n<meta name=\"twitter:label1\" content=\"Gesch\u00e4tzte Lesezeit\" \/>\n\t<meta name=\"twitter:data1\" content=\"2\u00a0Minuten\" \/>\n<script type=\"application\/ld+json\" class=\"yoast-schema-graph\">{\"@context\":\"https:\\\/\\\/schema.org\",\"@graph\":[{\"@type\":\"WebPage\",\"@id\":\"https:\\\/\\\/strangercam.com\\\/chateasy\\\/\",\"url\":\"https:\\\/\\\/strangercam.com\\\/chateasy\\\/\",\"name\":\"Chateasy - Anonymous Chat For Two - Cam on StrangerCam.com\",\"isPartOf\":{\"@id\":\"https:\\\/\\\/strangercam.com\\\/#website\"},\"primaryImageOfPage\":{\"@id\":\"https:\\\/\\\/strangercam.com\\\/chateasy\\\/#primaryimage\"},\"image\":{\"@id\":\"https:\\\/\\\/strangercam.com\\\/chateasy\\\/#primaryimage\"},\"thumbnailUrl\":\"https:\\\/\\\/strangercam.com\\\/wp-content\\\/uploads\\\/2020\\\/11\\\/stranger-cam-1.png\",\"datePublished\":\"2021-09-09T12:07:26+00:00\",\"dateModified\":\"2023-08-21T09:40:39+00:00\",\"description\":\"Like Chateasy? Come chat with more than 5.000.000 strangers on Stranger Cam for Free! Turn on your cam and find new friends & maby a match!\",\"breadcrumb\":{\"@id\":\"https:\\\/\\\/strangercam.com\\\/chateasy\\\/#breadcrumb\"},\"inLanguage\":\"de\",\"potentialAction\":[{\"@type\":\"ReadAction\",\"target\":[\"https:\\\/\\\/strangercam.com\\\/chateasy\\\/\"]}]},{\"@type\":\"ImageObject\",\"inLanguage\":\"de\",\"@id\":\"https:\\\/\\\/strangercam.com\\\/chateasy\\\/#primaryimage\",\"url\":\"https:\\\/\\\/strangercam.com\\\/wp-content\\\/uploads\\\/2020\\\/11\\\/stranger-cam-1.png\",\"contentUrl\":\"https:\\\/\\\/strangercam.com\\\/wp-content\\\/uploads\\\/2020\\\/11\\\/stranger-cam-1.png\",\"width\":800,\"height\":800,\"caption\":\"stranger cam random video chat\"},{\"@type\":\"BreadcrumbList\",\"@id\":\"https:\\\/\\\/strangercam.com\\\/chateasy\\\/#breadcrumb\",\"itemListElement\":[{\"@type\":\"ListItem\",\"position\":1,\"name\":\"Home\",\"item\":\"https:\\\/\\\/strangercam.com\\\/\"},{\"@type\":\"ListItem\",\"position\":2,\"name\":\"Chateasy\"}]},{\"@type\":\"WebSite\",\"@id\":\"https:\\\/\\\/strangercam.com\\\/#website\",\"url\":\"https:\\\/\\\/strangercam.com\\\/\",\"name\":\"Strangercam\",\"description\":\"Random Video Chat with Strangers\",\"publisher\":{\"@id\":\"https:\\\/\\\/strangercam.com\\\/#organization\"},\"alternateName\":\"Strangercam.com\",\"potentialAction\":[{\"@type\":\"SearchAction\",\"target\":{\"@type\":\"EntryPoint\",\"urlTemplate\":\"https:\\\/\\\/strangercam.com\\\/?s={search_term_string}\"},\"query-input\":{\"@type\":\"PropertyValueSpecification\",\"valueRequired\":true,\"valueName\":\"search_term_string\"}}],\"inLanguage\":\"de\"},{\"@type\":\"Organization\",\"@id\":\"https:\\\/\\\/strangercam.com\\\/#organization\",\"name\":\"Strangercam\",\"alternateName\":\"Strangercam.com\",\"url\":\"https:\\\/\\\/strangercam.com\\\/\",\"logo\":{\"@type\":\"ImageObject\",\"inLanguage\":\"de\",\"@id\":\"https:\\\/\\\/strangercam.com\\\/#\\\/schema\\\/logo\\\/image\\\/\",\"url\":\"https:\\\/\\\/strangercam.com\\\/wp-content\\\/uploads\\\/2020\\\/11\\\/cropped-new-favicon-black.png\",\"contentUrl\":\"https:\\\/\\\/strangercam.com\\\/wp-content\\\/uploads\\\/2020\\\/11\\\/cropped-new-favicon-black.png\",\"width\":512,\"height\":512,\"caption\":\"Strangercam\"},\"image\":{\"@id\":\"https:\\\/\\\/strangercam.com\\\/#\\\/schema\\\/logo\\\/image\\\/\"},\"sameAs\":[\"https:\\\/\\\/www.facebook.com\\\/strangercam\",\"https:\\\/\\\/x.com\\\/strangercamapp\"]}]}<\/script>\n<!-- \/ Yoast SEO plugin. -->","yoast_head_json":{"title":"Chateasy - Anonymer Chat f\u00fcr zwei - Cam auf StrangerCam.com","description":"Gef\u00e4llt dir Chateasy? Komm und chatte mit mehr als 5.000.000 Fremden auf Stranger Cam kostenlos! Schalte deine Kamera ein und finde neue Freunde und vielleicht einen Partner!","robots":{"index":"index","follow":"follow","max-snippet":"max-snippet:-1","max-image-preview":"max-image-preview:large","max-video-preview":"max-video-preview:-1"},"canonical":"https:\/\/strangercam.com\/de\/chateasy\/","og_locale":"de_DE","og_type":"article","og_title":"Chateasy - Anonymous Chat For Two - Cam on StrangerCam.com","og_description":"Like Chateasy? Come chat with more than 5.000.000 strangers on Stranger Cam for Free! Turn on your cam and find new friends & maby a match!","og_url":"https:\/\/strangercam.com\/de\/chateasy\/","og_site_name":"Strangercam","article_publisher":"https:\/\/www.facebook.com\/strangercam","article_modified_time":"2023-08-21T09:40:39+00:00","og_image":[{"width":800,"height":800,"url":"https:\/\/strangercam.com\/wp-content\/uploads\/2020\/11\/stranger-cam-1.png","type":"image\/png"}],"twitter_card":"summary_large_image","twitter_site":"@strangercamapp","twitter_misc":{"Gesch\u00e4tzte Lesezeit":"2\u00a0Minuten"},"schema":{"@context":"https:\/\/schema.org","@graph":[{"@type":"WebPage","@id":"https:\/\/strangercam.com\/chateasy\/","url":"https:\/\/strangercam.com\/chateasy\/","name":"Chateasy - Anonymer Chat f\u00fcr zwei - Cam auf StrangerCam.com","isPartOf":{"@id":"https:\/\/strangercam.com\/#website"},"primaryImageOfPage":{"@id":"https:\/\/strangercam.com\/chateasy\/#primaryimage"},"image":{"@id":"https:\/\/strangercam.com\/chateasy\/#primaryimage"},"thumbnailUrl":"https:\/\/strangercam.com\/wp-content\/uploads\/2020\/11\/stranger-cam-1.png","datePublished":"2021-09-09T12:07:26+00:00","dateModified":"2023-08-21T09:40:39+00:00","description":"Gef\u00e4llt dir Chateasy? Komm und chatte mit mehr als 5.000.000 Fremden auf Stranger Cam kostenlos! Schalte deine Kamera ein und finde neue Freunde und vielleicht einen Partner!","breadcrumb":{"@id":"https:\/\/strangercam.com\/chateasy\/#breadcrumb"},"inLanguage":"de","potentialAction":[{"@type":"ReadAction","target":["https:\/\/strangercam.com\/chateasy\/"]}]},{"@type":"ImageObject","inLanguage":"de","@id":"https:\/\/strangercam.com\/chateasy\/#primaryimage","url":"https:\/\/strangercam.com\/wp-content\/uploads\/2020\/11\/stranger-cam-1.png","contentUrl":"https:\/\/strangercam.com\/wp-content\/uploads\/2020\/11\/stranger-cam-1.png","width":800,"height":800,"caption":"stranger cam random video chat"},{"@type":"BreadcrumbList","@id":"https:\/\/strangercam.com\/chateasy\/#breadcrumb","itemListElement":[{"@type":"ListItem","position":1,"name":"Home","item":"https:\/\/strangercam.com\/"},{"@type":"ListItem","position":2,"name":"Chateasy"}]},{"@type":"WebSite","@id":"https:\/\/strangercam.com\/#website","url":"https:\/\/strangercam.com\/","name":"Strangercam","description":"Zuf\u00e4lliger Video-Chat mit Fremden","publisher":{"@id":"https:\/\/strangercam.com\/#organization"},"alternateName":"Strangercam.com","potentialAction":[{"@type":"SearchAction","target":{"@type":"EntryPoint","urlTemplate":"https:\/\/strangercam.com\/?s={search_term_string}"},"query-input":{"@type":"PropertyValueSpecification","valueRequired":true,"valueName":"search_term_string"}}],"inLanguage":"de"},{"@type":"Organization","@id":"https:\/\/strangercam.com\/#organization","name":"Strangercam","alternateName":"Strangercam.com","url":"https:\/\/strangercam.com\/","logo":{"@type":"ImageObject","inLanguage":"de","@id":"https:\/\/strangercam.com\/#\/schema\/logo\/image\/","url":"https:\/\/strangercam.com\/wp-content\/uploads\/2020\/11\/cropped-new-favicon-black.png","contentUrl":"https:\/\/strangercam.com\/wp-content\/uploads\/2020\/11\/cropped-new-favicon-black.png","width":512,"height":512,"caption":"Strangercam"},"image":{"@id":"https:\/\/strangercam.com\/#\/schema\/logo\/image\/"},"sameAs":["https:\/\/www.facebook.com\/strangercam","https:\/\/x.com\/strangercamapp"]}]}},"_links":{"self":[{"href":"https:\/\/strangercam.com\/de\/wp-json\/wp\/v2\/pages\/7627","targetHints":{"allow":["GET"]}}],"collection":[{"href":"https:\/\/strangercam.com\/de\/wp-json\/wp\/v2\/pages"}],"about":[{"href":"https:\/\/strangercam.com\/de\/wp-json\/wp\/v2\/types\/page"}],"author":[{"embeddable":true,"href":"https:\/\/strangercam.com\/de\/wp-json\/wp\/v2\/users\/6"}],"replies":[{"embeddable":true,"href":"https:\/\/strangercam.com\/de\/wp-json\/wp\/v2\/comments?post=7627"}],"version-history":[{"count":0,"href":"https:\/\/strangercam.com\/de\/wp-json\/wp\/v2\/pages\/7627\/revisions"}],"wp:featuredmedia":[{"embeddable":true,"href":"https:\/\/strangercam.com\/de\/wp-json\/wp\/v2\/media\/559"}],"wp:attachment":[{"href":"https:\/\/strangercam.com\/de\/wp-json\/wp\/v2\/media?parent=7627"}],"curies":[{"name":"wp","href":"https:\/\/api.w.org\/{rel}","templated":true}]}}