{"id":5249,"date":"2021-06-20T14:45:11","date_gmt":"2021-06-20T12:45:11","guid":{"rendered":"https:\/\/strangercam.com\/?page_id=5249"},"modified":"2023-08-21T12:24:41","modified_gmt":"2023-08-21T10:24:41","slug":"chatogo","status":"publish","type":"page","link":"https:\/\/strangercam.com\/de\/chatogo\/","title":{"rendered":"Chatogo"},"content":{"rendered":"<p>Obwohl <b>chatogo<\/b> ist eine textbasierte Website, die etwas Interessantes und Einzigartiges bietet. Sie erm\u00f6glicht es Ihnen, mit anderen Gleichgesinnten aus der ganzen Welt in Kontakt zu treten. Diese Seite schafft es, alte Schule zu mischen <a href=\"https:\/\/strangercam.com\/de\/chatroulette\/\">Chat<\/a> Website mit der Einfachheit der neuesten Social-Media-Anwendungen. Es ist eine wunderbare Plattform <a href=\"https:\/\/strangercam.com\/de\/only2chat\/\">zu chatten<\/a> mit v\u00f6llig Fremden sowie mit Ihrem Publikum in Verbindung zu treten. Wenn Sie ein Gesch\u00e4ftsmann sind, k\u00f6nnen Sie Ihren beruflichen\/pers\u00f6nlichen Website-Verkehr leicht erh\u00f6hen. Diese Chat-Site verspricht ihren Nutzern viel und ist voll von potenziellen Vorteilen. Sie hat Millionen von aktiven Nutzern aus der ganzen Welt.<\/p>\n<h2>Wie man sich bei chatogo anmeldet<\/h2>\n<p>Die Anmeldung auf dieser Website ist einfach und schnell und dauert nur etwa eine halbe Minute. Eine E-Mail-Verifizierung oder Facebook-Registrierung ist nicht erforderlich. Au\u00dferdem ist die Anmeldung nicht mit Kosten verbunden. Die Einfachheit der Anmeldung macht die Seite zum Spitzenreiter unter den Anbietern. Sie werden sehr schnell ein registriertes Mitglied. Sie k\u00f6nnen es problemlos auf Ihren Computer oder Ihr Mobiltelefon herunterladen.<\/p>\n<h3>Wie man chatogo benutzt<\/h3>\n<p>Mit dieser Website k\u00f6nnen Sie m\u00fchelos Chatr\u00e4ume einrichten und mit vielen Fremden aus der ganzen Welt chatten. Seine Kompatibilit\u00e4t und \u00dcbertragbarkeit mit anderen Websites, einschlie\u00dflich Social-Media-Plattformen, ist das, was diese <a href=\"https:\/\/strangercam.com\/de\/1v1-chat\/\">eine<\/a> einzigartig. Sie k\u00f6nnen auch das Aussehen, die Schriftart, die Gr\u00f6\u00dfe und das Farbschema an Ihre speziellen Bed\u00fcrfnisse und Stimmungen anpassen. Sie k\u00f6nnen auch eine begrenzte Anzahl von Nachrichten pro Person festlegen, um einen lesbaren Chatverlauf zu gew\u00e4hrleisten. Sie m\u00fcssen den Chatraum nur in Ihre gew\u00fcnschte Website einbetten. Kopieren Sie den HTML-Code der Gruppe und f\u00fcgen Sie ihn in Ihre Website ein.<\/p>\n<h3>Was sind die Vor- und Nachteile von chatogo<\/h3>\n<p>Sie k\u00f6nnen ganz einfach \u00f6ffentliche oder private Chatr\u00e4ume auf Ihrer gesch\u00e4ftlichen oder pers\u00f6nlichen Website einbetten. Diese Chatseite ist mit verschiedenen Social-Media-Plattformen kompatibel und auch portabel. Sie sind <a href=\"https:\/\/strangercam.com\/de\/chat4free\/\">kostenlos<\/a> Chat-R\u00e4ume f\u00fcr Gruppen zu erstellen und sie nach Wunsch zu personalisieren. Sie haben die M\u00f6glichkeit, bestimmte W\u00f6rter und unerw\u00fcnschte Mitglieder zu blockieren. Es gibt eine herunterladbare Funktion wie MessageCatcher f\u00fcr Windows OS, um wichtige Nachrichten zu erhalten, wenn Sie online sind. Die einfache Zug\u00e4nglichkeit ist eine weitere interessante Funktion dieser Website. Die Registrierung, die Aktualisierung des Lebenslaufs, das Hochladen des Profilbildes und die Nachrichten\u00fcbermittlung sind v\u00f6llig kostenlos. Aber der Nachteil ist, dass es meist verwendet wird, um Unternehmen zu f\u00f6rdern und nicht viel von romantischen <a href=\"https:\/\/strangercam.com\/de\/chatingly\/\">Chats<\/a>. Das Design der App, insbesondere der Website, kann f\u00fcr manche ein Problem darstellen.<\/p>","protected":false},"excerpt":{"rendered":"<p>Although chatogo is a text-based site, it offers something interesting and unique. It allows you to connect with other likeminded people from across the globe. This site manages to blend old school chat website simplicity with that of the latest social media apps. It is a wonderful platform to chat with complete strangers as well [&hellip;]<\/p>\n","protected":false},"author":6,"featured_media":559,"parent":0,"menu_order":0,"comment_status":"closed","ping_status":"closed","template":"","meta":{"footnotes":""},"class_list":["post-5249","page","type-page","status-publish","has-post-thumbnail","hentry"],"yoast_head":"<!-- This site is optimized with the Yoast SEO plugin v27.4 - https:\/\/yoast.com\/product\/yoast-seo-wordpress\/ -->\n<title>Chatogo - Free Random Chat Rooms - Cam on StrangerCam.com<\/title>\n<meta name=\"description\" content=\"Like Chatogo? Come chat with more than 5.000.000 strangers on Stranger Cam for Free! Turn on your cam and find new friends &amp; maby a match!\" \/>\n<meta name=\"robots\" content=\"index, follow, max-snippet:-1, max-image-preview:large, max-video-preview:-1\" \/>\n<link rel=\"canonical\" href=\"https:\/\/strangercam.com\/de\/chatogo\/\" \/>\n<meta property=\"og:locale\" content=\"de_DE\" \/>\n<meta property=\"og:type\" content=\"article\" \/>\n<meta property=\"og:title\" content=\"Chatogo - Free Random Chat Rooms - Cam on StrangerCam.com\" \/>\n<meta property=\"og:description\" content=\"Like Chatogo? Come chat with more than 5.000.000 strangers on Stranger Cam for Free! Turn on your cam and find new friends &amp; maby a match!\" \/>\n<meta property=\"og:url\" content=\"https:\/\/strangercam.com\/de\/chatogo\/\" \/>\n<meta property=\"og:site_name\" content=\"Strangercam\" \/>\n<meta property=\"article:publisher\" content=\"https:\/\/www.facebook.com\/strangercam\" \/>\n<meta property=\"article:modified_time\" content=\"2023-08-21T10:24:41+00:00\" \/>\n<meta property=\"og:image\" content=\"https:\/\/strangercam.com\/wp-content\/uploads\/2020\/11\/stranger-cam-1.png\" \/>\n\t<meta property=\"og:image:width\" content=\"800\" \/>\n\t<meta property=\"og:image:height\" content=\"800\" \/>\n\t<meta property=\"og:image:type\" content=\"image\/png\" \/>\n<meta name=\"twitter:card\" content=\"summary_large_image\" \/>\n<meta name=\"twitter:site\" content=\"@strangercamapp\" \/>\n<meta name=\"twitter:label1\" content=\"Gesch\u00e4tzte Lesezeit\" \/>\n\t<meta name=\"twitter:data1\" content=\"2\u00a0Minuten\" \/>\n<script type=\"application\/ld+json\" class=\"yoast-schema-graph\">{\"@context\":\"https:\\\/\\\/schema.org\",\"@graph\":[{\"@type\":\"WebPage\",\"@id\":\"https:\\\/\\\/strangercam.com\\\/chatogo\\\/\",\"url\":\"https:\\\/\\\/strangercam.com\\\/chatogo\\\/\",\"name\":\"Chatogo - Free Random Chat Rooms - Cam on StrangerCam.com\",\"isPartOf\":{\"@id\":\"https:\\\/\\\/strangercam.com\\\/#website\"},\"primaryImageOfPage\":{\"@id\":\"https:\\\/\\\/strangercam.com\\\/chatogo\\\/#primaryimage\"},\"image\":{\"@id\":\"https:\\\/\\\/strangercam.com\\\/chatogo\\\/#primaryimage\"},\"thumbnailUrl\":\"https:\\\/\\\/strangercam.com\\\/wp-content\\\/uploads\\\/2020\\\/11\\\/stranger-cam-1.png\",\"datePublished\":\"2021-06-20T12:45:11+00:00\",\"dateModified\":\"2023-08-21T10:24:41+00:00\",\"description\":\"Like Chatogo? Come chat with more than 5.000.000 strangers on Stranger Cam for Free! Turn on your cam and find new friends & maby a match!\",\"breadcrumb\":{\"@id\":\"https:\\\/\\\/strangercam.com\\\/chatogo\\\/#breadcrumb\"},\"inLanguage\":\"de\",\"potentialAction\":[{\"@type\":\"ReadAction\",\"target\":[\"https:\\\/\\\/strangercam.com\\\/chatogo\\\/\"]}]},{\"@type\":\"ImageObject\",\"inLanguage\":\"de\",\"@id\":\"https:\\\/\\\/strangercam.com\\\/chatogo\\\/#primaryimage\",\"url\":\"https:\\\/\\\/strangercam.com\\\/wp-content\\\/uploads\\\/2020\\\/11\\\/stranger-cam-1.png\",\"contentUrl\":\"https:\\\/\\\/strangercam.com\\\/wp-content\\\/uploads\\\/2020\\\/11\\\/stranger-cam-1.png\",\"width\":800,\"height\":800,\"caption\":\"stranger cam random video chat\"},{\"@type\":\"BreadcrumbList\",\"@id\":\"https:\\\/\\\/strangercam.com\\\/chatogo\\\/#breadcrumb\",\"itemListElement\":[{\"@type\":\"ListItem\",\"position\":1,\"name\":\"Home\",\"item\":\"https:\\\/\\\/strangercam.com\\\/\"},{\"@type\":\"ListItem\",\"position\":2,\"name\":\"Chatogo\"}]},{\"@type\":\"WebSite\",\"@id\":\"https:\\\/\\\/strangercam.com\\\/#website\",\"url\":\"https:\\\/\\\/strangercam.com\\\/\",\"name\":\"Strangercam\",\"description\":\"Random Video Chat with Strangers\",\"publisher\":{\"@id\":\"https:\\\/\\\/strangercam.com\\\/#organization\"},\"alternateName\":\"Strangercam.com\",\"potentialAction\":[{\"@type\":\"SearchAction\",\"target\":{\"@type\":\"EntryPoint\",\"urlTemplate\":\"https:\\\/\\\/strangercam.com\\\/?s={search_term_string}\"},\"query-input\":{\"@type\":\"PropertyValueSpecification\",\"valueRequired\":true,\"valueName\":\"search_term_string\"}}],\"inLanguage\":\"de\"},{\"@type\":\"Organization\",\"@id\":\"https:\\\/\\\/strangercam.com\\\/#organization\",\"name\":\"Strangercam\",\"alternateName\":\"Strangercam.com\",\"url\":\"https:\\\/\\\/strangercam.com\\\/\",\"logo\":{\"@type\":\"ImageObject\",\"inLanguage\":\"de\",\"@id\":\"https:\\\/\\\/strangercam.com\\\/#\\\/schema\\\/logo\\\/image\\\/\",\"url\":\"https:\\\/\\\/strangercam.com\\\/wp-content\\\/uploads\\\/2020\\\/11\\\/cropped-new-favicon-black.png\",\"contentUrl\":\"https:\\\/\\\/strangercam.com\\\/wp-content\\\/uploads\\\/2020\\\/11\\\/cropped-new-favicon-black.png\",\"width\":512,\"height\":512,\"caption\":\"Strangercam\"},\"image\":{\"@id\":\"https:\\\/\\\/strangercam.com\\\/#\\\/schema\\\/logo\\\/image\\\/\"},\"sameAs\":[\"https:\\\/\\\/www.facebook.com\\\/strangercam\",\"https:\\\/\\\/x.com\\\/strangercamapp\"]}]}<\/script>\n<!-- \/ Yoast SEO plugin. -->","yoast_head_json":{"title":"Chatogo - Free Random Chat Rooms - Cam auf StrangerCam.com","description":"Gef\u00e4llt dir Chatogo? Komm und chatte mit mehr als 5.000.000 Fremden auf Stranger Cam kostenlos! Schalte deine Kamera ein und finde neue Freunde und vielleicht einen Partner!","robots":{"index":"index","follow":"follow","max-snippet":"max-snippet:-1","max-image-preview":"max-image-preview:large","max-video-preview":"max-video-preview:-1"},"canonical":"https:\/\/strangercam.com\/de\/chatogo\/","og_locale":"de_DE","og_type":"article","og_title":"Chatogo - Free Random Chat Rooms - Cam on StrangerCam.com","og_description":"Like Chatogo? Come chat with more than 5.000.000 strangers on Stranger Cam for Free! Turn on your cam and find new friends & maby a match!","og_url":"https:\/\/strangercam.com\/de\/chatogo\/","og_site_name":"Strangercam","article_publisher":"https:\/\/www.facebook.com\/strangercam","article_modified_time":"2023-08-21T10:24:41+00:00","og_image":[{"width":800,"height":800,"url":"https:\/\/strangercam.com\/wp-content\/uploads\/2020\/11\/stranger-cam-1.png","type":"image\/png"}],"twitter_card":"summary_large_image","twitter_site":"@strangercamapp","twitter_misc":{"Gesch\u00e4tzte Lesezeit":"2\u00a0Minuten"},"schema":{"@context":"https:\/\/schema.org","@graph":[{"@type":"WebPage","@id":"https:\/\/strangercam.com\/chatogo\/","url":"https:\/\/strangercam.com\/chatogo\/","name":"Chatogo - Free Random Chat Rooms - Cam auf StrangerCam.com","isPartOf":{"@id":"https:\/\/strangercam.com\/#website"},"primaryImageOfPage":{"@id":"https:\/\/strangercam.com\/chatogo\/#primaryimage"},"image":{"@id":"https:\/\/strangercam.com\/chatogo\/#primaryimage"},"thumbnailUrl":"https:\/\/strangercam.com\/wp-content\/uploads\/2020\/11\/stranger-cam-1.png","datePublished":"2021-06-20T12:45:11+00:00","dateModified":"2023-08-21T10:24:41+00:00","description":"Gef\u00e4llt dir Chatogo? Komm und chatte mit mehr als 5.000.000 Fremden auf Stranger Cam kostenlos! Schalte deine Kamera ein und finde neue Freunde und vielleicht einen Partner!","breadcrumb":{"@id":"https:\/\/strangercam.com\/chatogo\/#breadcrumb"},"inLanguage":"de","potentialAction":[{"@type":"ReadAction","target":["https:\/\/strangercam.com\/chatogo\/"]}]},{"@type":"ImageObject","inLanguage":"de","@id":"https:\/\/strangercam.com\/chatogo\/#primaryimage","url":"https:\/\/strangercam.com\/wp-content\/uploads\/2020\/11\/stranger-cam-1.png","contentUrl":"https:\/\/strangercam.com\/wp-content\/uploads\/2020\/11\/stranger-cam-1.png","width":800,"height":800,"caption":"stranger cam random video chat"},{"@type":"BreadcrumbList","@id":"https:\/\/strangercam.com\/chatogo\/#breadcrumb","itemListElement":[{"@type":"ListItem","position":1,"name":"Home","item":"https:\/\/strangercam.com\/"},{"@type":"ListItem","position":2,"name":"Chatogo"}]},{"@type":"WebSite","@id":"https:\/\/strangercam.com\/#website","url":"https:\/\/strangercam.com\/","name":"Strangercam","description":"Zuf\u00e4lliger Video-Chat mit Fremden","publisher":{"@id":"https:\/\/strangercam.com\/#organization"},"alternateName":"Strangercam.com","potentialAction":[{"@type":"SearchAction","target":{"@type":"EntryPoint","urlTemplate":"https:\/\/strangercam.com\/?s={search_term_string}"},"query-input":{"@type":"PropertyValueSpecification","valueRequired":true,"valueName":"search_term_string"}}],"inLanguage":"de"},{"@type":"Organization","@id":"https:\/\/strangercam.com\/#organization","name":"Strangercam","alternateName":"Strangercam.com","url":"https:\/\/strangercam.com\/","logo":{"@type":"ImageObject","inLanguage":"de","@id":"https:\/\/strangercam.com\/#\/schema\/logo\/image\/","url":"https:\/\/strangercam.com\/wp-content\/uploads\/2020\/11\/cropped-new-favicon-black.png","contentUrl":"https:\/\/strangercam.com\/wp-content\/uploads\/2020\/11\/cropped-new-favicon-black.png","width":512,"height":512,"caption":"Strangercam"},"image":{"@id":"https:\/\/strangercam.com\/#\/schema\/logo\/image\/"},"sameAs":["https:\/\/www.facebook.com\/strangercam","https:\/\/x.com\/strangercamapp"]}]}},"_links":{"self":[{"href":"https:\/\/strangercam.com\/de\/wp-json\/wp\/v2\/pages\/5249","targetHints":{"allow":["GET"]}}],"collection":[{"href":"https:\/\/strangercam.com\/de\/wp-json\/wp\/v2\/pages"}],"about":[{"href":"https:\/\/strangercam.com\/de\/wp-json\/wp\/v2\/types\/page"}],"author":[{"embeddable":true,"href":"https:\/\/strangercam.com\/de\/wp-json\/wp\/v2\/users\/6"}],"replies":[{"embeddable":true,"href":"https:\/\/strangercam.com\/de\/wp-json\/wp\/v2\/comments?post=5249"}],"version-history":[{"count":0,"href":"https:\/\/strangercam.com\/de\/wp-json\/wp\/v2\/pages\/5249\/revisions"}],"wp:featuredmedia":[{"embeddable":true,"href":"https:\/\/strangercam.com\/de\/wp-json\/wp\/v2\/media\/559"}],"wp:attachment":[{"href":"https:\/\/strangercam.com\/de\/wp-json\/wp\/v2\/media?parent=5249"}],"curies":[{"name":"wp","href":"https:\/\/api.w.org\/{rel}","templated":true}]}}